{"id":987,"date":"2023-02-14T11:29:01","date_gmt":"2023-02-14T09:29:01","guid":{"rendered":"https:\/\/yupie.hu\/?post_type=product&#038;p=987"},"modified":"2026-02-08T08:17:01","modified_gmt":"2026-02-08T06:17:01","slug":"pesthidegkut-csizmadia-margit-vaza-tortenelmi-darab","status":"publish","type":"product","link":"https:\/\/yupie.app\/ro\/product\/pesthidegkut-csizmadia-margit-vaza-tortenelmi-darab\/","title":{"rendered":"Pesthidegk\u00fati ker\u00e1mia v\u00e1za \u2013 Csizmadia Margit st\u00edlus\u00e1ban, t\u00f6rt\u00e9nelmi magyar d\u00edszt\u00e1rgy"},"content":{"rendered":"<p data-start=\"1106\" data-end=\"1375\">Ez a <strong data-start=\"1111\" data-end=\"1141\">pesthidegk\u00fati ker\u00e1mia v\u00e1za<\/strong> a magyar k\u00e9zm\u0171ves ker\u00e1miam\u0171v\u00e9szet egy k\u00fcl\u00f6nleges id\u0151szak\u00e1t id\u00e9zi meg. Formavil\u00e1ga, fel\u00fcletkezel\u00e9se \u00e9s ar\u00e1nyai er\u0151sen k\u00f6t\u0151dnek <strong data-start=\"1268\" data-end=\"1288\">Csizmadia Margit<\/strong> munk\u00e1ss\u00e1g\u00e1hoz, aki a 20. sz\u00e1zadi magyar ker\u00e1miam\u0171v\u00e9szet egyik meghat\u00e1roz\u00f3 alakja volt.<\/p>\n<p data-start=\"1377\" data-end=\"1642\">A darab nem csup\u00e1n dekor\u00e1ci\u00f3, hanem <strong data-start=\"1413\" data-end=\"1456\">kult\u00fart\u00f6rt\u00e9neti \u00e9rt\u00e9ket hordoz\u00f3 m\u0171t\u00e1rgy<\/strong>. A pesthidegk\u00fati m\u0171helyek term\u00e9kei kis sz\u00e9ri\u00e1ban, k\u00e9zzel k\u00e9sz\u00fcltek, ez\u00e9rt minden egyes p\u00e9ld\u00e1ny egyedi karakterrel rendelkezik. Ez az egyedis\u00e9g az, ami hossz\u00fa t\u00e1von is \u00e9rt\u00e9k\u00e1ll\u00f3v\u00e1 teszi.<\/p>\n<h3 data-start=\"1644\" data-end=\"1672\">\u00c9rt\u00e9kv\u00e9delem \u00e9s meg\u0151rz\u00e9s<\/h3>\n<p data-start=\"1673\" data-end=\"1737\">Az ilyen t\u00edpus\u00fa ker\u00e1mi\u00e1k \u00e9rt\u00e9k\u00e9nek meg\u0151rz\u00e9se \u00e9rdek\u00e9ben javasolt:<\/p>\n<ul data-start=\"1738\" data-end=\"1915\">\n<li data-start=\"1738\" data-end=\"1803\">\n<p data-start=\"1740\" data-end=\"1803\">k\u00f6zvetlen napf\u00e9nyt\u0151l \u00e9s hirtelen h\u0151m\u00e9rs\u00e9klet-v\u00e1ltoz\u00e1st\u00f3l \u00f3vni<\/p>\n<\/li>\n<li data-start=\"1804\" data-end=\"1869\">\n<p data-start=\"1806\" data-end=\"1869\">kiz\u00e1r\u00f3lag puha, sz\u00e1raz vagy enyh\u00e9n nedves kend\u0151vel tiszt\u00edtani<\/p>\n<\/li>\n<li data-start=\"1870\" data-end=\"1915\">\n<p data-start=\"1872\" data-end=\"1915\">vegyszereket \u00e9s s\u00farol\u00f3 eszk\u00f6z\u00f6ket ker\u00fclni<\/p>\n<\/li>\n<\/ul>\n<p data-start=\"1917\" data-end=\"2044\">Megfelel\u0151 gondoskod\u00e1s mellett ez a v\u00e1za <strong data-start=\"1957\" data-end=\"1981\">nem vesz\u00edt \u00e9rt\u00e9k\u00e9b\u0151l<\/strong>, s\u0151t a magyar m\u0171t\u00e1rgypiac fejl\u0151d\u00e9s\u00e9vel id\u0151vel fel\u00e9rt\u00e9kel\u0151dhet.<\/p>\n<h3 data-start=\"2046\" data-end=\"2073\">Mi\u00e9rt k\u00fcl\u00f6nleges darab?<\/h3>\n<ul data-start=\"2074\" data-end=\"2246\">\n<li data-start=\"2074\" data-end=\"2111\">\n<p data-start=\"2076\" data-end=\"2111\">K\u00e9zzel k\u00e9sz\u00fclt, nem t\u00f6meggy\u00e1rtott<\/p>\n<\/li>\n<li data-start=\"2112\" data-end=\"2152\">\n<p data-start=\"2114\" data-end=\"2152\">Magyar m\u0171v\u00e9szeti hagyom\u00e1nyt k\u00e9pvisel<\/p>\n<\/li>\n<li data-start=\"2153\" data-end=\"2202\">\n<p data-start=\"2155\" data-end=\"2202\">Gy\u0171jt\u0151k \u00e9s enteri\u0151rtervez\u0151k \u00e1ltal is keresett<\/p>\n<\/li>\n<li data-start=\"2203\" data-end=\"2246\">\n<p data-start=\"2205\" data-end=\"2246\">Egyszerre eszt\u00e9tikai \u00e9s befektet\u00e9si \u00e9rt\u00e9k<\/p>\n<\/li>\n<\/ul>\n<p data-start=\"2248\" data-end=\"2400\">Ez a v\u00e1za ide\u00e1lis v\u00e1laszt\u00e1s azok sz\u00e1m\u00e1ra, akik nem csup\u00e1n t\u00e1rgyat keresnek, hanem <strong data-start=\"2330\" data-end=\"2370\">t\u00f6rt\u00e9netet, \u00e9rt\u00e9ket \u00e9s id\u0151t\u00e1ll\u00f3s\u00e1got<\/strong> szeretn\u00e9nek vinni otthonukba.<\/p>","protected":false},"excerpt":{"rendered":"<p>A Pesthidegk\u00fat Csizmadia Margit v\u00e1za k\u00fcl\u00f6nleges jellemz\u0151je az eleg\u00e1ns vonalvezet\u00e9se, amely j\u00f3l illeszkedik a modern bels\u0151 t\u00e9rbe vagy a hagyom\u00e1nyosabb enteri\u0151rbe is. A v\u00e1za sz\u00ednei a term\u00e9szetb\u0151l mer\u00edtettek ihletet, narancss\u00e1rga \u00e9s fekete \u00f6rv\u00e9nyekkel, kr\u00e9m alapon sz\u00ednek domin\u00e1lnak rajta. Igen ritka v\u00e1za, ez\u00e9rt egy \u00e9rt\u00e9kes m\u0171t\u00e1rgy, amely kiemelked\u0151 helyet foglal el a magyar m\u0171v\u00e9szet t\u00f6rt\u00e9net\u00e9ben.Pesthidegk\u00fati, k\u00e9zzel k\u00e9sz\u00edtett ker\u00e1mia v\u00e1za Csizmadia Margit st\u00edlusjegyeivel. Ritka, t\u00f6rt\u00e9nelmi magyar d\u00edszt\u00e1rgy, amely egyszerre k\u00e9pvisel m\u0171v\u00e9szi \u00e9s befektet\u00e9si \u00e9rt\u00e9ket.<\/p>","protected":false},"featured_media":988,"template":"","meta":[],"product_brand":[],"product_cat":[53],"product_tag":[304,59,136,308,57,306,305,303,307,55],"class_list":{"0":"post-987","1":"product","2":"type-product","3":"status-publish","4":"has-post-thumbnail","6":"product_cat-vazak","7":"product_tag-csizmadia","8":"product_tag-dekoracio","9":"product_tag-egyedi","10":"product_tag-ertekes","11":"product_tag-keramia","12":"product_tag-kozep-szazad","13":"product_tag-margit","14":"product_tag-pesthidegkut","15":"product_tag-tortenelmi","16":"product_tag-vaza","17":"description-off","19":"first","20":"instock","21":"shipping-taxable","22":"purchasable","23":"product-type-simple"},"yoast_head":"<!-- This site is optimized with the Yoast SEO plugin v27.3 - https:\/\/yoast.com\/product\/yoast-seo-wordpress\/ -->\n<title>Pesthidegk\u00fati ker\u00e1mia v\u00e1za \u2013 Csizmadia Margit st\u00edlus\u00e1ban, t\u00f6rt\u00e9nelmi magyar d\u00edszt\u00e1rgy - yupie.app<\/title>\n<meta name=\"description\" content=\"Pesthidegk\u00fat Csizmadia Margit V\u00e1za egy monument\u00e1lis k\u00f6z\u00e9p sz\u00e1zadi magyar v\u00e1za, amely a modern m\u0171v\u00e9szet \u00e9s a hagyom\u00e1nyos magyar k\u00e9zm\u0171vess\u00e9g kiv\u00e1l\u00f3 p\u00e9ld\u00e1ja.\" \/>\n<meta name=\"robots\" content=\"index, follow, max-snippet:-1, max-image-preview:large, max-video-preview:-1\" \/>\n<link rel=\"canonical\" href=\"https:\/\/yupie.app\/ro\/product\/pesthidegkut-csizmadia-margit-vaza-tortenelmi-darab\/\" \/>\n<meta property=\"og:locale\" content=\"ro_RO\" \/>\n<meta property=\"og:type\" content=\"article\" \/>\n<meta property=\"og:title\" content=\"Pesthidegk\u00fati ker\u00e1mia v\u00e1za \u2013 Csizmadia Margit st\u00edlus\u00e1ban, t\u00f6rt\u00e9nelmi magyar d\u00edszt\u00e1rgy - yupie.app\" \/>\n<meta property=\"og:description\" content=\"Pesthidegk\u00fat Csizmadia Margit V\u00e1za egy monument\u00e1lis k\u00f6z\u00e9p sz\u00e1zadi magyar v\u00e1za, amely a modern m\u0171v\u00e9szet \u00e9s a hagyom\u00e1nyos magyar k\u00e9zm\u0171vess\u00e9g kiv\u00e1l\u00f3 p\u00e9ld\u00e1ja.\" \/>\n<meta property=\"og:url\" content=\"https:\/\/yupie.app\/ro\/product\/pesthidegkut-csizmadia-margit-vaza-tortenelmi-darab\/\" \/>\n<meta property=\"og:site_name\" content=\"yupie.app\" \/>\n<meta property=\"article:publisher\" content=\"https:\/\/www.facebook.com\/profile.php?id=100089345417295\" \/>\n<meta property=\"article:modified_time\" content=\"2026-02-08T06:17:01+00:00\" \/>\n<meta property=\"og:image\" content=\"https:\/\/yupie.app\/wp-content\/uploads\/2023\/02\/IMG_20220905_140804-scaled.jpg\" \/>\n\t<meta property=\"og:image:width\" content=\"1920\" \/>\n\t<meta property=\"og:image:height\" content=\"2560\" \/>\n\t<meta property=\"og:image:type\" content=\"image\/jpeg\" \/>\n<meta name=\"twitter:card\" content=\"summary_large_image\" \/>\n<meta name=\"twitter:label1\" content=\"Timp estimat pentru citire\" \/>\n\t<meta name=\"twitter:data1\" content=\"2 minute\" \/>\n<script type=\"application\/ld+json\" class=\"yoast-schema-graph\">{\"@context\":\"https:\\\/\\\/schema.org\",\"@graph\":[{\"@type\":\"WebPage\",\"@id\":\"https:\\\/\\\/yupie.app\\\/product\\\/pesthidegkut-csizmadia-margit-vaza-tortenelmi-darab\\\/\",\"url\":\"https:\\\/\\\/yupie.app\\\/product\\\/pesthidegkut-csizmadia-margit-vaza-tortenelmi-darab\\\/\",\"name\":\"Pesthidegk\u00fati ker\u00e1mia v\u00e1za \u2013 Csizmadia Margit st\u00edlus\u00e1ban, t\u00f6rt\u00e9nelmi magyar d\u00edszt\u00e1rgy - yupie.app\",\"isPartOf\":{\"@id\":\"https:\\\/\\\/yupie.app\\\/#website\"},\"primaryImageOfPage\":{\"@id\":\"https:\\\/\\\/yupie.app\\\/product\\\/pesthidegkut-csizmadia-margit-vaza-tortenelmi-darab\\\/#primaryimage\"},\"image\":{\"@id\":\"https:\\\/\\\/yupie.app\\\/product\\\/pesthidegkut-csizmadia-margit-vaza-tortenelmi-darab\\\/#primaryimage\"},\"thumbnailUrl\":\"https:\\\/\\\/yupie.app\\\/wp-content\\\/uploads\\\/2023\\\/02\\\/IMG_20220905_140804-scaled.jpg\",\"datePublished\":\"2023-02-14T09:29:01+00:00\",\"dateModified\":\"2026-02-08T06:17:01+00:00\",\"description\":\"Pesthidegk\u00fat Csizmadia Margit V\u00e1za egy monument\u00e1lis k\u00f6z\u00e9p sz\u00e1zadi magyar v\u00e1za, amely a modern m\u0171v\u00e9szet \u00e9s a hagyom\u00e1nyos magyar k\u00e9zm\u0171vess\u00e9g kiv\u00e1l\u00f3 p\u00e9ld\u00e1ja.\",\"breadcrumb\":{\"@id\":\"https:\\\/\\\/yupie.app\\\/product\\\/pesthidegkut-csizmadia-margit-vaza-tortenelmi-darab\\\/#breadcrumb\"},\"inLanguage\":\"ro-RO\",\"potentialAction\":[{\"@type\":\"ReadAction\",\"target\":[\"https:\\\/\\\/yupie.app\\\/product\\\/pesthidegkut-csizmadia-margit-vaza-tortenelmi-darab\\\/\"]}]},{\"@type\":\"ImageObject\",\"inLanguage\":\"ro-RO\",\"@id\":\"https:\\\/\\\/yupie.app\\\/product\\\/pesthidegkut-csizmadia-margit-vaza-tortenelmi-darab\\\/#primaryimage\",\"url\":\"https:\\\/\\\/yupie.app\\\/wp-content\\\/uploads\\\/2023\\\/02\\\/IMG_20220905_140804-scaled.jpg\",\"contentUrl\":\"https:\\\/\\\/yupie.app\\\/wp-content\\\/uploads\\\/2023\\\/02\\\/IMG_20220905_140804-scaled.jpg\",\"width\":1920,\"height\":2560,\"caption\":\"pesthidegk\u00fat csizmadia margit v\u00e1za egyedi t\u00f6rt\u00e9nelmi ker\u00e1mia m\u0171v\u00e9szi yupie\"},{\"@type\":\"BreadcrumbList\",\"@id\":\"https:\\\/\\\/yupie.app\\\/product\\\/pesthidegkut-csizmadia-margit-vaza-tortenelmi-darab\\\/#breadcrumb\",\"itemListElement\":[{\"@type\":\"ListItem\",\"position\":1,\"name\":\"Kezd\u0151lap\",\"item\":\"https:\\\/\\\/yupie.app\\\/\"},{\"@type\":\"ListItem\",\"position\":2,\"name\":\"Katal\u00f3gus\",\"item\":\"https:\\\/\\\/yupie.app\\\/katalogus\\\/\"},{\"@type\":\"ListItem\",\"position\":3,\"name\":\"Pesthidegk\u00fati ker\u00e1mia v\u00e1za \u2013 Csizmadia Margit st\u00edlus\u00e1ban, t\u00f6rt\u00e9nelmi magyar d\u00edszt\u00e1rgy\"}]},{\"@type\":\"WebSite\",\"@id\":\"https:\\\/\\\/yupie.app\\\/#website\",\"url\":\"https:\\\/\\\/yupie.app\\\/\",\"name\":\"yupie.app\",\"description\":\"\",\"publisher\":{\"@id\":\"https:\\\/\\\/yupie.app\\\/#organization\"},\"potentialAction\":[{\"@type\":\"SearchAction\",\"target\":{\"@type\":\"EntryPoint\",\"urlTemplate\":\"https:\\\/\\\/yupie.app\\\/?s={search_term_string}\"},\"query-input\":{\"@type\":\"PropertyValueSpecification\",\"valueRequired\":true,\"valueName\":\"search_term_string\"}}],\"inLanguage\":\"ro-RO\"},{\"@type\":\"Organization\",\"@id\":\"https:\\\/\\\/yupie.app\\\/#organization\",\"name\":\"yupie.app\",\"url\":\"https:\\\/\\\/yupie.app\\\/\",\"logo\":{\"@type\":\"ImageObject\",\"inLanguage\":\"ro-RO\",\"@id\":\"https:\\\/\\\/yupie.app\\\/#\\\/schema\\\/logo\\\/image\\\/\",\"url\":\"https:\\\/\\\/yupie.app\\\/wp-content\\\/uploads\\\/2025\\\/07\\\/cropped-uj-logo.png\",\"contentUrl\":\"https:\\\/\\\/yupie.app\\\/wp-content\\\/uploads\\\/2025\\\/07\\\/cropped-uj-logo.png\",\"width\":500,\"height\":208,\"caption\":\"yupie.app\"},\"image\":{\"@id\":\"https:\\\/\\\/yupie.app\\\/#\\\/schema\\\/logo\\\/image\\\/\"},\"sameAs\":[\"https:\\\/\\\/www.facebook.com\\\/profile.php?id=100089345417295\"]}]}<\/script>\n<!-- \/ Yoast SEO plugin. -->","yoast_head_json":{"title":"Pesthidegk\u00fati ker\u00e1mia v\u00e1za \u2013 Csizmadia Margit st\u00edlus\u00e1ban, t\u00f6rt\u00e9nelmi magyar d\u00edszt\u00e1rgy - yupie.app","description":"Pesthidegk\u00fat Csizmadia Margit V\u00e1za egy monument\u00e1lis k\u00f6z\u00e9p sz\u00e1zadi magyar v\u00e1za, amely a modern m\u0171v\u00e9szet \u00e9s a hagyom\u00e1nyos magyar k\u00e9zm\u0171vess\u00e9g kiv\u00e1l\u00f3 p\u00e9ld\u00e1ja.","robots":{"index":"index","follow":"follow","max-snippet":"max-snippet:-1","max-image-preview":"max-image-preview:large","max-video-preview":"max-video-preview:-1"},"canonical":"https:\/\/yupie.app\/ro\/product\/pesthidegkut-csizmadia-margit-vaza-tortenelmi-darab\/","og_locale":"ro_RO","og_type":"article","og_title":"Pesthidegk\u00fati ker\u00e1mia v\u00e1za \u2013 Csizmadia Margit st\u00edlus\u00e1ban, t\u00f6rt\u00e9nelmi magyar d\u00edszt\u00e1rgy - yupie.app","og_description":"Pesthidegk\u00fat Csizmadia Margit V\u00e1za egy monument\u00e1lis k\u00f6z\u00e9p sz\u00e1zadi magyar v\u00e1za, amely a modern m\u0171v\u00e9szet \u00e9s a hagyom\u00e1nyos magyar k\u00e9zm\u0171vess\u00e9g kiv\u00e1l\u00f3 p\u00e9ld\u00e1ja.","og_url":"https:\/\/yupie.app\/ro\/product\/pesthidegkut-csizmadia-margit-vaza-tortenelmi-darab\/","og_site_name":"yupie.app","article_publisher":"https:\/\/www.facebook.com\/profile.php?id=100089345417295","article_modified_time":"2026-02-08T06:17:01+00:00","og_image":[{"width":1920,"height":2560,"url":"https:\/\/yupie.app\/wp-content\/uploads\/2023\/02\/IMG_20220905_140804-scaled.jpg","type":"image\/jpeg"}],"twitter_card":"summary_large_image","twitter_misc":{"Timp estimat pentru citire":"2 minute"},"schema":{"@context":"https:\/\/schema.org","@graph":[{"@type":"WebPage","@id":"https:\/\/yupie.app\/product\/pesthidegkut-csizmadia-margit-vaza-tortenelmi-darab\/","url":"https:\/\/yupie.app\/product\/pesthidegkut-csizmadia-margit-vaza-tortenelmi-darab\/","name":"Pesthidegk\u00fati ker\u00e1mia v\u00e1za \u2013 Csizmadia Margit st\u00edlus\u00e1ban, t\u00f6rt\u00e9nelmi magyar d\u00edszt\u00e1rgy - yupie.app","isPartOf":{"@id":"https:\/\/yupie.app\/#website"},"primaryImageOfPage":{"@id":"https:\/\/yupie.app\/product\/pesthidegkut-csizmadia-margit-vaza-tortenelmi-darab\/#primaryimage"},"image":{"@id":"https:\/\/yupie.app\/product\/pesthidegkut-csizmadia-margit-vaza-tortenelmi-darab\/#primaryimage"},"thumbnailUrl":"https:\/\/yupie.app\/wp-content\/uploads\/2023\/02\/IMG_20220905_140804-scaled.jpg","datePublished":"2023-02-14T09:29:01+00:00","dateModified":"2026-02-08T06:17:01+00:00","description":"Pesthidegk\u00fat Csizmadia Margit V\u00e1za egy monument\u00e1lis k\u00f6z\u00e9p sz\u00e1zadi magyar v\u00e1za, amely a modern m\u0171v\u00e9szet \u00e9s a hagyom\u00e1nyos magyar k\u00e9zm\u0171vess\u00e9g kiv\u00e1l\u00f3 p\u00e9ld\u00e1ja.","breadcrumb":{"@id":"https:\/\/yupie.app\/product\/pesthidegkut-csizmadia-margit-vaza-tortenelmi-darab\/#breadcrumb"},"inLanguage":"ro-RO","potentialAction":[{"@type":"ReadAction","target":["https:\/\/yupie.app\/product\/pesthidegkut-csizmadia-margit-vaza-tortenelmi-darab\/"]}]},{"@type":"ImageObject","inLanguage":"ro-RO","@id":"https:\/\/yupie.app\/product\/pesthidegkut-csizmadia-margit-vaza-tortenelmi-darab\/#primaryimage","url":"https:\/\/yupie.app\/wp-content\/uploads\/2023\/02\/IMG_20220905_140804-scaled.jpg","contentUrl":"https:\/\/yupie.app\/wp-content\/uploads\/2023\/02\/IMG_20220905_140804-scaled.jpg","width":1920,"height":2560,"caption":"pesthidegk\u00fat csizmadia margit v\u00e1za egyedi t\u00f6rt\u00e9nelmi ker\u00e1mia m\u0171v\u00e9szi yupie"},{"@type":"BreadcrumbList","@id":"https:\/\/yupie.app\/product\/pesthidegkut-csizmadia-margit-vaza-tortenelmi-darab\/#breadcrumb","itemListElement":[{"@type":"ListItem","position":1,"name":"Kezd\u0151lap","item":"https:\/\/yupie.app\/"},{"@type":"ListItem","position":2,"name":"Katal\u00f3gus","item":"https:\/\/yupie.app\/katalogus\/"},{"@type":"ListItem","position":3,"name":"Pesthidegk\u00fati ker\u00e1mia v\u00e1za \u2013 Csizmadia Margit st\u00edlus\u00e1ban, t\u00f6rt\u00e9nelmi magyar d\u00edszt\u00e1rgy"}]},{"@type":"WebSite","@id":"https:\/\/yupie.app\/#website","url":"https:\/\/yupie.app\/","name":"yupie.app","description":"","publisher":{"@id":"https:\/\/yupie.app\/#organization"},"potentialAction":[{"@type":"SearchAction","target":{"@type":"EntryPoint","urlTemplate":"https:\/\/yupie.app\/?s={search_term_string}"},"query-input":{"@type":"PropertyValueSpecification","valueRequired":true,"valueName":"search_term_string"}}],"inLanguage":"ro-RO"},{"@type":"Organization","@id":"https:\/\/yupie.app\/#organization","name":"yupie.app","url":"https:\/\/yupie.app\/","logo":{"@type":"ImageObject","inLanguage":"ro-RO","@id":"https:\/\/yupie.app\/#\/schema\/logo\/image\/","url":"https:\/\/yupie.app\/wp-content\/uploads\/2025\/07\/cropped-uj-logo.png","contentUrl":"https:\/\/yupie.app\/wp-content\/uploads\/2025\/07\/cropped-uj-logo.png","width":500,"height":208,"caption":"yupie.app"},"image":{"@id":"https:\/\/yupie.app\/#\/schema\/logo\/image\/"},"sameAs":["https:\/\/www.facebook.com\/profile.php?id=100089345417295"]}]}},"jetpack_sharing_enabled":true,"_links":{"self":[{"href":"https:\/\/yupie.app\/ro\/wp-json\/wp\/v2\/product\/987","targetHints":{"allow":["GET"]}}],"collection":[{"href":"https:\/\/yupie.app\/ro\/wp-json\/wp\/v2\/product"}],"about":[{"href":"https:\/\/yupie.app\/ro\/wp-json\/wp\/v2\/types\/product"}],"version-history":[{"count":0,"href":"https:\/\/yupie.app\/ro\/wp-json\/wp\/v2\/product\/987\/revisions"}],"wp:featuredmedia":[{"embeddable":true,"href":"https:\/\/yupie.app\/ro\/wp-json\/wp\/v2\/media\/988"}],"wp:attachment":[{"href":"https:\/\/yupie.app\/ro\/wp-json\/wp\/v2\/media?parent=987"}],"wp:term":[{"taxonomy":"product_brand","embeddable":true,"href":"https:\/\/yupie.app\/ro\/wp-json\/wp\/v2\/product_brand?post=987"},{"taxonomy":"product_cat","embeddable":true,"href":"https:\/\/yupie.app\/ro\/wp-json\/wp\/v2\/product_cat?post=987"},{"taxonomy":"product_tag","embeddable":true,"href":"https:\/\/yupie.app\/ro\/wp-json\/wp\/v2\/product_tag?post=987"}],"curies":[{"name":"wp","href":"https:\/\/api.w.org\/{rel}","templated":true}]}}