{"id":945,"date":"2023-02-13T13:02:39","date_gmt":"2023-02-13T11:02:39","guid":{"rendered":"https:\/\/yupie.hu\/?post_type=product&#038;p=945"},"modified":"2026-02-02T14:25:42","modified_gmt":"2026-02-02T12:25:42","slug":"xiiilajos-korabeli-konyvtari-lepcso-faragott-elemekkel","status":"publish","type":"product","link":"https:\/\/yupie.app\/ro\/product\/xiiilajos-korabeli-konyvtari-lepcso-faragott-elemekkel\/","title":{"rendered":"XIII. Lajos korabeli st\u00edlus\u00fa k\u00f6nyvt\u00e1ri l\u00e9pcs\u0151 \u2013 faragott t\u00f6m\u00f6rfa, \u00e9rt\u00e9k\u00e1ll\u00f3 klasszikus b\u00fator"},"content":{"rendered":"<p data-start=\"1196\" data-end=\"1459\">Ez a <strong data-start=\"1201\" data-end=\"1250\">XIII. Lajos korabeli st\u00edlus\u00fa k\u00f6nyvt\u00e1ri l\u00e9pcs\u0151<\/strong> nem csup\u00e1n egy funkcion\u00e1lis b\u00fatordarab, hanem egy <strong data-start=\"1301\" data-end=\"1324\">id\u0151t\u00e1ll\u00f3 \u00e9rt\u00e9kt\u00e1rgy<\/strong>. A t\u00f6m\u00f6rfa szerkezet \u00e9s a gondosan kialak\u00edtott, faragott r\u00e9szletek olyan min\u0151s\u00e9get k\u00e9pviselnek, amely a mai b\u00fatorpiacon egyre ritk\u00e1bb.<\/p>\n<p data-start=\"1461\" data-end=\"1720\">A k\u00f6nyvt\u00e1ri l\u00e9pcs\u0151k eredetileg nem dekor\u00e1ci\u00f3s c\u00e9lb\u00f3l k\u00e9sz\u00fcltek:<br data-start=\"1524\" data-end=\"1527\" \/><strong data-start=\"1527\" data-end=\"1579\">haszn\u00e1latra, stabilit\u00e1sra \u00e9s hossz\u00fa \u00e9lettartamra<\/strong> tervezt\u00e9k \u0151ket. Ennek k\u00f6sz\u00f6nhet\u0151en ezek a darabok ma is kiv\u00e1l\u00f3an haszn\u00e1lhat\u00f3k, mik\u00f6zben eszt\u00e9tikailag is meghat\u00e1roz\u00f3 elemei egy enteri\u0151rnek.<\/p>\n<h3 data-start=\"1722\" data-end=\"1770\">Mi\u00e9rt tekinthet\u0151 val\u00f3ban \u00e9rt\u00e9k\u00e1ll\u00f3 t\u00e1rgynak?<\/h3>\n<ul data-start=\"1771\" data-end=\"2056\">\n<li data-start=\"1771\" data-end=\"1819\">\n<p data-start=\"1773\" data-end=\"1819\">\ud83e\udeb5 <strong data-start=\"1776\" data-end=\"1795\">T\u00f6m\u00f6rfa kivitel<\/strong> \u2013 nem modern lapanyag<\/p>\n<\/li>\n<li data-start=\"1820\" data-end=\"1876\">\n<p data-start=\"1822\" data-end=\"1876\">\u270b <strong data-start=\"1824\" data-end=\"1843\">Faragott elemek<\/strong> \u2013 k\u00e9zimunk\u00e1t t\u00fckr\u00f6z\u0151 r\u00e9szletek<\/p>\n<\/li>\n<li data-start=\"1877\" data-end=\"1935\">\n<p data-start=\"1879\" data-end=\"1935\">\ud83d\udcda <strong data-start=\"1882\" data-end=\"1903\">K\u00f6nyvt\u00e1ri funkci\u00f3<\/strong> \u2013 ritka, speci\u00e1lis b\u00fatort\u00edpus<\/p>\n<\/li>\n<li data-start=\"1936\" data-end=\"1992\">\n<p data-start=\"1938\" data-end=\"1992\">\ud83d\udd70 <strong data-start=\"1941\" data-end=\"1962\">T\u00f6rt\u00e9nelmi st\u00edlus<\/strong> \u2013 nem trendf\u00fcgg\u0151 formavil\u00e1g<\/p>\n<\/li>\n<li data-start=\"1993\" data-end=\"2056\">\n<p data-start=\"1995\" data-end=\"2056\">\ud83d\udc8e <strong data-start=\"1998\" data-end=\"2025\">Korl\u00e1tozott el\u00e9rhet\u0151s\u00e9g<\/strong> \u2013 nem \u00fajragy\u00e1rthat\u00f3 t\u00f6megben<\/p>\n<\/li>\n<\/ul>\n<p data-start=\"2058\" data-end=\"2299\">Az ilyen t\u00edpus\u00fa b\u00fatorok \u00e9rt\u00e9ke <strong data-start=\"2089\" data-end=\"2115\">nem kopik el az id\u0151vel<\/strong>. \u00c9pp ellenkez\u0151leg: a min\u0151s\u00e9g, a forma \u00e9s a ritkas\u00e1g miatt hossz\u00fa t\u00e1von is keresettek maradnak, ak\u00e1r lak\u00f3t\u00e9rben, ak\u00e1r reprezentat\u00edv k\u00f6rnyezetben, k\u00f6nyvt\u00e1rban, irod\u00e1ban vagy gal\u00e9ri\u00e1ban.<\/p>\n<h3 data-start=\"2301\" data-end=\"2334\">Mi\u00e9rt j\u00f3 d\u00f6nt\u00e9s hossz\u00fa t\u00e1von?<\/h3>\n<p data-start=\"2335\" data-end=\"2418\">Ez a l\u00e9pcs\u0151 nem egy \u201ehaszn\u00e1ljuk \u00e9s lecser\u00e9lj\u00fck\u201d t\u00edpus\u00fa t\u00e1rgy.<br data-start=\"2396\" data-end=\"2399\" \/>Olyan darab, amely:<\/p>\n<ul data-start=\"2419\" data-end=\"2522\">\n<li data-start=\"2419\" data-end=\"2440\">\n<p data-start=\"2421\" data-end=\"2440\">meg\u0151rzi az \u00e9rt\u00e9k\u00e9t,<\/p>\n<\/li>\n<li data-start=\"2441\" data-end=\"2465\">\n<p data-start=\"2443\" data-end=\"2465\">karaktert ad a t\u00e9rnek,<\/p>\n<\/li>\n<li data-start=\"2466\" data-end=\"2522\">\n<p data-start=\"2468\" data-end=\"2522\">\u00e9s \u00e9vek m\u00falt\u00e1n is ugyanazt a min\u0151s\u00e9gi \u00e9rzetet ny\u00fajtja.<\/p>\n<\/li>\n<\/ul>\n<p data-start=\"2524\" data-end=\"2607\">Egy <strong data-start=\"2528\" data-end=\"2549\">val\u00f3di klasszikus<\/strong>, amely nemcsak ma \u00e1llja meg a hely\u00e9t, hanem a j\u00f6v\u0151ben is.<\/p>","protected":false},"excerpt":{"rendered":"<p>XIII. Lajos st\u00edlus\u00fa k\u00f6nyvt\u00e1ri l\u00e9pcs\u0151 faragott elemekkel, t\u00f6m\u00f6rfa kivitelben. Ritka, karakteres darab, amely nemcsak praktikus, hanem hossz\u00fa t\u00e1von is \u00e9rt\u00e9ket k\u00e9pvisel.<\/p>","protected":false},"featured_media":946,"template":"","meta":[],"product_brand":[],"product_cat":[40],"product_tag":[59,73,277,276,275,50,278],"class_list":{"0":"post-945","1":"product","2":"type-product","3":"status-publish","4":"has-post-thumbnail","6":"product_cat-butorok","7":"product_tag-dekoracio","8":"product_tag-elegans","9":"product_tag-konyvtari","10":"product_tag-lepcso","11":"product_tag-tomor-fa","12":"product_tag-vintage","13":"product_tag-xiii-lajos-korabeli","14":"description-off","16":"first","17":"instock","18":"shipping-taxable","19":"purchasable","20":"product-type-simple"},"yoast_head":"<!-- This site is optimized with the Yoast SEO plugin v27.3 - https:\/\/yoast.com\/product\/yoast-seo-wordpress\/ -->\n<title>XIII. Lajos korabeli st\u00edlus\u00fa k\u00f6nyvt\u00e1ri l\u00e9pcs\u0151 \u2013 faragott t\u00f6m\u00f6rfa, \u00e9rt\u00e9k\u00e1ll\u00f3 klasszikus b\u00fator - yupie.app<\/title>\n<meta name=\"description\" content=\"A XIII Lajos korabeli k\u00f6nyvt\u00e1ri l\u00e9pcs\u0151 st\u00edlus\u00e1ban t\u00f6k\u00e9letesen illeszkedik a klasszikus \u00e9s luxus berendez\u00e9si t\u00e1rgyakhoz, \u00e9s a t\u00e9r egyedi darabjak\u00e9nt szolg\u00e1l.\" \/>\n<meta name=\"robots\" content=\"index, follow, max-snippet:-1, max-image-preview:large, max-video-preview:-1\" \/>\n<link rel=\"canonical\" href=\"https:\/\/yupie.app\/ro\/product\/xiiilajos-korabeli-konyvtari-lepcso-faragott-elemekkel\/\" \/>\n<meta property=\"og:locale\" content=\"ro_RO\" \/>\n<meta property=\"og:type\" content=\"article\" \/>\n<meta property=\"og:title\" content=\"XIII. Lajos korabeli st\u00edlus\u00fa k\u00f6nyvt\u00e1ri l\u00e9pcs\u0151 \u2013 faragott t\u00f6m\u00f6rfa, \u00e9rt\u00e9k\u00e1ll\u00f3 klasszikus b\u00fator - yupie.app\" \/>\n<meta property=\"og:description\" content=\"A XIII Lajos korabeli k\u00f6nyvt\u00e1ri l\u00e9pcs\u0151 st\u00edlus\u00e1ban t\u00f6k\u00e9letesen illeszkedik a klasszikus \u00e9s luxus berendez\u00e9si t\u00e1rgyakhoz, \u00e9s a t\u00e9r egyedi darabjak\u00e9nt szolg\u00e1l.\" \/>\n<meta property=\"og:url\" content=\"https:\/\/yupie.app\/ro\/product\/xiiilajos-korabeli-konyvtari-lepcso-faragott-elemekkel\/\" \/>\n<meta property=\"og:site_name\" content=\"yupie.app\" \/>\n<meta property=\"article:publisher\" content=\"https:\/\/www.facebook.com\/profile.php?id=100089345417295\" \/>\n<meta property=\"article:modified_time\" content=\"2026-02-02T12:25:42+00:00\" \/>\n<meta property=\"og:image\" content=\"https:\/\/yupie.app\/wp-content\/uploads\/2023\/02\/letra-3.png\" \/>\n\t<meta property=\"og:image:width\" content=\"780\" \/>\n\t<meta property=\"og:image:height\" content=\"1040\" \/>\n\t<meta property=\"og:image:type\" content=\"image\/png\" \/>\n<meta name=\"twitter:card\" content=\"summary_large_image\" \/>\n<meta name=\"twitter:label1\" content=\"Timp estimat pentru citire\" \/>\n\t<meta name=\"twitter:data1\" content=\"2 minute\" \/>\n<script type=\"application\/ld+json\" class=\"yoast-schema-graph\">{\"@context\":\"https:\\\/\\\/schema.org\",\"@graph\":[{\"@type\":\"WebPage\",\"@id\":\"https:\\\/\\\/yupie.app\\\/product\\\/xiiilajos-korabeli-konyvtari-lepcso-faragott-elemekkel\\\/\",\"url\":\"https:\\\/\\\/yupie.app\\\/product\\\/xiiilajos-korabeli-konyvtari-lepcso-faragott-elemekkel\\\/\",\"name\":\"XIII. Lajos korabeli st\u00edlus\u00fa k\u00f6nyvt\u00e1ri l\u00e9pcs\u0151 \u2013 faragott t\u00f6m\u00f6rfa, \u00e9rt\u00e9k\u00e1ll\u00f3 klasszikus b\u00fator - yupie.app\",\"isPartOf\":{\"@id\":\"https:\\\/\\\/yupie.app\\\/#website\"},\"primaryImageOfPage\":{\"@id\":\"https:\\\/\\\/yupie.app\\\/product\\\/xiiilajos-korabeli-konyvtari-lepcso-faragott-elemekkel\\\/#primaryimage\"},\"image\":{\"@id\":\"https:\\\/\\\/yupie.app\\\/product\\\/xiiilajos-korabeli-konyvtari-lepcso-faragott-elemekkel\\\/#primaryimage\"},\"thumbnailUrl\":\"https:\\\/\\\/yupie.app\\\/wp-content\\\/uploads\\\/2023\\\/02\\\/letra-3.png\",\"datePublished\":\"2023-02-13T11:02:39+00:00\",\"dateModified\":\"2026-02-02T12:25:42+00:00\",\"description\":\"A XIII Lajos korabeli k\u00f6nyvt\u00e1ri l\u00e9pcs\u0151 st\u00edlus\u00e1ban t\u00f6k\u00e9letesen illeszkedik a klasszikus \u00e9s luxus berendez\u00e9si t\u00e1rgyakhoz, \u00e9s a t\u00e9r egyedi darabjak\u00e9nt szolg\u00e1l.\",\"breadcrumb\":{\"@id\":\"https:\\\/\\\/yupie.app\\\/product\\\/xiiilajos-korabeli-konyvtari-lepcso-faragott-elemekkel\\\/#breadcrumb\"},\"inLanguage\":\"ro-RO\",\"potentialAction\":[{\"@type\":\"ReadAction\",\"target\":[\"https:\\\/\\\/yupie.app\\\/product\\\/xiiilajos-korabeli-konyvtari-lepcso-faragott-elemekkel\\\/\"]}]},{\"@type\":\"ImageObject\",\"inLanguage\":\"ro-RO\",\"@id\":\"https:\\\/\\\/yupie.app\\\/product\\\/xiiilajos-korabeli-konyvtari-lepcso-faragott-elemekkel\\\/#primaryimage\",\"url\":\"https:\\\/\\\/yupie.app\\\/wp-content\\\/uploads\\\/2023\\\/02\\\/letra-3.png\",\"contentUrl\":\"https:\\\/\\\/yupie.app\\\/wp-content\\\/uploads\\\/2023\\\/02\\\/letra-3.png\",\"width\":780,\"height\":1040,\"caption\":\"XIII Lajos korabeli k\u00f6nyvt\u00e1ri l\u00e9pcs\u0151 faragott eleg\u00e1ns st\u00edlusos megjelen\u00e9s \u00e9rt\u00e9kes b\u00fatordarab yupie\"},{\"@type\":\"BreadcrumbList\",\"@id\":\"https:\\\/\\\/yupie.app\\\/product\\\/xiiilajos-korabeli-konyvtari-lepcso-faragott-elemekkel\\\/#breadcrumb\",\"itemListElement\":[{\"@type\":\"ListItem\",\"position\":1,\"name\":\"Kezd\u0151lap\",\"item\":\"https:\\\/\\\/yupie.app\\\/\"},{\"@type\":\"ListItem\",\"position\":2,\"name\":\"Katal\u00f3gus\",\"item\":\"https:\\\/\\\/yupie.app\\\/katalogus\\\/\"},{\"@type\":\"ListItem\",\"position\":3,\"name\":\"XIII. Lajos korabeli st\u00edlus\u00fa k\u00f6nyvt\u00e1ri l\u00e9pcs\u0151 \u2013 faragott t\u00f6m\u00f6rfa, \u00e9rt\u00e9k\u00e1ll\u00f3 klasszikus b\u00fator\"}]},{\"@type\":\"WebSite\",\"@id\":\"https:\\\/\\\/yupie.app\\\/#website\",\"url\":\"https:\\\/\\\/yupie.app\\\/\",\"name\":\"yupie.app\",\"description\":\"\",\"publisher\":{\"@id\":\"https:\\\/\\\/yupie.app\\\/#organization\"},\"potentialAction\":[{\"@type\":\"SearchAction\",\"target\":{\"@type\":\"EntryPoint\",\"urlTemplate\":\"https:\\\/\\\/yupie.app\\\/?s={search_term_string}\"},\"query-input\":{\"@type\":\"PropertyValueSpecification\",\"valueRequired\":true,\"valueName\":\"search_term_string\"}}],\"inLanguage\":\"ro-RO\"},{\"@type\":\"Organization\",\"@id\":\"https:\\\/\\\/yupie.app\\\/#organization\",\"name\":\"yupie.app\",\"url\":\"https:\\\/\\\/yupie.app\\\/\",\"logo\":{\"@type\":\"ImageObject\",\"inLanguage\":\"ro-RO\",\"@id\":\"https:\\\/\\\/yupie.app\\\/#\\\/schema\\\/logo\\\/image\\\/\",\"url\":\"https:\\\/\\\/yupie.app\\\/wp-content\\\/uploads\\\/2025\\\/07\\\/cropped-uj-logo.png\",\"contentUrl\":\"https:\\\/\\\/yupie.app\\\/wp-content\\\/uploads\\\/2025\\\/07\\\/cropped-uj-logo.png\",\"width\":500,\"height\":208,\"caption\":\"yupie.app\"},\"image\":{\"@id\":\"https:\\\/\\\/yupie.app\\\/#\\\/schema\\\/logo\\\/image\\\/\"},\"sameAs\":[\"https:\\\/\\\/www.facebook.com\\\/profile.php?id=100089345417295\"]}]}<\/script>\n<!-- \/ Yoast SEO plugin. -->","yoast_head_json":{"title":"XIII. Lajos korabeli st\u00edlus\u00fa k\u00f6nyvt\u00e1ri l\u00e9pcs\u0151 \u2013 faragott t\u00f6m\u00f6rfa, \u00e9rt\u00e9k\u00e1ll\u00f3 klasszikus b\u00fator - yupie.app","description":"A XIII Lajos korabeli k\u00f6nyvt\u00e1ri l\u00e9pcs\u0151 st\u00edlus\u00e1ban t\u00f6k\u00e9letesen illeszkedik a klasszikus \u00e9s luxus berendez\u00e9si t\u00e1rgyakhoz, \u00e9s a t\u00e9r egyedi darabjak\u00e9nt szolg\u00e1l.","robots":{"index":"index","follow":"follow","max-snippet":"max-snippet:-1","max-image-preview":"max-image-preview:large","max-video-preview":"max-video-preview:-1"},"canonical":"https:\/\/yupie.app\/ro\/product\/xiiilajos-korabeli-konyvtari-lepcso-faragott-elemekkel\/","og_locale":"ro_RO","og_type":"article","og_title":"XIII. Lajos korabeli st\u00edlus\u00fa k\u00f6nyvt\u00e1ri l\u00e9pcs\u0151 \u2013 faragott t\u00f6m\u00f6rfa, \u00e9rt\u00e9k\u00e1ll\u00f3 klasszikus b\u00fator - yupie.app","og_description":"A XIII Lajos korabeli k\u00f6nyvt\u00e1ri l\u00e9pcs\u0151 st\u00edlus\u00e1ban t\u00f6k\u00e9letesen illeszkedik a klasszikus \u00e9s luxus berendez\u00e9si t\u00e1rgyakhoz, \u00e9s a t\u00e9r egyedi darabjak\u00e9nt szolg\u00e1l.","og_url":"https:\/\/yupie.app\/ro\/product\/xiiilajos-korabeli-konyvtari-lepcso-faragott-elemekkel\/","og_site_name":"yupie.app","article_publisher":"https:\/\/www.facebook.com\/profile.php?id=100089345417295","article_modified_time":"2026-02-02T12:25:42+00:00","og_image":[{"width":780,"height":1040,"url":"https:\/\/yupie.app\/wp-content\/uploads\/2023\/02\/letra-3.png","type":"image\/png"}],"twitter_card":"summary_large_image","twitter_misc":{"Timp estimat pentru citire":"2 minute"},"schema":{"@context":"https:\/\/schema.org","@graph":[{"@type":"WebPage","@id":"https:\/\/yupie.app\/product\/xiiilajos-korabeli-konyvtari-lepcso-faragott-elemekkel\/","url":"https:\/\/yupie.app\/product\/xiiilajos-korabeli-konyvtari-lepcso-faragott-elemekkel\/","name":"XIII. Lajos korabeli st\u00edlus\u00fa k\u00f6nyvt\u00e1ri l\u00e9pcs\u0151 \u2013 faragott t\u00f6m\u00f6rfa, \u00e9rt\u00e9k\u00e1ll\u00f3 klasszikus b\u00fator - yupie.app","isPartOf":{"@id":"https:\/\/yupie.app\/#website"},"primaryImageOfPage":{"@id":"https:\/\/yupie.app\/product\/xiiilajos-korabeli-konyvtari-lepcso-faragott-elemekkel\/#primaryimage"},"image":{"@id":"https:\/\/yupie.app\/product\/xiiilajos-korabeli-konyvtari-lepcso-faragott-elemekkel\/#primaryimage"},"thumbnailUrl":"https:\/\/yupie.app\/wp-content\/uploads\/2023\/02\/letra-3.png","datePublished":"2023-02-13T11:02:39+00:00","dateModified":"2026-02-02T12:25:42+00:00","description":"A XIII Lajos korabeli k\u00f6nyvt\u00e1ri l\u00e9pcs\u0151 st\u00edlus\u00e1ban t\u00f6k\u00e9letesen illeszkedik a klasszikus \u00e9s luxus berendez\u00e9si t\u00e1rgyakhoz, \u00e9s a t\u00e9r egyedi darabjak\u00e9nt szolg\u00e1l.","breadcrumb":{"@id":"https:\/\/yupie.app\/product\/xiiilajos-korabeli-konyvtari-lepcso-faragott-elemekkel\/#breadcrumb"},"inLanguage":"ro-RO","potentialAction":[{"@type":"ReadAction","target":["https:\/\/yupie.app\/product\/xiiilajos-korabeli-konyvtari-lepcso-faragott-elemekkel\/"]}]},{"@type":"ImageObject","inLanguage":"ro-RO","@id":"https:\/\/yupie.app\/product\/xiiilajos-korabeli-konyvtari-lepcso-faragott-elemekkel\/#primaryimage","url":"https:\/\/yupie.app\/wp-content\/uploads\/2023\/02\/letra-3.png","contentUrl":"https:\/\/yupie.app\/wp-content\/uploads\/2023\/02\/letra-3.png","width":780,"height":1040,"caption":"XIII Lajos korabeli k\u00f6nyvt\u00e1ri l\u00e9pcs\u0151 faragott eleg\u00e1ns st\u00edlusos megjelen\u00e9s \u00e9rt\u00e9kes b\u00fatordarab yupie"},{"@type":"BreadcrumbList","@id":"https:\/\/yupie.app\/product\/xiiilajos-korabeli-konyvtari-lepcso-faragott-elemekkel\/#breadcrumb","itemListElement":[{"@type":"ListItem","position":1,"name":"Kezd\u0151lap","item":"https:\/\/yupie.app\/"},{"@type":"ListItem","position":2,"name":"Katal\u00f3gus","item":"https:\/\/yupie.app\/katalogus\/"},{"@type":"ListItem","position":3,"name":"XIII. Lajos korabeli st\u00edlus\u00fa k\u00f6nyvt\u00e1ri l\u00e9pcs\u0151 \u2013 faragott t\u00f6m\u00f6rfa, \u00e9rt\u00e9k\u00e1ll\u00f3 klasszikus b\u00fator"}]},{"@type":"WebSite","@id":"https:\/\/yupie.app\/#website","url":"https:\/\/yupie.app\/","name":"yupie.app","description":"","publisher":{"@id":"https:\/\/yupie.app\/#organization"},"potentialAction":[{"@type":"SearchAction","target":{"@type":"EntryPoint","urlTemplate":"https:\/\/yupie.app\/?s={search_term_string}"},"query-input":{"@type":"PropertyValueSpecification","valueRequired":true,"valueName":"search_term_string"}}],"inLanguage":"ro-RO"},{"@type":"Organization","@id":"https:\/\/yupie.app\/#organization","name":"yupie.app","url":"https:\/\/yupie.app\/","logo":{"@type":"ImageObject","inLanguage":"ro-RO","@id":"https:\/\/yupie.app\/#\/schema\/logo\/image\/","url":"https:\/\/yupie.app\/wp-content\/uploads\/2025\/07\/cropped-uj-logo.png","contentUrl":"https:\/\/yupie.app\/wp-content\/uploads\/2025\/07\/cropped-uj-logo.png","width":500,"height":208,"caption":"yupie.app"},"image":{"@id":"https:\/\/yupie.app\/#\/schema\/logo\/image\/"},"sameAs":["https:\/\/www.facebook.com\/profile.php?id=100089345417295"]}]}},"jetpack_sharing_enabled":true,"_links":{"self":[{"href":"https:\/\/yupie.app\/ro\/wp-json\/wp\/v2\/product\/945","targetHints":{"allow":["GET"]}}],"collection":[{"href":"https:\/\/yupie.app\/ro\/wp-json\/wp\/v2\/product"}],"about":[{"href":"https:\/\/yupie.app\/ro\/wp-json\/wp\/v2\/types\/product"}],"version-history":[{"count":0,"href":"https:\/\/yupie.app\/ro\/wp-json\/wp\/v2\/product\/945\/revisions"}],"wp:featuredmedia":[{"embeddable":true,"href":"https:\/\/yupie.app\/ro\/wp-json\/wp\/v2\/media\/946"}],"wp:attachment":[{"href":"https:\/\/yupie.app\/ro\/wp-json\/wp\/v2\/media?parent=945"}],"wp:term":[{"taxonomy":"product_brand","embeddable":true,"href":"https:\/\/yupie.app\/ro\/wp-json\/wp\/v2\/product_brand?post=945"},{"taxonomy":"product_cat","embeddable":true,"href":"https:\/\/yupie.app\/ro\/wp-json\/wp\/v2\/product_cat?post=945"},{"taxonomy":"product_tag","embeddable":true,"href":"https:\/\/yupie.app\/ro\/wp-json\/wp\/v2\/product_tag?post=945"}],"curies":[{"name":"wp","href":"https:\/\/api.w.org\/{rel}","templated":true}]}}