{"id":894,"date":"2023-02-10T15:27:33","date_gmt":"2023-02-10T13:27:33","guid":{"rendered":"https:\/\/yupie.hu\/?post_type=product&#038;p=894"},"modified":"2026-02-01T14:45:53","modified_gmt":"2026-02-01T12:45:53","slug":"afrikai-muanyag-elefant-dekoracio","status":"publish","type":"product","link":"https:\/\/yupie.app\/ro\/product\/afrikai-muanyag-elefant-dekoracio\/","title":{"rendered":"Afrikai elef\u00e1nt dekor\u00e1ci\u00f3 \u2013 etno st\u00edlus\u00fa lak\u00e1sd\u00edsz, er\u0151t \u00e9s szerencs\u00e9t szimboliz\u00e1l\u00f3 d\u00edszt\u00e1rgy"},"content":{"rendered":"<p data-start=\"1589\" data-end=\"1881\">Az <strong data-start=\"1592\" data-end=\"1621\">afrikai elef\u00e1nt dekor\u00e1ci\u00f3<\/strong> nem csup\u00e1n egy l\u00e1tv\u00e1nyos lak\u00e1sd\u00edsz, hanem egy <strong data-start=\"1668\" data-end=\"1698\">jelent\u00e9ssel b\u00edr\u00f3 szimb\u00f3lum<\/strong> is. Az elef\u00e1nt az egyik leger\u0151sebb spiritu\u00e1lis \u00e1llat: az <strong data-start=\"1756\" data-end=\"1801\">er\u0151t, b\u00f6lcsess\u00e9get, v\u00e9delmet \u00e9s a b\u0151s\u00e9get<\/strong> k\u00e9pviseli \u2013 nem v\u00e9letlen, hogy sok kult\u00far\u00e1ban szerencsehoz\u00f3k\u00e9nt tartj\u00e1k sz\u00e1mon.<\/p>\n<p data-start=\"1883\" data-end=\"1945\">Ez az <strong data-start=\"1889\" data-end=\"1923\">etno st\u00edlus\u00fa elef\u00e1nt d\u00edszt\u00e1rgy<\/strong> kiv\u00e1l\u00f3an illeszkedik:<\/p>\n<ul data-start=\"1946\" data-end=\"2015\">\n<li data-start=\"1946\" data-end=\"1955\">\n<p data-start=\"1948\" data-end=\"1955\">modern,<\/p>\n<\/li>\n<li data-start=\"1956\" data-end=\"1963\">\n<p data-start=\"1958\" data-end=\"1963\">boho,<\/p>\n<\/li>\n<li data-start=\"1964\" data-end=\"1982\">\n<p data-start=\"1966\" data-end=\"1982\">term\u00e9szetk\u00f6zeli,<\/p>\n<\/li>\n<li data-start=\"1983\" data-end=\"2015\">\n<p data-start=\"1985\" data-end=\"2015\">vagy eklektikus enteri\u0151rbe is.<\/p>\n<\/li>\n<\/ul>\n<p data-start=\"2017\" data-end=\"2193\">A r\u00e9szletgazdag kidolgoz\u00e1s \u00e9s az afrikai mot\u00edvumok <strong data-start=\"2068\" data-end=\"2095\">karaktert \u00e9s melegs\u00e9get<\/strong> visznek a t\u00e9rbe, legyen sz\u00f3 nappalir\u00f3l, dolgoz\u00f3szob\u00e1r\u00f3l, irod\u00e1r\u00f3l vagy ak\u00e1r egy \u00fczlethelyis\u00e9gr\u0151l.<\/p>\n<h3 data-start=\"2195\" data-end=\"2222\">Mi\u00e9rt \u00e9ri meg megvenni?<\/h3>\n<ul data-start=\"2223\" data-end=\"2527\">\n<li data-start=\"2223\" data-end=\"2277\">\n<p data-start=\"2225\" data-end=\"2277\">\ud83d\udc18 <strong data-start=\"2228\" data-end=\"2250\">Id\u0151t\u00e1ll\u00f3 szimb\u00f3lum<\/strong> \u2013 nem megy ki a divatb\u00f3l<\/p>\n<\/li>\n<li data-start=\"2278\" data-end=\"2348\">\n<p data-start=\"2280\" data-end=\"2348\">\ud83c\udf81 <strong data-start=\"2283\" data-end=\"2310\">Aj\u00e1nd\u00e9knak is t\u00f6k\u00e9letes<\/strong> \u2013 jelent\u00e9se miatt k\u00fcl\u00f6n\u00f6sen \u00e9rt\u00e9kes<\/p>\n<\/li>\n<li data-start=\"2349\" data-end=\"2419\">\n<p data-start=\"2351\" data-end=\"2419\">\ud83c\udfe1 <strong data-start=\"2354\" data-end=\"2382\">Azonnal feldobja a teret<\/strong> \u2013 egyetlen t\u00e1rgy, m\u00e9gis hangs\u00falyos<\/p>\n<\/li>\n<li data-start=\"2420\" data-end=\"2468\">\n<p data-start=\"2422\" data-end=\"2468\">\ud83c\udf0d <strong data-start=\"2425\" data-end=\"2445\">Afrikai hangulat<\/strong> \u2013 utaz\u00e1s\u00e9rzet otthon<\/p>\n<\/li>\n<li data-start=\"2469\" data-end=\"2527\">\n<p data-start=\"2471\" data-end=\"2527\">\ud83d\udcb0 <strong data-start=\"2474\" data-end=\"2499\">Kiv\u00e1l\u00f3 \u00e1r-\u00e9rt\u00e9k ar\u00e1ny<\/strong> \u2013 l\u00e1tv\u00e1nyos, m\u00e9gis el\u00e9rhet\u0151<\/p>\n<\/li>\n<\/ul>\n<p data-start=\"2529\" data-end=\"2677\">Ha olyan dekor\u00e1ci\u00f3t keresel, amely <strong data-start=\"2564\" data-end=\"2583\">nem tucatterm\u00e9k<\/strong>, hanem t\u00f6rt\u00e9netet mes\u00e9l \u00e9s karaktert ad a t\u00e9rnek, ez az afrikai elef\u00e1nt d\u00edsz remek v\u00e1laszt\u00e1s.<\/p>","protected":false},"excerpt":{"rendered":"<p>Afrikai st\u00edlus\u00fa m\u0171anyag elef\u00e1nt dekor\u00e1ci\u00f3, amely az er\u0151t, b\u00f6lcsess\u00e9get \u00e9s szerencs\u00e9t szimboliz\u00e1lja. T\u00f6k\u00e9letes v\u00e1laszt\u00e1s nappaliba, irod\u00e1ba vagy aj\u00e1nd\u00e9knak, ha k\u00fcl\u00f6nleges, karakteres lak\u00e1sd\u00edszt keresel.<\/p>","protected":false},"featured_media":899,"template":"","meta":[],"product_brand":[],"product_cat":[41,1389],"product_tag":[238,59,239,257,256,255],"class_list":{"0":"post-894","1":"product","2":"type-product","3":"status-publish","4":"has-post-thumbnail","6":"product_cat-dekoracio","7":"product_cat-szobor","8":"product_tag-afrikai","9":"product_tag-dekoracio","10":"product_tag-elefant","11":"product_tag-gyerekeknek","12":"product_tag-jatek","13":"product_tag-maanyag","14":"description-off","16":"first","17":"instock","18":"shipping-taxable","19":"purchasable","20":"product-type-simple"},"yoast_head":"<!-- This site is optimized with the Yoast SEO plugin v27.3 - https:\/\/yoast.com\/product\/yoast-seo-wordpress\/ -->\n<title>Afrikai elef\u00e1nt dekor\u00e1ci\u00f3 \u2013 etno st\u00edlus\u00fa lak\u00e1sd\u00edsz, er\u0151t \u00e9s szerencs\u00e9t szimboliz\u00e1l\u00f3 d\u00edszt\u00e1rgy - yupie.app<\/title>\n<meta name=\"description\" content=\"Az afrikai m\u0171anyag elef\u00e1nt j\u00f3 aj\u00e1nd\u00e9k lehet a gyerekek sz\u00e1m\u00e1ra, \u00e9s \u00e9lvezetes id\u0151t\u00f6lt\u00e9st ny\u00fajthat vele a j\u00e1tsz\u00e1s. Strapab\u00edr\u00f3 anyag\u00e1nak k\u00f6sz\u00f6nhet\u0151en.\" \/>\n<meta name=\"robots\" content=\"index, follow, max-snippet:-1, max-image-preview:large, max-video-preview:-1\" \/>\n<link rel=\"canonical\" href=\"https:\/\/yupie.app\/ro\/product\/afrikai-muanyag-elefant-dekoracio\/\" \/>\n<meta property=\"og:locale\" content=\"ro_RO\" \/>\n<meta property=\"og:type\" content=\"article\" \/>\n<meta property=\"og:title\" content=\"Afrikai elef\u00e1nt dekor\u00e1ci\u00f3 \u2013 etno st\u00edlus\u00fa lak\u00e1sd\u00edsz, er\u0151t \u00e9s szerencs\u00e9t szimboliz\u00e1l\u00f3 d\u00edszt\u00e1rgy - yupie.app\" \/>\n<meta property=\"og:description\" content=\"Az afrikai m\u0171anyag elef\u00e1nt j\u00f3 aj\u00e1nd\u00e9k lehet a gyerekek sz\u00e1m\u00e1ra, \u00e9s \u00e9lvezetes id\u0151t\u00f6lt\u00e9st ny\u00fajthat vele a j\u00e1tsz\u00e1s. Strapab\u00edr\u00f3 anyag\u00e1nak k\u00f6sz\u00f6nhet\u0151en.\" \/>\n<meta property=\"og:url\" content=\"https:\/\/yupie.app\/ro\/product\/afrikai-muanyag-elefant-dekoracio\/\" \/>\n<meta property=\"og:site_name\" content=\"yupie.app\" \/>\n<meta property=\"article:publisher\" content=\"https:\/\/www.facebook.com\/profile.php?id=100089345417295\" \/>\n<meta property=\"article:modified_time\" content=\"2026-02-01T12:45:53+00:00\" \/>\n<meta property=\"og:image\" content=\"https:\/\/yupie.app\/wp-content\/uploads\/2023\/02\/302178724_1402370596924286_7788373011973573401_n.jpg\" \/>\n\t<meta property=\"og:image:width\" content=\"1536\" \/>\n\t<meta property=\"og:image:height\" content=\"2048\" \/>\n\t<meta property=\"og:image:type\" content=\"image\/jpeg\" \/>\n<meta name=\"twitter:card\" content=\"summary_large_image\" \/>\n<meta name=\"twitter:label1\" content=\"Timp estimat pentru citire\" \/>\n\t<meta name=\"twitter:data1\" content=\"1 minut\" \/>\n<script type=\"application\/ld+json\" class=\"yoast-schema-graph\">{\"@context\":\"https:\\\/\\\/schema.org\",\"@graph\":[{\"@type\":\"WebPage\",\"@id\":\"https:\\\/\\\/yupie.app\\\/product\\\/afrikai-muanyag-elefant-dekoracio\\\/\",\"url\":\"https:\\\/\\\/yupie.app\\\/product\\\/afrikai-muanyag-elefant-dekoracio\\\/\",\"name\":\"Afrikai elef\u00e1nt dekor\u00e1ci\u00f3 \u2013 etno st\u00edlus\u00fa lak\u00e1sd\u00edsz, er\u0151t \u00e9s szerencs\u00e9t szimboliz\u00e1l\u00f3 d\u00edszt\u00e1rgy - yupie.app\",\"isPartOf\":{\"@id\":\"https:\\\/\\\/yupie.app\\\/#website\"},\"primaryImageOfPage\":{\"@id\":\"https:\\\/\\\/yupie.app\\\/product\\\/afrikai-muanyag-elefant-dekoracio\\\/#primaryimage\"},\"image\":{\"@id\":\"https:\\\/\\\/yupie.app\\\/product\\\/afrikai-muanyag-elefant-dekoracio\\\/#primaryimage\"},\"thumbnailUrl\":\"https:\\\/\\\/yupie.app\\\/wp-content\\\/uploads\\\/2023\\\/02\\\/302178724_1402370596924286_7788373011973573401_n.jpg\",\"datePublished\":\"2023-02-10T13:27:33+00:00\",\"dateModified\":\"2026-02-01T12:45:53+00:00\",\"description\":\"Az afrikai m\u0171anyag elef\u00e1nt j\u00f3 aj\u00e1nd\u00e9k lehet a gyerekek sz\u00e1m\u00e1ra, \u00e9s \u00e9lvezetes id\u0151t\u00f6lt\u00e9st ny\u00fajthat vele a j\u00e1tsz\u00e1s. Strapab\u00edr\u00f3 anyag\u00e1nak k\u00f6sz\u00f6nhet\u0151en.\",\"breadcrumb\":{\"@id\":\"https:\\\/\\\/yupie.app\\\/product\\\/afrikai-muanyag-elefant-dekoracio\\\/#breadcrumb\"},\"inLanguage\":\"ro-RO\",\"potentialAction\":[{\"@type\":\"ReadAction\",\"target\":[\"https:\\\/\\\/yupie.app\\\/product\\\/afrikai-muanyag-elefant-dekoracio\\\/\"]}]},{\"@type\":\"ImageObject\",\"inLanguage\":\"ro-RO\",\"@id\":\"https:\\\/\\\/yupie.app\\\/product\\\/afrikai-muanyag-elefant-dekoracio\\\/#primaryimage\",\"url\":\"https:\\\/\\\/yupie.app\\\/wp-content\\\/uploads\\\/2023\\\/02\\\/302178724_1402370596924286_7788373011973573401_n.jpg\",\"contentUrl\":\"https:\\\/\\\/yupie.app\\\/wp-content\\\/uploads\\\/2023\\\/02\\\/302178724_1402370596924286_7788373011973573401_n.jpg\",\"width\":1536,\"height\":2048,\"caption\":\"afrikai m\u0171anyag elef\u00e1nt dekor\u00e1ci\u00f3 j\u00e1t\u00e9k gyerekeknek yupie\"},{\"@type\":\"BreadcrumbList\",\"@id\":\"https:\\\/\\\/yupie.app\\\/product\\\/afrikai-muanyag-elefant-dekoracio\\\/#breadcrumb\",\"itemListElement\":[{\"@type\":\"ListItem\",\"position\":1,\"name\":\"Kezd\u0151lap\",\"item\":\"https:\\\/\\\/yupie.app\\\/\"},{\"@type\":\"ListItem\",\"position\":2,\"name\":\"Katal\u00f3gus\",\"item\":\"https:\\\/\\\/yupie.app\\\/katalogus\\\/\"},{\"@type\":\"ListItem\",\"position\":3,\"name\":\"Afrikai elef\u00e1nt dekor\u00e1ci\u00f3 \u2013 etno st\u00edlus\u00fa lak\u00e1sd\u00edsz, er\u0151t \u00e9s szerencs\u00e9t szimboliz\u00e1l\u00f3 d\u00edszt\u00e1rgy\"}]},{\"@type\":\"WebSite\",\"@id\":\"https:\\\/\\\/yupie.app\\\/#website\",\"url\":\"https:\\\/\\\/yupie.app\\\/\",\"name\":\"yupie.app\",\"description\":\"\",\"publisher\":{\"@id\":\"https:\\\/\\\/yupie.app\\\/#organization\"},\"potentialAction\":[{\"@type\":\"SearchAction\",\"target\":{\"@type\":\"EntryPoint\",\"urlTemplate\":\"https:\\\/\\\/yupie.app\\\/?s={search_term_string}\"},\"query-input\":{\"@type\":\"PropertyValueSpecification\",\"valueRequired\":true,\"valueName\":\"search_term_string\"}}],\"inLanguage\":\"ro-RO\"},{\"@type\":\"Organization\",\"@id\":\"https:\\\/\\\/yupie.app\\\/#organization\",\"name\":\"yupie.app\",\"url\":\"https:\\\/\\\/yupie.app\\\/\",\"logo\":{\"@type\":\"ImageObject\",\"inLanguage\":\"ro-RO\",\"@id\":\"https:\\\/\\\/yupie.app\\\/#\\\/schema\\\/logo\\\/image\\\/\",\"url\":\"https:\\\/\\\/yupie.app\\\/wp-content\\\/uploads\\\/2025\\\/07\\\/cropped-uj-logo.png\",\"contentUrl\":\"https:\\\/\\\/yupie.app\\\/wp-content\\\/uploads\\\/2025\\\/07\\\/cropped-uj-logo.png\",\"width\":500,\"height\":208,\"caption\":\"yupie.app\"},\"image\":{\"@id\":\"https:\\\/\\\/yupie.app\\\/#\\\/schema\\\/logo\\\/image\\\/\"},\"sameAs\":[\"https:\\\/\\\/www.facebook.com\\\/profile.php?id=100089345417295\"]}]}<\/script>\n<!-- \/ Yoast SEO plugin. -->","yoast_head_json":{"title":"Afrikai elef\u00e1nt dekor\u00e1ci\u00f3 \u2013 etno st\u00edlus\u00fa lak\u00e1sd\u00edsz, er\u0151t \u00e9s szerencs\u00e9t szimboliz\u00e1l\u00f3 d\u00edszt\u00e1rgy - yupie.app","description":"Az afrikai m\u0171anyag elef\u00e1nt j\u00f3 aj\u00e1nd\u00e9k lehet a gyerekek sz\u00e1m\u00e1ra, \u00e9s \u00e9lvezetes id\u0151t\u00f6lt\u00e9st ny\u00fajthat vele a j\u00e1tsz\u00e1s. Strapab\u00edr\u00f3 anyag\u00e1nak k\u00f6sz\u00f6nhet\u0151en.","robots":{"index":"index","follow":"follow","max-snippet":"max-snippet:-1","max-image-preview":"max-image-preview:large","max-video-preview":"max-video-preview:-1"},"canonical":"https:\/\/yupie.app\/ro\/product\/afrikai-muanyag-elefant-dekoracio\/","og_locale":"ro_RO","og_type":"article","og_title":"Afrikai elef\u00e1nt dekor\u00e1ci\u00f3 \u2013 etno st\u00edlus\u00fa lak\u00e1sd\u00edsz, er\u0151t \u00e9s szerencs\u00e9t szimboliz\u00e1l\u00f3 d\u00edszt\u00e1rgy - yupie.app","og_description":"Az afrikai m\u0171anyag elef\u00e1nt j\u00f3 aj\u00e1nd\u00e9k lehet a gyerekek sz\u00e1m\u00e1ra, \u00e9s \u00e9lvezetes id\u0151t\u00f6lt\u00e9st ny\u00fajthat vele a j\u00e1tsz\u00e1s. Strapab\u00edr\u00f3 anyag\u00e1nak k\u00f6sz\u00f6nhet\u0151en.","og_url":"https:\/\/yupie.app\/ro\/product\/afrikai-muanyag-elefant-dekoracio\/","og_site_name":"yupie.app","article_publisher":"https:\/\/www.facebook.com\/profile.php?id=100089345417295","article_modified_time":"2026-02-01T12:45:53+00:00","og_image":[{"width":1536,"height":2048,"url":"https:\/\/yupie.app\/wp-content\/uploads\/2023\/02\/302178724_1402370596924286_7788373011973573401_n.jpg","type":"image\/jpeg"}],"twitter_card":"summary_large_image","twitter_misc":{"Timp estimat pentru citire":"1 minut"},"schema":{"@context":"https:\/\/schema.org","@graph":[{"@type":"WebPage","@id":"https:\/\/yupie.app\/product\/afrikai-muanyag-elefant-dekoracio\/","url":"https:\/\/yupie.app\/product\/afrikai-muanyag-elefant-dekoracio\/","name":"Afrikai elef\u00e1nt dekor\u00e1ci\u00f3 \u2013 etno st\u00edlus\u00fa lak\u00e1sd\u00edsz, er\u0151t \u00e9s szerencs\u00e9t szimboliz\u00e1l\u00f3 d\u00edszt\u00e1rgy - yupie.app","isPartOf":{"@id":"https:\/\/yupie.app\/#website"},"primaryImageOfPage":{"@id":"https:\/\/yupie.app\/product\/afrikai-muanyag-elefant-dekoracio\/#primaryimage"},"image":{"@id":"https:\/\/yupie.app\/product\/afrikai-muanyag-elefant-dekoracio\/#primaryimage"},"thumbnailUrl":"https:\/\/yupie.app\/wp-content\/uploads\/2023\/02\/302178724_1402370596924286_7788373011973573401_n.jpg","datePublished":"2023-02-10T13:27:33+00:00","dateModified":"2026-02-01T12:45:53+00:00","description":"Az afrikai m\u0171anyag elef\u00e1nt j\u00f3 aj\u00e1nd\u00e9k lehet a gyerekek sz\u00e1m\u00e1ra, \u00e9s \u00e9lvezetes id\u0151t\u00f6lt\u00e9st ny\u00fajthat vele a j\u00e1tsz\u00e1s. Strapab\u00edr\u00f3 anyag\u00e1nak k\u00f6sz\u00f6nhet\u0151en.","breadcrumb":{"@id":"https:\/\/yupie.app\/product\/afrikai-muanyag-elefant-dekoracio\/#breadcrumb"},"inLanguage":"ro-RO","potentialAction":[{"@type":"ReadAction","target":["https:\/\/yupie.app\/product\/afrikai-muanyag-elefant-dekoracio\/"]}]},{"@type":"ImageObject","inLanguage":"ro-RO","@id":"https:\/\/yupie.app\/product\/afrikai-muanyag-elefant-dekoracio\/#primaryimage","url":"https:\/\/yupie.app\/wp-content\/uploads\/2023\/02\/302178724_1402370596924286_7788373011973573401_n.jpg","contentUrl":"https:\/\/yupie.app\/wp-content\/uploads\/2023\/02\/302178724_1402370596924286_7788373011973573401_n.jpg","width":1536,"height":2048,"caption":"afrikai m\u0171anyag elef\u00e1nt dekor\u00e1ci\u00f3 j\u00e1t\u00e9k gyerekeknek yupie"},{"@type":"BreadcrumbList","@id":"https:\/\/yupie.app\/product\/afrikai-muanyag-elefant-dekoracio\/#breadcrumb","itemListElement":[{"@type":"ListItem","position":1,"name":"Kezd\u0151lap","item":"https:\/\/yupie.app\/"},{"@type":"ListItem","position":2,"name":"Katal\u00f3gus","item":"https:\/\/yupie.app\/katalogus\/"},{"@type":"ListItem","position":3,"name":"Afrikai elef\u00e1nt dekor\u00e1ci\u00f3 \u2013 etno st\u00edlus\u00fa lak\u00e1sd\u00edsz, er\u0151t \u00e9s szerencs\u00e9t szimboliz\u00e1l\u00f3 d\u00edszt\u00e1rgy"}]},{"@type":"WebSite","@id":"https:\/\/yupie.app\/#website","url":"https:\/\/yupie.app\/","name":"yupie.app","description":"","publisher":{"@id":"https:\/\/yupie.app\/#organization"},"potentialAction":[{"@type":"SearchAction","target":{"@type":"EntryPoint","urlTemplate":"https:\/\/yupie.app\/?s={search_term_string}"},"query-input":{"@type":"PropertyValueSpecification","valueRequired":true,"valueName":"search_term_string"}}],"inLanguage":"ro-RO"},{"@type":"Organization","@id":"https:\/\/yupie.app\/#organization","name":"yupie.app","url":"https:\/\/yupie.app\/","logo":{"@type":"ImageObject","inLanguage":"ro-RO","@id":"https:\/\/yupie.app\/#\/schema\/logo\/image\/","url":"https:\/\/yupie.app\/wp-content\/uploads\/2025\/07\/cropped-uj-logo.png","contentUrl":"https:\/\/yupie.app\/wp-content\/uploads\/2025\/07\/cropped-uj-logo.png","width":500,"height":208,"caption":"yupie.app"},"image":{"@id":"https:\/\/yupie.app\/#\/schema\/logo\/image\/"},"sameAs":["https:\/\/www.facebook.com\/profile.php?id=100089345417295"]}]}},"jetpack_sharing_enabled":true,"_links":{"self":[{"href":"https:\/\/yupie.app\/ro\/wp-json\/wp\/v2\/product\/894","targetHints":{"allow":["GET"]}}],"collection":[{"href":"https:\/\/yupie.app\/ro\/wp-json\/wp\/v2\/product"}],"about":[{"href":"https:\/\/yupie.app\/ro\/wp-json\/wp\/v2\/types\/product"}],"version-history":[{"count":0,"href":"https:\/\/yupie.app\/ro\/wp-json\/wp\/v2\/product\/894\/revisions"}],"wp:featuredmedia":[{"embeddable":true,"href":"https:\/\/yupie.app\/ro\/wp-json\/wp\/v2\/media\/899"}],"wp:attachment":[{"href":"https:\/\/yupie.app\/ro\/wp-json\/wp\/v2\/media?parent=894"}],"wp:term":[{"taxonomy":"product_brand","embeddable":true,"href":"https:\/\/yupie.app\/ro\/wp-json\/wp\/v2\/product_brand?post=894"},{"taxonomy":"product_cat","embeddable":true,"href":"https:\/\/yupie.app\/ro\/wp-json\/wp\/v2\/product_cat?post=894"},{"taxonomy":"product_tag","embeddable":true,"href":"https:\/\/yupie.app\/ro\/wp-json\/wp\/v2\/product_tag?post=894"}],"curies":[{"name":"wp","href":"https:\/\/api.w.org\/{rel}","templated":true}]}}