{"id":6918,"date":"2023-12-29T08:29:51","date_gmt":"2023-12-29T06:29:51","guid":{"rendered":"https:\/\/yupie.hu\/?post_type=product&#038;p=6918"},"modified":"2026-01-06T10:52:53","modified_gmt":"2026-01-06T08:52:53","slug":"grundig-high-fidelity-hangszorok","status":"publish","type":"product","link":"https:\/\/yupie.app\/ro\/product\/grundig-high-fidelity-hangszorok\/","title":{"rendered":"Grundig difuzoare de \u00cenalt\u0103 Fidelitate"},"content":{"rendered":"<p>A Grundig High Fidelity hangsz\u00f3r\u00f3k a kiv\u00e1l\u00f3 min\u0151s\u00e9g\u0171 hangz\u00e1svil\u00e1g \u00e9s a st\u00edlusos, eleg\u00e1ns design t\u00f6k\u00e9letes \u00f6tv\u00f6zet\u00e9t k\u00edn\u00e1lj\u00e1k. A hangsz\u00f3r\u00f3k prec\u00edz kidolgoz\u00e1sa \u00e9s a legfejlettebb hangtechnol\u00f3giai elemek egyes\u00edt\u00e9se r\u00e9v\u00e9n magas szint\u0171 zenei \u00e9lm\u00e9nyt garant\u00e1lnak.<\/p>\n<p>A Grundig m\u00e1rkan\u00e9v \u00f6nmag\u00e1\u00e9rt besz\u00e9l, \u00e9s a High Fidelity hangsz\u00f3r\u00f3k ezt a hagyom\u00e1nyt h\u0171en k\u00f6vetik. A kifinomult hangz\u00e1s \u00e9s a tiszta, r\u00e9szletgazdag hangok mellett a hangsz\u00f3r\u00f3k k\u00fcls\u0151 kialak\u00edt\u00e1sa is figyelemre m\u00e9lt\u00f3. Az eleg\u00e1ns diz\u00e1jn \u00e9s a pr\u00e9mium anyagok felhaszn\u00e1l\u00e1sa teszi \u0151ket kiv\u00e1l\u00f3 v\u00e1laszt\u00e1ss\u00e1 b\u00e1rmelyik otthoni k\u00f6rnyezetbe.<\/p>\n<p>A Grundig hangsz\u00f3r\u00f3k rendk\u00edv\u00fcl sokoldal\u00faak, ide\u00e1lisak zenehallgat\u00e1shoz, filmn\u00e9z\u00e9shez vagy ak\u00e1r otthoni sz\u00f3rakoztat\u00f3 rendszerek r\u00e9szek\u00e9nt. A term\u00e9kek tervez\u00e9se sor\u00e1n a funkcionalit\u00e1s \u00e9s a eszt\u00e9tika harmonikus \u00f6sszhangja volt a c\u00e9l, \u00e9s ennek eredm\u00e9nyek\u00e9nt sz\u00fclettek meg ezek a kimagasl\u00f3 min\u0151s\u00e9g\u0171 hangsz\u00f3r\u00f3k. A Grundig High Fidelity a t\u00f6k\u00e9letes v\u00e1laszt\u00e1s azok sz\u00e1m\u00e1ra, akik \u00e9rt\u00e9kelik a kifinomult hangz\u00e1st \u00e9s a st\u00edlusos megjelen\u00e9st egyetlen k\u00e9sz\u00fcl\u00e9kben.<\/p>","protected":false},"excerpt":{"rendered":"<p>A Grundig High Fidelity hangsz\u00f3r\u00f3k egyed\u00fcl\u00e1ll\u00f3 hang\u00e9lm\u00e9nyt ny\u00fajtanak. \u00d6tv\u00f6zik a prec\u00edzi\u00f3s n\u00e9met m\u00e9rn\u00f6ki tud\u00e1st \u00e9s a kifinomult audi\u00f3technol\u00f3gi\u00e1t. Az exkluz\u00edv diz\u00e1jn \u00e9s a pr\u00e9mium anyagok eleg\u00e1ns kombin\u00e1ci\u00f3j\u00e1val a hangsz\u00f3r\u00f3k nem csup\u00e1n hangsz\u00f3r\u00f3k, hanem kifinomult m\u0171alkot\u00e1sok is. Az \u00e9les \u00e9s tiszta hangz\u00e1s mellett a Grundig High Fidelity hangsz\u00f3r\u00f3k magas min\u0151s\u00e9g\u0171 anyagokb\u00f3l k\u00e9sz\u00fclnek, biztos\u00edtva ezzel a hossz\u00fa \u00e9lettartamot \u00e9s a megb\u00edzhat\u00f3 teljes\u00edtm\u00e9nyt.<\/p>\n<p>A hangsz\u00f3r\u00f3k kifinomult technol\u00f3giai funkci\u00f3kkal rendelkeznek, amelyek lehet\u0151v\u00e9 teszik a zenei \u00e9lm\u00e9ny testreszab\u00e1s\u00e1t a felhaszn\u00e1l\u00f3 egyedi ig\u00e9nyeihez. A hangmin\u0151s\u00e9g kiv\u00e1l\u00f3s\u00e1g\u00e1t t\u00e1mogatja a Grundig elk\u00f6telezetts\u00e9ge a hangz\u00e1s precizit\u00e1s\u00e1ban \u00e9s tisztas\u00e1g\u00e1ban.<\/p>","protected":false},"featured_media":6921,"template":"","meta":[],"product_brand":[],"product_cat":[2397],"product_tag":[85,410,116,662,2238,2301,110,443],"class_list":{"0":"post-6918","1":"product","2":"type-product","3":"status-publish","4":"has-post-thumbnail","6":"product_cat-hangrendszerek","7":"product_tag-barna","8":"product_tag-elektronika","9":"product_tag-fekete","10":"product_tag-grundig","11":"product_tag-hangszorok","12":"product_tag-high-fidelity","13":"product_tag-marka","14":"product_tag-minoseg","15":"description-off","17":"first","18":"instock","19":"shipping-taxable","20":"purchasable","21":"product-type-simple"},"yoast_head":"<!-- This site is optimized with the Yoast SEO plugin v27.3 - https:\/\/yoast.com\/product\/yoast-seo-wordpress\/ -->\n<title>Grundig High Fidelity hangsz\u00f3r\u00f3k - yupie.app<\/title>\n<meta name=\"description\" content=\"A Grundig High Fidelity hangsz\u00f3r\u00f3k a kiv\u00e1l\u00f3 min\u0151s\u00e9g\u0171 hangz\u00e1svil\u00e1g \u00e9s a st\u00edlusos, eleg\u00e1ns design t\u00f6k\u00e9letes \u00f6tv\u00f6zet\u00e9t k\u00edn\u00e1lj\u00e1k.\" \/>\n<meta name=\"robots\" content=\"index, follow, max-snippet:-1, max-image-preview:large, max-video-preview:-1\" \/>\n<link rel=\"canonical\" href=\"https:\/\/yupie.app\/ro\/product\/grundig-high-fidelity-hangszorok\/\" \/>\n<meta property=\"og:locale\" content=\"ro_RO\" \/>\n<meta property=\"og:type\" content=\"article\" \/>\n<meta property=\"og:title\" content=\"Grundig High Fidelity hangsz\u00f3r\u00f3k - yupie.app\" \/>\n<meta property=\"og:description\" content=\"A Grundig High Fidelity hangsz\u00f3r\u00f3k a kiv\u00e1l\u00f3 min\u0151s\u00e9g\u0171 hangz\u00e1svil\u00e1g \u00e9s a st\u00edlusos, eleg\u00e1ns design t\u00f6k\u00e9letes \u00f6tv\u00f6zet\u00e9t k\u00edn\u00e1lj\u00e1k.\" \/>\n<meta property=\"og:url\" content=\"https:\/\/yupie.app\/ro\/product\/grundig-high-fidelity-hangszorok\/\" \/>\n<meta property=\"og:site_name\" content=\"yupie.app\" \/>\n<meta property=\"article:publisher\" content=\"https:\/\/www.facebook.com\/profile.php?id=100089345417295\" \/>\n<meta property=\"article:modified_time\" content=\"2026-01-06T08:52:53+00:00\" \/>\n<meta property=\"og:image\" content=\"https:\/\/yupie.app\/wp-content\/uploads\/2023\/12\/DSC06057-1024x1024.png\" \/>\n\t<meta property=\"og:image:width\" content=\"1024\" \/>\n\t<meta property=\"og:image:height\" content=\"1024\" \/>\n\t<meta property=\"og:image:type\" content=\"image\/png\" \/>\n<meta name=\"twitter:card\" content=\"summary_large_image\" \/>\n<meta name=\"twitter:label1\" content=\"Timp estimat pentru citire\" \/>\n\t<meta name=\"twitter:data1\" content=\"1 minut\" \/>\n<script type=\"application\/ld+json\" class=\"yoast-schema-graph\">{\"@context\":\"https:\\\/\\\/schema.org\",\"@graph\":[{\"@type\":\"WebPage\",\"@id\":\"https:\\\/\\\/yupie.app\\\/product\\\/grundig-high-fidelity-hangszorok\\\/\",\"url\":\"https:\\\/\\\/yupie.app\\\/product\\\/grundig-high-fidelity-hangszorok\\\/\",\"name\":\"Grundig High Fidelity hangsz\u00f3r\u00f3k - yupie.app\",\"isPartOf\":{\"@id\":\"https:\\\/\\\/yupie.app\\\/#website\"},\"primaryImageOfPage\":{\"@id\":\"https:\\\/\\\/yupie.app\\\/product\\\/grundig-high-fidelity-hangszorok\\\/#primaryimage\"},\"image\":{\"@id\":\"https:\\\/\\\/yupie.app\\\/product\\\/grundig-high-fidelity-hangszorok\\\/#primaryimage\"},\"thumbnailUrl\":\"https:\\\/\\\/yupie.app\\\/wp-content\\\/uploads\\\/2023\\\/12\\\/DSC06057.png\",\"datePublished\":\"2023-12-29T06:29:51+00:00\",\"dateModified\":\"2026-01-06T08:52:53+00:00\",\"description\":\"A Grundig High Fidelity hangsz\u00f3r\u00f3k a kiv\u00e1l\u00f3 min\u0151s\u00e9g\u0171 hangz\u00e1svil\u00e1g \u00e9s a st\u00edlusos, eleg\u00e1ns design t\u00f6k\u00e9letes \u00f6tv\u00f6zet\u00e9t k\u00edn\u00e1lj\u00e1k.\",\"breadcrumb\":{\"@id\":\"https:\\\/\\\/yupie.app\\\/product\\\/grundig-high-fidelity-hangszorok\\\/#breadcrumb\"},\"inLanguage\":\"ro-RO\",\"potentialAction\":[{\"@type\":\"ReadAction\",\"target\":[\"https:\\\/\\\/yupie.app\\\/product\\\/grundig-high-fidelity-hangszorok\\\/\"]}]},{\"@type\":\"ImageObject\",\"inLanguage\":\"ro-RO\",\"@id\":\"https:\\\/\\\/yupie.app\\\/product\\\/grundig-high-fidelity-hangszorok\\\/#primaryimage\",\"url\":\"https:\\\/\\\/yupie.app\\\/wp-content\\\/uploads\\\/2023\\\/12\\\/DSC06057.png\",\"contentUrl\":\"https:\\\/\\\/yupie.app\\\/wp-content\\\/uploads\\\/2023\\\/12\\\/DSC06057.png\",\"width\":2346,\"height\":2347,\"caption\":\"Grundig High Fidelity hangsz\u00f3r\u00f3k, elektronika, yupie\"},{\"@type\":\"BreadcrumbList\",\"@id\":\"https:\\\/\\\/yupie.app\\\/product\\\/grundig-high-fidelity-hangszorok\\\/#breadcrumb\",\"itemListElement\":[{\"@type\":\"ListItem\",\"position\":1,\"name\":\"Kezd\u0151lap\",\"item\":\"https:\\\/\\\/yupie.app\\\/\"},{\"@type\":\"ListItem\",\"position\":2,\"name\":\"Katal\u00f3gus\",\"item\":\"https:\\\/\\\/yupie.app\\\/katalogus\\\/\"},{\"@type\":\"ListItem\",\"position\":3,\"name\":\"Grundig High Fidelity hangsz\u00f3r\u00f3k\"}]},{\"@type\":\"WebSite\",\"@id\":\"https:\\\/\\\/yupie.app\\\/#website\",\"url\":\"https:\\\/\\\/yupie.app\\\/\",\"name\":\"yupie.app\",\"description\":\"\",\"publisher\":{\"@id\":\"https:\\\/\\\/yupie.app\\\/#organization\"},\"potentialAction\":[{\"@type\":\"SearchAction\",\"target\":{\"@type\":\"EntryPoint\",\"urlTemplate\":\"https:\\\/\\\/yupie.app\\\/?s={search_term_string}\"},\"query-input\":{\"@type\":\"PropertyValueSpecification\",\"valueRequired\":true,\"valueName\":\"search_term_string\"}}],\"inLanguage\":\"ro-RO\"},{\"@type\":\"Organization\",\"@id\":\"https:\\\/\\\/yupie.app\\\/#organization\",\"name\":\"yupie.app\",\"url\":\"https:\\\/\\\/yupie.app\\\/\",\"logo\":{\"@type\":\"ImageObject\",\"inLanguage\":\"ro-RO\",\"@id\":\"https:\\\/\\\/yupie.app\\\/#\\\/schema\\\/logo\\\/image\\\/\",\"url\":\"https:\\\/\\\/yupie.app\\\/wp-content\\\/uploads\\\/2025\\\/07\\\/cropped-uj-logo.png\",\"contentUrl\":\"https:\\\/\\\/yupie.app\\\/wp-content\\\/uploads\\\/2025\\\/07\\\/cropped-uj-logo.png\",\"width\":500,\"height\":208,\"caption\":\"yupie.app\"},\"image\":{\"@id\":\"https:\\\/\\\/yupie.app\\\/#\\\/schema\\\/logo\\\/image\\\/\"},\"sameAs\":[\"https:\\\/\\\/www.facebook.com\\\/profile.php?id=100089345417295\"]}]}<\/script>\n<!-- \/ Yoast SEO plugin. -->","yoast_head_json":{"title":"Grundig High Fidelity hangsz\u00f3r\u00f3k - yupie.app","description":"A Grundig High Fidelity hangsz\u00f3r\u00f3k a kiv\u00e1l\u00f3 min\u0151s\u00e9g\u0171 hangz\u00e1svil\u00e1g \u00e9s a st\u00edlusos, eleg\u00e1ns design t\u00f6k\u00e9letes \u00f6tv\u00f6zet\u00e9t k\u00edn\u00e1lj\u00e1k.","robots":{"index":"index","follow":"follow","max-snippet":"max-snippet:-1","max-image-preview":"max-image-preview:large","max-video-preview":"max-video-preview:-1"},"canonical":"https:\/\/yupie.app\/ro\/product\/grundig-high-fidelity-hangszorok\/","og_locale":"ro_RO","og_type":"article","og_title":"Grundig High Fidelity hangsz\u00f3r\u00f3k - yupie.app","og_description":"A Grundig High Fidelity hangsz\u00f3r\u00f3k a kiv\u00e1l\u00f3 min\u0151s\u00e9g\u0171 hangz\u00e1svil\u00e1g \u00e9s a st\u00edlusos, eleg\u00e1ns design t\u00f6k\u00e9letes \u00f6tv\u00f6zet\u00e9t k\u00edn\u00e1lj\u00e1k.","og_url":"https:\/\/yupie.app\/ro\/product\/grundig-high-fidelity-hangszorok\/","og_site_name":"yupie.app","article_publisher":"https:\/\/www.facebook.com\/profile.php?id=100089345417295","article_modified_time":"2026-01-06T08:52:53+00:00","og_image":[{"width":1024,"height":1024,"url":"https:\/\/yupie.app\/wp-content\/uploads\/2023\/12\/DSC06057-1024x1024.png","type":"image\/png"}],"twitter_card":"summary_large_image","twitter_misc":{"Timp estimat pentru citire":"1 minut"},"schema":{"@context":"https:\/\/schema.org","@graph":[{"@type":"WebPage","@id":"https:\/\/yupie.app\/product\/grundig-high-fidelity-hangszorok\/","url":"https:\/\/yupie.app\/product\/grundig-high-fidelity-hangszorok\/","name":"Grundig High Fidelity hangsz\u00f3r\u00f3k - yupie.app","isPartOf":{"@id":"https:\/\/yupie.app\/#website"},"primaryImageOfPage":{"@id":"https:\/\/yupie.app\/product\/grundig-high-fidelity-hangszorok\/#primaryimage"},"image":{"@id":"https:\/\/yupie.app\/product\/grundig-high-fidelity-hangszorok\/#primaryimage"},"thumbnailUrl":"https:\/\/yupie.app\/wp-content\/uploads\/2023\/12\/DSC06057.png","datePublished":"2023-12-29T06:29:51+00:00","dateModified":"2026-01-06T08:52:53+00:00","description":"A Grundig High Fidelity hangsz\u00f3r\u00f3k a kiv\u00e1l\u00f3 min\u0151s\u00e9g\u0171 hangz\u00e1svil\u00e1g \u00e9s a st\u00edlusos, eleg\u00e1ns design t\u00f6k\u00e9letes \u00f6tv\u00f6zet\u00e9t k\u00edn\u00e1lj\u00e1k.","breadcrumb":{"@id":"https:\/\/yupie.app\/product\/grundig-high-fidelity-hangszorok\/#breadcrumb"},"inLanguage":"ro-RO","potentialAction":[{"@type":"ReadAction","target":["https:\/\/yupie.app\/product\/grundig-high-fidelity-hangszorok\/"]}]},{"@type":"ImageObject","inLanguage":"ro-RO","@id":"https:\/\/yupie.app\/product\/grundig-high-fidelity-hangszorok\/#primaryimage","url":"https:\/\/yupie.app\/wp-content\/uploads\/2023\/12\/DSC06057.png","contentUrl":"https:\/\/yupie.app\/wp-content\/uploads\/2023\/12\/DSC06057.png","width":2346,"height":2347,"caption":"Grundig High Fidelity hangsz\u00f3r\u00f3k, elektronika, yupie"},{"@type":"BreadcrumbList","@id":"https:\/\/yupie.app\/product\/grundig-high-fidelity-hangszorok\/#breadcrumb","itemListElement":[{"@type":"ListItem","position":1,"name":"Kezd\u0151lap","item":"https:\/\/yupie.app\/"},{"@type":"ListItem","position":2,"name":"Katal\u00f3gus","item":"https:\/\/yupie.app\/katalogus\/"},{"@type":"ListItem","position":3,"name":"Grundig High Fidelity hangsz\u00f3r\u00f3k"}]},{"@type":"WebSite","@id":"https:\/\/yupie.app\/#website","url":"https:\/\/yupie.app\/","name":"yupie.app","description":"","publisher":{"@id":"https:\/\/yupie.app\/#organization"},"potentialAction":[{"@type":"SearchAction","target":{"@type":"EntryPoint","urlTemplate":"https:\/\/yupie.app\/?s={search_term_string}"},"query-input":{"@type":"PropertyValueSpecification","valueRequired":true,"valueName":"search_term_string"}}],"inLanguage":"ro-RO"},{"@type":"Organization","@id":"https:\/\/yupie.app\/#organization","name":"yupie.app","url":"https:\/\/yupie.app\/","logo":{"@type":"ImageObject","inLanguage":"ro-RO","@id":"https:\/\/yupie.app\/#\/schema\/logo\/image\/","url":"https:\/\/yupie.app\/wp-content\/uploads\/2025\/07\/cropped-uj-logo.png","contentUrl":"https:\/\/yupie.app\/wp-content\/uploads\/2025\/07\/cropped-uj-logo.png","width":500,"height":208,"caption":"yupie.app"},"image":{"@id":"https:\/\/yupie.app\/#\/schema\/logo\/image\/"},"sameAs":["https:\/\/www.facebook.com\/profile.php?id=100089345417295"]}]}},"jetpack_sharing_enabled":true,"_links":{"self":[{"href":"https:\/\/yupie.app\/ro\/wp-json\/wp\/v2\/product\/6918","targetHints":{"allow":["GET"]}}],"collection":[{"href":"https:\/\/yupie.app\/ro\/wp-json\/wp\/v2\/product"}],"about":[{"href":"https:\/\/yupie.app\/ro\/wp-json\/wp\/v2\/types\/product"}],"version-history":[{"count":0,"href":"https:\/\/yupie.app\/ro\/wp-json\/wp\/v2\/product\/6918\/revisions"}],"wp:featuredmedia":[{"embeddable":true,"href":"https:\/\/yupie.app\/ro\/wp-json\/wp\/v2\/media\/6921"}],"wp:attachment":[{"href":"https:\/\/yupie.app\/ro\/wp-json\/wp\/v2\/media?parent=6918"}],"wp:term":[{"taxonomy":"product_brand","embeddable":true,"href":"https:\/\/yupie.app\/ro\/wp-json\/wp\/v2\/product_brand?post=6918"},{"taxonomy":"product_cat","embeddable":true,"href":"https:\/\/yupie.app\/ro\/wp-json\/wp\/v2\/product_cat?post=6918"},{"taxonomy":"product_tag","embeddable":true,"href":"https:\/\/yupie.app\/ro\/wp-json\/wp\/v2\/product_tag?post=6918"}],"curies":[{"name":"wp","href":"https:\/\/api.w.org\/{rel}","templated":true}]}}