{"id":689,"date":"2023-02-06T09:35:38","date_gmt":"2023-02-06T07:35:38","guid":{"rendered":"https:\/\/yupie.hu\/?post_type=product&#038;p=689"},"modified":"2026-01-26T09:14:33","modified_gmt":"2026-01-26T07:14:33","slug":"barna-krem-keramia-padlovaza","status":"publish","type":"product","link":"https:\/\/yupie.app\/ro\/product\/barna-krem-keramia-padlovaza\/","title":{"rendered":"\ud83c\udffa Barna\u2013kr\u00e9m ker\u00e1mia padl\u00f3v\u00e1za \u2013 term\u00e9szetes t\u00f3nus\u00fa, eleg\u00e1ns dekor\u00e1ci\u00f3s darab"},"content":{"rendered":"<p data-start=\"507\" data-end=\"684\">Ez a <strong data-start=\"512\" data-end=\"554\">barna\u2013kr\u00e9m \u00e1rnyalat\u00fa ker\u00e1mia padl\u00f3v\u00e1za<\/strong> t\u00f6k\u00e9letes v\u00e1laszt\u00e1s azok sz\u00e1m\u00e1ra, akik <strong data-start=\"594\" data-end=\"620\">nem hars\u00e1ny dekor\u00e1ci\u00f3t<\/strong>, hanem <strong data-start=\"628\" data-end=\"663\">id\u0151t\u00e1ll\u00f3, harmonikus jelenl\u00e9tet<\/strong> keresnek otthonukba.<\/p>\n<p data-start=\"686\" data-end=\"1060\">A term\u00e9szetes sz\u00edn\u00e1tmenetek \u00e9s a ker\u00e1mia anyag meleg hat\u00e1sa lehet\u0151v\u00e9 teszi, hogy a v\u00e1za <strong data-start=\"774\" data-end=\"826\">szinte b\u00e1rmilyen enteri\u0151rbe beilleszthet\u0151 legyen<\/strong>: klasszikus, modern, vintage vagy ak\u00e1r minimalista t\u00e9rben is meg\u00e1llja a hely\u00e9t. Padl\u00f3n elhelyezve \u00f6nmag\u00e1ban is hangs\u00falyos dekor\u00e1ci\u00f3, de <strong data-start=\"963\" data-end=\"1021\">sz\u00e1raz \u00e1gakkal, pampaf\u0171vel vagy hossz\u00fa d\u00edszn\u00f6v\u00e9nyekkel<\/strong> kieg\u00e9sz\u00edtve igaz\u00e1n karakteress\u00e9 v\u00e1lik.<\/p>\n<h3 data-start=\"1062\" data-end=\"1105\">Mi\u00e9rt \u00e9rdemes ezt a darabot v\u00e1lasztani?<\/h3>\n<ul data-start=\"1106\" data-end=\"1395\">\n<li data-start=\"1106\" data-end=\"1156\">\n<p data-start=\"1108\" data-end=\"1156\">\u2714 <strong data-start=\"1110\" data-end=\"1127\">Ker\u00e1mia anyag<\/strong> \u2013 tart\u00f3s, stabil, id\u0151t\u00e1ll\u00f3<\/p>\n<\/li>\n<li data-start=\"1157\" data-end=\"1230\">\n<p data-start=\"1159\" data-end=\"1230\">\u2714 <strong data-start=\"1161\" data-end=\"1185\">Barna\u2013kr\u00e9m sz\u00ednvil\u00e1g<\/strong> \u2013 meleg, term\u00e9szetes, k\u00f6nnyen kombin\u00e1lhat\u00f3<\/p>\n<\/li>\n<li data-start=\"1231\" data-end=\"1294\">\n<p data-start=\"1233\" data-end=\"1294\">\u2714 <strong data-start=\"1235\" data-end=\"1254\">Padl\u00f3v\u00e1za m\u00e9ret<\/strong> \u2013 l\u00e1tv\u00e1nyos, m\u00e9gis eleg\u00e1ns megjelen\u00e9s<\/p>\n<\/li>\n<li data-start=\"1295\" data-end=\"1340\">\n<p data-start=\"1297\" data-end=\"1340\">\u2714 <strong data-start=\"1299\" data-end=\"1338\">Dekor\u00e1ci\u00f3 \u00e9s t\u00e9rform\u00e1l\u00f3 elem egyben<\/strong><\/p>\n<\/li>\n<li data-start=\"1341\" data-end=\"1395\">\n<p data-start=\"1343\" data-end=\"1395\">\u2714 <strong data-start=\"1345\" data-end=\"1362\">Nem t\u00f6megcikk<\/strong> \u2013 karakteres, v\u00e1logatott darab<\/p>\n<\/li>\n<\/ul>\n<p data-start=\"1397\" data-end=\"1627\">Ez a v\u00e1za nem csup\u00e1n egy lak\u00e1skieg\u00e9sz\u00edt\u0151, hanem <strong data-start=\"1445\" data-end=\"1466\">hangulatot teremt<\/strong>: nyugalmat, letisztults\u00e1got \u00e9s term\u00e9szetes egyens\u00falyt sug\u00e1roz. Ide\u00e1lis nappaliba, el\u0151t\u00e9rbe, h\u00e1l\u00f3szob\u00e1ba vagy ak\u00e1r \u00fczleti t\u00e9rbe is, ahol fontos az els\u0151 benyom\u00e1s.<\/p>\n<p>&nbsp;<\/p>","protected":false},"excerpt":{"rendered":"<p>Barna\u2013kr\u00e9m sz\u00edn\u0171 ker\u00e1mia padl\u00f3v\u00e1za term\u00e9szetes t\u00f3nusokkal.<br data-start=\"1738\" data-end=\"1741\" \/>Eleg\u00e1ns, id\u0151t\u00e1ll\u00f3 dekor\u00e1ci\u00f3s elem, amely \u00f6nmag\u00e1ban vagy sz\u00e1raz n\u00f6v\u00e9nyekkel kombin\u00e1lva is karaktert ad a t\u00e9rnek.<\/p>\n<p>&nbsp;<\/p>","protected":false},"featured_media":690,"template":"","meta":[],"product_brand":[],"product_cat":[53],"product_tag":[85,59,73,57,54,90,55],"class_list":{"0":"post-689","1":"product","2":"type-product","3":"status-publish","4":"has-post-thumbnail","6":"product_cat-vazak","7":"product_tag-barna","8":"product_tag-dekoracio","9":"product_tag-elegans","10":"product_tag-keramia","11":"product_tag-mintas","12":"product_tag-padlovaza","13":"product_tag-vaza","14":"description-off","16":"first","17":"instock","18":"shipping-taxable","19":"purchasable","20":"product-type-simple"},"yoast_head":"<!-- This site is optimized with the Yoast SEO plugin v27.3 - https:\/\/yoast.com\/product\/yoast-seo-wordpress\/ -->\n<title>\ud83c\udffa Barna\u2013kr\u00e9m ker\u00e1mia padl\u00f3v\u00e1za \u2013 term\u00e9szetes t\u00f3nus\u00fa, eleg\u00e1ns dekor\u00e1ci\u00f3s darab - yupie.app<\/title>\n<meta name=\"description\" content=\"Ez a barna kr\u00e9m ker\u00e1mia padl\u00f3v\u00e1za a modern lak\u00e1sdekor\u00e1ci\u00f3k egyik kedvelt elem\u00e9nek sz\u00e1m\u00edt. Az eleg\u00e1ns sz\u00edn, a finom text\u00fara egyedi st\u00edlust ad a helyis\u00e9gnek.\" \/>\n<meta name=\"robots\" content=\"index, follow, max-snippet:-1, max-image-preview:large, max-video-preview:-1\" \/>\n<link rel=\"canonical\" href=\"https:\/\/yupie.app\/ro\/product\/barna-krem-keramia-padlovaza\/\" \/>\n<meta property=\"og:locale\" content=\"ro_RO\" \/>\n<meta property=\"og:type\" content=\"article\" \/>\n<meta property=\"og:title\" content=\"\ud83c\udffa Barna\u2013kr\u00e9m ker\u00e1mia padl\u00f3v\u00e1za \u2013 term\u00e9szetes t\u00f3nus\u00fa, eleg\u00e1ns dekor\u00e1ci\u00f3s darab - yupie.app\" \/>\n<meta property=\"og:description\" content=\"Ez a barna kr\u00e9m ker\u00e1mia padl\u00f3v\u00e1za a modern lak\u00e1sdekor\u00e1ci\u00f3k egyik kedvelt elem\u00e9nek sz\u00e1m\u00edt. Az eleg\u00e1ns sz\u00edn, a finom text\u00fara egyedi st\u00edlust ad a helyis\u00e9gnek.\" \/>\n<meta property=\"og:url\" content=\"https:\/\/yupie.app\/ro\/product\/barna-krem-keramia-padlovaza\/\" \/>\n<meta property=\"og:site_name\" content=\"yupie.app\" \/>\n<meta property=\"article:publisher\" content=\"https:\/\/www.facebook.com\/profile.php?id=100089345417295\" \/>\n<meta property=\"article:modified_time\" content=\"2026-01-26T07:14:33+00:00\" \/>\n<meta property=\"og:image\" content=\"https:\/\/yupie.app\/wp-content\/uploads\/2023\/02\/302136897_1093412678047174_8236282856654433567_n.jpg\" \/>\n\t<meta property=\"og:image:width\" content=\"1536\" \/>\n\t<meta property=\"og:image:height\" content=\"2048\" \/>\n\t<meta property=\"og:image:type\" content=\"image\/jpeg\" \/>\n<meta name=\"twitter:card\" content=\"summary_large_image\" \/>\n<meta name=\"twitter:label1\" content=\"Timp estimat pentru citire\" \/>\n\t<meta name=\"twitter:data1\" content=\"1 minut\" \/>\n<script type=\"application\/ld+json\" class=\"yoast-schema-graph\">{\"@context\":\"https:\\\/\\\/schema.org\",\"@graph\":[{\"@type\":\"WebPage\",\"@id\":\"https:\\\/\\\/yupie.app\\\/product\\\/barna-krem-keramia-padlovaza\\\/\",\"url\":\"https:\\\/\\\/yupie.app\\\/product\\\/barna-krem-keramia-padlovaza\\\/\",\"name\":\"\ud83c\udffa Barna\u2013kr\u00e9m ker\u00e1mia padl\u00f3v\u00e1za \u2013 term\u00e9szetes t\u00f3nus\u00fa, eleg\u00e1ns dekor\u00e1ci\u00f3s darab - yupie.app\",\"isPartOf\":{\"@id\":\"https:\\\/\\\/yupie.app\\\/#website\"},\"primaryImageOfPage\":{\"@id\":\"https:\\\/\\\/yupie.app\\\/product\\\/barna-krem-keramia-padlovaza\\\/#primaryimage\"},\"image\":{\"@id\":\"https:\\\/\\\/yupie.app\\\/product\\\/barna-krem-keramia-padlovaza\\\/#primaryimage\"},\"thumbnailUrl\":\"https:\\\/\\\/yupie.app\\\/wp-content\\\/uploads\\\/2023\\\/02\\\/302136897_1093412678047174_8236282856654433567_n.jpg\",\"datePublished\":\"2023-02-06T07:35:38+00:00\",\"dateModified\":\"2026-01-26T07:14:33+00:00\",\"description\":\"Ez a barna kr\u00e9m ker\u00e1mia padl\u00f3v\u00e1za a modern lak\u00e1sdekor\u00e1ci\u00f3k egyik kedvelt elem\u00e9nek sz\u00e1m\u00edt. Az eleg\u00e1ns sz\u00edn, a finom text\u00fara egyedi st\u00edlust ad a helyis\u00e9gnek.\",\"breadcrumb\":{\"@id\":\"https:\\\/\\\/yupie.app\\\/product\\\/barna-krem-keramia-padlovaza\\\/#breadcrumb\"},\"inLanguage\":\"ro-RO\",\"potentialAction\":[{\"@type\":\"ReadAction\",\"target\":[\"https:\\\/\\\/yupie.app\\\/product\\\/barna-krem-keramia-padlovaza\\\/\"]}]},{\"@type\":\"ImageObject\",\"inLanguage\":\"ro-RO\",\"@id\":\"https:\\\/\\\/yupie.app\\\/product\\\/barna-krem-keramia-padlovaza\\\/#primaryimage\",\"url\":\"https:\\\/\\\/yupie.app\\\/wp-content\\\/uploads\\\/2023\\\/02\\\/302136897_1093412678047174_8236282856654433567_n.jpg\",\"contentUrl\":\"https:\\\/\\\/yupie.app\\\/wp-content\\\/uploads\\\/2023\\\/02\\\/302136897_1093412678047174_8236282856654433567_n.jpg\",\"width\":1536,\"height\":2048,\"caption\":\"barna kr\u00e9m ker\u00e1mia padl\u00f3v\u00e1za, dekor\u00e1ci\u00f3, v\u00e1za, yupie\"},{\"@type\":\"BreadcrumbList\",\"@id\":\"https:\\\/\\\/yupie.app\\\/product\\\/barna-krem-keramia-padlovaza\\\/#breadcrumb\",\"itemListElement\":[{\"@type\":\"ListItem\",\"position\":1,\"name\":\"Kezd\u0151lap\",\"item\":\"https:\\\/\\\/yupie.app\\\/\"},{\"@type\":\"ListItem\",\"position\":2,\"name\":\"Katal\u00f3gus\",\"item\":\"https:\\\/\\\/yupie.app\\\/katalogus\\\/\"},{\"@type\":\"ListItem\",\"position\":3,\"name\":\"\ud83c\udffa Barna\u2013kr\u00e9m ker\u00e1mia padl\u00f3v\u00e1za \u2013 term\u00e9szetes t\u00f3nus\u00fa, eleg\u00e1ns dekor\u00e1ci\u00f3s darab\"}]},{\"@type\":\"WebSite\",\"@id\":\"https:\\\/\\\/yupie.app\\\/#website\",\"url\":\"https:\\\/\\\/yupie.app\\\/\",\"name\":\"yupie.app\",\"description\":\"\",\"publisher\":{\"@id\":\"https:\\\/\\\/yupie.app\\\/#organization\"},\"potentialAction\":[{\"@type\":\"SearchAction\",\"target\":{\"@type\":\"EntryPoint\",\"urlTemplate\":\"https:\\\/\\\/yupie.app\\\/?s={search_term_string}\"},\"query-input\":{\"@type\":\"PropertyValueSpecification\",\"valueRequired\":true,\"valueName\":\"search_term_string\"}}],\"inLanguage\":\"ro-RO\"},{\"@type\":\"Organization\",\"@id\":\"https:\\\/\\\/yupie.app\\\/#organization\",\"name\":\"yupie.app\",\"url\":\"https:\\\/\\\/yupie.app\\\/\",\"logo\":{\"@type\":\"ImageObject\",\"inLanguage\":\"ro-RO\",\"@id\":\"https:\\\/\\\/yupie.app\\\/#\\\/schema\\\/logo\\\/image\\\/\",\"url\":\"https:\\\/\\\/yupie.app\\\/wp-content\\\/uploads\\\/2025\\\/07\\\/cropped-uj-logo.png\",\"contentUrl\":\"https:\\\/\\\/yupie.app\\\/wp-content\\\/uploads\\\/2025\\\/07\\\/cropped-uj-logo.png\",\"width\":500,\"height\":208,\"caption\":\"yupie.app\"},\"image\":{\"@id\":\"https:\\\/\\\/yupie.app\\\/#\\\/schema\\\/logo\\\/image\\\/\"},\"sameAs\":[\"https:\\\/\\\/www.facebook.com\\\/profile.php?id=100089345417295\"]}]}<\/script>\n<!-- \/ Yoast SEO plugin. -->","yoast_head_json":{"title":"\ud83c\udffa Barna\u2013kr\u00e9m ker\u00e1mia padl\u00f3v\u00e1za \u2013 term\u00e9szetes t\u00f3nus\u00fa, eleg\u00e1ns dekor\u00e1ci\u00f3s darab - yupie.app","description":"Ez a barna kr\u00e9m ker\u00e1mia padl\u00f3v\u00e1za a modern lak\u00e1sdekor\u00e1ci\u00f3k egyik kedvelt elem\u00e9nek sz\u00e1m\u00edt. Az eleg\u00e1ns sz\u00edn, a finom text\u00fara egyedi st\u00edlust ad a helyis\u00e9gnek.","robots":{"index":"index","follow":"follow","max-snippet":"max-snippet:-1","max-image-preview":"max-image-preview:large","max-video-preview":"max-video-preview:-1"},"canonical":"https:\/\/yupie.app\/ro\/product\/barna-krem-keramia-padlovaza\/","og_locale":"ro_RO","og_type":"article","og_title":"\ud83c\udffa Barna\u2013kr\u00e9m ker\u00e1mia padl\u00f3v\u00e1za \u2013 term\u00e9szetes t\u00f3nus\u00fa, eleg\u00e1ns dekor\u00e1ci\u00f3s darab - yupie.app","og_description":"Ez a barna kr\u00e9m ker\u00e1mia padl\u00f3v\u00e1za a modern lak\u00e1sdekor\u00e1ci\u00f3k egyik kedvelt elem\u00e9nek sz\u00e1m\u00edt. Az eleg\u00e1ns sz\u00edn, a finom text\u00fara egyedi st\u00edlust ad a helyis\u00e9gnek.","og_url":"https:\/\/yupie.app\/ro\/product\/barna-krem-keramia-padlovaza\/","og_site_name":"yupie.app","article_publisher":"https:\/\/www.facebook.com\/profile.php?id=100089345417295","article_modified_time":"2026-01-26T07:14:33+00:00","og_image":[{"width":1536,"height":2048,"url":"https:\/\/yupie.app\/wp-content\/uploads\/2023\/02\/302136897_1093412678047174_8236282856654433567_n.jpg","type":"image\/jpeg"}],"twitter_card":"summary_large_image","twitter_misc":{"Timp estimat pentru citire":"1 minut"},"schema":{"@context":"https:\/\/schema.org","@graph":[{"@type":"WebPage","@id":"https:\/\/yupie.app\/product\/barna-krem-keramia-padlovaza\/","url":"https:\/\/yupie.app\/product\/barna-krem-keramia-padlovaza\/","name":"\ud83c\udffa Barna\u2013kr\u00e9m ker\u00e1mia padl\u00f3v\u00e1za \u2013 term\u00e9szetes t\u00f3nus\u00fa, eleg\u00e1ns dekor\u00e1ci\u00f3s darab - yupie.app","isPartOf":{"@id":"https:\/\/yupie.app\/#website"},"primaryImageOfPage":{"@id":"https:\/\/yupie.app\/product\/barna-krem-keramia-padlovaza\/#primaryimage"},"image":{"@id":"https:\/\/yupie.app\/product\/barna-krem-keramia-padlovaza\/#primaryimage"},"thumbnailUrl":"https:\/\/yupie.app\/wp-content\/uploads\/2023\/02\/302136897_1093412678047174_8236282856654433567_n.jpg","datePublished":"2023-02-06T07:35:38+00:00","dateModified":"2026-01-26T07:14:33+00:00","description":"Ez a barna kr\u00e9m ker\u00e1mia padl\u00f3v\u00e1za a modern lak\u00e1sdekor\u00e1ci\u00f3k egyik kedvelt elem\u00e9nek sz\u00e1m\u00edt. Az eleg\u00e1ns sz\u00edn, a finom text\u00fara egyedi st\u00edlust ad a helyis\u00e9gnek.","breadcrumb":{"@id":"https:\/\/yupie.app\/product\/barna-krem-keramia-padlovaza\/#breadcrumb"},"inLanguage":"ro-RO","potentialAction":[{"@type":"ReadAction","target":["https:\/\/yupie.app\/product\/barna-krem-keramia-padlovaza\/"]}]},{"@type":"ImageObject","inLanguage":"ro-RO","@id":"https:\/\/yupie.app\/product\/barna-krem-keramia-padlovaza\/#primaryimage","url":"https:\/\/yupie.app\/wp-content\/uploads\/2023\/02\/302136897_1093412678047174_8236282856654433567_n.jpg","contentUrl":"https:\/\/yupie.app\/wp-content\/uploads\/2023\/02\/302136897_1093412678047174_8236282856654433567_n.jpg","width":1536,"height":2048,"caption":"barna kr\u00e9m ker\u00e1mia padl\u00f3v\u00e1za, dekor\u00e1ci\u00f3, v\u00e1za, yupie"},{"@type":"BreadcrumbList","@id":"https:\/\/yupie.app\/product\/barna-krem-keramia-padlovaza\/#breadcrumb","itemListElement":[{"@type":"ListItem","position":1,"name":"Kezd\u0151lap","item":"https:\/\/yupie.app\/"},{"@type":"ListItem","position":2,"name":"Katal\u00f3gus","item":"https:\/\/yupie.app\/katalogus\/"},{"@type":"ListItem","position":3,"name":"\ud83c\udffa Barna\u2013kr\u00e9m ker\u00e1mia padl\u00f3v\u00e1za \u2013 term\u00e9szetes t\u00f3nus\u00fa, eleg\u00e1ns dekor\u00e1ci\u00f3s darab"}]},{"@type":"WebSite","@id":"https:\/\/yupie.app\/#website","url":"https:\/\/yupie.app\/","name":"yupie.app","description":"","publisher":{"@id":"https:\/\/yupie.app\/#organization"},"potentialAction":[{"@type":"SearchAction","target":{"@type":"EntryPoint","urlTemplate":"https:\/\/yupie.app\/?s={search_term_string}"},"query-input":{"@type":"PropertyValueSpecification","valueRequired":true,"valueName":"search_term_string"}}],"inLanguage":"ro-RO"},{"@type":"Organization","@id":"https:\/\/yupie.app\/#organization","name":"yupie.app","url":"https:\/\/yupie.app\/","logo":{"@type":"ImageObject","inLanguage":"ro-RO","@id":"https:\/\/yupie.app\/#\/schema\/logo\/image\/","url":"https:\/\/yupie.app\/wp-content\/uploads\/2025\/07\/cropped-uj-logo.png","contentUrl":"https:\/\/yupie.app\/wp-content\/uploads\/2025\/07\/cropped-uj-logo.png","width":500,"height":208,"caption":"yupie.app"},"image":{"@id":"https:\/\/yupie.app\/#\/schema\/logo\/image\/"},"sameAs":["https:\/\/www.facebook.com\/profile.php?id=100089345417295"]}]}},"jetpack_sharing_enabled":true,"_links":{"self":[{"href":"https:\/\/yupie.app\/ro\/wp-json\/wp\/v2\/product\/689","targetHints":{"allow":["GET"]}}],"collection":[{"href":"https:\/\/yupie.app\/ro\/wp-json\/wp\/v2\/product"}],"about":[{"href":"https:\/\/yupie.app\/ro\/wp-json\/wp\/v2\/types\/product"}],"version-history":[{"count":0,"href":"https:\/\/yupie.app\/ro\/wp-json\/wp\/v2\/product\/689\/revisions"}],"wp:featuredmedia":[{"embeddable":true,"href":"https:\/\/yupie.app\/ro\/wp-json\/wp\/v2\/media\/690"}],"wp:attachment":[{"href":"https:\/\/yupie.app\/ro\/wp-json\/wp\/v2\/media?parent=689"}],"wp:term":[{"taxonomy":"product_brand","embeddable":true,"href":"https:\/\/yupie.app\/ro\/wp-json\/wp\/v2\/product_brand?post=689"},{"taxonomy":"product_cat","embeddable":true,"href":"https:\/\/yupie.app\/ro\/wp-json\/wp\/v2\/product_cat?post=689"},{"taxonomy":"product_tag","embeddable":true,"href":"https:\/\/yupie.app\/ro\/wp-json\/wp\/v2\/product_tag?post=689"}],"curies":[{"name":"wp","href":"https:\/\/api.w.org\/{rel}","templated":true}]}}