{"id":6880,"date":"2023-12-28T11:44:48","date_gmt":"2023-12-28T09:44:48","guid":{"rendered":"https:\/\/yupie.hu\/?post_type=product&#038;p=6880"},"modified":"2026-03-16T11:20:22","modified_gmt":"2026-03-16T09:20:22","slug":"boneco-legtisztito","status":"publish","type":"product","link":"https:\/\/yupie.app\/ro\/product\/boneco-legtisztito\/","title":{"rendered":"Boneco L\u00e9gtiszt\u00edt\u00f3 \u2013 Sv\u00e1jci Min\u0151s\u00e9g\u0171 Leveg\u0151tiszt\u00edt\u00f3 K\u00e9sz\u00fcl\u00e9k | Haszn\u00e1lt H\u00e1ztart\u00e1si G\u00e9p"},"content":{"rendered":"<p data-start=\"925\" data-end=\"1208\">A <strong data-start=\"927\" data-end=\"958\">Boneco l\u00e9gtiszt\u00edt\u00f3 k\u00e9sz\u00fcl\u00e9k<\/strong> a sv\u00e1jci leveg\u0151kezel\u00e9si technol\u00f3gia egyik ismert k\u00e9pvisel\u0151je. A Boneco m\u00e1rka vil\u00e1gszerte a <strong data-start=\"1050\" data-end=\"1103\">min\u0151s\u00e9gi leveg\u0151tiszt\u00edt\u00f3 \u00e9s p\u00e1r\u00e1s\u00edt\u00f3 rendszereir\u0151l<\/strong> ismert, amelyek c\u00e9lja a lak\u00f3t\u00e9r leveg\u0151j\u00e9nek tiszt\u00edt\u00e1sa \u00e9s a komfortosabb belt\u00e9ri k\u00f6rnyezet megteremt\u00e9se.<\/p>\n<p data-start=\"1210\" data-end=\"1424\">Ez a k\u00e9sz\u00fcl\u00e9k ide\u00e1lis lehet olyan otthonokba, ahol fontos a <strong data-start=\"1270\" data-end=\"1335\">tiszt\u00e1bb leveg\u0151, az allerg\u00e9nek cs\u00f6kkent\u00e9se \u00e9s a por kisz\u0171r\u00e9se<\/strong>. A l\u00e9gtiszt\u00edt\u00f3k seg\u00edthetnek cs\u00f6kkenteni a leveg\u0151ben tal\u00e1lhat\u00f3 szennyez\u0151d\u00e9seket, p\u00e9ld\u00e1ul:<\/p>\n<ul data-start=\"1426\" data-end=\"1483\">\n<li data-section-id=\"1j3mprl\" data-start=\"1426\" data-end=\"1432\">\n<p data-start=\"1428\" data-end=\"1432\">port<\/p>\n<\/li>\n<li data-section-id=\"10pchoj\" data-start=\"1433\" data-end=\"1445\">\n<p data-start=\"1435\" data-end=\"1445\">polleneket<\/p>\n<\/li>\n<li data-section-id=\"ne9ib8\" data-start=\"1446\" data-end=\"1466\">\n<p data-start=\"1448\" data-end=\"1466\">finom r\u00e9szecsk\u00e9ket<\/p>\n<\/li>\n<li data-section-id=\"g1h317\" data-start=\"1467\" data-end=\"1483\">\n<p data-start=\"1469\" data-end=\"1483\">egyes szagokat<\/p>\n<\/li>\n<\/ul>\n<p data-start=\"1485\" data-end=\"1744\">A Boneco k\u00e9sz\u00fcl\u00e9kek egyik nagy el\u0151nye a <strong data-start=\"1525\" data-end=\"1555\">megb\u00edzhat\u00f3 sv\u00e1jci tervez\u00e9s<\/strong>, amely hossz\u00fa t\u00e1v\u00fa haszn\u00e1latra k\u00e9sz\u00fclt. Emiatt a m\u00e1rka term\u00e9kei a haszn\u00e1lt piacon is keresettek, k\u00fcl\u00f6n\u00f6sen azok k\u00f6r\u00e9ben, akik egy <strong data-start=\"1686\" data-end=\"1743\">min\u0151s\u00e9gi leveg\u0151kezel\u0151 eszk\u00f6zt keresnek kedvez\u0151bb \u00e1ron<\/strong>.<\/p>\n<p data-start=\"1746\" data-end=\"2005\">Ez a p\u00e9ld\u00e1ny jelenleg <strong data-start=\"1768\" data-end=\"1792\">\u00e1tvizsg\u00e1l\u00e1sra szorul<\/strong>, ez\u00e9rt a k\u00e9sz\u00fcl\u00e9k \u00e9rt\u00e9k\u00e9t ennek figyelembev\u00e9tel\u00e9vel hat\u00e1roztuk meg. A Yupie.app v\u00e1llalja, hogy a term\u00e9k <strong data-start=\"1897\" data-end=\"1945\">sz\u00e1ll\u00edt\u00e1s el\u0151tt m\u0171szaki ellen\u0151rz\u00e9sen esik \u00e1t<\/strong>, hogy a v\u00e1s\u00e1rl\u00f3 pontos k\u00e9pet kapjon a k\u00e9sz\u00fcl\u00e9k \u00e1llapot\u00e1r\u00f3l.<\/p>\n<p data-start=\"2007\" data-end=\"2047\">A Boneco l\u00e9gtiszt\u00edt\u00f3 j\u00f3 v\u00e1laszt\u00e1s lehet:<\/p>\n<ul data-start=\"2049\" data-end=\"2155\">\n<li data-section-id=\"1lmhvqz\" data-start=\"2049\" data-end=\"2060\">\n<p data-start=\"2051\" data-end=\"2060\">lak\u00e1sokba<\/p>\n<\/li>\n<li data-section-id=\"1qzzmqg\" data-start=\"2061\" data-end=\"2074\">\n<p data-start=\"2063\" data-end=\"2074\">h\u00e1l\u00f3szob\u00e1ba<\/p>\n<\/li>\n<li data-section-id=\"4nn9lm\" data-start=\"2075\" data-end=\"2084\">\n<p data-start=\"2077\" data-end=\"2084\">irod\u00e1ba<\/p>\n<\/li>\n<li data-section-id=\"1vhw0c1\" data-start=\"2085\" data-end=\"2106\">\n<p data-start=\"2087\" data-end=\"2106\">allergi\u00e1sok sz\u00e1m\u00e1ra<\/p>\n<\/li>\n<li data-section-id=\"1jrknkp\" data-start=\"2107\" data-end=\"2155\">\n<p data-start=\"2109\" data-end=\"2155\">kisebb helyis\u00e9gek leveg\u0151min\u0151s\u00e9g\u00e9nek jav\u00edt\u00e1s\u00e1ra<\/p>\n<\/li>\n<\/ul>\n<p data-start=\"2157\" data-end=\"2300\">Haszn\u00e1lt \u00e1llapotban egy ilyen k\u00e9sz\u00fcl\u00e9k gyakran <strong data-start=\"2204\" data-end=\"2233\">jelent\u0151s \u00e9rt\u00e9ket k\u00e9pvisel<\/strong>, mivel a Boneco m\u00e1rka megb\u00edzhat\u00f3 \u00e9s tart\u00f3s berendez\u00e9seir\u0151l ismert.<\/p>\n<p data-start=\"2302\" data-end=\"2455\">A Yupie.app oldal\u00e1n olyan term\u00e9keket igyeksz\u00fcnk bemutatni, amelyek <strong data-start=\"2369\" data-end=\"2437\">praktikusak, \u00e9rt\u00e9k\u00e1ll\u00f3k \u00e9s val\u00f3di haszn\u00e1lati \u00e9rt\u00e9ket k\u00e9pviselnek<\/strong> a mindennapokban.<\/p>","protected":false},"excerpt":{"rendered":"<p>Haszn\u00e1lt <strong data-start=\"2504\" data-end=\"2535\">Boneco l\u00e9gtiszt\u00edt\u00f3 k\u00e9sz\u00fcl\u00e9k<\/strong>, sv\u00e1jci min\u0151s\u00e9g\u0171 leveg\u0151kezel\u0151 eszk\u00f6z otthoni vagy irodai haszn\u00e1latra. A k\u00e9sz\u00fcl\u00e9k <strong data-start=\"2617\" data-end=\"2641\">\u00e1tvizsg\u00e1l\u00e1sra szorul<\/strong>, amelyet a Yupie.app a sz\u00e1ll\u00edt\u00e1s el\u0151tt v\u00e1llal. Praktikus megold\u00e1s a leveg\u0151 tiszt\u00edt\u00e1s\u00e1ra \u00e9s a por, pollen vagy szennyez\u0151d\u00e9sek cs\u00f6kkent\u00e9s\u00e9re.<\/p>","protected":false},"featured_media":6881,"template":"","meta":[],"product_brand":[],"product_cat":[2663],"product_tag":[2287,410,116,2289,1387,2288,124],"class_list":{"0":"post-6880","1":"product","2":"type-product","3":"status-publish","4":"has-post-thumbnail","6":"product_cat-haztartasi-gepek","7":"product_tag-boneco","8":"product_tag-elektronika","9":"product_tag-fekete","10":"product_tag-friss-levego","11":"product_tag-haztartasi-cikkek","12":"product_tag-legtisztito","13":"product_tag-szurke","14":"description-off","16":"first","17":"instock","18":"shipping-taxable","19":"purchasable","20":"product-type-simple"},"yoast_head":"<!-- This site is optimized with the Yoast SEO plugin v27.3 - https:\/\/yoast.com\/product\/yoast-seo-wordpress\/ -->\n<title>Boneco L\u00e9gtiszt\u00edt\u00f3 K\u00e9sz\u00fcl\u00e9k \u2013 Hat\u00e9kony Leveg\u0151tiszt\u00edt\u00e1s Otthonra<\/title>\n<meta name=\"description\" content=\"A Boneco l\u00e9gtiszt\u00edt\u00f3 kiv\u00e1l\u00f3 min\u0151s\u00e9g\u0171 \u00e9s eszk\u00f6z, melynek c\u00e9lja a tiszta leveg\u0151 biztos\u00edt\u00e1sa otthon\u00e1ban. Hat\u00e9konyan sz\u0171ri ki a leveg\u0151b\u0151l a k\u00e1ros r\u00e9szecsk\u00e9ket.\" \/>\n<meta name=\"robots\" content=\"index, follow, max-snippet:-1, max-image-preview:large, max-video-preview:-1\" \/>\n<link rel=\"canonical\" href=\"https:\/\/yupie.app\/ro\/product\/boneco-legtisztito\/\" \/>\n<meta property=\"og:locale\" content=\"ro_RO\" \/>\n<meta property=\"og:type\" content=\"article\" \/>\n<meta property=\"og:title\" content=\"Boneco L\u00e9gtiszt\u00edt\u00f3 K\u00e9sz\u00fcl\u00e9k \u2013 Hat\u00e9kony Leveg\u0151tiszt\u00edt\u00e1s Otthonra\" \/>\n<meta property=\"og:description\" content=\"A Boneco l\u00e9gtiszt\u00edt\u00f3 kiv\u00e1l\u00f3 min\u0151s\u00e9g\u0171 \u00e9s eszk\u00f6z, melynek c\u00e9lja a tiszta leveg\u0151 biztos\u00edt\u00e1sa otthon\u00e1ban. Hat\u00e9konyan sz\u0171ri ki a leveg\u0151b\u0151l a k\u00e1ros r\u00e9szecsk\u00e9ket.\" \/>\n<meta property=\"og:url\" content=\"https:\/\/yupie.app\/ro\/product\/boneco-legtisztito\/\" \/>\n<meta property=\"og:site_name\" content=\"yupie.app\" \/>\n<meta property=\"article:publisher\" content=\"https:\/\/www.facebook.com\/profile.php?id=100089345417295\" \/>\n<meta property=\"article:modified_time\" content=\"2026-03-16T09:20:22+00:00\" \/>\n<meta property=\"og:image\" content=\"https:\/\/yupie.app\/wp-content\/uploads\/2023\/12\/DSC06003-scaled-1024x1024.png\" \/>\n\t<meta property=\"og:image:width\" content=\"1024\" \/>\n\t<meta property=\"og:image:height\" content=\"1024\" \/>\n\t<meta property=\"og:image:type\" content=\"image\/png\" \/>\n<meta name=\"twitter:card\" content=\"summary_large_image\" \/>\n<meta name=\"twitter:label1\" content=\"Timp estimat pentru citire\" \/>\n\t<meta name=\"twitter:data1\" content=\"2 minute\" \/>\n<script type=\"application\/ld+json\" class=\"yoast-schema-graph\">{\"@context\":\"https:\\\/\\\/schema.org\",\"@graph\":[{\"@type\":\"WebPage\",\"@id\":\"https:\\\/\\\/yupie.app\\\/product\\\/boneco-legtisztito\\\/\",\"url\":\"https:\\\/\\\/yupie.app\\\/product\\\/boneco-legtisztito\\\/\",\"name\":\"Boneco L\u00e9gtiszt\u00edt\u00f3 K\u00e9sz\u00fcl\u00e9k \u2013 Hat\u00e9kony Leveg\u0151tiszt\u00edt\u00e1s Otthonra\",\"isPartOf\":{\"@id\":\"https:\\\/\\\/yupie.app\\\/#website\"},\"primaryImageOfPage\":{\"@id\":\"https:\\\/\\\/yupie.app\\\/product\\\/boneco-legtisztito\\\/#primaryimage\"},\"image\":{\"@id\":\"https:\\\/\\\/yupie.app\\\/product\\\/boneco-legtisztito\\\/#primaryimage\"},\"thumbnailUrl\":\"https:\\\/\\\/yupie.app\\\/wp-content\\\/uploads\\\/2023\\\/12\\\/DSC06003-scaled.png\",\"datePublished\":\"2023-12-28T09:44:48+00:00\",\"dateModified\":\"2026-03-16T09:20:22+00:00\",\"description\":\"A Boneco l\u00e9gtiszt\u00edt\u00f3 kiv\u00e1l\u00f3 min\u0151s\u00e9g\u0171 \u00e9s eszk\u00f6z, melynek c\u00e9lja a tiszta leveg\u0151 biztos\u00edt\u00e1sa otthon\u00e1ban. Hat\u00e9konyan sz\u0171ri ki a leveg\u0151b\u0151l a k\u00e1ros r\u00e9szecsk\u00e9ket.\",\"breadcrumb\":{\"@id\":\"https:\\\/\\\/yupie.app\\\/product\\\/boneco-legtisztito\\\/#breadcrumb\"},\"inLanguage\":\"ro-RO\",\"potentialAction\":[{\"@type\":\"ReadAction\",\"target\":[\"https:\\\/\\\/yupie.app\\\/product\\\/boneco-legtisztito\\\/\"]}]},{\"@type\":\"ImageObject\",\"inLanguage\":\"ro-RO\",\"@id\":\"https:\\\/\\\/yupie.app\\\/product\\\/boneco-legtisztito\\\/#primaryimage\",\"url\":\"https:\\\/\\\/yupie.app\\\/wp-content\\\/uploads\\\/2023\\\/12\\\/DSC06003-scaled.png\",\"contentUrl\":\"https:\\\/\\\/yupie.app\\\/wp-content\\\/uploads\\\/2023\\\/12\\\/DSC06003-scaled.png\",\"width\":2560,\"height\":2560,\"caption\":\"Boneco l\u00e9gtiszt\u00edt\u00f3 \u2013 sv\u00e1jci min\u0151s\u00e9g\u0171 leveg\u0151tiszt\u00edt\u00f3 k\u00e9sz\u00fcl\u00e9k otthoni haszn\u00e1latra\"},{\"@type\":\"BreadcrumbList\",\"@id\":\"https:\\\/\\\/yupie.app\\\/product\\\/boneco-legtisztito\\\/#breadcrumb\",\"itemListElement\":[{\"@type\":\"ListItem\",\"position\":1,\"name\":\"Kezd\u0151lap\",\"item\":\"https:\\\/\\\/yupie.app\\\/\"},{\"@type\":\"ListItem\",\"position\":2,\"name\":\"Katal\u00f3gus\",\"item\":\"https:\\\/\\\/yupie.app\\\/katalogus\\\/\"},{\"@type\":\"ListItem\",\"position\":3,\"name\":\"Boneco L\u00e9gtiszt\u00edt\u00f3 \u2013 Sv\u00e1jci Min\u0151s\u00e9g\u0171 Leveg\u0151tiszt\u00edt\u00f3 K\u00e9sz\u00fcl\u00e9k | Haszn\u00e1lt H\u00e1ztart\u00e1si G\u00e9p\"}]},{\"@type\":\"WebSite\",\"@id\":\"https:\\\/\\\/yupie.app\\\/#website\",\"url\":\"https:\\\/\\\/yupie.app\\\/\",\"name\":\"yupie.app\",\"description\":\"\",\"publisher\":{\"@id\":\"https:\\\/\\\/yupie.app\\\/#organization\"},\"potentialAction\":[{\"@type\":\"SearchAction\",\"target\":{\"@type\":\"EntryPoint\",\"urlTemplate\":\"https:\\\/\\\/yupie.app\\\/?s={search_term_string}\"},\"query-input\":{\"@type\":\"PropertyValueSpecification\",\"valueRequired\":true,\"valueName\":\"search_term_string\"}}],\"inLanguage\":\"ro-RO\"},{\"@type\":\"Organization\",\"@id\":\"https:\\\/\\\/yupie.app\\\/#organization\",\"name\":\"yupie.app\",\"url\":\"https:\\\/\\\/yupie.app\\\/\",\"logo\":{\"@type\":\"ImageObject\",\"inLanguage\":\"ro-RO\",\"@id\":\"https:\\\/\\\/yupie.app\\\/#\\\/schema\\\/logo\\\/image\\\/\",\"url\":\"https:\\\/\\\/yupie.app\\\/wp-content\\\/uploads\\\/2025\\\/07\\\/cropped-uj-logo.png\",\"contentUrl\":\"https:\\\/\\\/yupie.app\\\/wp-content\\\/uploads\\\/2025\\\/07\\\/cropped-uj-logo.png\",\"width\":500,\"height\":208,\"caption\":\"yupie.app\"},\"image\":{\"@id\":\"https:\\\/\\\/yupie.app\\\/#\\\/schema\\\/logo\\\/image\\\/\"},\"sameAs\":[\"https:\\\/\\\/www.facebook.com\\\/profile.php?id=100089345417295\"]}]}<\/script>\n<!-- \/ Yoast SEO plugin. -->","yoast_head_json":{"title":"Boneco L\u00e9gtiszt\u00edt\u00f3 K\u00e9sz\u00fcl\u00e9k \u2013 Hat\u00e9kony Leveg\u0151tiszt\u00edt\u00e1s Otthonra","description":"A Boneco l\u00e9gtiszt\u00edt\u00f3 kiv\u00e1l\u00f3 min\u0151s\u00e9g\u0171 \u00e9s eszk\u00f6z, melynek c\u00e9lja a tiszta leveg\u0151 biztos\u00edt\u00e1sa otthon\u00e1ban. Hat\u00e9konyan sz\u0171ri ki a leveg\u0151b\u0151l a k\u00e1ros r\u00e9szecsk\u00e9ket.","robots":{"index":"index","follow":"follow","max-snippet":"max-snippet:-1","max-image-preview":"max-image-preview:large","max-video-preview":"max-video-preview:-1"},"canonical":"https:\/\/yupie.app\/ro\/product\/boneco-legtisztito\/","og_locale":"ro_RO","og_type":"article","og_title":"Boneco L\u00e9gtiszt\u00edt\u00f3 K\u00e9sz\u00fcl\u00e9k \u2013 Hat\u00e9kony Leveg\u0151tiszt\u00edt\u00e1s Otthonra","og_description":"A Boneco l\u00e9gtiszt\u00edt\u00f3 kiv\u00e1l\u00f3 min\u0151s\u00e9g\u0171 \u00e9s eszk\u00f6z, melynek c\u00e9lja a tiszta leveg\u0151 biztos\u00edt\u00e1sa otthon\u00e1ban. Hat\u00e9konyan sz\u0171ri ki a leveg\u0151b\u0151l a k\u00e1ros r\u00e9szecsk\u00e9ket.","og_url":"https:\/\/yupie.app\/ro\/product\/boneco-legtisztito\/","og_site_name":"yupie.app","article_publisher":"https:\/\/www.facebook.com\/profile.php?id=100089345417295","article_modified_time":"2026-03-16T09:20:22+00:00","og_image":[{"width":1024,"height":1024,"url":"https:\/\/yupie.app\/wp-content\/uploads\/2023\/12\/DSC06003-scaled-1024x1024.png","type":"image\/png"}],"twitter_card":"summary_large_image","twitter_misc":{"Timp estimat pentru citire":"2 minute"},"schema":{"@context":"https:\/\/schema.org","@graph":[{"@type":"WebPage","@id":"https:\/\/yupie.app\/product\/boneco-legtisztito\/","url":"https:\/\/yupie.app\/product\/boneco-legtisztito\/","name":"Boneco L\u00e9gtiszt\u00edt\u00f3 K\u00e9sz\u00fcl\u00e9k \u2013 Hat\u00e9kony Leveg\u0151tiszt\u00edt\u00e1s Otthonra","isPartOf":{"@id":"https:\/\/yupie.app\/#website"},"primaryImageOfPage":{"@id":"https:\/\/yupie.app\/product\/boneco-legtisztito\/#primaryimage"},"image":{"@id":"https:\/\/yupie.app\/product\/boneco-legtisztito\/#primaryimage"},"thumbnailUrl":"https:\/\/yupie.app\/wp-content\/uploads\/2023\/12\/DSC06003-scaled.png","datePublished":"2023-12-28T09:44:48+00:00","dateModified":"2026-03-16T09:20:22+00:00","description":"A Boneco l\u00e9gtiszt\u00edt\u00f3 kiv\u00e1l\u00f3 min\u0151s\u00e9g\u0171 \u00e9s eszk\u00f6z, melynek c\u00e9lja a tiszta leveg\u0151 biztos\u00edt\u00e1sa otthon\u00e1ban. Hat\u00e9konyan sz\u0171ri ki a leveg\u0151b\u0151l a k\u00e1ros r\u00e9szecsk\u00e9ket.","breadcrumb":{"@id":"https:\/\/yupie.app\/product\/boneco-legtisztito\/#breadcrumb"},"inLanguage":"ro-RO","potentialAction":[{"@type":"ReadAction","target":["https:\/\/yupie.app\/product\/boneco-legtisztito\/"]}]},{"@type":"ImageObject","inLanguage":"ro-RO","@id":"https:\/\/yupie.app\/product\/boneco-legtisztito\/#primaryimage","url":"https:\/\/yupie.app\/wp-content\/uploads\/2023\/12\/DSC06003-scaled.png","contentUrl":"https:\/\/yupie.app\/wp-content\/uploads\/2023\/12\/DSC06003-scaled.png","width":2560,"height":2560,"caption":"Boneco l\u00e9gtiszt\u00edt\u00f3 \u2013 sv\u00e1jci min\u0151s\u00e9g\u0171 leveg\u0151tiszt\u00edt\u00f3 k\u00e9sz\u00fcl\u00e9k otthoni haszn\u00e1latra"},{"@type":"BreadcrumbList","@id":"https:\/\/yupie.app\/product\/boneco-legtisztito\/#breadcrumb","itemListElement":[{"@type":"ListItem","position":1,"name":"Kezd\u0151lap","item":"https:\/\/yupie.app\/"},{"@type":"ListItem","position":2,"name":"Katal\u00f3gus","item":"https:\/\/yupie.app\/katalogus\/"},{"@type":"ListItem","position":3,"name":"Boneco L\u00e9gtiszt\u00edt\u00f3 \u2013 Sv\u00e1jci Min\u0151s\u00e9g\u0171 Leveg\u0151tiszt\u00edt\u00f3 K\u00e9sz\u00fcl\u00e9k | Haszn\u00e1lt H\u00e1ztart\u00e1si G\u00e9p"}]},{"@type":"WebSite","@id":"https:\/\/yupie.app\/#website","url":"https:\/\/yupie.app\/","name":"yupie.app","description":"","publisher":{"@id":"https:\/\/yupie.app\/#organization"},"potentialAction":[{"@type":"SearchAction","target":{"@type":"EntryPoint","urlTemplate":"https:\/\/yupie.app\/?s={search_term_string}"},"query-input":{"@type":"PropertyValueSpecification","valueRequired":true,"valueName":"search_term_string"}}],"inLanguage":"ro-RO"},{"@type":"Organization","@id":"https:\/\/yupie.app\/#organization","name":"yupie.app","url":"https:\/\/yupie.app\/","logo":{"@type":"ImageObject","inLanguage":"ro-RO","@id":"https:\/\/yupie.app\/#\/schema\/logo\/image\/","url":"https:\/\/yupie.app\/wp-content\/uploads\/2025\/07\/cropped-uj-logo.png","contentUrl":"https:\/\/yupie.app\/wp-content\/uploads\/2025\/07\/cropped-uj-logo.png","width":500,"height":208,"caption":"yupie.app"},"image":{"@id":"https:\/\/yupie.app\/#\/schema\/logo\/image\/"},"sameAs":["https:\/\/www.facebook.com\/profile.php?id=100089345417295"]}]}},"jetpack_sharing_enabled":true,"_links":{"self":[{"href":"https:\/\/yupie.app\/ro\/wp-json\/wp\/v2\/product\/6880","targetHints":{"allow":["GET"]}}],"collection":[{"href":"https:\/\/yupie.app\/ro\/wp-json\/wp\/v2\/product"}],"about":[{"href":"https:\/\/yupie.app\/ro\/wp-json\/wp\/v2\/types\/product"}],"version-history":[{"count":0,"href":"https:\/\/yupie.app\/ro\/wp-json\/wp\/v2\/product\/6880\/revisions"}],"wp:featuredmedia":[{"embeddable":true,"href":"https:\/\/yupie.app\/ro\/wp-json\/wp\/v2\/media\/6881"}],"wp:attachment":[{"href":"https:\/\/yupie.app\/ro\/wp-json\/wp\/v2\/media?parent=6880"}],"wp:term":[{"taxonomy":"product_brand","embeddable":true,"href":"https:\/\/yupie.app\/ro\/wp-json\/wp\/v2\/product_brand?post=6880"},{"taxonomy":"product_cat","embeddable":true,"href":"https:\/\/yupie.app\/ro\/wp-json\/wp\/v2\/product_cat?post=6880"},{"taxonomy":"product_tag","embeddable":true,"href":"https:\/\/yupie.app\/ro\/wp-json\/wp\/v2\/product_tag?post=6880"}],"curies":[{"name":"wp","href":"https:\/\/api.w.org\/{rel}","templated":true}]}}