{"id":6867,"date":"2023-12-27T19:30:06","date_gmt":"2023-12-27T17:30:06","guid":{"rendered":"https:\/\/yupie.hu\/?post_type=product&#038;p=6867"},"modified":"2026-03-16T08:22:54","modified_gmt":"2026-03-16T06:22:54","slug":"thomas-vaporo-trolley-goztisztito","status":"publish","type":"product","link":"https:\/\/yupie.app\/ro\/product\/thomas-vaporo-trolley-goztisztito\/","title":{"rendered":"Thomas Vaporo Trolley Professzion\u00e1lis G\u0151ztiszt\u00edt\u00f3 \u2013 Er\u0151s H\u00e1ztart\u00e1si Tiszt\u00edt\u00f3g\u00e9p Padl\u00f3hoz, Konyh\u00e1hoz \u00e9s K\u00e1rpithoz"},"content":{"rendered":"<p data-start=\"264\" data-end=\"703\">A <strong data-start=\"266\" data-end=\"319\">Thomas Vaporo Trolley professzion\u00e1lis g\u0151ztiszt\u00edt\u00f3<\/strong> egy er\u0151teljes h\u00e1ztart\u00e1si tiszt\u00edt\u00f3g\u00e9p, amely magas h\u0151m\u00e9rs\u00e9klet\u0171 g\u0151zzel seg\u00edt elt\u00e1vol\u00edtani a szennyez\u0151d\u00e9seket, zs\u00edrt \u00e9s v\u00edzk\u00f6vet k\u00fcl\u00f6nb\u00f6z\u0151 fel\u00fcletekr\u0151l. A g\u0151ztiszt\u00edt\u00e1s egyik legnagyobb el\u0151nye, hogy <strong data-start=\"516\" data-end=\"599\">vegyszerek haszn\u00e1lata n\u00e9lk\u00fcl k\u00e9pes m\u00e9lytiszt\u00edt\u00e1st \u00e9s fert\u0151tlen\u00edt\u00e9st biztos\u00edtani<\/strong>, \u00edgy k\u00f6rnyezetbar\u00e1t \u00e9s hat\u00e9kony megold\u00e1st jelent otthonokban \u00e9s kisebb professzion\u00e1lis k\u00f6rnyezetben is.<\/p>\n<p data-start=\"705\" data-end=\"783\">A <strong data-start=\"707\" data-end=\"744\">Thomas Vaporo Trolley g\u0151ztiszt\u00edt\u00f3<\/strong> ide\u00e1lis v\u00e1laszt\u00e1s lehet t\u00f6bbek k\u00f6z\u00f6tt:<\/p>\n<ul data-start=\"785\" data-end=\"1058\">\n<li data-section-id=\"1cdoqff\" data-start=\"785\" data-end=\"825\">\n<p data-start=\"787\" data-end=\"825\">j\u00e1r\u00f3lap \u00e9s kem\u00e9ny padl\u00f3 tiszt\u00edt\u00e1s\u00e1ra<\/p>\n<\/li>\n<li data-section-id=\"15fkn91\" data-start=\"826\" data-end=\"873\">\n<p data-start=\"828\" data-end=\"873\">fuga \u00e9s nehezen el\u00e9rhet\u0151 r\u00e9sek tiszt\u00edt\u00e1s\u00e1ra<\/p>\n<\/li>\n<li data-section-id=\"nhvn9n\" data-start=\"874\" data-end=\"932\">\n<p data-start=\"876\" data-end=\"932\">konyhai fel\u00fcletek \u00e9s zs\u00edros lerak\u00f3d\u00e1sok elt\u00e1vol\u00edt\u00e1s\u00e1ra<\/p>\n<\/li>\n<li data-section-id=\"wc38gr\" data-start=\"933\" data-end=\"967\">\n<p data-start=\"935\" data-end=\"967\">f\u00fcrd\u0151szobai v\u00edzk\u0151 tiszt\u00edt\u00e1s\u00e1ra<\/p>\n<\/li>\n<li data-section-id=\"mnslqn\" data-start=\"968\" data-end=\"1016\">\n<p data-start=\"970\" data-end=\"1016\">k\u00e1rpitok, kanap\u00e9k \u00e9s aut\u00f3\u00fcl\u00e9sek friss\u00edt\u00e9s\u00e9re<\/p>\n<\/li>\n<li data-section-id=\"5lp3j6\" data-start=\"1017\" data-end=\"1058\">\n<p data-start=\"1019\" data-end=\"1058\">ablakok \u00e9s \u00fcvegfel\u00fcletek tiszt\u00edt\u00e1s\u00e1ra<\/p>\n<\/li>\n<\/ul>\n<p data-start=\"1060\" data-end=\"1223\">A g\u0151z magas h\u0151m\u00e9rs\u00e9klete hat\u00e9konyan oldja fel a szennyez\u0151d\u00e9seket, mik\u00f6zben <strong data-start=\"1135\" data-end=\"1182\">cs\u00f6kkenti a bakt\u00e9riumok \u00e9s atk\u00e1k jelenl\u00e9t\u00e9t<\/strong>, \u00edgy higi\u00e9nikusabb k\u00f6rnyezetet biztos\u00edt.<\/p>\n<p data-start=\"1225\" data-end=\"1479\">Ez a modell <strong data-start=\"1237\" data-end=\"1270\">kerekes trolley kialak\u00edt\u00e1ssal<\/strong> rendelkezik, amely megk\u00f6nny\u00edti a mozgat\u00e1s\u00e1t \u00e9s a haszn\u00e1lat\u00e1t nagyobb fel\u00fcletek tiszt\u00edt\u00e1sa sor\u00e1n. A robusztus fel\u00e9p\u00edt\u00e9s \u00e9s a Thomas m\u00e1rka megb\u00edzhat\u00f3s\u00e1ga miatt ezek a k\u00e9sz\u00fcl\u00e9kek hossz\u00fa \u00e9lettartamukr\u00f3l ismertek.<\/p>\n<p data-start=\"1481\" data-end=\"1775\">\u26a0\ufe0f <strong data-start=\"1484\" data-end=\"1518\">Fontos inform\u00e1ci\u00f3 a term\u00e9kr\u0151l:<\/strong><br data-start=\"1518\" data-end=\"1521\" \/>A k\u00e9sz\u00fcl\u00e9k jelenleg <strong data-start=\"1541\" data-end=\"1565\">\u00e1tvizsg\u00e1l\u00e1sra szorul<\/strong>, ez\u00e9rt a term\u00e9k \u00e9rt\u00e9kes\u00edt\u00e9se el\u0151tt <strong data-start=\"1601\" data-end=\"1700\">c\u00e9g\u00fcnk v\u00e1llalja a k\u00e9sz\u00fcl\u00e9k m\u0171szaki ellen\u0151rz\u00e9s\u00e9t \u00e9s sz\u00fcks\u00e9ges fel\u00fclvizsg\u00e1lat\u00e1t a sz\u00e1ll\u00edt\u00e1s el\u0151tt<\/strong>, hogy a v\u00e1s\u00e1rl\u00f3 megb\u00edzhat\u00f3 \u00e9s haszn\u00e1latra k\u00e9sz \u00e1llapot\u00fa k\u00e9sz\u00fcl\u00e9ket kapjon.<\/p>\n<p data-start=\"1777\" data-end=\"1955\">A <strong data-start=\"1779\" data-end=\"1816\">Thomas Vaporo Trolley g\u0151ztiszt\u00edt\u00f3<\/strong> kiv\u00e1l\u00f3 v\u00e1laszt\u00e1s lehet azok sz\u00e1m\u00e1ra, akik egy <strong data-start=\"1863\" data-end=\"1954\">er\u0151s \u00e9s sokoldal\u00fa tiszt\u00edt\u00f3g\u00e9pet keresnek h\u00e1ztart\u00e1si vagy f\u00e9lprofesszion\u00e1lis haszn\u00e1latra<\/strong>.<\/p>","protected":false},"excerpt":{"rendered":"<p>A <strong data-start=\"1997\" data-end=\"2034\">Thomas Vaporo Trolley g\u0151ztiszt\u00edt\u00f3<\/strong> egy er\u0151s h\u00e1ztart\u00e1si tiszt\u00edt\u00f3g\u00e9p, amely magas h\u0151m\u00e9rs\u00e9klet\u0171 g\u0151zzel seg\u00edt elt\u00e1vol\u00edtani a szennyez\u0151d\u00e9seket padl\u00f3r\u00f3l, konyhai fel\u00fcletekr\u0151l \u00e9s k\u00e1rpitokr\u00f3l. A k\u00e9sz\u00fcl\u00e9k <strong data-start=\"2196\" data-end=\"2220\">\u00e1tvizsg\u00e1l\u00e1sra szorul<\/strong>, amelyet c\u00e9g\u00fcnk a sz\u00e1ll\u00edt\u00e1s el\u0151tt v\u00e1llal.<\/p>","protected":false},"featured_media":6868,"template":"","meta":[],"product_brand":[],"product_cat":[2663],"product_tag":[410,2284,1405,133,2282,2283],"class_list":{"0":"post-6867","1":"product","2":"type-product","3":"status-publish","4":"has-post-thumbnail","6":"product_cat-haztartasi-gepek","7":"product_tag-elektronika","8":"product_tag-goztisztito","9":"product_tag-otthon","10":"product_tag-piros","11":"product_tag-thomas","12":"product_tag-vaporo-trolley","13":"description-off","15":"first","16":"instock","17":"shipping-taxable","18":"purchasable","19":"product-type-simple"},"yoast_head":"<!-- This site is optimized with the Yoast SEO plugin v27.3 - https:\/\/yoast.com\/product\/yoast-seo-wordpress\/ -->\n<title>Thomas Vaporo Trolley Professzion\u00e1lis G\u0151ztiszt\u00edt\u00f3 \u2013 Er\u0151s H\u00e1ztart\u00e1si Tiszt\u00edt\u00f3g\u00e9p Padl\u00f3hoz, Konyh\u00e1hoz \u00e9s K\u00e1rpithoz - yupie.app<\/title>\n<meta name=\"description\" content=\"A homas Vaporo Trolley g\u0151ztiszt\u00edt\u00f3 kiv\u00e1l\u00f3 min\u0151s\u00e9g\u0171 eszk\u00f6z, amely forradalmas\u00edtja a tiszt\u00edt\u00e1si folyamatokat. A g\u00e9p er\u0151teljes g\u0151znyom\u00e1ssal rendelkezik\" \/>\n<meta name=\"robots\" content=\"index, follow, max-snippet:-1, max-image-preview:large, max-video-preview:-1\" \/>\n<link rel=\"canonical\" href=\"https:\/\/yupie.app\/ro\/product\/thomas-vaporo-trolley-goztisztito\/\" \/>\n<meta property=\"og:locale\" content=\"ro_RO\" \/>\n<meta property=\"og:type\" content=\"article\" \/>\n<meta property=\"og:title\" content=\"Thomas Vaporo Trolley Professzion\u00e1lis G\u0151ztiszt\u00edt\u00f3 \u2013 Er\u0151s H\u00e1ztart\u00e1si Tiszt\u00edt\u00f3g\u00e9p Padl\u00f3hoz, Konyh\u00e1hoz \u00e9s K\u00e1rpithoz - yupie.app\" \/>\n<meta property=\"og:description\" content=\"A homas Vaporo Trolley g\u0151ztiszt\u00edt\u00f3 kiv\u00e1l\u00f3 min\u0151s\u00e9g\u0171 eszk\u00f6z, amely forradalmas\u00edtja a tiszt\u00edt\u00e1si folyamatokat. A g\u00e9p er\u0151teljes g\u0151znyom\u00e1ssal rendelkezik\" \/>\n<meta property=\"og:url\" content=\"https:\/\/yupie.app\/ro\/product\/thomas-vaporo-trolley-goztisztito\/\" \/>\n<meta property=\"og:site_name\" content=\"yupie.app\" \/>\n<meta property=\"article:publisher\" content=\"https:\/\/www.facebook.com\/profile.php?id=100089345417295\" \/>\n<meta property=\"article:modified_time\" content=\"2026-03-16T06:22:54+00:00\" \/>\n<meta property=\"og:image\" content=\"https:\/\/yupie.app\/wp-content\/uploads\/2023\/12\/DSC05997-scaled.png\" \/>\n\t<meta property=\"og:image:width\" content=\"2560\" \/>\n\t<meta property=\"og:image:height\" content=\"2560\" \/>\n\t<meta property=\"og:image:type\" content=\"image\/png\" \/>\n<meta name=\"twitter:card\" content=\"summary_large_image\" \/>\n<meta name=\"twitter:label1\" content=\"Timp estimat pentru citire\" \/>\n\t<meta name=\"twitter:data1\" content=\"2 minute\" \/>\n<script type=\"application\/ld+json\" class=\"yoast-schema-graph\">{\"@context\":\"https:\\\/\\\/schema.org\",\"@graph\":[{\"@type\":\"WebPage\",\"@id\":\"https:\\\/\\\/yupie.app\\\/product\\\/thomas-vaporo-trolley-goztisztito\\\/\",\"url\":\"https:\\\/\\\/yupie.app\\\/product\\\/thomas-vaporo-trolley-goztisztito\\\/\",\"name\":\"Thomas Vaporo Trolley Professzion\u00e1lis G\u0151ztiszt\u00edt\u00f3 \u2013 Er\u0151s H\u00e1ztart\u00e1si Tiszt\u00edt\u00f3g\u00e9p Padl\u00f3hoz, Konyh\u00e1hoz \u00e9s K\u00e1rpithoz - yupie.app\",\"isPartOf\":{\"@id\":\"https:\\\/\\\/yupie.app\\\/#website\"},\"primaryImageOfPage\":{\"@id\":\"https:\\\/\\\/yupie.app\\\/product\\\/thomas-vaporo-trolley-goztisztito\\\/#primaryimage\"},\"image\":{\"@id\":\"https:\\\/\\\/yupie.app\\\/product\\\/thomas-vaporo-trolley-goztisztito\\\/#primaryimage\"},\"thumbnailUrl\":\"https:\\\/\\\/yupie.app\\\/wp-content\\\/uploads\\\/2023\\\/12\\\/DSC05997-scaled.png\",\"datePublished\":\"2023-12-27T17:30:06+00:00\",\"dateModified\":\"2026-03-16T06:22:54+00:00\",\"description\":\"A homas Vaporo Trolley g\u0151ztiszt\u00edt\u00f3 kiv\u00e1l\u00f3 min\u0151s\u00e9g\u0171 eszk\u00f6z, amely forradalmas\u00edtja a tiszt\u00edt\u00e1si folyamatokat. A g\u00e9p er\u0151teljes g\u0151znyom\u00e1ssal rendelkezik\",\"breadcrumb\":{\"@id\":\"https:\\\/\\\/yupie.app\\\/product\\\/thomas-vaporo-trolley-goztisztito\\\/#breadcrumb\"},\"inLanguage\":\"ro-RO\",\"potentialAction\":[{\"@type\":\"ReadAction\",\"target\":[\"https:\\\/\\\/yupie.app\\\/product\\\/thomas-vaporo-trolley-goztisztito\\\/\"]}]},{\"@type\":\"ImageObject\",\"inLanguage\":\"ro-RO\",\"@id\":\"https:\\\/\\\/yupie.app\\\/product\\\/thomas-vaporo-trolley-goztisztito\\\/#primaryimage\",\"url\":\"https:\\\/\\\/yupie.app\\\/wp-content\\\/uploads\\\/2023\\\/12\\\/DSC05997-scaled.png\",\"contentUrl\":\"https:\\\/\\\/yupie.app\\\/wp-content\\\/uploads\\\/2023\\\/12\\\/DSC05997-scaled.png\",\"width\":2560,\"height\":2560,\"caption\":\"Thomas Vaporo Trolley professzion\u00e1lis g\u0151ztiszt\u00edt\u00f3 \u2013 hat\u00e9kony tiszt\u00edt\u00e1s padl\u00f3hoz, konyh\u00e1hoz \u00e9s k\u00e1rpithoz\"},{\"@type\":\"BreadcrumbList\",\"@id\":\"https:\\\/\\\/yupie.app\\\/product\\\/thomas-vaporo-trolley-goztisztito\\\/#breadcrumb\",\"itemListElement\":[{\"@type\":\"ListItem\",\"position\":1,\"name\":\"Kezd\u0151lap\",\"item\":\"https:\\\/\\\/yupie.app\\\/\"},{\"@type\":\"ListItem\",\"position\":2,\"name\":\"Katal\u00f3gus\",\"item\":\"https:\\\/\\\/yupie.app\\\/katalogus\\\/\"},{\"@type\":\"ListItem\",\"position\":3,\"name\":\"Thomas Vaporo Trolley Professzion\u00e1lis G\u0151ztiszt\u00edt\u00f3 \u2013 Er\u0151s H\u00e1ztart\u00e1si Tiszt\u00edt\u00f3g\u00e9p Padl\u00f3hoz, Konyh\u00e1hoz \u00e9s K\u00e1rpithoz\"}]},{\"@type\":\"WebSite\",\"@id\":\"https:\\\/\\\/yupie.app\\\/#website\",\"url\":\"https:\\\/\\\/yupie.app\\\/\",\"name\":\"yupie.app\",\"description\":\"\",\"publisher\":{\"@id\":\"https:\\\/\\\/yupie.app\\\/#organization\"},\"potentialAction\":[{\"@type\":\"SearchAction\",\"target\":{\"@type\":\"EntryPoint\",\"urlTemplate\":\"https:\\\/\\\/yupie.app\\\/?s={search_term_string}\"},\"query-input\":{\"@type\":\"PropertyValueSpecification\",\"valueRequired\":true,\"valueName\":\"search_term_string\"}}],\"inLanguage\":\"ro-RO\"},{\"@type\":\"Organization\",\"@id\":\"https:\\\/\\\/yupie.app\\\/#organization\",\"name\":\"yupie.app\",\"url\":\"https:\\\/\\\/yupie.app\\\/\",\"logo\":{\"@type\":\"ImageObject\",\"inLanguage\":\"ro-RO\",\"@id\":\"https:\\\/\\\/yupie.app\\\/#\\\/schema\\\/logo\\\/image\\\/\",\"url\":\"https:\\\/\\\/yupie.app\\\/wp-content\\\/uploads\\\/2025\\\/07\\\/cropped-uj-logo.png\",\"contentUrl\":\"https:\\\/\\\/yupie.app\\\/wp-content\\\/uploads\\\/2025\\\/07\\\/cropped-uj-logo.png\",\"width\":500,\"height\":208,\"caption\":\"yupie.app\"},\"image\":{\"@id\":\"https:\\\/\\\/yupie.app\\\/#\\\/schema\\\/logo\\\/image\\\/\"},\"sameAs\":[\"https:\\\/\\\/www.facebook.com\\\/profile.php?id=100089345417295\"]}]}<\/script>\n<!-- \/ Yoast SEO plugin. -->","yoast_head_json":{"title":"Thomas Vaporo Trolley Professzion\u00e1lis G\u0151ztiszt\u00edt\u00f3 \u2013 Er\u0151s H\u00e1ztart\u00e1si Tiszt\u00edt\u00f3g\u00e9p Padl\u00f3hoz, Konyh\u00e1hoz \u00e9s K\u00e1rpithoz - yupie.app","description":"A homas Vaporo Trolley g\u0151ztiszt\u00edt\u00f3 kiv\u00e1l\u00f3 min\u0151s\u00e9g\u0171 eszk\u00f6z, amely forradalmas\u00edtja a tiszt\u00edt\u00e1si folyamatokat. A g\u00e9p er\u0151teljes g\u0151znyom\u00e1ssal rendelkezik","robots":{"index":"index","follow":"follow","max-snippet":"max-snippet:-1","max-image-preview":"max-image-preview:large","max-video-preview":"max-video-preview:-1"},"canonical":"https:\/\/yupie.app\/ro\/product\/thomas-vaporo-trolley-goztisztito\/","og_locale":"ro_RO","og_type":"article","og_title":"Thomas Vaporo Trolley Professzion\u00e1lis G\u0151ztiszt\u00edt\u00f3 \u2013 Er\u0151s H\u00e1ztart\u00e1si Tiszt\u00edt\u00f3g\u00e9p Padl\u00f3hoz, Konyh\u00e1hoz \u00e9s K\u00e1rpithoz - yupie.app","og_description":"A homas Vaporo Trolley g\u0151ztiszt\u00edt\u00f3 kiv\u00e1l\u00f3 min\u0151s\u00e9g\u0171 eszk\u00f6z, amely forradalmas\u00edtja a tiszt\u00edt\u00e1si folyamatokat. A g\u00e9p er\u0151teljes g\u0151znyom\u00e1ssal rendelkezik","og_url":"https:\/\/yupie.app\/ro\/product\/thomas-vaporo-trolley-goztisztito\/","og_site_name":"yupie.app","article_publisher":"https:\/\/www.facebook.com\/profile.php?id=100089345417295","article_modified_time":"2026-03-16T06:22:54+00:00","og_image":[{"width":2560,"height":2560,"url":"https:\/\/yupie.app\/wp-content\/uploads\/2023\/12\/DSC05997-scaled.png","type":"image\/png"}],"twitter_card":"summary_large_image","twitter_misc":{"Timp estimat pentru citire":"2 minute"},"schema":{"@context":"https:\/\/schema.org","@graph":[{"@type":"WebPage","@id":"https:\/\/yupie.app\/product\/thomas-vaporo-trolley-goztisztito\/","url":"https:\/\/yupie.app\/product\/thomas-vaporo-trolley-goztisztito\/","name":"Thomas Vaporo Trolley Professzion\u00e1lis G\u0151ztiszt\u00edt\u00f3 \u2013 Er\u0151s H\u00e1ztart\u00e1si Tiszt\u00edt\u00f3g\u00e9p Padl\u00f3hoz, Konyh\u00e1hoz \u00e9s K\u00e1rpithoz - yupie.app","isPartOf":{"@id":"https:\/\/yupie.app\/#website"},"primaryImageOfPage":{"@id":"https:\/\/yupie.app\/product\/thomas-vaporo-trolley-goztisztito\/#primaryimage"},"image":{"@id":"https:\/\/yupie.app\/product\/thomas-vaporo-trolley-goztisztito\/#primaryimage"},"thumbnailUrl":"https:\/\/yupie.app\/wp-content\/uploads\/2023\/12\/DSC05997-scaled.png","datePublished":"2023-12-27T17:30:06+00:00","dateModified":"2026-03-16T06:22:54+00:00","description":"A homas Vaporo Trolley g\u0151ztiszt\u00edt\u00f3 kiv\u00e1l\u00f3 min\u0151s\u00e9g\u0171 eszk\u00f6z, amely forradalmas\u00edtja a tiszt\u00edt\u00e1si folyamatokat. A g\u00e9p er\u0151teljes g\u0151znyom\u00e1ssal rendelkezik","breadcrumb":{"@id":"https:\/\/yupie.app\/product\/thomas-vaporo-trolley-goztisztito\/#breadcrumb"},"inLanguage":"ro-RO","potentialAction":[{"@type":"ReadAction","target":["https:\/\/yupie.app\/product\/thomas-vaporo-trolley-goztisztito\/"]}]},{"@type":"ImageObject","inLanguage":"ro-RO","@id":"https:\/\/yupie.app\/product\/thomas-vaporo-trolley-goztisztito\/#primaryimage","url":"https:\/\/yupie.app\/wp-content\/uploads\/2023\/12\/DSC05997-scaled.png","contentUrl":"https:\/\/yupie.app\/wp-content\/uploads\/2023\/12\/DSC05997-scaled.png","width":2560,"height":2560,"caption":"Thomas Vaporo Trolley professzion\u00e1lis g\u0151ztiszt\u00edt\u00f3 \u2013 hat\u00e9kony tiszt\u00edt\u00e1s padl\u00f3hoz, konyh\u00e1hoz \u00e9s k\u00e1rpithoz"},{"@type":"BreadcrumbList","@id":"https:\/\/yupie.app\/product\/thomas-vaporo-trolley-goztisztito\/#breadcrumb","itemListElement":[{"@type":"ListItem","position":1,"name":"Kezd\u0151lap","item":"https:\/\/yupie.app\/"},{"@type":"ListItem","position":2,"name":"Katal\u00f3gus","item":"https:\/\/yupie.app\/katalogus\/"},{"@type":"ListItem","position":3,"name":"Thomas Vaporo Trolley Professzion\u00e1lis G\u0151ztiszt\u00edt\u00f3 \u2013 Er\u0151s H\u00e1ztart\u00e1si Tiszt\u00edt\u00f3g\u00e9p Padl\u00f3hoz, Konyh\u00e1hoz \u00e9s K\u00e1rpithoz"}]},{"@type":"WebSite","@id":"https:\/\/yupie.app\/#website","url":"https:\/\/yupie.app\/","name":"yupie.app","description":"","publisher":{"@id":"https:\/\/yupie.app\/#organization"},"potentialAction":[{"@type":"SearchAction","target":{"@type":"EntryPoint","urlTemplate":"https:\/\/yupie.app\/?s={search_term_string}"},"query-input":{"@type":"PropertyValueSpecification","valueRequired":true,"valueName":"search_term_string"}}],"inLanguage":"ro-RO"},{"@type":"Organization","@id":"https:\/\/yupie.app\/#organization","name":"yupie.app","url":"https:\/\/yupie.app\/","logo":{"@type":"ImageObject","inLanguage":"ro-RO","@id":"https:\/\/yupie.app\/#\/schema\/logo\/image\/","url":"https:\/\/yupie.app\/wp-content\/uploads\/2025\/07\/cropped-uj-logo.png","contentUrl":"https:\/\/yupie.app\/wp-content\/uploads\/2025\/07\/cropped-uj-logo.png","width":500,"height":208,"caption":"yupie.app"},"image":{"@id":"https:\/\/yupie.app\/#\/schema\/logo\/image\/"},"sameAs":["https:\/\/www.facebook.com\/profile.php?id=100089345417295"]}]}},"jetpack_sharing_enabled":true,"_links":{"self":[{"href":"https:\/\/yupie.app\/ro\/wp-json\/wp\/v2\/product\/6867","targetHints":{"allow":["GET"]}}],"collection":[{"href":"https:\/\/yupie.app\/ro\/wp-json\/wp\/v2\/product"}],"about":[{"href":"https:\/\/yupie.app\/ro\/wp-json\/wp\/v2\/types\/product"}],"version-history":[{"count":0,"href":"https:\/\/yupie.app\/ro\/wp-json\/wp\/v2\/product\/6867\/revisions"}],"wp:featuredmedia":[{"embeddable":true,"href":"https:\/\/yupie.app\/ro\/wp-json\/wp\/v2\/media\/6868"}],"wp:attachment":[{"href":"https:\/\/yupie.app\/ro\/wp-json\/wp\/v2\/media?parent=6867"}],"wp:term":[{"taxonomy":"product_brand","embeddable":true,"href":"https:\/\/yupie.app\/ro\/wp-json\/wp\/v2\/product_brand?post=6867"},{"taxonomy":"product_cat","embeddable":true,"href":"https:\/\/yupie.app\/ro\/wp-json\/wp\/v2\/product_cat?post=6867"},{"taxonomy":"product_tag","embeddable":true,"href":"https:\/\/yupie.app\/ro\/wp-json\/wp\/v2\/product_tag?post=6867"}],"curies":[{"name":"wp","href":"https:\/\/api.w.org\/{rel}","templated":true}]}}