{"id":6862,"date":"2023-12-27T19:02:07","date_gmt":"2023-12-27T17:02:07","guid":{"rendered":"https:\/\/yupie.hu\/?post_type=product&#038;p=6862"},"modified":"2026-03-13T09:31:14","modified_gmt":"2026-03-13T07:31:14","slug":"evotools-hegeszto-inverter","status":"publish","type":"product","link":"https:\/\/yupie.app\/ro\/product\/evotools-hegeszto-inverter\/","title":{"rendered":"Evotools inverteres hegeszt\u0151g\u00e9p \u2013 MMA hegeszt\u0151 inverter m\u0171hely \u00e9s bark\u00e1cs munk\u00e1khoz"},"content":{"rendered":"<p data-start=\"921\" data-end=\"1232\">Az <strong data-start=\"924\" data-end=\"959\">Evotools inverteres hegeszt\u0151g\u00e9p<\/strong> egy kompakt \u00e9s praktikus megold\u00e1s mindazok sz\u00e1m\u00e1ra, akik megb\u00edzhat\u00f3 hegeszt\u0151berendez\u00e9st keresnek m\u0171helymunk\u00e1hoz, jav\u00edt\u00e1sokhoz vagy bark\u00e1cs feladatokhoz. Az inverteres technol\u00f3gia lehet\u0151v\u00e9 teszi a stabil \u00edv kialakul\u00e1s\u00e1t \u00e9s az egyenletes hegeszt\u00e9st k\u00fcl\u00f6nb\u00f6z\u0151 f\u00e9mfel\u00fcleteken.<\/p>\n<p data-start=\"1234\" data-end=\"1455\">Az inverteres hegeszt\u0151g\u00e9pek egyik legnagyobb el\u0151nye a <strong data-start=\"1288\" data-end=\"1359\">kisebb s\u00faly, az energiahat\u00e9kony m\u0171k\u00f6d\u00e9s \u00e9s az egyszer\u0171 kezelhet\u0151s\u00e9g<\/strong>, ami k\u00fcl\u00f6n\u00f6sen hasznoss\u00e1 teszi \u0151ket m\u0171helyekben, gar\u00e1zsokban vagy ak\u00e1r mobil munkav\u00e9gz\u00e9s sor\u00e1n.<\/p>\n<p data-start=\"1457\" data-end=\"1670\">Az Evotools m\u00e1rka a k\u00f6z\u00e9p-kelet eur\u00f3pai piacon j\u00f3l ismert a <strong data-start=\"1517\" data-end=\"1564\">megb\u00edzhat\u00f3 \u00e9s megfizethet\u0151 szersz\u00e1mg\u00e9peir\u0151l<\/strong>, ez\u00e9rt ez a hegeszt\u0151 inverter is j\u00f3 v\u00e1laszt\u00e1s lehet mind kezd\u0151k, mind tapasztaltabb felhaszn\u00e1l\u00f3k sz\u00e1m\u00e1ra.<\/p>\n<p data-start=\"1672\" data-end=\"1709\">Ez a k\u00e9sz\u00fcl\u00e9k alkalmas t\u00f6bbek k\u00f6z\u00f6tt:<\/p>\n<ul data-start=\"1711\" data-end=\"1844\">\n<li data-section-id=\"w0c3ws\" data-start=\"1711\" data-end=\"1744\">\n<p data-start=\"1713\" data-end=\"1744\">ac\u00e9l szerkezetek hegeszt\u00e9s\u00e9re<\/p>\n<\/li>\n<li data-section-id=\"jlzh1p\" data-start=\"1745\" data-end=\"1767\">\n<p data-start=\"1747\" data-end=\"1767\">m\u0171hely jav\u00edt\u00e1sokra<\/p>\n<\/li>\n<li data-section-id=\"1lc8l7n\" data-start=\"1768\" data-end=\"1801\">\n<p data-start=\"1770\" data-end=\"1801\">kapuk \u00e9s ker\u00edt\u00e9sek jav\u00edt\u00e1s\u00e1ra<\/p>\n<\/li>\n<li data-section-id=\"1lxrn7y\" data-start=\"1802\" data-end=\"1844\">\n<p data-start=\"1804\" data-end=\"1844\">f\u00e9m szerkezetek bark\u00e1cs jelleg\u0171 munk\u00e1ira<\/p>\n<\/li>\n<\/ul>\n<p data-start=\"1846\" data-end=\"2097\">Fontos megjegyezni, hogy a k\u00e9sz\u00fcl\u00e9k <strong data-start=\"1882\" data-end=\"1906\">\u00e1tvizsg\u00e1l\u00e1st ig\u00e9nyel<\/strong>, amelyet a Yupie.app csapata <strong data-start=\"1936\" data-end=\"1962\">sz\u00e1ll\u00edt\u00e1s el\u0151tt v\u00e1llal<\/strong>. Ennek sor\u00e1n ellen\u0151rizz\u00fck a k\u00e9sz\u00fcl\u00e9k alapvet\u0151 m\u0171k\u00f6d\u00e9s\u00e9t \u00e9s \u00e1llapot\u00e1t, hogy a v\u00e1s\u00e1rl\u00f3 egy ellen\u0151rz\u00f6tt \u00e9s megb\u00edzhat\u00f3 berendez\u00e9st kapjon.<\/p>\n<p data-start=\"2099\" data-end=\"2269\">Ez az elj\u00e1r\u00e1s k\u00fcl\u00f6n\u00f6sen fontos az ilyen t\u00edpus\u00fa haszn\u00e1lt m\u0171szaki eszk\u00f6z\u00f6kn\u00e9l, mivel biztos\u00edtja, hogy a berendez\u00e9s megfelel\u0151en m\u0171k\u00f6dj\u00f6n \u00e9s biztons\u00e1gosan haszn\u00e1lhat\u00f3 legyen.<\/p>\n<p data-start=\"2271\" data-end=\"2438\">Az Evotools inverteres hegeszt\u0151g\u00e9p \u00edgy egy <strong data-start=\"2314\" data-end=\"2351\">kedvez\u0151 \u00e1r-\u00e9rt\u00e9k ar\u00e1ny\u00fa v\u00e1laszt\u00e1s<\/strong>, amely ide\u00e1lis lehet m\u0171helyek, bark\u00e1csol\u00f3k vagy kisebb f\u00e9mmegmunk\u00e1l\u00e1si munk\u00e1k sz\u00e1m\u00e1ra.<\/p>","protected":false},"excerpt":{"rendered":"<p>Evotools inverteres hegeszt\u0151g\u00e9p MMA hegeszt\u00e9shez. Kompakt \u00e9s praktikus megold\u00e1s m\u0171helymunk\u00e1khoz \u00e9s bark\u00e1cs feladatokhoz. A k\u00e9sz\u00fcl\u00e9k sz\u00e1ll\u00edt\u00e1s el\u0151tt \u00e1tvizsg\u00e1l\u00e1sra ker\u00fcl, hogy megb\u00edzhat\u00f3 \u00e1llapotban ker\u00fclj\u00f6n a v\u00e1s\u00e1rl\u00f3hoz.<\/p>","protected":false},"featured_media":6863,"template":"","meta":[],"product_brand":[],"product_cat":[2645],"product_tag":[410,2280,116,2281,1801,443,1038],"class_list":{"0":"post-6862","1":"product","2":"type-product","3":"status-publish","4":"has-post-thumbnail","6":"product_cat-hegeszto-felszereles","7":"product_tag-elektronika","8":"product_tag-evotools","9":"product_tag-fekete","10":"product_tag-hegeszto-inverter","11":"product_tag-megbizhato","12":"product_tag-minoseg","13":"product_tag-narancs","14":"description-off","16":"first","17":"instock","18":"shipping-taxable","19":"purchasable","20":"product-type-simple"},"yoast_head":"<!-- This site is optimized with the Yoast SEO plugin v27.3 - https:\/\/yoast.com\/product\/yoast-seo-wordpress\/ -->\n<title>Evotools inverteres hegeszt\u0151g\u00e9p MMA hegeszt\u0151 inverter<\/title>\n<meta name=\"description\" content=\"Az Evotools hegeszt\u0151 inverter kiv\u00e1l\u00f3 min\u0151s\u00e9g\u0171, megb\u00edzhat\u00f3 \u00e9s sokoldal\u00fa hegeszt\u0151g\u00e9p, amely ide\u00e1lis v\u00e1laszt\u00e1s ak\u00e1r a kezd\u0151 szakemberek sz\u00e1m\u00e1ra is.\" \/>\n<meta name=\"robots\" content=\"index, follow, max-snippet:-1, max-image-preview:large, max-video-preview:-1\" \/>\n<link rel=\"canonical\" href=\"https:\/\/yupie.app\/ro\/product\/evotools-hegeszto-inverter\/\" \/>\n<meta property=\"og:locale\" content=\"ro_RO\" \/>\n<meta property=\"og:type\" content=\"article\" \/>\n<meta property=\"og:title\" content=\"Evotools inverteres hegeszt\u0151g\u00e9p MMA hegeszt\u0151 inverter\" \/>\n<meta property=\"og:description\" content=\"Az Evotools hegeszt\u0151 inverter kiv\u00e1l\u00f3 min\u0151s\u00e9g\u0171, megb\u00edzhat\u00f3 \u00e9s sokoldal\u00fa hegeszt\u0151g\u00e9p, amely ide\u00e1lis v\u00e1laszt\u00e1s ak\u00e1r a kezd\u0151 szakemberek sz\u00e1m\u00e1ra is.\" \/>\n<meta property=\"og:url\" content=\"https:\/\/yupie.app\/ro\/product\/evotools-hegeszto-inverter\/\" \/>\n<meta property=\"og:site_name\" content=\"yupie.app\" \/>\n<meta property=\"article:publisher\" content=\"https:\/\/www.facebook.com\/profile.php?id=100089345417295\" \/>\n<meta property=\"article:modified_time\" content=\"2026-03-13T07:31:14+00:00\" \/>\n<meta property=\"og:image\" content=\"https:\/\/yupie.app\/wp-content\/uploads\/2023\/12\/DSC05993.png\" \/>\n\t<meta property=\"og:image:width\" content=\"2452\" \/>\n\t<meta property=\"og:image:height\" content=\"2452\" \/>\n\t<meta property=\"og:image:type\" content=\"image\/png\" \/>\n<meta name=\"twitter:card\" content=\"summary_large_image\" \/>\n<meta name=\"twitter:label1\" content=\"Timp estimat pentru citire\" \/>\n\t<meta name=\"twitter:data1\" content=\"2 minute\" \/>\n<script type=\"application\/ld+json\" class=\"yoast-schema-graph\">{\"@context\":\"https:\\\/\\\/schema.org\",\"@graph\":[{\"@type\":\"WebPage\",\"@id\":\"https:\\\/\\\/yupie.app\\\/product\\\/evotools-hegeszto-inverter\\\/\",\"url\":\"https:\\\/\\\/yupie.app\\\/product\\\/evotools-hegeszto-inverter\\\/\",\"name\":\"Evotools inverteres hegeszt\u0151g\u00e9p MMA hegeszt\u0151 inverter\",\"isPartOf\":{\"@id\":\"https:\\\/\\\/yupie.app\\\/#website\"},\"primaryImageOfPage\":{\"@id\":\"https:\\\/\\\/yupie.app\\\/product\\\/evotools-hegeszto-inverter\\\/#primaryimage\"},\"image\":{\"@id\":\"https:\\\/\\\/yupie.app\\\/product\\\/evotools-hegeszto-inverter\\\/#primaryimage\"},\"thumbnailUrl\":\"https:\\\/\\\/yupie.app\\\/wp-content\\\/uploads\\\/2023\\\/12\\\/DSC05993.png\",\"datePublished\":\"2023-12-27T17:02:07+00:00\",\"dateModified\":\"2026-03-13T07:31:14+00:00\",\"description\":\"Az Evotools hegeszt\u0151 inverter kiv\u00e1l\u00f3 min\u0151s\u00e9g\u0171, megb\u00edzhat\u00f3 \u00e9s sokoldal\u00fa hegeszt\u0151g\u00e9p, amely ide\u00e1lis v\u00e1laszt\u00e1s ak\u00e1r a kezd\u0151 szakemberek sz\u00e1m\u00e1ra is.\",\"breadcrumb\":{\"@id\":\"https:\\\/\\\/yupie.app\\\/product\\\/evotools-hegeszto-inverter\\\/#breadcrumb\"},\"inLanguage\":\"ro-RO\",\"potentialAction\":[{\"@type\":\"ReadAction\",\"target\":[\"https:\\\/\\\/yupie.app\\\/product\\\/evotools-hegeszto-inverter\\\/\"]}]},{\"@type\":\"ImageObject\",\"inLanguage\":\"ro-RO\",\"@id\":\"https:\\\/\\\/yupie.app\\\/product\\\/evotools-hegeszto-inverter\\\/#primaryimage\",\"url\":\"https:\\\/\\\/yupie.app\\\/wp-content\\\/uploads\\\/2023\\\/12\\\/DSC05993.png\",\"contentUrl\":\"https:\\\/\\\/yupie.app\\\/wp-content\\\/uploads\\\/2023\\\/12\\\/DSC05993.png\",\"width\":2452,\"height\":2452,\"caption\":\"Evotools inverteres hegeszt\u0151g\u00e9p \u2013 kompakt MMA hegeszt\u0151 inverter m\u0171helymunk\u00e1hoz\"},{\"@type\":\"BreadcrumbList\",\"@id\":\"https:\\\/\\\/yupie.app\\\/product\\\/evotools-hegeszto-inverter\\\/#breadcrumb\",\"itemListElement\":[{\"@type\":\"ListItem\",\"position\":1,\"name\":\"Kezd\u0151lap\",\"item\":\"https:\\\/\\\/yupie.app\\\/\"},{\"@type\":\"ListItem\",\"position\":2,\"name\":\"Katal\u00f3gus\",\"item\":\"https:\\\/\\\/yupie.app\\\/katalogus\\\/\"},{\"@type\":\"ListItem\",\"position\":3,\"name\":\"Evotools inverteres hegeszt\u0151g\u00e9p \u2013 MMA hegeszt\u0151 inverter m\u0171hely \u00e9s bark\u00e1cs munk\u00e1khoz\"}]},{\"@type\":\"WebSite\",\"@id\":\"https:\\\/\\\/yupie.app\\\/#website\",\"url\":\"https:\\\/\\\/yupie.app\\\/\",\"name\":\"yupie.app\",\"description\":\"\",\"publisher\":{\"@id\":\"https:\\\/\\\/yupie.app\\\/#organization\"},\"potentialAction\":[{\"@type\":\"SearchAction\",\"target\":{\"@type\":\"EntryPoint\",\"urlTemplate\":\"https:\\\/\\\/yupie.app\\\/?s={search_term_string}\"},\"query-input\":{\"@type\":\"PropertyValueSpecification\",\"valueRequired\":true,\"valueName\":\"search_term_string\"}}],\"inLanguage\":\"ro-RO\"},{\"@type\":\"Organization\",\"@id\":\"https:\\\/\\\/yupie.app\\\/#organization\",\"name\":\"yupie.app\",\"url\":\"https:\\\/\\\/yupie.app\\\/\",\"logo\":{\"@type\":\"ImageObject\",\"inLanguage\":\"ro-RO\",\"@id\":\"https:\\\/\\\/yupie.app\\\/#\\\/schema\\\/logo\\\/image\\\/\",\"url\":\"https:\\\/\\\/yupie.app\\\/wp-content\\\/uploads\\\/2025\\\/07\\\/cropped-uj-logo.png\",\"contentUrl\":\"https:\\\/\\\/yupie.app\\\/wp-content\\\/uploads\\\/2025\\\/07\\\/cropped-uj-logo.png\",\"width\":500,\"height\":208,\"caption\":\"yupie.app\"},\"image\":{\"@id\":\"https:\\\/\\\/yupie.app\\\/#\\\/schema\\\/logo\\\/image\\\/\"},\"sameAs\":[\"https:\\\/\\\/www.facebook.com\\\/profile.php?id=100089345417295\"]}]}<\/script>\n<!-- \/ Yoast SEO plugin. -->","yoast_head_json":{"title":"Evotools inverteres hegeszt\u0151g\u00e9p MMA hegeszt\u0151 inverter","description":"Az Evotools hegeszt\u0151 inverter kiv\u00e1l\u00f3 min\u0151s\u00e9g\u0171, megb\u00edzhat\u00f3 \u00e9s sokoldal\u00fa hegeszt\u0151g\u00e9p, amely ide\u00e1lis v\u00e1laszt\u00e1s ak\u00e1r a kezd\u0151 szakemberek sz\u00e1m\u00e1ra is.","robots":{"index":"index","follow":"follow","max-snippet":"max-snippet:-1","max-image-preview":"max-image-preview:large","max-video-preview":"max-video-preview:-1"},"canonical":"https:\/\/yupie.app\/ro\/product\/evotools-hegeszto-inverter\/","og_locale":"ro_RO","og_type":"article","og_title":"Evotools inverteres hegeszt\u0151g\u00e9p MMA hegeszt\u0151 inverter","og_description":"Az Evotools hegeszt\u0151 inverter kiv\u00e1l\u00f3 min\u0151s\u00e9g\u0171, megb\u00edzhat\u00f3 \u00e9s sokoldal\u00fa hegeszt\u0151g\u00e9p, amely ide\u00e1lis v\u00e1laszt\u00e1s ak\u00e1r a kezd\u0151 szakemberek sz\u00e1m\u00e1ra is.","og_url":"https:\/\/yupie.app\/ro\/product\/evotools-hegeszto-inverter\/","og_site_name":"yupie.app","article_publisher":"https:\/\/www.facebook.com\/profile.php?id=100089345417295","article_modified_time":"2026-03-13T07:31:14+00:00","og_image":[{"width":2452,"height":2452,"url":"https:\/\/yupie.app\/wp-content\/uploads\/2023\/12\/DSC05993.png","type":"image\/png"}],"twitter_card":"summary_large_image","twitter_misc":{"Timp estimat pentru citire":"2 minute"},"schema":{"@context":"https:\/\/schema.org","@graph":[{"@type":"WebPage","@id":"https:\/\/yupie.app\/product\/evotools-hegeszto-inverter\/","url":"https:\/\/yupie.app\/product\/evotools-hegeszto-inverter\/","name":"Evotools inverteres hegeszt\u0151g\u00e9p MMA hegeszt\u0151 inverter","isPartOf":{"@id":"https:\/\/yupie.app\/#website"},"primaryImageOfPage":{"@id":"https:\/\/yupie.app\/product\/evotools-hegeszto-inverter\/#primaryimage"},"image":{"@id":"https:\/\/yupie.app\/product\/evotools-hegeszto-inverter\/#primaryimage"},"thumbnailUrl":"https:\/\/yupie.app\/wp-content\/uploads\/2023\/12\/DSC05993.png","datePublished":"2023-12-27T17:02:07+00:00","dateModified":"2026-03-13T07:31:14+00:00","description":"Az Evotools hegeszt\u0151 inverter kiv\u00e1l\u00f3 min\u0151s\u00e9g\u0171, megb\u00edzhat\u00f3 \u00e9s sokoldal\u00fa hegeszt\u0151g\u00e9p, amely ide\u00e1lis v\u00e1laszt\u00e1s ak\u00e1r a kezd\u0151 szakemberek sz\u00e1m\u00e1ra is.","breadcrumb":{"@id":"https:\/\/yupie.app\/product\/evotools-hegeszto-inverter\/#breadcrumb"},"inLanguage":"ro-RO","potentialAction":[{"@type":"ReadAction","target":["https:\/\/yupie.app\/product\/evotools-hegeszto-inverter\/"]}]},{"@type":"ImageObject","inLanguage":"ro-RO","@id":"https:\/\/yupie.app\/product\/evotools-hegeszto-inverter\/#primaryimage","url":"https:\/\/yupie.app\/wp-content\/uploads\/2023\/12\/DSC05993.png","contentUrl":"https:\/\/yupie.app\/wp-content\/uploads\/2023\/12\/DSC05993.png","width":2452,"height":2452,"caption":"Evotools inverteres hegeszt\u0151g\u00e9p \u2013 kompakt MMA hegeszt\u0151 inverter m\u0171helymunk\u00e1hoz"},{"@type":"BreadcrumbList","@id":"https:\/\/yupie.app\/product\/evotools-hegeszto-inverter\/#breadcrumb","itemListElement":[{"@type":"ListItem","position":1,"name":"Kezd\u0151lap","item":"https:\/\/yupie.app\/"},{"@type":"ListItem","position":2,"name":"Katal\u00f3gus","item":"https:\/\/yupie.app\/katalogus\/"},{"@type":"ListItem","position":3,"name":"Evotools inverteres hegeszt\u0151g\u00e9p \u2013 MMA hegeszt\u0151 inverter m\u0171hely \u00e9s bark\u00e1cs munk\u00e1khoz"}]},{"@type":"WebSite","@id":"https:\/\/yupie.app\/#website","url":"https:\/\/yupie.app\/","name":"yupie.app","description":"","publisher":{"@id":"https:\/\/yupie.app\/#organization"},"potentialAction":[{"@type":"SearchAction","target":{"@type":"EntryPoint","urlTemplate":"https:\/\/yupie.app\/?s={search_term_string}"},"query-input":{"@type":"PropertyValueSpecification","valueRequired":true,"valueName":"search_term_string"}}],"inLanguage":"ro-RO"},{"@type":"Organization","@id":"https:\/\/yupie.app\/#organization","name":"yupie.app","url":"https:\/\/yupie.app\/","logo":{"@type":"ImageObject","inLanguage":"ro-RO","@id":"https:\/\/yupie.app\/#\/schema\/logo\/image\/","url":"https:\/\/yupie.app\/wp-content\/uploads\/2025\/07\/cropped-uj-logo.png","contentUrl":"https:\/\/yupie.app\/wp-content\/uploads\/2025\/07\/cropped-uj-logo.png","width":500,"height":208,"caption":"yupie.app"},"image":{"@id":"https:\/\/yupie.app\/#\/schema\/logo\/image\/"},"sameAs":["https:\/\/www.facebook.com\/profile.php?id=100089345417295"]}]}},"jetpack_sharing_enabled":true,"_links":{"self":[{"href":"https:\/\/yupie.app\/ro\/wp-json\/wp\/v2\/product\/6862","targetHints":{"allow":["GET"]}}],"collection":[{"href":"https:\/\/yupie.app\/ro\/wp-json\/wp\/v2\/product"}],"about":[{"href":"https:\/\/yupie.app\/ro\/wp-json\/wp\/v2\/types\/product"}],"version-history":[{"count":0,"href":"https:\/\/yupie.app\/ro\/wp-json\/wp\/v2\/product\/6862\/revisions"}],"wp:featuredmedia":[{"embeddable":true,"href":"https:\/\/yupie.app\/ro\/wp-json\/wp\/v2\/media\/6863"}],"wp:attachment":[{"href":"https:\/\/yupie.app\/ro\/wp-json\/wp\/v2\/media?parent=6862"}],"wp:term":[{"taxonomy":"product_brand","embeddable":true,"href":"https:\/\/yupie.app\/ro\/wp-json\/wp\/v2\/product_brand?post=6862"},{"taxonomy":"product_cat","embeddable":true,"href":"https:\/\/yupie.app\/ro\/wp-json\/wp\/v2\/product_cat?post=6862"},{"taxonomy":"product_tag","embeddable":true,"href":"https:\/\/yupie.app\/ro\/wp-json\/wp\/v2\/product_tag?post=6862"}],"curies":[{"name":"wp","href":"https:\/\/api.w.org\/{rel}","templated":true}]}}