{"id":6842,"date":"2023-12-27T16:48:25","date_gmt":"2023-12-27T14:48:25","guid":{"rendered":"https:\/\/yupie.hu\/?post_type=product&#038;p=6842"},"modified":"2026-03-06T08:42:57","modified_gmt":"2026-03-06T06:42:57","slug":"rowi-halozati-adapter","status":"publish","type":"product","link":"https:\/\/yupie.app\/ro\/product\/rowi-halozati-adapter\/","title":{"rendered":"Rowi h\u00e1l\u00f3zati adapter \/ t\u00e1pegys\u00e9g \u2013 univerz\u00e1lis elektronikai eszk\u00f6z\u00f6kh\u00f6z"},"content":{"rendered":"<div class=\"flex-1 overflow-hidden\">\n<div class=\"react-scroll-to-bottom--css-ydldq-79elbk h-full\">\n<div class=\"react-scroll-to-bottom--css-ydldq-1n7m0yu\">\n<div class=\"flex flex-col pb-9 text-sm\">\n<div class=\"w-full text-token-text-primary\" data-testid=\"conversation-turn-3\">\n<div class=\"px-4 py-2 justify-center text-base md:gap-6 m-auto\">\n<div class=\"flex flex-1 text-base mx-auto gap-3 md:px-5 lg:px-1 xl:px-5 md:max-w-3xl lg:max-w-[40rem] xl:max-w-[48rem] group final-completion\">\n<div class=\"relative flex w-full flex-col lg:w-[calc(100%-115px)] agent-turn\">\n<div class=\"flex-col gap-1 md:gap-3\">\n<div class=\"flex flex-grow flex-col max-w-full\">\n<div class=\"min-h-[20px] text-message flex flex-col items-start gap-3 whitespace-pre-wrap break-words [.text-message+&amp;]:mt-5 overflow-x-auto\" data-message-author-role=\"assistant\" data-message-id=\"53e6e768-c665-45fe-8abb-68959c67b623\">\n<div class=\"markdown prose w-full break-words dark:prose-invert light\">\n<p data-start=\"1006\" data-end=\"1307\">A <strong data-start=\"1008\" data-end=\"1033\">Rowi h\u00e1l\u00f3zati adapter<\/strong> egy praktikus \u00e9s sokoldal\u00faan haszn\u00e1lhat\u00f3 t\u00e1pegys\u00e9g, amely k\u00fcl\u00f6nb\u00f6z\u0151 elektronikai k\u00e9sz\u00fcl\u00e9kek m\u0171k\u00f6dtet\u00e9s\u00e9re szolg\u00e1l. Az ilyen adapterek feladata, hogy a h\u00e1ztart\u00e1si <strong data-start=\"1196\" data-end=\"1262\">230V-os v\u00e1lt\u00f3\u00e1ramot alacsony fesz\u00fclts\u00e9g\u0171 egyen\u00e1ramm\u00e1 alak\u00edts\u00e1k<\/strong>, amelyet sz\u00e1mos elektronikai eszk\u00f6z ig\u00e9nyel.<\/p>\n<p data-start=\"1309\" data-end=\"1342\">Az adapter ide\u00e1lis lehet p\u00e9ld\u00e1ul:<\/p>\n<ul data-start=\"1344\" data-end=\"1586\">\n<li data-start=\"1344\" data-end=\"1395\">\n<p data-start=\"1346\" data-end=\"1395\">kisebb r\u00e1di\u00f3k vagy audio eszk\u00f6z\u00f6k m\u0171k\u00f6dtet\u00e9s\u00e9re<\/p>\n<\/li>\n<li data-start=\"1396\" data-end=\"1447\">\n<p data-start=\"1398\" data-end=\"1447\">routerek \u00e9s h\u00e1l\u00f3zati berendez\u00e9sek t\u00e1pell\u00e1t\u00e1s\u00e1ra<\/p>\n<\/li>\n<li data-start=\"1448\" data-end=\"1477\">\n<p data-start=\"1450\" data-end=\"1477\">elektronikai projektekhez<\/p>\n<\/li>\n<li data-start=\"1478\" data-end=\"1527\">\n<p data-start=\"1480\" data-end=\"1527\">m\u0171szer\u00e9szek \u00e9s jav\u00edt\u00e1ssal foglalkoz\u00f3k sz\u00e1m\u00e1ra<\/p>\n<\/li>\n<li data-start=\"1528\" data-end=\"1586\">\n<p data-start=\"1530\" data-end=\"1586\">elveszett vagy meghib\u00e1sodott eredeti adapter p\u00f3tl\u00e1s\u00e1ra<\/p>\n<\/li>\n<\/ul>\n<p data-start=\"1588\" data-end=\"1777\">A Rowi m\u00e1rka a m\u0171szaki eszk\u00f6z\u00f6k piac\u00e1n ismert, ez\u00e9rt az ilyen t\u00edpus\u00fa adapterek gyakran keresettek <strong data-start=\"1686\" data-end=\"1776\">elektronikai hobbist\u00e1k, technikai gy\u0171jt\u0151k \u00e9s jav\u00edt\u00e1ssal foglalkoz\u00f3 szakemberek k\u00f6r\u00e9ben<\/strong>.<\/p>\n<p data-start=\"1779\" data-end=\"2017\">\u26a0\ufe0f <strong data-start=\"1782\" data-end=\"1793\">Fontos:<\/strong><br data-start=\"1793\" data-end=\"1796\" \/>A term\u00e9k jelenlegi \u00e1llapot\u00e1ban <strong data-start=\"1827\" data-end=\"1851\">\u00e1tvizsg\u00e1l\u00e1st ig\u00e9nyel<\/strong>, ez\u00e9rt m\u0171k\u00f6d\u00e9se nem ker\u00fclt tesztel\u00e9sre. Emiatt a k\u00e9sz\u00fcl\u00e9k els\u0151sorban <strong data-start=\"1921\" data-end=\"2002\">szakembereknek, elektronikai jav\u00edt\u00e1ssal foglalkoz\u00f3knak vagy alkatr\u00e9sz c\u00e9lj\u00e1ra<\/strong> lehet \u00e9rdekes.<\/p>\n<p data-start=\"2019\" data-end=\"2229\">Az ilyen univerz\u00e1lis adapterek gyakran \u00e9rt\u00e9kesek lehetnek olyan helyzetekben, amikor egy r\u00e9gebbi k\u00e9sz\u00fcl\u00e9khez m\u00e1r neh\u00e9z eredeti t\u00e1pegys\u00e9get tal\u00e1lni. Ez\u00e9rt a haszn\u00e1lt piacon is stabil kereslet mutatkozik ir\u00e1ntuk.<\/p>\n<\/div>\n<\/div>\n<\/div>\n<\/div>\n<\/div>\n<\/div>\n<\/div>\n<\/div>\n<\/div>\n<\/div>\n<\/div>\n<\/div>","protected":false},"excerpt":{"rendered":"<p>Rowi h\u00e1l\u00f3zati adapter elektronikai k\u00e9sz\u00fcl\u00e9kek t\u00e1pell\u00e1t\u00e1s\u00e1hoz. Ide\u00e1lis r\u00e1di\u00f3k, kisebb audio eszk\u00f6z\u00f6k vagy elektronikai projektek m\u0171k\u00f6dtet\u00e9s\u00e9hez. A term\u00e9k \u00e1tvizsg\u00e1l\u00e1sra szorul, ez\u00e9rt els\u0151sorban jav\u00edt\u00e1ssal foglalkoz\u00f3k vagy elektronikai hobbist\u00e1k sz\u00e1m\u00e1ra lehet \u00e9rdekes.<\/p>","protected":false},"featured_media":6843,"template":"","meta":[],"product_brand":[],"product_cat":[2602],"product_tag":[410,116,2275,2274],"class_list":{"0":"post-6842","1":"product","2":"type-product","3":"status-publish","4":"has-post-thumbnail","6":"product_cat-elektronikai-tartozekok","7":"product_tag-elektronika","8":"product_tag-fekete","9":"product_tag-halozati-adapter","10":"product_tag-rowi","11":"description-off","13":"first","14":"instock","15":"shipping-taxable","16":"purchasable","17":"product-type-simple"},"yoast_head":"<!-- This site is optimized with the Yoast SEO plugin v27.3 - https:\/\/yoast.com\/product\/yoast-seo-wordpress\/ -->\n<title>Rowi t\u00e1pegys\u00e9g \/ h\u00e1l\u00f3zati adapter \u2013 elektronikai t\u00e1pell\u00e1t\u00e1s\u00e1hoz<\/title>\n<meta name=\"description\" content=\"A Rowi h\u00e1l\u00f3zati adapter kiv\u00e1l\u00f3 min\u0151s\u00e9g\u0171 eszk\u00f6z, amely ide\u00e1lis v\u00e1laszt\u00e1s azok sz\u00e1m\u00e1ra, akik megb\u00edzhat\u00f3 \u00e9s hat\u00e9kony energiaforr\u00e1st keresnek.\" \/>\n<meta name=\"robots\" content=\"index, follow, max-snippet:-1, max-image-preview:large, max-video-preview:-1\" \/>\n<link rel=\"canonical\" href=\"https:\/\/yupie.app\/ro\/product\/rowi-halozati-adapter\/\" \/>\n<meta property=\"og:locale\" content=\"ro_RO\" \/>\n<meta property=\"og:type\" content=\"article\" \/>\n<meta property=\"og:title\" content=\"Rowi t\u00e1pegys\u00e9g \/ h\u00e1l\u00f3zati adapter \u2013 elektronikai t\u00e1pell\u00e1t\u00e1s\u00e1hoz\" \/>\n<meta property=\"og:description\" content=\"A Rowi h\u00e1l\u00f3zati adapter kiv\u00e1l\u00f3 min\u0151s\u00e9g\u0171 eszk\u00f6z, amely ide\u00e1lis v\u00e1laszt\u00e1s azok sz\u00e1m\u00e1ra, akik megb\u00edzhat\u00f3 \u00e9s hat\u00e9kony energiaforr\u00e1st keresnek.\" \/>\n<meta property=\"og:url\" content=\"https:\/\/yupie.app\/ro\/product\/rowi-halozati-adapter\/\" \/>\n<meta property=\"og:site_name\" content=\"yupie.app\" \/>\n<meta property=\"article:publisher\" content=\"https:\/\/www.facebook.com\/profile.php?id=100089345417295\" \/>\n<meta property=\"article:modified_time\" content=\"2026-03-06T06:42:57+00:00\" \/>\n<meta property=\"og:image\" content=\"https:\/\/yupie.app\/wp-content\/uploads\/2023\/12\/DSC05975-scaled-1024x1024.png\" \/>\n\t<meta property=\"og:image:width\" content=\"1024\" \/>\n\t<meta property=\"og:image:height\" content=\"1024\" \/>\n\t<meta property=\"og:image:type\" content=\"image\/png\" \/>\n<meta name=\"twitter:card\" content=\"summary_large_image\" \/>\n<meta name=\"twitter:label1\" content=\"Timp estimat pentru citire\" \/>\n\t<meta name=\"twitter:data1\" content=\"1 minut\" \/>\n<script type=\"application\/ld+json\" class=\"yoast-schema-graph\">{\"@context\":\"https:\\\/\\\/schema.org\",\"@graph\":[{\"@type\":\"WebPage\",\"@id\":\"https:\\\/\\\/yupie.app\\\/product\\\/rowi-halozati-adapter\\\/\",\"url\":\"https:\\\/\\\/yupie.app\\\/product\\\/rowi-halozati-adapter\\\/\",\"name\":\"Rowi t\u00e1pegys\u00e9g \\\/ h\u00e1l\u00f3zati adapter \u2013 elektronikai t\u00e1pell\u00e1t\u00e1s\u00e1hoz\",\"isPartOf\":{\"@id\":\"https:\\\/\\\/yupie.app\\\/#website\"},\"primaryImageOfPage\":{\"@id\":\"https:\\\/\\\/yupie.app\\\/product\\\/rowi-halozati-adapter\\\/#primaryimage\"},\"image\":{\"@id\":\"https:\\\/\\\/yupie.app\\\/product\\\/rowi-halozati-adapter\\\/#primaryimage\"},\"thumbnailUrl\":\"https:\\\/\\\/yupie.app\\\/wp-content\\\/uploads\\\/2023\\\/12\\\/DSC05975-scaled.png\",\"datePublished\":\"2023-12-27T14:48:25+00:00\",\"dateModified\":\"2026-03-06T06:42:57+00:00\",\"description\":\"A Rowi h\u00e1l\u00f3zati adapter kiv\u00e1l\u00f3 min\u0151s\u00e9g\u0171 eszk\u00f6z, amely ide\u00e1lis v\u00e1laszt\u00e1s azok sz\u00e1m\u00e1ra, akik megb\u00edzhat\u00f3 \u00e9s hat\u00e9kony energiaforr\u00e1st keresnek.\",\"breadcrumb\":{\"@id\":\"https:\\\/\\\/yupie.app\\\/product\\\/rowi-halozati-adapter\\\/#breadcrumb\"},\"inLanguage\":\"ro-RO\",\"potentialAction\":[{\"@type\":\"ReadAction\",\"target\":[\"https:\\\/\\\/yupie.app\\\/product\\\/rowi-halozati-adapter\\\/\"]}]},{\"@type\":\"ImageObject\",\"inLanguage\":\"ro-RO\",\"@id\":\"https:\\\/\\\/yupie.app\\\/product\\\/rowi-halozati-adapter\\\/#primaryimage\",\"url\":\"https:\\\/\\\/yupie.app\\\/wp-content\\\/uploads\\\/2023\\\/12\\\/DSC05975-scaled.png\",\"contentUrl\":\"https:\\\/\\\/yupie.app\\\/wp-content\\\/uploads\\\/2023\\\/12\\\/DSC05975-scaled.png\",\"width\":2560,\"height\":2560,\"caption\":\"Rowi h\u00e1l\u00f3zati adapter elektronikai k\u00e9sz\u00fcl\u00e9kek t\u00e1pell\u00e1t\u00e1s\u00e1hoz.\"},{\"@type\":\"BreadcrumbList\",\"@id\":\"https:\\\/\\\/yupie.app\\\/product\\\/rowi-halozati-adapter\\\/#breadcrumb\",\"itemListElement\":[{\"@type\":\"ListItem\",\"position\":1,\"name\":\"Kezd\u0151lap\",\"item\":\"https:\\\/\\\/yupie.app\\\/\"},{\"@type\":\"ListItem\",\"position\":2,\"name\":\"Katal\u00f3gus\",\"item\":\"https:\\\/\\\/yupie.app\\\/katalogus\\\/\"},{\"@type\":\"ListItem\",\"position\":3,\"name\":\"Rowi h\u00e1l\u00f3zati adapter \\\/ t\u00e1pegys\u00e9g \u2013 univerz\u00e1lis elektronikai eszk\u00f6z\u00f6kh\u00f6z\"}]},{\"@type\":\"WebSite\",\"@id\":\"https:\\\/\\\/yupie.app\\\/#website\",\"url\":\"https:\\\/\\\/yupie.app\\\/\",\"name\":\"yupie.app\",\"description\":\"\",\"publisher\":{\"@id\":\"https:\\\/\\\/yupie.app\\\/#organization\"},\"potentialAction\":[{\"@type\":\"SearchAction\",\"target\":{\"@type\":\"EntryPoint\",\"urlTemplate\":\"https:\\\/\\\/yupie.app\\\/?s={search_term_string}\"},\"query-input\":{\"@type\":\"PropertyValueSpecification\",\"valueRequired\":true,\"valueName\":\"search_term_string\"}}],\"inLanguage\":\"ro-RO\"},{\"@type\":\"Organization\",\"@id\":\"https:\\\/\\\/yupie.app\\\/#organization\",\"name\":\"yupie.app\",\"url\":\"https:\\\/\\\/yupie.app\\\/\",\"logo\":{\"@type\":\"ImageObject\",\"inLanguage\":\"ro-RO\",\"@id\":\"https:\\\/\\\/yupie.app\\\/#\\\/schema\\\/logo\\\/image\\\/\",\"url\":\"https:\\\/\\\/yupie.app\\\/wp-content\\\/uploads\\\/2025\\\/07\\\/cropped-uj-logo.png\",\"contentUrl\":\"https:\\\/\\\/yupie.app\\\/wp-content\\\/uploads\\\/2025\\\/07\\\/cropped-uj-logo.png\",\"width\":500,\"height\":208,\"caption\":\"yupie.app\"},\"image\":{\"@id\":\"https:\\\/\\\/yupie.app\\\/#\\\/schema\\\/logo\\\/image\\\/\"},\"sameAs\":[\"https:\\\/\\\/www.facebook.com\\\/profile.php?id=100089345417295\"]}]}<\/script>\n<!-- \/ Yoast SEO plugin. -->","yoast_head_json":{"title":"Rowi t\u00e1pegys\u00e9g \/ h\u00e1l\u00f3zati adapter \u2013 elektronikai t\u00e1pell\u00e1t\u00e1s\u00e1hoz","description":"A Rowi h\u00e1l\u00f3zati adapter kiv\u00e1l\u00f3 min\u0151s\u00e9g\u0171 eszk\u00f6z, amely ide\u00e1lis v\u00e1laszt\u00e1s azok sz\u00e1m\u00e1ra, akik megb\u00edzhat\u00f3 \u00e9s hat\u00e9kony energiaforr\u00e1st keresnek.","robots":{"index":"index","follow":"follow","max-snippet":"max-snippet:-1","max-image-preview":"max-image-preview:large","max-video-preview":"max-video-preview:-1"},"canonical":"https:\/\/yupie.app\/ro\/product\/rowi-halozati-adapter\/","og_locale":"ro_RO","og_type":"article","og_title":"Rowi t\u00e1pegys\u00e9g \/ h\u00e1l\u00f3zati adapter \u2013 elektronikai t\u00e1pell\u00e1t\u00e1s\u00e1hoz","og_description":"A Rowi h\u00e1l\u00f3zati adapter kiv\u00e1l\u00f3 min\u0151s\u00e9g\u0171 eszk\u00f6z, amely ide\u00e1lis v\u00e1laszt\u00e1s azok sz\u00e1m\u00e1ra, akik megb\u00edzhat\u00f3 \u00e9s hat\u00e9kony energiaforr\u00e1st keresnek.","og_url":"https:\/\/yupie.app\/ro\/product\/rowi-halozati-adapter\/","og_site_name":"yupie.app","article_publisher":"https:\/\/www.facebook.com\/profile.php?id=100089345417295","article_modified_time":"2026-03-06T06:42:57+00:00","og_image":[{"width":1024,"height":1024,"url":"https:\/\/yupie.app\/wp-content\/uploads\/2023\/12\/DSC05975-scaled-1024x1024.png","type":"image\/png"}],"twitter_card":"summary_large_image","twitter_misc":{"Timp estimat pentru citire":"1 minut"},"schema":{"@context":"https:\/\/schema.org","@graph":[{"@type":"WebPage","@id":"https:\/\/yupie.app\/product\/rowi-halozati-adapter\/","url":"https:\/\/yupie.app\/product\/rowi-halozati-adapter\/","name":"Rowi t\u00e1pegys\u00e9g \/ h\u00e1l\u00f3zati adapter \u2013 elektronikai t\u00e1pell\u00e1t\u00e1s\u00e1hoz","isPartOf":{"@id":"https:\/\/yupie.app\/#website"},"primaryImageOfPage":{"@id":"https:\/\/yupie.app\/product\/rowi-halozati-adapter\/#primaryimage"},"image":{"@id":"https:\/\/yupie.app\/product\/rowi-halozati-adapter\/#primaryimage"},"thumbnailUrl":"https:\/\/yupie.app\/wp-content\/uploads\/2023\/12\/DSC05975-scaled.png","datePublished":"2023-12-27T14:48:25+00:00","dateModified":"2026-03-06T06:42:57+00:00","description":"A Rowi h\u00e1l\u00f3zati adapter kiv\u00e1l\u00f3 min\u0151s\u00e9g\u0171 eszk\u00f6z, amely ide\u00e1lis v\u00e1laszt\u00e1s azok sz\u00e1m\u00e1ra, akik megb\u00edzhat\u00f3 \u00e9s hat\u00e9kony energiaforr\u00e1st keresnek.","breadcrumb":{"@id":"https:\/\/yupie.app\/product\/rowi-halozati-adapter\/#breadcrumb"},"inLanguage":"ro-RO","potentialAction":[{"@type":"ReadAction","target":["https:\/\/yupie.app\/product\/rowi-halozati-adapter\/"]}]},{"@type":"ImageObject","inLanguage":"ro-RO","@id":"https:\/\/yupie.app\/product\/rowi-halozati-adapter\/#primaryimage","url":"https:\/\/yupie.app\/wp-content\/uploads\/2023\/12\/DSC05975-scaled.png","contentUrl":"https:\/\/yupie.app\/wp-content\/uploads\/2023\/12\/DSC05975-scaled.png","width":2560,"height":2560,"caption":"Rowi h\u00e1l\u00f3zati adapter elektronikai k\u00e9sz\u00fcl\u00e9kek t\u00e1pell\u00e1t\u00e1s\u00e1hoz."},{"@type":"BreadcrumbList","@id":"https:\/\/yupie.app\/product\/rowi-halozati-adapter\/#breadcrumb","itemListElement":[{"@type":"ListItem","position":1,"name":"Kezd\u0151lap","item":"https:\/\/yupie.app\/"},{"@type":"ListItem","position":2,"name":"Katal\u00f3gus","item":"https:\/\/yupie.app\/katalogus\/"},{"@type":"ListItem","position":3,"name":"Rowi h\u00e1l\u00f3zati adapter \/ t\u00e1pegys\u00e9g \u2013 univerz\u00e1lis elektronikai eszk\u00f6z\u00f6kh\u00f6z"}]},{"@type":"WebSite","@id":"https:\/\/yupie.app\/#website","url":"https:\/\/yupie.app\/","name":"yupie.app","description":"","publisher":{"@id":"https:\/\/yupie.app\/#organization"},"potentialAction":[{"@type":"SearchAction","target":{"@type":"EntryPoint","urlTemplate":"https:\/\/yupie.app\/?s={search_term_string}"},"query-input":{"@type":"PropertyValueSpecification","valueRequired":true,"valueName":"search_term_string"}}],"inLanguage":"ro-RO"},{"@type":"Organization","@id":"https:\/\/yupie.app\/#organization","name":"yupie.app","url":"https:\/\/yupie.app\/","logo":{"@type":"ImageObject","inLanguage":"ro-RO","@id":"https:\/\/yupie.app\/#\/schema\/logo\/image\/","url":"https:\/\/yupie.app\/wp-content\/uploads\/2025\/07\/cropped-uj-logo.png","contentUrl":"https:\/\/yupie.app\/wp-content\/uploads\/2025\/07\/cropped-uj-logo.png","width":500,"height":208,"caption":"yupie.app"},"image":{"@id":"https:\/\/yupie.app\/#\/schema\/logo\/image\/"},"sameAs":["https:\/\/www.facebook.com\/profile.php?id=100089345417295"]}]}},"jetpack_sharing_enabled":true,"_links":{"self":[{"href":"https:\/\/yupie.app\/ro\/wp-json\/wp\/v2\/product\/6842","targetHints":{"allow":["GET"]}}],"collection":[{"href":"https:\/\/yupie.app\/ro\/wp-json\/wp\/v2\/product"}],"about":[{"href":"https:\/\/yupie.app\/ro\/wp-json\/wp\/v2\/types\/product"}],"version-history":[{"count":0,"href":"https:\/\/yupie.app\/ro\/wp-json\/wp\/v2\/product\/6842\/revisions"}],"wp:featuredmedia":[{"embeddable":true,"href":"https:\/\/yupie.app\/ro\/wp-json\/wp\/v2\/media\/6843"}],"wp:attachment":[{"href":"https:\/\/yupie.app\/ro\/wp-json\/wp\/v2\/media?parent=6842"}],"wp:term":[{"taxonomy":"product_brand","embeddable":true,"href":"https:\/\/yupie.app\/ro\/wp-json\/wp\/v2\/product_brand?post=6842"},{"taxonomy":"product_cat","embeddable":true,"href":"https:\/\/yupie.app\/ro\/wp-json\/wp\/v2\/product_cat?post=6842"},{"taxonomy":"product_tag","embeddable":true,"href":"https:\/\/yupie.app\/ro\/wp-json\/wp\/v2\/product_tag?post=6842"}],"curies":[{"name":"wp","href":"https:\/\/api.w.org\/{rel}","templated":true}]}}