{"id":6800,"date":"2023-12-22T13:19:34","date_gmt":"2023-12-22T11:19:34","guid":{"rendered":"https:\/\/yupie.hu\/?post_type=product&#038;p=6800"},"modified":"2026-03-27T10:11:37","modified_gmt":"2026-03-27T08:11:37","slug":"honeywell-asztali-ventilator","status":"publish","type":"product","link":"https:\/\/yupie.app\/ro\/product\/honeywell-asztali-ventilator\/","title":{"rendered":"Honeywell asztali ventil\u00e1tor \u2013 vintage ipari dekor, nem m\u0171k\u00f6dik, 51,5 cm"},"content":{"rendered":"<p data-start=\"595\" data-end=\"744\">Ez a Honeywell asztali ventil\u00e1tor nem egy h\u00e9tk\u00f6znapi darab.<br data-start=\"654\" data-end=\"657\" \/>Ez egy <strong data-start=\"664\" data-end=\"698\">ipari hangulatot hordoz\u00f3 t\u00e1rgy<\/strong>, amely azonnal karaktert ad b\u00e1rmilyen t\u00e9rnek.<\/p>\n<p data-start=\"746\" data-end=\"933\">Massz\u00edv megjelen\u00e9se \u00e9s ar\u00e1nyai (51,5 cm magass\u00e1g, 14 cm sz\u00e9less\u00e9g, 5 cm keresztmetszet) miatt nem egy \u201eelt\u0171n\u0151\u201d kieg\u00e9sz\u00edt\u0151, hanem egy <strong data-start=\"879\" data-end=\"903\">l\u00e1tv\u00e1nyos f\u00f3kuszpont<\/strong>, amely k\u00fcl\u00f6n\u00f6sen j\u00f3l m\u0171k\u00f6dik:<\/p>\n<ul data-start=\"934\" data-end=\"1031\">\n<li data-section-id=\"1fia4nb\" data-start=\"934\" data-end=\"970\">loft \u00e9s ipari st\u00edlus\u00fa lak\u00e1sokban<\/li>\n<li data-section-id=\"4dum6e\" data-start=\"971\" data-end=\"995\">k\u00e1v\u00e9z\u00f3kban, b\u00e1rokban<\/li>\n<li data-section-id=\"ifgxf1\" data-start=\"996\" data-end=\"1031\">\u00fczlethelyis\u00e9gek dekor\u00e1ci\u00f3jak\u00e9nt<\/li>\n<\/ul>\n<p data-start=\"1033\" data-end=\"1162\">A Honeywell n\u00e9v \u00f6nmag\u00e1ban is egy ismert, megb\u00edzhat\u00f3 ipari m\u00e1rk\u00e1t k\u00e9pvisel, ami tov\u00e1bb er\u0151s\u00edti a t\u00e1rgy vizu\u00e1lis \u00e9s eszmei \u00e9rt\u00e9k\u00e9t.<\/p>\n<p data-start=\"1164\" data-end=\"1310\">\u26a0\ufe0f <strong data-start=\"1167\" data-end=\"1178\">Fontos:<\/strong><br data-start=\"1178\" data-end=\"1181\" \/>A term\u00e9k jelenleg <strong data-start=\"1199\" data-end=\"1214\">nem m\u0171k\u00f6dik<\/strong>, \u00edgy funkcion\u00e1lis ventil\u00e1tork\u00e9nt nem haszn\u00e1lhat\u00f3.<br data-start=\"1264\" data-end=\"1267\" \/>\ud83d\udc49 Viszont pont ez nyit egy m\u00e1sik ir\u00e1nyt:<\/p>\n<ul data-start=\"1311\" data-end=\"1394\">\n<li data-section-id=\"1pzz6f3\" data-start=\"1311\" data-end=\"1328\">dekor\u00e1ci\u00f3k\u00e9nt<\/li>\n<li data-section-id=\"163g1bl\" data-start=\"1329\" data-end=\"1352\">fel\u00faj\u00edt\u00e1si alapk\u00e9nt<\/li>\n<li data-section-id=\"v69yqm\" data-start=\"1353\" data-end=\"1394\">vintage\/ipari enteri\u0151r kulcselemek\u00e9nt<\/li>\n<\/ul>\n<p data-start=\"1396\" data-end=\"1505\">Ez a t\u00edpus kifejezetten keresett azok k\u00f6r\u00e9ben, akik <strong data-start=\"1448\" data-end=\"1495\">nem t\u00f6megb\u00fatort, hanem karakteres darabokat<\/strong> keresnek.<\/p>","protected":false},"excerpt":{"rendered":"<p>A Honeywell asztali ventil\u00e1tor kiv\u00e1l\u00f3 min\u0151s\u00e9g\u00e9r\u0151l \u00e9s innovat\u00edv tervez\u00e9s\u00e9r\u0151l h\u00edres, \u00e9s a m\u00e1rka elismert vezet\u0151k\u00e9nt sz\u00e1mos h\u00e1ztart\u00e1sban \u00e9s irod\u00e1ban megtal\u00e1lhat\u00f3. Az asztali ventil\u00e1torok a Honeywell fejlett technol\u00f3gi\u00e1j\u00e1t \u00e9s szak\u00e9rtelm\u00e9t \u00f6tv\u00f6zik, hogy optim\u00e1lis h\u0171t\u00e9st \u00e9s friss leveg\u0151t biztos\u00edtsanak.<\/p>\n<p>A Honeywell asztali ventil\u00e1torok rendk\u00edv\u00fcl hat\u00e9konyak \u00e9s csendes m\u0171k\u00f6d\u00e9s\u0171ek, \u00edgy ide\u00e1lisak mindennapos haszn\u00e1latra a h\u00e1l\u00f3szob\u00e1ban, nappaliban vagy az irod\u00e1ban. A korszer\u0171 tervez\u00e9s \u00e9s kompakt m\u00e9ret lehet\u0151v\u00e9 teszi, hogy k\u00f6nnyen beilleszkedjenek b\u00e1rmilyen t\u00e9rbe an\u00e9lk\u00fcl, hogy t\u00fal sok helyet foglaln\u00e1nak el.<\/p>","protected":false},"featured_media":6801,"template":"","meta":[],"product_brand":[],"product_cat":[2663],"product_tag":[2260,410,116,301,2259,2261,443],"class_list":{"0":"post-6800","1":"product","2":"type-product","3":"status-publish","4":"has-post-thumbnail","6":"product_cat-haztartasi-gepek","7":"product_tag-asztali-ventilator","8":"product_tag-elektronika","9":"product_tag-fekete","10":"product_tag-helytakarekos","11":"product_tag-honeywell","12":"product_tag-kompakt","13":"product_tag-minoseg","14":"description-off","16":"first","17":"instock","18":"shipping-taxable","19":"purchasable","20":"product-type-simple"},"yoast_head":"<!-- This site is optimized with the Yoast SEO plugin v27.3 - https:\/\/yoast.com\/product\/yoast-seo-wordpress\/ -->\n<title>Honeywell asztali ventil\u00e1tor vintage ipari dekor \u2013 nem m\u0171k\u00f6dik<\/title>\n<meta name=\"description\" content=\"Honeywell asztali ventil\u00e1tor vintage ipari st\u00edlusban. Nem m\u0171k\u00f6dik, de k\u00fcl\u00f6nleges dekor\u00e1ci\u00f3k\u00e9nt t\u00f6k\u00e9letes loft lak\u00e1sokba vagy \u00fczletekbe. 51,5 cm.\" \/>\n<meta name=\"robots\" content=\"index, follow, max-snippet:-1, max-image-preview:large, max-video-preview:-1\" \/>\n<link rel=\"canonical\" href=\"https:\/\/yupie.app\/ro\/product\/honeywell-asztali-ventilator\/\" \/>\n<meta property=\"og:locale\" content=\"ro_RO\" \/>\n<meta property=\"og:type\" content=\"article\" \/>\n<meta property=\"og:title\" content=\"Honeywell asztali ventil\u00e1tor vintage ipari dekor \u2013 nem m\u0171k\u00f6dik\" \/>\n<meta property=\"og:description\" content=\"Honeywell asztali ventil\u00e1tor vintage ipari st\u00edlusban. Nem m\u0171k\u00f6dik, de k\u00fcl\u00f6nleges dekor\u00e1ci\u00f3k\u00e9nt t\u00f6k\u00e9letes loft lak\u00e1sokba vagy \u00fczletekbe. 51,5 cm.\" \/>\n<meta property=\"og:url\" content=\"https:\/\/yupie.app\/ro\/product\/honeywell-asztali-ventilator\/\" \/>\n<meta property=\"og:site_name\" content=\"yupie.app\" \/>\n<meta property=\"article:publisher\" content=\"https:\/\/www.facebook.com\/profile.php?id=100089345417295\" \/>\n<meta property=\"article:modified_time\" content=\"2026-03-27T08:11:37+00:00\" \/>\n<meta property=\"og:image\" content=\"https:\/\/yupie.app\/wp-content\/uploads\/2023\/12\/DSC05928-scaled-1024x1024.png\" \/>\n\t<meta property=\"og:image:width\" content=\"1024\" \/>\n\t<meta property=\"og:image:height\" content=\"1024\" \/>\n\t<meta property=\"og:image:type\" content=\"image\/png\" \/>\n<meta name=\"twitter:card\" content=\"summary_large_image\" \/>\n<meta name=\"twitter:label1\" content=\"Timp estimat pentru citire\" \/>\n\t<meta name=\"twitter:data1\" content=\"1 minut\" \/>\n<script type=\"application\/ld+json\" class=\"yoast-schema-graph\">{\"@context\":\"https:\\\/\\\/schema.org\",\"@graph\":[{\"@type\":\"WebPage\",\"@id\":\"https:\\\/\\\/yupie.app\\\/product\\\/honeywell-asztali-ventilator\\\/\",\"url\":\"https:\\\/\\\/yupie.app\\\/product\\\/honeywell-asztali-ventilator\\\/\",\"name\":\"Honeywell asztali ventil\u00e1tor vintage ipari dekor \u2013 nem m\u0171k\u00f6dik\",\"isPartOf\":{\"@id\":\"https:\\\/\\\/yupie.app\\\/#website\"},\"primaryImageOfPage\":{\"@id\":\"https:\\\/\\\/yupie.app\\\/product\\\/honeywell-asztali-ventilator\\\/#primaryimage\"},\"image\":{\"@id\":\"https:\\\/\\\/yupie.app\\\/product\\\/honeywell-asztali-ventilator\\\/#primaryimage\"},\"thumbnailUrl\":\"https:\\\/\\\/yupie.app\\\/wp-content\\\/uploads\\\/2023\\\/12\\\/DSC05928-scaled.png\",\"datePublished\":\"2023-12-22T11:19:34+00:00\",\"dateModified\":\"2026-03-27T08:11:37+00:00\",\"description\":\"Honeywell asztali ventil\u00e1tor vintage ipari st\u00edlusban. Nem m\u0171k\u00f6dik, de k\u00fcl\u00f6nleges dekor\u00e1ci\u00f3k\u00e9nt t\u00f6k\u00e9letes loft lak\u00e1sokba vagy \u00fczletekbe. 51,5 cm.\",\"breadcrumb\":{\"@id\":\"https:\\\/\\\/yupie.app\\\/product\\\/honeywell-asztali-ventilator\\\/#breadcrumb\"},\"inLanguage\":\"ro-RO\",\"potentialAction\":[{\"@type\":\"ReadAction\",\"target\":[\"https:\\\/\\\/yupie.app\\\/product\\\/honeywell-asztali-ventilator\\\/\"]}]},{\"@type\":\"ImageObject\",\"inLanguage\":\"ro-RO\",\"@id\":\"https:\\\/\\\/yupie.app\\\/product\\\/honeywell-asztali-ventilator\\\/#primaryimage\",\"url\":\"https:\\\/\\\/yupie.app\\\/wp-content\\\/uploads\\\/2023\\\/12\\\/DSC05928-scaled.png\",\"contentUrl\":\"https:\\\/\\\/yupie.app\\\/wp-content\\\/uploads\\\/2023\\\/12\\\/DSC05928-scaled.png\",\"width\":2560,\"height\":2560,\"caption\":\"Karakteres Honeywell ventil\u00e1tor \u2013 nem m\u0171k\u00f6dik, de er\u0151s ipari dekor\u00e1ci\u00f3s darab.\"},{\"@type\":\"BreadcrumbList\",\"@id\":\"https:\\\/\\\/yupie.app\\\/product\\\/honeywell-asztali-ventilator\\\/#breadcrumb\",\"itemListElement\":[{\"@type\":\"ListItem\",\"position\":1,\"name\":\"Kezd\u0151lap\",\"item\":\"https:\\\/\\\/yupie.app\\\/\"},{\"@type\":\"ListItem\",\"position\":2,\"name\":\"Katal\u00f3gus\",\"item\":\"https:\\\/\\\/yupie.app\\\/katalogus\\\/\"},{\"@type\":\"ListItem\",\"position\":3,\"name\":\"Honeywell asztali ventil\u00e1tor \u2013 vintage ipari dekor, nem m\u0171k\u00f6dik, 51,5 cm\"}]},{\"@type\":\"WebSite\",\"@id\":\"https:\\\/\\\/yupie.app\\\/#website\",\"url\":\"https:\\\/\\\/yupie.app\\\/\",\"name\":\"yupie.app\",\"description\":\"\",\"publisher\":{\"@id\":\"https:\\\/\\\/yupie.app\\\/#organization\"},\"potentialAction\":[{\"@type\":\"SearchAction\",\"target\":{\"@type\":\"EntryPoint\",\"urlTemplate\":\"https:\\\/\\\/yupie.app\\\/?s={search_term_string}\"},\"query-input\":{\"@type\":\"PropertyValueSpecification\",\"valueRequired\":true,\"valueName\":\"search_term_string\"}}],\"inLanguage\":\"ro-RO\"},{\"@type\":\"Organization\",\"@id\":\"https:\\\/\\\/yupie.app\\\/#organization\",\"name\":\"yupie.app\",\"url\":\"https:\\\/\\\/yupie.app\\\/\",\"logo\":{\"@type\":\"ImageObject\",\"inLanguage\":\"ro-RO\",\"@id\":\"https:\\\/\\\/yupie.app\\\/#\\\/schema\\\/logo\\\/image\\\/\",\"url\":\"https:\\\/\\\/yupie.app\\\/wp-content\\\/uploads\\\/2025\\\/07\\\/cropped-uj-logo.png\",\"contentUrl\":\"https:\\\/\\\/yupie.app\\\/wp-content\\\/uploads\\\/2025\\\/07\\\/cropped-uj-logo.png\",\"width\":500,\"height\":208,\"caption\":\"yupie.app\"},\"image\":{\"@id\":\"https:\\\/\\\/yupie.app\\\/#\\\/schema\\\/logo\\\/image\\\/\"},\"sameAs\":[\"https:\\\/\\\/www.facebook.com\\\/profile.php?id=100089345417295\"]}]}<\/script>\n<!-- \/ Yoast SEO plugin. -->","yoast_head_json":{"title":"Honeywell asztali ventil\u00e1tor vintage ipari dekor \u2013 nem m\u0171k\u00f6dik","description":"Honeywell asztali ventil\u00e1tor vintage ipari st\u00edlusban. Nem m\u0171k\u00f6dik, de k\u00fcl\u00f6nleges dekor\u00e1ci\u00f3k\u00e9nt t\u00f6k\u00e9letes loft lak\u00e1sokba vagy \u00fczletekbe. 51,5 cm.","robots":{"index":"index","follow":"follow","max-snippet":"max-snippet:-1","max-image-preview":"max-image-preview:large","max-video-preview":"max-video-preview:-1"},"canonical":"https:\/\/yupie.app\/ro\/product\/honeywell-asztali-ventilator\/","og_locale":"ro_RO","og_type":"article","og_title":"Honeywell asztali ventil\u00e1tor vintage ipari dekor \u2013 nem m\u0171k\u00f6dik","og_description":"Honeywell asztali ventil\u00e1tor vintage ipari st\u00edlusban. Nem m\u0171k\u00f6dik, de k\u00fcl\u00f6nleges dekor\u00e1ci\u00f3k\u00e9nt t\u00f6k\u00e9letes loft lak\u00e1sokba vagy \u00fczletekbe. 51,5 cm.","og_url":"https:\/\/yupie.app\/ro\/product\/honeywell-asztali-ventilator\/","og_site_name":"yupie.app","article_publisher":"https:\/\/www.facebook.com\/profile.php?id=100089345417295","article_modified_time":"2026-03-27T08:11:37+00:00","og_image":[{"width":1024,"height":1024,"url":"https:\/\/yupie.app\/wp-content\/uploads\/2023\/12\/DSC05928-scaled-1024x1024.png","type":"image\/png"}],"twitter_card":"summary_large_image","twitter_misc":{"Timp estimat pentru citire":"1 minut"},"schema":{"@context":"https:\/\/schema.org","@graph":[{"@type":"WebPage","@id":"https:\/\/yupie.app\/product\/honeywell-asztali-ventilator\/","url":"https:\/\/yupie.app\/product\/honeywell-asztali-ventilator\/","name":"Honeywell asztali ventil\u00e1tor vintage ipari dekor \u2013 nem m\u0171k\u00f6dik","isPartOf":{"@id":"https:\/\/yupie.app\/#website"},"primaryImageOfPage":{"@id":"https:\/\/yupie.app\/product\/honeywell-asztali-ventilator\/#primaryimage"},"image":{"@id":"https:\/\/yupie.app\/product\/honeywell-asztali-ventilator\/#primaryimage"},"thumbnailUrl":"https:\/\/yupie.app\/wp-content\/uploads\/2023\/12\/DSC05928-scaled.png","datePublished":"2023-12-22T11:19:34+00:00","dateModified":"2026-03-27T08:11:37+00:00","description":"Honeywell asztali ventil\u00e1tor vintage ipari st\u00edlusban. Nem m\u0171k\u00f6dik, de k\u00fcl\u00f6nleges dekor\u00e1ci\u00f3k\u00e9nt t\u00f6k\u00e9letes loft lak\u00e1sokba vagy \u00fczletekbe. 51,5 cm.","breadcrumb":{"@id":"https:\/\/yupie.app\/product\/honeywell-asztali-ventilator\/#breadcrumb"},"inLanguage":"ro-RO","potentialAction":[{"@type":"ReadAction","target":["https:\/\/yupie.app\/product\/honeywell-asztali-ventilator\/"]}]},{"@type":"ImageObject","inLanguage":"ro-RO","@id":"https:\/\/yupie.app\/product\/honeywell-asztali-ventilator\/#primaryimage","url":"https:\/\/yupie.app\/wp-content\/uploads\/2023\/12\/DSC05928-scaled.png","contentUrl":"https:\/\/yupie.app\/wp-content\/uploads\/2023\/12\/DSC05928-scaled.png","width":2560,"height":2560,"caption":"Karakteres Honeywell ventil\u00e1tor \u2013 nem m\u0171k\u00f6dik, de er\u0151s ipari dekor\u00e1ci\u00f3s darab."},{"@type":"BreadcrumbList","@id":"https:\/\/yupie.app\/product\/honeywell-asztali-ventilator\/#breadcrumb","itemListElement":[{"@type":"ListItem","position":1,"name":"Kezd\u0151lap","item":"https:\/\/yupie.app\/"},{"@type":"ListItem","position":2,"name":"Katal\u00f3gus","item":"https:\/\/yupie.app\/katalogus\/"},{"@type":"ListItem","position":3,"name":"Honeywell asztali ventil\u00e1tor \u2013 vintage ipari dekor, nem m\u0171k\u00f6dik, 51,5 cm"}]},{"@type":"WebSite","@id":"https:\/\/yupie.app\/#website","url":"https:\/\/yupie.app\/","name":"yupie.app","description":"","publisher":{"@id":"https:\/\/yupie.app\/#organization"},"potentialAction":[{"@type":"SearchAction","target":{"@type":"EntryPoint","urlTemplate":"https:\/\/yupie.app\/?s={search_term_string}"},"query-input":{"@type":"PropertyValueSpecification","valueRequired":true,"valueName":"search_term_string"}}],"inLanguage":"ro-RO"},{"@type":"Organization","@id":"https:\/\/yupie.app\/#organization","name":"yupie.app","url":"https:\/\/yupie.app\/","logo":{"@type":"ImageObject","inLanguage":"ro-RO","@id":"https:\/\/yupie.app\/#\/schema\/logo\/image\/","url":"https:\/\/yupie.app\/wp-content\/uploads\/2025\/07\/cropped-uj-logo.png","contentUrl":"https:\/\/yupie.app\/wp-content\/uploads\/2025\/07\/cropped-uj-logo.png","width":500,"height":208,"caption":"yupie.app"},"image":{"@id":"https:\/\/yupie.app\/#\/schema\/logo\/image\/"},"sameAs":["https:\/\/www.facebook.com\/profile.php?id=100089345417295"]}]}},"jetpack_sharing_enabled":true,"_links":{"self":[{"href":"https:\/\/yupie.app\/ro\/wp-json\/wp\/v2\/product\/6800","targetHints":{"allow":["GET"]}}],"collection":[{"href":"https:\/\/yupie.app\/ro\/wp-json\/wp\/v2\/product"}],"about":[{"href":"https:\/\/yupie.app\/ro\/wp-json\/wp\/v2\/types\/product"}],"version-history":[{"count":0,"href":"https:\/\/yupie.app\/ro\/wp-json\/wp\/v2\/product\/6800\/revisions"}],"wp:featuredmedia":[{"embeddable":true,"href":"https:\/\/yupie.app\/ro\/wp-json\/wp\/v2\/media\/6801"}],"wp:attachment":[{"href":"https:\/\/yupie.app\/ro\/wp-json\/wp\/v2\/media?parent=6800"}],"wp:term":[{"taxonomy":"product_brand","embeddable":true,"href":"https:\/\/yupie.app\/ro\/wp-json\/wp\/v2\/product_brand?post=6800"},{"taxonomy":"product_cat","embeddable":true,"href":"https:\/\/yupie.app\/ro\/wp-json\/wp\/v2\/product_cat?post=6800"},{"taxonomy":"product_tag","embeddable":true,"href":"https:\/\/yupie.app\/ro\/wp-json\/wp\/v2\/product_tag?post=6800"}],"curies":[{"name":"wp","href":"https:\/\/api.w.org\/{rel}","templated":true}]}}