{"id":6793,"date":"2023-12-22T12:49:08","date_gmt":"2023-12-22T10:49:08","guid":{"rendered":"https:\/\/yupie.hu\/?post_type=product&#038;p=6793"},"modified":"2026-03-13T08:18:04","modified_gmt":"2026-03-13T06:18:04","slug":"blade-automata-hegesztomaszk-folyekony-kristalyokkal","status":"publish","type":"product","link":"https:\/\/yupie.app\/ro\/product\/blade-automata-hegesztomaszk-folyekony-kristalyokkal\/","title":{"rendered":"Blade automata hegeszt\u0151maszk foly\u00e9kony krist\u00e1lyos auto-darkening sz\u0171r\u0151vel"},"content":{"rendered":"<div class=\"flex-1 overflow-hidden\">\n<div class=\"react-scroll-to-bottom--css-pfooo-79elbk h-full\">\n<div class=\"react-scroll-to-bottom--css-pfooo-1n7m0yu\">\n<div class=\"flex flex-col pb-9 text-sm\">\n<div class=\"w-full text-token-text-primary\" data-testid=\"conversation-turn-3\">\n<div class=\"px-4 py-2 justify-center text-base md:gap-6 m-auto\">\n<div class=\"flex flex-1 text-base mx-auto gap-3 md:px-5 lg:px-1 xl:px-5 md:max-w-3xl lg:max-w-[40rem] xl:max-w-[48rem] group final-completion\">\n<div class=\"relative flex w-full flex-col lg:w-[calc(100%-115px)] agent-turn\">\n<div class=\"flex-col gap-1 md:gap-3\">\n<div class=\"flex flex-grow flex-col max-w-full\">\n<div class=\"min-h-[20px] text-message flex flex-col items-start gap-3 whitespace-pre-wrap break-words [.text-message+&amp;]:mt-5 overflow-x-auto\" data-message-author-role=\"assistant\" data-message-id=\"59c246f1-b49e-42d9-aa09-810c221f26ea\">\n<div class=\"markdown prose w-full break-words dark:prose-invert light\">\n<p data-start=\"836\" data-end=\"1147\">A <strong data-start=\"838\" data-end=\"906\">Blade automata hegeszt\u0151maszk foly\u00e9kony krist\u00e1lyos technol\u00f3gi\u00e1val<\/strong> egy praktikus \u00e9s biztons\u00e1gos v\u00e9d\u0151felszerel\u00e9s minden hegeszt\u00e9si munk\u00e1hoz. Az \u00fagynevezett <strong data-start=\"995\" data-end=\"1022\">auto-darkening rendszer<\/strong> automatikusan els\u00f6t\u00e9t\u00edti a l\u00e1t\u00f3mez\u0151t a hegeszt\u00e9si \u00edv felvillan\u00e1sakor, \u00edgy a felhaszn\u00e1l\u00f3 szem\u00e9t azonnal v\u00e9di a k\u00e1ros f\u00e9nyt\u0151l.<\/p>\n<p data-start=\"1149\" data-end=\"1473\">A maszkban tal\u00e1lhat\u00f3 <strong data-start=\"1170\" data-end=\"1213\">foly\u00e9kony krist\u00e1lyos sz\u0171r\u0151 (LCD filter)<\/strong> \u00e9rz\u00e9kel\u0151k seg\u00edts\u00e9g\u00e9vel reag\u00e1l a f\u00e9nyre, \u00e9s a hegeszt\u00e9s pillanat\u00e1ban els\u00f6t\u00e9t\u00fcl, majd a munka befejezt\u00e9vel visszavil\u00e1gosodik. Ez lehet\u0151v\u00e9 teszi, hogy a hegeszt\u0151 <strong data-start=\"1373\" data-end=\"1410\">folyamatosan l\u00e1ssa a munkadarabot<\/strong>, an\u00e9lk\u00fcl hogy minden alkalommal fel kellene emelnie a maszkot.<\/p>\n<p data-start=\"1475\" data-end=\"1515\">A Blade hegeszt\u0151maszk k\u00fcl\u00f6n\u00f6sen hasznos:<\/p>\n<ul data-start=\"1517\" data-end=\"1656\">\n<li data-section-id=\"slb0w\" data-start=\"1517\" data-end=\"1535\">\n<p data-start=\"1519\" data-end=\"1535\">\u00edvhegeszt\u00e9sn\u00e9l<\/p>\n<\/li>\n<li data-section-id=\"e3nmg9\" data-start=\"1536\" data-end=\"1567\">\n<p data-start=\"1538\" data-end=\"1567\">bark\u00e1cs \u00e9s m\u0171hely munk\u00e1kn\u00e1l<\/p>\n<\/li>\n<li data-section-id=\"178lzwj\" data-start=\"1568\" data-end=\"1594\">\n<p data-start=\"1570\" data-end=\"1594\">karossz\u00e9ria jav\u00edt\u00e1sn\u00e1l<\/p>\n<\/li>\n<li data-section-id=\"12ziz6s\" data-start=\"1595\" data-end=\"1616\">\n<p data-start=\"1597\" data-end=\"1616\">f\u00e9mmegmunk\u00e1l\u00e1sn\u00e1l<\/p>\n<\/li>\n<li data-section-id=\"1avqx5e\" data-start=\"1617\" data-end=\"1656\">\n<p data-start=\"1619\" data-end=\"1656\">otthoni vagy f\u00e9lprofi felhaszn\u00e1l\u00e1sn\u00e1l<\/p>\n<\/li>\n<\/ul>\n<p data-start=\"1658\" data-end=\"1896\">Az automata els\u00f6t\u00e9ted\u00e9s jelent\u0151sen <strong data-start=\"1693\" data-end=\"1738\">n\u00f6veli a munka pontoss\u00e1g\u00e1t \u00e9s biztons\u00e1g\u00e1t<\/strong>, mivel a szem nem terhel\u0151dik a hegeszt\u00e9si \u00edv er\u0151s f\u00e9ny\u00e9t\u0151l. A k\u00f6nny\u0171 szerkezet \u00e9s az \u00e1ll\u00edthat\u00f3 fejp\u00e1nt k\u00e9nyelmes viseletet biztos\u00edt hosszabb munk\u00e1k sor\u00e1n is.<\/p>\n<p data-start=\"1898\" data-end=\"2086\">A foly\u00e9kony krist\u00e1lyos hegeszt\u0151maszkok ma m\u00e1r a modern hegeszt\u00e9si technol\u00f3gia alapfelszerel\u00e9sei k\u00f6z\u00e9 tartoznak, mert jelent\u0151sen <strong data-start=\"2026\" data-end=\"2085\">megk\u00f6nny\u00edtik a munk\u00e1t \u00e9s jav\u00edtj\u00e1k a hegeszt\u00e9s min\u0151s\u00e9g\u00e9t<\/strong>.<\/p>\n<p data-start=\"2088\" data-end=\"2262\">Ez a Blade automata hegeszt\u0151maszk egy <strong data-start=\"2126\" data-end=\"2168\">megb\u00edzhat\u00f3 \u00e9s k\u00f6lts\u00e9ghat\u00e9kony megold\u00e1s<\/strong> azok sz\u00e1m\u00e1ra, akik biztons\u00e1gos \u00e9s hat\u00e9kony v\u00e9d\u0151felszerel\u00e9st keresnek hegeszt\u00e9si feladatokhoz.<\/p>\n<p data-start=\"2264\" data-end=\"2415\">Haszn\u00e1lt \u00e1llapotban is j\u00f3 v\u00e1laszt\u00e1s lehet mindazoknak, akik egy <strong data-start=\"2328\" data-end=\"2373\">praktikus \u00e9s megfizethet\u0151 hegeszt\u0151maszkot<\/strong> keresnek m\u0171helybe vagy otthoni munk\u00e1khoz.<\/p>\n<\/div>\n<\/div>\n<\/div>\n<\/div>\n<\/div>\n<\/div>\n<\/div>\n<\/div>\n<\/div>\n<\/div>\n<\/div>\n<\/div>","protected":false},"excerpt":{"rendered":"<p>Blade automata hegeszt\u0151maszk foly\u00e9kony krist\u00e1lyos auto-darkening sz\u0171r\u0151vel. A maszk automatikusan els\u00f6t\u00e9t\u00fcl hegeszt\u00e9s k\u00f6zben, \u00edgy hat\u00e9konyan v\u00e9di a szemet a k\u00e1ros f\u00e9nyt\u0151l. Ide\u00e1lis bark\u00e1cs, m\u0171hely \u00e9s f\u00e9lprofi hegeszt\u00e9si munk\u00e1khoz.<\/p>","protected":false},"featured_media":6794,"template":"","meta":[],"product_brand":[],"product_cat":[2645],"product_tag":[1414,2256,116,2258,2257,443,591],"class_list":{"0":"post-6793","1":"product","2":"type-product","3":"status-publish","4":"has-post-thumbnail","6":"product_cat-hegeszto-felszereles","7":"product_tag-automata","8":"product_tag-blade","9":"product_tag-fekete","10":"product_tag-folyekony-kristalyok","11":"product_tag-hegesztomaszk","12":"product_tag-minoseg","13":"product_tag-vedelem","14":"description-off","16":"first","17":"instock","18":"shipping-taxable","19":"purchasable","20":"product-type-simple"},"yoast_head":"<!-- This site is optimized with the Yoast SEO plugin v27.3 - https:\/\/yoast.com\/product\/yoast-seo-wordpress\/ -->\n<title>Automata hegeszt\u0151maszk Blade \u2013 foly\u00e9kony krist\u00e1lyos<\/title>\n<meta name=\"description\" content=\"A Blade automata hegeszt\u0151maszk forradalmian \u00faj\u00edtott megk\u00f6zel\u00edt\u00e9st k\u00edn\u00e1l a hegeszt\u00e9sbiztons\u00e1g ter\u00e9n. Kiv\u00e1l\u00f3an alkalmas a legk\u00fcl\u00f6nf\u00e9l\u00e9bb hegeszt\u00e9si munk\u00e1kra.\" \/>\n<meta name=\"robots\" content=\"index, follow, max-snippet:-1, max-image-preview:large, max-video-preview:-1\" \/>\n<link rel=\"canonical\" href=\"https:\/\/yupie.app\/ro\/product\/blade-automata-hegesztomaszk-folyekony-kristalyokkal\/\" \/>\n<meta property=\"og:locale\" content=\"ro_RO\" \/>\n<meta property=\"og:type\" content=\"article\" \/>\n<meta property=\"og:title\" content=\"Automata hegeszt\u0151maszk Blade \u2013 foly\u00e9kony krist\u00e1lyos\" \/>\n<meta property=\"og:description\" content=\"A Blade automata hegeszt\u0151maszk forradalmian \u00faj\u00edtott megk\u00f6zel\u00edt\u00e9st k\u00edn\u00e1l a hegeszt\u00e9sbiztons\u00e1g ter\u00e9n. Kiv\u00e1l\u00f3an alkalmas a legk\u00fcl\u00f6nf\u00e9l\u00e9bb hegeszt\u00e9si munk\u00e1kra.\" \/>\n<meta property=\"og:url\" content=\"https:\/\/yupie.app\/ro\/product\/blade-automata-hegesztomaszk-folyekony-kristalyokkal\/\" \/>\n<meta property=\"og:site_name\" content=\"yupie.app\" \/>\n<meta property=\"article:publisher\" content=\"https:\/\/www.facebook.com\/profile.php?id=100089345417295\" \/>\n<meta property=\"article:modified_time\" content=\"2026-03-13T06:18:04+00:00\" \/>\n<meta property=\"og:image\" content=\"https:\/\/yupie.app\/wp-content\/uploads\/2023\/12\/DSC05920-scaled-1024x1024.png\" \/>\n\t<meta property=\"og:image:width\" content=\"1024\" \/>\n\t<meta property=\"og:image:height\" content=\"1024\" \/>\n\t<meta property=\"og:image:type\" content=\"image\/png\" \/>\n<meta name=\"twitter:card\" content=\"summary_large_image\" \/>\n<meta name=\"twitter:label1\" content=\"Timp estimat pentru citire\" \/>\n\t<meta name=\"twitter:data1\" content=\"2 minute\" \/>\n<script type=\"application\/ld+json\" class=\"yoast-schema-graph\">{\"@context\":\"https:\\\/\\\/schema.org\",\"@graph\":[{\"@type\":\"WebPage\",\"@id\":\"https:\\\/\\\/yupie.app\\\/product\\\/blade-automata-hegesztomaszk-folyekony-kristalyokkal\\\/\",\"url\":\"https:\\\/\\\/yupie.app\\\/product\\\/blade-automata-hegesztomaszk-folyekony-kristalyokkal\\\/\",\"name\":\"Automata hegeszt\u0151maszk Blade \u2013 foly\u00e9kony krist\u00e1lyos\",\"isPartOf\":{\"@id\":\"https:\\\/\\\/yupie.app\\\/#website\"},\"primaryImageOfPage\":{\"@id\":\"https:\\\/\\\/yupie.app\\\/product\\\/blade-automata-hegesztomaszk-folyekony-kristalyokkal\\\/#primaryimage\"},\"image\":{\"@id\":\"https:\\\/\\\/yupie.app\\\/product\\\/blade-automata-hegesztomaszk-folyekony-kristalyokkal\\\/#primaryimage\"},\"thumbnailUrl\":\"https:\\\/\\\/yupie.app\\\/wp-content\\\/uploads\\\/2023\\\/12\\\/DSC05920-scaled.png\",\"datePublished\":\"2023-12-22T10:49:08+00:00\",\"dateModified\":\"2026-03-13T06:18:04+00:00\",\"description\":\"A Blade automata hegeszt\u0151maszk forradalmian \u00faj\u00edtott megk\u00f6zel\u00edt\u00e9st k\u00edn\u00e1l a hegeszt\u00e9sbiztons\u00e1g ter\u00e9n. Kiv\u00e1l\u00f3an alkalmas a legk\u00fcl\u00f6nf\u00e9l\u00e9bb hegeszt\u00e9si munk\u00e1kra.\",\"breadcrumb\":{\"@id\":\"https:\\\/\\\/yupie.app\\\/product\\\/blade-automata-hegesztomaszk-folyekony-kristalyokkal\\\/#breadcrumb\"},\"inLanguage\":\"ro-RO\",\"potentialAction\":[{\"@type\":\"ReadAction\",\"target\":[\"https:\\\/\\\/yupie.app\\\/product\\\/blade-automata-hegesztomaszk-folyekony-kristalyokkal\\\/\"]}]},{\"@type\":\"ImageObject\",\"inLanguage\":\"ro-RO\",\"@id\":\"https:\\\/\\\/yupie.app\\\/product\\\/blade-automata-hegesztomaszk-folyekony-kristalyokkal\\\/#primaryimage\",\"url\":\"https:\\\/\\\/yupie.app\\\/wp-content\\\/uploads\\\/2023\\\/12\\\/DSC05920-scaled.png\",\"contentUrl\":\"https:\\\/\\\/yupie.app\\\/wp-content\\\/uploads\\\/2023\\\/12\\\/DSC05920-scaled.png\",\"width\":2560,\"height\":2560,\"caption\":\"Blade automata hegeszt\u0151maszk \u2013 foly\u00e9kony krist\u00e1lyos hegeszt\u0151 v\u00e9d\u0151maszk m\u0171helymunk\u00e1hoz\"},{\"@type\":\"BreadcrumbList\",\"@id\":\"https:\\\/\\\/yupie.app\\\/product\\\/blade-automata-hegesztomaszk-folyekony-kristalyokkal\\\/#breadcrumb\",\"itemListElement\":[{\"@type\":\"ListItem\",\"position\":1,\"name\":\"Kezd\u0151lap\",\"item\":\"https:\\\/\\\/yupie.app\\\/\"},{\"@type\":\"ListItem\",\"position\":2,\"name\":\"Katal\u00f3gus\",\"item\":\"https:\\\/\\\/yupie.app\\\/katalogus\\\/\"},{\"@type\":\"ListItem\",\"position\":3,\"name\":\"Blade automata hegeszt\u0151maszk foly\u00e9kony krist\u00e1lyos auto-darkening sz\u0171r\u0151vel\"}]},{\"@type\":\"WebSite\",\"@id\":\"https:\\\/\\\/yupie.app\\\/#website\",\"url\":\"https:\\\/\\\/yupie.app\\\/\",\"name\":\"yupie.app\",\"description\":\"\",\"publisher\":{\"@id\":\"https:\\\/\\\/yupie.app\\\/#organization\"},\"potentialAction\":[{\"@type\":\"SearchAction\",\"target\":{\"@type\":\"EntryPoint\",\"urlTemplate\":\"https:\\\/\\\/yupie.app\\\/?s={search_term_string}\"},\"query-input\":{\"@type\":\"PropertyValueSpecification\",\"valueRequired\":true,\"valueName\":\"search_term_string\"}}],\"inLanguage\":\"ro-RO\"},{\"@type\":\"Organization\",\"@id\":\"https:\\\/\\\/yupie.app\\\/#organization\",\"name\":\"yupie.app\",\"url\":\"https:\\\/\\\/yupie.app\\\/\",\"logo\":{\"@type\":\"ImageObject\",\"inLanguage\":\"ro-RO\",\"@id\":\"https:\\\/\\\/yupie.app\\\/#\\\/schema\\\/logo\\\/image\\\/\",\"url\":\"https:\\\/\\\/yupie.app\\\/wp-content\\\/uploads\\\/2025\\\/07\\\/cropped-uj-logo.png\",\"contentUrl\":\"https:\\\/\\\/yupie.app\\\/wp-content\\\/uploads\\\/2025\\\/07\\\/cropped-uj-logo.png\",\"width\":500,\"height\":208,\"caption\":\"yupie.app\"},\"image\":{\"@id\":\"https:\\\/\\\/yupie.app\\\/#\\\/schema\\\/logo\\\/image\\\/\"},\"sameAs\":[\"https:\\\/\\\/www.facebook.com\\\/profile.php?id=100089345417295\"]}]}<\/script>\n<!-- \/ Yoast SEO plugin. -->","yoast_head_json":{"title":"Automata hegeszt\u0151maszk Blade \u2013 foly\u00e9kony krist\u00e1lyos","description":"A Blade automata hegeszt\u0151maszk forradalmian \u00faj\u00edtott megk\u00f6zel\u00edt\u00e9st k\u00edn\u00e1l a hegeszt\u00e9sbiztons\u00e1g ter\u00e9n. Kiv\u00e1l\u00f3an alkalmas a legk\u00fcl\u00f6nf\u00e9l\u00e9bb hegeszt\u00e9si munk\u00e1kra.","robots":{"index":"index","follow":"follow","max-snippet":"max-snippet:-1","max-image-preview":"max-image-preview:large","max-video-preview":"max-video-preview:-1"},"canonical":"https:\/\/yupie.app\/ro\/product\/blade-automata-hegesztomaszk-folyekony-kristalyokkal\/","og_locale":"ro_RO","og_type":"article","og_title":"Automata hegeszt\u0151maszk Blade \u2013 foly\u00e9kony krist\u00e1lyos","og_description":"A Blade automata hegeszt\u0151maszk forradalmian \u00faj\u00edtott megk\u00f6zel\u00edt\u00e9st k\u00edn\u00e1l a hegeszt\u00e9sbiztons\u00e1g ter\u00e9n. Kiv\u00e1l\u00f3an alkalmas a legk\u00fcl\u00f6nf\u00e9l\u00e9bb hegeszt\u00e9si munk\u00e1kra.","og_url":"https:\/\/yupie.app\/ro\/product\/blade-automata-hegesztomaszk-folyekony-kristalyokkal\/","og_site_name":"yupie.app","article_publisher":"https:\/\/www.facebook.com\/profile.php?id=100089345417295","article_modified_time":"2026-03-13T06:18:04+00:00","og_image":[{"width":1024,"height":1024,"url":"https:\/\/yupie.app\/wp-content\/uploads\/2023\/12\/DSC05920-scaled-1024x1024.png","type":"image\/png"}],"twitter_card":"summary_large_image","twitter_misc":{"Timp estimat pentru citire":"2 minute"},"schema":{"@context":"https:\/\/schema.org","@graph":[{"@type":"WebPage","@id":"https:\/\/yupie.app\/product\/blade-automata-hegesztomaszk-folyekony-kristalyokkal\/","url":"https:\/\/yupie.app\/product\/blade-automata-hegesztomaszk-folyekony-kristalyokkal\/","name":"Automata hegeszt\u0151maszk Blade \u2013 foly\u00e9kony krist\u00e1lyos","isPartOf":{"@id":"https:\/\/yupie.app\/#website"},"primaryImageOfPage":{"@id":"https:\/\/yupie.app\/product\/blade-automata-hegesztomaszk-folyekony-kristalyokkal\/#primaryimage"},"image":{"@id":"https:\/\/yupie.app\/product\/blade-automata-hegesztomaszk-folyekony-kristalyokkal\/#primaryimage"},"thumbnailUrl":"https:\/\/yupie.app\/wp-content\/uploads\/2023\/12\/DSC05920-scaled.png","datePublished":"2023-12-22T10:49:08+00:00","dateModified":"2026-03-13T06:18:04+00:00","description":"A Blade automata hegeszt\u0151maszk forradalmian \u00faj\u00edtott megk\u00f6zel\u00edt\u00e9st k\u00edn\u00e1l a hegeszt\u00e9sbiztons\u00e1g ter\u00e9n. Kiv\u00e1l\u00f3an alkalmas a legk\u00fcl\u00f6nf\u00e9l\u00e9bb hegeszt\u00e9si munk\u00e1kra.","breadcrumb":{"@id":"https:\/\/yupie.app\/product\/blade-automata-hegesztomaszk-folyekony-kristalyokkal\/#breadcrumb"},"inLanguage":"ro-RO","potentialAction":[{"@type":"ReadAction","target":["https:\/\/yupie.app\/product\/blade-automata-hegesztomaszk-folyekony-kristalyokkal\/"]}]},{"@type":"ImageObject","inLanguage":"ro-RO","@id":"https:\/\/yupie.app\/product\/blade-automata-hegesztomaszk-folyekony-kristalyokkal\/#primaryimage","url":"https:\/\/yupie.app\/wp-content\/uploads\/2023\/12\/DSC05920-scaled.png","contentUrl":"https:\/\/yupie.app\/wp-content\/uploads\/2023\/12\/DSC05920-scaled.png","width":2560,"height":2560,"caption":"Blade automata hegeszt\u0151maszk \u2013 foly\u00e9kony krist\u00e1lyos hegeszt\u0151 v\u00e9d\u0151maszk m\u0171helymunk\u00e1hoz"},{"@type":"BreadcrumbList","@id":"https:\/\/yupie.app\/product\/blade-automata-hegesztomaszk-folyekony-kristalyokkal\/#breadcrumb","itemListElement":[{"@type":"ListItem","position":1,"name":"Kezd\u0151lap","item":"https:\/\/yupie.app\/"},{"@type":"ListItem","position":2,"name":"Katal\u00f3gus","item":"https:\/\/yupie.app\/katalogus\/"},{"@type":"ListItem","position":3,"name":"Blade automata hegeszt\u0151maszk foly\u00e9kony krist\u00e1lyos auto-darkening sz\u0171r\u0151vel"}]},{"@type":"WebSite","@id":"https:\/\/yupie.app\/#website","url":"https:\/\/yupie.app\/","name":"yupie.app","description":"","publisher":{"@id":"https:\/\/yupie.app\/#organization"},"potentialAction":[{"@type":"SearchAction","target":{"@type":"EntryPoint","urlTemplate":"https:\/\/yupie.app\/?s={search_term_string}"},"query-input":{"@type":"PropertyValueSpecification","valueRequired":true,"valueName":"search_term_string"}}],"inLanguage":"ro-RO"},{"@type":"Organization","@id":"https:\/\/yupie.app\/#organization","name":"yupie.app","url":"https:\/\/yupie.app\/","logo":{"@type":"ImageObject","inLanguage":"ro-RO","@id":"https:\/\/yupie.app\/#\/schema\/logo\/image\/","url":"https:\/\/yupie.app\/wp-content\/uploads\/2025\/07\/cropped-uj-logo.png","contentUrl":"https:\/\/yupie.app\/wp-content\/uploads\/2025\/07\/cropped-uj-logo.png","width":500,"height":208,"caption":"yupie.app"},"image":{"@id":"https:\/\/yupie.app\/#\/schema\/logo\/image\/"},"sameAs":["https:\/\/www.facebook.com\/profile.php?id=100089345417295"]}]}},"jetpack_sharing_enabled":true,"_links":{"self":[{"href":"https:\/\/yupie.app\/ro\/wp-json\/wp\/v2\/product\/6793","targetHints":{"allow":["GET"]}}],"collection":[{"href":"https:\/\/yupie.app\/ro\/wp-json\/wp\/v2\/product"}],"about":[{"href":"https:\/\/yupie.app\/ro\/wp-json\/wp\/v2\/types\/product"}],"version-history":[{"count":0,"href":"https:\/\/yupie.app\/ro\/wp-json\/wp\/v2\/product\/6793\/revisions"}],"wp:featuredmedia":[{"embeddable":true,"href":"https:\/\/yupie.app\/ro\/wp-json\/wp\/v2\/media\/6794"}],"wp:attachment":[{"href":"https:\/\/yupie.app\/ro\/wp-json\/wp\/v2\/media?parent=6793"}],"wp:term":[{"taxonomy":"product_brand","embeddable":true,"href":"https:\/\/yupie.app\/ro\/wp-json\/wp\/v2\/product_brand?post=6793"},{"taxonomy":"product_cat","embeddable":true,"href":"https:\/\/yupie.app\/ro\/wp-json\/wp\/v2\/product_cat?post=6793"},{"taxonomy":"product_tag","embeddable":true,"href":"https:\/\/yupie.app\/ro\/wp-json\/wp\/v2\/product_tag?post=6793"}],"curies":[{"name":"wp","href":"https:\/\/api.w.org\/{rel}","templated":true}]}}