{"id":6776,"date":"2023-12-22T11:53:19","date_gmt":"2023-12-22T09:53:19","guid":{"rendered":"https:\/\/yupie.hu\/?post_type=product&#038;p=6776"},"modified":"2026-02-25T07:54:35","modified_gmt":"2026-02-25T05:54:35","slug":"nikko-nhs-40-hifi-audio-center","status":"publish","type":"product","link":"https:\/\/yupie.app\/ro\/product\/nikko-nhs-40-hifi-audio-center\/","title":{"rendered":"Nikko NHS-40 Vintage HiFi Audio Center \u2013 Lemezj\u00e1tsz\u00f3, Kazett\u00e1s Magn\u00f3, R\u00e1di\u00f3 \u00e9s Be\u00e9p\u00edtett Er\u0151s\u00edt\u0151 | 1980-as \u00e9vek Jap\u00e1n Stereo Rendszer"},"content":{"rendered":"<p data-start=\"282\" data-end=\"514\">A <strong data-start=\"284\" data-end=\"350\"><span class=\"hover:entity-accent entity-underline inline cursor-pointer align-baseline\"><span class=\"whitespace-normal\">Nikko<\/span><\/span> NHS-40 HiFi Audio Center<\/strong> egy klasszikus 1980-as \u00e9vekbeli jap\u00e1n sztere\u00f3 rendszer, amely egyetlen eleg\u00e1ns k\u00e9sz\u00fcl\u00e9kben egyes\u00edti a lemezj\u00e1tsz\u00f3t, kazett\u00e1s magn\u00f3t, FM\/AM r\u00e1di\u00f3t \u00e9s az er\u0151s\u00edt\u0151t.<\/p>\n<p data-start=\"516\" data-end=\"742\">Ez az \u00fagynevezett \u201eall-in-one\u201d audio center ide\u00e1lis v\u00e1laszt\u00e1s azok sz\u00e1m\u00e1ra, akik szeretn\u00e9nek bel\u00e9pni a vintage HiFi vil\u00e1g\u00e1ba, vagy egy karakteres, retr\u00f3 hangulat\u00fa hangrendszert keresnek otthonukba, irod\u00e1jukba vagy st\u00fadi\u00f3jukba.<\/p>\n<h3 data-start=\"744\" data-end=\"766\">\ud83c\udfb5 F\u0151bb jellemz\u0151k:<\/h3>\n<ul data-start=\"767\" data-end=\"958\">\n<li data-start=\"767\" data-end=\"796\">\n<p data-start=\"769\" data-end=\"796\">Be\u00e9p\u00edtett sztere\u00f3 er\u0151s\u00edt\u0151<\/p>\n<\/li>\n<li data-start=\"797\" data-end=\"820\">\n<p data-start=\"799\" data-end=\"820\">FM \/ AM r\u00e1di\u00f3 tuner<\/p>\n<\/li>\n<li data-start=\"821\" data-end=\"855\">\n<p data-start=\"823\" data-end=\"855\">Lemezj\u00e1tsz\u00f3 (vinyl lemezekhez)<\/p>\n<\/li>\n<li data-start=\"856\" data-end=\"874\">\n<p data-start=\"858\" data-end=\"874\">Kazett\u00e1s magn\u00f3<\/p>\n<\/li>\n<li data-start=\"875\" data-end=\"897\">\n<p data-start=\"877\" data-end=\"897\">Anal\u00f3g VU m\u0171szerek<\/p>\n<\/li>\n<li data-start=\"898\" data-end=\"928\">\n<p data-start=\"900\" data-end=\"928\">Klasszikus fa oldalpanelek<\/p>\n<\/li>\n<li data-start=\"929\" data-end=\"958\">\n<p data-start=\"931\" data-end=\"958\">Retr\u00f3 1980-as \u00e9vek diz\u00e1jn<\/p>\n<\/li>\n<\/ul>\n<p data-start=\"960\" data-end=\"1297\">A Nikko m\u00e1rka a jap\u00e1n HiFi korszak egyik megb\u00edzhat\u00f3 szerepl\u0151je volt, amely min\u0151s\u00e9gi, de el\u00e9rhet\u0151 \u00e1r\u00fa audio berendez\u00e9seir\u0151l v\u00e1lt ismertt\u00e9. B\u00e1r nem high-end kateg\u00f3ria, mint p\u00e9ld\u00e1ul a <strong data-start=\"1141\" data-end=\"1182\"><span class=\"hover:entity-accent entity-underline inline cursor-pointer align-baseline\"><span class=\"whitespace-normal\">Marantz<\/span><\/span><\/strong> vagy a <strong data-start=\"1190\" data-end=\"1231\"><span class=\"hover:entity-accent entity-underline inline cursor-pointer align-baseline\"><span class=\"whitespace-normal\">Sansui<\/span><\/span><\/strong>, m\u00e9gis stabil, karakteres hangz\u00e1st \u00e9s igazi anal\u00f3g \u00e9lm\u00e9nyt k\u00edn\u00e1l.<\/p>\n<p data-start=\"1299\" data-end=\"1330\">Ez a modell k\u00fcl\u00f6n\u00f6sen aj\u00e1nlott:<\/p>\n<ul data-start=\"1331\" data-end=\"1476\">\n<li data-start=\"1331\" data-end=\"1370\">\n<p data-start=\"1333\" data-end=\"1370\">Vinyl gy\u0171jt\u0151knek kezd\u0151 rendszerk\u00e9nt<\/p>\n<\/li>\n<li data-start=\"1371\" data-end=\"1403\">\n<p data-start=\"1373\" data-end=\"1403\">Vintage enteri\u0151r kedvel\u0151knek<\/p>\n<\/li>\n<li data-start=\"1404\" data-end=\"1435\">\n<p data-start=\"1406\" data-end=\"1435\">Retro hangulatot keres\u0151knek<\/p>\n<\/li>\n<li data-start=\"1436\" data-end=\"1476\">\n<p data-start=\"1438\" data-end=\"1476\">Dekor\u00e1ci\u00f3s c\u00e9lra k\u00e1v\u00e9z\u00f3ba, nappaliba<\/p>\n<\/li>\n<\/ul>\n<p data-start=\"1478\" data-end=\"1663\">A k\u00e9sz\u00fcl\u00e9k nem csup\u00e1n hangtechnika, hanem egy korszak hangulat\u00e1nak hordoz\u00f3ja. A mechanikus kapcsol\u00f3k, az anal\u00f3g m\u0171szerek \u00e9s a klasszikus kialak\u00edt\u00e1s igazi nosztalgikus \u00e9lm\u00e9nyt ny\u00fajtanak.<\/p>","protected":false},"excerpt":{"rendered":"<p>A Nikko NHS-40 egy 1980-as \u00e9vekbeli vintage HiFi audio center be\u00e9p\u00edtett lemezj\u00e1tsz\u00f3val, kazett\u00e1s magn\u00f3val, r\u00e1di\u00f3val \u00e9s er\u0151s\u00edt\u0151vel. Ide\u00e1lis v\u00e1laszt\u00e1s retro hangrendszerk\u00e9nt vagy vinyl bel\u00e9p\u0151 szint\u0171 sztere\u00f3 rendszerk\u00e9nt.<\/p>","protected":false},"featured_media":6777,"template":"","meta":[],"product_brand":[],"product_cat":[2397],"product_tag":[2253,410,116,2231,2252,2251,124],"class_list":{"0":"post-6776","1":"product","2":"type-product","3":"status-publish","4":"has-post-thumbnail","6":"product_cat-hangrendszerek","7":"product_tag-audio-center","8":"product_tag-elektronika","9":"product_tag-fekete","10":"product_tag-hifi","11":"product_tag-nhs-40","12":"product_tag-nikko","13":"product_tag-szurke","14":"description-off","16":"first","17":"instock","18":"shipping-taxable","19":"purchasable","20":"product-type-simple"},"yoast_head":"<!-- This site is optimized with the Yoast SEO plugin v27.3 - https:\/\/yoast.com\/product\/yoast-seo-wordpress\/ -->\n<title>Nikko NHS-40 Vintage HiFi Audio Center \u2013 Lemezj\u00e1tsz\u00f3, Kazett\u00e1s<\/title>\n<meta name=\"description\" content=\"A Nikko NHS-40 HiFi audio center kiv\u00e1l\u00f3 min\u0151s\u00e9g\u0171 eszk\u00f6z, mely magas szint\u0171 hangz\u00e1si \u00e9lm\u00e9nyt ny\u00fajt. A k\u00e9sz\u00fcl\u00e9k eleg\u00e1ns \u00e9s modern kialak\u00edt\u00e1s\u00fa.\" \/>\n<meta name=\"robots\" content=\"index, follow, max-snippet:-1, max-image-preview:large, max-video-preview:-1\" \/>\n<link rel=\"canonical\" href=\"https:\/\/yupie.app\/ro\/product\/nikko-nhs-40-hifi-audio-center\/\" \/>\n<meta property=\"og:locale\" content=\"ro_RO\" \/>\n<meta property=\"og:type\" content=\"article\" \/>\n<meta property=\"og:title\" content=\"Nikko NHS-40 Vintage HiFi Audio Center \u2013 Lemezj\u00e1tsz\u00f3, Kazett\u00e1s\" \/>\n<meta property=\"og:description\" content=\"A Nikko NHS-40 HiFi audio center kiv\u00e1l\u00f3 min\u0151s\u00e9g\u0171 eszk\u00f6z, mely magas szint\u0171 hangz\u00e1si \u00e9lm\u00e9nyt ny\u00fajt. A k\u00e9sz\u00fcl\u00e9k eleg\u00e1ns \u00e9s modern kialak\u00edt\u00e1s\u00fa.\" \/>\n<meta property=\"og:url\" content=\"https:\/\/yupie.app\/ro\/product\/nikko-nhs-40-hifi-audio-center\/\" \/>\n<meta property=\"og:site_name\" content=\"yupie.app\" \/>\n<meta property=\"article:publisher\" content=\"https:\/\/www.facebook.com\/profile.php?id=100089345417295\" \/>\n<meta property=\"article:modified_time\" content=\"2026-02-25T05:54:35+00:00\" \/>\n<meta property=\"og:image\" content=\"https:\/\/yupie.app\/wp-content\/uploads\/2023\/12\/DSC05904-scaled-1024x1024.png\" \/>\n\t<meta property=\"og:image:width\" content=\"1024\" \/>\n\t<meta property=\"og:image:height\" content=\"1024\" \/>\n\t<meta property=\"og:image:type\" content=\"image\/png\" \/>\n<meta name=\"twitter:card\" content=\"summary_large_image\" \/>\n<meta name=\"twitter:label1\" content=\"Timp estimat pentru citire\" \/>\n\t<meta name=\"twitter:data1\" content=\"2 minute\" \/>\n<script type=\"application\/ld+json\" class=\"yoast-schema-graph\">{\"@context\":\"https:\\\/\\\/schema.org\",\"@graph\":[{\"@type\":\"WebPage\",\"@id\":\"https:\\\/\\\/yupie.app\\\/product\\\/nikko-nhs-40-hifi-audio-center\\\/\",\"url\":\"https:\\\/\\\/yupie.app\\\/product\\\/nikko-nhs-40-hifi-audio-center\\\/\",\"name\":\"Nikko NHS-40 Vintage HiFi Audio Center \u2013 Lemezj\u00e1tsz\u00f3, Kazett\u00e1s\",\"isPartOf\":{\"@id\":\"https:\\\/\\\/yupie.app\\\/#website\"},\"primaryImageOfPage\":{\"@id\":\"https:\\\/\\\/yupie.app\\\/product\\\/nikko-nhs-40-hifi-audio-center\\\/#primaryimage\"},\"image\":{\"@id\":\"https:\\\/\\\/yupie.app\\\/product\\\/nikko-nhs-40-hifi-audio-center\\\/#primaryimage\"},\"thumbnailUrl\":\"https:\\\/\\\/yupie.app\\\/wp-content\\\/uploads\\\/2023\\\/12\\\/DSC05904-scaled.png\",\"datePublished\":\"2023-12-22T09:53:19+00:00\",\"dateModified\":\"2026-02-25T05:54:35+00:00\",\"description\":\"A Nikko NHS-40 HiFi audio center kiv\u00e1l\u00f3 min\u0151s\u00e9g\u0171 eszk\u00f6z, mely magas szint\u0171 hangz\u00e1si \u00e9lm\u00e9nyt ny\u00fajt. A k\u00e9sz\u00fcl\u00e9k eleg\u00e1ns \u00e9s modern kialak\u00edt\u00e1s\u00fa.\",\"breadcrumb\":{\"@id\":\"https:\\\/\\\/yupie.app\\\/product\\\/nikko-nhs-40-hifi-audio-center\\\/#breadcrumb\"},\"inLanguage\":\"ro-RO\",\"potentialAction\":[{\"@type\":\"ReadAction\",\"target\":[\"https:\\\/\\\/yupie.app\\\/product\\\/nikko-nhs-40-hifi-audio-center\\\/\"]}]},{\"@type\":\"ImageObject\",\"inLanguage\":\"ro-RO\",\"@id\":\"https:\\\/\\\/yupie.app\\\/product\\\/nikko-nhs-40-hifi-audio-center\\\/#primaryimage\",\"url\":\"https:\\\/\\\/yupie.app\\\/wp-content\\\/uploads\\\/2023\\\/12\\\/DSC05904-scaled.png\",\"contentUrl\":\"https:\\\/\\\/yupie.app\\\/wp-content\\\/uploads\\\/2023\\\/12\\\/DSC05904-scaled.png\",\"width\":2560,\"height\":2560,\"caption\":\"Nikko NHS-40 \u2013 klasszikus 1980-as \u00e9vekbeli jap\u00e1n HiFi audio center\"},{\"@type\":\"BreadcrumbList\",\"@id\":\"https:\\\/\\\/yupie.app\\\/product\\\/nikko-nhs-40-hifi-audio-center\\\/#breadcrumb\",\"itemListElement\":[{\"@type\":\"ListItem\",\"position\":1,\"name\":\"Kezd\u0151lap\",\"item\":\"https:\\\/\\\/yupie.app\\\/\"},{\"@type\":\"ListItem\",\"position\":2,\"name\":\"Katal\u00f3gus\",\"item\":\"https:\\\/\\\/yupie.app\\\/katalogus\\\/\"},{\"@type\":\"ListItem\",\"position\":3,\"name\":\"Nikko NHS-40 Vintage HiFi Audio Center \u2013 Lemezj\u00e1tsz\u00f3, Kazett\u00e1s Magn\u00f3, R\u00e1di\u00f3 \u00e9s Be\u00e9p\u00edtett Er\u0151s\u00edt\u0151 | 1980-as \u00e9vek Jap\u00e1n Stereo Rendszer\"}]},{\"@type\":\"WebSite\",\"@id\":\"https:\\\/\\\/yupie.app\\\/#website\",\"url\":\"https:\\\/\\\/yupie.app\\\/\",\"name\":\"yupie.app\",\"description\":\"\",\"publisher\":{\"@id\":\"https:\\\/\\\/yupie.app\\\/#organization\"},\"potentialAction\":[{\"@type\":\"SearchAction\",\"target\":{\"@type\":\"EntryPoint\",\"urlTemplate\":\"https:\\\/\\\/yupie.app\\\/?s={search_term_string}\"},\"query-input\":{\"@type\":\"PropertyValueSpecification\",\"valueRequired\":true,\"valueName\":\"search_term_string\"}}],\"inLanguage\":\"ro-RO\"},{\"@type\":\"Organization\",\"@id\":\"https:\\\/\\\/yupie.app\\\/#organization\",\"name\":\"yupie.app\",\"url\":\"https:\\\/\\\/yupie.app\\\/\",\"logo\":{\"@type\":\"ImageObject\",\"inLanguage\":\"ro-RO\",\"@id\":\"https:\\\/\\\/yupie.app\\\/#\\\/schema\\\/logo\\\/image\\\/\",\"url\":\"https:\\\/\\\/yupie.app\\\/wp-content\\\/uploads\\\/2025\\\/07\\\/cropped-uj-logo.png\",\"contentUrl\":\"https:\\\/\\\/yupie.app\\\/wp-content\\\/uploads\\\/2025\\\/07\\\/cropped-uj-logo.png\",\"width\":500,\"height\":208,\"caption\":\"yupie.app\"},\"image\":{\"@id\":\"https:\\\/\\\/yupie.app\\\/#\\\/schema\\\/logo\\\/image\\\/\"},\"sameAs\":[\"https:\\\/\\\/www.facebook.com\\\/profile.php?id=100089345417295\"]}]}<\/script>\n<!-- \/ Yoast SEO plugin. -->","yoast_head_json":{"title":"Nikko NHS-40 Vintage HiFi Audio Center \u2013 Lemezj\u00e1tsz\u00f3, Kazett\u00e1s","description":"A Nikko NHS-40 HiFi audio center kiv\u00e1l\u00f3 min\u0151s\u00e9g\u0171 eszk\u00f6z, mely magas szint\u0171 hangz\u00e1si \u00e9lm\u00e9nyt ny\u00fajt. A k\u00e9sz\u00fcl\u00e9k eleg\u00e1ns \u00e9s modern kialak\u00edt\u00e1s\u00fa.","robots":{"index":"index","follow":"follow","max-snippet":"max-snippet:-1","max-image-preview":"max-image-preview:large","max-video-preview":"max-video-preview:-1"},"canonical":"https:\/\/yupie.app\/ro\/product\/nikko-nhs-40-hifi-audio-center\/","og_locale":"ro_RO","og_type":"article","og_title":"Nikko NHS-40 Vintage HiFi Audio Center \u2013 Lemezj\u00e1tsz\u00f3, Kazett\u00e1s","og_description":"A Nikko NHS-40 HiFi audio center kiv\u00e1l\u00f3 min\u0151s\u00e9g\u0171 eszk\u00f6z, mely magas szint\u0171 hangz\u00e1si \u00e9lm\u00e9nyt ny\u00fajt. A k\u00e9sz\u00fcl\u00e9k eleg\u00e1ns \u00e9s modern kialak\u00edt\u00e1s\u00fa.","og_url":"https:\/\/yupie.app\/ro\/product\/nikko-nhs-40-hifi-audio-center\/","og_site_name":"yupie.app","article_publisher":"https:\/\/www.facebook.com\/profile.php?id=100089345417295","article_modified_time":"2026-02-25T05:54:35+00:00","og_image":[{"width":1024,"height":1024,"url":"https:\/\/yupie.app\/wp-content\/uploads\/2023\/12\/DSC05904-scaled-1024x1024.png","type":"image\/png"}],"twitter_card":"summary_large_image","twitter_misc":{"Timp estimat pentru citire":"2 minute"},"schema":{"@context":"https:\/\/schema.org","@graph":[{"@type":"WebPage","@id":"https:\/\/yupie.app\/product\/nikko-nhs-40-hifi-audio-center\/","url":"https:\/\/yupie.app\/product\/nikko-nhs-40-hifi-audio-center\/","name":"Nikko NHS-40 Vintage HiFi Audio Center \u2013 Lemezj\u00e1tsz\u00f3, Kazett\u00e1s","isPartOf":{"@id":"https:\/\/yupie.app\/#website"},"primaryImageOfPage":{"@id":"https:\/\/yupie.app\/product\/nikko-nhs-40-hifi-audio-center\/#primaryimage"},"image":{"@id":"https:\/\/yupie.app\/product\/nikko-nhs-40-hifi-audio-center\/#primaryimage"},"thumbnailUrl":"https:\/\/yupie.app\/wp-content\/uploads\/2023\/12\/DSC05904-scaled.png","datePublished":"2023-12-22T09:53:19+00:00","dateModified":"2026-02-25T05:54:35+00:00","description":"A Nikko NHS-40 HiFi audio center kiv\u00e1l\u00f3 min\u0151s\u00e9g\u0171 eszk\u00f6z, mely magas szint\u0171 hangz\u00e1si \u00e9lm\u00e9nyt ny\u00fajt. A k\u00e9sz\u00fcl\u00e9k eleg\u00e1ns \u00e9s modern kialak\u00edt\u00e1s\u00fa.","breadcrumb":{"@id":"https:\/\/yupie.app\/product\/nikko-nhs-40-hifi-audio-center\/#breadcrumb"},"inLanguage":"ro-RO","potentialAction":[{"@type":"ReadAction","target":["https:\/\/yupie.app\/product\/nikko-nhs-40-hifi-audio-center\/"]}]},{"@type":"ImageObject","inLanguage":"ro-RO","@id":"https:\/\/yupie.app\/product\/nikko-nhs-40-hifi-audio-center\/#primaryimage","url":"https:\/\/yupie.app\/wp-content\/uploads\/2023\/12\/DSC05904-scaled.png","contentUrl":"https:\/\/yupie.app\/wp-content\/uploads\/2023\/12\/DSC05904-scaled.png","width":2560,"height":2560,"caption":"Nikko NHS-40 \u2013 klasszikus 1980-as \u00e9vekbeli jap\u00e1n HiFi audio center"},{"@type":"BreadcrumbList","@id":"https:\/\/yupie.app\/product\/nikko-nhs-40-hifi-audio-center\/#breadcrumb","itemListElement":[{"@type":"ListItem","position":1,"name":"Kezd\u0151lap","item":"https:\/\/yupie.app\/"},{"@type":"ListItem","position":2,"name":"Katal\u00f3gus","item":"https:\/\/yupie.app\/katalogus\/"},{"@type":"ListItem","position":3,"name":"Nikko NHS-40 Vintage HiFi Audio Center \u2013 Lemezj\u00e1tsz\u00f3, Kazett\u00e1s Magn\u00f3, R\u00e1di\u00f3 \u00e9s Be\u00e9p\u00edtett Er\u0151s\u00edt\u0151 | 1980-as \u00e9vek Jap\u00e1n Stereo Rendszer"}]},{"@type":"WebSite","@id":"https:\/\/yupie.app\/#website","url":"https:\/\/yupie.app\/","name":"yupie.app","description":"","publisher":{"@id":"https:\/\/yupie.app\/#organization"},"potentialAction":[{"@type":"SearchAction","target":{"@type":"EntryPoint","urlTemplate":"https:\/\/yupie.app\/?s={search_term_string}"},"query-input":{"@type":"PropertyValueSpecification","valueRequired":true,"valueName":"search_term_string"}}],"inLanguage":"ro-RO"},{"@type":"Organization","@id":"https:\/\/yupie.app\/#organization","name":"yupie.app","url":"https:\/\/yupie.app\/","logo":{"@type":"ImageObject","inLanguage":"ro-RO","@id":"https:\/\/yupie.app\/#\/schema\/logo\/image\/","url":"https:\/\/yupie.app\/wp-content\/uploads\/2025\/07\/cropped-uj-logo.png","contentUrl":"https:\/\/yupie.app\/wp-content\/uploads\/2025\/07\/cropped-uj-logo.png","width":500,"height":208,"caption":"yupie.app"},"image":{"@id":"https:\/\/yupie.app\/#\/schema\/logo\/image\/"},"sameAs":["https:\/\/www.facebook.com\/profile.php?id=100089345417295"]}]}},"jetpack_sharing_enabled":true,"_links":{"self":[{"href":"https:\/\/yupie.app\/ro\/wp-json\/wp\/v2\/product\/6776","targetHints":{"allow":["GET"]}}],"collection":[{"href":"https:\/\/yupie.app\/ro\/wp-json\/wp\/v2\/product"}],"about":[{"href":"https:\/\/yupie.app\/ro\/wp-json\/wp\/v2\/types\/product"}],"version-history":[{"count":0,"href":"https:\/\/yupie.app\/ro\/wp-json\/wp\/v2\/product\/6776\/revisions"}],"wp:featuredmedia":[{"embeddable":true,"href":"https:\/\/yupie.app\/ro\/wp-json\/wp\/v2\/media\/6777"}],"wp:attachment":[{"href":"https:\/\/yupie.app\/ro\/wp-json\/wp\/v2\/media?parent=6776"}],"wp:term":[{"taxonomy":"product_brand","embeddable":true,"href":"https:\/\/yupie.app\/ro\/wp-json\/wp\/v2\/product_brand?post=6776"},{"taxonomy":"product_cat","embeddable":true,"href":"https:\/\/yupie.app\/ro\/wp-json\/wp\/v2\/product_cat?post=6776"},{"taxonomy":"product_tag","embeddable":true,"href":"https:\/\/yupie.app\/ro\/wp-json\/wp\/v2\/product_tag?post=6776"}],"curies":[{"name":"wp","href":"https:\/\/api.w.org\/{rel}","templated":true}]}}