{"id":6757,"date":"2023-12-22T10:34:42","date_gmt":"2023-12-22T08:34:42","guid":{"rendered":"https:\/\/yupie.hu\/?post_type=product&#038;p=6757"},"modified":"2026-03-20T08:13:39","modified_gmt":"2026-03-20T06:13:39","slug":"elektromos-furdoszobai-merleg","status":"publish","type":"product","link":"https:\/\/yupie.app\/ro\/product\/elektromos-furdoszobai-merleg\/","title":{"rendered":"Elektromos f\u00fcrd\u0151szobai m\u00e9rleg \u2013 digit\u00e1lis tests\u00falym\u00e9r\u0151 pontos \u00e9s praktikus haszn\u00e1latra"},"content":{"rendered":"<p data-start=\"797\" data-end=\"997\">Az eg\u00e9szs\u00e9gtudatos \u00e9letm\u00f3d egyik alapja a rendszeres m\u00e9r\u00e9s.<br data-start=\"856\" data-end=\"859\" \/>Ez az <strong data-start=\"865\" data-end=\"898\">elektromos f\u00fcrd\u0151szobai m\u00e9rleg<\/strong> ide\u00e1lis v\u00e1laszt\u00e1s mindazok sz\u00e1m\u00e1ra, akik pontosan szeretn\u00e9k k\u00f6vetni tests\u00falyukat a mindennapokban.<\/p>\n<p data-start=\"999\" data-end=\"1150\">\u2696\ufe0f <strong data-start=\"1002\" data-end=\"1032\">Pontos \u00e9s megb\u00edzhat\u00f3 m\u00e9r\u00e9s<\/strong><br data-start=\"1032\" data-end=\"1035\" \/>Digit\u00e1lis technol\u00f3gi\u00e1j\u00e1nak k\u00f6sz\u00f6nhet\u0151en gyors \u00e9s prec\u00edz eredm\u00e9nyt ad, \u00edgy mindig tiszt\u00e1ban lehetsz a v\u00e1ltoz\u00e1sokkal.<\/p>\n<p data-start=\"1152\" data-end=\"1259\">\ud83d\udcca <strong data-start=\"1155\" data-end=\"1182\">Egyszer\u0171 leolvashat\u00f3s\u00e1g<\/strong><br data-start=\"1182\" data-end=\"1185\" \/>A j\u00f3l l\u00e1that\u00f3 kijelz\u0151 megk\u00f6nny\u00edti a haszn\u00e1latot minden koroszt\u00e1ly sz\u00e1m\u00e1ra.<\/p>\n<p data-start=\"1261\" data-end=\"1382\">\ud83c\udfe0 <strong data-start=\"1264\" data-end=\"1299\">Kompakt \u00e9s praktikus kialak\u00edt\u00e1s<\/strong><br data-start=\"1299\" data-end=\"1302\" \/>Kis helyen is elf\u00e9r, \u00edgy t\u00f6k\u00e9letes v\u00e1laszt\u00e1s f\u00fcrd\u0151szob\u00e1ba vagy ak\u00e1r h\u00e1l\u00f3szob\u00e1ba.<\/p>\n<p data-start=\"1384\" data-end=\"1504\">\u26a1 <strong data-start=\"1386\" data-end=\"1426\">Gyors haszn\u00e1lat, mindennapi k\u00e9nyelem<\/strong><br data-start=\"1426\" data-end=\"1429\" \/>Csak r\u00e1\u00e1llsz \u2013 \u00e9s azonnal megkapod az eredm\u00e9nyt. Nincs bonyolult be\u00e1ll\u00edt\u00e1s.<\/p>\n<p data-start=\"1506\" data-end=\"1641\">\ud83c\udf06 <strong data-start=\"1509\" data-end=\"1549\">Yupie.app \u2013 a digit\u00e1lis v\u00e1rosk\u00f6zpont<\/strong><br data-start=\"1549\" data-end=\"1552\" \/>Itt minden term\u00e9k egy lehet\u0151s\u00e9g \u2013 ez a m\u00e9rleg pedig egy l\u00e9p\u00e9s az eg\u00e9szs\u00e9gesebb \u00e9let fel\u00e9.<\/p>","protected":false},"excerpt":{"rendered":"<p data-start=\"598\" data-end=\"747\">Elektromos f\u00fcrd\u0151szobai m\u00e9rleg digit\u00e1lis kijelz\u0151vel, pontos tests\u00falym\u00e9r\u00e9shez. Kompakt, praktikus \u00e9s k\u00f6nnyen haszn\u00e1lhat\u00f3 eszk\u00f6z mindennapi haszn\u00e1latra.<\/p>\n<p>&nbsp;<\/p>","protected":false},"featured_media":6761,"template":"","meta":[],"product_brand":[],"product_cat":[2663],"product_tag":[2246,410,116,2247,232],"class_list":{"0":"post-6757","1":"product","2":"type-product","3":"status-publish","4":"has-post-thumbnail","6":"product_cat-haztartasi-gepek","7":"product_tag-elektormos","8":"product_tag-elektronika","9":"product_tag-fekete","10":"product_tag-furdoszobai-merleg","11":"product_tag-modern","12":"description-off","14":"first","15":"instock","16":"shipping-taxable","17":"purchasable","18":"product-type-simple"},"yoast_head":"<!-- This site is optimized with the Yoast SEO plugin v27.3 - https:\/\/yoast.com\/product\/yoast-seo-wordpress\/ -->\n<title>Elektromos f\u00fcrd\u0151szobai m\u00e9rleg \u2013 digit\u00e1lis tests\u00falym\u00e9r\u0151<\/title>\n<meta name=\"description\" content=\"Ez az elektromos f\u00fcrd\u0151szobai m\u00e9rleg modern \u00e9s praktikus eszk\u00f6z, amely seg\u00edti \u00d6nt az eg\u00e9szs\u00e9ges \u00e9letm\u00f3d \u00e9s tests\u00faly fenntart\u00e1s\u00e1ban.\" \/>\n<meta name=\"robots\" content=\"index, follow, max-snippet:-1, max-image-preview:large, max-video-preview:-1\" \/>\n<link rel=\"canonical\" href=\"https:\/\/yupie.app\/ro\/product\/elektromos-furdoszobai-merleg\/\" \/>\n<meta property=\"og:locale\" content=\"ro_RO\" \/>\n<meta property=\"og:type\" content=\"article\" \/>\n<meta property=\"og:title\" content=\"Elektromos f\u00fcrd\u0151szobai m\u00e9rleg \u2013 digit\u00e1lis tests\u00falym\u00e9r\u0151\" \/>\n<meta property=\"og:description\" content=\"Ez az elektromos f\u00fcrd\u0151szobai m\u00e9rleg modern \u00e9s praktikus eszk\u00f6z, amely seg\u00edti \u00d6nt az eg\u00e9szs\u00e9ges \u00e9letm\u00f3d \u00e9s tests\u00faly fenntart\u00e1s\u00e1ban.\" \/>\n<meta property=\"og:url\" content=\"https:\/\/yupie.app\/ro\/product\/elektromos-furdoszobai-merleg\/\" \/>\n<meta property=\"og:site_name\" content=\"yupie.app\" \/>\n<meta property=\"article:publisher\" content=\"https:\/\/www.facebook.com\/profile.php?id=100089345417295\" \/>\n<meta property=\"article:modified_time\" content=\"2026-03-20T06:13:39+00:00\" \/>\n<meta property=\"og:image\" content=\"https:\/\/yupie.app\/wp-content\/uploads\/2023\/12\/DSC05883-1024x1024.png\" \/>\n\t<meta property=\"og:image:width\" content=\"1024\" \/>\n\t<meta property=\"og:image:height\" content=\"1024\" \/>\n\t<meta property=\"og:image:type\" content=\"image\/png\" \/>\n<meta name=\"twitter:card\" content=\"summary_large_image\" \/>\n<meta name=\"twitter:label1\" content=\"Timp estimat pentru citire\" \/>\n\t<meta name=\"twitter:data1\" content=\"1 minut\" \/>\n<script type=\"application\/ld+json\" class=\"yoast-schema-graph\">{\"@context\":\"https:\\\/\\\/schema.org\",\"@graph\":[{\"@type\":\"WebPage\",\"@id\":\"https:\\\/\\\/yupie.app\\\/product\\\/elektromos-furdoszobai-merleg\\\/\",\"url\":\"https:\\\/\\\/yupie.app\\\/product\\\/elektromos-furdoszobai-merleg\\\/\",\"name\":\"Elektromos f\u00fcrd\u0151szobai m\u00e9rleg \u2013 digit\u00e1lis tests\u00falym\u00e9r\u0151\",\"isPartOf\":{\"@id\":\"https:\\\/\\\/yupie.app\\\/#website\"},\"primaryImageOfPage\":{\"@id\":\"https:\\\/\\\/yupie.app\\\/product\\\/elektromos-furdoszobai-merleg\\\/#primaryimage\"},\"image\":{\"@id\":\"https:\\\/\\\/yupie.app\\\/product\\\/elektromos-furdoszobai-merleg\\\/#primaryimage\"},\"thumbnailUrl\":\"https:\\\/\\\/yupie.app\\\/wp-content\\\/uploads\\\/2023\\\/12\\\/DSC05883.png\",\"datePublished\":\"2023-12-22T08:34:42+00:00\",\"dateModified\":\"2026-03-20T06:13:39+00:00\",\"description\":\"Ez az elektromos f\u00fcrd\u0151szobai m\u00e9rleg modern \u00e9s praktikus eszk\u00f6z, amely seg\u00edti \u00d6nt az eg\u00e9szs\u00e9ges \u00e9letm\u00f3d \u00e9s tests\u00faly fenntart\u00e1s\u00e1ban.\",\"breadcrumb\":{\"@id\":\"https:\\\/\\\/yupie.app\\\/product\\\/elektromos-furdoszobai-merleg\\\/#breadcrumb\"},\"inLanguage\":\"ro-RO\",\"potentialAction\":[{\"@type\":\"ReadAction\",\"target\":[\"https:\\\/\\\/yupie.app\\\/product\\\/elektromos-furdoszobai-merleg\\\/\"]}]},{\"@type\":\"ImageObject\",\"inLanguage\":\"ro-RO\",\"@id\":\"https:\\\/\\\/yupie.app\\\/product\\\/elektromos-furdoszobai-merleg\\\/#primaryimage\",\"url\":\"https:\\\/\\\/yupie.app\\\/wp-content\\\/uploads\\\/2023\\\/12\\\/DSC05883.png\",\"contentUrl\":\"https:\\\/\\\/yupie.app\\\/wp-content\\\/uploads\\\/2023\\\/12\\\/DSC05883.png\",\"width\":2532,\"height\":2532,\"caption\":\"Pontos \u00e9s egyszer\u0171 tests\u00falym\u00e9r\u00e9s digit\u00e1lis f\u00fcrd\u0151szobai m\u00e9rleggel\"},{\"@type\":\"BreadcrumbList\",\"@id\":\"https:\\\/\\\/yupie.app\\\/product\\\/elektromos-furdoszobai-merleg\\\/#breadcrumb\",\"itemListElement\":[{\"@type\":\"ListItem\",\"position\":1,\"name\":\"Kezd\u0151lap\",\"item\":\"https:\\\/\\\/yupie.app\\\/\"},{\"@type\":\"ListItem\",\"position\":2,\"name\":\"Katal\u00f3gus\",\"item\":\"https:\\\/\\\/yupie.app\\\/katalogus\\\/\"},{\"@type\":\"ListItem\",\"position\":3,\"name\":\"Elektromos f\u00fcrd\u0151szobai m\u00e9rleg \u2013 digit\u00e1lis tests\u00falym\u00e9r\u0151 pontos \u00e9s praktikus haszn\u00e1latra\"}]},{\"@type\":\"WebSite\",\"@id\":\"https:\\\/\\\/yupie.app\\\/#website\",\"url\":\"https:\\\/\\\/yupie.app\\\/\",\"name\":\"yupie.app\",\"description\":\"\",\"publisher\":{\"@id\":\"https:\\\/\\\/yupie.app\\\/#organization\"},\"potentialAction\":[{\"@type\":\"SearchAction\",\"target\":{\"@type\":\"EntryPoint\",\"urlTemplate\":\"https:\\\/\\\/yupie.app\\\/?s={search_term_string}\"},\"query-input\":{\"@type\":\"PropertyValueSpecification\",\"valueRequired\":true,\"valueName\":\"search_term_string\"}}],\"inLanguage\":\"ro-RO\"},{\"@type\":\"Organization\",\"@id\":\"https:\\\/\\\/yupie.app\\\/#organization\",\"name\":\"yupie.app\",\"url\":\"https:\\\/\\\/yupie.app\\\/\",\"logo\":{\"@type\":\"ImageObject\",\"inLanguage\":\"ro-RO\",\"@id\":\"https:\\\/\\\/yupie.app\\\/#\\\/schema\\\/logo\\\/image\\\/\",\"url\":\"https:\\\/\\\/yupie.app\\\/wp-content\\\/uploads\\\/2025\\\/07\\\/cropped-uj-logo.png\",\"contentUrl\":\"https:\\\/\\\/yupie.app\\\/wp-content\\\/uploads\\\/2025\\\/07\\\/cropped-uj-logo.png\",\"width\":500,\"height\":208,\"caption\":\"yupie.app\"},\"image\":{\"@id\":\"https:\\\/\\\/yupie.app\\\/#\\\/schema\\\/logo\\\/image\\\/\"},\"sameAs\":[\"https:\\\/\\\/www.facebook.com\\\/profile.php?id=100089345417295\"]}]}<\/script>\n<!-- \/ Yoast SEO plugin. -->","yoast_head_json":{"title":"Elektromos f\u00fcrd\u0151szobai m\u00e9rleg \u2013 digit\u00e1lis tests\u00falym\u00e9r\u0151","description":"Ez az elektromos f\u00fcrd\u0151szobai m\u00e9rleg modern \u00e9s praktikus eszk\u00f6z, amely seg\u00edti \u00d6nt az eg\u00e9szs\u00e9ges \u00e9letm\u00f3d \u00e9s tests\u00faly fenntart\u00e1s\u00e1ban.","robots":{"index":"index","follow":"follow","max-snippet":"max-snippet:-1","max-image-preview":"max-image-preview:large","max-video-preview":"max-video-preview:-1"},"canonical":"https:\/\/yupie.app\/ro\/product\/elektromos-furdoszobai-merleg\/","og_locale":"ro_RO","og_type":"article","og_title":"Elektromos f\u00fcrd\u0151szobai m\u00e9rleg \u2013 digit\u00e1lis tests\u00falym\u00e9r\u0151","og_description":"Ez az elektromos f\u00fcrd\u0151szobai m\u00e9rleg modern \u00e9s praktikus eszk\u00f6z, amely seg\u00edti \u00d6nt az eg\u00e9szs\u00e9ges \u00e9letm\u00f3d \u00e9s tests\u00faly fenntart\u00e1s\u00e1ban.","og_url":"https:\/\/yupie.app\/ro\/product\/elektromos-furdoszobai-merleg\/","og_site_name":"yupie.app","article_publisher":"https:\/\/www.facebook.com\/profile.php?id=100089345417295","article_modified_time":"2026-03-20T06:13:39+00:00","og_image":[{"width":1024,"height":1024,"url":"https:\/\/yupie.app\/wp-content\/uploads\/2023\/12\/DSC05883-1024x1024.png","type":"image\/png"}],"twitter_card":"summary_large_image","twitter_misc":{"Timp estimat pentru citire":"1 minut"},"schema":{"@context":"https:\/\/schema.org","@graph":[{"@type":"WebPage","@id":"https:\/\/yupie.app\/product\/elektromos-furdoszobai-merleg\/","url":"https:\/\/yupie.app\/product\/elektromos-furdoszobai-merleg\/","name":"Elektromos f\u00fcrd\u0151szobai m\u00e9rleg \u2013 digit\u00e1lis tests\u00falym\u00e9r\u0151","isPartOf":{"@id":"https:\/\/yupie.app\/#website"},"primaryImageOfPage":{"@id":"https:\/\/yupie.app\/product\/elektromos-furdoszobai-merleg\/#primaryimage"},"image":{"@id":"https:\/\/yupie.app\/product\/elektromos-furdoszobai-merleg\/#primaryimage"},"thumbnailUrl":"https:\/\/yupie.app\/wp-content\/uploads\/2023\/12\/DSC05883.png","datePublished":"2023-12-22T08:34:42+00:00","dateModified":"2026-03-20T06:13:39+00:00","description":"Ez az elektromos f\u00fcrd\u0151szobai m\u00e9rleg modern \u00e9s praktikus eszk\u00f6z, amely seg\u00edti \u00d6nt az eg\u00e9szs\u00e9ges \u00e9letm\u00f3d \u00e9s tests\u00faly fenntart\u00e1s\u00e1ban.","breadcrumb":{"@id":"https:\/\/yupie.app\/product\/elektromos-furdoszobai-merleg\/#breadcrumb"},"inLanguage":"ro-RO","potentialAction":[{"@type":"ReadAction","target":["https:\/\/yupie.app\/product\/elektromos-furdoszobai-merleg\/"]}]},{"@type":"ImageObject","inLanguage":"ro-RO","@id":"https:\/\/yupie.app\/product\/elektromos-furdoszobai-merleg\/#primaryimage","url":"https:\/\/yupie.app\/wp-content\/uploads\/2023\/12\/DSC05883.png","contentUrl":"https:\/\/yupie.app\/wp-content\/uploads\/2023\/12\/DSC05883.png","width":2532,"height":2532,"caption":"Pontos \u00e9s egyszer\u0171 tests\u00falym\u00e9r\u00e9s digit\u00e1lis f\u00fcrd\u0151szobai m\u00e9rleggel"},{"@type":"BreadcrumbList","@id":"https:\/\/yupie.app\/product\/elektromos-furdoszobai-merleg\/#breadcrumb","itemListElement":[{"@type":"ListItem","position":1,"name":"Kezd\u0151lap","item":"https:\/\/yupie.app\/"},{"@type":"ListItem","position":2,"name":"Katal\u00f3gus","item":"https:\/\/yupie.app\/katalogus\/"},{"@type":"ListItem","position":3,"name":"Elektromos f\u00fcrd\u0151szobai m\u00e9rleg \u2013 digit\u00e1lis tests\u00falym\u00e9r\u0151 pontos \u00e9s praktikus haszn\u00e1latra"}]},{"@type":"WebSite","@id":"https:\/\/yupie.app\/#website","url":"https:\/\/yupie.app\/","name":"yupie.app","description":"","publisher":{"@id":"https:\/\/yupie.app\/#organization"},"potentialAction":[{"@type":"SearchAction","target":{"@type":"EntryPoint","urlTemplate":"https:\/\/yupie.app\/?s={search_term_string}"},"query-input":{"@type":"PropertyValueSpecification","valueRequired":true,"valueName":"search_term_string"}}],"inLanguage":"ro-RO"},{"@type":"Organization","@id":"https:\/\/yupie.app\/#organization","name":"yupie.app","url":"https:\/\/yupie.app\/","logo":{"@type":"ImageObject","inLanguage":"ro-RO","@id":"https:\/\/yupie.app\/#\/schema\/logo\/image\/","url":"https:\/\/yupie.app\/wp-content\/uploads\/2025\/07\/cropped-uj-logo.png","contentUrl":"https:\/\/yupie.app\/wp-content\/uploads\/2025\/07\/cropped-uj-logo.png","width":500,"height":208,"caption":"yupie.app"},"image":{"@id":"https:\/\/yupie.app\/#\/schema\/logo\/image\/"},"sameAs":["https:\/\/www.facebook.com\/profile.php?id=100089345417295"]}]}},"jetpack_sharing_enabled":true,"_links":{"self":[{"href":"https:\/\/yupie.app\/ro\/wp-json\/wp\/v2\/product\/6757","targetHints":{"allow":["GET"]}}],"collection":[{"href":"https:\/\/yupie.app\/ro\/wp-json\/wp\/v2\/product"}],"about":[{"href":"https:\/\/yupie.app\/ro\/wp-json\/wp\/v2\/types\/product"}],"version-history":[{"count":0,"href":"https:\/\/yupie.app\/ro\/wp-json\/wp\/v2\/product\/6757\/revisions"}],"wp:featuredmedia":[{"embeddable":true,"href":"https:\/\/yupie.app\/ro\/wp-json\/wp\/v2\/media\/6761"}],"wp:attachment":[{"href":"https:\/\/yupie.app\/ro\/wp-json\/wp\/v2\/media?parent=6757"}],"wp:term":[{"taxonomy":"product_brand","embeddable":true,"href":"https:\/\/yupie.app\/ro\/wp-json\/wp\/v2\/product_brand?post=6757"},{"taxonomy":"product_cat","embeddable":true,"href":"https:\/\/yupie.app\/ro\/wp-json\/wp\/v2\/product_cat?post=6757"},{"taxonomy":"product_tag","embeddable":true,"href":"https:\/\/yupie.app\/ro\/wp-json\/wp\/v2\/product_tag?post=6757"}],"curies":[{"name":"wp","href":"https:\/\/api.w.org\/{rel}","templated":true}]}}