{"id":6726,"date":"2023-12-21T08:41:17","date_gmt":"2023-12-21T06:41:17","guid":{"rendered":"https:\/\/yupie.hu\/?post_type=product&#038;p=6726"},"modified":"2026-01-09T08:33:03","modified_gmt":"2026-01-09T06:33:03","slug":"hyundai-e1004b-multicav-hangszorok","status":"publish","type":"product","link":"https:\/\/yupie.app\/ro\/product\/hyundai-e1004b-multicav-hangszorok\/","title":{"rendered":"\ud83d\udd0a Hyundai E1004B multim\u00e9di\u00e1s hangsz\u00f3r\u00f3k \u2013 megb\u00edzhat\u00f3 hangz\u00e1s a mindennapokra"},"content":{"rendered":"<p data-start=\"277\" data-end=\"617\">A <strong data-start=\"279\" data-end=\"297\">Hyundai E1004B<\/strong> multim\u00e9di\u00e1s hangsz\u00f3r\u00f3k ide\u00e1lis v\u00e1laszt\u00e1st jelentenek azok sz\u00e1m\u00e1ra, akik <strong data-start=\"370\" data-end=\"416\">egyszer\u0171, megb\u00edzhat\u00f3 \u00e9s j\u00f3 \u00e1r\/\u00e9rt\u00e9k ar\u00e1ny\u00fa<\/strong> hangrendszert keresnek otthoni vagy irodai haszn\u00e1latra.<br data-start=\"472\" data-end=\"475\" \/>Letisztult kialak\u00edt\u00e1suknak k\u00f6sz\u00f6nhet\u0151en k\u00f6nnyen illeszkednek b\u00e1rmilyen k\u00f6rnyezetbe, mik\u00f6zben kellemes, kiegyens\u00falyozott hangz\u00e1st biztos\u00edtanak.<\/p>\n<p data-start=\"619\" data-end=\"869\">A hangsz\u00f3r\u00f3k t\u00f6k\u00e9letesek <strong data-start=\"644\" data-end=\"715\">filmn\u00e9z\u00e9shez, online tartalmakhoz, vide\u00f3h\u00edv\u00e1sokhoz \u00e9s h\u00e1tt\u00e9rzen\u00e9hez<\/strong>.<br data-start=\"716\" data-end=\"719\" \/>Nem Hi-Fi rendszer, hanem egy <strong data-start=\"749\" data-end=\"795\">praktikus, mindennapi multim\u00e9di\u00e1s megold\u00e1s<\/strong>, amely pontosan azt ny\u00fajtja, amire a legt\u00f6bb felhaszn\u00e1l\u00f3nak sz\u00fcks\u00e9ge van.<\/p>\n<h3 data-start=\"871\" data-end=\"894\">Mi\u00e9rt j\u00f3 v\u00e1laszt\u00e1s?<\/h3>\n<ul data-start=\"895\" data-end=\"1121\">\n<li data-start=\"895\" data-end=\"928\">\n<p data-start=\"897\" data-end=\"928\">\u2714\ufe0f Megb\u00edzhat\u00f3 Hyundai min\u0151s\u00e9g<\/p>\n<\/li>\n<li data-start=\"929\" data-end=\"986\">\n<p data-start=\"931\" data-end=\"986\">\u2714\ufe0f Korrekt, tiszta hangz\u00e1s besz\u00e9dhez \u00e9s multim\u00e9di\u00e1hoz<\/p>\n<\/li>\n<li data-start=\"987\" data-end=\"1026\">\n<p data-start=\"989\" data-end=\"1026\">\u2714\ufe0f Egyszer\u0171 haszn\u00e1lat \u2013 plug &amp; play<\/p>\n<\/li>\n<li data-start=\"1027\" data-end=\"1073\">\n<p data-start=\"1029\" data-end=\"1073\">\u2714\ufe0f Kompakt m\u00e9ret, helytakar\u00e9kos kialak\u00edt\u00e1s<\/p>\n<\/li>\n<li data-start=\"1074\" data-end=\"1121\">\n<p data-start=\"1076\" data-end=\"1121\">\u2714\ufe0f Ide\u00e1lis sz\u00e1m\u00edt\u00f3g\u00e9phez, laptophoz, TV-hez<\/p>\n<\/li>\n<\/ul>\n<h3 data-start=\"1123\" data-end=\"1148\">Aj\u00e1nlott felhaszn\u00e1l\u00e1s<\/h3>\n<ul data-start=\"1149\" data-end=\"1268\">\n<li data-start=\"1149\" data-end=\"1183\">\n<p data-start=\"1151\" data-end=\"1183\">Otthoni sz\u00e1m\u00edt\u00f3g\u00e9p vagy laptop<\/p>\n<\/li>\n<li data-start=\"1184\" data-end=\"1206\">\n<p data-start=\"1186\" data-end=\"1206\">Iroda, home office<\/p>\n<\/li>\n<li data-start=\"1207\" data-end=\"1247\">\n<p data-start=\"1209\" data-end=\"1247\">Filmn\u00e9z\u00e9s, YouTube, online tartalmak<\/p>\n<\/li>\n<li data-start=\"1248\" data-end=\"1268\">\n<p data-start=\"1250\" data-end=\"1268\">Alap zenehallgat\u00e1s<\/p>\n<\/li>\n<\/ul>\n<p data-start=\"1270\" data-end=\"1387\">\ud83d\udc49 A <strong data-start=\"1275\" data-end=\"1293\">Hyundai E1004B<\/strong> azoknak sz\u00f3l, akik <strong data-start=\"1313\" data-end=\"1372\">megb\u00edzhat\u00f3 hangsz\u00f3r\u00f3t keresnek felesleges extr\u00e1k n\u00e9lk\u00fcl<\/strong>, korrekt \u00e1ron.<\/p>","protected":false},"excerpt":{"rendered":"<p>A Hyundai E1004B egy megb\u00edzhat\u00f3, bel\u00e9p\u0151 szint\u0171 multim\u00e9di\u00e1s hangsz\u00f3r\u00f3, amely ide\u00e1lis mindennapi haszn\u00e1latra. Egyszer\u0171, praktikus megold\u00e1s filmn\u00e9z\u00e9shez, online tartalmakhoz \u00e9s h\u00e1tt\u00e9rzen\u00e9hez, korrekt hangz\u00e1ssal \u00e9s j\u00f3 \u00e1r\/\u00e9rt\u00e9k ar\u00e1nnyal.<\/p>","protected":false},"featured_media":6733,"template":"","meta":[],"product_brand":[],"product_cat":[2397],"product_tag":[2239,410,2238,2236,443,2237],"class_list":{"0":"post-6726","1":"product","2":"type-product","3":"status-publish","4":"has-post-thumbnail","6":"product_cat-hangrendszerek","7":"product_tag-e-1004b","8":"product_tag-elektronika","9":"product_tag-hangszorok","10":"product_tag-hyundai","11":"product_tag-minoseg","12":"product_tag-multicav","13":"description-off","15":"first","16":"instock","17":"shipping-taxable","18":"purchasable","19":"product-type-simple"},"yoast_head":"<!-- This site is optimized with the Yoast SEO plugin v27.3 - https:\/\/yoast.com\/product\/yoast-seo-wordpress\/ -->\n<title>\ud83d\udd0a Hyundai E1004B multim\u00e9di\u00e1s hangsz\u00f3r\u00f3k \u2013 megb\u00edzhat\u00f3 hangz\u00e1s a mindennapokra - yupie.app<\/title>\n<meta name=\"description\" content=\"Hyundai E1004B MultiCav hangsz\u00f3r\u00f3k leny\u0171g\u00f6z\u0151 hang\u00e9lm\u00e9nyt ny\u00fajtanak. Magas min\u0151s\u00e9g\u0171 hangz\u00e1ssal \u00e9s innovat\u00edv tervez\u00e9ssel b\u0171v\u00f6li el a felhaszn\u00e1l\u00f3kat.\" \/>\n<meta name=\"robots\" content=\"index, follow, max-snippet:-1, max-image-preview:large, max-video-preview:-1\" \/>\n<link rel=\"canonical\" href=\"https:\/\/yupie.app\/ro\/product\/hyundai-e1004b-multicav-hangszorok\/\" \/>\n<meta property=\"og:locale\" content=\"ro_RO\" \/>\n<meta property=\"og:type\" content=\"article\" \/>\n<meta property=\"og:title\" content=\"\ud83d\udd0a Hyundai E1004B multim\u00e9di\u00e1s hangsz\u00f3r\u00f3k \u2013 megb\u00edzhat\u00f3 hangz\u00e1s a mindennapokra - yupie.app\" \/>\n<meta property=\"og:description\" content=\"Hyundai E1004B MultiCav hangsz\u00f3r\u00f3k leny\u0171g\u00f6z\u0151 hang\u00e9lm\u00e9nyt ny\u00fajtanak. Magas min\u0151s\u00e9g\u0171 hangz\u00e1ssal \u00e9s innovat\u00edv tervez\u00e9ssel b\u0171v\u00f6li el a felhaszn\u00e1l\u00f3kat.\" \/>\n<meta property=\"og:url\" content=\"https:\/\/yupie.app\/ro\/product\/hyundai-e1004b-multicav-hangszorok\/\" \/>\n<meta property=\"og:site_name\" content=\"yupie.app\" \/>\n<meta property=\"article:publisher\" content=\"https:\/\/www.facebook.com\/profile.php?id=100089345417295\" \/>\n<meta property=\"article:modified_time\" content=\"2026-01-09T06:33:03+00:00\" \/>\n<meta property=\"og:image\" content=\"https:\/\/yupie.app\/wp-content\/uploads\/2023\/12\/DSC05862-scaled-1024x1024.png\" \/>\n\t<meta property=\"og:image:width\" content=\"1024\" \/>\n\t<meta property=\"og:image:height\" content=\"1024\" \/>\n\t<meta property=\"og:image:type\" content=\"image\/png\" \/>\n<meta name=\"twitter:card\" content=\"summary_large_image\" \/>\n<meta name=\"twitter:label1\" content=\"Timp estimat pentru citire\" \/>\n\t<meta name=\"twitter:data1\" content=\"1 minut\" \/>\n<script type=\"application\/ld+json\" class=\"yoast-schema-graph\">{\"@context\":\"https:\\\/\\\/schema.org\",\"@graph\":[{\"@type\":\"WebPage\",\"@id\":\"https:\\\/\\\/yupie.app\\\/product\\\/hyundai-e1004b-multicav-hangszorok\\\/\",\"url\":\"https:\\\/\\\/yupie.app\\\/product\\\/hyundai-e1004b-multicav-hangszorok\\\/\",\"name\":\"\ud83d\udd0a Hyundai E1004B multim\u00e9di\u00e1s hangsz\u00f3r\u00f3k \u2013 megb\u00edzhat\u00f3 hangz\u00e1s a mindennapokra - yupie.app\",\"isPartOf\":{\"@id\":\"https:\\\/\\\/yupie.app\\\/#website\"},\"primaryImageOfPage\":{\"@id\":\"https:\\\/\\\/yupie.app\\\/product\\\/hyundai-e1004b-multicav-hangszorok\\\/#primaryimage\"},\"image\":{\"@id\":\"https:\\\/\\\/yupie.app\\\/product\\\/hyundai-e1004b-multicav-hangszorok\\\/#primaryimage\"},\"thumbnailUrl\":\"https:\\\/\\\/yupie.app\\\/wp-content\\\/uploads\\\/2023\\\/12\\\/DSC05862-scaled.png\",\"datePublished\":\"2023-12-21T06:41:17+00:00\",\"dateModified\":\"2026-01-09T06:33:03+00:00\",\"description\":\"Hyundai E1004B MultiCav hangsz\u00f3r\u00f3k leny\u0171g\u00f6z\u0151 hang\u00e9lm\u00e9nyt ny\u00fajtanak. Magas min\u0151s\u00e9g\u0171 hangz\u00e1ssal \u00e9s innovat\u00edv tervez\u00e9ssel b\u0171v\u00f6li el a felhaszn\u00e1l\u00f3kat.\",\"breadcrumb\":{\"@id\":\"https:\\\/\\\/yupie.app\\\/product\\\/hyundai-e1004b-multicav-hangszorok\\\/#breadcrumb\"},\"inLanguage\":\"ro-RO\",\"potentialAction\":[{\"@type\":\"ReadAction\",\"target\":[\"https:\\\/\\\/yupie.app\\\/product\\\/hyundai-e1004b-multicav-hangszorok\\\/\"]}]},{\"@type\":\"ImageObject\",\"inLanguage\":\"ro-RO\",\"@id\":\"https:\\\/\\\/yupie.app\\\/product\\\/hyundai-e1004b-multicav-hangszorok\\\/#primaryimage\",\"url\":\"https:\\\/\\\/yupie.app\\\/wp-content\\\/uploads\\\/2023\\\/12\\\/DSC05862-scaled.png\",\"contentUrl\":\"https:\\\/\\\/yupie.app\\\/wp-content\\\/uploads\\\/2023\\\/12\\\/DSC05862-scaled.png\",\"width\":2560,\"height\":2560,\"caption\":\"Hyundai E1004B MultiCav hangsz\u00f3r\u00f3k, elektronika, yupie\"},{\"@type\":\"BreadcrumbList\",\"@id\":\"https:\\\/\\\/yupie.app\\\/product\\\/hyundai-e1004b-multicav-hangszorok\\\/#breadcrumb\",\"itemListElement\":[{\"@type\":\"ListItem\",\"position\":1,\"name\":\"Kezd\u0151lap\",\"item\":\"https:\\\/\\\/yupie.app\\\/\"},{\"@type\":\"ListItem\",\"position\":2,\"name\":\"Katal\u00f3gus\",\"item\":\"https:\\\/\\\/yupie.app\\\/katalogus\\\/\"},{\"@type\":\"ListItem\",\"position\":3,\"name\":\"\ud83d\udd0a Hyundai E1004B multim\u00e9di\u00e1s hangsz\u00f3r\u00f3k \u2013 megb\u00edzhat\u00f3 hangz\u00e1s a mindennapokra\"}]},{\"@type\":\"WebSite\",\"@id\":\"https:\\\/\\\/yupie.app\\\/#website\",\"url\":\"https:\\\/\\\/yupie.app\\\/\",\"name\":\"yupie.app\",\"description\":\"\",\"publisher\":{\"@id\":\"https:\\\/\\\/yupie.app\\\/#organization\"},\"potentialAction\":[{\"@type\":\"SearchAction\",\"target\":{\"@type\":\"EntryPoint\",\"urlTemplate\":\"https:\\\/\\\/yupie.app\\\/?s={search_term_string}\"},\"query-input\":{\"@type\":\"PropertyValueSpecification\",\"valueRequired\":true,\"valueName\":\"search_term_string\"}}],\"inLanguage\":\"ro-RO\"},{\"@type\":\"Organization\",\"@id\":\"https:\\\/\\\/yupie.app\\\/#organization\",\"name\":\"yupie.app\",\"url\":\"https:\\\/\\\/yupie.app\\\/\",\"logo\":{\"@type\":\"ImageObject\",\"inLanguage\":\"ro-RO\",\"@id\":\"https:\\\/\\\/yupie.app\\\/#\\\/schema\\\/logo\\\/image\\\/\",\"url\":\"https:\\\/\\\/yupie.app\\\/wp-content\\\/uploads\\\/2025\\\/07\\\/cropped-uj-logo.png\",\"contentUrl\":\"https:\\\/\\\/yupie.app\\\/wp-content\\\/uploads\\\/2025\\\/07\\\/cropped-uj-logo.png\",\"width\":500,\"height\":208,\"caption\":\"yupie.app\"},\"image\":{\"@id\":\"https:\\\/\\\/yupie.app\\\/#\\\/schema\\\/logo\\\/image\\\/\"},\"sameAs\":[\"https:\\\/\\\/www.facebook.com\\\/profile.php?id=100089345417295\"]}]}<\/script>\n<!-- \/ Yoast SEO plugin. -->","yoast_head_json":{"title":"\ud83d\udd0a Hyundai E1004B multim\u00e9di\u00e1s hangsz\u00f3r\u00f3k \u2013 megb\u00edzhat\u00f3 hangz\u00e1s a mindennapokra - yupie.app","description":"Hyundai E1004B MultiCav hangsz\u00f3r\u00f3k leny\u0171g\u00f6z\u0151 hang\u00e9lm\u00e9nyt ny\u00fajtanak. Magas min\u0151s\u00e9g\u0171 hangz\u00e1ssal \u00e9s innovat\u00edv tervez\u00e9ssel b\u0171v\u00f6li el a felhaszn\u00e1l\u00f3kat.","robots":{"index":"index","follow":"follow","max-snippet":"max-snippet:-1","max-image-preview":"max-image-preview:large","max-video-preview":"max-video-preview:-1"},"canonical":"https:\/\/yupie.app\/ro\/product\/hyundai-e1004b-multicav-hangszorok\/","og_locale":"ro_RO","og_type":"article","og_title":"\ud83d\udd0a Hyundai E1004B multim\u00e9di\u00e1s hangsz\u00f3r\u00f3k \u2013 megb\u00edzhat\u00f3 hangz\u00e1s a mindennapokra - yupie.app","og_description":"Hyundai E1004B MultiCav hangsz\u00f3r\u00f3k leny\u0171g\u00f6z\u0151 hang\u00e9lm\u00e9nyt ny\u00fajtanak. Magas min\u0151s\u00e9g\u0171 hangz\u00e1ssal \u00e9s innovat\u00edv tervez\u00e9ssel b\u0171v\u00f6li el a felhaszn\u00e1l\u00f3kat.","og_url":"https:\/\/yupie.app\/ro\/product\/hyundai-e1004b-multicav-hangszorok\/","og_site_name":"yupie.app","article_publisher":"https:\/\/www.facebook.com\/profile.php?id=100089345417295","article_modified_time":"2026-01-09T06:33:03+00:00","og_image":[{"width":1024,"height":1024,"url":"https:\/\/yupie.app\/wp-content\/uploads\/2023\/12\/DSC05862-scaled-1024x1024.png","type":"image\/png"}],"twitter_card":"summary_large_image","twitter_misc":{"Timp estimat pentru citire":"1 minut"},"schema":{"@context":"https:\/\/schema.org","@graph":[{"@type":"WebPage","@id":"https:\/\/yupie.app\/product\/hyundai-e1004b-multicav-hangszorok\/","url":"https:\/\/yupie.app\/product\/hyundai-e1004b-multicav-hangszorok\/","name":"\ud83d\udd0a Hyundai E1004B multim\u00e9di\u00e1s hangsz\u00f3r\u00f3k \u2013 megb\u00edzhat\u00f3 hangz\u00e1s a mindennapokra - yupie.app","isPartOf":{"@id":"https:\/\/yupie.app\/#website"},"primaryImageOfPage":{"@id":"https:\/\/yupie.app\/product\/hyundai-e1004b-multicav-hangszorok\/#primaryimage"},"image":{"@id":"https:\/\/yupie.app\/product\/hyundai-e1004b-multicav-hangszorok\/#primaryimage"},"thumbnailUrl":"https:\/\/yupie.app\/wp-content\/uploads\/2023\/12\/DSC05862-scaled.png","datePublished":"2023-12-21T06:41:17+00:00","dateModified":"2026-01-09T06:33:03+00:00","description":"Hyundai E1004B MultiCav hangsz\u00f3r\u00f3k leny\u0171g\u00f6z\u0151 hang\u00e9lm\u00e9nyt ny\u00fajtanak. Magas min\u0151s\u00e9g\u0171 hangz\u00e1ssal \u00e9s innovat\u00edv tervez\u00e9ssel b\u0171v\u00f6li el a felhaszn\u00e1l\u00f3kat.","breadcrumb":{"@id":"https:\/\/yupie.app\/product\/hyundai-e1004b-multicav-hangszorok\/#breadcrumb"},"inLanguage":"ro-RO","potentialAction":[{"@type":"ReadAction","target":["https:\/\/yupie.app\/product\/hyundai-e1004b-multicav-hangszorok\/"]}]},{"@type":"ImageObject","inLanguage":"ro-RO","@id":"https:\/\/yupie.app\/product\/hyundai-e1004b-multicav-hangszorok\/#primaryimage","url":"https:\/\/yupie.app\/wp-content\/uploads\/2023\/12\/DSC05862-scaled.png","contentUrl":"https:\/\/yupie.app\/wp-content\/uploads\/2023\/12\/DSC05862-scaled.png","width":2560,"height":2560,"caption":"Hyundai E1004B MultiCav hangsz\u00f3r\u00f3k, elektronika, yupie"},{"@type":"BreadcrumbList","@id":"https:\/\/yupie.app\/product\/hyundai-e1004b-multicav-hangszorok\/#breadcrumb","itemListElement":[{"@type":"ListItem","position":1,"name":"Kezd\u0151lap","item":"https:\/\/yupie.app\/"},{"@type":"ListItem","position":2,"name":"Katal\u00f3gus","item":"https:\/\/yupie.app\/katalogus\/"},{"@type":"ListItem","position":3,"name":"\ud83d\udd0a Hyundai E1004B multim\u00e9di\u00e1s hangsz\u00f3r\u00f3k \u2013 megb\u00edzhat\u00f3 hangz\u00e1s a mindennapokra"}]},{"@type":"WebSite","@id":"https:\/\/yupie.app\/#website","url":"https:\/\/yupie.app\/","name":"yupie.app","description":"","publisher":{"@id":"https:\/\/yupie.app\/#organization"},"potentialAction":[{"@type":"SearchAction","target":{"@type":"EntryPoint","urlTemplate":"https:\/\/yupie.app\/?s={search_term_string}"},"query-input":{"@type":"PropertyValueSpecification","valueRequired":true,"valueName":"search_term_string"}}],"inLanguage":"ro-RO"},{"@type":"Organization","@id":"https:\/\/yupie.app\/#organization","name":"yupie.app","url":"https:\/\/yupie.app\/","logo":{"@type":"ImageObject","inLanguage":"ro-RO","@id":"https:\/\/yupie.app\/#\/schema\/logo\/image\/","url":"https:\/\/yupie.app\/wp-content\/uploads\/2025\/07\/cropped-uj-logo.png","contentUrl":"https:\/\/yupie.app\/wp-content\/uploads\/2025\/07\/cropped-uj-logo.png","width":500,"height":208,"caption":"yupie.app"},"image":{"@id":"https:\/\/yupie.app\/#\/schema\/logo\/image\/"},"sameAs":["https:\/\/www.facebook.com\/profile.php?id=100089345417295"]}]}},"jetpack_sharing_enabled":true,"_links":{"self":[{"href":"https:\/\/yupie.app\/ro\/wp-json\/wp\/v2\/product\/6726","targetHints":{"allow":["GET"]}}],"collection":[{"href":"https:\/\/yupie.app\/ro\/wp-json\/wp\/v2\/product"}],"about":[{"href":"https:\/\/yupie.app\/ro\/wp-json\/wp\/v2\/types\/product"}],"version-history":[{"count":0,"href":"https:\/\/yupie.app\/ro\/wp-json\/wp\/v2\/product\/6726\/revisions"}],"wp:featuredmedia":[{"embeddable":true,"href":"https:\/\/yupie.app\/ro\/wp-json\/wp\/v2\/media\/6733"}],"wp:attachment":[{"href":"https:\/\/yupie.app\/ro\/wp-json\/wp\/v2\/media?parent=6726"}],"wp:term":[{"taxonomy":"product_brand","embeddable":true,"href":"https:\/\/yupie.app\/ro\/wp-json\/wp\/v2\/product_brand?post=6726"},{"taxonomy":"product_cat","embeddable":true,"href":"https:\/\/yupie.app\/ro\/wp-json\/wp\/v2\/product_cat?post=6726"},{"taxonomy":"product_tag","embeddable":true,"href":"https:\/\/yupie.app\/ro\/wp-json\/wp\/v2\/product_tag?post=6726"}],"curies":[{"name":"wp","href":"https:\/\/api.w.org\/{rel}","templated":true}]}}