{"id":6718,"date":"2023-12-21T08:16:57","date_gmt":"2023-12-21T06:16:57","guid":{"rendered":"https:\/\/yupie.hu\/?post_type=product&#038;p=6718"},"modified":"2026-03-09T09:38:16","modified_gmt":"2026-03-09T07:38:16","slug":"loewe-hifi-t-8000","status":"publish","type":"product","link":"https:\/\/yupie.app\/ro\/product\/loewe-hifi-t-8000\/","title":{"rendered":"Loewe HiFi T-8000 Vintage Tuner \u2013 N\u00e9met Hi-Fi Audio Komponens Retro Hangrendszerhez"},"content":{"rendered":"<div class=\"flex-1 overflow-hidden\">\n<div class=\"react-scroll-to-bottom--css-ablii-79elbk h-full\">\n<div class=\"react-scroll-to-bottom--css-ablii-1n7m0yu\">\n<div class=\"flex flex-col pb-9 text-sm\">\n<div class=\"w-full text-token-text-primary\" data-testid=\"conversation-turn-3\">\n<div class=\"px-4 py-2 justify-center text-base md:gap-6 m-auto\">\n<div class=\"flex flex-1 text-base mx-auto gap-3 md:px-5 lg:px-1 xl:px-5 md:max-w-3xl lg:max-w-[40rem] xl:max-w-[48rem] group final-completion\">\n<div class=\"relative flex w-full flex-col lg:w-[calc(100%-115px)] agent-turn\">\n<div class=\"flex-col gap-1 md:gap-3\">\n<div class=\"flex flex-grow flex-col max-w-full\">\n<div class=\"min-h-[20px] text-message flex flex-col items-start gap-3 whitespace-pre-wrap break-words [.text-message+&amp;]:mt-5 overflow-x-auto\" data-message-author-role=\"assistant\" data-message-id=\"092e97d5-d372-4b38-89bc-afb48183c5c0\">\n<div class=\"markdown prose w-full break-words dark:prose-invert light\">\n<p data-start=\"929\" data-end=\"1187\">A <strong data-start=\"931\" data-end=\"952\">Loewe HiFi T-8000<\/strong> egy klasszikus n\u00e9met gy\u00e1rt\u00e1s\u00fa <strong data-start=\"983\" data-end=\"1006\">vintage Hi-Fi tuner<\/strong>, amely a hagyom\u00e1nyos sztere\u00f3 audio rendszerek korszak\u00e1b\u00f3l sz\u00e1rmazik. A Loewe m\u00e1rka r\u00e9g\u00f3ta ismert a prec\u00edz n\u00e9met m\u00e9rn\u00f6ki munk\u00e1r\u00f3l \u00e9s az eleg\u00e1ns, id\u0151t\u00e1ll\u00f3 elektronikai k\u00e9sz\u00fcl\u00e9keir\u0151l.<\/p>\n<p data-start=\"1189\" data-end=\"1482\">A <strong data-start=\"1191\" data-end=\"1208\">T-8000 modell<\/strong> a klasszikus Hi-Fi rendszerek egyik fontos eleme volt, amely lehet\u0151v\u00e9 tette a r\u00e1di\u00f3ad\u00e1sok kiv\u00e1l\u00f3 min\u0151s\u00e9g\u0171 v\u00e9tel\u00e9t \u00e9s integr\u00e1l\u00e1s\u00e1t egy otthoni sztere\u00f3 rendszerbe. Az ilyen vintage tuner k\u00e9sz\u00fcl\u00e9kek ma m\u00e1r nemcsak haszn\u00e1lati eszk\u00f6z\u00f6k, hanem <strong data-start=\"1447\" data-end=\"1478\">retro audio gy\u0171jt\u0151i darabok<\/strong> is.<\/p>\n<p data-start=\"1484\" data-end=\"1532\">A <strong data-start=\"1486\" data-end=\"1507\">Loewe HiFi T-8000<\/strong> k\u00fcl\u00f6n\u00f6sen \u00e9rdekes lehet:<\/p>\n<ul data-start=\"1534\" data-end=\"1750\">\n<li data-section-id=\"1si3zt9\" data-start=\"1534\" data-end=\"1574\">\n<p data-start=\"1536\" data-end=\"1574\">vintage Hi-Fi rendszerek kedvel\u0151inek<\/p>\n<\/li>\n<li data-section-id=\"krnze3\" data-start=\"1575\" data-end=\"1601\">\n<p data-start=\"1577\" data-end=\"1601\">retro audio gy\u0171jt\u0151knek<\/p>\n<\/li>\n<li data-section-id=\"1unywtg\" data-start=\"1602\" data-end=\"1668\">\n<p data-start=\"1604\" data-end=\"1668\">klasszikus er\u0151s\u00edt\u0151vel \u00e9s hangfalakkal rendelkez\u0151 rendszerekhez<\/p>\n<\/li>\n<li data-section-id=\"o02ah6\" data-start=\"1669\" data-end=\"1750\">\n<p data-start=\"1671\" data-end=\"1750\">olyan felhaszn\u00e1l\u00f3knak, akik \u00e9rt\u00e9kelik a r\u00e9gi elektronikai k\u00e9sz\u00fcl\u00e9kek karakter\u00e9t<\/p>\n<\/li>\n<\/ul>\n<p data-start=\"1752\" data-end=\"2045\">A vintage audio berendez\u00e9sek ir\u00e1nt az ut\u00f3bbi \u00e9vekben <strong data-start=\"1805\" data-end=\"1835\">jelent\u0151sen n\u0151tt a kereslet<\/strong>, mivel egyre t\u00f6bben fedezik fel \u00fajra az anal\u00f3g korszak hangz\u00e1s\u00e1t \u00e9s a klasszikus Hi-Fi rendszerek hangkarakter\u00e9t. Egy ilyen k\u00e9sz\u00fcl\u00e9k nemcsak praktikus eszk\u00f6z, hanem egy darab <strong data-start=\"2011\" data-end=\"2041\">audio-technikai t\u00f6rt\u00e9nelem<\/strong> is.<\/p>\n<p data-start=\"2047\" data-end=\"2467\">Fontos megjegyezni, hogy <strong data-start=\"2072\" data-end=\"2129\">a k\u00e9sz\u00fcl\u00e9k jelenlegi \u00e1llapot\u00e1ban \u00e1tvizsg\u00e1l\u00e1sra szorul<\/strong>. A vintage elektronikai eszk\u00f6z\u00f6k eset\u00e9ben ez teljesen megszokott, mivel az \u00e9vek sor\u00e1n az alkatr\u00e9szek, csatlakoz\u00f3k vagy elektronikai elemek ellen\u0151rz\u00e9se sz\u00fcks\u00e9ges lehet a megfelel\u0151 m\u0171k\u00f6d\u00e9s \u00e9rdek\u00e9ben. Egy szakember \u00e1ltali \u00e1tvizsg\u00e1l\u00e1s vagy kisebb karbantart\u00e1s ut\u00e1n a k\u00e9sz\u00fcl\u00e9k ism\u00e9t teljes \u00e9rt\u00e9k\u0171 r\u00e9sze lehet egy klasszikus Hi-Fi rendszernek.<\/p>\n<p data-start=\"2469\" data-end=\"2661\">A <strong data-start=\"2471\" data-end=\"2498\">Loewe HiFi T-8000 tuner<\/strong> \u00edgy nemcsak egy haszn\u00e1lhat\u00f3 audio komponens, hanem egy \u00e9rdekes vintage darab is azok sz\u00e1m\u00e1ra, akik \u00e9rt\u00e9kelik a r\u00e9gi Hi-Fi technika eszt\u00e9tik\u00e1j\u00e1t \u00e9s hangz\u00e1svil\u00e1g\u00e1t.<\/p>\n<\/div>\n<\/div>\n<\/div>\n<\/div>\n<\/div>\n<\/div>\n<\/div>\n<\/div>\n<\/div>\n<\/div>\n<\/div>\n<\/div>","protected":false},"excerpt":{"rendered":"<p>Vintage <strong data-start=\"2691\" data-end=\"2718\">Loewe HiFi T-8000 tuner<\/strong>, klasszikus n\u00e9met Hi-Fi audio komponens retro sztere\u00f3 rendszerekhez. A k\u00e9sz\u00fcl\u00e9k vintage \u00e1llapot\u00fa \u00e9s <strong data-start=\"2819\" data-end=\"2843\">\u00e1tvizsg\u00e1l\u00e1sra szorul<\/strong>, ez\u00e9rt els\u0151sorban audio rajong\u00f3knak vagy gy\u0171jt\u0151knek aj\u00e1nlott.<\/p>\n<p>&nbsp;<\/p>","protected":false},"featured_media":6719,"template":"","meta":[],"product_brand":[],"product_cat":[2397],"product_tag":[410,116,2231,2234,443,124,2235,528],"class_list":{"0":"post-6718","1":"product","2":"type-product","3":"status-publish","4":"has-post-thumbnail","6":"product_cat-hangrendszerek","7":"product_tag-elektronika","8":"product_tag-fekete","9":"product_tag-hifi","10":"product_tag-loewe","11":"product_tag-minoseg","12":"product_tag-szurke","13":"product_tag-t-8000","14":"product_tag-zene","15":"description-off","17":"first","18":"instock","19":"shipping-taxable","20":"purchasable","21":"product-type-simple"},"yoast_head":"<!-- This site is optimized with the Yoast SEO plugin v27.3 - https:\/\/yoast.com\/product\/yoast-seo-wordpress\/ -->\n<title>Loewe T-8000 Vintage Hi-Fi Tuner | Retro N\u00e9met Audio Komponens<\/title>\n<meta name=\"description\" content=\"A Loewe Hifi T-8000 a kifinomult zenei \u00e9lm\u00e9ny \u00e9s a modern technol\u00f3gia t\u00f6k\u00e9letes egyens\u00faly\u00e1t k\u00edn\u00e1lja, \u00e9s a legmodernebb technol\u00f3gi\u00e1t alkalmazza.\" \/>\n<meta name=\"robots\" content=\"index, follow, max-snippet:-1, max-image-preview:large, max-video-preview:-1\" \/>\n<link rel=\"canonical\" href=\"https:\/\/yupie.app\/ro\/product\/loewe-hifi-t-8000\/\" \/>\n<meta property=\"og:locale\" content=\"ro_RO\" \/>\n<meta property=\"og:type\" content=\"article\" \/>\n<meta property=\"og:title\" content=\"Loewe T-8000 Vintage Hi-Fi Tuner | Retro N\u00e9met Audio Komponens\" \/>\n<meta property=\"og:description\" content=\"A Loewe Hifi T-8000 a kifinomult zenei \u00e9lm\u00e9ny \u00e9s a modern technol\u00f3gia t\u00f6k\u00e9letes egyens\u00faly\u00e1t k\u00edn\u00e1lja, \u00e9s a legmodernebb technol\u00f3gi\u00e1t alkalmazza.\" \/>\n<meta property=\"og:url\" content=\"https:\/\/yupie.app\/ro\/product\/loewe-hifi-t-8000\/\" \/>\n<meta property=\"og:site_name\" content=\"yupie.app\" \/>\n<meta property=\"article:publisher\" content=\"https:\/\/www.facebook.com\/profile.php?id=100089345417295\" \/>\n<meta property=\"article:modified_time\" content=\"2026-03-09T07:38:16+00:00\" \/>\n<meta property=\"og:image\" content=\"https:\/\/yupie.app\/wp-content\/uploads\/2023\/12\/DSC05838-scaled.png\" \/>\n\t<meta property=\"og:image:width\" content=\"2560\" \/>\n\t<meta property=\"og:image:height\" content=\"2560\" \/>\n\t<meta property=\"og:image:type\" content=\"image\/png\" \/>\n<meta name=\"twitter:card\" content=\"summary_large_image\" \/>\n<meta name=\"twitter:label1\" content=\"Timp estimat pentru citire\" \/>\n\t<meta name=\"twitter:data1\" content=\"2 minute\" \/>\n<script type=\"application\/ld+json\" class=\"yoast-schema-graph\">{\"@context\":\"https:\\\/\\\/schema.org\",\"@graph\":[{\"@type\":\"WebPage\",\"@id\":\"https:\\\/\\\/yupie.app\\\/product\\\/loewe-hifi-t-8000\\\/\",\"url\":\"https:\\\/\\\/yupie.app\\\/product\\\/loewe-hifi-t-8000\\\/\",\"name\":\"Loewe T-8000 Vintage Hi-Fi Tuner | Retro N\u00e9met Audio Komponens\",\"isPartOf\":{\"@id\":\"https:\\\/\\\/yupie.app\\\/#website\"},\"primaryImageOfPage\":{\"@id\":\"https:\\\/\\\/yupie.app\\\/product\\\/loewe-hifi-t-8000\\\/#primaryimage\"},\"image\":{\"@id\":\"https:\\\/\\\/yupie.app\\\/product\\\/loewe-hifi-t-8000\\\/#primaryimage\"},\"thumbnailUrl\":\"https:\\\/\\\/yupie.app\\\/wp-content\\\/uploads\\\/2023\\\/12\\\/DSC05838-scaled.png\",\"datePublished\":\"2023-12-21T06:16:57+00:00\",\"dateModified\":\"2026-03-09T07:38:16+00:00\",\"description\":\"A Loewe Hifi T-8000 a kifinomult zenei \u00e9lm\u00e9ny \u00e9s a modern technol\u00f3gia t\u00f6k\u00e9letes egyens\u00faly\u00e1t k\u00edn\u00e1lja, \u00e9s a legmodernebb technol\u00f3gi\u00e1t alkalmazza.\",\"breadcrumb\":{\"@id\":\"https:\\\/\\\/yupie.app\\\/product\\\/loewe-hifi-t-8000\\\/#breadcrumb\"},\"inLanguage\":\"ro-RO\",\"potentialAction\":[{\"@type\":\"ReadAction\",\"target\":[\"https:\\\/\\\/yupie.app\\\/product\\\/loewe-hifi-t-8000\\\/\"]}]},{\"@type\":\"ImageObject\",\"inLanguage\":\"ro-RO\",\"@id\":\"https:\\\/\\\/yupie.app\\\/product\\\/loewe-hifi-t-8000\\\/#primaryimage\",\"url\":\"https:\\\/\\\/yupie.app\\\/wp-content\\\/uploads\\\/2023\\\/12\\\/DSC05838-scaled.png\",\"contentUrl\":\"https:\\\/\\\/yupie.app\\\/wp-content\\\/uploads\\\/2023\\\/12\\\/DSC05838-scaled.png\",\"width\":2560,\"height\":2560,\"caption\":\"Loewe HiFi T-8000 vintage tuner \u2013 klasszikus n\u00e9met Hi-Fi audio komponens\"},{\"@type\":\"BreadcrumbList\",\"@id\":\"https:\\\/\\\/yupie.app\\\/product\\\/loewe-hifi-t-8000\\\/#breadcrumb\",\"itemListElement\":[{\"@type\":\"ListItem\",\"position\":1,\"name\":\"Kezd\u0151lap\",\"item\":\"https:\\\/\\\/yupie.app\\\/\"},{\"@type\":\"ListItem\",\"position\":2,\"name\":\"Katal\u00f3gus\",\"item\":\"https:\\\/\\\/yupie.app\\\/katalogus\\\/\"},{\"@type\":\"ListItem\",\"position\":3,\"name\":\"Loewe HiFi T-8000 Vintage Tuner \u2013 N\u00e9met Hi-Fi Audio Komponens Retro Hangrendszerhez\"}]},{\"@type\":\"WebSite\",\"@id\":\"https:\\\/\\\/yupie.app\\\/#website\",\"url\":\"https:\\\/\\\/yupie.app\\\/\",\"name\":\"yupie.app\",\"description\":\"\",\"publisher\":{\"@id\":\"https:\\\/\\\/yupie.app\\\/#organization\"},\"potentialAction\":[{\"@type\":\"SearchAction\",\"target\":{\"@type\":\"EntryPoint\",\"urlTemplate\":\"https:\\\/\\\/yupie.app\\\/?s={search_term_string}\"},\"query-input\":{\"@type\":\"PropertyValueSpecification\",\"valueRequired\":true,\"valueName\":\"search_term_string\"}}],\"inLanguage\":\"ro-RO\"},{\"@type\":\"Organization\",\"@id\":\"https:\\\/\\\/yupie.app\\\/#organization\",\"name\":\"yupie.app\",\"url\":\"https:\\\/\\\/yupie.app\\\/\",\"logo\":{\"@type\":\"ImageObject\",\"inLanguage\":\"ro-RO\",\"@id\":\"https:\\\/\\\/yupie.app\\\/#\\\/schema\\\/logo\\\/image\\\/\",\"url\":\"https:\\\/\\\/yupie.app\\\/wp-content\\\/uploads\\\/2025\\\/07\\\/cropped-uj-logo.png\",\"contentUrl\":\"https:\\\/\\\/yupie.app\\\/wp-content\\\/uploads\\\/2025\\\/07\\\/cropped-uj-logo.png\",\"width\":500,\"height\":208,\"caption\":\"yupie.app\"},\"image\":{\"@id\":\"https:\\\/\\\/yupie.app\\\/#\\\/schema\\\/logo\\\/image\\\/\"},\"sameAs\":[\"https:\\\/\\\/www.facebook.com\\\/profile.php?id=100089345417295\"]}]}<\/script>\n<!-- \/ Yoast SEO plugin. -->","yoast_head_json":{"title":"Loewe T-8000 Vintage Hi-Fi Tuner | Retro N\u00e9met Audio Komponens","description":"A Loewe Hifi T-8000 a kifinomult zenei \u00e9lm\u00e9ny \u00e9s a modern technol\u00f3gia t\u00f6k\u00e9letes egyens\u00faly\u00e1t k\u00edn\u00e1lja, \u00e9s a legmodernebb technol\u00f3gi\u00e1t alkalmazza.","robots":{"index":"index","follow":"follow","max-snippet":"max-snippet:-1","max-image-preview":"max-image-preview:large","max-video-preview":"max-video-preview:-1"},"canonical":"https:\/\/yupie.app\/ro\/product\/loewe-hifi-t-8000\/","og_locale":"ro_RO","og_type":"article","og_title":"Loewe T-8000 Vintage Hi-Fi Tuner | Retro N\u00e9met Audio Komponens","og_description":"A Loewe Hifi T-8000 a kifinomult zenei \u00e9lm\u00e9ny \u00e9s a modern technol\u00f3gia t\u00f6k\u00e9letes egyens\u00faly\u00e1t k\u00edn\u00e1lja, \u00e9s a legmodernebb technol\u00f3gi\u00e1t alkalmazza.","og_url":"https:\/\/yupie.app\/ro\/product\/loewe-hifi-t-8000\/","og_site_name":"yupie.app","article_publisher":"https:\/\/www.facebook.com\/profile.php?id=100089345417295","article_modified_time":"2026-03-09T07:38:16+00:00","og_image":[{"width":2560,"height":2560,"url":"https:\/\/yupie.app\/wp-content\/uploads\/2023\/12\/DSC05838-scaled.png","type":"image\/png"}],"twitter_card":"summary_large_image","twitter_misc":{"Timp estimat pentru citire":"2 minute"},"schema":{"@context":"https:\/\/schema.org","@graph":[{"@type":"WebPage","@id":"https:\/\/yupie.app\/product\/loewe-hifi-t-8000\/","url":"https:\/\/yupie.app\/product\/loewe-hifi-t-8000\/","name":"Loewe T-8000 Vintage Hi-Fi Tuner | Retro N\u00e9met Audio Komponens","isPartOf":{"@id":"https:\/\/yupie.app\/#website"},"primaryImageOfPage":{"@id":"https:\/\/yupie.app\/product\/loewe-hifi-t-8000\/#primaryimage"},"image":{"@id":"https:\/\/yupie.app\/product\/loewe-hifi-t-8000\/#primaryimage"},"thumbnailUrl":"https:\/\/yupie.app\/wp-content\/uploads\/2023\/12\/DSC05838-scaled.png","datePublished":"2023-12-21T06:16:57+00:00","dateModified":"2026-03-09T07:38:16+00:00","description":"A Loewe Hifi T-8000 a kifinomult zenei \u00e9lm\u00e9ny \u00e9s a modern technol\u00f3gia t\u00f6k\u00e9letes egyens\u00faly\u00e1t k\u00edn\u00e1lja, \u00e9s a legmodernebb technol\u00f3gi\u00e1t alkalmazza.","breadcrumb":{"@id":"https:\/\/yupie.app\/product\/loewe-hifi-t-8000\/#breadcrumb"},"inLanguage":"ro-RO","potentialAction":[{"@type":"ReadAction","target":["https:\/\/yupie.app\/product\/loewe-hifi-t-8000\/"]}]},{"@type":"ImageObject","inLanguage":"ro-RO","@id":"https:\/\/yupie.app\/product\/loewe-hifi-t-8000\/#primaryimage","url":"https:\/\/yupie.app\/wp-content\/uploads\/2023\/12\/DSC05838-scaled.png","contentUrl":"https:\/\/yupie.app\/wp-content\/uploads\/2023\/12\/DSC05838-scaled.png","width":2560,"height":2560,"caption":"Loewe HiFi T-8000 vintage tuner \u2013 klasszikus n\u00e9met Hi-Fi audio komponens"},{"@type":"BreadcrumbList","@id":"https:\/\/yupie.app\/product\/loewe-hifi-t-8000\/#breadcrumb","itemListElement":[{"@type":"ListItem","position":1,"name":"Kezd\u0151lap","item":"https:\/\/yupie.app\/"},{"@type":"ListItem","position":2,"name":"Katal\u00f3gus","item":"https:\/\/yupie.app\/katalogus\/"},{"@type":"ListItem","position":3,"name":"Loewe HiFi T-8000 Vintage Tuner \u2013 N\u00e9met Hi-Fi Audio Komponens Retro Hangrendszerhez"}]},{"@type":"WebSite","@id":"https:\/\/yupie.app\/#website","url":"https:\/\/yupie.app\/","name":"yupie.app","description":"","publisher":{"@id":"https:\/\/yupie.app\/#organization"},"potentialAction":[{"@type":"SearchAction","target":{"@type":"EntryPoint","urlTemplate":"https:\/\/yupie.app\/?s={search_term_string}"},"query-input":{"@type":"PropertyValueSpecification","valueRequired":true,"valueName":"search_term_string"}}],"inLanguage":"ro-RO"},{"@type":"Organization","@id":"https:\/\/yupie.app\/#organization","name":"yupie.app","url":"https:\/\/yupie.app\/","logo":{"@type":"ImageObject","inLanguage":"ro-RO","@id":"https:\/\/yupie.app\/#\/schema\/logo\/image\/","url":"https:\/\/yupie.app\/wp-content\/uploads\/2025\/07\/cropped-uj-logo.png","contentUrl":"https:\/\/yupie.app\/wp-content\/uploads\/2025\/07\/cropped-uj-logo.png","width":500,"height":208,"caption":"yupie.app"},"image":{"@id":"https:\/\/yupie.app\/#\/schema\/logo\/image\/"},"sameAs":["https:\/\/www.facebook.com\/profile.php?id=100089345417295"]}]}},"jetpack_sharing_enabled":true,"_links":{"self":[{"href":"https:\/\/yupie.app\/ro\/wp-json\/wp\/v2\/product\/6718","targetHints":{"allow":["GET"]}}],"collection":[{"href":"https:\/\/yupie.app\/ro\/wp-json\/wp\/v2\/product"}],"about":[{"href":"https:\/\/yupie.app\/ro\/wp-json\/wp\/v2\/types\/product"}],"version-history":[{"count":0,"href":"https:\/\/yupie.app\/ro\/wp-json\/wp\/v2\/product\/6718\/revisions"}],"wp:featuredmedia":[{"embeddable":true,"href":"https:\/\/yupie.app\/ro\/wp-json\/wp\/v2\/media\/6719"}],"wp:attachment":[{"href":"https:\/\/yupie.app\/ro\/wp-json\/wp\/v2\/media?parent=6718"}],"wp:term":[{"taxonomy":"product_brand","embeddable":true,"href":"https:\/\/yupie.app\/ro\/wp-json\/wp\/v2\/product_brand?post=6718"},{"taxonomy":"product_cat","embeddable":true,"href":"https:\/\/yupie.app\/ro\/wp-json\/wp\/v2\/product_cat?post=6718"},{"taxonomy":"product_tag","embeddable":true,"href":"https:\/\/yupie.app\/ro\/wp-json\/wp\/v2\/product_tag?post=6718"}],"curies":[{"name":"wp","href":"https:\/\/api.w.org\/{rel}","templated":true}]}}