{"id":6711,"date":"2023-12-20T18:35:34","date_gmt":"2023-12-20T16:35:34","guid":{"rendered":"https:\/\/yupie.hu\/?post_type=product&#038;p=6711"},"modified":"2026-03-08T11:53:10","modified_gmt":"2026-03-08T09:53:10","slug":"dux-hifi-t-12000","status":"publish","type":"product","link":"https:\/\/yupie.app\/ro\/product\/dux-hifi-t-12000\/","title":{"rendered":"DUX HiFi T-12000 Vintage Audio Komponens \u2013 Ritka Skandin\u00e1v Hi-Fi K\u00e9sz\u00fcl\u00e9k Gy\u0171jt\u0151knek"},"content":{"rendered":"<p data-start=\"1108\" data-end=\"1284\">A <strong data-start=\"1110\" data-end=\"1130\">DUX HiFi T-12000<\/strong> egy karakteres megjelen\u00e9s\u0171, klasszikus skandin\u00e1v Hi-Fi komponens, amely a vintage audio korszak\u00e1nak egyik \u00e9rdekes \u00e9s ma m\u00e1r ritk\u00e1bban fellelhet\u0151 darabja.<\/p>\n<p data-start=\"1286\" data-end=\"1539\">A <strong data-start=\"1288\" data-end=\"1301\">DUX m\u00e1rka<\/strong> a 20. sz\u00e1zad m\u00e1sodik fel\u00e9ben v\u00e1lt ismertt\u00e9 Eur\u00f3p\u00e1ban, \u00e9s t\u00f6bb modellj\u00fckben a <strong data-start=\"1379\" data-end=\"1412\">Philips technol\u00f3giai alapjait<\/strong> is alkalmazt\u00e1k. Ennek k\u00f6sz\u00f6nhet\u0151en a k\u00e9sz\u00fcl\u00e9kek megb\u00edzhat\u00f3 elektronik\u00e1val \u00e9s a korszakra jellemz\u0151 anal\u00f3g hangz\u00e1ssal k\u00e9sz\u00fcltek.<\/p>\n<p data-start=\"1541\" data-end=\"1605\">A <strong data-start=\"1543\" data-end=\"1561\">T-12000 modell<\/strong> k\u00fcl\u00f6n\u00f6sen \u00e9rdekes lehet azok sz\u00e1m\u00e1ra, akik:<\/p>\n<ul data-start=\"1607\" data-end=\"1723\">\n<li data-start=\"1607\" data-end=\"1641\">\n<p data-start=\"1609\" data-end=\"1641\">vintage Hi-Fi rendszert \u00e9p\u00edtenek<\/p>\n<\/li>\n<li data-start=\"1642\" data-end=\"1685\">\n<p data-start=\"1644\" data-end=\"1685\">gy\u0171jtik a klasszikus audio berendez\u00e9seket<\/p>\n<\/li>\n<li data-start=\"1686\" data-end=\"1723\">\n<p data-start=\"1688\" data-end=\"1723\">autentikus anal\u00f3g hangz\u00e1st keresnek<\/p>\n<\/li>\n<\/ul>\n<p data-start=\"1725\" data-end=\"1893\">A k\u00e9sz\u00fcl\u00e9k megjelen\u00e9se j\u00f3l t\u00fckr\u00f6zi a <strong data-start=\"1762\" data-end=\"1800\">70-80-as \u00e9vek Hi-Fi design vil\u00e1g\u00e1t<\/strong>, amelyet a letisztult kezel\u0151fel\u00fclet, a mechanikus vez\u00e9rl\u0151k \u00e9s a tart\u00f3s konstrukci\u00f3 jellemez.<\/p>\n<p data-start=\"1895\" data-end=\"2030\">Ez a t\u00edpus ma m\u00e1r <strong data-start=\"1913\" data-end=\"1939\">ritk\u00e1bban ker\u00fcl piacra<\/strong>, ez\u00e9rt a vintage audio ir\u00e1nt \u00e9rdekl\u0151d\u0151k sz\u00e1m\u00e1ra egyre ink\u00e1bb <strong data-start=\"2001\" data-end=\"2029\">gy\u0171jt\u0151i \u00e9rt\u00e9ket k\u00e9pvisel<\/strong>.<\/p>\n<p data-start=\"2032\" data-end=\"2185\">Fontos inform\u00e1ci\u00f3:<br data-start=\"2050\" data-end=\"2053\" \/>A k\u00e9sz\u00fcl\u00e9k <strong data-start=\"2064\" data-end=\"2111\">\u00e1tvizsg\u00e1l\u00e1sra \u00e9s esetleges szervizre szorul<\/strong>, ez\u00e9rt jelenlegi \u00e1llapot\u00e1ban els\u0151sorban olyan v\u00e1s\u00e1rl\u00f3knak aj\u00e1nlott, akik:<\/p>\n<ul data-start=\"2187\" data-end=\"2324\">\n<li data-start=\"2187\" data-end=\"2212\">\n<p data-start=\"2189\" data-end=\"2212\">restaur\u00e1lni szeretn\u00e9k<\/p>\n<\/li>\n<li data-start=\"2213\" data-end=\"2252\">\n<p data-start=\"2215\" data-end=\"2252\">szervizel\u00e9s ut\u00e1n haszn\u00e1lni k\u00edv\u00e1nj\u00e1k<\/p>\n<\/li>\n<li data-start=\"2253\" data-end=\"2324\">\n<p data-start=\"2255\" data-end=\"2324\">vagy vintage audio gy\u0171jtem\u00e9ny\u00fck r\u00e9szek\u00e9nt keresnek k\u00fcl\u00f6nleges darabot<\/p>\n<\/li>\n<\/ul>\n<p data-start=\"2326\" data-end=\"2494\">A megfelel\u0151 szervizel\u00e9s ut\u00e1n az ilyen vintage Hi-Fi k\u00e9sz\u00fcl\u00e9kek <strong data-start=\"2389\" data-end=\"2429\">\u00e9rt\u00e9ke gyakran jelent\u0151sen n\u00f6vekedhet<\/strong>, k\u00fcl\u00f6n\u00f6sen ha meg\u0151rzik eredeti alkatr\u00e9szeiket \u00e9s megjelen\u00e9s\u00fcket.<\/p>\n<p data-start=\"2496\" data-end=\"2615\">A <strong data-start=\"2498\" data-end=\"2518\">DUX HiFi T-12000<\/strong> \u00edgy nemcsak egy r\u00e9gi elektronikai eszk\u00f6z, hanem egy darab a klasszikus anal\u00f3g audio korszak\u00e1b\u00f3l.<\/p>","protected":false},"excerpt":{"rendered":"<p data-start=\"2648\" data-end=\"2919\">A <strong data-start=\"2650\" data-end=\"2670\">DUX HiFi T-12000<\/strong> egy ritk\u00e1bb vintage audio komponens a klasszikus skandin\u00e1v Hi-Fi korszakb\u00f3l. Gy\u0171jt\u0151k \u00e9s anal\u00f3g hangz\u00e1s kedvel\u0151i sz\u00e1m\u00e1ra \u00e9rdekes darab lehet. A k\u00e9sz\u00fcl\u00e9k <strong data-start=\"2823\" data-end=\"2870\">\u00e1tvizsg\u00e1l\u00e1sra \u00e9s esetleges szervizre szorul<\/strong>, ez\u00e9rt restaur\u00e1l\u00e1si vagy gy\u0171jt\u0151i c\u00e9lra aj\u00e1nlott.<\/p>","protected":false},"featured_media":6712,"template":"","meta":[],"product_brand":[],"product_cat":[2397],"product_tag":[2230,2233,1409,2231,443,124,2232],"class_list":{"0":"post-6711","1":"product","2":"type-product","3":"status-publish","4":"has-post-thumbnail","6":"product_cat-hangrendszerek","7":"product_tag-dux","8":"product_tag-elektronikaufekete","9":"product_tag-hangzas","10":"product_tag-hifi","11":"product_tag-minoseg","12":"product_tag-szurke","13":"product_tag-t-12000","14":"description-off","16":"first","17":"instock","18":"shipping-taxable","19":"purchasable","20":"product-type-simple"},"yoast_head":"<!-- This site is optimized with the Yoast SEO plugin v27.3 - https:\/\/yoast.com\/product\/yoast-seo-wordpress\/ -->\n<title>DUX HiFi T-12000 Vintage Hi-Fi Komponens \u2013 Ritka Audio K\u00e9sz\u00fcl\u00e9k<\/title>\n<meta name=\"description\" content=\"A Dux hi-fi T-12000 leny\u0171g\u00f6z\u0151 hang\u00e9lm\u00e9nyt ny\u00fajt\u00f3 audio rendszer, mely a magas szint\u0171 technol\u00f3gia \u00e9s kifinomult design t\u00f6k\u00e9letes egyens\u00faly\u00e1t k\u00e9pviseli.\" \/>\n<meta name=\"robots\" content=\"index, follow, max-snippet:-1, max-image-preview:large, max-video-preview:-1\" \/>\n<link rel=\"canonical\" href=\"https:\/\/yupie.app\/ro\/product\/dux-hifi-t-12000\/\" \/>\n<meta property=\"og:locale\" content=\"ro_RO\" \/>\n<meta property=\"og:type\" content=\"article\" \/>\n<meta property=\"og:title\" content=\"DUX HiFi T-12000 Vintage Hi-Fi Komponens \u2013 Ritka Audio K\u00e9sz\u00fcl\u00e9k\" \/>\n<meta property=\"og:description\" content=\"A Dux hi-fi T-12000 leny\u0171g\u00f6z\u0151 hang\u00e9lm\u00e9nyt ny\u00fajt\u00f3 audio rendszer, mely a magas szint\u0171 technol\u00f3gia \u00e9s kifinomult design t\u00f6k\u00e9letes egyens\u00faly\u00e1t k\u00e9pviseli.\" \/>\n<meta property=\"og:url\" content=\"https:\/\/yupie.app\/ro\/product\/dux-hifi-t-12000\/\" \/>\n<meta property=\"og:site_name\" content=\"yupie.app\" \/>\n<meta property=\"article:publisher\" content=\"https:\/\/www.facebook.com\/profile.php?id=100089345417295\" \/>\n<meta property=\"article:modified_time\" content=\"2026-03-08T09:53:10+00:00\" \/>\n<meta property=\"og:image\" content=\"https:\/\/yupie.app\/wp-content\/uploads\/2023\/12\/DSC05832.png\" \/>\n\t<meta property=\"og:image:width\" content=\"2406\" \/>\n\t<meta property=\"og:image:height\" content=\"2406\" \/>\n\t<meta property=\"og:image:type\" content=\"image\/png\" \/>\n<meta name=\"twitter:card\" content=\"summary_large_image\" \/>\n<meta name=\"twitter:label1\" content=\"Timp estimat pentru citire\" \/>\n\t<meta name=\"twitter:data1\" content=\"2 minute\" \/>\n<script type=\"application\/ld+json\" class=\"yoast-schema-graph\">{\"@context\":\"https:\\\/\\\/schema.org\",\"@graph\":[{\"@type\":\"WebPage\",\"@id\":\"https:\\\/\\\/yupie.app\\\/product\\\/dux-hifi-t-12000\\\/\",\"url\":\"https:\\\/\\\/yupie.app\\\/product\\\/dux-hifi-t-12000\\\/\",\"name\":\"DUX HiFi T-12000 Vintage Hi-Fi Komponens \u2013 Ritka Audio K\u00e9sz\u00fcl\u00e9k\",\"isPartOf\":{\"@id\":\"https:\\\/\\\/yupie.app\\\/#website\"},\"primaryImageOfPage\":{\"@id\":\"https:\\\/\\\/yupie.app\\\/product\\\/dux-hifi-t-12000\\\/#primaryimage\"},\"image\":{\"@id\":\"https:\\\/\\\/yupie.app\\\/product\\\/dux-hifi-t-12000\\\/#primaryimage\"},\"thumbnailUrl\":\"https:\\\/\\\/yupie.app\\\/wp-content\\\/uploads\\\/2023\\\/12\\\/DSC05832.png\",\"datePublished\":\"2023-12-20T16:35:34+00:00\",\"dateModified\":\"2026-03-08T09:53:10+00:00\",\"description\":\"A Dux hi-fi T-12000 leny\u0171g\u00f6z\u0151 hang\u00e9lm\u00e9nyt ny\u00fajt\u00f3 audio rendszer, mely a magas szint\u0171 technol\u00f3gia \u00e9s kifinomult design t\u00f6k\u00e9letes egyens\u00faly\u00e1t k\u00e9pviseli.\",\"breadcrumb\":{\"@id\":\"https:\\\/\\\/yupie.app\\\/product\\\/dux-hifi-t-12000\\\/#breadcrumb\"},\"inLanguage\":\"ro-RO\",\"potentialAction\":[{\"@type\":\"ReadAction\",\"target\":[\"https:\\\/\\\/yupie.app\\\/product\\\/dux-hifi-t-12000\\\/\"]}]},{\"@type\":\"ImageObject\",\"inLanguage\":\"ro-RO\",\"@id\":\"https:\\\/\\\/yupie.app\\\/product\\\/dux-hifi-t-12000\\\/#primaryimage\",\"url\":\"https:\\\/\\\/yupie.app\\\/wp-content\\\/uploads\\\/2023\\\/12\\\/DSC05832.png\",\"contentUrl\":\"https:\\\/\\\/yupie.app\\\/wp-content\\\/uploads\\\/2023\\\/12\\\/DSC05832.png\",\"width\":2406,\"height\":2406,\"caption\":\"DUX HiFi T-12000 vintage audio komponens \u2013 klasszikus anal\u00f3g Hi-Fi korszak\"},{\"@type\":\"BreadcrumbList\",\"@id\":\"https:\\\/\\\/yupie.app\\\/product\\\/dux-hifi-t-12000\\\/#breadcrumb\",\"itemListElement\":[{\"@type\":\"ListItem\",\"position\":1,\"name\":\"Kezd\u0151lap\",\"item\":\"https:\\\/\\\/yupie.app\\\/\"},{\"@type\":\"ListItem\",\"position\":2,\"name\":\"Katal\u00f3gus\",\"item\":\"https:\\\/\\\/yupie.app\\\/katalogus\\\/\"},{\"@type\":\"ListItem\",\"position\":3,\"name\":\"DUX HiFi T-12000 Vintage Audio Komponens \u2013 Ritka Skandin\u00e1v Hi-Fi K\u00e9sz\u00fcl\u00e9k Gy\u0171jt\u0151knek\"}]},{\"@type\":\"WebSite\",\"@id\":\"https:\\\/\\\/yupie.app\\\/#website\",\"url\":\"https:\\\/\\\/yupie.app\\\/\",\"name\":\"yupie.app\",\"description\":\"\",\"publisher\":{\"@id\":\"https:\\\/\\\/yupie.app\\\/#organization\"},\"potentialAction\":[{\"@type\":\"SearchAction\",\"target\":{\"@type\":\"EntryPoint\",\"urlTemplate\":\"https:\\\/\\\/yupie.app\\\/?s={search_term_string}\"},\"query-input\":{\"@type\":\"PropertyValueSpecification\",\"valueRequired\":true,\"valueName\":\"search_term_string\"}}],\"inLanguage\":\"ro-RO\"},{\"@type\":\"Organization\",\"@id\":\"https:\\\/\\\/yupie.app\\\/#organization\",\"name\":\"yupie.app\",\"url\":\"https:\\\/\\\/yupie.app\\\/\",\"logo\":{\"@type\":\"ImageObject\",\"inLanguage\":\"ro-RO\",\"@id\":\"https:\\\/\\\/yupie.app\\\/#\\\/schema\\\/logo\\\/image\\\/\",\"url\":\"https:\\\/\\\/yupie.app\\\/wp-content\\\/uploads\\\/2025\\\/07\\\/cropped-uj-logo.png\",\"contentUrl\":\"https:\\\/\\\/yupie.app\\\/wp-content\\\/uploads\\\/2025\\\/07\\\/cropped-uj-logo.png\",\"width\":500,\"height\":208,\"caption\":\"yupie.app\"},\"image\":{\"@id\":\"https:\\\/\\\/yupie.app\\\/#\\\/schema\\\/logo\\\/image\\\/\"},\"sameAs\":[\"https:\\\/\\\/www.facebook.com\\\/profile.php?id=100089345417295\"]}]}<\/script>\n<!-- \/ Yoast SEO plugin. -->","yoast_head_json":{"title":"DUX HiFi T-12000 Vintage Hi-Fi Komponens \u2013 Ritka Audio K\u00e9sz\u00fcl\u00e9k","description":"A Dux hi-fi T-12000 leny\u0171g\u00f6z\u0151 hang\u00e9lm\u00e9nyt ny\u00fajt\u00f3 audio rendszer, mely a magas szint\u0171 technol\u00f3gia \u00e9s kifinomult design t\u00f6k\u00e9letes egyens\u00faly\u00e1t k\u00e9pviseli.","robots":{"index":"index","follow":"follow","max-snippet":"max-snippet:-1","max-image-preview":"max-image-preview:large","max-video-preview":"max-video-preview:-1"},"canonical":"https:\/\/yupie.app\/ro\/product\/dux-hifi-t-12000\/","og_locale":"ro_RO","og_type":"article","og_title":"DUX HiFi T-12000 Vintage Hi-Fi Komponens \u2013 Ritka Audio K\u00e9sz\u00fcl\u00e9k","og_description":"A Dux hi-fi T-12000 leny\u0171g\u00f6z\u0151 hang\u00e9lm\u00e9nyt ny\u00fajt\u00f3 audio rendszer, mely a magas szint\u0171 technol\u00f3gia \u00e9s kifinomult design t\u00f6k\u00e9letes egyens\u00faly\u00e1t k\u00e9pviseli.","og_url":"https:\/\/yupie.app\/ro\/product\/dux-hifi-t-12000\/","og_site_name":"yupie.app","article_publisher":"https:\/\/www.facebook.com\/profile.php?id=100089345417295","article_modified_time":"2026-03-08T09:53:10+00:00","og_image":[{"width":2406,"height":2406,"url":"https:\/\/yupie.app\/wp-content\/uploads\/2023\/12\/DSC05832.png","type":"image\/png"}],"twitter_card":"summary_large_image","twitter_misc":{"Timp estimat pentru citire":"2 minute"},"schema":{"@context":"https:\/\/schema.org","@graph":[{"@type":"WebPage","@id":"https:\/\/yupie.app\/product\/dux-hifi-t-12000\/","url":"https:\/\/yupie.app\/product\/dux-hifi-t-12000\/","name":"DUX HiFi T-12000 Vintage Hi-Fi Komponens \u2013 Ritka Audio K\u00e9sz\u00fcl\u00e9k","isPartOf":{"@id":"https:\/\/yupie.app\/#website"},"primaryImageOfPage":{"@id":"https:\/\/yupie.app\/product\/dux-hifi-t-12000\/#primaryimage"},"image":{"@id":"https:\/\/yupie.app\/product\/dux-hifi-t-12000\/#primaryimage"},"thumbnailUrl":"https:\/\/yupie.app\/wp-content\/uploads\/2023\/12\/DSC05832.png","datePublished":"2023-12-20T16:35:34+00:00","dateModified":"2026-03-08T09:53:10+00:00","description":"A Dux hi-fi T-12000 leny\u0171g\u00f6z\u0151 hang\u00e9lm\u00e9nyt ny\u00fajt\u00f3 audio rendszer, mely a magas szint\u0171 technol\u00f3gia \u00e9s kifinomult design t\u00f6k\u00e9letes egyens\u00faly\u00e1t k\u00e9pviseli.","breadcrumb":{"@id":"https:\/\/yupie.app\/product\/dux-hifi-t-12000\/#breadcrumb"},"inLanguage":"ro-RO","potentialAction":[{"@type":"ReadAction","target":["https:\/\/yupie.app\/product\/dux-hifi-t-12000\/"]}]},{"@type":"ImageObject","inLanguage":"ro-RO","@id":"https:\/\/yupie.app\/product\/dux-hifi-t-12000\/#primaryimage","url":"https:\/\/yupie.app\/wp-content\/uploads\/2023\/12\/DSC05832.png","contentUrl":"https:\/\/yupie.app\/wp-content\/uploads\/2023\/12\/DSC05832.png","width":2406,"height":2406,"caption":"DUX HiFi T-12000 vintage audio komponens \u2013 klasszikus anal\u00f3g Hi-Fi korszak"},{"@type":"BreadcrumbList","@id":"https:\/\/yupie.app\/product\/dux-hifi-t-12000\/#breadcrumb","itemListElement":[{"@type":"ListItem","position":1,"name":"Kezd\u0151lap","item":"https:\/\/yupie.app\/"},{"@type":"ListItem","position":2,"name":"Katal\u00f3gus","item":"https:\/\/yupie.app\/katalogus\/"},{"@type":"ListItem","position":3,"name":"DUX HiFi T-12000 Vintage Audio Komponens \u2013 Ritka Skandin\u00e1v Hi-Fi K\u00e9sz\u00fcl\u00e9k Gy\u0171jt\u0151knek"}]},{"@type":"WebSite","@id":"https:\/\/yupie.app\/#website","url":"https:\/\/yupie.app\/","name":"yupie.app","description":"","publisher":{"@id":"https:\/\/yupie.app\/#organization"},"potentialAction":[{"@type":"SearchAction","target":{"@type":"EntryPoint","urlTemplate":"https:\/\/yupie.app\/?s={search_term_string}"},"query-input":{"@type":"PropertyValueSpecification","valueRequired":true,"valueName":"search_term_string"}}],"inLanguage":"ro-RO"},{"@type":"Organization","@id":"https:\/\/yupie.app\/#organization","name":"yupie.app","url":"https:\/\/yupie.app\/","logo":{"@type":"ImageObject","inLanguage":"ro-RO","@id":"https:\/\/yupie.app\/#\/schema\/logo\/image\/","url":"https:\/\/yupie.app\/wp-content\/uploads\/2025\/07\/cropped-uj-logo.png","contentUrl":"https:\/\/yupie.app\/wp-content\/uploads\/2025\/07\/cropped-uj-logo.png","width":500,"height":208,"caption":"yupie.app"},"image":{"@id":"https:\/\/yupie.app\/#\/schema\/logo\/image\/"},"sameAs":["https:\/\/www.facebook.com\/profile.php?id=100089345417295"]}]}},"jetpack_sharing_enabled":true,"_links":{"self":[{"href":"https:\/\/yupie.app\/ro\/wp-json\/wp\/v2\/product\/6711","targetHints":{"allow":["GET"]}}],"collection":[{"href":"https:\/\/yupie.app\/ro\/wp-json\/wp\/v2\/product"}],"about":[{"href":"https:\/\/yupie.app\/ro\/wp-json\/wp\/v2\/types\/product"}],"version-history":[{"count":0,"href":"https:\/\/yupie.app\/ro\/wp-json\/wp\/v2\/product\/6711\/revisions"}],"wp:featuredmedia":[{"embeddable":true,"href":"https:\/\/yupie.app\/ro\/wp-json\/wp\/v2\/media\/6712"}],"wp:attachment":[{"href":"https:\/\/yupie.app\/ro\/wp-json\/wp\/v2\/media?parent=6711"}],"wp:term":[{"taxonomy":"product_brand","embeddable":true,"href":"https:\/\/yupie.app\/ro\/wp-json\/wp\/v2\/product_brand?post=6711"},{"taxonomy":"product_cat","embeddable":true,"href":"https:\/\/yupie.app\/ro\/wp-json\/wp\/v2\/product_cat?post=6711"},{"taxonomy":"product_tag","embeddable":true,"href":"https:\/\/yupie.app\/ro\/wp-json\/wp\/v2\/product_tag?post=6711"}],"curies":[{"name":"wp","href":"https:\/\/api.w.org\/{rel}","templated":true}]}}