{"id":6657,"date":"2023-12-20T15:33:25","date_gmt":"2023-12-20T13:33:25","guid":{"rendered":"https:\/\/yupie.hu\/?post_type=product&#038;p=6657"},"modified":"2026-03-10T08:38:27","modified_gmt":"2026-03-10T06:38:27","slug":"pioneer-f-225-tuner","status":"publish","type":"product","link":"https:\/\/yupie.app\/ro\/product\/pioneer-f-225-tuner\/","title":{"rendered":"Pioneer F-225 Hi-Fi tuner \u2013 klasszikus Pioneer r\u00e1di\u00f3 tuner audiophile rendszerhez"},"content":{"rendered":"<p data-start=\"1165\" data-end=\"1480\">A <strong data-start=\"1167\" data-end=\"1196\">Pioneer F-225 Hi-Fi tuner<\/strong> a Pioneer klasszikus audio komponens sorozat\u00e1nak r\u00e9sze, amely a \u201980-as \u00e9s \u201990-es \u00e9vekben a megb\u00edzhat\u00f3 r\u00e1di\u00f3vev\u0151ir\u0151l volt ismert. A Pioneer m\u00e1rka vil\u00e1gszerte elismert az audio technol\u00f3gia ter\u00fclet\u00e9n, ez\u00e9rt ezek a k\u00e9sz\u00fcl\u00e9kek ma is keresettek a vintage Hi-Fi rendszerek kedvel\u0151i k\u00f6r\u00e9ben.<\/p>\n<p data-start=\"1482\" data-end=\"1752\">Ez a tuner ide\u00e1lis v\u00e1laszt\u00e1s azok sz\u00e1m\u00e1ra, akik szeretn\u00e9nek egy <strong data-start=\"1546\" data-end=\"1590\">klasszikus Hi-Fi rendszert \u00f6ssze\u00e1ll\u00edtani<\/strong> er\u0151s\u00edt\u0151vel, kazett\u00e1s deckkel vagy CD-lej\u00e1tsz\u00f3val. A Pioneer komponensek egyik nagy el\u0151nye, hogy egys\u00e9ges megjelen\u00e9s\u00fck miatt eszt\u00e9tikusan kombin\u00e1lhat\u00f3k egym\u00e1ssal.<\/p>\n<p data-start=\"1754\" data-end=\"2013\">A <strong data-start=\"1756\" data-end=\"1779\">Pioneer F-225 tuner<\/strong> stabil FM\/AM v\u00e9telt biztos\u00edt, \u00e9s egyszer\u0171 kezelhet\u0151s\u00e9g\u00e9vel t\u00f6k\u00e9letesen illeszkedik egy klasszikus audio rendszerbe. Az ilyen vintage tunerek ma m\u00e1r egyre ritk\u00e1bbak a piacon, ez\u00e9rt sok audio rajong\u00f3 \u00e9s gy\u0171jt\u0151 kifejezetten keresi \u0151ket.<\/p>\n<p data-start=\"2015\" data-end=\"2251\">Fontos megjegyezni, hogy a k\u00e9sz\u00fcl\u00e9k <strong data-start=\"2051\" data-end=\"2075\">\u00e1tvizsg\u00e1l\u00e1sra szorul<\/strong>, ez\u00e9rt aj\u00e1nlott egy szakember \u00e1ltali ellen\u0151rz\u00e9s a teljes funkcionalit\u00e1s biztos\u00edt\u00e1s\u00e1hoz. Ez a fajta karbantart\u00e1s teljesen term\u00e9szetes egy ilyen kor\u00fa elektronikai berendez\u00e9sn\u00e9l.<\/p>\n<p data-start=\"2253\" data-end=\"2428\">Ennek ellen\u00e9re a Pioneer audio k\u00e9sz\u00fcl\u00e9kek h\u00edresek <strong data-start=\"2303\" data-end=\"2347\">tart\u00f3ss\u00e1gukr\u00f3l \u00e9s hossz\u00fa \u00e9lettartamukr\u00f3l<\/strong>, ez\u00e9rt egy megfelel\u0151en karbantartott p\u00e9ld\u00e1ny m\u00e9g hossz\u00fa ideig haszn\u00e1lhat\u00f3 lehet.<\/p>\n<p data-start=\"2430\" data-end=\"2464\">Ez a tuner kiv\u00e1l\u00f3 v\u00e1laszt\u00e1s lehet:<\/p>\n<ul data-start=\"2466\" data-end=\"2617\">\n<li data-section-id=\"1ngp3je\" data-start=\"2466\" data-end=\"2503\">\n<p data-start=\"2468\" data-end=\"2503\">vintage Hi-Fi rendszer \u00e9p\u00edt\u00e9s\u00e9hez<\/p>\n<\/li>\n<li data-section-id=\"1wfsubm\" data-start=\"2504\" data-end=\"2529\">\n<p data-start=\"2506\" data-end=\"2529\">audio gy\u0171jt\u0151k sz\u00e1m\u00e1ra<\/p>\n<\/li>\n<li data-section-id=\"104i96h\" data-start=\"2530\" data-end=\"2576\">\n<p data-start=\"2532\" data-end=\"2576\">klasszikus Pioneer komponensek kedvel\u0151inek<\/p>\n<\/li>\n<li data-section-id=\"7yst2m\" data-start=\"2577\" data-end=\"2617\">\n<p data-start=\"2579\" data-end=\"2617\">retro hangrendszerek restaur\u00e1l\u00e1s\u00e1hoz<\/p>\n<\/li>\n<\/ul>\n<p data-start=\"2619\" data-end=\"2772\">A <strong data-start=\"2621\" data-end=\"2644\">Pioneer F-225 tuner<\/strong> nem csup\u00e1n egy r\u00e1di\u00f3vev\u0151, hanem egy darab a klasszikus Hi-Fi korszakb\u00f3l, amely \u00e9rt\u00e9ket k\u00e9pvisel az audio technika t\u00f6rt\u00e9net\u00e9ben.<\/p>","protected":false},"excerpt":{"rendered":"<p>A <strong data-start=\"819\" data-end=\"842\">Pioneer F-225 tuner<\/strong> egy klasszikus Pioneer Hi-Fi komponens, amely a \u201990-es \u00e9vek anal\u00f3g hangz\u00e1s\u00e1t \u00e9s stabil r\u00e1di\u00f3v\u00e9tel\u00e9t hozza vissza a modern rendszerekbe. Ide\u00e1lis v\u00e1laszt\u00e1s vintage hangrendszerekhez vagy gy\u0171jt\u0151k sz\u00e1m\u00e1ra. A k\u00e9sz\u00fcl\u00e9k <strong data-start=\"1056\" data-end=\"1123\">eszt\u00e9tikailag j\u00f3 \u00e1llapot\u00fa, azonban m\u0171szaki \u00e1tvizsg\u00e1l\u00e1st ig\u00e9nyel<\/strong>.<\/p>","protected":false},"featured_media":6664,"template":"","meta":[],"product_brand":[],"product_cat":[2397],"product_tag":[2214,410,116,2212,2213],"class_list":{"0":"post-6657","1":"product","2":"type-product","3":"status-publish","4":"has-post-thumbnail","6":"product_cat-hangrendszerek","7":"product_tag-audio-berendezes","8":"product_tag-elektronika","9":"product_tag-fekete","10":"product_tag-pioneer-f-225-tuner","11":"product_tag-tuner","12":"description-off","14":"first","15":"instock","16":"shipping-taxable","17":"purchasable","18":"product-type-simple"},"yoast_head":"<!-- This site is optimized with the Yoast SEO plugin v27.3 - https:\/\/yoast.com\/product\/yoast-seo-wordpress\/ -->\n<title>Pioneer F-225 Hi-Fi Tuner \u2013 Vintage Pioneer FM\/AM R\u00e1di\u00f3 Tuner<\/title>\n<meta name=\"description\" content=\"A Pioneer F-225 tuner egy kiv\u00e1l\u00f3 min\u0151s\u00e9g\u0171, st\u00edlusos audioberendez\u00e9s, mely ide\u00e1lis a r\u00e1di\u00f3ad\u00e1sok tiszta \u00e9s r\u00e9szletgazdag fog\u00e1s\u00e1hoz.\" \/>\n<meta name=\"robots\" content=\"index, follow, max-snippet:-1, max-image-preview:large, max-video-preview:-1\" \/>\n<link rel=\"canonical\" href=\"https:\/\/yupie.app\/ro\/product\/pioneer-f-225-tuner\/\" \/>\n<meta property=\"og:locale\" content=\"ro_RO\" \/>\n<meta property=\"og:type\" content=\"article\" \/>\n<meta property=\"og:title\" content=\"Pioneer F-225 Hi-Fi Tuner \u2013 Vintage Pioneer FM\/AM R\u00e1di\u00f3 Tuner\" \/>\n<meta property=\"og:description\" content=\"A Pioneer F-225 tuner egy kiv\u00e1l\u00f3 min\u0151s\u00e9g\u0171, st\u00edlusos audioberendez\u00e9s, mely ide\u00e1lis a r\u00e1di\u00f3ad\u00e1sok tiszta \u00e9s r\u00e9szletgazdag fog\u00e1s\u00e1hoz.\" \/>\n<meta property=\"og:url\" content=\"https:\/\/yupie.app\/ro\/product\/pioneer-f-225-tuner\/\" \/>\n<meta property=\"og:site_name\" content=\"yupie.app\" \/>\n<meta property=\"article:publisher\" content=\"https:\/\/www.facebook.com\/profile.php?id=100089345417295\" \/>\n<meta property=\"article:modified_time\" content=\"2026-03-10T06:38:27+00:00\" \/>\n<meta property=\"og:image\" content=\"https:\/\/yupie.app\/wp-content\/uploads\/2023\/12\/DSC05790.png\" \/>\n\t<meta property=\"og:image:width\" content=\"2534\" \/>\n\t<meta property=\"og:image:height\" content=\"2534\" \/>\n\t<meta property=\"og:image:type\" content=\"image\/png\" \/>\n<meta name=\"twitter:card\" content=\"summary_large_image\" \/>\n<meta name=\"twitter:label1\" content=\"Timp estimat pentru citire\" \/>\n\t<meta name=\"twitter:data1\" content=\"2 minute\" \/>\n<script type=\"application\/ld+json\" class=\"yoast-schema-graph\">{\"@context\":\"https:\\\/\\\/schema.org\",\"@graph\":[{\"@type\":\"WebPage\",\"@id\":\"https:\\\/\\\/yupie.app\\\/product\\\/pioneer-f-225-tuner\\\/\",\"url\":\"https:\\\/\\\/yupie.app\\\/product\\\/pioneer-f-225-tuner\\\/\",\"name\":\"Pioneer F-225 Hi-Fi Tuner \u2013 Vintage Pioneer FM\\\/AM R\u00e1di\u00f3 Tuner\",\"isPartOf\":{\"@id\":\"https:\\\/\\\/yupie.app\\\/#website\"},\"primaryImageOfPage\":{\"@id\":\"https:\\\/\\\/yupie.app\\\/product\\\/pioneer-f-225-tuner\\\/#primaryimage\"},\"image\":{\"@id\":\"https:\\\/\\\/yupie.app\\\/product\\\/pioneer-f-225-tuner\\\/#primaryimage\"},\"thumbnailUrl\":\"https:\\\/\\\/yupie.app\\\/wp-content\\\/uploads\\\/2023\\\/12\\\/DSC05790.png\",\"datePublished\":\"2023-12-20T13:33:25+00:00\",\"dateModified\":\"2026-03-10T06:38:27+00:00\",\"description\":\"A Pioneer F-225 tuner egy kiv\u00e1l\u00f3 min\u0151s\u00e9g\u0171, st\u00edlusos audioberendez\u00e9s, mely ide\u00e1lis a r\u00e1di\u00f3ad\u00e1sok tiszta \u00e9s r\u00e9szletgazdag fog\u00e1s\u00e1hoz.\",\"breadcrumb\":{\"@id\":\"https:\\\/\\\/yupie.app\\\/product\\\/pioneer-f-225-tuner\\\/#breadcrumb\"},\"inLanguage\":\"ro-RO\",\"potentialAction\":[{\"@type\":\"ReadAction\",\"target\":[\"https:\\\/\\\/yupie.app\\\/product\\\/pioneer-f-225-tuner\\\/\"]}]},{\"@type\":\"ImageObject\",\"inLanguage\":\"ro-RO\",\"@id\":\"https:\\\/\\\/yupie.app\\\/product\\\/pioneer-f-225-tuner\\\/#primaryimage\",\"url\":\"https:\\\/\\\/yupie.app\\\/wp-content\\\/uploads\\\/2023\\\/12\\\/DSC05790.png\",\"contentUrl\":\"https:\\\/\\\/yupie.app\\\/wp-content\\\/uploads\\\/2023\\\/12\\\/DSC05790.png\",\"width\":2534,\"height\":2534,\"caption\":\"Pioneer F-225 vintage Hi-Fi tuner \u2013 klasszikus Pioneer r\u00e1di\u00f3 komponens audio rendszerekhez\"},{\"@type\":\"BreadcrumbList\",\"@id\":\"https:\\\/\\\/yupie.app\\\/product\\\/pioneer-f-225-tuner\\\/#breadcrumb\",\"itemListElement\":[{\"@type\":\"ListItem\",\"position\":1,\"name\":\"Kezd\u0151lap\",\"item\":\"https:\\\/\\\/yupie.app\\\/\"},{\"@type\":\"ListItem\",\"position\":2,\"name\":\"Katal\u00f3gus\",\"item\":\"https:\\\/\\\/yupie.app\\\/katalogus\\\/\"},{\"@type\":\"ListItem\",\"position\":3,\"name\":\"Pioneer F-225 Hi-Fi tuner \u2013 klasszikus Pioneer r\u00e1di\u00f3 tuner audiophile rendszerhez\"}]},{\"@type\":\"WebSite\",\"@id\":\"https:\\\/\\\/yupie.app\\\/#website\",\"url\":\"https:\\\/\\\/yupie.app\\\/\",\"name\":\"yupie.app\",\"description\":\"\",\"publisher\":{\"@id\":\"https:\\\/\\\/yupie.app\\\/#organization\"},\"potentialAction\":[{\"@type\":\"SearchAction\",\"target\":{\"@type\":\"EntryPoint\",\"urlTemplate\":\"https:\\\/\\\/yupie.app\\\/?s={search_term_string}\"},\"query-input\":{\"@type\":\"PropertyValueSpecification\",\"valueRequired\":true,\"valueName\":\"search_term_string\"}}],\"inLanguage\":\"ro-RO\"},{\"@type\":\"Organization\",\"@id\":\"https:\\\/\\\/yupie.app\\\/#organization\",\"name\":\"yupie.app\",\"url\":\"https:\\\/\\\/yupie.app\\\/\",\"logo\":{\"@type\":\"ImageObject\",\"inLanguage\":\"ro-RO\",\"@id\":\"https:\\\/\\\/yupie.app\\\/#\\\/schema\\\/logo\\\/image\\\/\",\"url\":\"https:\\\/\\\/yupie.app\\\/wp-content\\\/uploads\\\/2025\\\/07\\\/cropped-uj-logo.png\",\"contentUrl\":\"https:\\\/\\\/yupie.app\\\/wp-content\\\/uploads\\\/2025\\\/07\\\/cropped-uj-logo.png\",\"width\":500,\"height\":208,\"caption\":\"yupie.app\"},\"image\":{\"@id\":\"https:\\\/\\\/yupie.app\\\/#\\\/schema\\\/logo\\\/image\\\/\"},\"sameAs\":[\"https:\\\/\\\/www.facebook.com\\\/profile.php?id=100089345417295\"]}]}<\/script>\n<!-- \/ Yoast SEO plugin. -->","yoast_head_json":{"title":"Pioneer F-225 Hi-Fi Tuner \u2013 Vintage Pioneer FM\/AM R\u00e1di\u00f3 Tuner","description":"A Pioneer F-225 tuner egy kiv\u00e1l\u00f3 min\u0151s\u00e9g\u0171, st\u00edlusos audioberendez\u00e9s, mely ide\u00e1lis a r\u00e1di\u00f3ad\u00e1sok tiszta \u00e9s r\u00e9szletgazdag fog\u00e1s\u00e1hoz.","robots":{"index":"index","follow":"follow","max-snippet":"max-snippet:-1","max-image-preview":"max-image-preview:large","max-video-preview":"max-video-preview:-1"},"canonical":"https:\/\/yupie.app\/ro\/product\/pioneer-f-225-tuner\/","og_locale":"ro_RO","og_type":"article","og_title":"Pioneer F-225 Hi-Fi Tuner \u2013 Vintage Pioneer FM\/AM R\u00e1di\u00f3 Tuner","og_description":"A Pioneer F-225 tuner egy kiv\u00e1l\u00f3 min\u0151s\u00e9g\u0171, st\u00edlusos audioberendez\u00e9s, mely ide\u00e1lis a r\u00e1di\u00f3ad\u00e1sok tiszta \u00e9s r\u00e9szletgazdag fog\u00e1s\u00e1hoz.","og_url":"https:\/\/yupie.app\/ro\/product\/pioneer-f-225-tuner\/","og_site_name":"yupie.app","article_publisher":"https:\/\/www.facebook.com\/profile.php?id=100089345417295","article_modified_time":"2026-03-10T06:38:27+00:00","og_image":[{"width":2534,"height":2534,"url":"https:\/\/yupie.app\/wp-content\/uploads\/2023\/12\/DSC05790.png","type":"image\/png"}],"twitter_card":"summary_large_image","twitter_misc":{"Timp estimat pentru citire":"2 minute"},"schema":{"@context":"https:\/\/schema.org","@graph":[{"@type":"WebPage","@id":"https:\/\/yupie.app\/product\/pioneer-f-225-tuner\/","url":"https:\/\/yupie.app\/product\/pioneer-f-225-tuner\/","name":"Pioneer F-225 Hi-Fi Tuner \u2013 Vintage Pioneer FM\/AM R\u00e1di\u00f3 Tuner","isPartOf":{"@id":"https:\/\/yupie.app\/#website"},"primaryImageOfPage":{"@id":"https:\/\/yupie.app\/product\/pioneer-f-225-tuner\/#primaryimage"},"image":{"@id":"https:\/\/yupie.app\/product\/pioneer-f-225-tuner\/#primaryimage"},"thumbnailUrl":"https:\/\/yupie.app\/wp-content\/uploads\/2023\/12\/DSC05790.png","datePublished":"2023-12-20T13:33:25+00:00","dateModified":"2026-03-10T06:38:27+00:00","description":"A Pioneer F-225 tuner egy kiv\u00e1l\u00f3 min\u0151s\u00e9g\u0171, st\u00edlusos audioberendez\u00e9s, mely ide\u00e1lis a r\u00e1di\u00f3ad\u00e1sok tiszta \u00e9s r\u00e9szletgazdag fog\u00e1s\u00e1hoz.","breadcrumb":{"@id":"https:\/\/yupie.app\/product\/pioneer-f-225-tuner\/#breadcrumb"},"inLanguage":"ro-RO","potentialAction":[{"@type":"ReadAction","target":["https:\/\/yupie.app\/product\/pioneer-f-225-tuner\/"]}]},{"@type":"ImageObject","inLanguage":"ro-RO","@id":"https:\/\/yupie.app\/product\/pioneer-f-225-tuner\/#primaryimage","url":"https:\/\/yupie.app\/wp-content\/uploads\/2023\/12\/DSC05790.png","contentUrl":"https:\/\/yupie.app\/wp-content\/uploads\/2023\/12\/DSC05790.png","width":2534,"height":2534,"caption":"Pioneer F-225 vintage Hi-Fi tuner \u2013 klasszikus Pioneer r\u00e1di\u00f3 komponens audio rendszerekhez"},{"@type":"BreadcrumbList","@id":"https:\/\/yupie.app\/product\/pioneer-f-225-tuner\/#breadcrumb","itemListElement":[{"@type":"ListItem","position":1,"name":"Kezd\u0151lap","item":"https:\/\/yupie.app\/"},{"@type":"ListItem","position":2,"name":"Katal\u00f3gus","item":"https:\/\/yupie.app\/katalogus\/"},{"@type":"ListItem","position":3,"name":"Pioneer F-225 Hi-Fi tuner \u2013 klasszikus Pioneer r\u00e1di\u00f3 tuner audiophile rendszerhez"}]},{"@type":"WebSite","@id":"https:\/\/yupie.app\/#website","url":"https:\/\/yupie.app\/","name":"yupie.app","description":"","publisher":{"@id":"https:\/\/yupie.app\/#organization"},"potentialAction":[{"@type":"SearchAction","target":{"@type":"EntryPoint","urlTemplate":"https:\/\/yupie.app\/?s={search_term_string}"},"query-input":{"@type":"PropertyValueSpecification","valueRequired":true,"valueName":"search_term_string"}}],"inLanguage":"ro-RO"},{"@type":"Organization","@id":"https:\/\/yupie.app\/#organization","name":"yupie.app","url":"https:\/\/yupie.app\/","logo":{"@type":"ImageObject","inLanguage":"ro-RO","@id":"https:\/\/yupie.app\/#\/schema\/logo\/image\/","url":"https:\/\/yupie.app\/wp-content\/uploads\/2025\/07\/cropped-uj-logo.png","contentUrl":"https:\/\/yupie.app\/wp-content\/uploads\/2025\/07\/cropped-uj-logo.png","width":500,"height":208,"caption":"yupie.app"},"image":{"@id":"https:\/\/yupie.app\/#\/schema\/logo\/image\/"},"sameAs":["https:\/\/www.facebook.com\/profile.php?id=100089345417295"]}]}},"jetpack_sharing_enabled":true,"_links":{"self":[{"href":"https:\/\/yupie.app\/ro\/wp-json\/wp\/v2\/product\/6657","targetHints":{"allow":["GET"]}}],"collection":[{"href":"https:\/\/yupie.app\/ro\/wp-json\/wp\/v2\/product"}],"about":[{"href":"https:\/\/yupie.app\/ro\/wp-json\/wp\/v2\/types\/product"}],"version-history":[{"count":0,"href":"https:\/\/yupie.app\/ro\/wp-json\/wp\/v2\/product\/6657\/revisions"}],"wp:featuredmedia":[{"embeddable":true,"href":"https:\/\/yupie.app\/ro\/wp-json\/wp\/v2\/media\/6664"}],"wp:attachment":[{"href":"https:\/\/yupie.app\/ro\/wp-json\/wp\/v2\/media?parent=6657"}],"wp:term":[{"taxonomy":"product_brand","embeddable":true,"href":"https:\/\/yupie.app\/ro\/wp-json\/wp\/v2\/product_brand?post=6657"},{"taxonomy":"product_cat","embeddable":true,"href":"https:\/\/yupie.app\/ro\/wp-json\/wp\/v2\/product_cat?post=6657"},{"taxonomy":"product_tag","embeddable":true,"href":"https:\/\/yupie.app\/ro\/wp-json\/wp\/v2\/product_tag?post=6657"}],"curies":[{"name":"wp","href":"https:\/\/api.w.org\/{rel}","templated":true}]}}