{"id":622,"date":"2023-02-01T15:41:09","date_gmt":"2023-02-01T13:41:09","guid":{"rendered":"https:\/\/yupie.hu\/?post_type=product&#038;p=622"},"modified":"2026-01-16T08:52:46","modified_gmt":"2026-01-16T06:52:46","slug":"barna-fules-keramia-vaza","status":"publish","type":"product","link":"https:\/\/yupie.app\/ro\/product\/barna-fules-keramia-vaza\/","title":{"rendered":"\ud83c\udffa Vintage ker\u00e1mia v\u00e1za \u2013 mediterr\u00e1n st\u00edlus, 26 cm"},"content":{"rendered":"<p data-start=\"205\" data-end=\"444\">Eleg\u00e1ns, id\u0151t\u00e1ll\u00f3 <strong data-start=\"223\" data-end=\"247\">vintage ker\u00e1mia v\u00e1za<\/strong>, klasszikus mediterr\u00e1n hangulattal.<br data-start=\"283\" data-end=\"286\" \/>K\u00e9tf\u00fcl\u0171, amfora jelleg\u0171 forma, finoman grav\u00edrozott d\u00edsz\u00edt\u00e9ssel, meleg barna \u00e1rnyalatban \u2013 t\u00f6k\u00e9letes v\u00e1laszt\u00e1s nappaliba, el\u0151szob\u00e1ba vagy polcra dekor\u00e1ci\u00f3k\u00e9nt.<\/p>\n<p data-start=\"446\" data-end=\"572\">Sz\u00e1r\u00edtott vir\u00e1gokkal, \u00f6nmag\u00e1ban vagy rusztikus enteri\u0151rben k\u00fcl\u00f6n\u00f6sen j\u00f3l mutat.<br data-start=\"525\" data-end=\"528\" \/>Megk\u00edm\u00e9lt \u00e1llapot\u00fa, reped\u00e9s- \u00e9s t\u00f6r\u00e9smentes.<\/p>\n<p data-start=\"574\" data-end=\"588\"><strong data-start=\"574\" data-end=\"588\">Jellemz\u0151k:<\/strong><\/p>\n<ul data-start=\"589\" data-end=\"702\">\n<li data-start=\"589\" data-end=\"608\">\n<p data-start=\"591\" data-end=\"608\">Magass\u00e1g: 26 cm<\/p>\n<\/li>\n<li data-start=\"609\" data-end=\"627\">\n<p data-start=\"611\" data-end=\"627\">Anyag: ker\u00e1mia<\/p>\n<\/li>\n<li data-start=\"628\" data-end=\"656\">\n<p data-start=\"630\" data-end=\"656\">Sz\u00edn: barna \/ terrakotta<\/p>\n<\/li>\n<li data-start=\"657\" data-end=\"688\">\n<p data-start=\"659\" data-end=\"688\">St\u00edlus: vintage, mediterr\u00e1n<\/p>\n<\/li>\n<li data-start=\"689\" data-end=\"702\">\n<p data-start=\"691\" data-end=\"702\">\u00c1llapot: j\u00f3<\/p>\n<\/li>\n<\/ul>\n<p data-start=\"704\" data-end=\"750\">\ud83d\udccd Szem\u00e9lyes \u00e1tv\u00e9tel vagy post\u00e1z\u00e1s megoldhat\u00f3.<\/p>\n<p>&nbsp;<\/p>","protected":false},"excerpt":{"rendered":"<p>A barna f\u00fcles ker\u00e1mia v\u00e1za egy k\u00fcl\u00f6nleges darab \u00e9s t\u00f6k\u00e9letes aj\u00e1nd\u00e9k lehet bar\u00e1toknak, csal\u00e1dtagoknak vagy munkat\u00e1rsaknak. Ha \u00fagy \u00e9rzi, hogy hi\u00e1nyzik valami a lak\u00e1s\u00e1b\u00f3l, akkor ez a barna f\u00fcles ker\u00e1mia v\u00e1za t\u00f6k\u00e9letes v\u00e1laszt\u00e1s lehet.<\/p>\n<p>M\u00e9retei:\u00a0 26 cm<\/p>","protected":false},"featured_media":623,"template":"","meta":[],"product_brand":[],"product_cat":[41,53],"product_tag":[85,59,142,57,74,55],"class_list":{"0":"post-622","1":"product","2":"type-product","3":"status-publish","4":"has-post-thumbnail","6":"product_cat-dekoracio","7":"product_cat-vazak","8":"product_tag-barna","9":"product_tag-dekoracio","10":"product_tag-fules","11":"product_tag-keramia","12":"product_tag-stilusos","13":"product_tag-vaza","14":"description-off","16":"first","17":"instock","18":"shipping-taxable","19":"purchasable","20":"product-type-simple"},"yoast_head":"<!-- This site is optimized with the Yoast SEO plugin v27.3 - https:\/\/yoast.com\/product\/yoast-seo-wordpress\/ -->\n<title>\ud83c\udffa Vintage ker\u00e1mia v\u00e1za \u2013 mediterr\u00e1n st\u00edlus, 26 cm - yupie.app<\/title>\n<meta name=\"description\" content=\"A barna f\u00fcles ker\u00e1mia v\u00e1za t\u00f6k\u00e9letes d\u00edsz\u00edt\u0151elem a lak\u00e1sban, amely seg\u00edt megteremteni a meghitt hangulatot a nappaliba, az \u00e9tkez\u0151be vagy a h\u00e1l\u00f3szob\u00e1ba.\" \/>\n<meta name=\"robots\" content=\"index, follow, max-snippet:-1, max-image-preview:large, max-video-preview:-1\" \/>\n<link rel=\"canonical\" href=\"https:\/\/yupie.app\/ro\/product\/barna-fules-keramia-vaza\/\" \/>\n<meta property=\"og:locale\" content=\"ro_RO\" \/>\n<meta property=\"og:type\" content=\"article\" \/>\n<meta property=\"og:title\" content=\"\ud83c\udffa Vintage ker\u00e1mia v\u00e1za \u2013 mediterr\u00e1n st\u00edlus, 26 cm - yupie.app\" \/>\n<meta property=\"og:description\" content=\"A barna f\u00fcles ker\u00e1mia v\u00e1za t\u00f6k\u00e9letes d\u00edsz\u00edt\u0151elem a lak\u00e1sban, amely seg\u00edt megteremteni a meghitt hangulatot a nappaliba, az \u00e9tkez\u0151be vagy a h\u00e1l\u00f3szob\u00e1ba.\" \/>\n<meta property=\"og:url\" content=\"https:\/\/yupie.app\/ro\/product\/barna-fules-keramia-vaza\/\" \/>\n<meta property=\"og:site_name\" content=\"yupie.app\" \/>\n<meta property=\"article:publisher\" content=\"https:\/\/www.facebook.com\/profile.php?id=100089345417295\" \/>\n<meta property=\"article:modified_time\" content=\"2026-01-16T06:52:46+00:00\" \/>\n<meta property=\"og:image\" content=\"https:\/\/yupie.app\/wp-content\/uploads\/2023\/02\/301974218_1701330486911869_4032047624427046273_n.jpg\" \/>\n\t<meta property=\"og:image:width\" content=\"1536\" \/>\n\t<meta property=\"og:image:height\" content=\"2048\" \/>\n\t<meta property=\"og:image:type\" content=\"image\/jpeg\" \/>\n<meta name=\"twitter:card\" content=\"summary_large_image\" \/>\n<meta name=\"twitter:label1\" content=\"Timp estimat pentru citire\" \/>\n\t<meta name=\"twitter:data1\" content=\"1 minut\" \/>\n<script type=\"application\/ld+json\" class=\"yoast-schema-graph\">{\"@context\":\"https:\\\/\\\/schema.org\",\"@graph\":[{\"@type\":\"WebPage\",\"@id\":\"https:\\\/\\\/yupie.app\\\/product\\\/barna-fules-keramia-vaza\\\/\",\"url\":\"https:\\\/\\\/yupie.app\\\/product\\\/barna-fules-keramia-vaza\\\/\",\"name\":\"\ud83c\udffa Vintage ker\u00e1mia v\u00e1za \u2013 mediterr\u00e1n st\u00edlus, 26 cm - yupie.app\",\"isPartOf\":{\"@id\":\"https:\\\/\\\/yupie.app\\\/#website\"},\"primaryImageOfPage\":{\"@id\":\"https:\\\/\\\/yupie.app\\\/product\\\/barna-fules-keramia-vaza\\\/#primaryimage\"},\"image\":{\"@id\":\"https:\\\/\\\/yupie.app\\\/product\\\/barna-fules-keramia-vaza\\\/#primaryimage\"},\"thumbnailUrl\":\"https:\\\/\\\/yupie.app\\\/wp-content\\\/uploads\\\/2023\\\/02\\\/301974218_1701330486911869_4032047624427046273_n.jpg\",\"datePublished\":\"2023-02-01T13:41:09+00:00\",\"dateModified\":\"2026-01-16T06:52:46+00:00\",\"description\":\"A barna f\u00fcles ker\u00e1mia v\u00e1za t\u00f6k\u00e9letes d\u00edsz\u00edt\u0151elem a lak\u00e1sban, amely seg\u00edt megteremteni a meghitt hangulatot a nappaliba, az \u00e9tkez\u0151be vagy a h\u00e1l\u00f3szob\u00e1ba.\",\"breadcrumb\":{\"@id\":\"https:\\\/\\\/yupie.app\\\/product\\\/barna-fules-keramia-vaza\\\/#breadcrumb\"},\"inLanguage\":\"ro-RO\",\"potentialAction\":[{\"@type\":\"ReadAction\",\"target\":[\"https:\\\/\\\/yupie.app\\\/product\\\/barna-fules-keramia-vaza\\\/\"]}]},{\"@type\":\"ImageObject\",\"inLanguage\":\"ro-RO\",\"@id\":\"https:\\\/\\\/yupie.app\\\/product\\\/barna-fules-keramia-vaza\\\/#primaryimage\",\"url\":\"https:\\\/\\\/yupie.app\\\/wp-content\\\/uploads\\\/2023\\\/02\\\/301974218_1701330486911869_4032047624427046273_n.jpg\",\"contentUrl\":\"https:\\\/\\\/yupie.app\\\/wp-content\\\/uploads\\\/2023\\\/02\\\/301974218_1701330486911869_4032047624427046273_n.jpg\",\"width\":1536,\"height\":2048,\"caption\":\"barna, f\u00fcles ker\u00e1mia v\u00e1za, dekor\u00e1ci\u00f3, yupie\"},{\"@type\":\"BreadcrumbList\",\"@id\":\"https:\\\/\\\/yupie.app\\\/product\\\/barna-fules-keramia-vaza\\\/#breadcrumb\",\"itemListElement\":[{\"@type\":\"ListItem\",\"position\":1,\"name\":\"Kezd\u0151lap\",\"item\":\"https:\\\/\\\/yupie.app\\\/\"},{\"@type\":\"ListItem\",\"position\":2,\"name\":\"Katal\u00f3gus\",\"item\":\"https:\\\/\\\/yupie.app\\\/katalogus\\\/\"},{\"@type\":\"ListItem\",\"position\":3,\"name\":\"\ud83c\udffa Vintage ker\u00e1mia v\u00e1za \u2013 mediterr\u00e1n st\u00edlus, 26 cm\"}]},{\"@type\":\"WebSite\",\"@id\":\"https:\\\/\\\/yupie.app\\\/#website\",\"url\":\"https:\\\/\\\/yupie.app\\\/\",\"name\":\"yupie.app\",\"description\":\"\",\"publisher\":{\"@id\":\"https:\\\/\\\/yupie.app\\\/#organization\"},\"potentialAction\":[{\"@type\":\"SearchAction\",\"target\":{\"@type\":\"EntryPoint\",\"urlTemplate\":\"https:\\\/\\\/yupie.app\\\/?s={search_term_string}\"},\"query-input\":{\"@type\":\"PropertyValueSpecification\",\"valueRequired\":true,\"valueName\":\"search_term_string\"}}],\"inLanguage\":\"ro-RO\"},{\"@type\":\"Organization\",\"@id\":\"https:\\\/\\\/yupie.app\\\/#organization\",\"name\":\"yupie.app\",\"url\":\"https:\\\/\\\/yupie.app\\\/\",\"logo\":{\"@type\":\"ImageObject\",\"inLanguage\":\"ro-RO\",\"@id\":\"https:\\\/\\\/yupie.app\\\/#\\\/schema\\\/logo\\\/image\\\/\",\"url\":\"https:\\\/\\\/yupie.app\\\/wp-content\\\/uploads\\\/2025\\\/07\\\/cropped-uj-logo.png\",\"contentUrl\":\"https:\\\/\\\/yupie.app\\\/wp-content\\\/uploads\\\/2025\\\/07\\\/cropped-uj-logo.png\",\"width\":500,\"height\":208,\"caption\":\"yupie.app\"},\"image\":{\"@id\":\"https:\\\/\\\/yupie.app\\\/#\\\/schema\\\/logo\\\/image\\\/\"},\"sameAs\":[\"https:\\\/\\\/www.facebook.com\\\/profile.php?id=100089345417295\"]}]}<\/script>\n<!-- \/ Yoast SEO plugin. -->","yoast_head_json":{"title":"\ud83c\udffa Vintage ker\u00e1mia v\u00e1za \u2013 mediterr\u00e1n st\u00edlus, 26 cm - yupie.app","description":"A barna f\u00fcles ker\u00e1mia v\u00e1za t\u00f6k\u00e9letes d\u00edsz\u00edt\u0151elem a lak\u00e1sban, amely seg\u00edt megteremteni a meghitt hangulatot a nappaliba, az \u00e9tkez\u0151be vagy a h\u00e1l\u00f3szob\u00e1ba.","robots":{"index":"index","follow":"follow","max-snippet":"max-snippet:-1","max-image-preview":"max-image-preview:large","max-video-preview":"max-video-preview:-1"},"canonical":"https:\/\/yupie.app\/ro\/product\/barna-fules-keramia-vaza\/","og_locale":"ro_RO","og_type":"article","og_title":"\ud83c\udffa Vintage ker\u00e1mia v\u00e1za \u2013 mediterr\u00e1n st\u00edlus, 26 cm - yupie.app","og_description":"A barna f\u00fcles ker\u00e1mia v\u00e1za t\u00f6k\u00e9letes d\u00edsz\u00edt\u0151elem a lak\u00e1sban, amely seg\u00edt megteremteni a meghitt hangulatot a nappaliba, az \u00e9tkez\u0151be vagy a h\u00e1l\u00f3szob\u00e1ba.","og_url":"https:\/\/yupie.app\/ro\/product\/barna-fules-keramia-vaza\/","og_site_name":"yupie.app","article_publisher":"https:\/\/www.facebook.com\/profile.php?id=100089345417295","article_modified_time":"2026-01-16T06:52:46+00:00","og_image":[{"width":1536,"height":2048,"url":"https:\/\/yupie.app\/wp-content\/uploads\/2023\/02\/301974218_1701330486911869_4032047624427046273_n.jpg","type":"image\/jpeg"}],"twitter_card":"summary_large_image","twitter_misc":{"Timp estimat pentru citire":"1 minut"},"schema":{"@context":"https:\/\/schema.org","@graph":[{"@type":"WebPage","@id":"https:\/\/yupie.app\/product\/barna-fules-keramia-vaza\/","url":"https:\/\/yupie.app\/product\/barna-fules-keramia-vaza\/","name":"\ud83c\udffa Vintage ker\u00e1mia v\u00e1za \u2013 mediterr\u00e1n st\u00edlus, 26 cm - yupie.app","isPartOf":{"@id":"https:\/\/yupie.app\/#website"},"primaryImageOfPage":{"@id":"https:\/\/yupie.app\/product\/barna-fules-keramia-vaza\/#primaryimage"},"image":{"@id":"https:\/\/yupie.app\/product\/barna-fules-keramia-vaza\/#primaryimage"},"thumbnailUrl":"https:\/\/yupie.app\/wp-content\/uploads\/2023\/02\/301974218_1701330486911869_4032047624427046273_n.jpg","datePublished":"2023-02-01T13:41:09+00:00","dateModified":"2026-01-16T06:52:46+00:00","description":"A barna f\u00fcles ker\u00e1mia v\u00e1za t\u00f6k\u00e9letes d\u00edsz\u00edt\u0151elem a lak\u00e1sban, amely seg\u00edt megteremteni a meghitt hangulatot a nappaliba, az \u00e9tkez\u0151be vagy a h\u00e1l\u00f3szob\u00e1ba.","breadcrumb":{"@id":"https:\/\/yupie.app\/product\/barna-fules-keramia-vaza\/#breadcrumb"},"inLanguage":"ro-RO","potentialAction":[{"@type":"ReadAction","target":["https:\/\/yupie.app\/product\/barna-fules-keramia-vaza\/"]}]},{"@type":"ImageObject","inLanguage":"ro-RO","@id":"https:\/\/yupie.app\/product\/barna-fules-keramia-vaza\/#primaryimage","url":"https:\/\/yupie.app\/wp-content\/uploads\/2023\/02\/301974218_1701330486911869_4032047624427046273_n.jpg","contentUrl":"https:\/\/yupie.app\/wp-content\/uploads\/2023\/02\/301974218_1701330486911869_4032047624427046273_n.jpg","width":1536,"height":2048,"caption":"barna, f\u00fcles ker\u00e1mia v\u00e1za, dekor\u00e1ci\u00f3, yupie"},{"@type":"BreadcrumbList","@id":"https:\/\/yupie.app\/product\/barna-fules-keramia-vaza\/#breadcrumb","itemListElement":[{"@type":"ListItem","position":1,"name":"Kezd\u0151lap","item":"https:\/\/yupie.app\/"},{"@type":"ListItem","position":2,"name":"Katal\u00f3gus","item":"https:\/\/yupie.app\/katalogus\/"},{"@type":"ListItem","position":3,"name":"\ud83c\udffa Vintage ker\u00e1mia v\u00e1za \u2013 mediterr\u00e1n st\u00edlus, 26 cm"}]},{"@type":"WebSite","@id":"https:\/\/yupie.app\/#website","url":"https:\/\/yupie.app\/","name":"yupie.app","description":"","publisher":{"@id":"https:\/\/yupie.app\/#organization"},"potentialAction":[{"@type":"SearchAction","target":{"@type":"EntryPoint","urlTemplate":"https:\/\/yupie.app\/?s={search_term_string}"},"query-input":{"@type":"PropertyValueSpecification","valueRequired":true,"valueName":"search_term_string"}}],"inLanguage":"ro-RO"},{"@type":"Organization","@id":"https:\/\/yupie.app\/#organization","name":"yupie.app","url":"https:\/\/yupie.app\/","logo":{"@type":"ImageObject","inLanguage":"ro-RO","@id":"https:\/\/yupie.app\/#\/schema\/logo\/image\/","url":"https:\/\/yupie.app\/wp-content\/uploads\/2025\/07\/cropped-uj-logo.png","contentUrl":"https:\/\/yupie.app\/wp-content\/uploads\/2025\/07\/cropped-uj-logo.png","width":500,"height":208,"caption":"yupie.app"},"image":{"@id":"https:\/\/yupie.app\/#\/schema\/logo\/image\/"},"sameAs":["https:\/\/www.facebook.com\/profile.php?id=100089345417295"]}]}},"jetpack_sharing_enabled":true,"_links":{"self":[{"href":"https:\/\/yupie.app\/ro\/wp-json\/wp\/v2\/product\/622","targetHints":{"allow":["GET"]}}],"collection":[{"href":"https:\/\/yupie.app\/ro\/wp-json\/wp\/v2\/product"}],"about":[{"href":"https:\/\/yupie.app\/ro\/wp-json\/wp\/v2\/types\/product"}],"version-history":[{"count":0,"href":"https:\/\/yupie.app\/ro\/wp-json\/wp\/v2\/product\/622\/revisions"}],"wp:featuredmedia":[{"embeddable":true,"href":"https:\/\/yupie.app\/ro\/wp-json\/wp\/v2\/media\/623"}],"wp:attachment":[{"href":"https:\/\/yupie.app\/ro\/wp-json\/wp\/v2\/media?parent=622"}],"wp:term":[{"taxonomy":"product_brand","embeddable":true,"href":"https:\/\/yupie.app\/ro\/wp-json\/wp\/v2\/product_brand?post=622"},{"taxonomy":"product_cat","embeddable":true,"href":"https:\/\/yupie.app\/ro\/wp-json\/wp\/v2\/product_cat?post=622"},{"taxonomy":"product_tag","embeddable":true,"href":"https:\/\/yupie.app\/ro\/wp-json\/wp\/v2\/product_tag?post=622"}],"curies":[{"name":"wp","href":"https:\/\/api.w.org\/{rel}","templated":true}]}}