{"id":599,"date":"2023-02-01T14:33:51","date_gmt":"2023-02-01T12:33:51","guid":{"rendered":"https:\/\/yupie.hu\/?post_type=product&#038;p=599"},"modified":"2026-01-16T09:45:22","modified_gmt":"2026-01-16T07:45:22","slug":"feher-bavaria-porcelan-vaza","status":"publish","type":"product","link":"https:\/\/yupie.app\/ro\/product\/feher-bavaria-porcelan-vaza\/","title":{"rendered":"\ud83c\udffa Letisztult feh\u00e9r porcel\u00e1n v\u00e1za \u2013 modern, id\u0151t\u00e1ll\u00f3 design (24,5 cm)"},"content":{"rendered":"<div class=\"w-full border-b border-black\/10 dark:border-gray-900\/50 text-gray-800 dark:text-gray-100 group bg-gray-50 dark:bg-[#444654]\">\n<div class=\"text-base gap-4 md:gap-6 m-auto md:max-w-2xl lg:max-w-2xl xl:max-w-3xl p-4 md:py-6 flex lg:px-0\">\n<div class=\"relative flex w-[calc(100%-50px)] flex-col gap-1 md:gap-3 lg:w-[calc(100%-115px)]\">\n<div class=\"flex flex-grow flex-col gap-3\">\n<div class=\"min-h-[20px] flex flex-col items-start gap-4 whitespace-pre-wrap\">\n<div class=\"markdown prose w-full break-words dark:prose-invert light\">\n<p>A feh\u00e9r Bavaria porcel\u00e1n v\u00e1za egy igazi klasszikus, amely az \u00e9vsz\u00e1zadok alatt meg\u0151rizte egyszer\u0171 \u00e9s letisztult form\u00e1j\u00e1t. A porcel\u00e1n anyag\u00e1nak k\u00f6sz\u00f6nhet\u0151en finom \u00e9s \u00e9rz\u00e9keny, ugyanakkor er\u0151s \u00e9s tart\u00f3s, \u00edgy hossz\u00fa \u00e9veken kereszt\u00fcl \u00e9lvezhetj\u00fck a haszn\u00e1lat\u00e1t. A feh\u00e9r sz\u00edn pedig k\u00f6nnyen illeszthet\u0151 b\u00e1rmilyen enteri\u0151rbe, legyen az klasszikus, vagy modern st\u00edlus\u00fa.<\/p>\n<p>A v\u00e1za alakja egyszer\u0171, de m\u00e9gis eleg\u00e1ns, amely a krist\u00e1lytisztas\u00e1g\u00fa porcel\u00e1nt is j\u00f3l kiemeli.<\/p>\n<p>A feh\u00e9r Bavaria porcel\u00e1n v\u00e1za t\u00f6k\u00e9letes aj\u00e1nd\u00e9k lehet szeretteinknek, vagy \u00e9ppen saj\u00e1t magunknak. Az \u00fcnnepi alkalmakkor, vagy a h\u00e9tk\u00f6znapokban is sz\u00e9p dekor\u00e1ci\u00f3 lehet a lak\u00e1sban, vagy az irod\u00e1ban. A v\u00e1za t\u00f6k\u00e9letesen illik az asztalra, vagy a polcra, \u00e9s k\u00f6nnyen kombin\u00e1lhat\u00f3 m\u00e1s porcel\u00e1n t\u00e1rgyakkal.<\/p>\n<p>\u00d6sszess\u00e9g\u00e9ben a Bavaria porcel\u00e1n v\u00e1z\u00e1k nagyszer\u0171 v\u00e1laszt\u00e1s, ha min\u0151s\u00e9gi, \u00e9s tart\u00f3s porcel\u00e1n t\u00e1rgyat szeretn\u00e9nk beszerezni. A v\u00e1za egyszer\u0171, de m\u00e9gis eleg\u00e1ns, amely hossz\u00fa \u00e9veken kereszt\u00fcl \u00e9lvezhet\u0151.<\/p>\n<\/div>\n<\/div>\n<\/div>\n<div class=\"flex justify-between\">\n<div class=\"text-gray-400 flex self-end lg:self-center justify-center mt-2 gap-3 md:gap-4 lg:gap-1 lg:absolute lg:top-0 lg:translate-x-full lg:right-0 lg:mt-0 lg:pl-2 visible\"><\/div>\n<\/div>\n<\/div>\n<\/div>\n<\/div>","protected":false},"excerpt":{"rendered":"<p>A feh\u00e9r Bavaria porcel\u00e1n v\u00e1za egy igazi klasszikus, amely az \u00e9vsz\u00e1zadok alatt meg\u0151rizte egyszer\u0171 \u00e9s letisztult form\u00e1j\u00e1t. A porcel\u00e1n anyag\u00e1nak k\u00f6sz\u00f6nhet\u0151en finom \u00e9s \u00e9rz\u00e9keny, ugyanakkor er\u0151s \u00e9s tart\u00f3s, \u00edgy hossz\u00fa \u00e9veken kereszt\u00fcl \u00e9lvezhetj\u00fck a haszn\u00e1lat\u00e1t.<\/p>\n<p>M\u00e9retei: 24,5 cm<\/p>","protected":false},"featured_media":601,"template":"","meta":[],"product_brand":[],"product_cat":[41,53],"product_tag":[59,73,87,58,55],"class_list":{"0":"post-599","1":"product","2":"type-product","3":"status-publish","4":"has-post-thumbnail","6":"product_cat-dekoracio","7":"product_cat-vazak","8":"product_tag-dekoracio","9":"product_tag-elegans","10":"product_tag-feher","11":"product_tag-porcelan","12":"product_tag-vaza","13":"description-off","15":"first","16":"instock","17":"shipping-taxable","18":"purchasable","19":"product-type-simple"},"yoast_head":"<!-- This site is optimized with the Yoast SEO plugin v27.3 - https:\/\/yoast.com\/product\/yoast-seo-wordpress\/ -->\n<title>\ud83c\udffa Letisztult feh\u00e9r porcel\u00e1n v\u00e1za \u2013 modern, id\u0151t\u00e1ll\u00f3 design (24,5 cm) - yupie.app<\/title>\n<meta name=\"description\" content=\"A feh\u00e9r Bavaria porcel\u00e1n v\u00e1za egy nagyszer\u0171 v\u00e1laszt\u00e1s, ha min\u0151s\u00e9gi, \u00e9s tart\u00f3s, de m\u00e9gis porcel\u00e1n t\u00e1rgyat szeretn\u00e9nk beszerezni.\" \/>\n<meta name=\"robots\" content=\"index, follow, max-snippet:-1, max-image-preview:large, max-video-preview:-1\" \/>\n<link rel=\"canonical\" href=\"https:\/\/yupie.app\/ro\/product\/feher-bavaria-porcelan-vaza\/\" \/>\n<meta property=\"og:locale\" content=\"ro_RO\" \/>\n<meta property=\"og:type\" content=\"article\" \/>\n<meta property=\"og:title\" content=\"\ud83c\udffa Letisztult feh\u00e9r porcel\u00e1n v\u00e1za \u2013 modern, id\u0151t\u00e1ll\u00f3 design (24,5 cm) - yupie.app\" \/>\n<meta property=\"og:description\" content=\"A feh\u00e9r Bavaria porcel\u00e1n v\u00e1za egy nagyszer\u0171 v\u00e1laszt\u00e1s, ha min\u0151s\u00e9gi, \u00e9s tart\u00f3s, de m\u00e9gis porcel\u00e1n t\u00e1rgyat szeretn\u00e9nk beszerezni.\" \/>\n<meta property=\"og:url\" content=\"https:\/\/yupie.app\/ro\/product\/feher-bavaria-porcelan-vaza\/\" \/>\n<meta property=\"og:site_name\" content=\"yupie.app\" \/>\n<meta property=\"article:publisher\" content=\"https:\/\/www.facebook.com\/profile.php?id=100089345417295\" \/>\n<meta property=\"article:modified_time\" content=\"2026-01-16T07:45:22+00:00\" \/>\n<meta property=\"og:image\" content=\"https:\/\/yupie.app\/wp-content\/uploads\/2023\/02\/302007806_783117359557369_3083421855541505059_n.jpg\" \/>\n\t<meta property=\"og:image:width\" content=\"1536\" \/>\n\t<meta property=\"og:image:height\" content=\"2048\" \/>\n\t<meta property=\"og:image:type\" content=\"image\/jpeg\" \/>\n<meta name=\"twitter:card\" content=\"summary_large_image\" \/>\n<meta name=\"twitter:label1\" content=\"Timp estimat pentru citire\" \/>\n\t<meta name=\"twitter:data1\" content=\"1 minut\" \/>\n<script type=\"application\/ld+json\" class=\"yoast-schema-graph\">{\"@context\":\"https:\\\/\\\/schema.org\",\"@graph\":[{\"@type\":\"WebPage\",\"@id\":\"https:\\\/\\\/yupie.app\\\/product\\\/feher-bavaria-porcelan-vaza\\\/\",\"url\":\"https:\\\/\\\/yupie.app\\\/product\\\/feher-bavaria-porcelan-vaza\\\/\",\"name\":\"\ud83c\udffa Letisztult feh\u00e9r porcel\u00e1n v\u00e1za \u2013 modern, id\u0151t\u00e1ll\u00f3 design (24,5 cm) - yupie.app\",\"isPartOf\":{\"@id\":\"https:\\\/\\\/yupie.app\\\/#website\"},\"primaryImageOfPage\":{\"@id\":\"https:\\\/\\\/yupie.app\\\/product\\\/feher-bavaria-porcelan-vaza\\\/#primaryimage\"},\"image\":{\"@id\":\"https:\\\/\\\/yupie.app\\\/product\\\/feher-bavaria-porcelan-vaza\\\/#primaryimage\"},\"thumbnailUrl\":\"https:\\\/\\\/yupie.app\\\/wp-content\\\/uploads\\\/2023\\\/02\\\/302007806_783117359557369_3083421855541505059_n.jpg\",\"datePublished\":\"2023-02-01T12:33:51+00:00\",\"dateModified\":\"2026-01-16T07:45:22+00:00\",\"description\":\"A feh\u00e9r Bavaria porcel\u00e1n v\u00e1za egy nagyszer\u0171 v\u00e1laszt\u00e1s, ha min\u0151s\u00e9gi, \u00e9s tart\u00f3s, de m\u00e9gis porcel\u00e1n t\u00e1rgyat szeretn\u00e9nk beszerezni.\",\"breadcrumb\":{\"@id\":\"https:\\\/\\\/yupie.app\\\/product\\\/feher-bavaria-porcelan-vaza\\\/#breadcrumb\"},\"inLanguage\":\"ro-RO\",\"potentialAction\":[{\"@type\":\"ReadAction\",\"target\":[\"https:\\\/\\\/yupie.app\\\/product\\\/feher-bavaria-porcelan-vaza\\\/\"]}]},{\"@type\":\"ImageObject\",\"inLanguage\":\"ro-RO\",\"@id\":\"https:\\\/\\\/yupie.app\\\/product\\\/feher-bavaria-porcelan-vaza\\\/#primaryimage\",\"url\":\"https:\\\/\\\/yupie.app\\\/wp-content\\\/uploads\\\/2023\\\/02\\\/302007806_783117359557369_3083421855541505059_n.jpg\",\"contentUrl\":\"https:\\\/\\\/yupie.app\\\/wp-content\\\/uploads\\\/2023\\\/02\\\/302007806_783117359557369_3083421855541505059_n.jpg\",\"width\":1536,\"height\":2048,\"caption\":\"Feh\u00e9r Bavaria porcel\u00e1n v\u00e1za, dekor\u00e1ci\u00f3, yupie\"},{\"@type\":\"BreadcrumbList\",\"@id\":\"https:\\\/\\\/yupie.app\\\/product\\\/feher-bavaria-porcelan-vaza\\\/#breadcrumb\",\"itemListElement\":[{\"@type\":\"ListItem\",\"position\":1,\"name\":\"Kezd\u0151lap\",\"item\":\"https:\\\/\\\/yupie.app\\\/\"},{\"@type\":\"ListItem\",\"position\":2,\"name\":\"Katal\u00f3gus\",\"item\":\"https:\\\/\\\/yupie.app\\\/katalogus\\\/\"},{\"@type\":\"ListItem\",\"position\":3,\"name\":\"\ud83c\udffa Letisztult feh\u00e9r porcel\u00e1n v\u00e1za \u2013 modern, id\u0151t\u00e1ll\u00f3 design (24,5 cm)\"}]},{\"@type\":\"WebSite\",\"@id\":\"https:\\\/\\\/yupie.app\\\/#website\",\"url\":\"https:\\\/\\\/yupie.app\\\/\",\"name\":\"yupie.app\",\"description\":\"\",\"publisher\":{\"@id\":\"https:\\\/\\\/yupie.app\\\/#organization\"},\"potentialAction\":[{\"@type\":\"SearchAction\",\"target\":{\"@type\":\"EntryPoint\",\"urlTemplate\":\"https:\\\/\\\/yupie.app\\\/?s={search_term_string}\"},\"query-input\":{\"@type\":\"PropertyValueSpecification\",\"valueRequired\":true,\"valueName\":\"search_term_string\"}}],\"inLanguage\":\"ro-RO\"},{\"@type\":\"Organization\",\"@id\":\"https:\\\/\\\/yupie.app\\\/#organization\",\"name\":\"yupie.app\",\"url\":\"https:\\\/\\\/yupie.app\\\/\",\"logo\":{\"@type\":\"ImageObject\",\"inLanguage\":\"ro-RO\",\"@id\":\"https:\\\/\\\/yupie.app\\\/#\\\/schema\\\/logo\\\/image\\\/\",\"url\":\"https:\\\/\\\/yupie.app\\\/wp-content\\\/uploads\\\/2025\\\/07\\\/cropped-uj-logo.png\",\"contentUrl\":\"https:\\\/\\\/yupie.app\\\/wp-content\\\/uploads\\\/2025\\\/07\\\/cropped-uj-logo.png\",\"width\":500,\"height\":208,\"caption\":\"yupie.app\"},\"image\":{\"@id\":\"https:\\\/\\\/yupie.app\\\/#\\\/schema\\\/logo\\\/image\\\/\"},\"sameAs\":[\"https:\\\/\\\/www.facebook.com\\\/profile.php?id=100089345417295\"]}]}<\/script>\n<!-- \/ Yoast SEO plugin. -->","yoast_head_json":{"title":"\ud83c\udffa Letisztult feh\u00e9r porcel\u00e1n v\u00e1za \u2013 modern, id\u0151t\u00e1ll\u00f3 design (24,5 cm) - yupie.app","description":"A feh\u00e9r Bavaria porcel\u00e1n v\u00e1za egy nagyszer\u0171 v\u00e1laszt\u00e1s, ha min\u0151s\u00e9gi, \u00e9s tart\u00f3s, de m\u00e9gis porcel\u00e1n t\u00e1rgyat szeretn\u00e9nk beszerezni.","robots":{"index":"index","follow":"follow","max-snippet":"max-snippet:-1","max-image-preview":"max-image-preview:large","max-video-preview":"max-video-preview:-1"},"canonical":"https:\/\/yupie.app\/ro\/product\/feher-bavaria-porcelan-vaza\/","og_locale":"ro_RO","og_type":"article","og_title":"\ud83c\udffa Letisztult feh\u00e9r porcel\u00e1n v\u00e1za \u2013 modern, id\u0151t\u00e1ll\u00f3 design (24,5 cm) - yupie.app","og_description":"A feh\u00e9r Bavaria porcel\u00e1n v\u00e1za egy nagyszer\u0171 v\u00e1laszt\u00e1s, ha min\u0151s\u00e9gi, \u00e9s tart\u00f3s, de m\u00e9gis porcel\u00e1n t\u00e1rgyat szeretn\u00e9nk beszerezni.","og_url":"https:\/\/yupie.app\/ro\/product\/feher-bavaria-porcelan-vaza\/","og_site_name":"yupie.app","article_publisher":"https:\/\/www.facebook.com\/profile.php?id=100089345417295","article_modified_time":"2026-01-16T07:45:22+00:00","og_image":[{"width":1536,"height":2048,"url":"https:\/\/yupie.app\/wp-content\/uploads\/2023\/02\/302007806_783117359557369_3083421855541505059_n.jpg","type":"image\/jpeg"}],"twitter_card":"summary_large_image","twitter_misc":{"Timp estimat pentru citire":"1 minut"},"schema":{"@context":"https:\/\/schema.org","@graph":[{"@type":"WebPage","@id":"https:\/\/yupie.app\/product\/feher-bavaria-porcelan-vaza\/","url":"https:\/\/yupie.app\/product\/feher-bavaria-porcelan-vaza\/","name":"\ud83c\udffa Letisztult feh\u00e9r porcel\u00e1n v\u00e1za \u2013 modern, id\u0151t\u00e1ll\u00f3 design (24,5 cm) - yupie.app","isPartOf":{"@id":"https:\/\/yupie.app\/#website"},"primaryImageOfPage":{"@id":"https:\/\/yupie.app\/product\/feher-bavaria-porcelan-vaza\/#primaryimage"},"image":{"@id":"https:\/\/yupie.app\/product\/feher-bavaria-porcelan-vaza\/#primaryimage"},"thumbnailUrl":"https:\/\/yupie.app\/wp-content\/uploads\/2023\/02\/302007806_783117359557369_3083421855541505059_n.jpg","datePublished":"2023-02-01T12:33:51+00:00","dateModified":"2026-01-16T07:45:22+00:00","description":"A feh\u00e9r Bavaria porcel\u00e1n v\u00e1za egy nagyszer\u0171 v\u00e1laszt\u00e1s, ha min\u0151s\u00e9gi, \u00e9s tart\u00f3s, de m\u00e9gis porcel\u00e1n t\u00e1rgyat szeretn\u00e9nk beszerezni.","breadcrumb":{"@id":"https:\/\/yupie.app\/product\/feher-bavaria-porcelan-vaza\/#breadcrumb"},"inLanguage":"ro-RO","potentialAction":[{"@type":"ReadAction","target":["https:\/\/yupie.app\/product\/feher-bavaria-porcelan-vaza\/"]}]},{"@type":"ImageObject","inLanguage":"ro-RO","@id":"https:\/\/yupie.app\/product\/feher-bavaria-porcelan-vaza\/#primaryimage","url":"https:\/\/yupie.app\/wp-content\/uploads\/2023\/02\/302007806_783117359557369_3083421855541505059_n.jpg","contentUrl":"https:\/\/yupie.app\/wp-content\/uploads\/2023\/02\/302007806_783117359557369_3083421855541505059_n.jpg","width":1536,"height":2048,"caption":"Feh\u00e9r Bavaria porcel\u00e1n v\u00e1za, dekor\u00e1ci\u00f3, yupie"},{"@type":"BreadcrumbList","@id":"https:\/\/yupie.app\/product\/feher-bavaria-porcelan-vaza\/#breadcrumb","itemListElement":[{"@type":"ListItem","position":1,"name":"Kezd\u0151lap","item":"https:\/\/yupie.app\/"},{"@type":"ListItem","position":2,"name":"Katal\u00f3gus","item":"https:\/\/yupie.app\/katalogus\/"},{"@type":"ListItem","position":3,"name":"\ud83c\udffa Letisztult feh\u00e9r porcel\u00e1n v\u00e1za \u2013 modern, id\u0151t\u00e1ll\u00f3 design (24,5 cm)"}]},{"@type":"WebSite","@id":"https:\/\/yupie.app\/#website","url":"https:\/\/yupie.app\/","name":"yupie.app","description":"","publisher":{"@id":"https:\/\/yupie.app\/#organization"},"potentialAction":[{"@type":"SearchAction","target":{"@type":"EntryPoint","urlTemplate":"https:\/\/yupie.app\/?s={search_term_string}"},"query-input":{"@type":"PropertyValueSpecification","valueRequired":true,"valueName":"search_term_string"}}],"inLanguage":"ro-RO"},{"@type":"Organization","@id":"https:\/\/yupie.app\/#organization","name":"yupie.app","url":"https:\/\/yupie.app\/","logo":{"@type":"ImageObject","inLanguage":"ro-RO","@id":"https:\/\/yupie.app\/#\/schema\/logo\/image\/","url":"https:\/\/yupie.app\/wp-content\/uploads\/2025\/07\/cropped-uj-logo.png","contentUrl":"https:\/\/yupie.app\/wp-content\/uploads\/2025\/07\/cropped-uj-logo.png","width":500,"height":208,"caption":"yupie.app"},"image":{"@id":"https:\/\/yupie.app\/#\/schema\/logo\/image\/"},"sameAs":["https:\/\/www.facebook.com\/profile.php?id=100089345417295"]}]}},"jetpack_sharing_enabled":true,"_links":{"self":[{"href":"https:\/\/yupie.app\/ro\/wp-json\/wp\/v2\/product\/599","targetHints":{"allow":["GET"]}}],"collection":[{"href":"https:\/\/yupie.app\/ro\/wp-json\/wp\/v2\/product"}],"about":[{"href":"https:\/\/yupie.app\/ro\/wp-json\/wp\/v2\/types\/product"}],"version-history":[{"count":0,"href":"https:\/\/yupie.app\/ro\/wp-json\/wp\/v2\/product\/599\/revisions"}],"wp:featuredmedia":[{"embeddable":true,"href":"https:\/\/yupie.app\/ro\/wp-json\/wp\/v2\/media\/601"}],"wp:attachment":[{"href":"https:\/\/yupie.app\/ro\/wp-json\/wp\/v2\/media?parent=599"}],"wp:term":[{"taxonomy":"product_brand","embeddable":true,"href":"https:\/\/yupie.app\/ro\/wp-json\/wp\/v2\/product_brand?post=599"},{"taxonomy":"product_cat","embeddable":true,"href":"https:\/\/yupie.app\/ro\/wp-json\/wp\/v2\/product_cat?post=599"},{"taxonomy":"product_tag","embeddable":true,"href":"https:\/\/yupie.app\/ro\/wp-json\/wp\/v2\/product_tag?post=599"}],"curies":[{"name":"wp","href":"https:\/\/api.w.org\/{rel}","templated":true}]}}