{"id":590,"date":"2023-02-01T14:15:05","date_gmt":"2023-02-01T12:15:05","guid":{"rendered":"https:\/\/yupie.hu\/?post_type=product&#038;p=590"},"modified":"2026-01-16T09:48:54","modified_gmt":"2026-01-16T07:48:54","slug":"virag-mintas-keramia-vaza-kezzel-keszult","status":"publish","type":"product","link":"https:\/\/yupie.app\/ro\/product\/virag-mintas-keramia-vaza-kezzel-keszult\/","title":{"rendered":"Vintage vir\u00e1gmint\u00e1s ker\u00e1mia v\u00e1za \u2013 finom, romantikus dekor (15,5 cm)"},"content":{"rendered":"<p>A vir\u00e1gmint\u00e1s ker\u00e1mia v\u00e1za k\u00e9zzel k\u00e9sz\u00fcl, ami jelent\u0151s\u00e9ggel b\u00edr a d\u00edsz\u00edt\u0151 t\u00e1rgyak vil\u00e1g\u00e1ban. Az \u0151si id\u0151k \u00f3ta a ker\u00e1mia alkot\u00e1sok fontos szerepet j\u00e1tszanak az emberi kult\u00far\u00e1ban. A k\u00e9zm\u0171ves ker\u00e1mia v\u00e1z\u00e1k egyedis\u00e9ge abban rejlik, hogy mindegyik k\u00fcl\u00f6nb\u00f6z\u0151 form\u00e1j\u00fa \u00e9s mint\u00e1j\u00fa lehet. Az alkot\u00e1sokat k\u00e9zzel form\u00e1zz\u00e1k \u00e9s \u00e9getik, ami lehet\u0151v\u00e9 teszi a kreativit\u00e1s szabadabb kifejez\u00e9s\u00e9t.<\/p>\n<p>A vir\u00e1gmint\u00e1s ker\u00e1mia v\u00e1za haszn\u00e1lata t\u00f6bbf\u00e9le c\u00e9lra is szolg\u00e1lhat. Lehetnek d\u00edsz\u00edt\u0151 t\u00e1rgyak, vagy\u00a0 vir\u00e1gok, n\u00f6v\u00e9nyek t\u00e1rol\u00e1s\u00e1ra is haszn\u00e1lhat\u00f3k. A ker\u00e1mia v\u00e1z\u00e1k sz\u00e9les v\u00e1laszt\u00e9ka lehet\u0151v\u00e9 teszi, hogy mindenki megtal\u00e1lja a neki legink\u00e1bb tetsz\u0151 darabot.<\/p>\n<p>A ker\u00e1mia v\u00e1z\u00e1k k\u00e9sz\u00edt\u00e9se nagyon k\u00f6r\u00fcltekint\u0151 \u00e9s prec\u00edz munka, amelynek sor\u00e1n a mesternek t\u00f6k\u00e9letesen kell ismernie az anyag tulajdons\u00e1gait. Az alapanyag el\u0151k\u00e9sz\u00edt\u00e9se \u00e9s a form\u00e1z\u00e1s ut\u00e1n az \u00e9get\u00e9si folyamat k\u00f6vetkezik, amely sor\u00e1n a ker\u00e1mia v\u00e1z\u00e1k v\u00e9gleges form\u00e1j\u00e1t \u00e9s sz\u00edn\u00e9t kapj\u00e1k.<\/p>","protected":false},"excerpt":{"rendered":"<p>A vir\u00e1gmint\u00e1s ker\u00e1mia v\u00e1za k\u00e9zm\u0171ves k\u00e9sz\u00edt\u00e9se egy igazi m\u0171v\u00e9szet, amelynek eredm\u00e9nyek\u00e9nt egyedi \u00e9s sz\u00e9p t\u00e1rgyak j\u00f6nnek l\u00e9tre. Ha valaki olyan d\u00edsz\u00edt\u0151 t\u00e1rgyat keres, amely egyed\u00fcl\u00e1ll\u00f3 \u00e9s k\u00fcl\u00f6nleges, akkor a ker\u00e1mia v\u00e1z\u00e1k k\u00f6z\u00f6tt biztosan megtal\u00e1lj\u00e1k a sz\u00e1m\u00e1ra megfelel\u0151 darabot.<\/p>\n<p>M\u00e9ret: 15,5 cm<\/p>","protected":false},"featured_media":596,"template":"","meta":[],"product_brand":[],"product_cat":[41,53],"product_tag":[59,136,135,57,74,55,134],"class_list":{"0":"post-590","1":"product","2":"type-product","3":"status-publish","4":"has-post-thumbnail","6":"product_cat-dekoracio","7":"product_cat-vazak","8":"product_tag-dekoracio","9":"product_tag-egyedi","10":"product_tag-handmade","11":"product_tag-keramia","12":"product_tag-stilusos","13":"product_tag-vaza","14":"product_tag-viragmintas","15":"description-off","17":"first","18":"instock","19":"shipping-taxable","20":"purchasable","21":"product-type-simple"},"yoast_head":"<!-- This site is optimized with the Yoast SEO plugin v27.3 - https:\/\/yoast.com\/product\/yoast-seo-wordpress\/ -->\n<title>Vintage vir\u00e1gmint\u00e1s ker\u00e1mia v\u00e1za \u2013 finom, romantikus dekor (15,5 cm) - yupie.app<\/title>\n<meta name=\"description\" content=\"A vir\u00e1gmint\u00e1s ker\u00e1mia v\u00e1za k\u00e9zm\u0171ves k\u00e9sz\u00edt\u00e9se egy igazi m\u0171v\u00e9szet, amelynek eredm\u00e9nyek\u00e9nt egyedi \u00e9s sz\u00e9p t\u00e1rgyak j\u00f6nnek l\u00e9tre.\" \/>\n<meta name=\"robots\" content=\"index, follow, max-snippet:-1, max-image-preview:large, max-video-preview:-1\" \/>\n<link rel=\"canonical\" href=\"https:\/\/yupie.app\/ro\/product\/virag-mintas-keramia-vaza-kezzel-keszult\/\" \/>\n<meta property=\"og:locale\" content=\"ro_RO\" \/>\n<meta property=\"og:type\" content=\"article\" \/>\n<meta property=\"og:title\" content=\"Vintage vir\u00e1gmint\u00e1s ker\u00e1mia v\u00e1za \u2013 finom, romantikus dekor (15,5 cm) - yupie.app\" \/>\n<meta property=\"og:description\" content=\"A vir\u00e1gmint\u00e1s ker\u00e1mia v\u00e1za k\u00e9zm\u0171ves k\u00e9sz\u00edt\u00e9se egy igazi m\u0171v\u00e9szet, amelynek eredm\u00e9nyek\u00e9nt egyedi \u00e9s sz\u00e9p t\u00e1rgyak j\u00f6nnek l\u00e9tre.\" \/>\n<meta property=\"og:url\" content=\"https:\/\/yupie.app\/ro\/product\/virag-mintas-keramia-vaza-kezzel-keszult\/\" \/>\n<meta property=\"og:site_name\" content=\"yupie.app\" \/>\n<meta property=\"article:publisher\" content=\"https:\/\/www.facebook.com\/profile.php?id=100089345417295\" \/>\n<meta property=\"article:modified_time\" content=\"2026-01-16T07:48:54+00:00\" \/>\n<meta property=\"og:image\" content=\"https:\/\/yupie.app\/wp-content\/uploads\/2023\/02\/304492043_445274997653737_3879204889452619948_n.jpg\" \/>\n\t<meta property=\"og:image:width\" content=\"1536\" \/>\n\t<meta property=\"og:image:height\" content=\"2048\" \/>\n\t<meta property=\"og:image:type\" content=\"image\/jpeg\" \/>\n<meta name=\"twitter:card\" content=\"summary_large_image\" \/>\n<meta name=\"twitter:label1\" content=\"Timp estimat pentru citire\" \/>\n\t<meta name=\"twitter:data1\" content=\"1 minut\" \/>\n<script type=\"application\/ld+json\" class=\"yoast-schema-graph\">{\"@context\":\"https:\\\/\\\/schema.org\",\"@graph\":[{\"@type\":\"WebPage\",\"@id\":\"https:\\\/\\\/yupie.app\\\/product\\\/virag-mintas-keramia-vaza-kezzel-keszult\\\/\",\"url\":\"https:\\\/\\\/yupie.app\\\/product\\\/virag-mintas-keramia-vaza-kezzel-keszult\\\/\",\"name\":\"Vintage vir\u00e1gmint\u00e1s ker\u00e1mia v\u00e1za \u2013 finom, romantikus dekor (15,5 cm) - yupie.app\",\"isPartOf\":{\"@id\":\"https:\\\/\\\/yupie.app\\\/#website\"},\"primaryImageOfPage\":{\"@id\":\"https:\\\/\\\/yupie.app\\\/product\\\/virag-mintas-keramia-vaza-kezzel-keszult\\\/#primaryimage\"},\"image\":{\"@id\":\"https:\\\/\\\/yupie.app\\\/product\\\/virag-mintas-keramia-vaza-kezzel-keszult\\\/#primaryimage\"},\"thumbnailUrl\":\"https:\\\/\\\/yupie.app\\\/wp-content\\\/uploads\\\/2023\\\/02\\\/304492043_445274997653737_3879204889452619948_n.jpg\",\"datePublished\":\"2023-02-01T12:15:05+00:00\",\"dateModified\":\"2026-01-16T07:48:54+00:00\",\"description\":\"A vir\u00e1gmint\u00e1s ker\u00e1mia v\u00e1za k\u00e9zm\u0171ves k\u00e9sz\u00edt\u00e9se egy igazi m\u0171v\u00e9szet, amelynek eredm\u00e9nyek\u00e9nt egyedi \u00e9s sz\u00e9p t\u00e1rgyak j\u00f6nnek l\u00e9tre.\",\"breadcrumb\":{\"@id\":\"https:\\\/\\\/yupie.app\\\/product\\\/virag-mintas-keramia-vaza-kezzel-keszult\\\/#breadcrumb\"},\"inLanguage\":\"ro-RO\",\"potentialAction\":[{\"@type\":\"ReadAction\",\"target\":[\"https:\\\/\\\/yupie.app\\\/product\\\/virag-mintas-keramia-vaza-kezzel-keszult\\\/\"]}]},{\"@type\":\"ImageObject\",\"inLanguage\":\"ro-RO\",\"@id\":\"https:\\\/\\\/yupie.app\\\/product\\\/virag-mintas-keramia-vaza-kezzel-keszult\\\/#primaryimage\",\"url\":\"https:\\\/\\\/yupie.app\\\/wp-content\\\/uploads\\\/2023\\\/02\\\/304492043_445274997653737_3879204889452619948_n.jpg\",\"contentUrl\":\"https:\\\/\\\/yupie.app\\\/wp-content\\\/uploads\\\/2023\\\/02\\\/304492043_445274997653737_3879204889452619948_n.jpg\",\"width\":1536,\"height\":2048,\"caption\":\"vir\u00e1gmint\u00e1s ker\u00e1mia v\u00e1za k\u00e9zzel k\u00e9sz\u00fclt egyedi st\u00edlus yupie\"},{\"@type\":\"BreadcrumbList\",\"@id\":\"https:\\\/\\\/yupie.app\\\/product\\\/virag-mintas-keramia-vaza-kezzel-keszult\\\/#breadcrumb\",\"itemListElement\":[{\"@type\":\"ListItem\",\"position\":1,\"name\":\"Kezd\u0151lap\",\"item\":\"https:\\\/\\\/yupie.app\\\/\"},{\"@type\":\"ListItem\",\"position\":2,\"name\":\"Katal\u00f3gus\",\"item\":\"https:\\\/\\\/yupie.app\\\/katalogus\\\/\"},{\"@type\":\"ListItem\",\"position\":3,\"name\":\"Vintage vir\u00e1gmint\u00e1s ker\u00e1mia v\u00e1za \u2013 finom, romantikus dekor (15,5 cm)\"}]},{\"@type\":\"WebSite\",\"@id\":\"https:\\\/\\\/yupie.app\\\/#website\",\"url\":\"https:\\\/\\\/yupie.app\\\/\",\"name\":\"yupie.app\",\"description\":\"\",\"publisher\":{\"@id\":\"https:\\\/\\\/yupie.app\\\/#organization\"},\"potentialAction\":[{\"@type\":\"SearchAction\",\"target\":{\"@type\":\"EntryPoint\",\"urlTemplate\":\"https:\\\/\\\/yupie.app\\\/?s={search_term_string}\"},\"query-input\":{\"@type\":\"PropertyValueSpecification\",\"valueRequired\":true,\"valueName\":\"search_term_string\"}}],\"inLanguage\":\"ro-RO\"},{\"@type\":\"Organization\",\"@id\":\"https:\\\/\\\/yupie.app\\\/#organization\",\"name\":\"yupie.app\",\"url\":\"https:\\\/\\\/yupie.app\\\/\",\"logo\":{\"@type\":\"ImageObject\",\"inLanguage\":\"ro-RO\",\"@id\":\"https:\\\/\\\/yupie.app\\\/#\\\/schema\\\/logo\\\/image\\\/\",\"url\":\"https:\\\/\\\/yupie.app\\\/wp-content\\\/uploads\\\/2025\\\/07\\\/cropped-uj-logo.png\",\"contentUrl\":\"https:\\\/\\\/yupie.app\\\/wp-content\\\/uploads\\\/2025\\\/07\\\/cropped-uj-logo.png\",\"width\":500,\"height\":208,\"caption\":\"yupie.app\"},\"image\":{\"@id\":\"https:\\\/\\\/yupie.app\\\/#\\\/schema\\\/logo\\\/image\\\/\"},\"sameAs\":[\"https:\\\/\\\/www.facebook.com\\\/profile.php?id=100089345417295\"]}]}<\/script>\n<!-- \/ Yoast SEO plugin. -->","yoast_head_json":{"title":"Vintage vir\u00e1gmint\u00e1s ker\u00e1mia v\u00e1za \u2013 finom, romantikus dekor (15,5 cm) - yupie.app","description":"A vir\u00e1gmint\u00e1s ker\u00e1mia v\u00e1za k\u00e9zm\u0171ves k\u00e9sz\u00edt\u00e9se egy igazi m\u0171v\u00e9szet, amelynek eredm\u00e9nyek\u00e9nt egyedi \u00e9s sz\u00e9p t\u00e1rgyak j\u00f6nnek l\u00e9tre.","robots":{"index":"index","follow":"follow","max-snippet":"max-snippet:-1","max-image-preview":"max-image-preview:large","max-video-preview":"max-video-preview:-1"},"canonical":"https:\/\/yupie.app\/ro\/product\/virag-mintas-keramia-vaza-kezzel-keszult\/","og_locale":"ro_RO","og_type":"article","og_title":"Vintage vir\u00e1gmint\u00e1s ker\u00e1mia v\u00e1za \u2013 finom, romantikus dekor (15,5 cm) - yupie.app","og_description":"A vir\u00e1gmint\u00e1s ker\u00e1mia v\u00e1za k\u00e9zm\u0171ves k\u00e9sz\u00edt\u00e9se egy igazi m\u0171v\u00e9szet, amelynek eredm\u00e9nyek\u00e9nt egyedi \u00e9s sz\u00e9p t\u00e1rgyak j\u00f6nnek l\u00e9tre.","og_url":"https:\/\/yupie.app\/ro\/product\/virag-mintas-keramia-vaza-kezzel-keszult\/","og_site_name":"yupie.app","article_publisher":"https:\/\/www.facebook.com\/profile.php?id=100089345417295","article_modified_time":"2026-01-16T07:48:54+00:00","og_image":[{"width":1536,"height":2048,"url":"https:\/\/yupie.app\/wp-content\/uploads\/2023\/02\/304492043_445274997653737_3879204889452619948_n.jpg","type":"image\/jpeg"}],"twitter_card":"summary_large_image","twitter_misc":{"Timp estimat pentru citire":"1 minut"},"schema":{"@context":"https:\/\/schema.org","@graph":[{"@type":"WebPage","@id":"https:\/\/yupie.app\/product\/virag-mintas-keramia-vaza-kezzel-keszult\/","url":"https:\/\/yupie.app\/product\/virag-mintas-keramia-vaza-kezzel-keszult\/","name":"Vintage vir\u00e1gmint\u00e1s ker\u00e1mia v\u00e1za \u2013 finom, romantikus dekor (15,5 cm) - yupie.app","isPartOf":{"@id":"https:\/\/yupie.app\/#website"},"primaryImageOfPage":{"@id":"https:\/\/yupie.app\/product\/virag-mintas-keramia-vaza-kezzel-keszult\/#primaryimage"},"image":{"@id":"https:\/\/yupie.app\/product\/virag-mintas-keramia-vaza-kezzel-keszult\/#primaryimage"},"thumbnailUrl":"https:\/\/yupie.app\/wp-content\/uploads\/2023\/02\/304492043_445274997653737_3879204889452619948_n.jpg","datePublished":"2023-02-01T12:15:05+00:00","dateModified":"2026-01-16T07:48:54+00:00","description":"A vir\u00e1gmint\u00e1s ker\u00e1mia v\u00e1za k\u00e9zm\u0171ves k\u00e9sz\u00edt\u00e9se egy igazi m\u0171v\u00e9szet, amelynek eredm\u00e9nyek\u00e9nt egyedi \u00e9s sz\u00e9p t\u00e1rgyak j\u00f6nnek l\u00e9tre.","breadcrumb":{"@id":"https:\/\/yupie.app\/product\/virag-mintas-keramia-vaza-kezzel-keszult\/#breadcrumb"},"inLanguage":"ro-RO","potentialAction":[{"@type":"ReadAction","target":["https:\/\/yupie.app\/product\/virag-mintas-keramia-vaza-kezzel-keszult\/"]}]},{"@type":"ImageObject","inLanguage":"ro-RO","@id":"https:\/\/yupie.app\/product\/virag-mintas-keramia-vaza-kezzel-keszult\/#primaryimage","url":"https:\/\/yupie.app\/wp-content\/uploads\/2023\/02\/304492043_445274997653737_3879204889452619948_n.jpg","contentUrl":"https:\/\/yupie.app\/wp-content\/uploads\/2023\/02\/304492043_445274997653737_3879204889452619948_n.jpg","width":1536,"height":2048,"caption":"vir\u00e1gmint\u00e1s ker\u00e1mia v\u00e1za k\u00e9zzel k\u00e9sz\u00fclt egyedi st\u00edlus yupie"},{"@type":"BreadcrumbList","@id":"https:\/\/yupie.app\/product\/virag-mintas-keramia-vaza-kezzel-keszult\/#breadcrumb","itemListElement":[{"@type":"ListItem","position":1,"name":"Kezd\u0151lap","item":"https:\/\/yupie.app\/"},{"@type":"ListItem","position":2,"name":"Katal\u00f3gus","item":"https:\/\/yupie.app\/katalogus\/"},{"@type":"ListItem","position":3,"name":"Vintage vir\u00e1gmint\u00e1s ker\u00e1mia v\u00e1za \u2013 finom, romantikus dekor (15,5 cm)"}]},{"@type":"WebSite","@id":"https:\/\/yupie.app\/#website","url":"https:\/\/yupie.app\/","name":"yupie.app","description":"","publisher":{"@id":"https:\/\/yupie.app\/#organization"},"potentialAction":[{"@type":"SearchAction","target":{"@type":"EntryPoint","urlTemplate":"https:\/\/yupie.app\/?s={search_term_string}"},"query-input":{"@type":"PropertyValueSpecification","valueRequired":true,"valueName":"search_term_string"}}],"inLanguage":"ro-RO"},{"@type":"Organization","@id":"https:\/\/yupie.app\/#organization","name":"yupie.app","url":"https:\/\/yupie.app\/","logo":{"@type":"ImageObject","inLanguage":"ro-RO","@id":"https:\/\/yupie.app\/#\/schema\/logo\/image\/","url":"https:\/\/yupie.app\/wp-content\/uploads\/2025\/07\/cropped-uj-logo.png","contentUrl":"https:\/\/yupie.app\/wp-content\/uploads\/2025\/07\/cropped-uj-logo.png","width":500,"height":208,"caption":"yupie.app"},"image":{"@id":"https:\/\/yupie.app\/#\/schema\/logo\/image\/"},"sameAs":["https:\/\/www.facebook.com\/profile.php?id=100089345417295"]}]}},"jetpack_sharing_enabled":true,"_links":{"self":[{"href":"https:\/\/yupie.app\/ro\/wp-json\/wp\/v2\/product\/590","targetHints":{"allow":["GET"]}}],"collection":[{"href":"https:\/\/yupie.app\/ro\/wp-json\/wp\/v2\/product"}],"about":[{"href":"https:\/\/yupie.app\/ro\/wp-json\/wp\/v2\/types\/product"}],"version-history":[{"count":0,"href":"https:\/\/yupie.app\/ro\/wp-json\/wp\/v2\/product\/590\/revisions"}],"wp:featuredmedia":[{"embeddable":true,"href":"https:\/\/yupie.app\/ro\/wp-json\/wp\/v2\/media\/596"}],"wp:attachment":[{"href":"https:\/\/yupie.app\/ro\/wp-json\/wp\/v2\/media?parent=590"}],"wp:term":[{"taxonomy":"product_brand","embeddable":true,"href":"https:\/\/yupie.app\/ro\/wp-json\/wp\/v2\/product_brand?post=590"},{"taxonomy":"product_cat","embeddable":true,"href":"https:\/\/yupie.app\/ro\/wp-json\/wp\/v2\/product_cat?post=590"},{"taxonomy":"product_tag","embeddable":true,"href":"https:\/\/yupie.app\/ro\/wp-json\/wp\/v2\/product_tag?post=590"}],"curies":[{"name":"wp","href":"https:\/\/api.w.org\/{rel}","templated":true}]}}