{"id":5538,"date":"2023-11-23T21:36:25","date_gmt":"2023-11-23T19:36:25","guid":{"rendered":"https:\/\/yupie.hu\/?post_type=product&#038;p=5538"},"modified":"2026-03-27T10:22:38","modified_gmt":"2026-03-27T08:22:38","slug":"fabol-keszult-betlehemi-jelenet-porcelan-figurakkal","status":"publish","type":"product","link":"https:\/\/yupie.app\/ro\/product\/fabol-keszult-betlehemi-jelenet-porcelan-figurakkal\/","title":{"rendered":"Betlehemi jelenet f\u00e1b\u00f3l, porcel\u00e1n figur\u00e1kkal \u2013 kar\u00e1csonyi dekor\u00e1ci\u00f3"},"content":{"rendered":"<p data-start=\"513\" data-end=\"636\">Ez a betlehemi jelenet nem csup\u00e1n egy dekor\u00e1ci\u00f3.<br data-start=\"561\" data-end=\"564\" \/>Ez a <strong data-start=\"569\" data-end=\"635\">kar\u00e1csony egyik legm\u00e9lyebb jelent\u00e9s\u00e9nek vizu\u00e1lis megjelen\u00edt\u00e9se<\/strong>.<\/p>\n<p data-start=\"638\" data-end=\"916\">A fa alap term\u00e9szetess\u00e9ge \u00e9s a porcel\u00e1n figur\u00e1k finom kidolgoz\u00e1sa egy\u00fctt egy olyan kompoz\u00edci\u00f3t alkot, amely <strong data-start=\"746\" data-end=\"795\">nyugalmat, tisztas\u00e1got \u00e9s \u00fcnnepi meghitts\u00e9get<\/strong> sug\u00e1roz. Ez az a t\u00edpus\u00fa darab, amit nem csak kiraksz \u2013 hanem <strong data-start=\"857\" data-end=\"915\">minden \u00e9vben \u00fajra el\u0151veszel, \u00e9s r\u00e9sze lesz az \u00fcnnepnek<\/strong>.<\/p>\n<p data-start=\"918\" data-end=\"979\">A betlehemi jelenet k\u00fcl\u00f6nleges helyet foglal el az otthonban:<\/p>\n<ul data-start=\"980\" data-end=\"1099\">\n<li data-section-id=\"f94xm7\" data-start=\"980\" data-end=\"1020\">a kar\u00e1csony k\u00f6zponti dekor\u00e1ci\u00f3jak\u00e9nt<\/li>\n<li data-section-id=\"kq4v4l\" data-start=\"1021\" data-end=\"1052\">csal\u00e1di hagyom\u00e1ny r\u00e9szek\u00e9nt<\/li>\n<li data-section-id=\"oicu5\" data-start=\"1053\" data-end=\"1099\">aj\u00e1nd\u00e9kk\u00e9nt, amelynek val\u00f3di jelent\u00e9se van<\/li>\n<\/ul>\n<p data-start=\"1101\" data-end=\"1253\">A porcel\u00e1n figur\u00e1k r\u00e9szletgazdags\u00e1ga \u00e9s a fa szerkezet melegs\u00e9ge egy\u00fctt <strong data-start=\"1173\" data-end=\"1202\">id\u0151t\u00e1ll\u00f3 \u00e9rt\u00e9ket k\u00e9pvisel<\/strong>, nem egy szezon\u00e1lis, gyorsan cser\u00e9l\u0151d\u0151 dekor\u00e1ci\u00f3t.<\/p>\n<p data-start=\"1255\" data-end=\"1298\">\ud83d\udc49 Ez a darab nem trend.<br data-start=\"1279\" data-end=\"1282\" \/>\ud83d\udc49 Ez hagyom\u00e1ny.<\/p>","protected":false},"excerpt":{"rendered":"<p>Ebben a csod\u00e1latos fab\u00f3l k\u00e9sz\u00fclt betlehemi jelenetben a kar\u00e1csony var\u00e1zsa porcel\u00e1n figur\u00e1k \u00e1ltal elevenedik meg. A meghitt sz\u00ednteret kifinomult szobrok d\u00edsz\u00edtik, melyek a Bibli\u00e1b\u00f3l ismert karaktereket \u00e1br\u00e1zolj\u00e1k. A p\u00e1sztorok \u00e9s a h\u00e1romkir\u00e1lyok, mint finom porcel\u00e1n figur\u00e1k, h\u00f3dolnak az \u00fajsz\u00fcl\u00f6ttnek, aj\u00e1nd\u00e9kokat hozva az \u00f6r\u00f6m \u00e9s b\u00e9ke jelk\u00e9pek\u00e9nt.<\/p>\n<p>A jelenet h\u00e1tter\u00e9ben az ist\u00e1ll\u00f3 \u00e1ll, hogy a betlehem eg\u00e9sz\u00e9ben az egyszer\u0171s\u00e9g \u00e9s a szer\u00e9nys\u00e9g hangulat\u00e1t id\u00e9zze. A porcel\u00e1n figur\u00e1k r\u00e9szletesek, az arcok \u00e9rzelmekkel tel\u00edtettek, \u00e9s a sz\u00ednek harmonikusan olvadnak egym\u00e1sba, l\u00e9trehozva ezen k\u00fcl\u00f6nleges betlehemi jelenet leny\u0171g\u00f6z\u0151 vizu\u00e1lis \u00e9lm\u00e9ny\u00e9t.<\/p>","protected":false},"featured_media":5540,"template":"","meta":[],"product_brand":[],"product_cat":[1389],"product_tag":[862,59,1984,1985,1983,1974],"class_list":{"0":"post-5538","1":"product","2":"type-product","3":"status-publish","4":"has-post-thumbnail","6":"product_cat-szobor","7":"product_tag-betlehem","8":"product_tag-dekoracio","9":"product_tag-fa-dekor","10":"product_tag-karacsony","11":"product_tag-porcelan-figurak","12":"product_tag-unnep","13":"description-off","15":"first","16":"instock","17":"shipping-taxable","18":"purchasable","19":"product-type-simple"},"yoast_head":"<!-- This site is optimized with the Yoast SEO plugin v27.3 - https:\/\/yoast.com\/product\/yoast-seo-wordpress\/ -->\n<title>F\u00e1b\u00f3l k\u00e9sz\u00fclt betlehemi jelenet porcel\u00e1n figur\u00e1kkal<\/title>\n<meta name=\"description\" content=\"Egy var\u00e1zslatos \u00fcnnepi t\u00e1jban mer\u00fcl el az ember, amikor szeme el\u00e9 t\u00e1rul egy f\u00e1b\u00f3l k\u00e9sz\u00fclt betlehemi jelenet, melyet apr\u00f3 porcel\u00e1n figur\u00e1k \u00e9kes\u00edtenek.\" \/>\n<meta name=\"robots\" content=\"index, follow, max-snippet:-1, max-image-preview:large, max-video-preview:-1\" \/>\n<link rel=\"canonical\" href=\"https:\/\/yupie.app\/ro\/product\/fabol-keszult-betlehemi-jelenet-porcelan-figurakkal\/\" \/>\n<meta property=\"og:locale\" content=\"ro_RO\" \/>\n<meta property=\"og:type\" content=\"article\" \/>\n<meta property=\"og:title\" content=\"F\u00e1b\u00f3l k\u00e9sz\u00fclt betlehemi jelenet porcel\u00e1n figur\u00e1kkal\" \/>\n<meta property=\"og:description\" content=\"Egy var\u00e1zslatos \u00fcnnepi t\u00e1jban mer\u00fcl el az ember, amikor szeme el\u00e9 t\u00e1rul egy f\u00e1b\u00f3l k\u00e9sz\u00fclt betlehemi jelenet, melyet apr\u00f3 porcel\u00e1n figur\u00e1k \u00e9kes\u00edtenek.\" \/>\n<meta property=\"og:url\" content=\"https:\/\/yupie.app\/ro\/product\/fabol-keszult-betlehemi-jelenet-porcelan-figurakkal\/\" \/>\n<meta property=\"og:site_name\" content=\"yupie.app\" \/>\n<meta property=\"article:publisher\" content=\"https:\/\/www.facebook.com\/profile.php?id=100089345417295\" \/>\n<meta property=\"article:modified_time\" content=\"2026-03-27T08:22:38+00:00\" \/>\n<meta property=\"og:image\" content=\"https:\/\/yupie.app\/wp-content\/uploads\/2023\/11\/DSC04539-1024x1024.png\" \/>\n\t<meta property=\"og:image:width\" content=\"1024\" \/>\n\t<meta property=\"og:image:height\" content=\"1024\" \/>\n\t<meta property=\"og:image:type\" content=\"image\/png\" \/>\n<meta name=\"twitter:card\" content=\"summary_large_image\" \/>\n<meta name=\"twitter:label1\" content=\"Timp estimat pentru citire\" \/>\n\t<meta name=\"twitter:data1\" content=\"1 minut\" \/>\n<script type=\"application\/ld+json\" class=\"yoast-schema-graph\">{\"@context\":\"https:\\\/\\\/schema.org\",\"@graph\":[{\"@type\":\"WebPage\",\"@id\":\"https:\\\/\\\/yupie.app\\\/product\\\/fabol-keszult-betlehemi-jelenet-porcelan-figurakkal\\\/\",\"url\":\"https:\\\/\\\/yupie.app\\\/product\\\/fabol-keszult-betlehemi-jelenet-porcelan-figurakkal\\\/\",\"name\":\"F\u00e1b\u00f3l k\u00e9sz\u00fclt betlehemi jelenet porcel\u00e1n figur\u00e1kkal\",\"isPartOf\":{\"@id\":\"https:\\\/\\\/yupie.app\\\/#website\"},\"primaryImageOfPage\":{\"@id\":\"https:\\\/\\\/yupie.app\\\/product\\\/fabol-keszult-betlehemi-jelenet-porcelan-figurakkal\\\/#primaryimage\"},\"image\":{\"@id\":\"https:\\\/\\\/yupie.app\\\/product\\\/fabol-keszult-betlehemi-jelenet-porcelan-figurakkal\\\/#primaryimage\"},\"thumbnailUrl\":\"https:\\\/\\\/yupie.app\\\/wp-content\\\/uploads\\\/2023\\\/11\\\/DSC04539.png\",\"datePublished\":\"2023-11-23T19:36:25+00:00\",\"dateModified\":\"2026-03-27T08:22:38+00:00\",\"description\":\"Egy var\u00e1zslatos \u00fcnnepi t\u00e1jban mer\u00fcl el az ember, amikor szeme el\u00e9 t\u00e1rul egy f\u00e1b\u00f3l k\u00e9sz\u00fclt betlehemi jelenet, melyet apr\u00f3 porcel\u00e1n figur\u00e1k \u00e9kes\u00edtenek.\",\"breadcrumb\":{\"@id\":\"https:\\\/\\\/yupie.app\\\/product\\\/fabol-keszult-betlehemi-jelenet-porcelan-figurakkal\\\/#breadcrumb\"},\"inLanguage\":\"ro-RO\",\"potentialAction\":[{\"@type\":\"ReadAction\",\"target\":[\"https:\\\/\\\/yupie.app\\\/product\\\/fabol-keszult-betlehemi-jelenet-porcelan-figurakkal\\\/\"]}]},{\"@type\":\"ImageObject\",\"inLanguage\":\"ro-RO\",\"@id\":\"https:\\\/\\\/yupie.app\\\/product\\\/fabol-keszult-betlehemi-jelenet-porcelan-figurakkal\\\/#primaryimage\",\"url\":\"https:\\\/\\\/yupie.app\\\/wp-content\\\/uploads\\\/2023\\\/11\\\/DSC04539.png\",\"contentUrl\":\"https:\\\/\\\/yupie.app\\\/wp-content\\\/uploads\\\/2023\\\/11\\\/DSC04539.png\",\"width\":2153,\"height\":2153,\"caption\":\"Klasszikus betlehemi jelenet \u2013 meghitt, id\u0151t\u00e1ll\u00f3 kar\u00e1csonyi dekor\u00e1ci\u00f3.\"},{\"@type\":\"BreadcrumbList\",\"@id\":\"https:\\\/\\\/yupie.app\\\/product\\\/fabol-keszult-betlehemi-jelenet-porcelan-figurakkal\\\/#breadcrumb\",\"itemListElement\":[{\"@type\":\"ListItem\",\"position\":1,\"name\":\"Kezd\u0151lap\",\"item\":\"https:\\\/\\\/yupie.app\\\/\"},{\"@type\":\"ListItem\",\"position\":2,\"name\":\"Katal\u00f3gus\",\"item\":\"https:\\\/\\\/yupie.app\\\/katalogus\\\/\"},{\"@type\":\"ListItem\",\"position\":3,\"name\":\"Betlehemi jelenet f\u00e1b\u00f3l, porcel\u00e1n figur\u00e1kkal \u2013 kar\u00e1csonyi dekor\u00e1ci\u00f3\"}]},{\"@type\":\"WebSite\",\"@id\":\"https:\\\/\\\/yupie.app\\\/#website\",\"url\":\"https:\\\/\\\/yupie.app\\\/\",\"name\":\"yupie.app\",\"description\":\"\",\"publisher\":{\"@id\":\"https:\\\/\\\/yupie.app\\\/#organization\"},\"potentialAction\":[{\"@type\":\"SearchAction\",\"target\":{\"@type\":\"EntryPoint\",\"urlTemplate\":\"https:\\\/\\\/yupie.app\\\/?s={search_term_string}\"},\"query-input\":{\"@type\":\"PropertyValueSpecification\",\"valueRequired\":true,\"valueName\":\"search_term_string\"}}],\"inLanguage\":\"ro-RO\"},{\"@type\":\"Organization\",\"@id\":\"https:\\\/\\\/yupie.app\\\/#organization\",\"name\":\"yupie.app\",\"url\":\"https:\\\/\\\/yupie.app\\\/\",\"logo\":{\"@type\":\"ImageObject\",\"inLanguage\":\"ro-RO\",\"@id\":\"https:\\\/\\\/yupie.app\\\/#\\\/schema\\\/logo\\\/image\\\/\",\"url\":\"https:\\\/\\\/yupie.app\\\/wp-content\\\/uploads\\\/2025\\\/07\\\/cropped-uj-logo.png\",\"contentUrl\":\"https:\\\/\\\/yupie.app\\\/wp-content\\\/uploads\\\/2025\\\/07\\\/cropped-uj-logo.png\",\"width\":500,\"height\":208,\"caption\":\"yupie.app\"},\"image\":{\"@id\":\"https:\\\/\\\/yupie.app\\\/#\\\/schema\\\/logo\\\/image\\\/\"},\"sameAs\":[\"https:\\\/\\\/www.facebook.com\\\/profile.php?id=100089345417295\"]}]}<\/script>\n<!-- \/ Yoast SEO plugin. -->","yoast_head_json":{"title":"F\u00e1b\u00f3l k\u00e9sz\u00fclt betlehemi jelenet porcel\u00e1n figur\u00e1kkal","description":"Egy var\u00e1zslatos \u00fcnnepi t\u00e1jban mer\u00fcl el az ember, amikor szeme el\u00e9 t\u00e1rul egy f\u00e1b\u00f3l k\u00e9sz\u00fclt betlehemi jelenet, melyet apr\u00f3 porcel\u00e1n figur\u00e1k \u00e9kes\u00edtenek.","robots":{"index":"index","follow":"follow","max-snippet":"max-snippet:-1","max-image-preview":"max-image-preview:large","max-video-preview":"max-video-preview:-1"},"canonical":"https:\/\/yupie.app\/ro\/product\/fabol-keszult-betlehemi-jelenet-porcelan-figurakkal\/","og_locale":"ro_RO","og_type":"article","og_title":"F\u00e1b\u00f3l k\u00e9sz\u00fclt betlehemi jelenet porcel\u00e1n figur\u00e1kkal","og_description":"Egy var\u00e1zslatos \u00fcnnepi t\u00e1jban mer\u00fcl el az ember, amikor szeme el\u00e9 t\u00e1rul egy f\u00e1b\u00f3l k\u00e9sz\u00fclt betlehemi jelenet, melyet apr\u00f3 porcel\u00e1n figur\u00e1k \u00e9kes\u00edtenek.","og_url":"https:\/\/yupie.app\/ro\/product\/fabol-keszult-betlehemi-jelenet-porcelan-figurakkal\/","og_site_name":"yupie.app","article_publisher":"https:\/\/www.facebook.com\/profile.php?id=100089345417295","article_modified_time":"2026-03-27T08:22:38+00:00","og_image":[{"width":1024,"height":1024,"url":"https:\/\/yupie.app\/wp-content\/uploads\/2023\/11\/DSC04539-1024x1024.png","type":"image\/png"}],"twitter_card":"summary_large_image","twitter_misc":{"Timp estimat pentru citire":"1 minut"},"schema":{"@context":"https:\/\/schema.org","@graph":[{"@type":"WebPage","@id":"https:\/\/yupie.app\/product\/fabol-keszult-betlehemi-jelenet-porcelan-figurakkal\/","url":"https:\/\/yupie.app\/product\/fabol-keszult-betlehemi-jelenet-porcelan-figurakkal\/","name":"F\u00e1b\u00f3l k\u00e9sz\u00fclt betlehemi jelenet porcel\u00e1n figur\u00e1kkal","isPartOf":{"@id":"https:\/\/yupie.app\/#website"},"primaryImageOfPage":{"@id":"https:\/\/yupie.app\/product\/fabol-keszult-betlehemi-jelenet-porcelan-figurakkal\/#primaryimage"},"image":{"@id":"https:\/\/yupie.app\/product\/fabol-keszult-betlehemi-jelenet-porcelan-figurakkal\/#primaryimage"},"thumbnailUrl":"https:\/\/yupie.app\/wp-content\/uploads\/2023\/11\/DSC04539.png","datePublished":"2023-11-23T19:36:25+00:00","dateModified":"2026-03-27T08:22:38+00:00","description":"Egy var\u00e1zslatos \u00fcnnepi t\u00e1jban mer\u00fcl el az ember, amikor szeme el\u00e9 t\u00e1rul egy f\u00e1b\u00f3l k\u00e9sz\u00fclt betlehemi jelenet, melyet apr\u00f3 porcel\u00e1n figur\u00e1k \u00e9kes\u00edtenek.","breadcrumb":{"@id":"https:\/\/yupie.app\/product\/fabol-keszult-betlehemi-jelenet-porcelan-figurakkal\/#breadcrumb"},"inLanguage":"ro-RO","potentialAction":[{"@type":"ReadAction","target":["https:\/\/yupie.app\/product\/fabol-keszult-betlehemi-jelenet-porcelan-figurakkal\/"]}]},{"@type":"ImageObject","inLanguage":"ro-RO","@id":"https:\/\/yupie.app\/product\/fabol-keszult-betlehemi-jelenet-porcelan-figurakkal\/#primaryimage","url":"https:\/\/yupie.app\/wp-content\/uploads\/2023\/11\/DSC04539.png","contentUrl":"https:\/\/yupie.app\/wp-content\/uploads\/2023\/11\/DSC04539.png","width":2153,"height":2153,"caption":"Klasszikus betlehemi jelenet \u2013 meghitt, id\u0151t\u00e1ll\u00f3 kar\u00e1csonyi dekor\u00e1ci\u00f3."},{"@type":"BreadcrumbList","@id":"https:\/\/yupie.app\/product\/fabol-keszult-betlehemi-jelenet-porcelan-figurakkal\/#breadcrumb","itemListElement":[{"@type":"ListItem","position":1,"name":"Kezd\u0151lap","item":"https:\/\/yupie.app\/"},{"@type":"ListItem","position":2,"name":"Katal\u00f3gus","item":"https:\/\/yupie.app\/katalogus\/"},{"@type":"ListItem","position":3,"name":"Betlehemi jelenet f\u00e1b\u00f3l, porcel\u00e1n figur\u00e1kkal \u2013 kar\u00e1csonyi dekor\u00e1ci\u00f3"}]},{"@type":"WebSite","@id":"https:\/\/yupie.app\/#website","url":"https:\/\/yupie.app\/","name":"yupie.app","description":"","publisher":{"@id":"https:\/\/yupie.app\/#organization"},"potentialAction":[{"@type":"SearchAction","target":{"@type":"EntryPoint","urlTemplate":"https:\/\/yupie.app\/?s={search_term_string}"},"query-input":{"@type":"PropertyValueSpecification","valueRequired":true,"valueName":"search_term_string"}}],"inLanguage":"ro-RO"},{"@type":"Organization","@id":"https:\/\/yupie.app\/#organization","name":"yupie.app","url":"https:\/\/yupie.app\/","logo":{"@type":"ImageObject","inLanguage":"ro-RO","@id":"https:\/\/yupie.app\/#\/schema\/logo\/image\/","url":"https:\/\/yupie.app\/wp-content\/uploads\/2025\/07\/cropped-uj-logo.png","contentUrl":"https:\/\/yupie.app\/wp-content\/uploads\/2025\/07\/cropped-uj-logo.png","width":500,"height":208,"caption":"yupie.app"},"image":{"@id":"https:\/\/yupie.app\/#\/schema\/logo\/image\/"},"sameAs":["https:\/\/www.facebook.com\/profile.php?id=100089345417295"]}]}},"jetpack_sharing_enabled":true,"_links":{"self":[{"href":"https:\/\/yupie.app\/ro\/wp-json\/wp\/v2\/product\/5538","targetHints":{"allow":["GET"]}}],"collection":[{"href":"https:\/\/yupie.app\/ro\/wp-json\/wp\/v2\/product"}],"about":[{"href":"https:\/\/yupie.app\/ro\/wp-json\/wp\/v2\/types\/product"}],"version-history":[{"count":0,"href":"https:\/\/yupie.app\/ro\/wp-json\/wp\/v2\/product\/5538\/revisions"}],"wp:featuredmedia":[{"embeddable":true,"href":"https:\/\/yupie.app\/ro\/wp-json\/wp\/v2\/media\/5540"}],"wp:attachment":[{"href":"https:\/\/yupie.app\/ro\/wp-json\/wp\/v2\/media?parent=5538"}],"wp:term":[{"taxonomy":"product_brand","embeddable":true,"href":"https:\/\/yupie.app\/ro\/wp-json\/wp\/v2\/product_brand?post=5538"},{"taxonomy":"product_cat","embeddable":true,"href":"https:\/\/yupie.app\/ro\/wp-json\/wp\/v2\/product_cat?post=5538"},{"taxonomy":"product_tag","embeddable":true,"href":"https:\/\/yupie.app\/ro\/wp-json\/wp\/v2\/product_tag?post=5538"}],"curies":[{"name":"wp","href":"https:\/\/api.w.org\/{rel}","templated":true}]}}