{"id":50089,"date":"2026-04-14T08:51:15","date_gmt":"2026-04-14T06:51:15","guid":{"rendered":"https:\/\/yupie.app\/?post_type=product&#038;p=50089"},"modified":"2026-04-14T08:51:16","modified_gmt":"2026-04-14T06:51:16","slug":"dell-latitude-laptop","status":"publish","type":"product","link":"https:\/\/yupie.app\/ro\/product\/dell-latitude-laptop\/","title":{"rendered":"Dell Latitude \u00fczleti laptop \u2013 strapab\u00edr\u00f3 munkaeszk\u00f6z"},"content":{"rendered":"<p data-start=\"327\" data-end=\"573\">Ez a <strong data-start=\"332\" data-end=\"363\">Dell Latitude \u00fczleti laptop<\/strong> egy klasszikus, v\u00e1llalati kateg\u00f3ri\u00e1s eszk\u00f6z, amely tart\u00f3ss\u00e1g\u00e1r\u00f3l \u00e9s megb\u00edzhat\u00f3s\u00e1g\u00e1r\u00f3l ismert. A Latitude sz\u00e9ria kifejezetten hossz\u00fa t\u00e1v\u00fa haszn\u00e1latra k\u00e9sz\u00fclt, \u00edgy m\u00e9g haszn\u00e1lt \u00e1llapotban is stabil alapot ny\u00fajt.<\/p>\n<p data-start=\"575\" data-end=\"729\">A k\u00e9sz\u00fcl\u00e9k massz\u00edv fel\u00e9p\u00edt\u00e9se \u00e9s ergonomikus billenty\u0171zete ide\u00e1liss\u00e1 teszi irodai munk\u00e1ra, tanul\u00e1sra vagy ak\u00e1r egy m\u00e1sodlagos laptopk\u00e9nt val\u00f3 haszn\u00e1latra.<\/p>\n<p data-start=\"731\" data-end=\"756\">\ud83d\udccc <strong data-start=\"734\" data-end=\"756\">Jelenlegi \u00e1llapot:<\/strong><\/p>\n<ul data-start=\"757\" data-end=\"965\">\n<li data-section-id=\"iywo59\" data-start=\"757\" data-end=\"875\">A k\u00e9sz\u00fcl\u00e9k <strong data-start=\"770\" data-end=\"791\">lassabban m\u0171k\u00f6dik<\/strong>, ami nagy val\u00f3sz\u00edn\u0171s\u00e9ggel szoftveres vagy h\u00e1tt\u00e9rt\u00e1r (HDD) okokra vezethet\u0151 vissza<\/li>\n<li data-section-id=\"1nim0p3\" data-start=\"876\" data-end=\"908\"><strong data-start=\"878\" data-end=\"906\">T\u00f6lt\u0151 nem tartozik hozz\u00e1<\/strong><\/li>\n<li data-section-id=\"xxfrw2\" data-start=\"909\" data-end=\"965\">Haszn\u00e1lt \u00e1llapot, eszt\u00e9tikai kop\u00e1sok el\u0151fordulhatnak<\/li>\n<\/ul>\n<p data-start=\"967\" data-end=\"1007\">\ud83d\udc49 Fontos kiemelni, hogy ezek a t\u00edpusok:<\/p>\n<ul data-start=\"1008\" data-end=\"1119\">\n<li data-section-id=\"rikrr\" data-start=\"1008\" data-end=\"1058\">k\u00f6nnyen <strong data-start=\"1018\" data-end=\"1056\">felgyors\u00edthat\u00f3k egy SSD b\u0151v\u00edt\u00e9ssel<\/strong><\/li>\n<li data-section-id=\"11oxe38\" data-start=\"1059\" data-end=\"1089\">egyszer\u0171en karbantarthat\u00f3k<\/li>\n<li data-section-id=\"lc7syp\" data-start=\"1090\" data-end=\"1119\">alkatr\u00e9szei j\u00f3l el\u00e9rhet\u0151k<\/li>\n<\/ul>\n<p data-start=\"1121\" data-end=\"1258\">Ez\u00e1ltal a laptop kiv\u00e1l\u00f3 v\u00e1laszt\u00e1s lehet:<br \/>\n\u2714 fel\u00faj\u00edt\u00e1sra \/ \u00fajrahasznos\u00edt\u00e1sra<br data-start=\"1195\" data-end=\"1198\" \/>\u2714 alkatr\u00e9sznek<br data-start=\"1212\" data-end=\"1215\" \/>\u2714 alap irodai g\u00e9pnek kisebb r\u00e1ford\u00edt\u00e1ssal<\/p>\n<p data-start=\"1260\" data-end=\"1415\">\ud83d\udccc <strong data-start=\"1263\" data-end=\"1280\">Szolg\u00e1ltat\u00e1s:<\/strong><br data-start=\"1280\" data-end=\"1283\" \/>Ig\u00e9ny eset\u00e9n a k\u00e9sz\u00fcl\u00e9k <strong data-start=\"1307\" data-end=\"1348\">\u00e1tvizsg\u00e1l\u00e1sa biztos\u00edtott \u00e1tad\u00e1s el\u0151tt<\/strong>, illetve tan\u00e1csot adunk a legjobb \u00e1r-\u00e9rt\u00e9k ar\u00e1ny\u00fa fejleszt\u00e9sekhez.<\/p>\n<p data-start=\"1417\" data-end=\"1512\">\ud83d\udc49 Egy kis r\u00e1ford\u00edt\u00e1ssal ez a laptop \u00fajra egy <strong data-start=\"1463\" data-end=\"1511\">megb\u00edzhat\u00f3, hossz\u00fa t\u00e1v\u00fa munkaeszk\u00f6zz\u00e9 v\u00e1lhat<\/strong>.<\/p>","protected":false},"excerpt":{"rendered":"<p>Ez a Dell Latitude \u00fczleti laptop egy klasszikus, v\u00e1llalati kateg\u00f3ri\u00e1s eszk\u00f6z, amely tart\u00f3ss\u00e1g\u00e1r\u00f3l \u00e9s megb\u00edzhat\u00f3s\u00e1g\u00e1r\u00f3l ismert. A Latitude sz\u00e9ria kifejezetten hossz\u00fa t\u00e1v\u00fa haszn\u00e1latra k\u00e9sz\u00fclt, \u00edgy m\u00e9g haszn\u00e1lt \u00e1llapotban is stabil alapot ny\u00fajt. A k\u00e9sz\u00fcl\u00e9k massz\u00edv fel\u00e9p\u00edt\u00e9se \u00e9s ergonomikus billenty\u0171zete ide\u00e1liss\u00e1 teszi irodai munk\u00e1ra, tanul\u00e1sra vagy ak\u00e1r egy m\u00e1sodlagos laptopk\u00e9nt val\u00f3 haszn\u00e1latra. \ud83d\udccc Jelenlegi \u00e1llapot: A&hellip;<\/p>","protected":false},"featured_media":50091,"template":"","meta":[],"product_brand":[],"product_cat":[2792],"product_tag":[2794,2793,2806,2803,2799,2795,2802,2805,2797,2800,2801,2798,2804,2796],"class_list":{"0":"post-50089","1":"product","2":"type-product","3":"status-publish","4":"has-post-thumbnail","6":"product_cat-hasznalt-laptopok","7":"product_tag-dell-laptop","8":"product_tag-dell-latitude","9":"product_tag-dell-uzleti-gep","10":"product_tag-diak-laptop","11":"product_tag-felujitasra-laptop","12":"product_tag-hasznalt-laptop","13":"product_tag-irodai-laptop","14":"product_tag-laptop-alkatresz","15":"product_tag-laptop-elado","16":"product_tag-laptop-tolto-nelkul","17":"product_tag-lassu-laptop","18":"product_tag-olcso-laptop","19":"product_tag-refurbished-laptop","20":"product_tag-uzleti-laptop","21":"description-off","23":"first","24":"instock","25":"shipping-taxable","26":"purchasable","27":"product-type-simple"},"yoast_head":"<!-- This site is optimized with the Yoast SEO plugin v27.4 - https:\/\/yoast.com\/product\/yoast-seo-wordpress\/ -->\n<title>Dell Latitude laptop elad\u00f3 \u2013 \u00fczleti min\u0151s\u00e9g, fel\u00faj\u00edt\u00e1sra | t\u00f6lt\u0151 n\u00e9lk\u00fcl<\/title>\n<meta name=\"description\" content=\"Haszn\u00e1lt Dell Latitude laptop elad\u00f3. Lassabb m\u0171k\u00f6d\u00e9s\u0171, t\u00f6lt\u0151 n\u00e9lk\u00fcl. Ide\u00e1lis fel\u00faj\u00edt\u00e1sra vagy irodai alapg\u00e9pk\u00e9nt. Strapab\u00edr\u00f3 \u00fczleti modell kedvez\u0151 \u00e1ron.\" \/>\n<meta name=\"robots\" content=\"index, follow, max-snippet:-1, max-image-preview:large, max-video-preview:-1\" \/>\n<link rel=\"canonical\" href=\"https:\/\/yupie.app\/ro\/product\/dell-latitude-laptop\/\" \/>\n<meta property=\"og:locale\" content=\"ro_RO\" \/>\n<meta property=\"og:type\" content=\"article\" \/>\n<meta property=\"og:title\" content=\"Dell Latitude laptop elad\u00f3 \u2013 \u00fczleti min\u0151s\u00e9g, fel\u00faj\u00edt\u00e1sra | t\u00f6lt\u0151 n\u00e9lk\u00fcl\" \/>\n<meta property=\"og:description\" content=\"Haszn\u00e1lt Dell Latitude laptop elad\u00f3. Lassabb m\u0171k\u00f6d\u00e9s\u0171, t\u00f6lt\u0151 n\u00e9lk\u00fcl. Ide\u00e1lis fel\u00faj\u00edt\u00e1sra vagy irodai alapg\u00e9pk\u00e9nt. Strapab\u00edr\u00f3 \u00fczleti modell kedvez\u0151 \u00e1ron.\" \/>\n<meta property=\"og:url\" content=\"https:\/\/yupie.app\/ro\/product\/dell-latitude-laptop\/\" \/>\n<meta property=\"og:site_name\" content=\"yupie.app\" \/>\n<meta property=\"article:publisher\" content=\"https:\/\/www.facebook.com\/profile.php?id=100089345417295\" \/>\n<meta property=\"article:modified_time\" content=\"2026-04-14T06:51:16+00:00\" \/>\n<meta property=\"og:image\" content=\"https:\/\/yupie.app\/wp-content\/uploads\/2026\/04\/1-4.png\" \/>\n\t<meta property=\"og:image:width\" content=\"1536\" \/>\n\t<meta property=\"og:image:height\" content=\"1024\" \/>\n\t<meta property=\"og:image:type\" content=\"image\/png\" \/>\n<meta name=\"twitter:card\" content=\"summary_large_image\" \/>\n<meta name=\"twitter:label1\" content=\"Timp estimat pentru citire\" \/>\n\t<meta name=\"twitter:data1\" content=\"1 minut\" \/>\n<script type=\"application\/ld+json\" class=\"yoast-schema-graph\">{\"@context\":\"https:\\\/\\\/schema.org\",\"@graph\":[{\"@type\":\"WebPage\",\"@id\":\"https:\\\/\\\/yupie.app\\\/product\\\/dell-latitude-laptop\\\/\",\"url\":\"https:\\\/\\\/yupie.app\\\/product\\\/dell-latitude-laptop\\\/\",\"name\":\"Dell Latitude laptop elad\u00f3 \u2013 \u00fczleti min\u0151s\u00e9g, fel\u00faj\u00edt\u00e1sra | t\u00f6lt\u0151 n\u00e9lk\u00fcl\",\"isPartOf\":{\"@id\":\"https:\\\/\\\/yupie.app\\\/#website\"},\"primaryImageOfPage\":{\"@id\":\"https:\\\/\\\/yupie.app\\\/product\\\/dell-latitude-laptop\\\/#primaryimage\"},\"image\":{\"@id\":\"https:\\\/\\\/yupie.app\\\/product\\\/dell-latitude-laptop\\\/#primaryimage\"},\"thumbnailUrl\":\"https:\\\/\\\/yupie.app\\\/wp-content\\\/uploads\\\/2026\\\/04\\\/1-4.png\",\"datePublished\":\"2026-04-14T06:51:15+00:00\",\"dateModified\":\"2026-04-14T06:51:16+00:00\",\"description\":\"Haszn\u00e1lt Dell Latitude laptop elad\u00f3. Lassabb m\u0171k\u00f6d\u00e9s\u0171, t\u00f6lt\u0151 n\u00e9lk\u00fcl. Ide\u00e1lis fel\u00faj\u00edt\u00e1sra vagy irodai alapg\u00e9pk\u00e9nt. Strapab\u00edr\u00f3 \u00fczleti modell kedvez\u0151 \u00e1ron.\",\"breadcrumb\":{\"@id\":\"https:\\\/\\\/yupie.app\\\/product\\\/dell-latitude-laptop\\\/#breadcrumb\"},\"inLanguage\":\"ro-RO\",\"potentialAction\":[{\"@type\":\"ReadAction\",\"target\":[\"https:\\\/\\\/yupie.app\\\/product\\\/dell-latitude-laptop\\\/\"]}]},{\"@type\":\"ImageObject\",\"inLanguage\":\"ro-RO\",\"@id\":\"https:\\\/\\\/yupie.app\\\/product\\\/dell-latitude-laptop\\\/#primaryimage\",\"url\":\"https:\\\/\\\/yupie.app\\\/wp-content\\\/uploads\\\/2026\\\/04\\\/1-4.png\",\"contentUrl\":\"https:\\\/\\\/yupie.app\\\/wp-content\\\/uploads\\\/2026\\\/04\\\/1-4.png\",\"width\":1536,\"height\":1024,\"caption\":\"Megb\u00edzhat\u00f3 Dell Latitude \u00fczleti laptop, ide\u00e1lis fel\u00faj\u00edt\u00e1sra vagy alap irodai haszn\u00e1latra.\"},{\"@type\":\"BreadcrumbList\",\"@id\":\"https:\\\/\\\/yupie.app\\\/product\\\/dell-latitude-laptop\\\/#breadcrumb\",\"itemListElement\":[{\"@type\":\"ListItem\",\"position\":1,\"name\":\"Kezd\u0151lap\",\"item\":\"https:\\\/\\\/yupie.app\\\/\"},{\"@type\":\"ListItem\",\"position\":2,\"name\":\"Katal\u00f3gus\",\"item\":\"https:\\\/\\\/yupie.app\\\/katalogus\\\/\"},{\"@type\":\"ListItem\",\"position\":3,\"name\":\"Dell Latitude \u00fczleti laptop \u2013 strapab\u00edr\u00f3 munkaeszk\u00f6z\"}]},{\"@type\":\"WebSite\",\"@id\":\"https:\\\/\\\/yupie.app\\\/#website\",\"url\":\"https:\\\/\\\/yupie.app\\\/\",\"name\":\"yupie.app\",\"description\":\"\",\"publisher\":{\"@id\":\"https:\\\/\\\/yupie.app\\\/#organization\"},\"potentialAction\":[{\"@type\":\"SearchAction\",\"target\":{\"@type\":\"EntryPoint\",\"urlTemplate\":\"https:\\\/\\\/yupie.app\\\/?s={search_term_string}\"},\"query-input\":{\"@type\":\"PropertyValueSpecification\",\"valueRequired\":true,\"valueName\":\"search_term_string\"}}],\"inLanguage\":\"ro-RO\"},{\"@type\":\"Organization\",\"@id\":\"https:\\\/\\\/yupie.app\\\/#organization\",\"name\":\"yupie.app\",\"url\":\"https:\\\/\\\/yupie.app\\\/\",\"logo\":{\"@type\":\"ImageObject\",\"inLanguage\":\"ro-RO\",\"@id\":\"https:\\\/\\\/yupie.app\\\/#\\\/schema\\\/logo\\\/image\\\/\",\"url\":\"https:\\\/\\\/yupie.app\\\/wp-content\\\/uploads\\\/2025\\\/07\\\/cropped-uj-logo.png\",\"contentUrl\":\"https:\\\/\\\/yupie.app\\\/wp-content\\\/uploads\\\/2025\\\/07\\\/cropped-uj-logo.png\",\"width\":500,\"height\":208,\"caption\":\"yupie.app\"},\"image\":{\"@id\":\"https:\\\/\\\/yupie.app\\\/#\\\/schema\\\/logo\\\/image\\\/\"},\"sameAs\":[\"https:\\\/\\\/www.facebook.com\\\/profile.php?id=100089345417295\"]}]}<\/script>\n<!-- \/ Yoast SEO plugin. -->","yoast_head_json":{"title":"Dell Latitude laptop elad\u00f3 \u2013 \u00fczleti min\u0151s\u00e9g, fel\u00faj\u00edt\u00e1sra | t\u00f6lt\u0151 n\u00e9lk\u00fcl","description":"Haszn\u00e1lt Dell Latitude laptop elad\u00f3. Lassabb m\u0171k\u00f6d\u00e9s\u0171, t\u00f6lt\u0151 n\u00e9lk\u00fcl. Ide\u00e1lis fel\u00faj\u00edt\u00e1sra vagy irodai alapg\u00e9pk\u00e9nt. Strapab\u00edr\u00f3 \u00fczleti modell kedvez\u0151 \u00e1ron.","robots":{"index":"index","follow":"follow","max-snippet":"max-snippet:-1","max-image-preview":"max-image-preview:large","max-video-preview":"max-video-preview:-1"},"canonical":"https:\/\/yupie.app\/ro\/product\/dell-latitude-laptop\/","og_locale":"ro_RO","og_type":"article","og_title":"Dell Latitude laptop elad\u00f3 \u2013 \u00fczleti min\u0151s\u00e9g, fel\u00faj\u00edt\u00e1sra | t\u00f6lt\u0151 n\u00e9lk\u00fcl","og_description":"Haszn\u00e1lt Dell Latitude laptop elad\u00f3. Lassabb m\u0171k\u00f6d\u00e9s\u0171, t\u00f6lt\u0151 n\u00e9lk\u00fcl. Ide\u00e1lis fel\u00faj\u00edt\u00e1sra vagy irodai alapg\u00e9pk\u00e9nt. Strapab\u00edr\u00f3 \u00fczleti modell kedvez\u0151 \u00e1ron.","og_url":"https:\/\/yupie.app\/ro\/product\/dell-latitude-laptop\/","og_site_name":"yupie.app","article_publisher":"https:\/\/www.facebook.com\/profile.php?id=100089345417295","article_modified_time":"2026-04-14T06:51:16+00:00","og_image":[{"width":1536,"height":1024,"url":"https:\/\/yupie.app\/wp-content\/uploads\/2026\/04\/1-4.png","type":"image\/png"}],"twitter_card":"summary_large_image","twitter_misc":{"Timp estimat pentru citire":"1 minut"},"schema":{"@context":"https:\/\/schema.org","@graph":[{"@type":"WebPage","@id":"https:\/\/yupie.app\/product\/dell-latitude-laptop\/","url":"https:\/\/yupie.app\/product\/dell-latitude-laptop\/","name":"Dell Latitude laptop elad\u00f3 \u2013 \u00fczleti min\u0151s\u00e9g, fel\u00faj\u00edt\u00e1sra | t\u00f6lt\u0151 n\u00e9lk\u00fcl","isPartOf":{"@id":"https:\/\/yupie.app\/#website"},"primaryImageOfPage":{"@id":"https:\/\/yupie.app\/product\/dell-latitude-laptop\/#primaryimage"},"image":{"@id":"https:\/\/yupie.app\/product\/dell-latitude-laptop\/#primaryimage"},"thumbnailUrl":"https:\/\/yupie.app\/wp-content\/uploads\/2026\/04\/1-4.png","datePublished":"2026-04-14T06:51:15+00:00","dateModified":"2026-04-14T06:51:16+00:00","description":"Haszn\u00e1lt Dell Latitude laptop elad\u00f3. Lassabb m\u0171k\u00f6d\u00e9s\u0171, t\u00f6lt\u0151 n\u00e9lk\u00fcl. Ide\u00e1lis fel\u00faj\u00edt\u00e1sra vagy irodai alapg\u00e9pk\u00e9nt. Strapab\u00edr\u00f3 \u00fczleti modell kedvez\u0151 \u00e1ron.","breadcrumb":{"@id":"https:\/\/yupie.app\/product\/dell-latitude-laptop\/#breadcrumb"},"inLanguage":"ro-RO","potentialAction":[{"@type":"ReadAction","target":["https:\/\/yupie.app\/product\/dell-latitude-laptop\/"]}]},{"@type":"ImageObject","inLanguage":"ro-RO","@id":"https:\/\/yupie.app\/product\/dell-latitude-laptop\/#primaryimage","url":"https:\/\/yupie.app\/wp-content\/uploads\/2026\/04\/1-4.png","contentUrl":"https:\/\/yupie.app\/wp-content\/uploads\/2026\/04\/1-4.png","width":1536,"height":1024,"caption":"Megb\u00edzhat\u00f3 Dell Latitude \u00fczleti laptop, ide\u00e1lis fel\u00faj\u00edt\u00e1sra vagy alap irodai haszn\u00e1latra."},{"@type":"BreadcrumbList","@id":"https:\/\/yupie.app\/product\/dell-latitude-laptop\/#breadcrumb","itemListElement":[{"@type":"ListItem","position":1,"name":"Kezd\u0151lap","item":"https:\/\/yupie.app\/"},{"@type":"ListItem","position":2,"name":"Katal\u00f3gus","item":"https:\/\/yupie.app\/katalogus\/"},{"@type":"ListItem","position":3,"name":"Dell Latitude \u00fczleti laptop \u2013 strapab\u00edr\u00f3 munkaeszk\u00f6z"}]},{"@type":"WebSite","@id":"https:\/\/yupie.app\/#website","url":"https:\/\/yupie.app\/","name":"yupie.app","description":"","publisher":{"@id":"https:\/\/yupie.app\/#organization"},"potentialAction":[{"@type":"SearchAction","target":{"@type":"EntryPoint","urlTemplate":"https:\/\/yupie.app\/?s={search_term_string}"},"query-input":{"@type":"PropertyValueSpecification","valueRequired":true,"valueName":"search_term_string"}}],"inLanguage":"ro-RO"},{"@type":"Organization","@id":"https:\/\/yupie.app\/#organization","name":"yupie.app","url":"https:\/\/yupie.app\/","logo":{"@type":"ImageObject","inLanguage":"ro-RO","@id":"https:\/\/yupie.app\/#\/schema\/logo\/image\/","url":"https:\/\/yupie.app\/wp-content\/uploads\/2025\/07\/cropped-uj-logo.png","contentUrl":"https:\/\/yupie.app\/wp-content\/uploads\/2025\/07\/cropped-uj-logo.png","width":500,"height":208,"caption":"yupie.app"},"image":{"@id":"https:\/\/yupie.app\/#\/schema\/logo\/image\/"},"sameAs":["https:\/\/www.facebook.com\/profile.php?id=100089345417295"]}]}},"jetpack_sharing_enabled":true,"_links":{"self":[{"href":"https:\/\/yupie.app\/ro\/wp-json\/wp\/v2\/product\/50089","targetHints":{"allow":["GET"]}}],"collection":[{"href":"https:\/\/yupie.app\/ro\/wp-json\/wp\/v2\/product"}],"about":[{"href":"https:\/\/yupie.app\/ro\/wp-json\/wp\/v2\/types\/product"}],"version-history":[{"count":0,"href":"https:\/\/yupie.app\/ro\/wp-json\/wp\/v2\/product\/50089\/revisions"}],"wp:featuredmedia":[{"embeddable":true,"href":"https:\/\/yupie.app\/ro\/wp-json\/wp\/v2\/media\/50091"}],"wp:attachment":[{"href":"https:\/\/yupie.app\/ro\/wp-json\/wp\/v2\/media?parent=50089"}],"wp:term":[{"taxonomy":"product_brand","embeddable":true,"href":"https:\/\/yupie.app\/ro\/wp-json\/wp\/v2\/product_brand?post=50089"},{"taxonomy":"product_cat","embeddable":true,"href":"https:\/\/yupie.app\/ro\/wp-json\/wp\/v2\/product_cat?post=50089"},{"taxonomy":"product_tag","embeddable":true,"href":"https:\/\/yupie.app\/ro\/wp-json\/wp\/v2\/product_tag?post=50089"}],"curies":[{"name":"wp","href":"https:\/\/api.w.org\/{rel}","templated":true}]}}