{"id":49937,"date":"2026-03-23T12:02:50","date_gmt":"2026-03-23T10:02:50","guid":{"rendered":"https:\/\/yupie.app\/?post_type=product&#038;p=49937"},"modified":"2026-03-23T12:02:51","modified_gmt":"2026-03-23T10:02:51","slug":"gurulos-allithato-magassagu-szek-irodai-vagy-muhely-szek-kerekekkel","status":"publish","type":"product","link":"https:\/\/yupie.app\/ro\/product\/gurulos-allithato-magassagu-szek-irodai-vagy-muhely-szek-kerekekkel\/","title":{"rendered":"Gurul\u00f3s \u00e1ll\u00edthat\u00f3 magass\u00e1g\u00fa sz\u00e9k \u2013 irodai vagy m\u0171hely sz\u00e9k kerekekkel"},"content":{"rendered":"<p data-start=\"487\" data-end=\"580\"><strong data-start=\"487\" data-end=\"580\">Gurul\u00f3s \u00e1ll\u00edthat\u00f3 magass\u00e1g\u00fa sz\u00e9k \u2013 praktikus \u00e9s sokoldal\u00fa megold\u00e1s otthonra vagy munk\u00e1hoz<\/strong><\/p>\n<p data-start=\"582\" data-end=\"825\">Ez a massz\u00edv, f\u00e9m l\u00e1bazattal rendelkez\u0151 gurul\u00f3s sz\u00e9k ide\u00e1lis v\u00e1laszt\u00e1s irodai, m\u0171hely vagy ak\u00e1r otthoni haszn\u00e1latra. Az \u00e1ll\u00edthat\u00f3 magass\u00e1g lehet\u0151v\u00e9 teszi, hogy k\u00f6nnyed\u00e9n az ig\u00e9nyeidhez igaz\u00edtsd, mik\u00f6zben a kerekek biztos\u00edtj\u00e1k a szabad mozg\u00e1st.<\/p>\n<p data-start=\"827\" data-end=\"933\">A stabil, \u00f6t\u00e1g\u00fa f\u00e9m talp kiv\u00e1l\u00f3 tart\u00e1st biztos\u00edt, \u00edgy hosszabb haszn\u00e1lat sor\u00e1n is megb\u00edzhat\u00f3 \u00e9s k\u00e9nyelmes.<\/p>\n<h3 data-section-id=\"16egsfs\" data-start=\"935\" data-end=\"950\">\ud83d\udcd0 M\u00e9retek:<\/h3>\n<ul data-start=\"951\" data-end=\"1005\">\n<li data-section-id=\"1qyouql\" data-start=\"951\" data-end=\"974\">Magass\u00e1g: <strong data-start=\"963\" data-end=\"972\">58 cm<\/strong><\/li>\n<li data-section-id=\"1hp0uiy\" data-start=\"975\" data-end=\"1005\">\u00dcl\u0151fel\u00fclet \u00e1tm\u00e9r\u0151: <strong data-start=\"996\" data-end=\"1005\">38 cm<\/strong><\/li>\n<\/ul>\n<h3 data-section-id=\"k1q9xa\" data-start=\"1007\" data-end=\"1021\">\u2b50 El\u0151ny\u00f6k:<\/h3>\n<ul data-start=\"1022\" data-end=\"1294\">\n<li data-section-id=\"17eoop4\" data-start=\"1022\" data-end=\"1085\">\u2714 <strong data-start=\"1026\" data-end=\"1048\">\u00c1ll\u00edthat\u00f3 magass\u00e1g<\/strong> \u2013 t\u00f6bbf\u00e9le felhaszn\u00e1l\u00e1sra alkalmas<\/li>\n<li data-section-id=\"s3qq5u\" data-start=\"1086\" data-end=\"1134\">\u2714 <strong data-start=\"1090\" data-end=\"1109\">Gurul\u00f3s kivitel<\/strong> \u2013 k\u00f6nny\u0171 mozgathat\u00f3s\u00e1g<\/li>\n<li data-section-id=\"1lggour\" data-start=\"1135\" data-end=\"1185\">\u2714 <strong data-start=\"1139\" data-end=\"1164\">Massz\u00edv f\u00e9m szerkezet<\/strong> \u2013 stabil \u00e9s tart\u00f3s<\/li>\n<li data-section-id=\"1q90o5f\" data-start=\"1186\" data-end=\"1231\">\u2714 <strong data-start=\"1190\" data-end=\"1207\">Kompakt m\u00e9ret<\/strong> \u2013 kis helyen is elf\u00e9r<\/li>\n<li data-section-id=\"y4ptte\" data-start=\"1232\" data-end=\"1294\">\u2714 <strong data-start=\"1236\" data-end=\"1262\">Sokoldal\u00fa felhaszn\u00e1l\u00e1s<\/strong> \u2013 irod\u00e1ba, m\u0171helybe, otthonra<\/li>\n<\/ul>\n<p data-start=\"1296\" data-end=\"1431\">\u26a0\ufe0f <strong data-start=\"1299\" data-end=\"1314\">Megjegyz\u00e9s:<\/strong><br data-start=\"1314\" data-end=\"1317\" \/>A k\u00e9peken l\u00e1that\u00f3 m\u00f3don az \u00fcl\u0151fel\u00fcleten kisebb s\u00e9r\u00fcl\u00e9s \/ szakad\u00e1s tal\u00e1lhat\u00f3, amely a haszn\u00e1latot nem befoly\u00e1solja.<\/p>\n<p data-start=\"1433\" data-end=\"1559\">Ez a sz\u00e9k kiv\u00e1l\u00f3 v\u00e1laszt\u00e1s azok sz\u00e1m\u00e1ra, akik egy praktikus, strapab\u00edr\u00f3 \u00e9s k\u00f6nnyen mozgathat\u00f3 megold\u00e1st keresnek kedvez\u0151 \u00e1ron.<\/p>","protected":false},"excerpt":{"rendered":"<p>Gurul\u00f3s, \u00e1ll\u00edthat\u00f3 magass\u00e1g\u00fa sz\u00e9k massz\u00edv f\u00e9m l\u00e1bbal. Praktikus irodai vagy m\u0171hely haszn\u00e1latra. Kisebb eszt\u00e9tikai s\u00e9r\u00fcl\u00e9ssel.<\/p>","protected":false},"featured_media":49938,"template":"","meta":[],"product_brand":[],"product_cat":[40],"product_tag":[2708,2704,2707,2703,2705,2709,2710,2706],"class_list":{"0":"post-49937","1":"product","2":"type-product","3":"status-publish","4":"has-post-thumbnail","6":"product_cat-butorok","7":"product_tag-allithato-magassagu-szek","8":"product_tag-allithato-szek","9":"product_tag-gurulos-munkaszek","10":"product_tag-gurulos-szek","11":"product_tag-irodai-szek","12":"product_tag-kerekes-szek","13":"product_tag-kompakt-szek","14":"product_tag-muhely-szek","15":"description-off","17":"first","18":"instock","19":"shipping-taxable","20":"purchasable","21":"product-type-simple"},"yoast_head":"<!-- This site is optimized with the Yoast SEO plugin v27.3 - https:\/\/yoast.com\/product\/yoast-seo-wordpress\/ -->\n<title>Gurul\u00f3s \u00e1ll\u00edthat\u00f3 sz\u00e9k \u2013 irodai vagy m\u0171hely sz\u00e9k kerekekkel<\/title>\n<meta name=\"description\" content=\"Gurul\u00f3s, \u00e1ll\u00edthat\u00f3 magass\u00e1g\u00fa sz\u00e9k massz\u00edv f\u00e9m l\u00e1bbal. Ide\u00e1lis irod\u00e1ba vagy m\u0171helybe. Kisebb eszt\u00e9tikai s\u00e9r\u00fcl\u00e9ssel, kedvez\u0151 \u00e1ron a Yupie.app k\u00edn\u00e1lat\u00e1ban.\" \/>\n<meta name=\"robots\" content=\"index, follow, max-snippet:-1, max-image-preview:large, max-video-preview:-1\" \/>\n<link rel=\"canonical\" href=\"https:\/\/yupie.app\/ro\/product\/gurulos-allithato-magassagu-szek-irodai-vagy-muhely-szek-kerekekkel\/\" \/>\n<meta property=\"og:locale\" content=\"ro_RO\" \/>\n<meta property=\"og:type\" content=\"article\" \/>\n<meta property=\"og:title\" content=\"Gurul\u00f3s \u00e1ll\u00edthat\u00f3 sz\u00e9k \u2013 irodai vagy m\u0171hely sz\u00e9k kerekekkel\" \/>\n<meta property=\"og:description\" content=\"Gurul\u00f3s, \u00e1ll\u00edthat\u00f3 magass\u00e1g\u00fa sz\u00e9k massz\u00edv f\u00e9m l\u00e1bbal. Ide\u00e1lis irod\u00e1ba vagy m\u0171helybe. Kisebb eszt\u00e9tikai s\u00e9r\u00fcl\u00e9ssel, kedvez\u0151 \u00e1ron a Yupie.app k\u00edn\u00e1lat\u00e1ban.\" \/>\n<meta property=\"og:url\" content=\"https:\/\/yupie.app\/ro\/product\/gurulos-allithato-magassagu-szek-irodai-vagy-muhely-szek-kerekekkel\/\" \/>\n<meta property=\"og:site_name\" content=\"yupie.app\" \/>\n<meta property=\"article:publisher\" content=\"https:\/\/www.facebook.com\/profile.php?id=100089345417295\" \/>\n<meta property=\"article:modified_time\" content=\"2026-03-23T10:02:51+00:00\" \/>\n<meta property=\"og:image\" content=\"https:\/\/yupie.app\/wp-content\/uploads\/2026\/03\/3-4.png\" \/>\n\t<meta property=\"og:image:width\" content=\"1536\" \/>\n\t<meta property=\"og:image:height\" content=\"1024\" \/>\n\t<meta property=\"og:image:type\" content=\"image\/png\" \/>\n<meta name=\"twitter:card\" content=\"summary_large_image\" \/>\n<meta name=\"twitter:label1\" content=\"Timp estimat pentru citire\" \/>\n\t<meta name=\"twitter:data1\" content=\"1 minut\" \/>\n<script type=\"application\/ld+json\" class=\"yoast-schema-graph\">{\"@context\":\"https:\\\/\\\/schema.org\",\"@graph\":[{\"@type\":\"WebPage\",\"@id\":\"https:\\\/\\\/yupie.app\\\/product\\\/gurulos-allithato-magassagu-szek-irodai-vagy-muhely-szek-kerekekkel\\\/\",\"url\":\"https:\\\/\\\/yupie.app\\\/product\\\/gurulos-allithato-magassagu-szek-irodai-vagy-muhely-szek-kerekekkel\\\/\",\"name\":\"Gurul\u00f3s \u00e1ll\u00edthat\u00f3 sz\u00e9k \u2013 irodai vagy m\u0171hely sz\u00e9k kerekekkel\",\"isPartOf\":{\"@id\":\"https:\\\/\\\/yupie.app\\\/#website\"},\"primaryImageOfPage\":{\"@id\":\"https:\\\/\\\/yupie.app\\\/product\\\/gurulos-allithato-magassagu-szek-irodai-vagy-muhely-szek-kerekekkel\\\/#primaryimage\"},\"image\":{\"@id\":\"https:\\\/\\\/yupie.app\\\/product\\\/gurulos-allithato-magassagu-szek-irodai-vagy-muhely-szek-kerekekkel\\\/#primaryimage\"},\"thumbnailUrl\":\"https:\\\/\\\/yupie.app\\\/wp-content\\\/uploads\\\/2026\\\/03\\\/3-4.png\",\"datePublished\":\"2026-03-23T10:02:50+00:00\",\"dateModified\":\"2026-03-23T10:02:51+00:00\",\"description\":\"Gurul\u00f3s, \u00e1ll\u00edthat\u00f3 magass\u00e1g\u00fa sz\u00e9k massz\u00edv f\u00e9m l\u00e1bbal. Ide\u00e1lis irod\u00e1ba vagy m\u0171helybe. Kisebb eszt\u00e9tikai s\u00e9r\u00fcl\u00e9ssel, kedvez\u0151 \u00e1ron a Yupie.app k\u00edn\u00e1lat\u00e1ban.\",\"breadcrumb\":{\"@id\":\"https:\\\/\\\/yupie.app\\\/product\\\/gurulos-allithato-magassagu-szek-irodai-vagy-muhely-szek-kerekekkel\\\/#breadcrumb\"},\"inLanguage\":\"ro-RO\",\"potentialAction\":[{\"@type\":\"ReadAction\",\"target\":[\"https:\\\/\\\/yupie.app\\\/product\\\/gurulos-allithato-magassagu-szek-irodai-vagy-muhely-szek-kerekekkel\\\/\"]}]},{\"@type\":\"ImageObject\",\"inLanguage\":\"ro-RO\",\"@id\":\"https:\\\/\\\/yupie.app\\\/product\\\/gurulos-allithato-magassagu-szek-irodai-vagy-muhely-szek-kerekekkel\\\/#primaryimage\",\"url\":\"https:\\\/\\\/yupie.app\\\/wp-content\\\/uploads\\\/2026\\\/03\\\/3-4.png\",\"contentUrl\":\"https:\\\/\\\/yupie.app\\\/wp-content\\\/uploads\\\/2026\\\/03\\\/3-4.png\",\"width\":1536,\"height\":1024,\"caption\":\"\u00c1ll\u00edthat\u00f3 magass\u00e1g\u00fa gurul\u00f3s sz\u00e9k \u2013 praktikus \u00e9s stabil munkasz\u00e9k\"},{\"@type\":\"BreadcrumbList\",\"@id\":\"https:\\\/\\\/yupie.app\\\/product\\\/gurulos-allithato-magassagu-szek-irodai-vagy-muhely-szek-kerekekkel\\\/#breadcrumb\",\"itemListElement\":[{\"@type\":\"ListItem\",\"position\":1,\"name\":\"Kezd\u0151lap\",\"item\":\"https:\\\/\\\/yupie.app\\\/\"},{\"@type\":\"ListItem\",\"position\":2,\"name\":\"Katal\u00f3gus\",\"item\":\"https:\\\/\\\/yupie.app\\\/katalogus\\\/\"},{\"@type\":\"ListItem\",\"position\":3,\"name\":\"Gurul\u00f3s \u00e1ll\u00edthat\u00f3 magass\u00e1g\u00fa sz\u00e9k \u2013 irodai vagy m\u0171hely sz\u00e9k kerekekkel\"}]},{\"@type\":\"WebSite\",\"@id\":\"https:\\\/\\\/yupie.app\\\/#website\",\"url\":\"https:\\\/\\\/yupie.app\\\/\",\"name\":\"yupie.app\",\"description\":\"\",\"publisher\":{\"@id\":\"https:\\\/\\\/yupie.app\\\/#organization\"},\"potentialAction\":[{\"@type\":\"SearchAction\",\"target\":{\"@type\":\"EntryPoint\",\"urlTemplate\":\"https:\\\/\\\/yupie.app\\\/?s={search_term_string}\"},\"query-input\":{\"@type\":\"PropertyValueSpecification\",\"valueRequired\":true,\"valueName\":\"search_term_string\"}}],\"inLanguage\":\"ro-RO\"},{\"@type\":\"Organization\",\"@id\":\"https:\\\/\\\/yupie.app\\\/#organization\",\"name\":\"yupie.app\",\"url\":\"https:\\\/\\\/yupie.app\\\/\",\"logo\":{\"@type\":\"ImageObject\",\"inLanguage\":\"ro-RO\",\"@id\":\"https:\\\/\\\/yupie.app\\\/#\\\/schema\\\/logo\\\/image\\\/\",\"url\":\"https:\\\/\\\/yupie.app\\\/wp-content\\\/uploads\\\/2025\\\/07\\\/cropped-uj-logo.png\",\"contentUrl\":\"https:\\\/\\\/yupie.app\\\/wp-content\\\/uploads\\\/2025\\\/07\\\/cropped-uj-logo.png\",\"width\":500,\"height\":208,\"caption\":\"yupie.app\"},\"image\":{\"@id\":\"https:\\\/\\\/yupie.app\\\/#\\\/schema\\\/logo\\\/image\\\/\"},\"sameAs\":[\"https:\\\/\\\/www.facebook.com\\\/profile.php?id=100089345417295\"]}]}<\/script>\n<!-- \/ Yoast SEO plugin. -->","yoast_head_json":{"title":"Gurul\u00f3s \u00e1ll\u00edthat\u00f3 sz\u00e9k \u2013 irodai vagy m\u0171hely sz\u00e9k kerekekkel","description":"Gurul\u00f3s, \u00e1ll\u00edthat\u00f3 magass\u00e1g\u00fa sz\u00e9k massz\u00edv f\u00e9m l\u00e1bbal. Ide\u00e1lis irod\u00e1ba vagy m\u0171helybe. Kisebb eszt\u00e9tikai s\u00e9r\u00fcl\u00e9ssel, kedvez\u0151 \u00e1ron a Yupie.app k\u00edn\u00e1lat\u00e1ban.","robots":{"index":"index","follow":"follow","max-snippet":"max-snippet:-1","max-image-preview":"max-image-preview:large","max-video-preview":"max-video-preview:-1"},"canonical":"https:\/\/yupie.app\/ro\/product\/gurulos-allithato-magassagu-szek-irodai-vagy-muhely-szek-kerekekkel\/","og_locale":"ro_RO","og_type":"article","og_title":"Gurul\u00f3s \u00e1ll\u00edthat\u00f3 sz\u00e9k \u2013 irodai vagy m\u0171hely sz\u00e9k kerekekkel","og_description":"Gurul\u00f3s, \u00e1ll\u00edthat\u00f3 magass\u00e1g\u00fa sz\u00e9k massz\u00edv f\u00e9m l\u00e1bbal. Ide\u00e1lis irod\u00e1ba vagy m\u0171helybe. Kisebb eszt\u00e9tikai s\u00e9r\u00fcl\u00e9ssel, kedvez\u0151 \u00e1ron a Yupie.app k\u00edn\u00e1lat\u00e1ban.","og_url":"https:\/\/yupie.app\/ro\/product\/gurulos-allithato-magassagu-szek-irodai-vagy-muhely-szek-kerekekkel\/","og_site_name":"yupie.app","article_publisher":"https:\/\/www.facebook.com\/profile.php?id=100089345417295","article_modified_time":"2026-03-23T10:02:51+00:00","og_image":[{"width":1536,"height":1024,"url":"https:\/\/yupie.app\/wp-content\/uploads\/2026\/03\/3-4.png","type":"image\/png"}],"twitter_card":"summary_large_image","twitter_misc":{"Timp estimat pentru citire":"1 minut"},"schema":{"@context":"https:\/\/schema.org","@graph":[{"@type":"WebPage","@id":"https:\/\/yupie.app\/product\/gurulos-allithato-magassagu-szek-irodai-vagy-muhely-szek-kerekekkel\/","url":"https:\/\/yupie.app\/product\/gurulos-allithato-magassagu-szek-irodai-vagy-muhely-szek-kerekekkel\/","name":"Gurul\u00f3s \u00e1ll\u00edthat\u00f3 sz\u00e9k \u2013 irodai vagy m\u0171hely sz\u00e9k kerekekkel","isPartOf":{"@id":"https:\/\/yupie.app\/#website"},"primaryImageOfPage":{"@id":"https:\/\/yupie.app\/product\/gurulos-allithato-magassagu-szek-irodai-vagy-muhely-szek-kerekekkel\/#primaryimage"},"image":{"@id":"https:\/\/yupie.app\/product\/gurulos-allithato-magassagu-szek-irodai-vagy-muhely-szek-kerekekkel\/#primaryimage"},"thumbnailUrl":"https:\/\/yupie.app\/wp-content\/uploads\/2026\/03\/3-4.png","datePublished":"2026-03-23T10:02:50+00:00","dateModified":"2026-03-23T10:02:51+00:00","description":"Gurul\u00f3s, \u00e1ll\u00edthat\u00f3 magass\u00e1g\u00fa sz\u00e9k massz\u00edv f\u00e9m l\u00e1bbal. Ide\u00e1lis irod\u00e1ba vagy m\u0171helybe. Kisebb eszt\u00e9tikai s\u00e9r\u00fcl\u00e9ssel, kedvez\u0151 \u00e1ron a Yupie.app k\u00edn\u00e1lat\u00e1ban.","breadcrumb":{"@id":"https:\/\/yupie.app\/product\/gurulos-allithato-magassagu-szek-irodai-vagy-muhely-szek-kerekekkel\/#breadcrumb"},"inLanguage":"ro-RO","potentialAction":[{"@type":"ReadAction","target":["https:\/\/yupie.app\/product\/gurulos-allithato-magassagu-szek-irodai-vagy-muhely-szek-kerekekkel\/"]}]},{"@type":"ImageObject","inLanguage":"ro-RO","@id":"https:\/\/yupie.app\/product\/gurulos-allithato-magassagu-szek-irodai-vagy-muhely-szek-kerekekkel\/#primaryimage","url":"https:\/\/yupie.app\/wp-content\/uploads\/2026\/03\/3-4.png","contentUrl":"https:\/\/yupie.app\/wp-content\/uploads\/2026\/03\/3-4.png","width":1536,"height":1024,"caption":"\u00c1ll\u00edthat\u00f3 magass\u00e1g\u00fa gurul\u00f3s sz\u00e9k \u2013 praktikus \u00e9s stabil munkasz\u00e9k"},{"@type":"BreadcrumbList","@id":"https:\/\/yupie.app\/product\/gurulos-allithato-magassagu-szek-irodai-vagy-muhely-szek-kerekekkel\/#breadcrumb","itemListElement":[{"@type":"ListItem","position":1,"name":"Kezd\u0151lap","item":"https:\/\/yupie.app\/"},{"@type":"ListItem","position":2,"name":"Katal\u00f3gus","item":"https:\/\/yupie.app\/katalogus\/"},{"@type":"ListItem","position":3,"name":"Gurul\u00f3s \u00e1ll\u00edthat\u00f3 magass\u00e1g\u00fa sz\u00e9k \u2013 irodai vagy m\u0171hely sz\u00e9k kerekekkel"}]},{"@type":"WebSite","@id":"https:\/\/yupie.app\/#website","url":"https:\/\/yupie.app\/","name":"yupie.app","description":"","publisher":{"@id":"https:\/\/yupie.app\/#organization"},"potentialAction":[{"@type":"SearchAction","target":{"@type":"EntryPoint","urlTemplate":"https:\/\/yupie.app\/?s={search_term_string}"},"query-input":{"@type":"PropertyValueSpecification","valueRequired":true,"valueName":"search_term_string"}}],"inLanguage":"ro-RO"},{"@type":"Organization","@id":"https:\/\/yupie.app\/#organization","name":"yupie.app","url":"https:\/\/yupie.app\/","logo":{"@type":"ImageObject","inLanguage":"ro-RO","@id":"https:\/\/yupie.app\/#\/schema\/logo\/image\/","url":"https:\/\/yupie.app\/wp-content\/uploads\/2025\/07\/cropped-uj-logo.png","contentUrl":"https:\/\/yupie.app\/wp-content\/uploads\/2025\/07\/cropped-uj-logo.png","width":500,"height":208,"caption":"yupie.app"},"image":{"@id":"https:\/\/yupie.app\/#\/schema\/logo\/image\/"},"sameAs":["https:\/\/www.facebook.com\/profile.php?id=100089345417295"]}]}},"jetpack_sharing_enabled":true,"_links":{"self":[{"href":"https:\/\/yupie.app\/ro\/wp-json\/wp\/v2\/product\/49937","targetHints":{"allow":["GET"]}}],"collection":[{"href":"https:\/\/yupie.app\/ro\/wp-json\/wp\/v2\/product"}],"about":[{"href":"https:\/\/yupie.app\/ro\/wp-json\/wp\/v2\/types\/product"}],"version-history":[{"count":0,"href":"https:\/\/yupie.app\/ro\/wp-json\/wp\/v2\/product\/49937\/revisions"}],"wp:featuredmedia":[{"embeddable":true,"href":"https:\/\/yupie.app\/ro\/wp-json\/wp\/v2\/media\/49938"}],"wp:attachment":[{"href":"https:\/\/yupie.app\/ro\/wp-json\/wp\/v2\/media?parent=49937"}],"wp:term":[{"taxonomy":"product_brand","embeddable":true,"href":"https:\/\/yupie.app\/ro\/wp-json\/wp\/v2\/product_brand?post=49937"},{"taxonomy":"product_cat","embeddable":true,"href":"https:\/\/yupie.app\/ro\/wp-json\/wp\/v2\/product_cat?post=49937"},{"taxonomy":"product_tag","embeddable":true,"href":"https:\/\/yupie.app\/ro\/wp-json\/wp\/v2\/product_tag?post=49937"}],"curies":[{"name":"wp","href":"https:\/\/api.w.org\/{rel}","templated":true}]}}