{"id":49867,"date":"2026-03-17T10:25:42","date_gmt":"2026-03-17T08:25:42","guid":{"rendered":"https:\/\/yupie.app\/?post_type=product&#038;p=49867"},"modified":"2026-04-01T09:49:55","modified_gmt":"2026-04-01T07:49:55","slug":"philips-vr266-02-vhs-videomagno-retro-videolejatszo","status":"publish","type":"product","link":"https:\/\/yupie.app\/ro\/product\/philips-vr266-02-vhs-videomagno-retro-videolejatszo\/","title":{"rendered":"Philips VR266\/02 VHS vide\u00f3magn\u00f3 \u2013 retro vide\u00f3lej\u00e1tsz\u00f3, digitaliz\u00e1l\u00e1shoz ide\u00e1lis"},"content":{"rendered":"<p data-start=\"222\" data-end=\"311\"><strong data-start=\"222\" data-end=\"311\">Philips VR266\/02 VHS vide\u00f3magn\u00f3 \u2013 \u00e9rt\u00e9kes retro k\u00e9sz\u00fcl\u00e9k r\u00e9gi felv\u00e9telek meg\u0151rz\u00e9s\u00e9hez<\/strong><\/p>\n<p data-start=\"313\" data-end=\"643\">A Philips VR266\/02 VHS vide\u00f3magn\u00f3 egy klasszikus, megb\u00edzhat\u00f3 retro elektronikai eszk\u00f6z, amely ide\u00e1lis v\u00e1laszt\u00e1s mindazok sz\u00e1m\u00e1ra, akik szeretn\u00e9k \u00fajra lej\u00e1tszani r\u00e9gi VHS kazett\u00e1ikat, vagy digitaliz\u00e1lni csal\u00e1di felv\u00e9teleiket. A Philips m\u00e1rka a min\u0151s\u00e9g \u00e9s tart\u00f3ss\u00e1g szinonim\u00e1ja, \u00edgy ez a modell k\u00fcl\u00f6n\u00f6sen keresett a haszn\u00e1lt piacon.<\/p>\n<p data-start=\"645\" data-end=\"961\">A k\u00e9sz\u00fcl\u00e9k <strong data-start=\"656\" data-end=\"681\">VHS HQ (High Quality)<\/strong> technol\u00f3gi\u00e1val rendelkezik, amely jobb k\u00e9pmin\u0151s\u00e9get biztos\u00edt a hagyom\u00e1nyos VHS lej\u00e1tsz\u00f3khoz k\u00e9pest. A be\u00e9p\u00edtett <strong data-start=\"794\" data-end=\"815\">ShowView rendszer<\/strong> lehet\u0151v\u00e9 teszi az egyszer\u0171 id\u0151z\u00edtett felv\u00e9telt, m\u00edg az <strong data-start=\"871\" data-end=\"898\">On Screen Display (OSD)<\/strong> funkci\u00f3 seg\u00edti a k\u00f6nny\u0171 kezelhet\u0151s\u00e9get a telev\u00edzi\u00f3n kereszt\u00fcl.<\/p>\n<p data-start=\"963\" data-end=\"1241\">A h\u00e1tlapon tal\u00e1lhat\u00f3 <strong data-start=\"984\" data-end=\"1005\">SCART csatlakoz\u00e1s<\/strong> r\u00e9v\u00e9n egyszer\u0171en \u00f6sszek\u00f6thet\u0151 telev\u00edzi\u00f3val, \u00edgy kiv\u00e1l\u00f3an alkalmas r\u00e9gi kazett\u00e1k lej\u00e1tsz\u00e1s\u00e1ra, archiv\u00e1l\u00e1s\u00e1ra vagy digitaliz\u00e1l\u00e1s\u00e1ra. A k\u00e9sz\u00fcl\u00e9k <strong data-start=\"1148\" data-end=\"1176\">Turbo Drive mechanik\u00e1val<\/strong> rendelkezik, amely gyors kazetta bet\u00f6lt\u00e9st \u00e9s kezel\u00e9st biztos\u00edt.<\/p>\n<hr data-start=\"1243\" data-end=\"1246\" \/>\n<h3 data-section-id=\"qfv8jt\" data-start=\"1248\" data-end=\"1287\">\ud83d\udc8e \u00c9rt\u00e9k \u00e9s felhaszn\u00e1l\u00e1si lehet\u0151s\u00e9g<\/h3>\n<p data-start=\"1289\" data-end=\"1371\">Ez a t\u00edpus nem csup\u00e1n egy r\u00e9gi lej\u00e1tsz\u00f3, hanem egy <strong data-start=\"1340\" data-end=\"1363\">\u00e9rt\u00e9kmeg\u0151rz\u0151 eszk\u00f6z<\/strong>, amely:<\/p>\n<ul data-start=\"1372\" data-end=\"1585\">\n<li data-section-id=\"s138yd\" data-start=\"1372\" data-end=\"1425\">\n<p data-start=\"1374\" data-end=\"1425\">lehet\u0151v\u00e9 teszi r\u00e9gi csal\u00e1di eml\u00e9kek visszan\u00e9z\u00e9s\u00e9t<\/p>\n<\/li>\n<li data-section-id=\"12tzk96\" data-start=\"1426\" data-end=\"1468\">\n<p data-start=\"1428\" data-end=\"1468\">alkalmas VHS kazett\u00e1k digitaliz\u00e1l\u00e1s\u00e1ra<\/p>\n<\/li>\n<li data-section-id=\"i7x44w\" data-start=\"1469\" data-end=\"1521\">\n<p data-start=\"1471\" data-end=\"1521\">egyre ritk\u00e1bb a piacon, \u00edgy n\u00f6vekv\u0151 \u00e9rt\u00e9kkel b\u00edr<\/p>\n<\/li>\n<li data-section-id=\"159ebhd\" data-start=\"1522\" data-end=\"1585\">\n<p data-start=\"1524\" data-end=\"1585\">gy\u0171jt\u0151k \u00e9s retro technika kedvel\u0151k sz\u00e1m\u00e1ra is \u00e9rdekes darab<\/p>\n<\/li>\n<\/ul>\n<hr data-start=\"1587\" data-end=\"1590\" \/>\n<h3 data-section-id=\"11bi8mn\" data-start=\"1592\" data-end=\"1633\">\u26a0\ufe0f \u00c1llapot, \u00e1tvizsg\u00e1l\u00e1s \u00e9s tartoz\u00e9kok<\/h3>\n<p data-start=\"1635\" data-end=\"1801\">A term\u00e9k <strong data-start=\"1644\" data-end=\"1668\">\u00e1tvizsg\u00e1l\u00e1sra szorul<\/strong>, azonban a <strong data-start=\"1680\" data-end=\"1738\">c\u00e9g v\u00e1llalja a k\u00e9sz\u00fcl\u00e9k \u00e1tvizsg\u00e1l\u00e1s\u00e1t az \u00e1tv\u00e9tel el\u0151tt<\/strong>, \u00edgy a v\u00e1s\u00e1rl\u00f3 pontos k\u00e9pet kap az \u00e1llapot\u00e1r\u00f3l \u00e9s m\u0171k\u00f6d\u00e9s\u00e9r\u0151l.<\/p>\n<p data-start=\"1803\" data-end=\"1862\">A k\u00e9sz\u00fcl\u00e9k <strong data-start=\"1814\" data-end=\"1855\">tartoz\u00e9kok n\u00e9lk\u00fcl ker\u00fcl \u00e9rt\u00e9kes\u00edt\u00e9sre<\/strong>, azaz:<\/p>\n<ul data-start=\"1863\" data-end=\"1930\">\n<li data-section-id=\"1kzux9h\" data-start=\"1863\" data-end=\"1898\">\n<p data-start=\"1865\" data-end=\"1898\"><strong data-start=\"1865\" data-end=\"1896\">k\u00e1belek nem tartoznak hozz\u00e1<\/strong><\/p>\n<\/li>\n<li data-section-id=\"1cn4xpv\" data-start=\"1899\" data-end=\"1930\">\n<p data-start=\"1901\" data-end=\"1930\"><strong data-start=\"1901\" data-end=\"1928\">t\u00e1vir\u00e1ny\u00edt\u00f3 nincs hozz\u00e1<\/strong><\/p>\n<\/li>\n<\/ul>\n<p data-start=\"1932\" data-end=\"2053\">Ez\u00e9rt els\u0151sorban azok sz\u00e1m\u00e1ra aj\u00e1nlott, akik rendelkeznek a sz\u00fcks\u00e9ges k\u00e1belekkel, vagy k\u00fcl\u00f6n szeretn\u00e9k beszerezni azokat.<\/p>\n<hr data-start=\"2055\" data-end=\"2058\" \/>\n<h3 data-section-id=\"4088y9\" data-start=\"2060\" data-end=\"2073\">\u2705 El\u0151ny\u00f6k<\/h3>\n<ul data-start=\"2075\" data-end=\"2300\">\n<li data-section-id=\"5ven6t\" data-start=\"2075\" data-end=\"2107\">\n<p data-start=\"2077\" data-end=\"2107\">Philips min\u0151s\u00e9g \u00e9s tart\u00f3ss\u00e1g<\/p>\n<\/li>\n<li data-section-id=\"wsp42m\" data-start=\"2108\" data-end=\"2136\">\n<p data-start=\"2110\" data-end=\"2136\">VHS HQ \u2013 jobb k\u00e9pmin\u0151s\u00e9g<\/p>\n<\/li>\n<li data-section-id=\"pqtza4\" data-start=\"2137\" data-end=\"2165\">\n<p data-start=\"2139\" data-end=\"2165\">Ide\u00e1lis digitaliz\u00e1l\u00e1shoz<\/p>\n<\/li>\n<li data-section-id=\"1l26phk\" data-start=\"2166\" data-end=\"2192\">\n<p data-start=\"2168\" data-end=\"2192\">Retro \u00e9s gy\u0171jt\u0151i \u00e9rt\u00e9k<\/p>\n<\/li>\n<li data-section-id=\"1x0hjsz\" data-start=\"2193\" data-end=\"2221\">\n<p data-start=\"2195\" data-end=\"2221\">SCART csatlakoz\u00e1s TV-hez<\/p>\n<\/li>\n<li data-section-id=\"1wtsny9\" data-start=\"2222\" data-end=\"2257\">\n<p data-start=\"2224\" data-end=\"2257\">Egyszer\u0171 kezel\u00e9s (OSD rendszer)<\/p>\n<\/li>\n<li data-section-id=\"1kgeai5\" data-start=\"2258\" data-end=\"2300\">\n<p data-start=\"2260\" data-end=\"2300\">\u00c1tvizsg\u00e1l\u00e1s biztos\u00edtott v\u00e1s\u00e1rl\u00e1s el\u0151tt<\/p>\n<\/li>\n<\/ul>","protected":false},"excerpt":{"rendered":"<p>Philips VR266\/02 VHS vide\u00f3magn\u00f3 \u2013 retro vide\u00f3lej\u00e1tsz\u00f3 r\u00e9gi kazett\u00e1k lej\u00e1tsz\u00e1s\u00e1ra \u00e9s digitaliz\u00e1l\u00e1s\u00e1ra. Megb\u00edzhat\u00f3 Philips min\u0151s\u00e9g, SCART csatlakoz\u00e1ssal. A term\u00e9k \u00e1tvizsg\u00e1l\u00e1sra szorul, a c\u00e9g v\u00e1llalja az \u00e1tvizsg\u00e1l\u00e1st \u00e1tv\u00e9tel el\u0151tt.<\/p>","protected":false},"featured_media":49877,"template":"","meta":[],"product_brand":[],"product_cat":[2664],"product_tag":[2672,2315,2671,2668,2670,2665,2669,2667,2666],"class_list":{"0":"post-49867","1":"product","2":"type-product","3":"status-publish","4":"has-post-thumbnail","6":"product_cat-vhs-videojatszo-videomagno","7":"product_tag-hasznalt-elektronika","8":"product_tag-philips","9":"product_tag-regi-kazetta-lejatszo","10":"product_tag-retro-elektronika","11":"product_tag-vcr","12":"product_tag-vhs","13":"product_tag-vhs-digitalizalas","14":"product_tag-vhs-lejatszo","15":"product_tag-videomagno","16":"description-off","18":"first","19":"instock","20":"shipping-taxable","21":"purchasable","22":"product-type-simple"},"yoast_head":"<!-- This site is optimized with the Yoast SEO plugin v27.3 - https:\/\/yoast.com\/product\/yoast-seo-wordpress\/ -->\n<title>Philips VHS vide\u00f3magn\u00f3 VR266\/02 \u2013 retro vide\u00f3lej\u00e1tsz\u00f3<\/title>\n<meta name=\"description\" content=\"Philips VHS vide\u00f3magn\u00f3 VR266\/02 \u2013 ide\u00e1lis r\u00e9gi kazett\u00e1k lej\u00e1tsz\u00e1s\u00e1hoz \u00e9s digitaliz\u00e1l\u00e1s\u00e1hoz. \u00c1tvizsg\u00e1l\u00e1sra szorul, \u00e1tv\u00e9tel el\u0151tt ellen\u0151rizve.\" \/>\n<meta name=\"robots\" content=\"index, follow, max-snippet:-1, max-image-preview:large, max-video-preview:-1\" \/>\n<link rel=\"canonical\" href=\"https:\/\/yupie.app\/ro\/product\/philips-vr266-02-vhs-videomagno-retro-videolejatszo\/\" \/>\n<meta property=\"og:locale\" content=\"ro_RO\" \/>\n<meta property=\"og:type\" content=\"article\" \/>\n<meta property=\"og:title\" content=\"Philips VHS vide\u00f3magn\u00f3 VR266\/02 \u2013 retro vide\u00f3lej\u00e1tsz\u00f3\" \/>\n<meta property=\"og:description\" content=\"Philips VHS vide\u00f3magn\u00f3 VR266\/02 \u2013 ide\u00e1lis r\u00e9gi kazett\u00e1k lej\u00e1tsz\u00e1s\u00e1hoz \u00e9s digitaliz\u00e1l\u00e1s\u00e1hoz. \u00c1tvizsg\u00e1l\u00e1sra szorul, \u00e1tv\u00e9tel el\u0151tt ellen\u0151rizve.\" \/>\n<meta property=\"og:url\" content=\"https:\/\/yupie.app\/ro\/product\/philips-vr266-02-vhs-videomagno-retro-videolejatszo\/\" \/>\n<meta property=\"og:site_name\" content=\"yupie.app\" \/>\n<meta property=\"article:publisher\" content=\"https:\/\/www.facebook.com\/profile.php?id=100089345417295\" \/>\n<meta property=\"article:modified_time\" content=\"2026-04-01T07:49:55+00:00\" \/>\n<meta property=\"og:image\" content=\"https:\/\/yupie.app\/wp-content\/uploads\/2026\/03\/ChatGPT-Image-Mar-17-2026-10_18_04-AM.png\" \/>\n\t<meta property=\"og:image:width\" content=\"1536\" \/>\n\t<meta property=\"og:image:height\" content=\"1024\" \/>\n\t<meta property=\"og:image:type\" content=\"image\/png\" \/>\n<meta name=\"twitter:card\" content=\"summary_large_image\" \/>\n<meta name=\"twitter:label1\" content=\"Timp estimat pentru citire\" \/>\n\t<meta name=\"twitter:data1\" content=\"2 minute\" \/>\n<script type=\"application\/ld+json\" class=\"yoast-schema-graph\">{\"@context\":\"https:\\\/\\\/schema.org\",\"@graph\":[{\"@type\":\"WebPage\",\"@id\":\"https:\\\/\\\/yupie.app\\\/product\\\/philips-vr266-02-vhs-videomagno-retro-videolejatszo\\\/\",\"url\":\"https:\\\/\\\/yupie.app\\\/product\\\/philips-vr266-02-vhs-videomagno-retro-videolejatszo\\\/\",\"name\":\"Philips VHS vide\u00f3magn\u00f3 VR266\\\/02 \u2013 retro vide\u00f3lej\u00e1tsz\u00f3\",\"isPartOf\":{\"@id\":\"https:\\\/\\\/yupie.app\\\/#website\"},\"primaryImageOfPage\":{\"@id\":\"https:\\\/\\\/yupie.app\\\/product\\\/philips-vr266-02-vhs-videomagno-retro-videolejatszo\\\/#primaryimage\"},\"image\":{\"@id\":\"https:\\\/\\\/yupie.app\\\/product\\\/philips-vr266-02-vhs-videomagno-retro-videolejatszo\\\/#primaryimage\"},\"thumbnailUrl\":\"https:\\\/\\\/yupie.app\\\/wp-content\\\/uploads\\\/2026\\\/03\\\/ChatGPT-Image-Mar-17-2026-10_18_04-AM.png\",\"datePublished\":\"2026-03-17T08:25:42+00:00\",\"dateModified\":\"2026-04-01T07:49:55+00:00\",\"description\":\"Philips VHS vide\u00f3magn\u00f3 VR266\\\/02 \u2013 ide\u00e1lis r\u00e9gi kazett\u00e1k lej\u00e1tsz\u00e1s\u00e1hoz \u00e9s digitaliz\u00e1l\u00e1s\u00e1hoz. \u00c1tvizsg\u00e1l\u00e1sra szorul, \u00e1tv\u00e9tel el\u0151tt ellen\u0151rizve.\",\"breadcrumb\":{\"@id\":\"https:\\\/\\\/yupie.app\\\/product\\\/philips-vr266-02-vhs-videomagno-retro-videolejatszo\\\/#breadcrumb\"},\"inLanguage\":\"ro-RO\",\"potentialAction\":[{\"@type\":\"ReadAction\",\"target\":[\"https:\\\/\\\/yupie.app\\\/product\\\/philips-vr266-02-vhs-videomagno-retro-videolejatszo\\\/\"]}]},{\"@type\":\"ImageObject\",\"inLanguage\":\"ro-RO\",\"@id\":\"https:\\\/\\\/yupie.app\\\/product\\\/philips-vr266-02-vhs-videomagno-retro-videolejatszo\\\/#primaryimage\",\"url\":\"https:\\\/\\\/yupie.app\\\/wp-content\\\/uploads\\\/2026\\\/03\\\/ChatGPT-Image-Mar-17-2026-10_18_04-AM.png\",\"contentUrl\":\"https:\\\/\\\/yupie.app\\\/wp-content\\\/uploads\\\/2026\\\/03\\\/ChatGPT-Image-Mar-17-2026-10_18_04-AM.png\",\"width\":1536,\"height\":1024,\"caption\":\"Philips VHS vide\u00f3magn\u00f3 \u2013 ide\u00e1lis r\u00e9gi kazett\u00e1k lej\u00e1tsz\u00e1s\u00e1ra \u00e9s digitaliz\u00e1l\u00e1s\u00e1ra\"},{\"@type\":\"BreadcrumbList\",\"@id\":\"https:\\\/\\\/yupie.app\\\/product\\\/philips-vr266-02-vhs-videomagno-retro-videolejatszo\\\/#breadcrumb\",\"itemListElement\":[{\"@type\":\"ListItem\",\"position\":1,\"name\":\"Kezd\u0151lap\",\"item\":\"https:\\\/\\\/yupie.app\\\/\"},{\"@type\":\"ListItem\",\"position\":2,\"name\":\"Katal\u00f3gus\",\"item\":\"https:\\\/\\\/yupie.app\\\/katalogus\\\/\"},{\"@type\":\"ListItem\",\"position\":3,\"name\":\"Philips VR266\\\/02 VHS vide\u00f3magn\u00f3 \u2013 retro vide\u00f3lej\u00e1tsz\u00f3, digitaliz\u00e1l\u00e1shoz ide\u00e1lis\"}]},{\"@type\":\"WebSite\",\"@id\":\"https:\\\/\\\/yupie.app\\\/#website\",\"url\":\"https:\\\/\\\/yupie.app\\\/\",\"name\":\"yupie.app\",\"description\":\"\",\"publisher\":{\"@id\":\"https:\\\/\\\/yupie.app\\\/#organization\"},\"potentialAction\":[{\"@type\":\"SearchAction\",\"target\":{\"@type\":\"EntryPoint\",\"urlTemplate\":\"https:\\\/\\\/yupie.app\\\/?s={search_term_string}\"},\"query-input\":{\"@type\":\"PropertyValueSpecification\",\"valueRequired\":true,\"valueName\":\"search_term_string\"}}],\"inLanguage\":\"ro-RO\"},{\"@type\":\"Organization\",\"@id\":\"https:\\\/\\\/yupie.app\\\/#organization\",\"name\":\"yupie.app\",\"url\":\"https:\\\/\\\/yupie.app\\\/\",\"logo\":{\"@type\":\"ImageObject\",\"inLanguage\":\"ro-RO\",\"@id\":\"https:\\\/\\\/yupie.app\\\/#\\\/schema\\\/logo\\\/image\\\/\",\"url\":\"https:\\\/\\\/yupie.app\\\/wp-content\\\/uploads\\\/2025\\\/07\\\/cropped-uj-logo.png\",\"contentUrl\":\"https:\\\/\\\/yupie.app\\\/wp-content\\\/uploads\\\/2025\\\/07\\\/cropped-uj-logo.png\",\"width\":500,\"height\":208,\"caption\":\"yupie.app\"},\"image\":{\"@id\":\"https:\\\/\\\/yupie.app\\\/#\\\/schema\\\/logo\\\/image\\\/\"},\"sameAs\":[\"https:\\\/\\\/www.facebook.com\\\/profile.php?id=100089345417295\"]}]}<\/script>\n<!-- \/ Yoast SEO plugin. -->","yoast_head_json":{"title":"Philips VHS vide\u00f3magn\u00f3 VR266\/02 \u2013 retro vide\u00f3lej\u00e1tsz\u00f3","description":"Philips VHS vide\u00f3magn\u00f3 VR266\/02 \u2013 ide\u00e1lis r\u00e9gi kazett\u00e1k lej\u00e1tsz\u00e1s\u00e1hoz \u00e9s digitaliz\u00e1l\u00e1s\u00e1hoz. \u00c1tvizsg\u00e1l\u00e1sra szorul, \u00e1tv\u00e9tel el\u0151tt ellen\u0151rizve.","robots":{"index":"index","follow":"follow","max-snippet":"max-snippet:-1","max-image-preview":"max-image-preview:large","max-video-preview":"max-video-preview:-1"},"canonical":"https:\/\/yupie.app\/ro\/product\/philips-vr266-02-vhs-videomagno-retro-videolejatszo\/","og_locale":"ro_RO","og_type":"article","og_title":"Philips VHS vide\u00f3magn\u00f3 VR266\/02 \u2013 retro vide\u00f3lej\u00e1tsz\u00f3","og_description":"Philips VHS vide\u00f3magn\u00f3 VR266\/02 \u2013 ide\u00e1lis r\u00e9gi kazett\u00e1k lej\u00e1tsz\u00e1s\u00e1hoz \u00e9s digitaliz\u00e1l\u00e1s\u00e1hoz. \u00c1tvizsg\u00e1l\u00e1sra szorul, \u00e1tv\u00e9tel el\u0151tt ellen\u0151rizve.","og_url":"https:\/\/yupie.app\/ro\/product\/philips-vr266-02-vhs-videomagno-retro-videolejatszo\/","og_site_name":"yupie.app","article_publisher":"https:\/\/www.facebook.com\/profile.php?id=100089345417295","article_modified_time":"2026-04-01T07:49:55+00:00","og_image":[{"width":1536,"height":1024,"url":"https:\/\/yupie.app\/wp-content\/uploads\/2026\/03\/ChatGPT-Image-Mar-17-2026-10_18_04-AM.png","type":"image\/png"}],"twitter_card":"summary_large_image","twitter_misc":{"Timp estimat pentru citire":"2 minute"},"schema":{"@context":"https:\/\/schema.org","@graph":[{"@type":"WebPage","@id":"https:\/\/yupie.app\/product\/philips-vr266-02-vhs-videomagno-retro-videolejatszo\/","url":"https:\/\/yupie.app\/product\/philips-vr266-02-vhs-videomagno-retro-videolejatszo\/","name":"Philips VHS vide\u00f3magn\u00f3 VR266\/02 \u2013 retro vide\u00f3lej\u00e1tsz\u00f3","isPartOf":{"@id":"https:\/\/yupie.app\/#website"},"primaryImageOfPage":{"@id":"https:\/\/yupie.app\/product\/philips-vr266-02-vhs-videomagno-retro-videolejatszo\/#primaryimage"},"image":{"@id":"https:\/\/yupie.app\/product\/philips-vr266-02-vhs-videomagno-retro-videolejatszo\/#primaryimage"},"thumbnailUrl":"https:\/\/yupie.app\/wp-content\/uploads\/2026\/03\/ChatGPT-Image-Mar-17-2026-10_18_04-AM.png","datePublished":"2026-03-17T08:25:42+00:00","dateModified":"2026-04-01T07:49:55+00:00","description":"Philips VHS vide\u00f3magn\u00f3 VR266\/02 \u2013 ide\u00e1lis r\u00e9gi kazett\u00e1k lej\u00e1tsz\u00e1s\u00e1hoz \u00e9s digitaliz\u00e1l\u00e1s\u00e1hoz. \u00c1tvizsg\u00e1l\u00e1sra szorul, \u00e1tv\u00e9tel el\u0151tt ellen\u0151rizve.","breadcrumb":{"@id":"https:\/\/yupie.app\/product\/philips-vr266-02-vhs-videomagno-retro-videolejatszo\/#breadcrumb"},"inLanguage":"ro-RO","potentialAction":[{"@type":"ReadAction","target":["https:\/\/yupie.app\/product\/philips-vr266-02-vhs-videomagno-retro-videolejatszo\/"]}]},{"@type":"ImageObject","inLanguage":"ro-RO","@id":"https:\/\/yupie.app\/product\/philips-vr266-02-vhs-videomagno-retro-videolejatszo\/#primaryimage","url":"https:\/\/yupie.app\/wp-content\/uploads\/2026\/03\/ChatGPT-Image-Mar-17-2026-10_18_04-AM.png","contentUrl":"https:\/\/yupie.app\/wp-content\/uploads\/2026\/03\/ChatGPT-Image-Mar-17-2026-10_18_04-AM.png","width":1536,"height":1024,"caption":"Philips VHS vide\u00f3magn\u00f3 \u2013 ide\u00e1lis r\u00e9gi kazett\u00e1k lej\u00e1tsz\u00e1s\u00e1ra \u00e9s digitaliz\u00e1l\u00e1s\u00e1ra"},{"@type":"BreadcrumbList","@id":"https:\/\/yupie.app\/product\/philips-vr266-02-vhs-videomagno-retro-videolejatszo\/#breadcrumb","itemListElement":[{"@type":"ListItem","position":1,"name":"Kezd\u0151lap","item":"https:\/\/yupie.app\/"},{"@type":"ListItem","position":2,"name":"Katal\u00f3gus","item":"https:\/\/yupie.app\/katalogus\/"},{"@type":"ListItem","position":3,"name":"Philips VR266\/02 VHS vide\u00f3magn\u00f3 \u2013 retro vide\u00f3lej\u00e1tsz\u00f3, digitaliz\u00e1l\u00e1shoz ide\u00e1lis"}]},{"@type":"WebSite","@id":"https:\/\/yupie.app\/#website","url":"https:\/\/yupie.app\/","name":"yupie.app","description":"","publisher":{"@id":"https:\/\/yupie.app\/#organization"},"potentialAction":[{"@type":"SearchAction","target":{"@type":"EntryPoint","urlTemplate":"https:\/\/yupie.app\/?s={search_term_string}"},"query-input":{"@type":"PropertyValueSpecification","valueRequired":true,"valueName":"search_term_string"}}],"inLanguage":"ro-RO"},{"@type":"Organization","@id":"https:\/\/yupie.app\/#organization","name":"yupie.app","url":"https:\/\/yupie.app\/","logo":{"@type":"ImageObject","inLanguage":"ro-RO","@id":"https:\/\/yupie.app\/#\/schema\/logo\/image\/","url":"https:\/\/yupie.app\/wp-content\/uploads\/2025\/07\/cropped-uj-logo.png","contentUrl":"https:\/\/yupie.app\/wp-content\/uploads\/2025\/07\/cropped-uj-logo.png","width":500,"height":208,"caption":"yupie.app"},"image":{"@id":"https:\/\/yupie.app\/#\/schema\/logo\/image\/"},"sameAs":["https:\/\/www.facebook.com\/profile.php?id=100089345417295"]}]}},"jetpack_sharing_enabled":true,"_links":{"self":[{"href":"https:\/\/yupie.app\/ro\/wp-json\/wp\/v2\/product\/49867","targetHints":{"allow":["GET"]}}],"collection":[{"href":"https:\/\/yupie.app\/ro\/wp-json\/wp\/v2\/product"}],"about":[{"href":"https:\/\/yupie.app\/ro\/wp-json\/wp\/v2\/types\/product"}],"version-history":[{"count":0,"href":"https:\/\/yupie.app\/ro\/wp-json\/wp\/v2\/product\/49867\/revisions"}],"wp:featuredmedia":[{"embeddable":true,"href":"https:\/\/yupie.app\/ro\/wp-json\/wp\/v2\/media\/49877"}],"wp:attachment":[{"href":"https:\/\/yupie.app\/ro\/wp-json\/wp\/v2\/media?parent=49867"}],"wp:term":[{"taxonomy":"product_brand","embeddable":true,"href":"https:\/\/yupie.app\/ro\/wp-json\/wp\/v2\/product_brand?post=49867"},{"taxonomy":"product_cat","embeddable":true,"href":"https:\/\/yupie.app\/ro\/wp-json\/wp\/v2\/product_cat?post=49867"},{"taxonomy":"product_tag","embeddable":true,"href":"https:\/\/yupie.app\/ro\/wp-json\/wp\/v2\/product_tag?post=49867"}],"curies":[{"name":"wp","href":"https:\/\/api.w.org\/{rel}","templated":true}]}}