{"id":49830,"date":"2026-03-13T19:20:14","date_gmt":"2026-03-13T17:20:14","guid":{"rendered":"https:\/\/yupie.app\/?post_type=product&#038;p=49830"},"modified":"2026-03-13T19:20:14","modified_gmt":"2026-03-13T17:20:14","slug":"venga-32-colos-dled-televizio-vg32dtv3","status":"publish","type":"product","link":"https:\/\/yupie.app\/ro\/product\/venga-32-colos-dled-televizio-vg32dtv3\/","title":{"rendered":"Venga 32\u201d DLED telev\u00edzi\u00f3 VG32DTV3 \u2013 HDMI, USB, SCART csatlakoz\u00f3kkal"},"content":{"rendered":"<p data-start=\"971\" data-end=\"1186\">A <strong data-start=\"973\" data-end=\"1038\"><span class=\"hover:entity-accent entity-underline inline cursor-pointer align-baseline\"><span class=\"whitespace-normal\">Venga<\/span><\/span> VG32DTV3 DLED telev\u00edzi\u00f3<\/strong> egy megb\u00edzhat\u00f3 \u00e9s praktikus megold\u00e1s azok sz\u00e1m\u00e1ra, akik egy <strong data-start=\"1099\" data-end=\"1156\">kompakt m\u00e9ret\u0171, t\u00f6bb bemenettel rendelkez\u0151 telev\u00edzi\u00f3t<\/strong> keresnek otthoni haszn\u00e1latra.<\/p>\n<p data-start=\"1188\" data-end=\"1475\">A k\u00e9sz\u00fcl\u00e9k <strong data-start=\"1199\" data-end=\"1238\">32 h\u00fcvelykes (kb. 81 cm) kijelz\u0151vel<\/strong> rendelkezik, amely ide\u00e1lis lehet nappaliba, h\u00e1l\u00f3szob\u00e1ba, konyh\u00e1ba vagy ak\u00e1r irodai k\u00f6rnyezetbe is. A DLED technol\u00f3gia energiatakar\u00e9kos m\u0171k\u00f6d\u00e9st \u00e9s stabil k\u00e9pmin\u0151s\u00e9get biztos\u00edt, mik\u00f6zben a telev\u00edzi\u00f3 alacsony energiafogyaszt\u00e1ssal m\u0171k\u00f6dik.<\/p>\n<p data-start=\"1477\" data-end=\"1643\">A k\u00e9sz\u00fcl\u00e9k egyik nagy el\u0151nye a <strong data-start=\"1508\" data-end=\"1541\">sz\u00e9les csatlakoz\u00e1si lehet\u0151s\u00e9g<\/strong>, amely lehet\u0151v\u00e9 teszi, hogy sz\u00e1mos k\u00fcl\u00f6nb\u00f6z\u0151 eszk\u00f6zt csatlakoztassunk hozz\u00e1. A telev\u00edzi\u00f3 rendelkezik:<\/p>\n<ul data-start=\"1645\" data-end=\"1924\">\n<li data-section-id=\"1jjl9id\" data-start=\"1645\" data-end=\"1691\">\n<p data-start=\"1647\" data-end=\"1691\"><strong data-start=\"1647\" data-end=\"1670\">HDMI csatlakoz\u00f3kkal<\/strong> modern eszk\u00f6z\u00f6kh\u00f6z<\/p>\n<\/li>\n<li data-section-id=\"fjh35c\" data-start=\"1692\" data-end=\"1737\">\n<p data-start=\"1694\" data-end=\"1737\"><strong data-start=\"1694\" data-end=\"1709\">USB porttal<\/strong> m\u00e9diaf\u00e1jlok lej\u00e1tsz\u00e1s\u00e1hoz<\/p>\n<\/li>\n<li data-section-id=\"trtqr5\" data-start=\"1738\" data-end=\"1787\">\n<p data-start=\"1740\" data-end=\"1787\"><strong data-start=\"1740\" data-end=\"1763\">SCART csatlakoz\u00f3val<\/strong> r\u00e9gebbi k\u00e9sz\u00fcl\u00e9kekhez<\/p>\n<\/li>\n<li data-section-id=\"1837ckz\" data-start=\"1788\" data-end=\"1836\">\n<p data-start=\"1790\" data-end=\"1836\"><strong data-start=\"1790\" data-end=\"1808\">VGA bemenettel<\/strong> sz\u00e1m\u00edt\u00f3g\u00e9pes kapcsolathoz<\/p>\n<\/li>\n<li data-section-id=\"92d0gm\" data-start=\"1837\" data-end=\"1895\">\n<p data-start=\"1839\" data-end=\"1895\"><strong data-start=\"1839\" data-end=\"1864\">RF \u00e9s AV bemenetekkel<\/strong> klasszikus video eszk\u00f6z\u00f6kh\u00f6z<\/p>\n<\/li>\n<li data-section-id=\"jzjazl\" data-start=\"1896\" data-end=\"1924\">\n<p data-start=\"1898\" data-end=\"1924\"><strong data-start=\"1898\" data-end=\"1924\">fejhallgat\u00f3 kimenettel<\/strong><\/p>\n<\/li>\n<\/ul>\n<p data-start=\"1926\" data-end=\"2062\">Ez a kombin\u00e1ci\u00f3 k\u00fcl\u00f6n\u00f6sen el\u0151ny\u00f6s azok sz\u00e1m\u00e1ra, akik <strong data-start=\"1979\" data-end=\"2061\">r\u00e9gebbi \u00e9s modernebb eszk\u00f6z\u00f6ket is szeretn\u00e9nek egy telev\u00edzi\u00f3hoz csatlakoztatni<\/strong>.<\/p>\n<p data-start=\"2064\" data-end=\"2226\">A telev\u00edzi\u00f3 kompakt kialak\u00edt\u00e1sa miatt k\u00f6nnyen elhelyezhet\u0151 kisebb helyis\u00e9gekben is, ugyanakkor stabil talppal rendelkezik, amely biztons\u00e1gos elhelyez\u00e9st biztos\u00edt.<\/p>\n<p data-start=\"2228\" data-end=\"2420\">A haszn\u00e1lt elektronikai eszk\u00f6z\u00f6k egyik nagy el\u0151nye az <strong data-start=\"2282\" data-end=\"2300\">\u00e1r-\u00e9rt\u00e9k ar\u00e1ny<\/strong>, hiszen egy ilyen k\u00e9sz\u00fcl\u00e9k jelent\u0151sen kedvez\u0151bb \u00e1ron \u00e9rhet\u0151 el, mint az \u00faj telev\u00edzi\u00f3k. Ez k\u00fcl\u00f6n\u00f6sen j\u00f3 v\u00e1laszt\u00e1s lehet:<\/p>\n<ul data-start=\"2422\" data-end=\"2517\">\n<li data-section-id=\"hunna1\" data-start=\"2422\" data-end=\"2446\">\n<p data-start=\"2424\" data-end=\"2446\">m\u00e1sodik telev\u00edzi\u00f3nak<\/p>\n<\/li>\n<li data-section-id=\"zh8n89\" data-start=\"2447\" data-end=\"2464\">\n<p data-start=\"2449\" data-end=\"2464\">vend\u00e9gszob\u00e1ba<\/p>\n<\/li>\n<li data-section-id=\"1m80q3c\" data-start=\"2465\" data-end=\"2481\">\n<p data-start=\"2467\" data-end=\"2481\">di\u00e1k lak\u00e1sba<\/p>\n<\/li>\n<li data-section-id=\"s3tja2\" data-start=\"2482\" data-end=\"2493\">\n<p data-start=\"2484\" data-end=\"2493\">irod\u00e1ba<\/p>\n<\/li>\n<li data-section-id=\"u1200u\" data-start=\"2494\" data-end=\"2517\">\n<p data-start=\"2496\" data-end=\"2517\">m\u0171helybe vagy \u00fczletbe<\/p>\n<\/li>\n<\/ul>\n<p data-start=\"2519\" data-end=\"2708\">A <strong data-start=\"2521\" data-end=\"2573\"><span class=\"hover:entity-accent entity-underline inline cursor-pointer align-baseline\"><span class=\"whitespace-normal\">Venga<\/span><\/span> telev\u00edzi\u00f3k<\/strong> egyszer\u0171 kezelhet\u0151s\u00e9g\u00fckr\u0151l \u00e9s megb\u00edzhat\u00f3 m\u0171k\u00f6d\u00e9s\u00fckr\u0151l ismertek, ez\u00e9rt ez a modell is praktikus v\u00e1laszt\u00e1s lehet mindennapi haszn\u00e1latra.<\/p>","protected":false},"excerpt":{"rendered":"<p>Venga VG32DTV3 32\u201d DLED telev\u00edzi\u00f3 HDMI, USB, SCART \u00e9s VGA csatlakoz\u00f3kkal. Kompakt m\u00e9ret\u0171, energiatakar\u00e9kos TV, amely ide\u00e1lis nappaliba, h\u00e1l\u00f3szob\u00e1ba vagy irod\u00e1ba.<\/p>","protected":false},"featured_media":49834,"template":"","meta":[],"product_brand":[],"product_cat":[2635],"product_tag":[2638,2648,2649,2659,2657,2643,2652,2658,2651,2650,2660,2656,2654,2661,2653,2647,2646,2655],"class_list":{"0":"post-49830","1":"product","2":"type-product","3":"status-publish","4":"has-post-thumbnail","6":"product_cat-yupie-app-tv-es-monitorok","7":"product_tag-32-colos-tv","8":"product_tag-32-inch-televizio","9":"product_tag-dled-televizio","10":"product_tag-energiatakarekos-tv","11":"product_tag-haloszobai-televizio","12":"product_tag-hasznalt-televizio","13":"product_tag-hdmi-tv","14":"product_tag-kompakt-televizio","15":"product_tag-lapos-televizio","16":"product_tag-led-tv","17":"product_tag-multimedias-televizio","18":"product_tag-otthoni-tv","19":"product_tag-scart-csatlakozos-tv","20":"product_tag-televizio-hdmi-usb","21":"product_tag-usb-televizio","22":"product_tag-venga-televizio","23":"product_tag-venga-tv","24":"product_tag-vga-bemenetes-tv","25":"description-off","27":"first","28":"instock","29":"shipping-taxable","30":"purchasable","31":"product-type-simple"},"yoast_head":"<!-- This site is optimized with the Yoast SEO plugin v27.3 - https:\/\/yoast.com\/product\/yoast-seo-wordpress\/ -->\n<title>Venga 32 colos DLED telev\u00edzi\u00f3 VG32DTV3 \u2013 HDMI, USB, SCART<\/title>\n<meta name=\"description\" content=\"Venga VG32DTV3 32 colos DLED telev\u00edzi\u00f3 HDMI, USB, SCART \u00e9s VGA csatlakoz\u00f3kkal. Kompakt m\u00e9ret\u0171, energiatakar\u00e9kos TV, ide\u00e1lis nappaliba, h\u00e1l\u00f3szob\u00e1ba .\" \/>\n<meta name=\"robots\" content=\"index, follow, max-snippet:-1, max-image-preview:large, max-video-preview:-1\" \/>\n<link rel=\"canonical\" href=\"https:\/\/yupie.app\/ro\/product\/venga-32-colos-dled-televizio-vg32dtv3\/\" \/>\n<meta property=\"og:locale\" content=\"ro_RO\" \/>\n<meta property=\"og:type\" content=\"article\" \/>\n<meta property=\"og:title\" content=\"Venga 32 colos DLED telev\u00edzi\u00f3 VG32DTV3 \u2013 HDMI, USB, SCART\" \/>\n<meta property=\"og:description\" content=\"Venga VG32DTV3 32 colos DLED telev\u00edzi\u00f3 HDMI, USB, SCART \u00e9s VGA csatlakoz\u00f3kkal. Kompakt m\u00e9ret\u0171, energiatakar\u00e9kos TV, ide\u00e1lis nappaliba, h\u00e1l\u00f3szob\u00e1ba .\" \/>\n<meta property=\"og:url\" content=\"https:\/\/yupie.app\/ro\/product\/venga-32-colos-dled-televizio-vg32dtv3\/\" \/>\n<meta property=\"og:site_name\" content=\"yupie.app\" \/>\n<meta property=\"article:publisher\" content=\"https:\/\/www.facebook.com\/profile.php?id=100089345417295\" \/>\n<meta property=\"og:image\" content=\"https:\/\/yupie.app\/wp-content\/uploads\/2026\/03\/4-2.png\" \/>\n\t<meta property=\"og:image:width\" content=\"1536\" \/>\n\t<meta property=\"og:image:height\" content=\"1024\" \/>\n\t<meta property=\"og:image:type\" content=\"image\/png\" \/>\n<meta name=\"twitter:card\" content=\"summary_large_image\" \/>\n<meta name=\"twitter:label1\" content=\"Timp estimat pentru citire\" \/>\n\t<meta name=\"twitter:data1\" content=\"2 minute\" \/>\n<script type=\"application\/ld+json\" class=\"yoast-schema-graph\">{\"@context\":\"https:\\\/\\\/schema.org\",\"@graph\":[{\"@type\":\"WebPage\",\"@id\":\"https:\\\/\\\/yupie.app\\\/product\\\/venga-32-colos-dled-televizio-vg32dtv3\\\/\",\"url\":\"https:\\\/\\\/yupie.app\\\/product\\\/venga-32-colos-dled-televizio-vg32dtv3\\\/\",\"name\":\"Venga 32 colos DLED telev\u00edzi\u00f3 VG32DTV3 \u2013 HDMI, USB, SCART\",\"isPartOf\":{\"@id\":\"https:\\\/\\\/yupie.app\\\/#website\"},\"primaryImageOfPage\":{\"@id\":\"https:\\\/\\\/yupie.app\\\/product\\\/venga-32-colos-dled-televizio-vg32dtv3\\\/#primaryimage\"},\"image\":{\"@id\":\"https:\\\/\\\/yupie.app\\\/product\\\/venga-32-colos-dled-televizio-vg32dtv3\\\/#primaryimage\"},\"thumbnailUrl\":\"https:\\\/\\\/yupie.app\\\/wp-content\\\/uploads\\\/2026\\\/03\\\/4-2.png\",\"datePublished\":\"2026-03-13T17:20:14+00:00\",\"description\":\"Venga VG32DTV3 32 colos DLED telev\u00edzi\u00f3 HDMI, USB, SCART \u00e9s VGA csatlakoz\u00f3kkal. Kompakt m\u00e9ret\u0171, energiatakar\u00e9kos TV, ide\u00e1lis nappaliba, h\u00e1l\u00f3szob\u00e1ba .\",\"breadcrumb\":{\"@id\":\"https:\\\/\\\/yupie.app\\\/product\\\/venga-32-colos-dled-televizio-vg32dtv3\\\/#breadcrumb\"},\"inLanguage\":\"ro-RO\",\"potentialAction\":[{\"@type\":\"ReadAction\",\"target\":[\"https:\\\/\\\/yupie.app\\\/product\\\/venga-32-colos-dled-televizio-vg32dtv3\\\/\"]}]},{\"@type\":\"ImageObject\",\"inLanguage\":\"ro-RO\",\"@id\":\"https:\\\/\\\/yupie.app\\\/product\\\/venga-32-colos-dled-televizio-vg32dtv3\\\/#primaryimage\",\"url\":\"https:\\\/\\\/yupie.app\\\/wp-content\\\/uploads\\\/2026\\\/03\\\/4-2.png\",\"contentUrl\":\"https:\\\/\\\/yupie.app\\\/wp-content\\\/uploads\\\/2026\\\/03\\\/4-2.png\",\"width\":1536,\"height\":1024,\"caption\":\"Venga VG32DTV3 32\u201d telev\u00edzi\u00f3 \u2013 Yupie.app digit\u00e1lis v\u00e1rosk\u00f6zpont\"},{\"@type\":\"BreadcrumbList\",\"@id\":\"https:\\\/\\\/yupie.app\\\/product\\\/venga-32-colos-dled-televizio-vg32dtv3\\\/#breadcrumb\",\"itemListElement\":[{\"@type\":\"ListItem\",\"position\":1,\"name\":\"Kezd\u0151lap\",\"item\":\"https:\\\/\\\/yupie.app\\\/\"},{\"@type\":\"ListItem\",\"position\":2,\"name\":\"Katal\u00f3gus\",\"item\":\"https:\\\/\\\/yupie.app\\\/katalogus\\\/\"},{\"@type\":\"ListItem\",\"position\":3,\"name\":\"Venga 32\u201d DLED telev\u00edzi\u00f3 VG32DTV3 \u2013 HDMI, USB, SCART csatlakoz\u00f3kkal\"}]},{\"@type\":\"WebSite\",\"@id\":\"https:\\\/\\\/yupie.app\\\/#website\",\"url\":\"https:\\\/\\\/yupie.app\\\/\",\"name\":\"yupie.app\",\"description\":\"\",\"publisher\":{\"@id\":\"https:\\\/\\\/yupie.app\\\/#organization\"},\"potentialAction\":[{\"@type\":\"SearchAction\",\"target\":{\"@type\":\"EntryPoint\",\"urlTemplate\":\"https:\\\/\\\/yupie.app\\\/?s={search_term_string}\"},\"query-input\":{\"@type\":\"PropertyValueSpecification\",\"valueRequired\":true,\"valueName\":\"search_term_string\"}}],\"inLanguage\":\"ro-RO\"},{\"@type\":\"Organization\",\"@id\":\"https:\\\/\\\/yupie.app\\\/#organization\",\"name\":\"yupie.app\",\"url\":\"https:\\\/\\\/yupie.app\\\/\",\"logo\":{\"@type\":\"ImageObject\",\"inLanguage\":\"ro-RO\",\"@id\":\"https:\\\/\\\/yupie.app\\\/#\\\/schema\\\/logo\\\/image\\\/\",\"url\":\"https:\\\/\\\/yupie.app\\\/wp-content\\\/uploads\\\/2025\\\/07\\\/cropped-uj-logo.png\",\"contentUrl\":\"https:\\\/\\\/yupie.app\\\/wp-content\\\/uploads\\\/2025\\\/07\\\/cropped-uj-logo.png\",\"width\":500,\"height\":208,\"caption\":\"yupie.app\"},\"image\":{\"@id\":\"https:\\\/\\\/yupie.app\\\/#\\\/schema\\\/logo\\\/image\\\/\"},\"sameAs\":[\"https:\\\/\\\/www.facebook.com\\\/profile.php?id=100089345417295\"]}]}<\/script>\n<!-- \/ Yoast SEO plugin. -->","yoast_head_json":{"title":"Venga 32 colos DLED telev\u00edzi\u00f3 VG32DTV3 \u2013 HDMI, USB, SCART","description":"Venga VG32DTV3 32 colos DLED telev\u00edzi\u00f3 HDMI, USB, SCART \u00e9s VGA csatlakoz\u00f3kkal. Kompakt m\u00e9ret\u0171, energiatakar\u00e9kos TV, ide\u00e1lis nappaliba, h\u00e1l\u00f3szob\u00e1ba .","robots":{"index":"index","follow":"follow","max-snippet":"max-snippet:-1","max-image-preview":"max-image-preview:large","max-video-preview":"max-video-preview:-1"},"canonical":"https:\/\/yupie.app\/ro\/product\/venga-32-colos-dled-televizio-vg32dtv3\/","og_locale":"ro_RO","og_type":"article","og_title":"Venga 32 colos DLED telev\u00edzi\u00f3 VG32DTV3 \u2013 HDMI, USB, SCART","og_description":"Venga VG32DTV3 32 colos DLED telev\u00edzi\u00f3 HDMI, USB, SCART \u00e9s VGA csatlakoz\u00f3kkal. Kompakt m\u00e9ret\u0171, energiatakar\u00e9kos TV, ide\u00e1lis nappaliba, h\u00e1l\u00f3szob\u00e1ba .","og_url":"https:\/\/yupie.app\/ro\/product\/venga-32-colos-dled-televizio-vg32dtv3\/","og_site_name":"yupie.app","article_publisher":"https:\/\/www.facebook.com\/profile.php?id=100089345417295","og_image":[{"width":1536,"height":1024,"url":"https:\/\/yupie.app\/wp-content\/uploads\/2026\/03\/4-2.png","type":"image\/png"}],"twitter_card":"summary_large_image","twitter_misc":{"Timp estimat pentru citire":"2 minute"},"schema":{"@context":"https:\/\/schema.org","@graph":[{"@type":"WebPage","@id":"https:\/\/yupie.app\/product\/venga-32-colos-dled-televizio-vg32dtv3\/","url":"https:\/\/yupie.app\/product\/venga-32-colos-dled-televizio-vg32dtv3\/","name":"Venga 32 colos DLED telev\u00edzi\u00f3 VG32DTV3 \u2013 HDMI, USB, SCART","isPartOf":{"@id":"https:\/\/yupie.app\/#website"},"primaryImageOfPage":{"@id":"https:\/\/yupie.app\/product\/venga-32-colos-dled-televizio-vg32dtv3\/#primaryimage"},"image":{"@id":"https:\/\/yupie.app\/product\/venga-32-colos-dled-televizio-vg32dtv3\/#primaryimage"},"thumbnailUrl":"https:\/\/yupie.app\/wp-content\/uploads\/2026\/03\/4-2.png","datePublished":"2026-03-13T17:20:14+00:00","description":"Venga VG32DTV3 32 colos DLED telev\u00edzi\u00f3 HDMI, USB, SCART \u00e9s VGA csatlakoz\u00f3kkal. Kompakt m\u00e9ret\u0171, energiatakar\u00e9kos TV, ide\u00e1lis nappaliba, h\u00e1l\u00f3szob\u00e1ba .","breadcrumb":{"@id":"https:\/\/yupie.app\/product\/venga-32-colos-dled-televizio-vg32dtv3\/#breadcrumb"},"inLanguage":"ro-RO","potentialAction":[{"@type":"ReadAction","target":["https:\/\/yupie.app\/product\/venga-32-colos-dled-televizio-vg32dtv3\/"]}]},{"@type":"ImageObject","inLanguage":"ro-RO","@id":"https:\/\/yupie.app\/product\/venga-32-colos-dled-televizio-vg32dtv3\/#primaryimage","url":"https:\/\/yupie.app\/wp-content\/uploads\/2026\/03\/4-2.png","contentUrl":"https:\/\/yupie.app\/wp-content\/uploads\/2026\/03\/4-2.png","width":1536,"height":1024,"caption":"Venga VG32DTV3 32\u201d telev\u00edzi\u00f3 \u2013 Yupie.app digit\u00e1lis v\u00e1rosk\u00f6zpont"},{"@type":"BreadcrumbList","@id":"https:\/\/yupie.app\/product\/venga-32-colos-dled-televizio-vg32dtv3\/#breadcrumb","itemListElement":[{"@type":"ListItem","position":1,"name":"Kezd\u0151lap","item":"https:\/\/yupie.app\/"},{"@type":"ListItem","position":2,"name":"Katal\u00f3gus","item":"https:\/\/yupie.app\/katalogus\/"},{"@type":"ListItem","position":3,"name":"Venga 32\u201d DLED telev\u00edzi\u00f3 VG32DTV3 \u2013 HDMI, USB, SCART csatlakoz\u00f3kkal"}]},{"@type":"WebSite","@id":"https:\/\/yupie.app\/#website","url":"https:\/\/yupie.app\/","name":"yupie.app","description":"","publisher":{"@id":"https:\/\/yupie.app\/#organization"},"potentialAction":[{"@type":"SearchAction","target":{"@type":"EntryPoint","urlTemplate":"https:\/\/yupie.app\/?s={search_term_string}"},"query-input":{"@type":"PropertyValueSpecification","valueRequired":true,"valueName":"search_term_string"}}],"inLanguage":"ro-RO"},{"@type":"Organization","@id":"https:\/\/yupie.app\/#organization","name":"yupie.app","url":"https:\/\/yupie.app\/","logo":{"@type":"ImageObject","inLanguage":"ro-RO","@id":"https:\/\/yupie.app\/#\/schema\/logo\/image\/","url":"https:\/\/yupie.app\/wp-content\/uploads\/2025\/07\/cropped-uj-logo.png","contentUrl":"https:\/\/yupie.app\/wp-content\/uploads\/2025\/07\/cropped-uj-logo.png","width":500,"height":208,"caption":"yupie.app"},"image":{"@id":"https:\/\/yupie.app\/#\/schema\/logo\/image\/"},"sameAs":["https:\/\/www.facebook.com\/profile.php?id=100089345417295"]}]}},"jetpack_sharing_enabled":true,"_links":{"self":[{"href":"https:\/\/yupie.app\/ro\/wp-json\/wp\/v2\/product\/49830","targetHints":{"allow":["GET"]}}],"collection":[{"href":"https:\/\/yupie.app\/ro\/wp-json\/wp\/v2\/product"}],"about":[{"href":"https:\/\/yupie.app\/ro\/wp-json\/wp\/v2\/types\/product"}],"version-history":[{"count":0,"href":"https:\/\/yupie.app\/ro\/wp-json\/wp\/v2\/product\/49830\/revisions"}],"wp:featuredmedia":[{"embeddable":true,"href":"https:\/\/yupie.app\/ro\/wp-json\/wp\/v2\/media\/49834"}],"wp:attachment":[{"href":"https:\/\/yupie.app\/ro\/wp-json\/wp\/v2\/media?parent=49830"}],"wp:term":[{"taxonomy":"product_brand","embeddable":true,"href":"https:\/\/yupie.app\/ro\/wp-json\/wp\/v2\/product_brand?post=49830"},{"taxonomy":"product_cat","embeddable":true,"href":"https:\/\/yupie.app\/ro\/wp-json\/wp\/v2\/product_cat?post=49830"},{"taxonomy":"product_tag","embeddable":true,"href":"https:\/\/yupie.app\/ro\/wp-json\/wp\/v2\/product_tag?post=49830"}],"curies":[{"name":"wp","href":"https:\/\/api.w.org\/{rel}","templated":true}]}}