{"id":49631,"date":"2026-02-24T08:27:07","date_gmt":"2026-02-24T06:27:07","guid":{"rendered":"https:\/\/yupie.app\/?post_type=product&#038;p=49631"},"modified":"2026-02-24T08:27:07","modified_gmt":"2026-02-24T06:27:07","slug":"tomor-fenyo-etkezoszek-natur-fa-konyhai-szek-45-cm-ulesmagassag","status":"publish","type":"product","link":"https:\/\/yupie.app\/ro\/product\/tomor-fenyo-etkezoszek-natur-fa-konyhai-szek-45-cm-ulesmagassag\/","title":{"rendered":"T\u00f6m\u00f6r feny\u0151 \u00e9tkez\u0151sz\u00e9k \u2013 nat\u00far fa konyhai sz\u00e9k \u2013 45 cm \u00fcl\u00e9smagass\u00e1g"},"content":{"rendered":"<p data-start=\"732\" data-end=\"958\">Ez a t\u00f6m\u00f6r feny\u0151b\u0151l k\u00e9sz\u00fclt \u00e9tkez\u0151sz\u00e9k egyszer\u0171, letisztult formavil\u00e1g\u00e1val id\u0151t\u00e1ll\u00f3 v\u00e1laszt\u00e1s konyh\u00e1ba, \u00e9tkez\u0151be vagy rusztikus enteri\u0151rbe. A term\u00e9szetes faerezet \u00e9s a massz\u00edv szerkezet stabil, megb\u00edzhat\u00f3 haszn\u00e1latot biztos\u00edt.<\/p>\n<p data-start=\"960\" data-end=\"968\">M\u00e9retei:<\/p>\n<ul data-start=\"969\" data-end=\"1052\">\n<li data-start=\"969\" data-end=\"999\">\n<p data-start=\"971\" data-end=\"999\">\u00dcl\u0151fel\u00fclet: 40,5 \u00d7 41,5 cm<\/p>\n<\/li>\n<li data-start=\"1000\" data-end=\"1023\">\n<p data-start=\"1002\" data-end=\"1023\">\u00dcl\u00e9smagass\u00e1g: 45 cm<\/p>\n<\/li>\n<li data-start=\"1024\" data-end=\"1052\">\n<p data-start=\"1026\" data-end=\"1052\">H\u00e1tt\u00e1mla magass\u00e1g: 95 cm<\/p>\n<\/li>\n<\/ul>\n<p data-start=\"1054\" data-end=\"1201\">A 45 cm-es \u00fcl\u00e9smagass\u00e1g standard \u00e9tkez\u0151asztalokhoz ide\u00e1lis. A keresztmerev\u00edt\u00e9ssel er\u0151s\u00edtett l\u00e1bszerkezet stabilit\u00e1st ad mindennapi haszn\u00e1lat sor\u00e1n.<\/p>\n<p data-start=\"1203\" data-end=\"1331\">A feny\u0151 fa k\u00f6nnyen fel\u00faj\u00edthat\u00f3, csiszolhat\u00f3 vagy \u00fajrasz\u00ednezhet\u0151, \u00edgy ak\u00e1r modern, skandin\u00e1v vagy vid\u00e9ki st\u00edlushoz is igaz\u00edthat\u00f3.<\/p>","protected":false},"excerpt":{"rendered":"<p>Ez a t\u00f6m\u00f6r feny\u0151b\u0151l k\u00e9sz\u00fclt \u00e9tkez\u0151sz\u00e9k egyszer\u0171, letisztult formavil\u00e1g\u00e1val id\u0151t\u00e1ll\u00f3 v\u00e1laszt\u00e1s konyh\u00e1ba, \u00e9tkez\u0151be vagy rusztikus enteri\u0151rbe. A term\u00e9szetes faerezet \u00e9s a massz\u00edv szerkezet stabil, megb\u00edzhat\u00f3 haszn\u00e1latot biztos\u00edt. M\u00e9retei: \u00dcl\u0151fel\u00fclet: 40,5 \u00d7 41,5 cm \u00dcl\u00e9smagass\u00e1g: 45 cm H\u00e1tt\u00e1mla magass\u00e1g: 95 cm A 45 cm-es \u00fcl\u00e9smagass\u00e1g standard \u00e9tkez\u0151asztalokhoz ide\u00e1lis. A keresztmerev\u00edt\u00e9ssel er\u0151s\u00edtett l\u00e1bszerkezet stabilit\u00e1st ad mindennapi haszn\u00e1lat&hellip;<\/p>","protected":false},"featured_media":49632,"template":"","meta":[],"product_brand":[],"product_cat":[40],"product_tag":[2492,2457,2490,2493,2491,2494,2495,2489,2482,2496],"class_list":{"0":"post-49631","1":"product","2":"type-product","3":"status-publish","4":"has-post-thumbnail","6":"product_cat-butorok","7":"product_tag-etkezoszek","8":"product_tag-fa-butor","9":"product_tag-fenyo-szek","10":"product_tag-konyhai-szek","11":"product_tag-natur-fa-szek","12":"product_tag-rusztikus-szek","13":"product_tag-skandinav-stilus","14":"product_tag-tomor-fenyo-etkezoszek","15":"product_tag-tomorfa-butor","16":"product_tag-videki-stilus","17":"description-off","19":"first","20":"instock","21":"shipping-taxable","22":"purchasable","23":"product-type-simple"},"yoast_head":"<!-- This site is optimized with the Yoast SEO plugin v27.3 - https:\/\/yoast.com\/product\/yoast-seo-wordpress\/ -->\n<title>T\u00f6m\u00f6r feny\u0151 \u00e9tkez\u0151sz\u00e9k nat\u00far kivitelben \u2013 massz\u00edv fa sz\u00e9k<\/title>\n<meta name=\"description\" content=\"T\u00f6m\u00f6r feny\u0151 \u00e9tkez\u0151sz\u00e9k 45 cm \u00fcl\u00e9smagass\u00e1ggal. Massz\u00edv, nat\u00far fa konyhai sz\u00e9k id\u0151t\u00e1ll\u00f3 kialak\u00edt\u00e1ssal \u00e9s stabil szerkezettel.\" \/>\n<meta name=\"robots\" content=\"index, follow, max-snippet:-1, max-image-preview:large, max-video-preview:-1\" \/>\n<link rel=\"canonical\" href=\"https:\/\/yupie.app\/ro\/product\/tomor-fenyo-etkezoszek-natur-fa-konyhai-szek-45-cm-ulesmagassag\/\" \/>\n<meta property=\"og:locale\" content=\"ro_RO\" \/>\n<meta property=\"og:type\" content=\"article\" \/>\n<meta property=\"og:title\" content=\"T\u00f6m\u00f6r feny\u0151 \u00e9tkez\u0151sz\u00e9k nat\u00far kivitelben \u2013 massz\u00edv fa sz\u00e9k\" \/>\n<meta property=\"og:description\" content=\"T\u00f6m\u00f6r feny\u0151 \u00e9tkez\u0151sz\u00e9k 45 cm \u00fcl\u00e9smagass\u00e1ggal. Massz\u00edv, nat\u00far fa konyhai sz\u00e9k id\u0151t\u00e1ll\u00f3 kialak\u00edt\u00e1ssal \u00e9s stabil szerkezettel.\" \/>\n<meta property=\"og:url\" content=\"https:\/\/yupie.app\/ro\/product\/tomor-fenyo-etkezoszek-natur-fa-konyhai-szek-45-cm-ulesmagassag\/\" \/>\n<meta property=\"og:site_name\" content=\"yupie.app\" \/>\n<meta property=\"article:publisher\" content=\"https:\/\/www.facebook.com\/profile.php?id=100089345417295\" \/>\n<meta property=\"og:image\" content=\"https:\/\/yupie.app\/wp-content\/uploads\/2026\/02\/2.png\" \/>\n\t<meta property=\"og:image:width\" content=\"1024\" \/>\n\t<meta property=\"og:image:height\" content=\"1536\" \/>\n\t<meta property=\"og:image:type\" content=\"image\/png\" \/>\n<meta name=\"twitter:card\" content=\"summary_large_image\" \/>\n<meta name=\"twitter:label1\" content=\"Timp estimat pentru citire\" \/>\n\t<meta name=\"twitter:data1\" content=\"1 minut\" \/>\n<script type=\"application\/ld+json\" class=\"yoast-schema-graph\">{\"@context\":\"https:\\\/\\\/schema.org\",\"@graph\":[{\"@type\":\"WebPage\",\"@id\":\"https:\\\/\\\/yupie.app\\\/product\\\/tomor-fenyo-etkezoszek-natur-fa-konyhai-szek-45-cm-ulesmagassag\\\/\",\"url\":\"https:\\\/\\\/yupie.app\\\/product\\\/tomor-fenyo-etkezoszek-natur-fa-konyhai-szek-45-cm-ulesmagassag\\\/\",\"name\":\"T\u00f6m\u00f6r feny\u0151 \u00e9tkez\u0151sz\u00e9k nat\u00far kivitelben \u2013 massz\u00edv fa sz\u00e9k\",\"isPartOf\":{\"@id\":\"https:\\\/\\\/yupie.app\\\/#website\"},\"primaryImageOfPage\":{\"@id\":\"https:\\\/\\\/yupie.app\\\/product\\\/tomor-fenyo-etkezoszek-natur-fa-konyhai-szek-45-cm-ulesmagassag\\\/#primaryimage\"},\"image\":{\"@id\":\"https:\\\/\\\/yupie.app\\\/product\\\/tomor-fenyo-etkezoszek-natur-fa-konyhai-szek-45-cm-ulesmagassag\\\/#primaryimage\"},\"thumbnailUrl\":\"https:\\\/\\\/yupie.app\\\/wp-content\\\/uploads\\\/2026\\\/02\\\/2.png\",\"datePublished\":\"2026-02-24T06:27:07+00:00\",\"description\":\"T\u00f6m\u00f6r feny\u0151 \u00e9tkez\u0151sz\u00e9k 45 cm \u00fcl\u00e9smagass\u00e1ggal. Massz\u00edv, nat\u00far fa konyhai sz\u00e9k id\u0151t\u00e1ll\u00f3 kialak\u00edt\u00e1ssal \u00e9s stabil szerkezettel.\",\"breadcrumb\":{\"@id\":\"https:\\\/\\\/yupie.app\\\/product\\\/tomor-fenyo-etkezoszek-natur-fa-konyhai-szek-45-cm-ulesmagassag\\\/#breadcrumb\"},\"inLanguage\":\"ro-RO\",\"potentialAction\":[{\"@type\":\"ReadAction\",\"target\":[\"https:\\\/\\\/yupie.app\\\/product\\\/tomor-fenyo-etkezoszek-natur-fa-konyhai-szek-45-cm-ulesmagassag\\\/\"]}]},{\"@type\":\"ImageObject\",\"inLanguage\":\"ro-RO\",\"@id\":\"https:\\\/\\\/yupie.app\\\/product\\\/tomor-fenyo-etkezoszek-natur-fa-konyhai-szek-45-cm-ulesmagassag\\\/#primaryimage\",\"url\":\"https:\\\/\\\/yupie.app\\\/wp-content\\\/uploads\\\/2026\\\/02\\\/2.png\",\"contentUrl\":\"https:\\\/\\\/yupie.app\\\/wp-content\\\/uploads\\\/2026\\\/02\\\/2.png\",\"width\":1024,\"height\":1536,\"caption\":\"Letisztult t\u00f6m\u00f6r feny\u0151 \u00e9tkez\u0151sz\u00e9k klasszikus kialak\u00edt\u00e1ssal\"},{\"@type\":\"BreadcrumbList\",\"@id\":\"https:\\\/\\\/yupie.app\\\/product\\\/tomor-fenyo-etkezoszek-natur-fa-konyhai-szek-45-cm-ulesmagassag\\\/#breadcrumb\",\"itemListElement\":[{\"@type\":\"ListItem\",\"position\":1,\"name\":\"Kezd\u0151lap\",\"item\":\"https:\\\/\\\/yupie.app\\\/\"},{\"@type\":\"ListItem\",\"position\":2,\"name\":\"Katal\u00f3gus\",\"item\":\"https:\\\/\\\/yupie.app\\\/katalogus\\\/\"},{\"@type\":\"ListItem\",\"position\":3,\"name\":\"T\u00f6m\u00f6r feny\u0151 \u00e9tkez\u0151sz\u00e9k \u2013 nat\u00far fa konyhai sz\u00e9k \u2013 45 cm \u00fcl\u00e9smagass\u00e1g\"}]},{\"@type\":\"WebSite\",\"@id\":\"https:\\\/\\\/yupie.app\\\/#website\",\"url\":\"https:\\\/\\\/yupie.app\\\/\",\"name\":\"yupie.app\",\"description\":\"\",\"publisher\":{\"@id\":\"https:\\\/\\\/yupie.app\\\/#organization\"},\"potentialAction\":[{\"@type\":\"SearchAction\",\"target\":{\"@type\":\"EntryPoint\",\"urlTemplate\":\"https:\\\/\\\/yupie.app\\\/?s={search_term_string}\"},\"query-input\":{\"@type\":\"PropertyValueSpecification\",\"valueRequired\":true,\"valueName\":\"search_term_string\"}}],\"inLanguage\":\"ro-RO\"},{\"@type\":\"Organization\",\"@id\":\"https:\\\/\\\/yupie.app\\\/#organization\",\"name\":\"yupie.app\",\"url\":\"https:\\\/\\\/yupie.app\\\/\",\"logo\":{\"@type\":\"ImageObject\",\"inLanguage\":\"ro-RO\",\"@id\":\"https:\\\/\\\/yupie.app\\\/#\\\/schema\\\/logo\\\/image\\\/\",\"url\":\"https:\\\/\\\/yupie.app\\\/wp-content\\\/uploads\\\/2025\\\/07\\\/cropped-uj-logo.png\",\"contentUrl\":\"https:\\\/\\\/yupie.app\\\/wp-content\\\/uploads\\\/2025\\\/07\\\/cropped-uj-logo.png\",\"width\":500,\"height\":208,\"caption\":\"yupie.app\"},\"image\":{\"@id\":\"https:\\\/\\\/yupie.app\\\/#\\\/schema\\\/logo\\\/image\\\/\"},\"sameAs\":[\"https:\\\/\\\/www.facebook.com\\\/profile.php?id=100089345417295\"]}]}<\/script>\n<!-- \/ Yoast SEO plugin. -->","yoast_head_json":{"title":"T\u00f6m\u00f6r feny\u0151 \u00e9tkez\u0151sz\u00e9k nat\u00far kivitelben \u2013 massz\u00edv fa sz\u00e9k","description":"T\u00f6m\u00f6r feny\u0151 \u00e9tkez\u0151sz\u00e9k 45 cm \u00fcl\u00e9smagass\u00e1ggal. Massz\u00edv, nat\u00far fa konyhai sz\u00e9k id\u0151t\u00e1ll\u00f3 kialak\u00edt\u00e1ssal \u00e9s stabil szerkezettel.","robots":{"index":"index","follow":"follow","max-snippet":"max-snippet:-1","max-image-preview":"max-image-preview:large","max-video-preview":"max-video-preview:-1"},"canonical":"https:\/\/yupie.app\/ro\/product\/tomor-fenyo-etkezoszek-natur-fa-konyhai-szek-45-cm-ulesmagassag\/","og_locale":"ro_RO","og_type":"article","og_title":"T\u00f6m\u00f6r feny\u0151 \u00e9tkez\u0151sz\u00e9k nat\u00far kivitelben \u2013 massz\u00edv fa sz\u00e9k","og_description":"T\u00f6m\u00f6r feny\u0151 \u00e9tkez\u0151sz\u00e9k 45 cm \u00fcl\u00e9smagass\u00e1ggal. Massz\u00edv, nat\u00far fa konyhai sz\u00e9k id\u0151t\u00e1ll\u00f3 kialak\u00edt\u00e1ssal \u00e9s stabil szerkezettel.","og_url":"https:\/\/yupie.app\/ro\/product\/tomor-fenyo-etkezoszek-natur-fa-konyhai-szek-45-cm-ulesmagassag\/","og_site_name":"yupie.app","article_publisher":"https:\/\/www.facebook.com\/profile.php?id=100089345417295","og_image":[{"width":1024,"height":1536,"url":"https:\/\/yupie.app\/wp-content\/uploads\/2026\/02\/2.png","type":"image\/png"}],"twitter_card":"summary_large_image","twitter_misc":{"Timp estimat pentru citire":"1 minut"},"schema":{"@context":"https:\/\/schema.org","@graph":[{"@type":"WebPage","@id":"https:\/\/yupie.app\/product\/tomor-fenyo-etkezoszek-natur-fa-konyhai-szek-45-cm-ulesmagassag\/","url":"https:\/\/yupie.app\/product\/tomor-fenyo-etkezoszek-natur-fa-konyhai-szek-45-cm-ulesmagassag\/","name":"T\u00f6m\u00f6r feny\u0151 \u00e9tkez\u0151sz\u00e9k nat\u00far kivitelben \u2013 massz\u00edv fa sz\u00e9k","isPartOf":{"@id":"https:\/\/yupie.app\/#website"},"primaryImageOfPage":{"@id":"https:\/\/yupie.app\/product\/tomor-fenyo-etkezoszek-natur-fa-konyhai-szek-45-cm-ulesmagassag\/#primaryimage"},"image":{"@id":"https:\/\/yupie.app\/product\/tomor-fenyo-etkezoszek-natur-fa-konyhai-szek-45-cm-ulesmagassag\/#primaryimage"},"thumbnailUrl":"https:\/\/yupie.app\/wp-content\/uploads\/2026\/02\/2.png","datePublished":"2026-02-24T06:27:07+00:00","description":"T\u00f6m\u00f6r feny\u0151 \u00e9tkez\u0151sz\u00e9k 45 cm \u00fcl\u00e9smagass\u00e1ggal. Massz\u00edv, nat\u00far fa konyhai sz\u00e9k id\u0151t\u00e1ll\u00f3 kialak\u00edt\u00e1ssal \u00e9s stabil szerkezettel.","breadcrumb":{"@id":"https:\/\/yupie.app\/product\/tomor-fenyo-etkezoszek-natur-fa-konyhai-szek-45-cm-ulesmagassag\/#breadcrumb"},"inLanguage":"ro-RO","potentialAction":[{"@type":"ReadAction","target":["https:\/\/yupie.app\/product\/tomor-fenyo-etkezoszek-natur-fa-konyhai-szek-45-cm-ulesmagassag\/"]}]},{"@type":"ImageObject","inLanguage":"ro-RO","@id":"https:\/\/yupie.app\/product\/tomor-fenyo-etkezoszek-natur-fa-konyhai-szek-45-cm-ulesmagassag\/#primaryimage","url":"https:\/\/yupie.app\/wp-content\/uploads\/2026\/02\/2.png","contentUrl":"https:\/\/yupie.app\/wp-content\/uploads\/2026\/02\/2.png","width":1024,"height":1536,"caption":"Letisztult t\u00f6m\u00f6r feny\u0151 \u00e9tkez\u0151sz\u00e9k klasszikus kialak\u00edt\u00e1ssal"},{"@type":"BreadcrumbList","@id":"https:\/\/yupie.app\/product\/tomor-fenyo-etkezoszek-natur-fa-konyhai-szek-45-cm-ulesmagassag\/#breadcrumb","itemListElement":[{"@type":"ListItem","position":1,"name":"Kezd\u0151lap","item":"https:\/\/yupie.app\/"},{"@type":"ListItem","position":2,"name":"Katal\u00f3gus","item":"https:\/\/yupie.app\/katalogus\/"},{"@type":"ListItem","position":3,"name":"T\u00f6m\u00f6r feny\u0151 \u00e9tkez\u0151sz\u00e9k \u2013 nat\u00far fa konyhai sz\u00e9k \u2013 45 cm \u00fcl\u00e9smagass\u00e1g"}]},{"@type":"WebSite","@id":"https:\/\/yupie.app\/#website","url":"https:\/\/yupie.app\/","name":"yupie.app","description":"","publisher":{"@id":"https:\/\/yupie.app\/#organization"},"potentialAction":[{"@type":"SearchAction","target":{"@type":"EntryPoint","urlTemplate":"https:\/\/yupie.app\/?s={search_term_string}"},"query-input":{"@type":"PropertyValueSpecification","valueRequired":true,"valueName":"search_term_string"}}],"inLanguage":"ro-RO"},{"@type":"Organization","@id":"https:\/\/yupie.app\/#organization","name":"yupie.app","url":"https:\/\/yupie.app\/","logo":{"@type":"ImageObject","inLanguage":"ro-RO","@id":"https:\/\/yupie.app\/#\/schema\/logo\/image\/","url":"https:\/\/yupie.app\/wp-content\/uploads\/2025\/07\/cropped-uj-logo.png","contentUrl":"https:\/\/yupie.app\/wp-content\/uploads\/2025\/07\/cropped-uj-logo.png","width":500,"height":208,"caption":"yupie.app"},"image":{"@id":"https:\/\/yupie.app\/#\/schema\/logo\/image\/"},"sameAs":["https:\/\/www.facebook.com\/profile.php?id=100089345417295"]}]}},"jetpack_sharing_enabled":true,"_links":{"self":[{"href":"https:\/\/yupie.app\/ro\/wp-json\/wp\/v2\/product\/49631","targetHints":{"allow":["GET"]}}],"collection":[{"href":"https:\/\/yupie.app\/ro\/wp-json\/wp\/v2\/product"}],"about":[{"href":"https:\/\/yupie.app\/ro\/wp-json\/wp\/v2\/types\/product"}],"version-history":[{"count":0,"href":"https:\/\/yupie.app\/ro\/wp-json\/wp\/v2\/product\/49631\/revisions"}],"wp:featuredmedia":[{"embeddable":true,"href":"https:\/\/yupie.app\/ro\/wp-json\/wp\/v2\/media\/49632"}],"wp:attachment":[{"href":"https:\/\/yupie.app\/ro\/wp-json\/wp\/v2\/media?parent=49631"}],"wp:term":[{"taxonomy":"product_brand","embeddable":true,"href":"https:\/\/yupie.app\/ro\/wp-json\/wp\/v2\/product_brand?post=49631"},{"taxonomy":"product_cat","embeddable":true,"href":"https:\/\/yupie.app\/ro\/wp-json\/wp\/v2\/product_cat?post=49631"},{"taxonomy":"product_tag","embeddable":true,"href":"https:\/\/yupie.app\/ro\/wp-json\/wp\/v2\/product_tag?post=49631"}],"curies":[{"name":"wp","href":"https:\/\/api.w.org\/{rel}","templated":true}]}}