{"id":49471,"date":"2026-01-22T10:10:12","date_gmt":"2026-01-22T08:10:12","guid":{"rendered":"https:\/\/yupie.app\/?post_type=product&#038;p=49471"},"modified":"2026-01-22T10:10:13","modified_gmt":"2026-01-22T08:10:13","slug":"dual-cr-1750-vintage-receiver-klasszikus-analog-hang-diszkret-bluetooth-tape-1","status":"publish","type":"product","link":"https:\/\/yupie.app\/ro\/product\/dual-cr-1750-vintage-receiver-klasszikus-analog-hang-diszkret-bluetooth-tape-1\/","title":{"rendered":"Dual CR 1750 vintage receiver \u2013 klasszikus anal\u00f3g hang + diszkr\u00e9t Bluetooth (TAPE 1)"},"content":{"rendered":"<p data-start=\"1075\" data-end=\"1235\">Elad\u00f3 egy <strong data-start=\"1085\" data-end=\"1142\">Dual CR 1750 Computer Controlled Synthesizer Receiver<\/strong>, a \u201970-es \u00e9vek v\u00e9g\u00e9nek egyik alul\u00e9rt\u00e9kelt, m\u00e9gis kiemelked\u0151 min\u0151s\u00e9g\u0171 vintage hifi k\u00e9sz\u00fcl\u00e9ke.<\/p>\n<p data-start=\"1237\" data-end=\"1539\">A CR 1750 a klasszikus anal\u00f3g er\u0151s\u00edt\u00e9s \u00e9s a korai digit\u00e1lis vez\u00e9rl\u00e9s (kvarcvez\u00e9relt tuner) t\u00f6k\u00e9letes egyens\u00faly\u00e1t k\u00e9pviseli. Massz\u00edv f\u00e9m h\u00e1z, alum\u00ednium el\u0151lap, prec\u00edz potm\u00e9terek \u00e9s val\u00f3di, stabil teljes\u00edtm\u00e9ny jellemzi. Hangja meleg, r\u00e9szletez\u0151, hossz\u00fa t\u00e1von is hallgathat\u00f3 \u2013 igazi \u201er\u00e9gi iskola\u201d min\u0151s\u00e9g.<\/p>\n<h3 data-start=\"1541\" data-end=\"1563\">\ud83d\udd0a F\u0151bb jellemz\u0151k:<\/h3>\n<ul data-start=\"1564\" data-end=\"1802\">\n<li data-start=\"1564\" data-end=\"1602\">\n<p data-start=\"1566\" data-end=\"1602\">2 \u00d7 50 W val\u00f3di (RMS) teljes\u00edtm\u00e9ny<\/p>\n<\/li>\n<li data-start=\"1603\" data-end=\"1637\">\n<p data-start=\"1605\" data-end=\"1637\">Phono bemenet (lemezj\u00e1tsz\u00f3hoz)<\/p>\n<\/li>\n<li data-start=\"1638\" data-end=\"1671\">\n<p data-start=\"1640\" data-end=\"1671\">Pre-Out \/ Main-In csatlakoz\u00e1s<\/p>\n<\/li>\n<li data-start=\"1672\" data-end=\"1697\">\n<p data-start=\"1674\" data-end=\"1697\">A\/B hangfal kimenetek<\/p>\n<\/li>\n<li data-start=\"1698\" data-end=\"1743\">\n<p data-start=\"1700\" data-end=\"1743\">Bass, Treble, Balance, Contour szab\u00e1lyz\u00e1s<\/p>\n<\/li>\n<li data-start=\"1744\" data-end=\"1770\">\n<p data-start=\"1746\" data-end=\"1770\">Kvarcvez\u00e9relt FM tuner<\/p>\n<\/li>\n<li data-start=\"1771\" data-end=\"1802\">\n<p data-start=\"1773\" data-end=\"1802\">N\u00e9met tervez\u00e9s, jap\u00e1n gy\u00e1rt\u00e1s<\/p>\n<\/li>\n<\/ul>\n<h3 data-start=\"1804\" data-end=\"1846\">\ud83d\udd35 Bluetooth \u2013 \u00e9rt\u00e9kn\u00f6vel\u0151 kieg\u00e9sz\u00edt\u00e9s<\/h3>\n<p data-start=\"1847\" data-end=\"2120\">A k\u00e9sz\u00fcl\u00e9k <strong data-start=\"1858\" data-end=\"1903\">diszkr\u00e9ten be\u00e9p\u00edtett Bluetooth adapterrel<\/strong> rendelkezik, amely <strong data-start=\"1923\" data-end=\"1955\">a TAPE 1 bemenetre van k\u00f6tve<\/strong>.<br data-start=\"1956\" data-end=\"1959\" \/>Ez a megold\u00e1s lehet\u0151v\u00e9 teszi, hogy a klasszikus anal\u00f3g hangz\u00e1s mellett <strong data-start=\"2030\" data-end=\"2078\">modern eszk\u00f6z\u00f6kr\u0151l (telefon, tablet, laptop)<\/strong> is k\u00e9nyelmesen hallgathat\u00f3 legyen a zene.<\/p>\n<p data-start=\"2122\" data-end=\"2144\">Fontos kiemelni, hogy:<\/p>\n<ul data-start=\"2145\" data-end=\"2319\">\n<li data-start=\"2145\" data-end=\"2196\">\n<p data-start=\"2147\" data-end=\"2196\">a Bluetooth <strong data-start=\"2159\" data-end=\"2193\">nem rontja a vintage karaktert<\/strong>,<\/p>\n<\/li>\n<li data-start=\"2197\" data-end=\"2228\">\n<p data-start=\"2199\" data-end=\"2228\"><strong data-start=\"2199\" data-end=\"2225\">nem \u00e9rinti az el\u0151lapot<\/strong>,<\/p>\n<\/li>\n<li data-start=\"2229\" data-end=\"2283\">\n<p data-start=\"2231\" data-end=\"2283\">a m\u00f3dos\u00edt\u00e1s <strong data-start=\"2243\" data-end=\"2280\">teljes m\u00e9rt\u00e9kben visszaford\u00edthat\u00f3<\/strong>,<\/p>\n<\/li>\n<li data-start=\"2284\" data-end=\"2319\">\n<p data-start=\"2286\" data-end=\"2319\">az eredeti \u00e1ramk\u00f6r\u00f6k megmaradtak.<\/p>\n<\/li>\n<\/ul>\n<p data-start=\"2321\" data-end=\"2435\">Ez a kieg\u00e9sz\u00edt\u00e9s <strong data-start=\"2338\" data-end=\"2378\">n\u00f6veli a k\u00e9sz\u00fcl\u00e9k haszn\u00e1lati \u00e9rt\u00e9k\u00e9t<\/strong>, mik\u00f6zben tiszteletben tartja a gy\u0171jt\u0151i szempontokat is.<\/p>\n<h3 data-start=\"2437\" data-end=\"2451\">\ud83d\udce6 \u00c1llapot<\/h3>\n<p data-start=\"2452\" data-end=\"2678\">A k\u00e9sz\u00fcl\u00e9k kor\u00e1hoz k\u00e9pest <strong data-start=\"2478\" data-end=\"2506\">sz\u00e9p, megk\u00edm\u00e9lt \u00e1llapot\u00fa<\/strong>, minden csatlakoz\u00f3 \u00e9s kezel\u0151szerv \u00e9p. Kisebb eszt\u00e9tikai nyomok el\u0151fordulhatnak, amelyek egy ilyen kor\u00fa vintage eszk\u00f6zn\u00e9l term\u00e9szetesek, de az \u00f6sszk\u00e9p kifejezetten ig\u00e9nyes.<\/p>\n<p data-start=\"2452\" data-end=\"2678\">Nem mindenkinek val\u00f3 \u2013 de aki ismeri a vintage hifi val\u00f3di \u00e9rt\u00e9k\u00e9t, az pontosan tudja, mit jelent egy ilyen Dual.<\/p>","protected":false},"excerpt":{"rendered":"<p>Klasszikus <strong data-start=\"603\" data-end=\"619\">Dual CR 1750<\/strong> vintage receiver kiv\u00e1l\u00f3 \u00e1llapotban.<br data-start=\"655\" data-end=\"658\" \/>Er\u0151teljes, meleg anal\u00f3g hangz\u00e1s, massz\u00edv fel\u00e9p\u00edt\u00e9s, phono bemenet.<br data-start=\"724\" data-end=\"727\" \/>A k\u00e9sz\u00fcl\u00e9k <strong data-start=\"738\" data-end=\"783\">diszkr\u00e9ten be\u00e9p\u00edtett Bluetooth adapterrel<\/strong> rendelkezik, amely a <strong data-start=\"805\" data-end=\"825\">TAPE 1 bemenetre<\/strong> van k\u00f6tve, \u00edgy modern forr\u00e1sok (telefon, tablet) is k\u00f6nnyed\u00e9n haszn\u00e1lhat\u00f3k.<br data-start=\"901\" data-end=\"904\" \/>A m\u00f3dos\u00edt\u00e1s <strong data-start=\"916\" data-end=\"936\">visszaford\u00edthat\u00f3<\/strong>, az eredeti \u00e9rt\u00e9k meg\u0151rz\u00e9se mellett n\u00f6veli a mindennapi haszn\u00e1lhat\u00f3s\u00e1got.<\/p>","protected":false},"featured_media":49472,"template":"","meta":[],"product_brand":[],"product_cat":[2397],"product_tag":[2437,2436,2440,2446,2445,2432,2433,2444,482,2439,2417,2442,2438,2441,2449,2443,2448,2435,2447,2434,2410],"class_list":{"0":"post-49471","1":"product","2":"type-product","3":"status-publish","4":"has-post-thumbnail","6":"product_cat-hangrendszerek","7":"product_tag-70-es-evek-hifi","8":"product_tag-analog-erosito","9":"product_tag-audiofil-erosito","10":"product_tag-bluetooth-adapter","11":"product_tag-bluetooth-erosito","12":"product_tag-dual-cr-1750","13":"product_tag-dual-receiver","14":"product_tag-fm-am-tuner","15":"product_tag-gyujtoi-darab","16":"product_tag-japan-gyartas","17":"product_tag-klasszikus-hifi","18":"product_tag-lemezjatszo-erosito","19":"product_tag-nemet-hifi","20":"product_tag-phono-bemenet","21":"product_tag-premium-vintage","22":"product_tag-quartz-tuner","23":"product_tag-retro-hifi","24":"product_tag-sztereo-receiver","25":"product_tag-tape-1-bemenet","26":"product_tag-vintage-erosito","27":"product_tag-vintage-hifi","28":"description-off","30":"first","31":"instock","32":"shipping-taxable","33":"purchasable","34":"product-type-simple"},"yoast_head":"<!-- This site is optimized with the Yoast SEO plugin v27.3 - https:\/\/yoast.com\/product\/yoast-seo-wordpress\/ -->\n<title>Dual CR 1750 vintage receiver \u2013 klasszikus anal\u00f3g hang + diszkr\u00e9t Bluetooth (TAPE 1) - yupie.app<\/title>\n<meta name=\"robots\" content=\"index, follow, max-snippet:-1, max-image-preview:large, max-video-preview:-1\" \/>\n<link rel=\"canonical\" href=\"https:\/\/yupie.app\/ro\/product\/dual-cr-1750-vintage-receiver-klasszikus-analog-hang-diszkret-bluetooth-tape-1\/\" \/>\n<meta property=\"og:locale\" content=\"ro_RO\" \/>\n<meta property=\"og:type\" content=\"article\" \/>\n<meta property=\"og:title\" content=\"Dual CR 1750 vintage receiver \u2013 klasszikus anal\u00f3g hang + diszkr\u00e9t Bluetooth (TAPE 1) - yupie.app\" \/>\n<meta property=\"og:description\" content=\"Klasszikus Dual CR 1750 vintage receiver kiv\u00e1l\u00f3 \u00e1llapotban.Er\u0151teljes, meleg anal\u00f3g hangz\u00e1s, massz\u00edv fel\u00e9p\u00edt\u00e9s, phono bemenet.A k\u00e9sz\u00fcl\u00e9k diszkr\u00e9ten be\u00e9p\u00edtett Bluetooth adapterrel rendelkezik, amely a TAPE 1 bemenetre van k\u00f6tve, \u00edgy modern forr\u00e1sok (telefon, tablet) is k\u00f6nnyed\u00e9n haszn\u00e1lhat\u00f3k.A m\u00f3dos\u00edt\u00e1s visszaford\u00edthat\u00f3, az eredeti \u00e9rt\u00e9k meg\u0151rz\u00e9se mellett n\u00f6veli a mindennapi haszn\u00e1lhat\u00f3s\u00e1got.\" \/>\n<meta property=\"og:url\" content=\"https:\/\/yupie.app\/ro\/product\/dual-cr-1750-vintage-receiver-klasszikus-analog-hang-diszkret-bluetooth-tape-1\/\" \/>\n<meta property=\"og:site_name\" content=\"yupie.app\" \/>\n<meta property=\"article:publisher\" content=\"https:\/\/www.facebook.com\/profile.php?id=100089345417295\" \/>\n<meta property=\"article:modified_time\" content=\"2026-01-22T08:10:13+00:00\" \/>\n<meta property=\"og:image\" content=\"https:\/\/yupie.app\/wp-content\/uploads\/2026\/01\/1-2.png\" \/>\n\t<meta property=\"og:image:width\" content=\"1536\" \/>\n\t<meta property=\"og:image:height\" content=\"1024\" \/>\n\t<meta property=\"og:image:type\" content=\"image\/png\" \/>\n<meta name=\"twitter:card\" content=\"summary_large_image\" \/>\n<meta name=\"twitter:label1\" content=\"Timp estimat pentru citire\" \/>\n\t<meta name=\"twitter:data1\" content=\"2 minute\" \/>\n<script type=\"application\/ld+json\" class=\"yoast-schema-graph\">{\"@context\":\"https:\\\/\\\/schema.org\",\"@graph\":[{\"@type\":\"WebPage\",\"@id\":\"https:\\\/\\\/yupie.app\\\/product\\\/dual-cr-1750-vintage-receiver-klasszikus-analog-hang-diszkret-bluetooth-tape-1\\\/\",\"url\":\"https:\\\/\\\/yupie.app\\\/product\\\/dual-cr-1750-vintage-receiver-klasszikus-analog-hang-diszkret-bluetooth-tape-1\\\/\",\"name\":\"Dual CR 1750 vintage receiver \u2013 klasszikus anal\u00f3g hang + diszkr\u00e9t Bluetooth (TAPE 1) - yupie.app\",\"isPartOf\":{\"@id\":\"https:\\\/\\\/yupie.app\\\/#website\"},\"primaryImageOfPage\":{\"@id\":\"https:\\\/\\\/yupie.app\\\/product\\\/dual-cr-1750-vintage-receiver-klasszikus-analog-hang-diszkret-bluetooth-tape-1\\\/#primaryimage\"},\"image\":{\"@id\":\"https:\\\/\\\/yupie.app\\\/product\\\/dual-cr-1750-vintage-receiver-klasszikus-analog-hang-diszkret-bluetooth-tape-1\\\/#primaryimage\"},\"thumbnailUrl\":\"https:\\\/\\\/yupie.app\\\/wp-content\\\/uploads\\\/2026\\\/01\\\/1-2.png\",\"datePublished\":\"2026-01-22T08:10:12+00:00\",\"dateModified\":\"2026-01-22T08:10:13+00:00\",\"breadcrumb\":{\"@id\":\"https:\\\/\\\/yupie.app\\\/product\\\/dual-cr-1750-vintage-receiver-klasszikus-analog-hang-diszkret-bluetooth-tape-1\\\/#breadcrumb\"},\"inLanguage\":\"ro-RO\",\"potentialAction\":[{\"@type\":\"ReadAction\",\"target\":[\"https:\\\/\\\/yupie.app\\\/product\\\/dual-cr-1750-vintage-receiver-klasszikus-analog-hang-diszkret-bluetooth-tape-1\\\/\"]}]},{\"@type\":\"ImageObject\",\"inLanguage\":\"ro-RO\",\"@id\":\"https:\\\/\\\/yupie.app\\\/product\\\/dual-cr-1750-vintage-receiver-klasszikus-analog-hang-diszkret-bluetooth-tape-1\\\/#primaryimage\",\"url\":\"https:\\\/\\\/yupie.app\\\/wp-content\\\/uploads\\\/2026\\\/01\\\/1-2.png\",\"contentUrl\":\"https:\\\/\\\/yupie.app\\\/wp-content\\\/uploads\\\/2026\\\/01\\\/1-2.png\",\"width\":1536,\"height\":1024,\"caption\":\"Dual CR 1750 klasszikus vintage receiver \u2013 pr\u00e9mium anyaghaszn\u00e1lat \u00e9s id\u0151t\u00e1ll\u00f3 diz\u00e1jn\"},{\"@type\":\"BreadcrumbList\",\"@id\":\"https:\\\/\\\/yupie.app\\\/product\\\/dual-cr-1750-vintage-receiver-klasszikus-analog-hang-diszkret-bluetooth-tape-1\\\/#breadcrumb\",\"itemListElement\":[{\"@type\":\"ListItem\",\"position\":1,\"name\":\"Kezd\u0151lap\",\"item\":\"https:\\\/\\\/yupie.app\\\/\"},{\"@type\":\"ListItem\",\"position\":2,\"name\":\"Katal\u00f3gus\",\"item\":\"https:\\\/\\\/yupie.app\\\/katalogus\\\/\"},{\"@type\":\"ListItem\",\"position\":3,\"name\":\"Dual CR 1750 vintage receiver \u2013 klasszikus anal\u00f3g hang + diszkr\u00e9t Bluetooth (TAPE 1)\"}]},{\"@type\":\"WebSite\",\"@id\":\"https:\\\/\\\/yupie.app\\\/#website\",\"url\":\"https:\\\/\\\/yupie.app\\\/\",\"name\":\"yupie.app\",\"description\":\"\",\"publisher\":{\"@id\":\"https:\\\/\\\/yupie.app\\\/#organization\"},\"potentialAction\":[{\"@type\":\"SearchAction\",\"target\":{\"@type\":\"EntryPoint\",\"urlTemplate\":\"https:\\\/\\\/yupie.app\\\/?s={search_term_string}\"},\"query-input\":{\"@type\":\"PropertyValueSpecification\",\"valueRequired\":true,\"valueName\":\"search_term_string\"}}],\"inLanguage\":\"ro-RO\"},{\"@type\":\"Organization\",\"@id\":\"https:\\\/\\\/yupie.app\\\/#organization\",\"name\":\"yupie.app\",\"url\":\"https:\\\/\\\/yupie.app\\\/\",\"logo\":{\"@type\":\"ImageObject\",\"inLanguage\":\"ro-RO\",\"@id\":\"https:\\\/\\\/yupie.app\\\/#\\\/schema\\\/logo\\\/image\\\/\",\"url\":\"https:\\\/\\\/yupie.app\\\/wp-content\\\/uploads\\\/2025\\\/07\\\/cropped-uj-logo.png\",\"contentUrl\":\"https:\\\/\\\/yupie.app\\\/wp-content\\\/uploads\\\/2025\\\/07\\\/cropped-uj-logo.png\",\"width\":500,\"height\":208,\"caption\":\"yupie.app\"},\"image\":{\"@id\":\"https:\\\/\\\/yupie.app\\\/#\\\/schema\\\/logo\\\/image\\\/\"},\"sameAs\":[\"https:\\\/\\\/www.facebook.com\\\/profile.php?id=100089345417295\"]}]}<\/script>\n<!-- \/ Yoast SEO plugin. -->","yoast_head_json":{"title":"Dual CR 1750 vintage receiver \u2013 klasszikus anal\u00f3g hang + diszkr\u00e9t Bluetooth (TAPE 1) - yupie.app","robots":{"index":"index","follow":"follow","max-snippet":"max-snippet:-1","max-image-preview":"max-image-preview:large","max-video-preview":"max-video-preview:-1"},"canonical":"https:\/\/yupie.app\/ro\/product\/dual-cr-1750-vintage-receiver-klasszikus-analog-hang-diszkret-bluetooth-tape-1\/","og_locale":"ro_RO","og_type":"article","og_title":"Dual CR 1750 vintage receiver \u2013 klasszikus anal\u00f3g hang + diszkr\u00e9t Bluetooth (TAPE 1) - yupie.app","og_description":"Klasszikus Dual CR 1750 vintage receiver kiv\u00e1l\u00f3 \u00e1llapotban.Er\u0151teljes, meleg anal\u00f3g hangz\u00e1s, massz\u00edv fel\u00e9p\u00edt\u00e9s, phono bemenet.A k\u00e9sz\u00fcl\u00e9k diszkr\u00e9ten be\u00e9p\u00edtett Bluetooth adapterrel rendelkezik, amely a TAPE 1 bemenetre van k\u00f6tve, \u00edgy modern forr\u00e1sok (telefon, tablet) is k\u00f6nnyed\u00e9n haszn\u00e1lhat\u00f3k.A m\u00f3dos\u00edt\u00e1s visszaford\u00edthat\u00f3, az eredeti \u00e9rt\u00e9k meg\u0151rz\u00e9se mellett n\u00f6veli a mindennapi haszn\u00e1lhat\u00f3s\u00e1got.","og_url":"https:\/\/yupie.app\/ro\/product\/dual-cr-1750-vintage-receiver-klasszikus-analog-hang-diszkret-bluetooth-tape-1\/","og_site_name":"yupie.app","article_publisher":"https:\/\/www.facebook.com\/profile.php?id=100089345417295","article_modified_time":"2026-01-22T08:10:13+00:00","og_image":[{"width":1536,"height":1024,"url":"https:\/\/yupie.app\/wp-content\/uploads\/2026\/01\/1-2.png","type":"image\/png"}],"twitter_card":"summary_large_image","twitter_misc":{"Timp estimat pentru citire":"2 minute"},"schema":{"@context":"https:\/\/schema.org","@graph":[{"@type":"WebPage","@id":"https:\/\/yupie.app\/product\/dual-cr-1750-vintage-receiver-klasszikus-analog-hang-diszkret-bluetooth-tape-1\/","url":"https:\/\/yupie.app\/product\/dual-cr-1750-vintage-receiver-klasszikus-analog-hang-diszkret-bluetooth-tape-1\/","name":"Dual CR 1750 vintage receiver \u2013 klasszikus anal\u00f3g hang + diszkr\u00e9t Bluetooth (TAPE 1) - yupie.app","isPartOf":{"@id":"https:\/\/yupie.app\/#website"},"primaryImageOfPage":{"@id":"https:\/\/yupie.app\/product\/dual-cr-1750-vintage-receiver-klasszikus-analog-hang-diszkret-bluetooth-tape-1\/#primaryimage"},"image":{"@id":"https:\/\/yupie.app\/product\/dual-cr-1750-vintage-receiver-klasszikus-analog-hang-diszkret-bluetooth-tape-1\/#primaryimage"},"thumbnailUrl":"https:\/\/yupie.app\/wp-content\/uploads\/2026\/01\/1-2.png","datePublished":"2026-01-22T08:10:12+00:00","dateModified":"2026-01-22T08:10:13+00:00","breadcrumb":{"@id":"https:\/\/yupie.app\/product\/dual-cr-1750-vintage-receiver-klasszikus-analog-hang-diszkret-bluetooth-tape-1\/#breadcrumb"},"inLanguage":"ro-RO","potentialAction":[{"@type":"ReadAction","target":["https:\/\/yupie.app\/product\/dual-cr-1750-vintage-receiver-klasszikus-analog-hang-diszkret-bluetooth-tape-1\/"]}]},{"@type":"ImageObject","inLanguage":"ro-RO","@id":"https:\/\/yupie.app\/product\/dual-cr-1750-vintage-receiver-klasszikus-analog-hang-diszkret-bluetooth-tape-1\/#primaryimage","url":"https:\/\/yupie.app\/wp-content\/uploads\/2026\/01\/1-2.png","contentUrl":"https:\/\/yupie.app\/wp-content\/uploads\/2026\/01\/1-2.png","width":1536,"height":1024,"caption":"Dual CR 1750 klasszikus vintage receiver \u2013 pr\u00e9mium anyaghaszn\u00e1lat \u00e9s id\u0151t\u00e1ll\u00f3 diz\u00e1jn"},{"@type":"BreadcrumbList","@id":"https:\/\/yupie.app\/product\/dual-cr-1750-vintage-receiver-klasszikus-analog-hang-diszkret-bluetooth-tape-1\/#breadcrumb","itemListElement":[{"@type":"ListItem","position":1,"name":"Kezd\u0151lap","item":"https:\/\/yupie.app\/"},{"@type":"ListItem","position":2,"name":"Katal\u00f3gus","item":"https:\/\/yupie.app\/katalogus\/"},{"@type":"ListItem","position":3,"name":"Dual CR 1750 vintage receiver \u2013 klasszikus anal\u00f3g hang + diszkr\u00e9t Bluetooth (TAPE 1)"}]},{"@type":"WebSite","@id":"https:\/\/yupie.app\/#website","url":"https:\/\/yupie.app\/","name":"yupie.app","description":"","publisher":{"@id":"https:\/\/yupie.app\/#organization"},"potentialAction":[{"@type":"SearchAction","target":{"@type":"EntryPoint","urlTemplate":"https:\/\/yupie.app\/?s={search_term_string}"},"query-input":{"@type":"PropertyValueSpecification","valueRequired":true,"valueName":"search_term_string"}}],"inLanguage":"ro-RO"},{"@type":"Organization","@id":"https:\/\/yupie.app\/#organization","name":"yupie.app","url":"https:\/\/yupie.app\/","logo":{"@type":"ImageObject","inLanguage":"ro-RO","@id":"https:\/\/yupie.app\/#\/schema\/logo\/image\/","url":"https:\/\/yupie.app\/wp-content\/uploads\/2025\/07\/cropped-uj-logo.png","contentUrl":"https:\/\/yupie.app\/wp-content\/uploads\/2025\/07\/cropped-uj-logo.png","width":500,"height":208,"caption":"yupie.app"},"image":{"@id":"https:\/\/yupie.app\/#\/schema\/logo\/image\/"},"sameAs":["https:\/\/www.facebook.com\/profile.php?id=100089345417295"]}]}},"jetpack_sharing_enabled":true,"_links":{"self":[{"href":"https:\/\/yupie.app\/ro\/wp-json\/wp\/v2\/product\/49471","targetHints":{"allow":["GET"]}}],"collection":[{"href":"https:\/\/yupie.app\/ro\/wp-json\/wp\/v2\/product"}],"about":[{"href":"https:\/\/yupie.app\/ro\/wp-json\/wp\/v2\/types\/product"}],"version-history":[{"count":0,"href":"https:\/\/yupie.app\/ro\/wp-json\/wp\/v2\/product\/49471\/revisions"}],"wp:featuredmedia":[{"embeddable":true,"href":"https:\/\/yupie.app\/ro\/wp-json\/wp\/v2\/media\/49472"}],"wp:attachment":[{"href":"https:\/\/yupie.app\/ro\/wp-json\/wp\/v2\/media?parent=49471"}],"wp:term":[{"taxonomy":"product_brand","embeddable":true,"href":"https:\/\/yupie.app\/ro\/wp-json\/wp\/v2\/product_brand?post=49471"},{"taxonomy":"product_cat","embeddable":true,"href":"https:\/\/yupie.app\/ro\/wp-json\/wp\/v2\/product_cat?post=49471"},{"taxonomy":"product_tag","embeddable":true,"href":"https:\/\/yupie.app\/ro\/wp-json\/wp\/v2\/product_tag?post=49471"}],"curies":[{"name":"wp","href":"https:\/\/api.w.org\/{rel}","templated":true}]}}