{"id":49444,"date":"2026-01-20T12:10:36","date_gmt":"2026-01-20T10:10:36","guid":{"rendered":"https:\/\/yupie.app\/?post_type=product&#038;p=49444"},"modified":"2026-03-31T16:09:46","modified_gmt":"2026-03-31T14:09:46","slug":"philips-vintage-hifi-rendszer-bluetooth","status":"publish","type":"product","link":"https:\/\/yupie.app\/ro\/product\/philips-vintage-hifi-rendszer-bluetooth\/","title":{"rendered":"Philips pr\u00e9mium Hi-Fi rendszer (FA 291 \/ FT 291 \/ CD 230 \/ FP 260) + eredeti Philips hangsug\u00e1rz\u00f3k \u2013 klasszikus \u201990-es \u00e9vek hangz\u00e1s"},"content":{"rendered":"<p data-start=\"991\" data-end=\"1188\">Ez a <strong data-start=\"996\" data-end=\"1022\">Philips Hi-Fi rendszer<\/strong> a \u201990-es \u00e9vek azon id\u0151szak\u00e1b\u00f3l sz\u00e1rmazik, amikor a gy\u00e1rt\u00f3k m\u00e9g <strong data-start=\"1086\" data-end=\"1111\">nem kompromisszumokra<\/strong>, hanem <strong data-start=\"1119\" data-end=\"1177\">tart\u00f3ss\u00e1gra, hangmin\u0151s\u00e9gre \u00e9s modul\u00e1ris b\u0151v\u00edthet\u0151s\u00e9gre<\/strong> terveztek.<\/p>\n<h3 data-start=\"1190\" data-end=\"1225\">\ud83d\udd0a Mi\u00e9rt \u00e9rt\u00e9kes ez a rendszer?<\/h3>\n<p data-start=\"1227\" data-end=\"1362\"><strong data-start=\"1227\" data-end=\"1256\">1. Val\u00f3di Hi-Fi fel\u00e9p\u00edt\u00e9s<\/strong><br data-start=\"1256\" data-end=\"1259\" \/>Nem egy kompakt \u201eminden egyben\u201d megold\u00e1sr\u00f3l van sz\u00f3, hanem k\u00fcl\u00f6n\u00e1ll\u00f3, egym\u00e1shoz hangolt komponensekr\u0151l:<\/p>\n<ul data-start=\"1363\" data-end=\"1689\">\n<li data-start=\"1363\" data-end=\"1425\">\n<p data-start=\"1365\" data-end=\"1425\"><strong data-start=\"1365\" data-end=\"1375\">FA 291<\/strong> integr\u00e1lt er\u0151s\u00edt\u0151 \u2013 stabil, tiszta, meleg hangz\u00e1s<\/p>\n<\/li>\n<li data-start=\"1426\" data-end=\"1494\">\n<p data-start=\"1428\" data-end=\"1494\"><strong data-start=\"1428\" data-end=\"1438\">FT 291<\/strong> digit\u00e1lis tuner \u2013 prec\u00edz v\u00e9tel, klasszikus kezelhet\u0151s\u00e9g<\/p>\n<\/li>\n<li data-start=\"1495\" data-end=\"1568\">\n<p data-start=\"1497\" data-end=\"1568\"><strong data-start=\"1497\" data-end=\"1507\">CD 230<\/strong> \u2013 megb\u00edzhat\u00f3 Philips CD-mechanika (a korszak egyik etalonja)<\/p>\n<\/li>\n<li data-start=\"1569\" data-end=\"1629\">\n<p data-start=\"1571\" data-end=\"1629\"><strong data-start=\"1571\" data-end=\"1581\">FP 260<\/strong> lemezj\u00e1tsz\u00f3 \u2013 ide\u00e1lis bel\u00e9p\u0151 a bakelit vil\u00e1g\u00e1ba<\/p>\n<\/li>\n<li data-start=\"1630\" data-end=\"1689\">\n<p data-start=\"1632\" data-end=\"1689\"><strong data-start=\"1632\" data-end=\"1664\">Eredeti Philips hangsug\u00e1rz\u00f3k<\/strong> \u2013 a rendszerhez hangolva<\/p>\n<\/li>\n<\/ul>\n<p data-start=\"1691\" data-end=\"1743\"><strong data-start=\"1691\" data-end=\"1727\">2. Tart\u00f3ss\u00e1g \u00e9s szervizelhet\u0151s\u00e9g<\/strong><br data-start=\"1727\" data-end=\"1730\" \/>A k\u00e9sz\u00fcl\u00e9kek:<\/p>\n<ul data-start=\"1744\" data-end=\"1851\">\n<li data-start=\"1744\" data-end=\"1764\">\n<p data-start=\"1746\" data-end=\"1764\">vastag f\u00e9m h\u00e1zzal,<\/p>\n<\/li>\n<li data-start=\"1765\" data-end=\"1798\">\n<p data-start=\"1767\" data-end=\"1798\">hagyom\u00e1nyos anal\u00f3g vez\u00e9rl\u00e9ssel,<\/p>\n<\/li>\n<li data-start=\"1799\" data-end=\"1851\">\n<p data-start=\"1801\" data-end=\"1851\">jav\u00edthat\u00f3, nem eldobhat\u00f3 fel\u00e9p\u00edt\u00e9ssel k\u00e9sz\u00fcltek.<\/p>\n<\/li>\n<\/ul>\n<p data-start=\"1853\" data-end=\"1941\">Ez ma <strong data-start=\"1859\" data-end=\"1875\">komoly \u00e9rt\u00e9k<\/strong>, amikor az \u00faj k\u00e9sz\u00fcl\u00e9kek t\u00f6bbs\u00e9ge m\u00e1r nem jav\u00edthat\u00f3 gazdas\u00e1gosan.<\/p>\n<p data-start=\"1943\" data-end=\"2007\"><strong data-start=\"1943\" data-end=\"1974\">3. Id\u0151t\u00e1ll\u00f3 hangz\u00e1skarakter<\/strong><br data-start=\"1974\" data-end=\"1977\" \/>A Philips ebben az id\u0151szakban:<\/p>\n<ul data-start=\"2008\" data-end=\"2135\">\n<li data-start=\"2008\" data-end=\"2059\">\n<p data-start=\"2010\" data-end=\"2059\"><strong data-start=\"2010\" data-end=\"2047\">kiegyens\u00falyozott, zenei hangk\u00e9pet<\/strong> k\u00e9pviselt<\/p>\n<\/li>\n<li data-start=\"2060\" data-end=\"2100\">\n<p data-start=\"2062\" data-end=\"2100\">nem hars\u00e1ny, nem digit\u00e1lisan t\u00faltolt<\/p>\n<\/li>\n<li data-start=\"2101\" data-end=\"2135\">\n<p data-start=\"2103\" data-end=\"2135\">hossz\u00fa hallgat\u00e1sra is kellemes<\/p>\n<\/li>\n<\/ul>\n<p data-start=\"2137\" data-end=\"2152\">Ez\u00e9rt szeretik:<\/p>\n<ul data-start=\"2153\" data-end=\"2255\">\n<li data-start=\"2153\" data-end=\"2170\">\n<p data-start=\"2155\" data-end=\"2170\">vinyl hallgat\u00f3k<\/p>\n<\/li>\n<li data-start=\"2171\" data-end=\"2211\">\n<p data-start=\"2173\" data-end=\"2211\">jazz \/ rock \/ klasszikus zene kedvel\u0151i<\/p>\n<\/li>\n<li data-start=\"2212\" data-end=\"2255\">\n<p data-start=\"2214\" data-end=\"2255\">azok, akik \u201eigazi\u201d Hi-Fi \u00e9lm\u00e9nyt keresnek<\/p>\n<\/li>\n<\/ul>\n<p data-start=\"2257\" data-end=\"2357\"><strong data-start=\"2257\" data-end=\"2291\">4. Eszt\u00e9tikai \u00e9s gy\u0171jt\u0151i \u00e9rt\u00e9k<\/strong><br data-start=\"2291\" data-end=\"2294\" \/>Egys\u00e9ges design, ikonikus gombok, klasszikus kijelz\u0151k \u2013 ma m\u00e1r:<\/p>\n<ul data-start=\"2358\" data-end=\"2390\">\n<li data-start=\"2358\" data-end=\"2365\">\n<p data-start=\"2360\" data-end=\"2365\">retr\u00f3<\/p>\n<\/li>\n<li data-start=\"2366\" data-end=\"2375\">\n<p data-start=\"2368\" data-end=\"2375\">vintage<\/p>\n<\/li>\n<li data-start=\"2376\" data-end=\"2390\">\n<p data-start=\"2378\" data-end=\"2390\">karakteres<\/p>\n<\/li>\n<\/ul>\n<p data-start=\"2392\" data-end=\"2478\">Lak\u00e1sdekor\u00e1ci\u00f3k\u00e9nt <strong data-start=\"2411\" data-end=\"2444\">\u00f6nmag\u00e1ban is \u00e9rt\u00e9ket k\u00e9pvisel<\/strong>, m\u0171k\u00f6d\u00e9s k\u00f6zben pedig \u00e9lm\u00e9nyt ad.<\/p>\n<h2 data-section-id=\"8zbnpo\" data-start=\"1913\" data-end=\"1936\">\u26a0\ufe0f Fontos inform\u00e1ci\u00f3<\/h2>\n<p data-start=\"1938\" data-end=\"2019\">A term\u00e9k <strong data-start=\"1947\" data-end=\"1984\">\u00e1tvizsg\u00e1l\u00e1sra szorul \u00e1tad\u00e1s el\u0151tt<\/strong>, amelyet ig\u00e9ny eset\u00e9n biztos\u00edtunk.<\/p>\n<p data-start=\"2021\" data-end=\"2132\">Az ilyen vintage rendszerek t\u00f6bbs\u00e9ge kor\u00e1b\u00f3l ad\u00f3d\u00f3an:<br data-start=\"2074\" data-end=\"2077\" \/>\ud83d\udc49 <strong data-start=\"2080\" data-end=\"2132\">kisebb fel\u00faj\u00edt\u00e1st vagy finomhangol\u00e1st ig\u00e9nyelhet<\/strong><\/p>\n<p data-start=\"2134\" data-end=\"2147\">Ez \u00e1ltal\u00e1ban:<\/p>\n<ul data-start=\"2148\" data-end=\"2206\">\n<li data-section-id=\"a3iogz\" data-start=\"2148\" data-end=\"2161\">tiszt\u00edt\u00e1s<\/li>\n<li data-section-id=\"145exxq\" data-start=\"2162\" data-end=\"2189\">csatlakoz\u00f3k ellen\u0151rz\u00e9se<\/li>\n<li data-section-id=\"6u71hr\" data-start=\"2190\" data-end=\"2206\">alap szerviz<\/li>\n<\/ul>\n<p data-start=\"2208\" data-end=\"2306\">\ud83d\udc49 Ugyanakkor ez nem h\u00e1tr\u00e1ny, hanem lehet\u0151s\u00e9g arra, hogy a rendszer \u00fajra teljes f\u00e9ny\u00e9ben m\u0171k\u00f6dj\u00f6n.<\/p>\n<hr data-start=\"2308\" data-end=\"2311\" \/>\n<h2 data-section-id=\"h07y9s\" data-start=\"2313\" data-end=\"2341\">\u2705 Mi\u00e9rt \u00e9rdemes megvenni?<\/h2>\n<p data-start=\"2343\" data-end=\"2529\">\u2714 Komplett, egym\u00e1shoz illesztett rendszer<br data-start=\"2384\" data-end=\"2387\" \/>\u2714 Bakelit + CD + r\u00e1di\u00f3 egyben<br data-start=\"2416\" data-end=\"2419\" \/>\u2714 Id\u0151t\u00e1ll\u00f3 Philips min\u0151s\u00e9g<br data-start=\"2445\" data-end=\"2448\" \/>\u2714 Jav\u00edthat\u00f3, hossz\u00fa t\u00e1von haszn\u00e1lhat\u00f3<br data-start=\"2485\" data-end=\"2488\" \/>\u2714 Ritka ilyen form\u00e1ban, egyben el\u00e9rhet\u0151<\/p>\n<hr data-start=\"2531\" data-end=\"2534\" \/>\n<h2 data-section-id=\"1dck0eb\" data-start=\"2536\" data-end=\"2553\">\ud83c\udfaf Kinek val\u00f3?<\/h2>\n<p data-start=\"2555\" data-end=\"2594\">Ez a rendszer <strong data-start=\"2569\" data-end=\"2593\">nem mindenkinek val\u00f3<\/strong>.<\/p>\n<p data-start=\"2596\" data-end=\"2605\">\ud83d\udc49 De ha:<\/p>\n<ul data-start=\"2606\" data-end=\"2750\">\n<li data-section-id=\"1nveakb\" data-start=\"2606\" data-end=\"2676\">\u00e9rted a k\u00fcl\u00f6nbs\u00e9get egy val\u00f3di Hi-Fi \u00e9s egy modern rendszer k\u00f6z\u00f6tt<\/li>\n<li data-section-id=\"1jp2haa\" data-start=\"2677\" data-end=\"2709\">szereted a vintage technik\u00e1t<\/li>\n<li data-section-id=\"1daavr2\" data-start=\"2710\" data-end=\"2750\">karaktert akarsz vinni az otthonodba<\/li>\n<\/ul>\n<p data-start=\"2752\" data-end=\"2782\">\ud83d\udc49 akkor pontosan ezt keresed.<\/p>\n<p data-start=\"2693\" data-end=\"2827\">","protected":false},"excerpt":{"rendered":"<p>Klasszikus Philips Hi-Fi rendszer a \u201990-es \u00e9vekb\u0151l \u2013 k\u00fcl\u00f6n\u00e1ll\u00f3 er\u0151s\u00edt\u0151, tuner, CD-lej\u00e1tsz\u00f3, lemezj\u00e1tsz\u00f3 \u00e9s eredeti hangsug\u00e1rz\u00f3k. Val\u00f3di Hi-Fi hangz\u00e1s, id\u0151t\u00e1ll\u00f3 min\u0151s\u00e9g, egys\u00e9ges design. Ritka, komplett szett, gy\u0171jt\u0151knek \u00e9s zenerajong\u00f3knak.<\/p>","protected":false},"featured_media":49456,"template":"","meta":[],"product_brand":[],"product_cat":[2397],"product_tag":[2416,2415,2411,2417,2414,2409,2412,2413,2410],"class_list":{"0":"post-49444","1":"product","2":"type-product","3":"status-publish","4":"has-post-thumbnail","6":"product_cat-hangrendszerek","7":"product_tag-90-es-evek-hifi","8":"product_tag-cd-lejatszos-hifi","9":"product_tag-hifi-torony","10":"product_tag-klasszikus-hifi","11":"product_tag-lemezjatszos-hifi","12":"product_tag-philips-hi-fi","13":"product_tag-retro-audio","14":"product_tag-sztereo-rendszer","15":"product_tag-vintage-hifi","16":"description-off","18":"first","19":"instock","20":"shipping-taxable","21":"purchasable","22":"product-type-simple"},"yoast_head":"<!-- This site is optimized with the Yoast SEO plugin v27.3 - https:\/\/yoast.com\/product\/yoast-seo-wordpress\/ -->\n<title>Philips Pr\u00e9mium Vintage Hi-Fi \u2013 Lemezj\u00e1tsz\u00f3, CD, R\u00e1di\u00f3 ,Bluetooth<\/title>\n<meta name=\"description\" content=\"Philips pr\u00e9mium vintage Hi-Fi rendszer Bluetooth-tal, lemezj\u00e1tsz\u00f3val, CD-vel \u00e9s r\u00e1di\u00f3val. Id\u0151t\u00e1ll\u00f3 hangz\u00e1s, klasszikus design. \u00c1tvizsg\u00e1l\u00e1s sz\u00fcks\u00e9ges \u00e1tad\u00e1s el\u0151tt.\" \/>\n<meta name=\"robots\" content=\"index, follow, max-snippet:-1, max-image-preview:large, max-video-preview:-1\" \/>\n<link rel=\"canonical\" href=\"https:\/\/yupie.app\/ro\/product\/philips-vintage-hifi-rendszer-bluetooth\/\" \/>\n<meta property=\"og:locale\" content=\"ro_RO\" \/>\n<meta property=\"og:type\" content=\"article\" \/>\n<meta property=\"og:title\" content=\"Philips Pr\u00e9mium Vintage Hi-Fi \u2013 Lemezj\u00e1tsz\u00f3, CD, R\u00e1di\u00f3 ,Bluetooth\" \/>\n<meta property=\"og:description\" content=\"Philips pr\u00e9mium vintage Hi-Fi rendszer Bluetooth-tal, lemezj\u00e1tsz\u00f3val, CD-vel \u00e9s r\u00e1di\u00f3val. Id\u0151t\u00e1ll\u00f3 hangz\u00e1s, klasszikus design. \u00c1tvizsg\u00e1l\u00e1s sz\u00fcks\u00e9ges \u00e1tad\u00e1s el\u0151tt.\" \/>\n<meta property=\"og:url\" content=\"https:\/\/yupie.app\/ro\/product\/philips-vintage-hifi-rendszer-bluetooth\/\" \/>\n<meta property=\"og:site_name\" content=\"yupie.app\" \/>\n<meta property=\"article:publisher\" content=\"https:\/\/www.facebook.com\/profile.php?id=100089345417295\" \/>\n<meta property=\"article:modified_time\" content=\"2026-03-31T14:09:46+00:00\" \/>\n<meta property=\"og:image\" content=\"https:\/\/yupie.app\/wp-content\/uploads\/2026\/01\/15.png\" \/>\n\t<meta property=\"og:image:width\" content=\"1536\" \/>\n\t<meta property=\"og:image:height\" content=\"1024\" \/>\n\t<meta property=\"og:image:type\" content=\"image\/png\" \/>\n<meta name=\"twitter:card\" content=\"summary_large_image\" \/>\n<meta name=\"twitter:label1\" content=\"Timp estimat pentru citire\" \/>\n\t<meta name=\"twitter:data1\" content=\"2 minute\" \/>\n<script type=\"application\/ld+json\" class=\"yoast-schema-graph\">{\"@context\":\"https:\\\/\\\/schema.org\",\"@graph\":[{\"@type\":\"WebPage\",\"@id\":\"https:\\\/\\\/yupie.app\\\/product\\\/philips-vintage-hifi-rendszer-bluetooth\\\/\",\"url\":\"https:\\\/\\\/yupie.app\\\/product\\\/philips-vintage-hifi-rendszer-bluetooth\\\/\",\"name\":\"Philips Pr\u00e9mium Vintage Hi-Fi \u2013 Lemezj\u00e1tsz\u00f3, CD, R\u00e1di\u00f3 ,Bluetooth\",\"isPartOf\":{\"@id\":\"https:\\\/\\\/yupie.app\\\/#website\"},\"primaryImageOfPage\":{\"@id\":\"https:\\\/\\\/yupie.app\\\/product\\\/philips-vintage-hifi-rendszer-bluetooth\\\/#primaryimage\"},\"image\":{\"@id\":\"https:\\\/\\\/yupie.app\\\/product\\\/philips-vintage-hifi-rendszer-bluetooth\\\/#primaryimage\"},\"thumbnailUrl\":\"https:\\\/\\\/yupie.app\\\/wp-content\\\/uploads\\\/2026\\\/01\\\/15.png\",\"datePublished\":\"2026-01-20T10:10:36+00:00\",\"dateModified\":\"2026-03-31T14:09:46+00:00\",\"description\":\"Philips pr\u00e9mium vintage Hi-Fi rendszer Bluetooth-tal, lemezj\u00e1tsz\u00f3val, CD-vel \u00e9s r\u00e1di\u00f3val. Id\u0151t\u00e1ll\u00f3 hangz\u00e1s, klasszikus design. \u00c1tvizsg\u00e1l\u00e1s sz\u00fcks\u00e9ges \u00e1tad\u00e1s el\u0151tt.\",\"breadcrumb\":{\"@id\":\"https:\\\/\\\/yupie.app\\\/product\\\/philips-vintage-hifi-rendszer-bluetooth\\\/#breadcrumb\"},\"inLanguage\":\"ro-RO\",\"potentialAction\":[{\"@type\":\"ReadAction\",\"target\":[\"https:\\\/\\\/yupie.app\\\/product\\\/philips-vintage-hifi-rendszer-bluetooth\\\/\"]}]},{\"@type\":\"ImageObject\",\"inLanguage\":\"ro-RO\",\"@id\":\"https:\\\/\\\/yupie.app\\\/product\\\/philips-vintage-hifi-rendszer-bluetooth\\\/#primaryimage\",\"url\":\"https:\\\/\\\/yupie.app\\\/wp-content\\\/uploads\\\/2026\\\/01\\\/15.png\",\"contentUrl\":\"https:\\\/\\\/yupie.app\\\/wp-content\\\/uploads\\\/2026\\\/01\\\/15.png\",\"width\":1536,\"height\":1024,\"caption\":\"Pr\u00e9mium Philips Hi-Fi torony \u2013 bakelit, CD \u00e9s r\u00e1di\u00f3 egyben, klasszikus \u201990-es hangz\u00e1s\"},{\"@type\":\"BreadcrumbList\",\"@id\":\"https:\\\/\\\/yupie.app\\\/product\\\/philips-vintage-hifi-rendszer-bluetooth\\\/#breadcrumb\",\"itemListElement\":[{\"@type\":\"ListItem\",\"position\":1,\"name\":\"Kezd\u0151lap\",\"item\":\"https:\\\/\\\/yupie.app\\\/\"},{\"@type\":\"ListItem\",\"position\":2,\"name\":\"Katal\u00f3gus\",\"item\":\"https:\\\/\\\/yupie.app\\\/katalogus\\\/\"},{\"@type\":\"ListItem\",\"position\":3,\"name\":\"Philips pr\u00e9mium Hi-Fi rendszer (FA 291 \\\/ FT 291 \\\/ CD 230 \\\/ FP 260) + eredeti Philips hangsug\u00e1rz\u00f3k \u2013 klasszikus \u201990-es \u00e9vek hangz\u00e1s\"}]},{\"@type\":\"WebSite\",\"@id\":\"https:\\\/\\\/yupie.app\\\/#website\",\"url\":\"https:\\\/\\\/yupie.app\\\/\",\"name\":\"yupie.app\",\"description\":\"\",\"publisher\":{\"@id\":\"https:\\\/\\\/yupie.app\\\/#organization\"},\"potentialAction\":[{\"@type\":\"SearchAction\",\"target\":{\"@type\":\"EntryPoint\",\"urlTemplate\":\"https:\\\/\\\/yupie.app\\\/?s={search_term_string}\"},\"query-input\":{\"@type\":\"PropertyValueSpecification\",\"valueRequired\":true,\"valueName\":\"search_term_string\"}}],\"inLanguage\":\"ro-RO\"},{\"@type\":\"Organization\",\"@id\":\"https:\\\/\\\/yupie.app\\\/#organization\",\"name\":\"yupie.app\",\"url\":\"https:\\\/\\\/yupie.app\\\/\",\"logo\":{\"@type\":\"ImageObject\",\"inLanguage\":\"ro-RO\",\"@id\":\"https:\\\/\\\/yupie.app\\\/#\\\/schema\\\/logo\\\/image\\\/\",\"url\":\"https:\\\/\\\/yupie.app\\\/wp-content\\\/uploads\\\/2025\\\/07\\\/cropped-uj-logo.png\",\"contentUrl\":\"https:\\\/\\\/yupie.app\\\/wp-content\\\/uploads\\\/2025\\\/07\\\/cropped-uj-logo.png\",\"width\":500,\"height\":208,\"caption\":\"yupie.app\"},\"image\":{\"@id\":\"https:\\\/\\\/yupie.app\\\/#\\\/schema\\\/logo\\\/image\\\/\"},\"sameAs\":[\"https:\\\/\\\/www.facebook.com\\\/profile.php?id=100089345417295\"]}]}<\/script>\n<!-- \/ Yoast SEO plugin. -->","yoast_head_json":{"title":"Philips Pr\u00e9mium Vintage Hi-Fi \u2013 Lemezj\u00e1tsz\u00f3, CD, R\u00e1di\u00f3 ,Bluetooth","description":"Philips pr\u00e9mium vintage Hi-Fi rendszer Bluetooth-tal, lemezj\u00e1tsz\u00f3val, CD-vel \u00e9s r\u00e1di\u00f3val. Id\u0151t\u00e1ll\u00f3 hangz\u00e1s, klasszikus design. \u00c1tvizsg\u00e1l\u00e1s sz\u00fcks\u00e9ges \u00e1tad\u00e1s el\u0151tt.","robots":{"index":"index","follow":"follow","max-snippet":"max-snippet:-1","max-image-preview":"max-image-preview:large","max-video-preview":"max-video-preview:-1"},"canonical":"https:\/\/yupie.app\/ro\/product\/philips-vintage-hifi-rendszer-bluetooth\/","og_locale":"ro_RO","og_type":"article","og_title":"Philips Pr\u00e9mium Vintage Hi-Fi \u2013 Lemezj\u00e1tsz\u00f3, CD, R\u00e1di\u00f3 ,Bluetooth","og_description":"Philips pr\u00e9mium vintage Hi-Fi rendszer Bluetooth-tal, lemezj\u00e1tsz\u00f3val, CD-vel \u00e9s r\u00e1di\u00f3val. Id\u0151t\u00e1ll\u00f3 hangz\u00e1s, klasszikus design. \u00c1tvizsg\u00e1l\u00e1s sz\u00fcks\u00e9ges \u00e1tad\u00e1s el\u0151tt.","og_url":"https:\/\/yupie.app\/ro\/product\/philips-vintage-hifi-rendszer-bluetooth\/","og_site_name":"yupie.app","article_publisher":"https:\/\/www.facebook.com\/profile.php?id=100089345417295","article_modified_time":"2026-03-31T14:09:46+00:00","og_image":[{"width":1536,"height":1024,"url":"https:\/\/yupie.app\/wp-content\/uploads\/2026\/01\/15.png","type":"image\/png"}],"twitter_card":"summary_large_image","twitter_misc":{"Timp estimat pentru citire":"2 minute"},"schema":{"@context":"https:\/\/schema.org","@graph":[{"@type":"WebPage","@id":"https:\/\/yupie.app\/product\/philips-vintage-hifi-rendszer-bluetooth\/","url":"https:\/\/yupie.app\/product\/philips-vintage-hifi-rendszer-bluetooth\/","name":"Philips Pr\u00e9mium Vintage Hi-Fi \u2013 Lemezj\u00e1tsz\u00f3, CD, R\u00e1di\u00f3 ,Bluetooth","isPartOf":{"@id":"https:\/\/yupie.app\/#website"},"primaryImageOfPage":{"@id":"https:\/\/yupie.app\/product\/philips-vintage-hifi-rendszer-bluetooth\/#primaryimage"},"image":{"@id":"https:\/\/yupie.app\/product\/philips-vintage-hifi-rendszer-bluetooth\/#primaryimage"},"thumbnailUrl":"https:\/\/yupie.app\/wp-content\/uploads\/2026\/01\/15.png","datePublished":"2026-01-20T10:10:36+00:00","dateModified":"2026-03-31T14:09:46+00:00","description":"Philips pr\u00e9mium vintage Hi-Fi rendszer Bluetooth-tal, lemezj\u00e1tsz\u00f3val, CD-vel \u00e9s r\u00e1di\u00f3val. Id\u0151t\u00e1ll\u00f3 hangz\u00e1s, klasszikus design. \u00c1tvizsg\u00e1l\u00e1s sz\u00fcks\u00e9ges \u00e1tad\u00e1s el\u0151tt.","breadcrumb":{"@id":"https:\/\/yupie.app\/product\/philips-vintage-hifi-rendszer-bluetooth\/#breadcrumb"},"inLanguage":"ro-RO","potentialAction":[{"@type":"ReadAction","target":["https:\/\/yupie.app\/product\/philips-vintage-hifi-rendszer-bluetooth\/"]}]},{"@type":"ImageObject","inLanguage":"ro-RO","@id":"https:\/\/yupie.app\/product\/philips-vintage-hifi-rendszer-bluetooth\/#primaryimage","url":"https:\/\/yupie.app\/wp-content\/uploads\/2026\/01\/15.png","contentUrl":"https:\/\/yupie.app\/wp-content\/uploads\/2026\/01\/15.png","width":1536,"height":1024,"caption":"Pr\u00e9mium Philips Hi-Fi torony \u2013 bakelit, CD \u00e9s r\u00e1di\u00f3 egyben, klasszikus \u201990-es hangz\u00e1s"},{"@type":"BreadcrumbList","@id":"https:\/\/yupie.app\/product\/philips-vintage-hifi-rendszer-bluetooth\/#breadcrumb","itemListElement":[{"@type":"ListItem","position":1,"name":"Kezd\u0151lap","item":"https:\/\/yupie.app\/"},{"@type":"ListItem","position":2,"name":"Katal\u00f3gus","item":"https:\/\/yupie.app\/katalogus\/"},{"@type":"ListItem","position":3,"name":"Philips pr\u00e9mium Hi-Fi rendszer (FA 291 \/ FT 291 \/ CD 230 \/ FP 260) + eredeti Philips hangsug\u00e1rz\u00f3k \u2013 klasszikus \u201990-es \u00e9vek hangz\u00e1s"}]},{"@type":"WebSite","@id":"https:\/\/yupie.app\/#website","url":"https:\/\/yupie.app\/","name":"yupie.app","description":"","publisher":{"@id":"https:\/\/yupie.app\/#organization"},"potentialAction":[{"@type":"SearchAction","target":{"@type":"EntryPoint","urlTemplate":"https:\/\/yupie.app\/?s={search_term_string}"},"query-input":{"@type":"PropertyValueSpecification","valueRequired":true,"valueName":"search_term_string"}}],"inLanguage":"ro-RO"},{"@type":"Organization","@id":"https:\/\/yupie.app\/#organization","name":"yupie.app","url":"https:\/\/yupie.app\/","logo":{"@type":"ImageObject","inLanguage":"ro-RO","@id":"https:\/\/yupie.app\/#\/schema\/logo\/image\/","url":"https:\/\/yupie.app\/wp-content\/uploads\/2025\/07\/cropped-uj-logo.png","contentUrl":"https:\/\/yupie.app\/wp-content\/uploads\/2025\/07\/cropped-uj-logo.png","width":500,"height":208,"caption":"yupie.app"},"image":{"@id":"https:\/\/yupie.app\/#\/schema\/logo\/image\/"},"sameAs":["https:\/\/www.facebook.com\/profile.php?id=100089345417295"]}]}},"jetpack_sharing_enabled":true,"_links":{"self":[{"href":"https:\/\/yupie.app\/ro\/wp-json\/wp\/v2\/product\/49444","targetHints":{"allow":["GET"]}}],"collection":[{"href":"https:\/\/yupie.app\/ro\/wp-json\/wp\/v2\/product"}],"about":[{"href":"https:\/\/yupie.app\/ro\/wp-json\/wp\/v2\/types\/product"}],"version-history":[{"count":0,"href":"https:\/\/yupie.app\/ro\/wp-json\/wp\/v2\/product\/49444\/revisions"}],"wp:featuredmedia":[{"embeddable":true,"href":"https:\/\/yupie.app\/ro\/wp-json\/wp\/v2\/media\/49456"}],"wp:attachment":[{"href":"https:\/\/yupie.app\/ro\/wp-json\/wp\/v2\/media?parent=49444"}],"wp:term":[{"taxonomy":"product_brand","embeddable":true,"href":"https:\/\/yupie.app\/ro\/wp-json\/wp\/v2\/product_brand?post=49444"},{"taxonomy":"product_cat","embeddable":true,"href":"https:\/\/yupie.app\/ro\/wp-json\/wp\/v2\/product_cat?post=49444"},{"taxonomy":"product_tag","embeddable":true,"href":"https:\/\/yupie.app\/ro\/wp-json\/wp\/v2\/product_tag?post=49444"}],"curies":[{"name":"wp","href":"https:\/\/api.w.org\/{rel}","templated":true}]}}