{"id":49380,"date":"2026-01-06T13:47:35","date_gmt":"2026-01-06T11:47:35","guid":{"rendered":"https:\/\/yupie.app\/?post_type=product&#038;p=49380"},"modified":"2026-01-18T08:44:35","modified_gmt":"2026-01-18T06:44:35","slug":"fali-tukor-james-dean-lenyomattal-masolat","status":"publish","type":"product","link":"https:\/\/yupie.app\/ro\/product\/fali-tukor-james-dean-lenyomattal-masolat\/","title":{"rendered":"Ikonikus James Dean portr\u00e9s falik\u00e9p \u2013 vintage popkult\u00fara dekor (22\u00d733\u00d72 cm)"},"content":{"rendered":"<p data-start=\"249\" data-end=\"527\">Ez a fali t\u00fck\u00f6r James Dean ikonikus portr\u00e9j\u00e1val egy <strong data-start=\"301\" data-end=\"342\">karakteres \u00e9s st\u00edlusos lak\u00e1sdekor\u00e1ci\u00f3<\/strong>, amely egyszerre funkcion\u00e1lis \u00e9s l\u00e1tv\u00e1nyos. A t\u00fck\u00f6r fel\u00fclet\u00e9n megjelen\u0151 grafikus lenyomat a legend\u00e1s sz\u00edn\u00e9sz id\u0151tlen kisug\u00e1rz\u00e1s\u00e1t id\u00e9zi meg, mik\u00f6zben k\u00fcl\u00f6nleges hangulatot ad a t\u00e9rnek.<\/p>\n<p data-start=\"529\" data-end=\"779\">A fa hat\u00e1s\u00fa keret \u00e9s a klasszikus portr\u00e9 egy\u00fcttese <strong data-start=\"580\" data-end=\"617\">vintage\u2013retro jelleg\u0171 megjelen\u00e9st<\/strong> biztos\u00edt, amely j\u00f3l illeszkedik modern, loft vagy eklektikus enteri\u0151r\u00f6kbe is. Nem csup\u00e1n t\u00fck\u00f6rk\u00e9nt haszn\u00e1lhat\u00f3, hanem <strong data-start=\"736\" data-end=\"778\">falik\u00e9pk\u00e9nt is meghat\u00e1roz\u00f3 d\u00edsz\u00edt\u0151elem<\/strong>.<\/p>\n<p data-start=\"781\" data-end=\"981\">Ide\u00e1lis v\u00e1laszt\u00e1s nappaliba, h\u00e1l\u00f3szob\u00e1ba, dolgoz\u00f3szob\u00e1ba vagy ak\u00e1r \u00fczlethelyis\u00e9g dekor\u00e1ci\u00f3jak\u00e9nt. Aj\u00e1nd\u00e9knak is kiv\u00e1l\u00f3 mindazok sz\u00e1m\u00e1ra, akik kedvelik a filmes ikonokat \u00e9s az egyedi lak\u00e1sdekor\u00e1ci\u00f3kat.<\/p>\n<p data-start=\"983\" data-end=\"1118\"><strong data-start=\"983\" data-end=\"1064\">Ez a darab nem m\u0171t\u00e1rgy, hanem st\u00edlusos, ikonikus hangulatot teremt\u0151 dekor\u00e1ci\u00f3<\/strong>, amely k\u00f6nnyen a helyis\u00e9g egyik f\u00f3kuszpontj\u00e1v\u00e1 v\u00e1lik.<\/p>\n<p data-start=\"983\" data-end=\"1118\">","protected":false},"excerpt":{"rendered":"<p>St\u00edlusos fali t\u00fck\u00f6r James Dean ikonikus portr\u00e9j\u00e1val, amely egyszerre funkcion\u00e1lis \u00e9s dekorat\u00edv elem. A klasszikus grafikus lenyomat \u00e9s a fa hat\u00e1s\u00fa keret vintage\u2013retro hangulatot k\u00f6lcs\u00f6n\u00f6z, \u00edgy k\u00f6nnyen illeszkedik modern \u00e9s karakteres enteri\u0151r\u00f6kbe. Ide\u00e1lis v\u00e1laszt\u00e1s lak\u00e1sdekor\u00e1ci\u00f3k\u00e9nt vagy k\u00fcl\u00f6nleges aj\u00e1nd\u00e9knak.<\/p>","protected":false},"featured_media":3398,"template":"","meta":[],"product_brand":[],"product_cat":[533],"product_tag":[59,1194,1322,1321,872,1318,1319,1320,819,1052],"class_list":{"0":"post-49380","1":"product","2":"type-product","3":"status-publish","4":"has-post-thumbnail","6":"product_cat-kepek-dekoracio","7":"product_tag-dekoracio","8":"product_tag-fali-tukor","9":"product_tag-film-szinesz","10":"product_tag-filmikon","11":"product_tag-ikonikus","12":"product_tag-james-dean","13":"product_tag-legenda","14":"product_tag-szinesz","15":"product_tag-tukor","16":"product_tag-tukrok","17":"description-off","19":"first","20":"instock","21":"shipping-taxable","22":"purchasable","23":"product-type-simple"},"yoast_head":"<!-- This site is optimized with the Yoast SEO plugin v27.3 - https:\/\/yoast.com\/product\/yoast-seo-wordpress\/ -->\n<title>Ikonikus James Dean portr\u00e9s falik\u00e9p \u2013 vintage popkult\u00fara dekor (22\u00d733\u00d72 cm) - yupie.app<\/title>\n<meta name=\"description\" content=\"Ez a fali t\u00fck\u00f6r James Dean lenyomattal egyedi st\u00edlust \u00e9s ikonikus eleganci\u00e1t k\u00f6lcs\u00f6n\u00f6z otthon\u00e1nak. Ez a t\u00fck\u00f6r a legend\u00e1s James Dean arc\u00e1t \u00f6r\u00f6k\u00edti meg.\" \/>\n<meta name=\"robots\" content=\"index, follow, max-snippet:-1, max-image-preview:large, max-video-preview:-1\" \/>\n<link rel=\"canonical\" href=\"https:\/\/yupie.app\/ro\/product\/fali-tukor-james-dean-lenyomattal-masolat\/\" \/>\n<meta property=\"og:locale\" content=\"ro_RO\" \/>\n<meta property=\"og:type\" content=\"article\" \/>\n<meta property=\"og:title\" content=\"Ikonikus James Dean portr\u00e9s falik\u00e9p \u2013 vintage popkult\u00fara dekor (22\u00d733\u00d72 cm) - yupie.app\" \/>\n<meta property=\"og:description\" content=\"Ez a fali t\u00fck\u00f6r James Dean lenyomattal egyedi st\u00edlust \u00e9s ikonikus eleganci\u00e1t k\u00f6lcs\u00f6n\u00f6z otthon\u00e1nak. Ez a t\u00fck\u00f6r a legend\u00e1s James Dean arc\u00e1t \u00f6r\u00f6k\u00edti meg.\" \/>\n<meta property=\"og:url\" content=\"https:\/\/yupie.app\/ro\/product\/fali-tukor-james-dean-lenyomattal-masolat\/\" \/>\n<meta property=\"og:site_name\" content=\"yupie.app\" \/>\n<meta property=\"article:publisher\" content=\"https:\/\/www.facebook.com\/profile.php?id=100089345417295\" \/>\n<meta property=\"article:modified_time\" content=\"2026-01-18T06:44:35+00:00\" \/>\n<meta property=\"og:image\" content=\"https:\/\/yupie.app\/wp-content\/uploads\/2023\/09\/DSC02137-1024x909.png\" \/>\n\t<meta property=\"og:image:width\" content=\"1024\" \/>\n\t<meta property=\"og:image:height\" content=\"909\" \/>\n\t<meta property=\"og:image:type\" content=\"image\/png\" \/>\n<meta name=\"twitter:card\" content=\"summary_large_image\" \/>\n<meta name=\"twitter:label1\" content=\"Timp estimat pentru citire\" \/>\n\t<meta name=\"twitter:data1\" content=\"1 minut\" \/>\n<script type=\"application\/ld+json\" class=\"yoast-schema-graph\">{\"@context\":\"https:\\\/\\\/schema.org\",\"@graph\":[{\"@type\":\"WebPage\",\"@id\":\"https:\\\/\\\/yupie.app\\\/product\\\/fali-tukor-james-dean-lenyomattal-masolat\\\/\",\"url\":\"https:\\\/\\\/yupie.app\\\/product\\\/fali-tukor-james-dean-lenyomattal-masolat\\\/\",\"name\":\"Ikonikus James Dean portr\u00e9s falik\u00e9p \u2013 vintage popkult\u00fara dekor (22\u00d733\u00d72 cm) - yupie.app\",\"isPartOf\":{\"@id\":\"https:\\\/\\\/yupie.app\\\/#website\"},\"primaryImageOfPage\":{\"@id\":\"https:\\\/\\\/yupie.app\\\/product\\\/fali-tukor-james-dean-lenyomattal-masolat\\\/#primaryimage\"},\"image\":{\"@id\":\"https:\\\/\\\/yupie.app\\\/product\\\/fali-tukor-james-dean-lenyomattal-masolat\\\/#primaryimage\"},\"thumbnailUrl\":\"https:\\\/\\\/yupie.app\\\/wp-content\\\/uploads\\\/2023\\\/09\\\/DSC02137.png\",\"datePublished\":\"2026-01-06T11:47:35+00:00\",\"dateModified\":\"2026-01-18T06:44:35+00:00\",\"description\":\"Ez a fali t\u00fck\u00f6r James Dean lenyomattal egyedi st\u00edlust \u00e9s ikonikus eleganci\u00e1t k\u00f6lcs\u00f6n\u00f6z otthon\u00e1nak. Ez a t\u00fck\u00f6r a legend\u00e1s James Dean arc\u00e1t \u00f6r\u00f6k\u00edti meg.\",\"breadcrumb\":{\"@id\":\"https:\\\/\\\/yupie.app\\\/product\\\/fali-tukor-james-dean-lenyomattal-masolat\\\/#breadcrumb\"},\"inLanguage\":\"ro-RO\",\"potentialAction\":[{\"@type\":\"ReadAction\",\"target\":[\"https:\\\/\\\/yupie.app\\\/product\\\/fali-tukor-james-dean-lenyomattal-masolat\\\/\"]}]},{\"@type\":\"ImageObject\",\"inLanguage\":\"ro-RO\",\"@id\":\"https:\\\/\\\/yupie.app\\\/product\\\/fali-tukor-james-dean-lenyomattal-masolat\\\/#primaryimage\",\"url\":\"https:\\\/\\\/yupie.app\\\/wp-content\\\/uploads\\\/2023\\\/09\\\/DSC02137.png\",\"contentUrl\":\"https:\\\/\\\/yupie.app\\\/wp-content\\\/uploads\\\/2023\\\/09\\\/DSC02137.png\",\"width\":2395,\"height\":2126,\"caption\":\"Fali t\u00fck\u00f6r James Dean lenyomattal, dekor\u00e1ci\u00f3, t\u00fckr\u00f6k, yupie\"},{\"@type\":\"BreadcrumbList\",\"@id\":\"https:\\\/\\\/yupie.app\\\/product\\\/fali-tukor-james-dean-lenyomattal-masolat\\\/#breadcrumb\",\"itemListElement\":[{\"@type\":\"ListItem\",\"position\":1,\"name\":\"Kezd\u0151lap\",\"item\":\"https:\\\/\\\/yupie.app\\\/\"},{\"@type\":\"ListItem\",\"position\":2,\"name\":\"Katal\u00f3gus\",\"item\":\"https:\\\/\\\/yupie.app\\\/katalogus\\\/\"},{\"@type\":\"ListItem\",\"position\":3,\"name\":\"Ikonikus James Dean portr\u00e9s falik\u00e9p \u2013 vintage popkult\u00fara dekor (22\u00d733\u00d72 cm)\"}]},{\"@type\":\"WebSite\",\"@id\":\"https:\\\/\\\/yupie.app\\\/#website\",\"url\":\"https:\\\/\\\/yupie.app\\\/\",\"name\":\"yupie.app\",\"description\":\"\",\"publisher\":{\"@id\":\"https:\\\/\\\/yupie.app\\\/#organization\"},\"potentialAction\":[{\"@type\":\"SearchAction\",\"target\":{\"@type\":\"EntryPoint\",\"urlTemplate\":\"https:\\\/\\\/yupie.app\\\/?s={search_term_string}\"},\"query-input\":{\"@type\":\"PropertyValueSpecification\",\"valueRequired\":true,\"valueName\":\"search_term_string\"}}],\"inLanguage\":\"ro-RO\"},{\"@type\":\"Organization\",\"@id\":\"https:\\\/\\\/yupie.app\\\/#organization\",\"name\":\"yupie.app\",\"url\":\"https:\\\/\\\/yupie.app\\\/\",\"logo\":{\"@type\":\"ImageObject\",\"inLanguage\":\"ro-RO\",\"@id\":\"https:\\\/\\\/yupie.app\\\/#\\\/schema\\\/logo\\\/image\\\/\",\"url\":\"https:\\\/\\\/yupie.app\\\/wp-content\\\/uploads\\\/2025\\\/07\\\/cropped-uj-logo.png\",\"contentUrl\":\"https:\\\/\\\/yupie.app\\\/wp-content\\\/uploads\\\/2025\\\/07\\\/cropped-uj-logo.png\",\"width\":500,\"height\":208,\"caption\":\"yupie.app\"},\"image\":{\"@id\":\"https:\\\/\\\/yupie.app\\\/#\\\/schema\\\/logo\\\/image\\\/\"},\"sameAs\":[\"https:\\\/\\\/www.facebook.com\\\/profile.php?id=100089345417295\"]}]}<\/script>\n<!-- \/ Yoast SEO plugin. -->","yoast_head_json":{"title":"Ikonikus James Dean portr\u00e9s falik\u00e9p \u2013 vintage popkult\u00fara dekor (22\u00d733\u00d72 cm) - yupie.app","description":"Ez a fali t\u00fck\u00f6r James Dean lenyomattal egyedi st\u00edlust \u00e9s ikonikus eleganci\u00e1t k\u00f6lcs\u00f6n\u00f6z otthon\u00e1nak. Ez a t\u00fck\u00f6r a legend\u00e1s James Dean arc\u00e1t \u00f6r\u00f6k\u00edti meg.","robots":{"index":"index","follow":"follow","max-snippet":"max-snippet:-1","max-image-preview":"max-image-preview:large","max-video-preview":"max-video-preview:-1"},"canonical":"https:\/\/yupie.app\/ro\/product\/fali-tukor-james-dean-lenyomattal-masolat\/","og_locale":"ro_RO","og_type":"article","og_title":"Ikonikus James Dean portr\u00e9s falik\u00e9p \u2013 vintage popkult\u00fara dekor (22\u00d733\u00d72 cm) - yupie.app","og_description":"Ez a fali t\u00fck\u00f6r James Dean lenyomattal egyedi st\u00edlust \u00e9s ikonikus eleganci\u00e1t k\u00f6lcs\u00f6n\u00f6z otthon\u00e1nak. Ez a t\u00fck\u00f6r a legend\u00e1s James Dean arc\u00e1t \u00f6r\u00f6k\u00edti meg.","og_url":"https:\/\/yupie.app\/ro\/product\/fali-tukor-james-dean-lenyomattal-masolat\/","og_site_name":"yupie.app","article_publisher":"https:\/\/www.facebook.com\/profile.php?id=100089345417295","article_modified_time":"2026-01-18T06:44:35+00:00","og_image":[{"width":1024,"height":909,"url":"https:\/\/yupie.app\/wp-content\/uploads\/2023\/09\/DSC02137-1024x909.png","type":"image\/png"}],"twitter_card":"summary_large_image","twitter_misc":{"Timp estimat pentru citire":"1 minut"},"schema":{"@context":"https:\/\/schema.org","@graph":[{"@type":"WebPage","@id":"https:\/\/yupie.app\/product\/fali-tukor-james-dean-lenyomattal-masolat\/","url":"https:\/\/yupie.app\/product\/fali-tukor-james-dean-lenyomattal-masolat\/","name":"Ikonikus James Dean portr\u00e9s falik\u00e9p \u2013 vintage popkult\u00fara dekor (22\u00d733\u00d72 cm) - yupie.app","isPartOf":{"@id":"https:\/\/yupie.app\/#website"},"primaryImageOfPage":{"@id":"https:\/\/yupie.app\/product\/fali-tukor-james-dean-lenyomattal-masolat\/#primaryimage"},"image":{"@id":"https:\/\/yupie.app\/product\/fali-tukor-james-dean-lenyomattal-masolat\/#primaryimage"},"thumbnailUrl":"https:\/\/yupie.app\/wp-content\/uploads\/2023\/09\/DSC02137.png","datePublished":"2026-01-06T11:47:35+00:00","dateModified":"2026-01-18T06:44:35+00:00","description":"Ez a fali t\u00fck\u00f6r James Dean lenyomattal egyedi st\u00edlust \u00e9s ikonikus eleganci\u00e1t k\u00f6lcs\u00f6n\u00f6z otthon\u00e1nak. Ez a t\u00fck\u00f6r a legend\u00e1s James Dean arc\u00e1t \u00f6r\u00f6k\u00edti meg.","breadcrumb":{"@id":"https:\/\/yupie.app\/product\/fali-tukor-james-dean-lenyomattal-masolat\/#breadcrumb"},"inLanguage":"ro-RO","potentialAction":[{"@type":"ReadAction","target":["https:\/\/yupie.app\/product\/fali-tukor-james-dean-lenyomattal-masolat\/"]}]},{"@type":"ImageObject","inLanguage":"ro-RO","@id":"https:\/\/yupie.app\/product\/fali-tukor-james-dean-lenyomattal-masolat\/#primaryimage","url":"https:\/\/yupie.app\/wp-content\/uploads\/2023\/09\/DSC02137.png","contentUrl":"https:\/\/yupie.app\/wp-content\/uploads\/2023\/09\/DSC02137.png","width":2395,"height":2126,"caption":"Fali t\u00fck\u00f6r James Dean lenyomattal, dekor\u00e1ci\u00f3, t\u00fckr\u00f6k, yupie"},{"@type":"BreadcrumbList","@id":"https:\/\/yupie.app\/product\/fali-tukor-james-dean-lenyomattal-masolat\/#breadcrumb","itemListElement":[{"@type":"ListItem","position":1,"name":"Kezd\u0151lap","item":"https:\/\/yupie.app\/"},{"@type":"ListItem","position":2,"name":"Katal\u00f3gus","item":"https:\/\/yupie.app\/katalogus\/"},{"@type":"ListItem","position":3,"name":"Ikonikus James Dean portr\u00e9s falik\u00e9p \u2013 vintage popkult\u00fara dekor (22\u00d733\u00d72 cm)"}]},{"@type":"WebSite","@id":"https:\/\/yupie.app\/#website","url":"https:\/\/yupie.app\/","name":"yupie.app","description":"","publisher":{"@id":"https:\/\/yupie.app\/#organization"},"potentialAction":[{"@type":"SearchAction","target":{"@type":"EntryPoint","urlTemplate":"https:\/\/yupie.app\/?s={search_term_string}"},"query-input":{"@type":"PropertyValueSpecification","valueRequired":true,"valueName":"search_term_string"}}],"inLanguage":"ro-RO"},{"@type":"Organization","@id":"https:\/\/yupie.app\/#organization","name":"yupie.app","url":"https:\/\/yupie.app\/","logo":{"@type":"ImageObject","inLanguage":"ro-RO","@id":"https:\/\/yupie.app\/#\/schema\/logo\/image\/","url":"https:\/\/yupie.app\/wp-content\/uploads\/2025\/07\/cropped-uj-logo.png","contentUrl":"https:\/\/yupie.app\/wp-content\/uploads\/2025\/07\/cropped-uj-logo.png","width":500,"height":208,"caption":"yupie.app"},"image":{"@id":"https:\/\/yupie.app\/#\/schema\/logo\/image\/"},"sameAs":["https:\/\/www.facebook.com\/profile.php?id=100089345417295"]}]}},"jetpack_sharing_enabled":true,"_links":{"self":[{"href":"https:\/\/yupie.app\/ro\/wp-json\/wp\/v2\/product\/49380","targetHints":{"allow":["GET"]}}],"collection":[{"href":"https:\/\/yupie.app\/ro\/wp-json\/wp\/v2\/product"}],"about":[{"href":"https:\/\/yupie.app\/ro\/wp-json\/wp\/v2\/types\/product"}],"version-history":[{"count":0,"href":"https:\/\/yupie.app\/ro\/wp-json\/wp\/v2\/product\/49380\/revisions"}],"wp:featuredmedia":[{"embeddable":true,"href":"https:\/\/yupie.app\/ro\/wp-json\/wp\/v2\/media\/3398"}],"wp:attachment":[{"href":"https:\/\/yupie.app\/ro\/wp-json\/wp\/v2\/media?parent=49380"}],"wp:term":[{"taxonomy":"product_brand","embeddable":true,"href":"https:\/\/yupie.app\/ro\/wp-json\/wp\/v2\/product_brand?post=49380"},{"taxonomy":"product_cat","embeddable":true,"href":"https:\/\/yupie.app\/ro\/wp-json\/wp\/v2\/product_cat?post=49380"},{"taxonomy":"product_tag","embeddable":true,"href":"https:\/\/yupie.app\/ro\/wp-json\/wp\/v2\/product_tag?post=49380"}],"curies":[{"name":"wp","href":"https:\/\/api.w.org\/{rel}","templated":true}]}}