{"id":4903,"date":"2023-11-02T12:23:25","date_gmt":"2023-11-02T10:23:25","guid":{"rendered":"https:\/\/yupie.hu\/?post_type=product&#038;p=4903"},"modified":"2026-01-19T09:39:51","modified_gmt":"2026-01-19T07:39:51","slug":"koszvenyes-labzsamoly","status":"publish","type":"product","link":"https:\/\/yupie.app\/ro\/product\/koszvenyes-labzsamoly\/","title":{"rendered":"K\u00e9zzel faragott fa l\u00e1bzs\u00e1moly \u2013 \u00edvelt, vintage pihen\u0151 l\u00e1bt\u00e1masz"},"content":{"rendered":"<p>A k\u00f6szv\u00e9nyes l\u00e1bzs\u00e1moly egy olyan speci\u00e1lis alkalmatoss\u00e1g, amelyet kifejezetten k\u00f6szv\u00e9nyes betegek sz\u00e1m\u00e1ra terveztek \u00e9s k\u00e9sz\u00edtettek. Ez a zs\u00e1moly egyed\u00fcl\u00e1ll\u00f3 kialak\u00edt\u00e1s\u00e1nak k\u00f6sz\u00f6nhet\u0151en seg\u00edti a k\u00f6szv\u00e9nyes rohamokban szenved\u0151k k\u00e9nyelm\u00e9t \u00e9s enyh\u00edti a f\u00e1jdalmukat. Seg\u00edt a l\u00e1bak megemel\u00e9s\u00e9ben \u00e9s pihentet\u00e9s\u00e9ben, ez\u00e1ltal cs\u00f6kkentve a f\u00e1jdalmat \u00e9s duzzanatot. Az ergonomikus diz\u00e1jnja lehet\u0151v\u00e9 teszi a beteg sz\u00e1m\u00e1ra, hogy k\u00e9nyelmesen \u00fclj\u00f6n, mik\u00f6zben l\u00e1bait pihenteti a speci\u00e1lis l\u00e1btart\u00f3n. Ezenk\u00edv\u00fcl k\u00f6nny\u0171 \u00e9s hordozhat\u00f3, \u00edgy k\u00f6nnyen sz\u00e1ll\u00edthat\u00f3. Az ilyen t\u00edpus\u00fa b\u00fatordarabok rendk\u00edv\u00fcl hasznosak \u00e9s k\u00e9nyelmesek azoknak, akik k\u00f6szv\u00e9nyes f\u00e1jdalomt\u00f3l szenvednek, seg\u00edtve \u0151ket a mindennapi tev\u00e9kenys\u00e9gek sor\u00e1n. Egyed\u00fcl\u00e1ll\u00f3 megold\u00e1st ny\u00fajt azoknak, akik sz\u00e1m\u00e1ra fontos a f\u00e1jdalomcsillap\u00edt\u00e1s \u00e9s a k\u00e9nyelem.<\/p>","protected":false},"excerpt":{"rendered":"<p>A k\u00f6szv\u00e9nyes l\u00e1bzs\u00e1moly egy olyan speci\u00e1lis b\u00fatordarab, amelyet kifejezetten a k\u00f6szv\u00e9ny, egy f\u00e1jdalmas \u00e9s gyullad\u00e1sos \u00edz\u00fcleti betegs\u00e9g, kezel\u00e9s\u00e9re terveztek. Ez a sz\u00e9k kiv\u00e1l\u00f3an alkalmas azoknak, akik a k\u00f6szv\u00e9ny \u00e1ltal okozott intenz\u00edv f\u00e1jdalomt\u00f3l szenvednek, mivel k\u00e9nyelmet ny\u00fajt a s\u00falyos t\u00fcnetek enyh\u00edt\u00e9s\u00e9hez. A l\u00e1bzs\u00e1moly ergonomikus kialak\u00edt\u00e1ssal rendelkezik, amely lehet\u0151v\u00e9 teszi a l\u00e1b k\u00e9nyelmes elhelyez\u00e9s\u00e9t, mik\u00f6zben seg\u00edt cs\u00f6kkenteni a f\u00e1jdalmat.<\/p>\n<p>Ezenk\u00edv\u00fcl a sz\u00e9k magas min\u0151s\u00e9g\u0171 anyagokb\u00f3l k\u00e9sz\u00fclt, biztos\u00edtva a tart\u00f3ss\u00e1got \u00e9s a hossz\u00fa \u00e9lettartamot.<\/p>","protected":false},"featured_media":4904,"template":"","meta":[],"product_brand":[],"product_cat":[40],"product_tag":[631,1776,1805,629,1804],"class_list":{"0":"post-4903","1":"product","2":"type-product","3":"status-publish","4":"has-post-thumbnail","6":"product_cat-butorok","7":"product_tag-butorok","8":"product_tag-kenyelem","9":"product_tag-koszvenyes-labzsamoly","10":"product_tag-labzsamoly","11":"product_tag-zsamoly","12":"description-off","14":"first","15":"instock","16":"shipping-taxable","17":"purchasable","18":"product-type-simple"},"yoast_head":"<!-- This site is optimized with the Yoast SEO plugin v27.3 - https:\/\/yoast.com\/product\/yoast-seo-wordpress\/ -->\n<title>K\u00e9zzel faragott fa l\u00e1bzs\u00e1moly \u2013 \u00edvelt, vintage pihen\u0151 l\u00e1bt\u00e1masz - yupie.app<\/title>\n<meta name=\"description\" content=\"A k\u00f6szv\u00e9nyes l\u00e1bzs\u00e1moly egy olyan speci\u00e1lis alkalmatoss\u00e1g, amelyet kifejezetten k\u00f6szv\u00e9nyes betegek sz\u00e1m\u00e1ra terveztek \u00e9s k\u00e9sz\u00edtettek.\" \/>\n<meta name=\"robots\" content=\"index, follow, max-snippet:-1, max-image-preview:large, max-video-preview:-1\" \/>\n<link rel=\"canonical\" href=\"https:\/\/yupie.app\/ro\/product\/koszvenyes-labzsamoly\/\" \/>\n<meta property=\"og:locale\" content=\"ro_RO\" \/>\n<meta property=\"og:type\" content=\"article\" \/>\n<meta property=\"og:title\" content=\"K\u00e9zzel faragott fa l\u00e1bzs\u00e1moly \u2013 \u00edvelt, vintage pihen\u0151 l\u00e1bt\u00e1masz - yupie.app\" \/>\n<meta property=\"og:description\" content=\"A k\u00f6szv\u00e9nyes l\u00e1bzs\u00e1moly egy olyan speci\u00e1lis alkalmatoss\u00e1g, amelyet kifejezetten k\u00f6szv\u00e9nyes betegek sz\u00e1m\u00e1ra terveztek \u00e9s k\u00e9sz\u00edtettek.\" \/>\n<meta property=\"og:url\" content=\"https:\/\/yupie.app\/ro\/product\/koszvenyes-labzsamoly\/\" \/>\n<meta property=\"og:site_name\" content=\"yupie.app\" \/>\n<meta property=\"article:publisher\" content=\"https:\/\/www.facebook.com\/profile.php?id=100089345417295\" \/>\n<meta property=\"article:modified_time\" content=\"2026-01-19T07:39:51+00:00\" \/>\n<meta property=\"og:image\" content=\"https:\/\/yupie.app\/wp-content\/uploads\/2023\/11\/DSC03534.png\" \/>\n\t<meta property=\"og:image:width\" content=\"2230\" \/>\n\t<meta property=\"og:image:height\" content=\"2229\" \/>\n\t<meta property=\"og:image:type\" content=\"image\/png\" \/>\n<meta name=\"twitter:card\" content=\"summary_large_image\" \/>\n<meta name=\"twitter:label1\" content=\"Timp estimat pentru citire\" \/>\n\t<meta name=\"twitter:data1\" content=\"1 minut\" \/>\n<script type=\"application\/ld+json\" class=\"yoast-schema-graph\">{\"@context\":\"https:\\\/\\\/schema.org\",\"@graph\":[{\"@type\":\"WebPage\",\"@id\":\"https:\\\/\\\/yupie.app\\\/product\\\/koszvenyes-labzsamoly\\\/\",\"url\":\"https:\\\/\\\/yupie.app\\\/product\\\/koszvenyes-labzsamoly\\\/\",\"name\":\"K\u00e9zzel faragott fa l\u00e1bzs\u00e1moly \u2013 \u00edvelt, vintage pihen\u0151 l\u00e1bt\u00e1masz - yupie.app\",\"isPartOf\":{\"@id\":\"https:\\\/\\\/yupie.app\\\/#website\"},\"primaryImageOfPage\":{\"@id\":\"https:\\\/\\\/yupie.app\\\/product\\\/koszvenyes-labzsamoly\\\/#primaryimage\"},\"image\":{\"@id\":\"https:\\\/\\\/yupie.app\\\/product\\\/koszvenyes-labzsamoly\\\/#primaryimage\"},\"thumbnailUrl\":\"https:\\\/\\\/yupie.app\\\/wp-content\\\/uploads\\\/2023\\\/11\\\/DSC03534.png\",\"datePublished\":\"2023-11-02T10:23:25+00:00\",\"dateModified\":\"2026-01-19T07:39:51+00:00\",\"description\":\"A k\u00f6szv\u00e9nyes l\u00e1bzs\u00e1moly egy olyan speci\u00e1lis alkalmatoss\u00e1g, amelyet kifejezetten k\u00f6szv\u00e9nyes betegek sz\u00e1m\u00e1ra terveztek \u00e9s k\u00e9sz\u00edtettek.\",\"breadcrumb\":{\"@id\":\"https:\\\/\\\/yupie.app\\\/product\\\/koszvenyes-labzsamoly\\\/#breadcrumb\"},\"inLanguage\":\"ro-RO\",\"potentialAction\":[{\"@type\":\"ReadAction\",\"target\":[\"https:\\\/\\\/yupie.app\\\/product\\\/koszvenyes-labzsamoly\\\/\"]}]},{\"@type\":\"ImageObject\",\"inLanguage\":\"ro-RO\",\"@id\":\"https:\\\/\\\/yupie.app\\\/product\\\/koszvenyes-labzsamoly\\\/#primaryimage\",\"url\":\"https:\\\/\\\/yupie.app\\\/wp-content\\\/uploads\\\/2023\\\/11\\\/DSC03534.png\",\"contentUrl\":\"https:\\\/\\\/yupie.app\\\/wp-content\\\/uploads\\\/2023\\\/11\\\/DSC03534.png\",\"width\":2230,\"height\":2229,\"caption\":\"K\u00f6szv\u00e9nyes l\u00e1bzs\u00e1moly, b\u00fatorok, yupie\"},{\"@type\":\"BreadcrumbList\",\"@id\":\"https:\\\/\\\/yupie.app\\\/product\\\/koszvenyes-labzsamoly\\\/#breadcrumb\",\"itemListElement\":[{\"@type\":\"ListItem\",\"position\":1,\"name\":\"Kezd\u0151lap\",\"item\":\"https:\\\/\\\/yupie.app\\\/\"},{\"@type\":\"ListItem\",\"position\":2,\"name\":\"Katal\u00f3gus\",\"item\":\"https:\\\/\\\/yupie.app\\\/katalogus\\\/\"},{\"@type\":\"ListItem\",\"position\":3,\"name\":\"K\u00e9zzel faragott fa l\u00e1bzs\u00e1moly \u2013 \u00edvelt, vintage pihen\u0151 l\u00e1bt\u00e1masz\"}]},{\"@type\":\"WebSite\",\"@id\":\"https:\\\/\\\/yupie.app\\\/#website\",\"url\":\"https:\\\/\\\/yupie.app\\\/\",\"name\":\"yupie.app\",\"description\":\"\",\"publisher\":{\"@id\":\"https:\\\/\\\/yupie.app\\\/#organization\"},\"potentialAction\":[{\"@type\":\"SearchAction\",\"target\":{\"@type\":\"EntryPoint\",\"urlTemplate\":\"https:\\\/\\\/yupie.app\\\/?s={search_term_string}\"},\"query-input\":{\"@type\":\"PropertyValueSpecification\",\"valueRequired\":true,\"valueName\":\"search_term_string\"}}],\"inLanguage\":\"ro-RO\"},{\"@type\":\"Organization\",\"@id\":\"https:\\\/\\\/yupie.app\\\/#organization\",\"name\":\"yupie.app\",\"url\":\"https:\\\/\\\/yupie.app\\\/\",\"logo\":{\"@type\":\"ImageObject\",\"inLanguage\":\"ro-RO\",\"@id\":\"https:\\\/\\\/yupie.app\\\/#\\\/schema\\\/logo\\\/image\\\/\",\"url\":\"https:\\\/\\\/yupie.app\\\/wp-content\\\/uploads\\\/2025\\\/07\\\/cropped-uj-logo.png\",\"contentUrl\":\"https:\\\/\\\/yupie.app\\\/wp-content\\\/uploads\\\/2025\\\/07\\\/cropped-uj-logo.png\",\"width\":500,\"height\":208,\"caption\":\"yupie.app\"},\"image\":{\"@id\":\"https:\\\/\\\/yupie.app\\\/#\\\/schema\\\/logo\\\/image\\\/\"},\"sameAs\":[\"https:\\\/\\\/www.facebook.com\\\/profile.php?id=100089345417295\"]}]}<\/script>\n<!-- \/ Yoast SEO plugin. -->","yoast_head_json":{"title":"K\u00e9zzel faragott fa l\u00e1bzs\u00e1moly \u2013 \u00edvelt, vintage pihen\u0151 l\u00e1bt\u00e1masz - yupie.app","description":"A k\u00f6szv\u00e9nyes l\u00e1bzs\u00e1moly egy olyan speci\u00e1lis alkalmatoss\u00e1g, amelyet kifejezetten k\u00f6szv\u00e9nyes betegek sz\u00e1m\u00e1ra terveztek \u00e9s k\u00e9sz\u00edtettek.","robots":{"index":"index","follow":"follow","max-snippet":"max-snippet:-1","max-image-preview":"max-image-preview:large","max-video-preview":"max-video-preview:-1"},"canonical":"https:\/\/yupie.app\/ro\/product\/koszvenyes-labzsamoly\/","og_locale":"ro_RO","og_type":"article","og_title":"K\u00e9zzel faragott fa l\u00e1bzs\u00e1moly \u2013 \u00edvelt, vintage pihen\u0151 l\u00e1bt\u00e1masz - yupie.app","og_description":"A k\u00f6szv\u00e9nyes l\u00e1bzs\u00e1moly egy olyan speci\u00e1lis alkalmatoss\u00e1g, amelyet kifejezetten k\u00f6szv\u00e9nyes betegek sz\u00e1m\u00e1ra terveztek \u00e9s k\u00e9sz\u00edtettek.","og_url":"https:\/\/yupie.app\/ro\/product\/koszvenyes-labzsamoly\/","og_site_name":"yupie.app","article_publisher":"https:\/\/www.facebook.com\/profile.php?id=100089345417295","article_modified_time":"2026-01-19T07:39:51+00:00","og_image":[{"width":2230,"height":2229,"url":"https:\/\/yupie.app\/wp-content\/uploads\/2023\/11\/DSC03534.png","type":"image\/png"}],"twitter_card":"summary_large_image","twitter_misc":{"Timp estimat pentru citire":"1 minut"},"schema":{"@context":"https:\/\/schema.org","@graph":[{"@type":"WebPage","@id":"https:\/\/yupie.app\/product\/koszvenyes-labzsamoly\/","url":"https:\/\/yupie.app\/product\/koszvenyes-labzsamoly\/","name":"K\u00e9zzel faragott fa l\u00e1bzs\u00e1moly \u2013 \u00edvelt, vintage pihen\u0151 l\u00e1bt\u00e1masz - yupie.app","isPartOf":{"@id":"https:\/\/yupie.app\/#website"},"primaryImageOfPage":{"@id":"https:\/\/yupie.app\/product\/koszvenyes-labzsamoly\/#primaryimage"},"image":{"@id":"https:\/\/yupie.app\/product\/koszvenyes-labzsamoly\/#primaryimage"},"thumbnailUrl":"https:\/\/yupie.app\/wp-content\/uploads\/2023\/11\/DSC03534.png","datePublished":"2023-11-02T10:23:25+00:00","dateModified":"2026-01-19T07:39:51+00:00","description":"A k\u00f6szv\u00e9nyes l\u00e1bzs\u00e1moly egy olyan speci\u00e1lis alkalmatoss\u00e1g, amelyet kifejezetten k\u00f6szv\u00e9nyes betegek sz\u00e1m\u00e1ra terveztek \u00e9s k\u00e9sz\u00edtettek.","breadcrumb":{"@id":"https:\/\/yupie.app\/product\/koszvenyes-labzsamoly\/#breadcrumb"},"inLanguage":"ro-RO","potentialAction":[{"@type":"ReadAction","target":["https:\/\/yupie.app\/product\/koszvenyes-labzsamoly\/"]}]},{"@type":"ImageObject","inLanguage":"ro-RO","@id":"https:\/\/yupie.app\/product\/koszvenyes-labzsamoly\/#primaryimage","url":"https:\/\/yupie.app\/wp-content\/uploads\/2023\/11\/DSC03534.png","contentUrl":"https:\/\/yupie.app\/wp-content\/uploads\/2023\/11\/DSC03534.png","width":2230,"height":2229,"caption":"K\u00f6szv\u00e9nyes l\u00e1bzs\u00e1moly, b\u00fatorok, yupie"},{"@type":"BreadcrumbList","@id":"https:\/\/yupie.app\/product\/koszvenyes-labzsamoly\/#breadcrumb","itemListElement":[{"@type":"ListItem","position":1,"name":"Kezd\u0151lap","item":"https:\/\/yupie.app\/"},{"@type":"ListItem","position":2,"name":"Katal\u00f3gus","item":"https:\/\/yupie.app\/katalogus\/"},{"@type":"ListItem","position":3,"name":"K\u00e9zzel faragott fa l\u00e1bzs\u00e1moly \u2013 \u00edvelt, vintage pihen\u0151 l\u00e1bt\u00e1masz"}]},{"@type":"WebSite","@id":"https:\/\/yupie.app\/#website","url":"https:\/\/yupie.app\/","name":"yupie.app","description":"","publisher":{"@id":"https:\/\/yupie.app\/#organization"},"potentialAction":[{"@type":"SearchAction","target":{"@type":"EntryPoint","urlTemplate":"https:\/\/yupie.app\/?s={search_term_string}"},"query-input":{"@type":"PropertyValueSpecification","valueRequired":true,"valueName":"search_term_string"}}],"inLanguage":"ro-RO"},{"@type":"Organization","@id":"https:\/\/yupie.app\/#organization","name":"yupie.app","url":"https:\/\/yupie.app\/","logo":{"@type":"ImageObject","inLanguage":"ro-RO","@id":"https:\/\/yupie.app\/#\/schema\/logo\/image\/","url":"https:\/\/yupie.app\/wp-content\/uploads\/2025\/07\/cropped-uj-logo.png","contentUrl":"https:\/\/yupie.app\/wp-content\/uploads\/2025\/07\/cropped-uj-logo.png","width":500,"height":208,"caption":"yupie.app"},"image":{"@id":"https:\/\/yupie.app\/#\/schema\/logo\/image\/"},"sameAs":["https:\/\/www.facebook.com\/profile.php?id=100089345417295"]}]}},"jetpack_sharing_enabled":true,"_links":{"self":[{"href":"https:\/\/yupie.app\/ro\/wp-json\/wp\/v2\/product\/4903","targetHints":{"allow":["GET"]}}],"collection":[{"href":"https:\/\/yupie.app\/ro\/wp-json\/wp\/v2\/product"}],"about":[{"href":"https:\/\/yupie.app\/ro\/wp-json\/wp\/v2\/types\/product"}],"version-history":[{"count":0,"href":"https:\/\/yupie.app\/ro\/wp-json\/wp\/v2\/product\/4903\/revisions"}],"wp:featuredmedia":[{"embeddable":true,"href":"https:\/\/yupie.app\/ro\/wp-json\/wp\/v2\/media\/4904"}],"wp:attachment":[{"href":"https:\/\/yupie.app\/ro\/wp-json\/wp\/v2\/media?parent=4903"}],"wp:term":[{"taxonomy":"product_brand","embeddable":true,"href":"https:\/\/yupie.app\/ro\/wp-json\/wp\/v2\/product_brand?post=4903"},{"taxonomy":"product_cat","embeddable":true,"href":"https:\/\/yupie.app\/ro\/wp-json\/wp\/v2\/product_cat?post=4903"},{"taxonomy":"product_tag","embeddable":true,"href":"https:\/\/yupie.app\/ro\/wp-json\/wp\/v2\/product_tag?post=4903"}],"curies":[{"name":"wp","href":"https:\/\/api.w.org\/{rel}","templated":true}]}}