{"id":4895,"date":"2023-11-02T11:43:49","date_gmt":"2023-11-02T09:43:49","guid":{"rendered":"https:\/\/yupie.hu\/?post_type=product&#038;p=4895"},"modified":"2026-02-19T09:12:05","modified_gmt":"2026-02-19T07:12:05","slug":"fekete-dohanyzoasztal","status":"publish","type":"product","link":"https:\/\/yupie.app\/ro\/product\/fekete-dohanyzoasztal\/","title":{"rendered":"Modern s\u00f6t\u00e9tk\u00e9k doh\u00e1nyz\u00f3asztal \u2013 k\u00f6nny\u0171 szerkezet\u0171, praktikus nappaliba"},"content":{"rendered":"<p data-start=\"801\" data-end=\"1006\">Ez a S\u00f6t\u00e9tk\u00e9k doh\u00e1nyz\u00f3asztal modern, letisztult megjelen\u00e9s\u00e9vel k\u00f6nnyen illeszkedik b\u00e1rmilyen nappaliba.<br data-start=\"902\" data-end=\"905\" \/>K\u00f6nny\u0171, \u00fcreges bels\u0151 szerkezet\u00e9nek k\u00f6sz\u00f6nhet\u0151en egyszer\u0171en mozgathat\u00f3, m\u00e9gis stabil haszn\u00e1lat k\u00f6zben.<\/p>\n<p data-start=\"1008\" data-end=\"1167\">Minimalista form\u00e1ja miatt j\u00f3l kombin\u00e1lhat\u00f3 vil\u00e1gos \u00e9s s\u00f6t\u00e9t b\u00fatorokkal is.<br data-start=\"1082\" data-end=\"1085\" \/>Ide\u00e1lis v\u00e1laszt\u00e1s kisebb lak\u00e1sba, alb\u00e9rletbe, irod\u00e1ba vagy \u00e1tmeneti berendez\u00e9shez.<\/p>\n<p data-start=\"1169\" data-end=\"1301\">Haszn\u00e1lt \u00e1llapot\u00fa, fel\u00fclet\u00e9n kisebb kop\u00e1snyomok l\u00e1that\u00f3k, amelyek a haszn\u00e1latb\u00f3l ad\u00f3dnak, de szerkezetileg stabil \u00e9s j\u00f3l funkcion\u00e1l.<\/p>\n<p data-start=\"1303\" data-end=\"1416\">El\u0151nyei:<br \/>\n\u2013 k\u00f6nny\u0171 s\u00faly, egyszer\u0171 mozgat\u00e1s<br data-start=\"1344\" data-end=\"1347\" \/>\u2013 praktikus m\u00e9ret<br data-start=\"1364\" data-end=\"1367\" \/>\u2013 modern fekete sz\u00edn<br data-start=\"1387\" data-end=\"1390\" \/>\u2013 kedvez\u0151 \u00e1r-\u00e9rt\u00e9k ar\u00e1ny<\/p>\n<p data-start=\"1418\" data-end=\"1554\">Ez nem t\u00f6m\u00f6rfa, hanem k\u00f6nny\u0171 b\u00fatorlapos , \u00edgy els\u0151sorban praktikus \u00e9s gazdas\u00e1gos megold\u00e1st keres\u0151knek aj\u00e1nlott.<\/p>","protected":false},"excerpt":{"rendered":"<p>Modern S\u00f6t\u00e9tk\u00e9k doh\u00e1nyz\u00f3asztal, k\u00f6nny\u0171 \u00fcreges szerkezettel.<br data-start=\"1636\" data-end=\"1639\" \/>Haszn\u00e1lt, kisebb kop\u00e1sokkal, de stabil \u00e9s j\u00f3l haszn\u00e1lhat\u00f3.<br data-start=\"1697\" data-end=\"1700\" \/>Ide\u00e1lis nappaliba, alb\u00e9rletbe vagy irod\u00e1ba.<\/p>","protected":false},"featured_media":4896,"template":"","meta":[],"product_brand":[],"product_cat":[40],"product_tag":[908,631,48,73,630,871,192],"class_list":{"0":"post-4895","1":"product","2":"type-product","3":"status-publish","4":"has-post-thumbnail","6":"product_cat-butorok","7":"product_tag-asztal","8":"product_tag-butorok","9":"product_tag-dohanyzoasztal","10":"product_tag-elegans","11":"product_tag-kifinomult","12":"product_tag-letisztult","13":"product_tag-sotetkek","14":"description-off","16":"first","17":"instock","18":"shipping-taxable","19":"purchasable","20":"product-type-simple"},"yoast_head":"<!-- This site is optimized with the Yoast SEO plugin v27.3 - https:\/\/yoast.com\/product\/yoast-seo-wordpress\/ -->\n<title>Modern s\u00f6t\u00e9tk\u00e9k doh\u00e1nyz\u00f3asztal \u2013 k\u00f6nny\u0171 szerkezet\u0171, praktikus nappaliba - yupie.app<\/title>\n<meta name=\"description\" content=\"Ez a st\u00edlusos, s\u00f6t\u00e9tk\u00e9k doh\u00e1nyz\u00f3asztal t\u00f6k\u00e9letes kieg\u00e9sz\u00edt\u0151je lehet otthon\u00e1nak. Kifinomult, letisztult st\u00edlus\u00e1val feldobja a lak\u00e1st is.\" \/>\n<meta name=\"robots\" content=\"index, follow, max-snippet:-1, max-image-preview:large, max-video-preview:-1\" \/>\n<link rel=\"canonical\" href=\"https:\/\/yupie.app\/ro\/product\/fekete-dohanyzoasztal\/\" \/>\n<meta property=\"og:locale\" content=\"ro_RO\" \/>\n<meta property=\"og:type\" content=\"article\" \/>\n<meta property=\"og:title\" content=\"Modern s\u00f6t\u00e9tk\u00e9k doh\u00e1nyz\u00f3asztal \u2013 k\u00f6nny\u0171 szerkezet\u0171, praktikus nappaliba - yupie.app\" \/>\n<meta property=\"og:description\" content=\"Ez a st\u00edlusos, s\u00f6t\u00e9tk\u00e9k doh\u00e1nyz\u00f3asztal t\u00f6k\u00e9letes kieg\u00e9sz\u00edt\u0151je lehet otthon\u00e1nak. Kifinomult, letisztult st\u00edlus\u00e1val feldobja a lak\u00e1st is.\" \/>\n<meta property=\"og:url\" content=\"https:\/\/yupie.app\/ro\/product\/fekete-dohanyzoasztal\/\" \/>\n<meta property=\"og:site_name\" content=\"yupie.app\" \/>\n<meta property=\"article:publisher\" content=\"https:\/\/www.facebook.com\/profile.php?id=100089345417295\" \/>\n<meta property=\"article:modified_time\" content=\"2026-02-19T07:12:05+00:00\" \/>\n<meta property=\"og:image\" content=\"https:\/\/yupie.app\/wp-content\/uploads\/2023\/11\/DSC03527.png\" \/>\n\t<meta property=\"og:image:width\" content=\"2206\" \/>\n\t<meta property=\"og:image:height\" content=\"2205\" \/>\n\t<meta property=\"og:image:type\" content=\"image\/png\" \/>\n<meta name=\"twitter:card\" content=\"summary_large_image\" \/>\n<meta name=\"twitter:label1\" content=\"Timp estimat pentru citire\" \/>\n\t<meta name=\"twitter:data1\" content=\"1 minut\" \/>\n<script type=\"application\/ld+json\" class=\"yoast-schema-graph\">{\"@context\":\"https:\\\/\\\/schema.org\",\"@graph\":[{\"@type\":\"WebPage\",\"@id\":\"https:\\\/\\\/yupie.app\\\/product\\\/fekete-dohanyzoasztal\\\/\",\"url\":\"https:\\\/\\\/yupie.app\\\/product\\\/fekete-dohanyzoasztal\\\/\",\"name\":\"Modern s\u00f6t\u00e9tk\u00e9k doh\u00e1nyz\u00f3asztal \u2013 k\u00f6nny\u0171 szerkezet\u0171, praktikus nappaliba - yupie.app\",\"isPartOf\":{\"@id\":\"https:\\\/\\\/yupie.app\\\/#website\"},\"primaryImageOfPage\":{\"@id\":\"https:\\\/\\\/yupie.app\\\/product\\\/fekete-dohanyzoasztal\\\/#primaryimage\"},\"image\":{\"@id\":\"https:\\\/\\\/yupie.app\\\/product\\\/fekete-dohanyzoasztal\\\/#primaryimage\"},\"thumbnailUrl\":\"https:\\\/\\\/yupie.app\\\/wp-content\\\/uploads\\\/2023\\\/11\\\/DSC03527.png\",\"datePublished\":\"2023-11-02T09:43:49+00:00\",\"dateModified\":\"2026-02-19T07:12:05+00:00\",\"description\":\"Ez a st\u00edlusos, s\u00f6t\u00e9tk\u00e9k doh\u00e1nyz\u00f3asztal t\u00f6k\u00e9letes kieg\u00e9sz\u00edt\u0151je lehet otthon\u00e1nak. Kifinomult, letisztult st\u00edlus\u00e1val feldobja a lak\u00e1st is.\",\"breadcrumb\":{\"@id\":\"https:\\\/\\\/yupie.app\\\/product\\\/fekete-dohanyzoasztal\\\/#breadcrumb\"},\"inLanguage\":\"ro-RO\",\"potentialAction\":[{\"@type\":\"ReadAction\",\"target\":[\"https:\\\/\\\/yupie.app\\\/product\\\/fekete-dohanyzoasztal\\\/\"]}]},{\"@type\":\"ImageObject\",\"inLanguage\":\"ro-RO\",\"@id\":\"https:\\\/\\\/yupie.app\\\/product\\\/fekete-dohanyzoasztal\\\/#primaryimage\",\"url\":\"https:\\\/\\\/yupie.app\\\/wp-content\\\/uploads\\\/2023\\\/11\\\/DSC03527.png\",\"contentUrl\":\"https:\\\/\\\/yupie.app\\\/wp-content\\\/uploads\\\/2023\\\/11\\\/DSC03527.png\",\"width\":2206,\"height\":2205,\"caption\":\"Haszn\u00e1lt S\u00f6t\u00e9tk\u00e9k doh\u00e1nyz\u00f3asztal, k\u00f6nny\u0171 \u00fcreges szerkezettel, kisebb kop\u00e1sokkal.\"},{\"@type\":\"BreadcrumbList\",\"@id\":\"https:\\\/\\\/yupie.app\\\/product\\\/fekete-dohanyzoasztal\\\/#breadcrumb\",\"itemListElement\":[{\"@type\":\"ListItem\",\"position\":1,\"name\":\"Kezd\u0151lap\",\"item\":\"https:\\\/\\\/yupie.app\\\/\"},{\"@type\":\"ListItem\",\"position\":2,\"name\":\"Katal\u00f3gus\",\"item\":\"https:\\\/\\\/yupie.app\\\/katalogus\\\/\"},{\"@type\":\"ListItem\",\"position\":3,\"name\":\"Modern s\u00f6t\u00e9tk\u00e9k doh\u00e1nyz\u00f3asztal \u2013 k\u00f6nny\u0171 szerkezet\u0171, praktikus nappaliba\"}]},{\"@type\":\"WebSite\",\"@id\":\"https:\\\/\\\/yupie.app\\\/#website\",\"url\":\"https:\\\/\\\/yupie.app\\\/\",\"name\":\"yupie.app\",\"description\":\"\",\"publisher\":{\"@id\":\"https:\\\/\\\/yupie.app\\\/#organization\"},\"potentialAction\":[{\"@type\":\"SearchAction\",\"target\":{\"@type\":\"EntryPoint\",\"urlTemplate\":\"https:\\\/\\\/yupie.app\\\/?s={search_term_string}\"},\"query-input\":{\"@type\":\"PropertyValueSpecification\",\"valueRequired\":true,\"valueName\":\"search_term_string\"}}],\"inLanguage\":\"ro-RO\"},{\"@type\":\"Organization\",\"@id\":\"https:\\\/\\\/yupie.app\\\/#organization\",\"name\":\"yupie.app\",\"url\":\"https:\\\/\\\/yupie.app\\\/\",\"logo\":{\"@type\":\"ImageObject\",\"inLanguage\":\"ro-RO\",\"@id\":\"https:\\\/\\\/yupie.app\\\/#\\\/schema\\\/logo\\\/image\\\/\",\"url\":\"https:\\\/\\\/yupie.app\\\/wp-content\\\/uploads\\\/2025\\\/07\\\/cropped-uj-logo.png\",\"contentUrl\":\"https:\\\/\\\/yupie.app\\\/wp-content\\\/uploads\\\/2025\\\/07\\\/cropped-uj-logo.png\",\"width\":500,\"height\":208,\"caption\":\"yupie.app\"},\"image\":{\"@id\":\"https:\\\/\\\/yupie.app\\\/#\\\/schema\\\/logo\\\/image\\\/\"},\"sameAs\":[\"https:\\\/\\\/www.facebook.com\\\/profile.php?id=100089345417295\"]}]}<\/script>\n<!-- \/ Yoast SEO plugin. -->","yoast_head_json":{"title":"Modern s\u00f6t\u00e9tk\u00e9k doh\u00e1nyz\u00f3asztal \u2013 k\u00f6nny\u0171 szerkezet\u0171, praktikus nappaliba - yupie.app","description":"Ez a st\u00edlusos, s\u00f6t\u00e9tk\u00e9k doh\u00e1nyz\u00f3asztal t\u00f6k\u00e9letes kieg\u00e9sz\u00edt\u0151je lehet otthon\u00e1nak. Kifinomult, letisztult st\u00edlus\u00e1val feldobja a lak\u00e1st is.","robots":{"index":"index","follow":"follow","max-snippet":"max-snippet:-1","max-image-preview":"max-image-preview:large","max-video-preview":"max-video-preview:-1"},"canonical":"https:\/\/yupie.app\/ro\/product\/fekete-dohanyzoasztal\/","og_locale":"ro_RO","og_type":"article","og_title":"Modern s\u00f6t\u00e9tk\u00e9k doh\u00e1nyz\u00f3asztal \u2013 k\u00f6nny\u0171 szerkezet\u0171, praktikus nappaliba - yupie.app","og_description":"Ez a st\u00edlusos, s\u00f6t\u00e9tk\u00e9k doh\u00e1nyz\u00f3asztal t\u00f6k\u00e9letes kieg\u00e9sz\u00edt\u0151je lehet otthon\u00e1nak. Kifinomult, letisztult st\u00edlus\u00e1val feldobja a lak\u00e1st is.","og_url":"https:\/\/yupie.app\/ro\/product\/fekete-dohanyzoasztal\/","og_site_name":"yupie.app","article_publisher":"https:\/\/www.facebook.com\/profile.php?id=100089345417295","article_modified_time":"2026-02-19T07:12:05+00:00","og_image":[{"width":2206,"height":2205,"url":"https:\/\/yupie.app\/wp-content\/uploads\/2023\/11\/DSC03527.png","type":"image\/png"}],"twitter_card":"summary_large_image","twitter_misc":{"Timp estimat pentru citire":"1 minut"},"schema":{"@context":"https:\/\/schema.org","@graph":[{"@type":"WebPage","@id":"https:\/\/yupie.app\/product\/fekete-dohanyzoasztal\/","url":"https:\/\/yupie.app\/product\/fekete-dohanyzoasztal\/","name":"Modern s\u00f6t\u00e9tk\u00e9k doh\u00e1nyz\u00f3asztal \u2013 k\u00f6nny\u0171 szerkezet\u0171, praktikus nappaliba - yupie.app","isPartOf":{"@id":"https:\/\/yupie.app\/#website"},"primaryImageOfPage":{"@id":"https:\/\/yupie.app\/product\/fekete-dohanyzoasztal\/#primaryimage"},"image":{"@id":"https:\/\/yupie.app\/product\/fekete-dohanyzoasztal\/#primaryimage"},"thumbnailUrl":"https:\/\/yupie.app\/wp-content\/uploads\/2023\/11\/DSC03527.png","datePublished":"2023-11-02T09:43:49+00:00","dateModified":"2026-02-19T07:12:05+00:00","description":"Ez a st\u00edlusos, s\u00f6t\u00e9tk\u00e9k doh\u00e1nyz\u00f3asztal t\u00f6k\u00e9letes kieg\u00e9sz\u00edt\u0151je lehet otthon\u00e1nak. Kifinomult, letisztult st\u00edlus\u00e1val feldobja a lak\u00e1st is.","breadcrumb":{"@id":"https:\/\/yupie.app\/product\/fekete-dohanyzoasztal\/#breadcrumb"},"inLanguage":"ro-RO","potentialAction":[{"@type":"ReadAction","target":["https:\/\/yupie.app\/product\/fekete-dohanyzoasztal\/"]}]},{"@type":"ImageObject","inLanguage":"ro-RO","@id":"https:\/\/yupie.app\/product\/fekete-dohanyzoasztal\/#primaryimage","url":"https:\/\/yupie.app\/wp-content\/uploads\/2023\/11\/DSC03527.png","contentUrl":"https:\/\/yupie.app\/wp-content\/uploads\/2023\/11\/DSC03527.png","width":2206,"height":2205,"caption":"Haszn\u00e1lt S\u00f6t\u00e9tk\u00e9k doh\u00e1nyz\u00f3asztal, k\u00f6nny\u0171 \u00fcreges szerkezettel, kisebb kop\u00e1sokkal."},{"@type":"BreadcrumbList","@id":"https:\/\/yupie.app\/product\/fekete-dohanyzoasztal\/#breadcrumb","itemListElement":[{"@type":"ListItem","position":1,"name":"Kezd\u0151lap","item":"https:\/\/yupie.app\/"},{"@type":"ListItem","position":2,"name":"Katal\u00f3gus","item":"https:\/\/yupie.app\/katalogus\/"},{"@type":"ListItem","position":3,"name":"Modern s\u00f6t\u00e9tk\u00e9k doh\u00e1nyz\u00f3asztal \u2013 k\u00f6nny\u0171 szerkezet\u0171, praktikus nappaliba"}]},{"@type":"WebSite","@id":"https:\/\/yupie.app\/#website","url":"https:\/\/yupie.app\/","name":"yupie.app","description":"","publisher":{"@id":"https:\/\/yupie.app\/#organization"},"potentialAction":[{"@type":"SearchAction","target":{"@type":"EntryPoint","urlTemplate":"https:\/\/yupie.app\/?s={search_term_string}"},"query-input":{"@type":"PropertyValueSpecification","valueRequired":true,"valueName":"search_term_string"}}],"inLanguage":"ro-RO"},{"@type":"Organization","@id":"https:\/\/yupie.app\/#organization","name":"yupie.app","url":"https:\/\/yupie.app\/","logo":{"@type":"ImageObject","inLanguage":"ro-RO","@id":"https:\/\/yupie.app\/#\/schema\/logo\/image\/","url":"https:\/\/yupie.app\/wp-content\/uploads\/2025\/07\/cropped-uj-logo.png","contentUrl":"https:\/\/yupie.app\/wp-content\/uploads\/2025\/07\/cropped-uj-logo.png","width":500,"height":208,"caption":"yupie.app"},"image":{"@id":"https:\/\/yupie.app\/#\/schema\/logo\/image\/"},"sameAs":["https:\/\/www.facebook.com\/profile.php?id=100089345417295"]}]}},"jetpack_sharing_enabled":true,"_links":{"self":[{"href":"https:\/\/yupie.app\/ro\/wp-json\/wp\/v2\/product\/4895","targetHints":{"allow":["GET"]}}],"collection":[{"href":"https:\/\/yupie.app\/ro\/wp-json\/wp\/v2\/product"}],"about":[{"href":"https:\/\/yupie.app\/ro\/wp-json\/wp\/v2\/types\/product"}],"version-history":[{"count":0,"href":"https:\/\/yupie.app\/ro\/wp-json\/wp\/v2\/product\/4895\/revisions"}],"wp:featuredmedia":[{"embeddable":true,"href":"https:\/\/yupie.app\/ro\/wp-json\/wp\/v2\/media\/4896"}],"wp:attachment":[{"href":"https:\/\/yupie.app\/ro\/wp-json\/wp\/v2\/media?parent=4895"}],"wp:term":[{"taxonomy":"product_brand","embeddable":true,"href":"https:\/\/yupie.app\/ro\/wp-json\/wp\/v2\/product_brand?post=4895"},{"taxonomy":"product_cat","embeddable":true,"href":"https:\/\/yupie.app\/ro\/wp-json\/wp\/v2\/product_cat?post=4895"},{"taxonomy":"product_tag","embeddable":true,"href":"https:\/\/yupie.app\/ro\/wp-json\/wp\/v2\/product_tag?post=4895"}],"curies":[{"name":"wp","href":"https:\/\/api.w.org\/{rel}","templated":true}]}}