{"id":4860,"date":"2023-11-01T15:59:23","date_gmt":"2023-11-01T13:59:23","guid":{"rendered":"https:\/\/yupie.hu\/?post_type=product&#038;p=4860"},"modified":"2026-01-06T11:06:19","modified_gmt":"2026-01-06T09:06:19","slug":"vintage-gomblampa","status":"publish","type":"product","link":"https:\/\/yupie.app\/ro\/product\/vintage-gomblampa\/","title":{"rendered":"Vintage g\u00f6mbl\u00e1mpa"},"content":{"rendered":"<p>A vintage g\u00f6mbl\u00e1mpa egy id\u0151t\u00e1ll\u00f3 \u00e9s leny\u0171g\u00f6z\u0151 kieg\u00e9sz\u00edt\u0151je otthonodnak, amely a m\u00falt sz\u00e9ps\u00e9g\u00e9t \u00e9s eleganci\u00e1j\u00e1t id\u00e9zi. Ez a gy\u00f6ny\u00f6r\u0171 l\u00e1mpa a m\u00falt sz\u00e1zadok st\u00edlus\u00e1t t\u00fckr\u00f6zi, \u00e9s var\u00e1zslatos hangulatot teremt a t\u00e9rben. A g\u00f6mbl\u00e1mpa megjelen\u00e9se visszarep\u00edt benn\u00fcnket az id\u0151ben, egy olyan korszakba, amikor a k\u00e9zm\u0171ves munka \u00e9s a min\u0151s\u00e9g m\u00e9g igazi \u00e9rt\u00e9ket k\u00e9pviselt.<\/p>\n<p>A g\u00f6mbl\u00e1mpa leny\u0171g\u00f6z\u0151 megjelen\u00e9s\u00e9vel azonnal mag\u00e1ra vonja a figyelmet. A l\u00e1mpa r\u00e9szletei \u00e9s kidolgozotts\u00e1ga igazi m\u0171v\u00e9szetet sugallnak, \u00e9s a helyis\u00e9g k\u00f6zponti eleme lesz.<\/p>\n<p>Ezen k\u00edv\u00fcl, a g\u00f6mbl\u00e1mpa kellemes, meleg f\u00e9nye hangulatos atmoszf\u00e9r\u00e1t teremt, ide\u00e1lis v\u00e1laszt\u00e1s a pihen\u00e9shez \u00e9s kikapcsol\u00f3d\u00e1shoz. Kiv\u00e1l\u00f3an passzol a klasszikus \u00e9s vintage st\u00edlus\u00fa bels\u0151 terekhez, de egyedi megjelen\u00e9s\u00e9nek k\u00f6sz\u00f6nhet\u0151en modern k\u00f6rnyezetben is kiv\u00e1l\u00f3an mutat. A vintage g\u00f6mbl\u00e1mpa nemcsak egy f\u00e9nyforr\u00e1s, hanem egy m\u0171v\u00e9szi alkot\u00e1s, amely m\u00e9lys\u00e9get \u00e9s karaktert ad az otthonodnak. Birtokl\u00e1saval egy id\u0151utaz\u00e1s r\u00e9szese lehetsz, mik\u00f6zben otthonodat meghitts\u00e9ggel \u00e9s eleganci\u00e1val t\u00f6lt\u00f6d meg.<\/p>","protected":false},"excerpt":{"rendered":"<p>A vintage g\u00f6mbl\u00e1mpa egy id\u0151tlen \u00e9s egyed\u00fcl\u00e1ll\u00f3 darab, amely a m\u00falt sz\u00e1zad k\u00f6zep\u00e9nek b\u00e1j\u00e1t \u00e9s eleganci\u00e1j\u00e1t id\u00e9zi. Az f\u00e9m \u00e9s a finom r\u00e9szletek, mint a d\u00edsz\u00edtett l\u00e1b \u00e9s a leny\u0171g\u00f6z\u0151 \u00fcvegb\u00fara, minden bizonnyal leny\u0171g\u00f6z\u0151 l\u00e1tv\u00e1nyt ny\u00fajtanak b\u00e1rmely otthonban.<\/p>\n<p>A g\u00f6mbl\u00e1mpa nemcsak kiv\u00e1l\u00f3 vil\u00e1g\u00edt\u00e1st biztos\u00edt, hanem igazi m\u0171alkot\u00e1s is, amely fokozza az otthon st\u00edlus\u00e1t \u00e9s hangulat\u00e1t.<\/p>","protected":false},"featured_media":4865,"template":"","meta":[],"product_brand":[],"product_cat":[1383],"product_tag":[136,831,73,1797,181,83,122,50],"class_list":{"0":"post-4860","1":"product","2":"type-product","3":"status-publish","4":"has-post-thumbnail","6":"product_cat-lampak-elektronika","7":"product_tag-egyedi","8":"product_tag-egyediseg","9":"product_tag-elegans","10":"product_tag-gomblampa","11":"product_tag-lampa","12":"product_tag-retro","13":"product_tag-uveg","14":"product_tag-vintage","15":"description-off","17":"first","18":"instock","19":"shipping-taxable","20":"purchasable","21":"product-type-simple"},"yoast_head":"<!-- This site is optimized with the Yoast SEO plugin v27.3 - https:\/\/yoast.com\/product\/yoast-seo-wordpress\/ -->\n<title>Vintage g\u00f6mbl\u00e1mpa - yupie.app<\/title>\n<meta name=\"description\" content=\"Ez a gy\u00f6ny\u00f6r\u0171 vintage g\u00f6mbl\u00e1mpa egy id\u0151t\u00e1ll\u00f3 \u00e9s leny\u0171g\u00f6z\u0151 kieg\u00e9sz\u00edt\u0151je otthonodnak, amely a m\u00falt sz\u00e9ps\u00e9g\u00e9t \u00e9s eleganci\u00e1j\u00e1t id\u00e9zi.\" \/>\n<meta name=\"robots\" content=\"index, follow, max-snippet:-1, max-image-preview:large, max-video-preview:-1\" \/>\n<link rel=\"canonical\" href=\"https:\/\/yupie.app\/ro\/product\/vintage-gomblampa\/\" \/>\n<meta property=\"og:locale\" content=\"ro_RO\" \/>\n<meta property=\"og:type\" content=\"article\" \/>\n<meta property=\"og:title\" content=\"Vintage g\u00f6mbl\u00e1mpa - yupie.app\" \/>\n<meta property=\"og:description\" content=\"Ez a gy\u00f6ny\u00f6r\u0171 vintage g\u00f6mbl\u00e1mpa egy id\u0151t\u00e1ll\u00f3 \u00e9s leny\u0171g\u00f6z\u0151 kieg\u00e9sz\u00edt\u0151je otthonodnak, amely a m\u00falt sz\u00e9ps\u00e9g\u00e9t \u00e9s eleganci\u00e1j\u00e1t id\u00e9zi.\" \/>\n<meta property=\"og:url\" content=\"https:\/\/yupie.app\/ro\/product\/vintage-gomblampa\/\" \/>\n<meta property=\"og:site_name\" content=\"yupie.app\" \/>\n<meta property=\"article:publisher\" content=\"https:\/\/www.facebook.com\/profile.php?id=100089345417295\" \/>\n<meta property=\"article:modified_time\" content=\"2026-01-06T09:06:19+00:00\" \/>\n<meta property=\"og:image\" content=\"https:\/\/yupie.app\/wp-content\/uploads\/2023\/11\/DSC03513-1024x1024.png\" \/>\n\t<meta property=\"og:image:width\" content=\"1024\" \/>\n\t<meta property=\"og:image:height\" content=\"1024\" \/>\n\t<meta property=\"og:image:type\" content=\"image\/png\" \/>\n<meta name=\"twitter:card\" content=\"summary_large_image\" \/>\n<meta name=\"twitter:label1\" content=\"Timp estimat pentru citire\" \/>\n\t<meta name=\"twitter:data1\" content=\"1 minut\" \/>\n<script type=\"application\/ld+json\" class=\"yoast-schema-graph\">{\"@context\":\"https:\\\/\\\/schema.org\",\"@graph\":[{\"@type\":\"WebPage\",\"@id\":\"https:\\\/\\\/yupie.app\\\/product\\\/vintage-gomblampa\\\/\",\"url\":\"https:\\\/\\\/yupie.app\\\/product\\\/vintage-gomblampa\\\/\",\"name\":\"Vintage g\u00f6mbl\u00e1mpa - yupie.app\",\"isPartOf\":{\"@id\":\"https:\\\/\\\/yupie.app\\\/#website\"},\"primaryImageOfPage\":{\"@id\":\"https:\\\/\\\/yupie.app\\\/product\\\/vintage-gomblampa\\\/#primaryimage\"},\"image\":{\"@id\":\"https:\\\/\\\/yupie.app\\\/product\\\/vintage-gomblampa\\\/#primaryimage\"},\"thumbnailUrl\":\"https:\\\/\\\/yupie.app\\\/wp-content\\\/uploads\\\/2023\\\/11\\\/DSC03513.png\",\"datePublished\":\"2023-11-01T13:59:23+00:00\",\"dateModified\":\"2026-01-06T09:06:19+00:00\",\"description\":\"Ez a gy\u00f6ny\u00f6r\u0171 vintage g\u00f6mbl\u00e1mpa egy id\u0151t\u00e1ll\u00f3 \u00e9s leny\u0171g\u00f6z\u0151 kieg\u00e9sz\u00edt\u0151je otthonodnak, amely a m\u00falt sz\u00e9ps\u00e9g\u00e9t \u00e9s eleganci\u00e1j\u00e1t id\u00e9zi.\",\"breadcrumb\":{\"@id\":\"https:\\\/\\\/yupie.app\\\/product\\\/vintage-gomblampa\\\/#breadcrumb\"},\"inLanguage\":\"ro-RO\",\"potentialAction\":[{\"@type\":\"ReadAction\",\"target\":[\"https:\\\/\\\/yupie.app\\\/product\\\/vintage-gomblampa\\\/\"]}]},{\"@type\":\"ImageObject\",\"inLanguage\":\"ro-RO\",\"@id\":\"https:\\\/\\\/yupie.app\\\/product\\\/vintage-gomblampa\\\/#primaryimage\",\"url\":\"https:\\\/\\\/yupie.app\\\/wp-content\\\/uploads\\\/2023\\\/11\\\/DSC03513.png\",\"contentUrl\":\"https:\\\/\\\/yupie.app\\\/wp-content\\\/uploads\\\/2023\\\/11\\\/DSC03513.png\",\"width\":2129,\"height\":2129,\"caption\":\"Vintage g\u00f6mbl\u00e1mpa, elektronika, l\u00e1mp\u00e1k, yupie\"},{\"@type\":\"BreadcrumbList\",\"@id\":\"https:\\\/\\\/yupie.app\\\/product\\\/vintage-gomblampa\\\/#breadcrumb\",\"itemListElement\":[{\"@type\":\"ListItem\",\"position\":1,\"name\":\"Kezd\u0151lap\",\"item\":\"https:\\\/\\\/yupie.app\\\/\"},{\"@type\":\"ListItem\",\"position\":2,\"name\":\"Katal\u00f3gus\",\"item\":\"https:\\\/\\\/yupie.app\\\/katalogus\\\/\"},{\"@type\":\"ListItem\",\"position\":3,\"name\":\"Vintage g\u00f6mbl\u00e1mpa\"}]},{\"@type\":\"WebSite\",\"@id\":\"https:\\\/\\\/yupie.app\\\/#website\",\"url\":\"https:\\\/\\\/yupie.app\\\/\",\"name\":\"yupie.app\",\"description\":\"\",\"publisher\":{\"@id\":\"https:\\\/\\\/yupie.app\\\/#organization\"},\"potentialAction\":[{\"@type\":\"SearchAction\",\"target\":{\"@type\":\"EntryPoint\",\"urlTemplate\":\"https:\\\/\\\/yupie.app\\\/?s={search_term_string}\"},\"query-input\":{\"@type\":\"PropertyValueSpecification\",\"valueRequired\":true,\"valueName\":\"search_term_string\"}}],\"inLanguage\":\"ro-RO\"},{\"@type\":\"Organization\",\"@id\":\"https:\\\/\\\/yupie.app\\\/#organization\",\"name\":\"yupie.app\",\"url\":\"https:\\\/\\\/yupie.app\\\/\",\"logo\":{\"@type\":\"ImageObject\",\"inLanguage\":\"ro-RO\",\"@id\":\"https:\\\/\\\/yupie.app\\\/#\\\/schema\\\/logo\\\/image\\\/\",\"url\":\"https:\\\/\\\/yupie.app\\\/wp-content\\\/uploads\\\/2025\\\/07\\\/cropped-uj-logo.png\",\"contentUrl\":\"https:\\\/\\\/yupie.app\\\/wp-content\\\/uploads\\\/2025\\\/07\\\/cropped-uj-logo.png\",\"width\":500,\"height\":208,\"caption\":\"yupie.app\"},\"image\":{\"@id\":\"https:\\\/\\\/yupie.app\\\/#\\\/schema\\\/logo\\\/image\\\/\"},\"sameAs\":[\"https:\\\/\\\/www.facebook.com\\\/profile.php?id=100089345417295\"]}]}<\/script>\n<!-- \/ Yoast SEO plugin. -->","yoast_head_json":{"title":"Vintage g\u00f6mbl\u00e1mpa - yupie.app","description":"Ez a gy\u00f6ny\u00f6r\u0171 vintage g\u00f6mbl\u00e1mpa egy id\u0151t\u00e1ll\u00f3 \u00e9s leny\u0171g\u00f6z\u0151 kieg\u00e9sz\u00edt\u0151je otthonodnak, amely a m\u00falt sz\u00e9ps\u00e9g\u00e9t \u00e9s eleganci\u00e1j\u00e1t id\u00e9zi.","robots":{"index":"index","follow":"follow","max-snippet":"max-snippet:-1","max-image-preview":"max-image-preview:large","max-video-preview":"max-video-preview:-1"},"canonical":"https:\/\/yupie.app\/ro\/product\/vintage-gomblampa\/","og_locale":"ro_RO","og_type":"article","og_title":"Vintage g\u00f6mbl\u00e1mpa - yupie.app","og_description":"Ez a gy\u00f6ny\u00f6r\u0171 vintage g\u00f6mbl\u00e1mpa egy id\u0151t\u00e1ll\u00f3 \u00e9s leny\u0171g\u00f6z\u0151 kieg\u00e9sz\u00edt\u0151je otthonodnak, amely a m\u00falt sz\u00e9ps\u00e9g\u00e9t \u00e9s eleganci\u00e1j\u00e1t id\u00e9zi.","og_url":"https:\/\/yupie.app\/ro\/product\/vintage-gomblampa\/","og_site_name":"yupie.app","article_publisher":"https:\/\/www.facebook.com\/profile.php?id=100089345417295","article_modified_time":"2026-01-06T09:06:19+00:00","og_image":[{"width":1024,"height":1024,"url":"https:\/\/yupie.app\/wp-content\/uploads\/2023\/11\/DSC03513-1024x1024.png","type":"image\/png"}],"twitter_card":"summary_large_image","twitter_misc":{"Timp estimat pentru citire":"1 minut"},"schema":{"@context":"https:\/\/schema.org","@graph":[{"@type":"WebPage","@id":"https:\/\/yupie.app\/product\/vintage-gomblampa\/","url":"https:\/\/yupie.app\/product\/vintage-gomblampa\/","name":"Vintage g\u00f6mbl\u00e1mpa - yupie.app","isPartOf":{"@id":"https:\/\/yupie.app\/#website"},"primaryImageOfPage":{"@id":"https:\/\/yupie.app\/product\/vintage-gomblampa\/#primaryimage"},"image":{"@id":"https:\/\/yupie.app\/product\/vintage-gomblampa\/#primaryimage"},"thumbnailUrl":"https:\/\/yupie.app\/wp-content\/uploads\/2023\/11\/DSC03513.png","datePublished":"2023-11-01T13:59:23+00:00","dateModified":"2026-01-06T09:06:19+00:00","description":"Ez a gy\u00f6ny\u00f6r\u0171 vintage g\u00f6mbl\u00e1mpa egy id\u0151t\u00e1ll\u00f3 \u00e9s leny\u0171g\u00f6z\u0151 kieg\u00e9sz\u00edt\u0151je otthonodnak, amely a m\u00falt sz\u00e9ps\u00e9g\u00e9t \u00e9s eleganci\u00e1j\u00e1t id\u00e9zi.","breadcrumb":{"@id":"https:\/\/yupie.app\/product\/vintage-gomblampa\/#breadcrumb"},"inLanguage":"ro-RO","potentialAction":[{"@type":"ReadAction","target":["https:\/\/yupie.app\/product\/vintage-gomblampa\/"]}]},{"@type":"ImageObject","inLanguage":"ro-RO","@id":"https:\/\/yupie.app\/product\/vintage-gomblampa\/#primaryimage","url":"https:\/\/yupie.app\/wp-content\/uploads\/2023\/11\/DSC03513.png","contentUrl":"https:\/\/yupie.app\/wp-content\/uploads\/2023\/11\/DSC03513.png","width":2129,"height":2129,"caption":"Vintage g\u00f6mbl\u00e1mpa, elektronika, l\u00e1mp\u00e1k, yupie"},{"@type":"BreadcrumbList","@id":"https:\/\/yupie.app\/product\/vintage-gomblampa\/#breadcrumb","itemListElement":[{"@type":"ListItem","position":1,"name":"Kezd\u0151lap","item":"https:\/\/yupie.app\/"},{"@type":"ListItem","position":2,"name":"Katal\u00f3gus","item":"https:\/\/yupie.app\/katalogus\/"},{"@type":"ListItem","position":3,"name":"Vintage g\u00f6mbl\u00e1mpa"}]},{"@type":"WebSite","@id":"https:\/\/yupie.app\/#website","url":"https:\/\/yupie.app\/","name":"yupie.app","description":"","publisher":{"@id":"https:\/\/yupie.app\/#organization"},"potentialAction":[{"@type":"SearchAction","target":{"@type":"EntryPoint","urlTemplate":"https:\/\/yupie.app\/?s={search_term_string}"},"query-input":{"@type":"PropertyValueSpecification","valueRequired":true,"valueName":"search_term_string"}}],"inLanguage":"ro-RO"},{"@type":"Organization","@id":"https:\/\/yupie.app\/#organization","name":"yupie.app","url":"https:\/\/yupie.app\/","logo":{"@type":"ImageObject","inLanguage":"ro-RO","@id":"https:\/\/yupie.app\/#\/schema\/logo\/image\/","url":"https:\/\/yupie.app\/wp-content\/uploads\/2025\/07\/cropped-uj-logo.png","contentUrl":"https:\/\/yupie.app\/wp-content\/uploads\/2025\/07\/cropped-uj-logo.png","width":500,"height":208,"caption":"yupie.app"},"image":{"@id":"https:\/\/yupie.app\/#\/schema\/logo\/image\/"},"sameAs":["https:\/\/www.facebook.com\/profile.php?id=100089345417295"]}]}},"jetpack_sharing_enabled":true,"_links":{"self":[{"href":"https:\/\/yupie.app\/ro\/wp-json\/wp\/v2\/product\/4860","targetHints":{"allow":["GET"]}}],"collection":[{"href":"https:\/\/yupie.app\/ro\/wp-json\/wp\/v2\/product"}],"about":[{"href":"https:\/\/yupie.app\/ro\/wp-json\/wp\/v2\/types\/product"}],"version-history":[{"count":0,"href":"https:\/\/yupie.app\/ro\/wp-json\/wp\/v2\/product\/4860\/revisions"}],"wp:featuredmedia":[{"embeddable":true,"href":"https:\/\/yupie.app\/ro\/wp-json\/wp\/v2\/media\/4865"}],"wp:attachment":[{"href":"https:\/\/yupie.app\/ro\/wp-json\/wp\/v2\/media?parent=4860"}],"wp:term":[{"taxonomy":"product_brand","embeddable":true,"href":"https:\/\/yupie.app\/ro\/wp-json\/wp\/v2\/product_brand?post=4860"},{"taxonomy":"product_cat","embeddable":true,"href":"https:\/\/yupie.app\/ro\/wp-json\/wp\/v2\/product_cat?post=4860"},{"taxonomy":"product_tag","embeddable":true,"href":"https:\/\/yupie.app\/ro\/wp-json\/wp\/v2\/product_tag?post=4860"}],"curies":[{"name":"wp","href":"https:\/\/api.w.org\/{rel}","templated":true}]}}