{"id":474,"date":"2023-02-01T13:57:01","date_gmt":"2023-02-01T11:57:01","guid":{"rendered":"https:\/\/yupie.hu\/?post_type=product&#038;p=474"},"modified":"2026-01-16T09:52:20","modified_gmt":"2026-01-16T07:52:20","slug":"kezzel-festett-gorog-keramia-kancso","status":"publish","type":"product","link":"https:\/\/yupie.app\/ro\/product\/kezzel-festett-gorog-keramia-kancso\/","title":{"rendered":"K\u00e9zzel festett g\u00f6r\u00f6g ker\u00e1mia kancs\u00f3"},"content":{"rendered":"<div class=\"flex-1 overflow-hidden\">\n<div class=\"react-scroll-to-bottom--css-pkcxr-79elbk h-full dark:bg-gray-800\">\n<div class=\"react-scroll-to-bottom--css-pkcxr-1n7m0yu\">\n<div class=\"flex flex-col items-center text-sm h-full dark:bg-gray-800\">\n<div class=\"w-full border-b border-black\/10 dark:border-gray-900\/50 text-gray-800 dark:text-gray-100 group bg-gray-50 dark:bg-[#444654]\">\n<div class=\"text-base gap-4 md:gap-6 m-auto md:max-w-2xl lg:max-w-2xl xl:max-w-3xl p-4 md:py-6 flex lg:px-0\">\n<div class=\"relative flex w-[calc(100%-50px)] flex-col gap-1 md:gap-3 lg:w-[calc(100%-115px)]\">\n<div class=\"flex flex-grow flex-col gap-3\">\n<div class=\"min-h-[20px] flex flex-col items-start gap-4 whitespace-pre-wrap\">\n<div class=\"markdown prose w-full break-words dark:prose-invert light\">\n<p>A k\u00e9zzel festett g\u00f6r\u00f6g ker\u00e1mia kancs\u00f3 haszn\u00e1lata k\u00f6r\u00fclbel\u00fcl az \u00f3korban kezd\u0151d\u00f6tt, \u00e9s az \u00f3kori G\u00f6r\u00f6gorsz\u00e1gban a legt\u00f6bb csal\u00e1d otthon\u00e1ban volt legal\u00e1bb egy. Az emberek szerett\u00e9k volna, hogy a kancs\u00f3ik t\u00f6k\u00e9letesek legyenek, \u00edgy sok id\u0151t \u00e9s energi\u00e1t ford\u00edtottak a d\u00edsz\u00edt\u00e9sre.<\/p>\n<p>A k\u00e9zzel festett g\u00f6r\u00f6g ker\u00e1mia kancs\u00f3 az \u00f3kori G\u00f6r\u00f6gorsz\u00e1gban a legfontosabb eszk\u00f6zei voltak az embereknek, \u00e9s sok m\u0171v\u00e9sz k\u00e9sz\u00edtett sz\u00e9p p\u00e9ld\u00e1nyokat. Ma a kancs\u00f3k m\u00e9g mindig n\u00e9pszer\u0171ek, \u00e9s sokan szereti \u0151ket a h\u00e1zukban haszn\u00e1lni. Az emberek szerett\u00e9k volna, hogy a kancs\u00f3ik hossz\u00fa \u00e9lettartam\u00faak legyenek, \u00edgy sok id\u0151t \u00e9s energi\u00e1t ford\u00edtottak a d\u00edsz\u00edt\u00e9sre.<\/p>\n<\/div>\n<\/div>\n<\/div>\n<\/div>\n<\/div>\n<\/div>\n<div class=\"w-full h-32 md:h-48 flex-shrink-0\"><\/div>\n<\/div>\n<p>&nbsp;<\/p>\n<\/div>\n<\/div>\n<\/div>\n<div class=\"absolute bottom-0 left-0 w-full border-t md:border-t-0 dark:border-white\/20 md:border-transparent md:dark:border-transparent md:bg-vert-light-gradient bg-white dark:bg-gray-800 md:!bg-transparent dark:md:bg-vert-dark-gradient\">\n<form class=\"stretch mx-2 flex flex-row gap-3 pt-2 last:mb-2 md:last:mb-6 lg:mx-auto lg:max-w-3xl lg:pt-6\" action=\"\">\n<div class=\"relative flex h-full flex-1 md:flex-col\">\n<div class=\"flex ml-1 mt-1.5 md:w-full md:m-auto md:mb-2 gap-0 md:gap-2 justify-center\"><\/div>\n<\/div>\n<input type=\"hidden\" name=\"trp-form-language\" value=\"ro\"\/><\/form>\n<\/div>","protected":false},"excerpt":{"rendered":"<p>A k\u00e9zzel festett g\u00f6r\u00f6g ker\u00e1mia kancs\u00f3 haszn\u00e1lata k\u00f6r\u00fclbel\u00fcl az \u00f3korban kezd\u0151d\u00f6tt, \u00e9s az \u00f3kori G\u00f6r\u00f6gorsz\u00e1gban a legt\u00f6bb csal\u00e1d otthon\u00e1ban volt legal\u00e1bb egy.<\/p>\n<p>M\u00e9retek: 16 cm<\/p>","protected":false},"featured_media":582,"template":"","meta":[],"product_brand":[],"product_cat":[41,53],"product_tag":[73,129,130,131,57,128,132],"class_list":{"0":"post-474","1":"product","2":"type-product","3":"status-publish","4":"has-post-thumbnail","6":"product_cat-dekoracio","7":"product_cat-vazak","8":"product_tag-elegans","9":"product_tag-festett","10":"product_tag-gorog","11":"product_tag-kancso","12":"product_tag-keramia","13":"product_tag-kezzel","14":"product_tag-okor","15":"description-off","17":"first","18":"instock","19":"shipping-taxable","20":"purchasable","21":"product-type-simple"},"yoast_head":"<!-- This site is optimized with the Yoast SEO plugin v27.3 - https:\/\/yoast.com\/product\/yoast-seo-wordpress\/ -->\n<title>K\u00e9zzel festett g\u00f6r\u00f6g ker\u00e1mia kancs\u00f3 - yupie.app<\/title>\n<meta name=\"description\" content=\"A k\u00e9zzel festett g\u00f6r\u00f6g ker\u00e1mia kancs\u00f3 haszn\u00e1lata k\u00f6r\u00fclbel\u00fcl az \u00f3korban kezd\u0151d\u00f6tt, \u00e9s az \u00f3kori G\u00f6r\u00f6gorsz\u00e1gban a legt\u00f6bb csal\u00e1d otthon\u00e1ban volt legal\u00e1bb egy.\" \/>\n<meta name=\"robots\" content=\"index, follow, max-snippet:-1, max-image-preview:large, max-video-preview:-1\" \/>\n<link rel=\"canonical\" href=\"https:\/\/yupie.app\/ro\/product\/kezzel-festett-gorog-keramia-kancso\/\" \/>\n<meta property=\"og:locale\" content=\"ro_RO\" \/>\n<meta property=\"og:type\" content=\"article\" \/>\n<meta property=\"og:title\" content=\"K\u00e9zzel festett g\u00f6r\u00f6g ker\u00e1mia kancs\u00f3 - yupie.app\" \/>\n<meta property=\"og:description\" content=\"A k\u00e9zzel festett g\u00f6r\u00f6g ker\u00e1mia kancs\u00f3 haszn\u00e1lata k\u00f6r\u00fclbel\u00fcl az \u00f3korban kezd\u0151d\u00f6tt, \u00e9s az \u00f3kori G\u00f6r\u00f6gorsz\u00e1gban a legt\u00f6bb csal\u00e1d otthon\u00e1ban volt legal\u00e1bb egy.\" \/>\n<meta property=\"og:url\" content=\"https:\/\/yupie.app\/ro\/product\/kezzel-festett-gorog-keramia-kancso\/\" \/>\n<meta property=\"og:site_name\" content=\"yupie.app\" \/>\n<meta property=\"article:publisher\" content=\"https:\/\/www.facebook.com\/profile.php?id=100089345417295\" \/>\n<meta property=\"article:modified_time\" content=\"2026-01-16T07:52:20+00:00\" \/>\n<meta property=\"og:image\" content=\"https:\/\/yupie.app\/wp-content\/uploads\/2023\/02\/302042853_2215342871964129_5045263811957167705_n.jpg\" \/>\n\t<meta property=\"og:image:width\" content=\"1536\" \/>\n\t<meta property=\"og:image:height\" content=\"2048\" \/>\n\t<meta property=\"og:image:type\" content=\"image\/jpeg\" \/>\n<meta name=\"twitter:card\" content=\"summary_large_image\" \/>\n<meta name=\"twitter:label1\" content=\"Timp estimat pentru citire\" \/>\n\t<meta name=\"twitter:data1\" content=\"1 minut\" \/>\n<script type=\"application\/ld+json\" class=\"yoast-schema-graph\">{\"@context\":\"https:\\\/\\\/schema.org\",\"@graph\":[{\"@type\":\"WebPage\",\"@id\":\"https:\\\/\\\/yupie.app\\\/product\\\/kezzel-festett-gorog-keramia-kancso\\\/\",\"url\":\"https:\\\/\\\/yupie.app\\\/product\\\/kezzel-festett-gorog-keramia-kancso\\\/\",\"name\":\"K\u00e9zzel festett g\u00f6r\u00f6g ker\u00e1mia kancs\u00f3 - yupie.app\",\"isPartOf\":{\"@id\":\"https:\\\/\\\/yupie.app\\\/#website\"},\"primaryImageOfPage\":{\"@id\":\"https:\\\/\\\/yupie.app\\\/product\\\/kezzel-festett-gorog-keramia-kancso\\\/#primaryimage\"},\"image\":{\"@id\":\"https:\\\/\\\/yupie.app\\\/product\\\/kezzel-festett-gorog-keramia-kancso\\\/#primaryimage\"},\"thumbnailUrl\":\"https:\\\/\\\/yupie.app\\\/wp-content\\\/uploads\\\/2023\\\/02\\\/302042853_2215342871964129_5045263811957167705_n.jpg\",\"datePublished\":\"2023-02-01T11:57:01+00:00\",\"dateModified\":\"2026-01-16T07:52:20+00:00\",\"description\":\"A k\u00e9zzel festett g\u00f6r\u00f6g ker\u00e1mia kancs\u00f3 haszn\u00e1lata k\u00f6r\u00fclbel\u00fcl az \u00f3korban kezd\u0151d\u00f6tt, \u00e9s az \u00f3kori G\u00f6r\u00f6gorsz\u00e1gban a legt\u00f6bb csal\u00e1d otthon\u00e1ban volt legal\u00e1bb egy.\",\"breadcrumb\":{\"@id\":\"https:\\\/\\\/yupie.app\\\/product\\\/kezzel-festett-gorog-keramia-kancso\\\/#breadcrumb\"},\"inLanguage\":\"ro-RO\",\"potentialAction\":[{\"@type\":\"ReadAction\",\"target\":[\"https:\\\/\\\/yupie.app\\\/product\\\/kezzel-festett-gorog-keramia-kancso\\\/\"]}]},{\"@type\":\"ImageObject\",\"inLanguage\":\"ro-RO\",\"@id\":\"https:\\\/\\\/yupie.app\\\/product\\\/kezzel-festett-gorog-keramia-kancso\\\/#primaryimage\",\"url\":\"https:\\\/\\\/yupie.app\\\/wp-content\\\/uploads\\\/2023\\\/02\\\/302042853_2215342871964129_5045263811957167705_n.jpg\",\"contentUrl\":\"https:\\\/\\\/yupie.app\\\/wp-content\\\/uploads\\\/2023\\\/02\\\/302042853_2215342871964129_5045263811957167705_n.jpg\",\"width\":1536,\"height\":2048,\"caption\":\"k\u00e9zzel festett g\u00f6r\u00f6g ker\u00e1mia kancs\u00f3 \u00f3kori darab eleg\u00e1ns st\u00edlus yupie\"},{\"@type\":\"BreadcrumbList\",\"@id\":\"https:\\\/\\\/yupie.app\\\/product\\\/kezzel-festett-gorog-keramia-kancso\\\/#breadcrumb\",\"itemListElement\":[{\"@type\":\"ListItem\",\"position\":1,\"name\":\"Kezd\u0151lap\",\"item\":\"https:\\\/\\\/yupie.app\\\/\"},{\"@type\":\"ListItem\",\"position\":2,\"name\":\"Katal\u00f3gus\",\"item\":\"https:\\\/\\\/yupie.app\\\/katalogus\\\/\"},{\"@type\":\"ListItem\",\"position\":3,\"name\":\"K\u00e9zzel festett g\u00f6r\u00f6g ker\u00e1mia kancs\u00f3\"}]},{\"@type\":\"WebSite\",\"@id\":\"https:\\\/\\\/yupie.app\\\/#website\",\"url\":\"https:\\\/\\\/yupie.app\\\/\",\"name\":\"yupie.app\",\"description\":\"\",\"publisher\":{\"@id\":\"https:\\\/\\\/yupie.app\\\/#organization\"},\"potentialAction\":[{\"@type\":\"SearchAction\",\"target\":{\"@type\":\"EntryPoint\",\"urlTemplate\":\"https:\\\/\\\/yupie.app\\\/?s={search_term_string}\"},\"query-input\":{\"@type\":\"PropertyValueSpecification\",\"valueRequired\":true,\"valueName\":\"search_term_string\"}}],\"inLanguage\":\"ro-RO\"},{\"@type\":\"Organization\",\"@id\":\"https:\\\/\\\/yupie.app\\\/#organization\",\"name\":\"yupie.app\",\"url\":\"https:\\\/\\\/yupie.app\\\/\",\"logo\":{\"@type\":\"ImageObject\",\"inLanguage\":\"ro-RO\",\"@id\":\"https:\\\/\\\/yupie.app\\\/#\\\/schema\\\/logo\\\/image\\\/\",\"url\":\"https:\\\/\\\/yupie.app\\\/wp-content\\\/uploads\\\/2025\\\/07\\\/cropped-uj-logo.png\",\"contentUrl\":\"https:\\\/\\\/yupie.app\\\/wp-content\\\/uploads\\\/2025\\\/07\\\/cropped-uj-logo.png\",\"width\":500,\"height\":208,\"caption\":\"yupie.app\"},\"image\":{\"@id\":\"https:\\\/\\\/yupie.app\\\/#\\\/schema\\\/logo\\\/image\\\/\"},\"sameAs\":[\"https:\\\/\\\/www.facebook.com\\\/profile.php?id=100089345417295\"]}]}<\/script>\n<!-- \/ Yoast SEO plugin. -->","yoast_head_json":{"title":"K\u00e9zzel festett g\u00f6r\u00f6g ker\u00e1mia kancs\u00f3 - yupie.app","description":"A k\u00e9zzel festett g\u00f6r\u00f6g ker\u00e1mia kancs\u00f3 haszn\u00e1lata k\u00f6r\u00fclbel\u00fcl az \u00f3korban kezd\u0151d\u00f6tt, \u00e9s az \u00f3kori G\u00f6r\u00f6gorsz\u00e1gban a legt\u00f6bb csal\u00e1d otthon\u00e1ban volt legal\u00e1bb egy.","robots":{"index":"index","follow":"follow","max-snippet":"max-snippet:-1","max-image-preview":"max-image-preview:large","max-video-preview":"max-video-preview:-1"},"canonical":"https:\/\/yupie.app\/ro\/product\/kezzel-festett-gorog-keramia-kancso\/","og_locale":"ro_RO","og_type":"article","og_title":"K\u00e9zzel festett g\u00f6r\u00f6g ker\u00e1mia kancs\u00f3 - yupie.app","og_description":"A k\u00e9zzel festett g\u00f6r\u00f6g ker\u00e1mia kancs\u00f3 haszn\u00e1lata k\u00f6r\u00fclbel\u00fcl az \u00f3korban kezd\u0151d\u00f6tt, \u00e9s az \u00f3kori G\u00f6r\u00f6gorsz\u00e1gban a legt\u00f6bb csal\u00e1d otthon\u00e1ban volt legal\u00e1bb egy.","og_url":"https:\/\/yupie.app\/ro\/product\/kezzel-festett-gorog-keramia-kancso\/","og_site_name":"yupie.app","article_publisher":"https:\/\/www.facebook.com\/profile.php?id=100089345417295","article_modified_time":"2026-01-16T07:52:20+00:00","og_image":[{"width":1536,"height":2048,"url":"https:\/\/yupie.app\/wp-content\/uploads\/2023\/02\/302042853_2215342871964129_5045263811957167705_n.jpg","type":"image\/jpeg"}],"twitter_card":"summary_large_image","twitter_misc":{"Timp estimat pentru citire":"1 minut"},"schema":{"@context":"https:\/\/schema.org","@graph":[{"@type":"WebPage","@id":"https:\/\/yupie.app\/product\/kezzel-festett-gorog-keramia-kancso\/","url":"https:\/\/yupie.app\/product\/kezzel-festett-gorog-keramia-kancso\/","name":"K\u00e9zzel festett g\u00f6r\u00f6g ker\u00e1mia kancs\u00f3 - yupie.app","isPartOf":{"@id":"https:\/\/yupie.app\/#website"},"primaryImageOfPage":{"@id":"https:\/\/yupie.app\/product\/kezzel-festett-gorog-keramia-kancso\/#primaryimage"},"image":{"@id":"https:\/\/yupie.app\/product\/kezzel-festett-gorog-keramia-kancso\/#primaryimage"},"thumbnailUrl":"https:\/\/yupie.app\/wp-content\/uploads\/2023\/02\/302042853_2215342871964129_5045263811957167705_n.jpg","datePublished":"2023-02-01T11:57:01+00:00","dateModified":"2026-01-16T07:52:20+00:00","description":"A k\u00e9zzel festett g\u00f6r\u00f6g ker\u00e1mia kancs\u00f3 haszn\u00e1lata k\u00f6r\u00fclbel\u00fcl az \u00f3korban kezd\u0151d\u00f6tt, \u00e9s az \u00f3kori G\u00f6r\u00f6gorsz\u00e1gban a legt\u00f6bb csal\u00e1d otthon\u00e1ban volt legal\u00e1bb egy.","breadcrumb":{"@id":"https:\/\/yupie.app\/product\/kezzel-festett-gorog-keramia-kancso\/#breadcrumb"},"inLanguage":"ro-RO","potentialAction":[{"@type":"ReadAction","target":["https:\/\/yupie.app\/product\/kezzel-festett-gorog-keramia-kancso\/"]}]},{"@type":"ImageObject","inLanguage":"ro-RO","@id":"https:\/\/yupie.app\/product\/kezzel-festett-gorog-keramia-kancso\/#primaryimage","url":"https:\/\/yupie.app\/wp-content\/uploads\/2023\/02\/302042853_2215342871964129_5045263811957167705_n.jpg","contentUrl":"https:\/\/yupie.app\/wp-content\/uploads\/2023\/02\/302042853_2215342871964129_5045263811957167705_n.jpg","width":1536,"height":2048,"caption":"k\u00e9zzel festett g\u00f6r\u00f6g ker\u00e1mia kancs\u00f3 \u00f3kori darab eleg\u00e1ns st\u00edlus yupie"},{"@type":"BreadcrumbList","@id":"https:\/\/yupie.app\/product\/kezzel-festett-gorog-keramia-kancso\/#breadcrumb","itemListElement":[{"@type":"ListItem","position":1,"name":"Kezd\u0151lap","item":"https:\/\/yupie.app\/"},{"@type":"ListItem","position":2,"name":"Katal\u00f3gus","item":"https:\/\/yupie.app\/katalogus\/"},{"@type":"ListItem","position":3,"name":"K\u00e9zzel festett g\u00f6r\u00f6g ker\u00e1mia kancs\u00f3"}]},{"@type":"WebSite","@id":"https:\/\/yupie.app\/#website","url":"https:\/\/yupie.app\/","name":"yupie.app","description":"","publisher":{"@id":"https:\/\/yupie.app\/#organization"},"potentialAction":[{"@type":"SearchAction","target":{"@type":"EntryPoint","urlTemplate":"https:\/\/yupie.app\/?s={search_term_string}"},"query-input":{"@type":"PropertyValueSpecification","valueRequired":true,"valueName":"search_term_string"}}],"inLanguage":"ro-RO"},{"@type":"Organization","@id":"https:\/\/yupie.app\/#organization","name":"yupie.app","url":"https:\/\/yupie.app\/","logo":{"@type":"ImageObject","inLanguage":"ro-RO","@id":"https:\/\/yupie.app\/#\/schema\/logo\/image\/","url":"https:\/\/yupie.app\/wp-content\/uploads\/2025\/07\/cropped-uj-logo.png","contentUrl":"https:\/\/yupie.app\/wp-content\/uploads\/2025\/07\/cropped-uj-logo.png","width":500,"height":208,"caption":"yupie.app"},"image":{"@id":"https:\/\/yupie.app\/#\/schema\/logo\/image\/"},"sameAs":["https:\/\/www.facebook.com\/profile.php?id=100089345417295"]}]}},"jetpack_sharing_enabled":true,"_links":{"self":[{"href":"https:\/\/yupie.app\/ro\/wp-json\/wp\/v2\/product\/474","targetHints":{"allow":["GET"]}}],"collection":[{"href":"https:\/\/yupie.app\/ro\/wp-json\/wp\/v2\/product"}],"about":[{"href":"https:\/\/yupie.app\/ro\/wp-json\/wp\/v2\/types\/product"}],"version-history":[{"count":0,"href":"https:\/\/yupie.app\/ro\/wp-json\/wp\/v2\/product\/474\/revisions"}],"wp:featuredmedia":[{"embeddable":true,"href":"https:\/\/yupie.app\/ro\/wp-json\/wp\/v2\/media\/582"}],"wp:attachment":[{"href":"https:\/\/yupie.app\/ro\/wp-json\/wp\/v2\/media?parent=474"}],"wp:term":[{"taxonomy":"product_brand","embeddable":true,"href":"https:\/\/yupie.app\/ro\/wp-json\/wp\/v2\/product_brand?post=474"},{"taxonomy":"product_cat","embeddable":true,"href":"https:\/\/yupie.app\/ro\/wp-json\/wp\/v2\/product_cat?post=474"},{"taxonomy":"product_tag","embeddable":true,"href":"https:\/\/yupie.app\/ro\/wp-json\/wp\/v2\/product_tag?post=474"}],"curies":[{"name":"wp","href":"https:\/\/api.w.org\/{rel}","templated":true}]}}