{"id":4731,"date":"2023-10-29T18:06:36","date_gmt":"2023-10-29T16:06:36","guid":{"rendered":"https:\/\/yupie.hu\/?post_type=product&#038;p=4731"},"modified":"2026-01-06T13:39:43","modified_gmt":"2026-01-06T11:39:43","slug":"magas-hajlitott-fem-mecsestarto","status":"publish","type":"product","link":"https:\/\/yupie.app\/ro\/product\/magas-hajlitott-fem-mecsestarto\/","title":{"rendered":"Magas hajl\u00edtott f\u00e9m m\u00e9csestart\u00f3"},"content":{"rendered":"<p>A magas hajl\u00edtott f\u00e9m m\u00e9csestart\u00f3 egy leny\u0171g\u00f6z\u0151 kieg\u00e9sz\u00edt\u0151, mely eleg\u00e1ns atmoszf\u00e9r\u00e1t teremt minden otthonban vagy esem\u00e9nyen. A tart\u00f3 magass\u00e1ga \u00e9s \u00edvelt form\u00e1ja azonnal mag\u00e1ra vonja a figyelmet. Az \u00f3vatosan kidolgozott \u00edvek \u00e9s a f\u00e9mb\u0151l k\u00e9sz\u00fclt fel\u00fclet f\u00e9nye csod\u00e1latosan t\u00fckr\u00f6zi a l\u00e1gy gyertyaf\u00e9nyt. Egyed\u00fcl\u00e1ll\u00f3 st\u00edlust \u00e9s karaktert k\u00f6lcs\u00f6n\u00f6z a t\u00e9rnek.<\/p>\n<p>Ez a m\u00e9csestart\u00f3 kiv\u00e1l\u00f3an alkalmas esti vacsor\u00e1khoz vagy b\u00e1rmely k\u00fcl\u00f6nleges alkalmhoz, amikor az elegancia \u00e9s a melegs\u00e9g hangulatot teremt.<\/p>\n<p>A tart\u00f3 massz\u00edv szerkezete \u00e9s min\u0151s\u00e9gi f\u00e9m anyaga biztos\u00edtja a stabilit\u00e1st \u00e9s a tart\u00f3ss\u00e1got, \u00edgy hossz\u00fa \u00e9veken \u00e1t \u00f6r\u00f6m\u00f6t szerezhet vele. Ez a m\u00e9csestart\u00f3 nem csup\u00e1n egy praktikus eszk\u00f6z a gyerty\u00e1k elhelyez\u00e9s\u00e9re, hanem egy m\u0171v\u00e9szi alkot\u00e1s is, amely a t\u00e9r sz\u00e9ps\u00e9g\u00e9t \u00e9s eleganci\u00e1j\u00e1t hangs\u00falyozza, b\u00e1rmilyen bels\u0151 t\u00e9rben.<\/p>","protected":false},"excerpt":{"rendered":"<p>A magas hajl\u00edtott f\u00e9m m\u00e9csestart\u00f3 kifinomult \u00e9s eleg\u00e1ns kieg\u00e9sz\u00edt\u0151je b\u00e1rmely otthonnak vagy esem\u00e9nynek. Ez a k\u00fcl\u00f6nleges diz\u00e1jn\u00fa m\u00e9csestart\u00f3 a hajl\u00edtott form\u00e1j\u00e1val azonnal vonzza a tekintetet.<\/p>\n<p>A m\u00e9csestart\u00f3 alapja massz\u00edv, \u00edgy stabilan tartja a gyerty\u00e1t, \u00e9s garant\u00e1lja a biztons\u00e1gos haszn\u00e1latot. A hajl\u00edtott, \u00edvelt kialak\u00edt\u00e1s eleg\u00e1ns \u00e9s modern megjelen\u00e9st k\u00f6lcs\u00f6n\u00f6z neki, amely illeszkedik b\u00e1rmilyen bels\u0151 t\u00e9rhez vagy dekor\u00e1ci\u00f3hoz.<\/p>","protected":false},"featured_media":4732,"template":"","meta":[],"product_brand":[],"product_cat":[1390],"product_tag":[59,73,223,898,320,168,1764,329,74],"class_list":{"0":"post-4731","1":"product","2":"type-product","3":"status-publish","4":"has-post-thumbnail","6":"product_cat-gyertyatartok","7":"product_tag-dekoracio","8":"product_tag-elegans","9":"product_tag-fem","10":"product_tag-fembol-keszult","11":"product_tag-gyertya","12":"product_tag-gyertyatarto","13":"product_tag-hajlitott","14":"product_tag-kulonleges","15":"product_tag-stilusos","16":"description-off","18":"first","19":"instock","20":"shipping-taxable","21":"purchasable","22":"product-type-simple"},"yoast_head":"<!-- This site is optimized with the Yoast SEO plugin v27.3 - https:\/\/yoast.com\/product\/yoast-seo-wordpress\/ -->\n<title>Magas hajl\u00edtott f\u00e9m m\u00e9csestart\u00f3 - yupie.app<\/title>\n<meta name=\"robots\" content=\"index, follow, max-snippet:-1, max-image-preview:large, max-video-preview:-1\" \/>\n<link rel=\"canonical\" href=\"https:\/\/yupie.app\/ro\/product\/magas-hajlitott-fem-mecsestarto\/\" \/>\n<meta property=\"og:locale\" content=\"ro_RO\" \/>\n<meta property=\"og:type\" content=\"article\" \/>\n<meta property=\"og:title\" content=\"Magas hajl\u00edtott f\u00e9m m\u00e9csestart\u00f3 - yupie.app\" \/>\n<meta property=\"og:description\" content=\"A magas hajl\u00edtott f\u00e9m m\u00e9csestart\u00f3 kifinomult \u00e9s eleg\u00e1ns kieg\u00e9sz\u00edt\u0151je b\u00e1rmely otthonnak vagy esem\u00e9nynek. Ez a k\u00fcl\u00f6nleges diz\u00e1jn\u00fa m\u00e9csestart\u00f3 a hajl\u00edtott form\u00e1j\u00e1val azonnal vonzza a tekintetet.  A m\u00e9csestart\u00f3 alapja massz\u00edv, \u00edgy stabilan tartja a gyerty\u00e1t, \u00e9s garant\u00e1lja a biztons\u00e1gos haszn\u00e1latot. A hajl\u00edtott, \u00edvelt kialak\u00edt\u00e1s eleg\u00e1ns \u00e9s modern megjelen\u00e9st k\u00f6lcs\u00f6n\u00f6z neki, amely illeszkedik b\u00e1rmilyen bels\u0151 t\u00e9rhez vagy dekor\u00e1ci\u00f3hoz.\" \/>\n<meta property=\"og:url\" content=\"https:\/\/yupie.app\/ro\/product\/magas-hajlitott-fem-mecsestarto\/\" \/>\n<meta property=\"og:site_name\" content=\"yupie.app\" \/>\n<meta property=\"article:publisher\" content=\"https:\/\/www.facebook.com\/profile.php?id=100089345417295\" \/>\n<meta property=\"article:modified_time\" content=\"2026-01-06T11:39:43+00:00\" \/>\n<meta property=\"og:image\" content=\"https:\/\/yupie.app\/wp-content\/uploads\/2023\/10\/DSC03385.png\" \/>\n\t<meta property=\"og:image:width\" content=\"2118\" \/>\n\t<meta property=\"og:image:height\" content=\"2118\" \/>\n\t<meta property=\"og:image:type\" content=\"image\/png\" \/>\n<meta name=\"twitter:card\" content=\"summary_large_image\" \/>\n<meta name=\"twitter:label1\" content=\"Timp estimat pentru citire\" \/>\n\t<meta name=\"twitter:data1\" content=\"1 minut\" \/>\n<script type=\"application\/ld+json\" class=\"yoast-schema-graph\">{\"@context\":\"https:\\\/\\\/schema.org\",\"@graph\":[{\"@type\":\"WebPage\",\"@id\":\"https:\\\/\\\/yupie.app\\\/product\\\/magas-hajlitott-fem-mecsestarto\\\/\",\"url\":\"https:\\\/\\\/yupie.app\\\/product\\\/magas-hajlitott-fem-mecsestarto\\\/\",\"name\":\"Magas hajl\u00edtott f\u00e9m m\u00e9csestart\u00f3 - yupie.app\",\"isPartOf\":{\"@id\":\"https:\\\/\\\/yupie.app\\\/#website\"},\"primaryImageOfPage\":{\"@id\":\"https:\\\/\\\/yupie.app\\\/product\\\/magas-hajlitott-fem-mecsestarto\\\/#primaryimage\"},\"image\":{\"@id\":\"https:\\\/\\\/yupie.app\\\/product\\\/magas-hajlitott-fem-mecsestarto\\\/#primaryimage\"},\"thumbnailUrl\":\"https:\\\/\\\/yupie.app\\\/wp-content\\\/uploads\\\/2023\\\/10\\\/DSC03385.png\",\"datePublished\":\"2023-10-29T16:06:36+00:00\",\"dateModified\":\"2026-01-06T11:39:43+00:00\",\"breadcrumb\":{\"@id\":\"https:\\\/\\\/yupie.app\\\/product\\\/magas-hajlitott-fem-mecsestarto\\\/#breadcrumb\"},\"inLanguage\":\"ro-RO\",\"potentialAction\":[{\"@type\":\"ReadAction\",\"target\":[\"https:\\\/\\\/yupie.app\\\/product\\\/magas-hajlitott-fem-mecsestarto\\\/\"]}]},{\"@type\":\"ImageObject\",\"inLanguage\":\"ro-RO\",\"@id\":\"https:\\\/\\\/yupie.app\\\/product\\\/magas-hajlitott-fem-mecsestarto\\\/#primaryimage\",\"url\":\"https:\\\/\\\/yupie.app\\\/wp-content\\\/uploads\\\/2023\\\/10\\\/DSC03385.png\",\"contentUrl\":\"https:\\\/\\\/yupie.app\\\/wp-content\\\/uploads\\\/2023\\\/10\\\/DSC03385.png\",\"width\":2118,\"height\":2118,\"caption\":\"Magas hajl\u00edtott f\u00e9m m\u00e9csestart\u00f3, dekor\u00e1ci\u00f3, gyertyatart\u00f3k, yupie\"},{\"@type\":\"BreadcrumbList\",\"@id\":\"https:\\\/\\\/yupie.app\\\/product\\\/magas-hajlitott-fem-mecsestarto\\\/#breadcrumb\",\"itemListElement\":[{\"@type\":\"ListItem\",\"position\":1,\"name\":\"Kezd\u0151lap\",\"item\":\"https:\\\/\\\/yupie.app\\\/\"},{\"@type\":\"ListItem\",\"position\":2,\"name\":\"Katal\u00f3gus\",\"item\":\"https:\\\/\\\/yupie.app\\\/katalogus\\\/\"},{\"@type\":\"ListItem\",\"position\":3,\"name\":\"Magas hajl\u00edtott f\u00e9m m\u00e9csestart\u00f3\"}]},{\"@type\":\"WebSite\",\"@id\":\"https:\\\/\\\/yupie.app\\\/#website\",\"url\":\"https:\\\/\\\/yupie.app\\\/\",\"name\":\"yupie.app\",\"description\":\"\",\"publisher\":{\"@id\":\"https:\\\/\\\/yupie.app\\\/#organization\"},\"potentialAction\":[{\"@type\":\"SearchAction\",\"target\":{\"@type\":\"EntryPoint\",\"urlTemplate\":\"https:\\\/\\\/yupie.app\\\/?s={search_term_string}\"},\"query-input\":{\"@type\":\"PropertyValueSpecification\",\"valueRequired\":true,\"valueName\":\"search_term_string\"}}],\"inLanguage\":\"ro-RO\"},{\"@type\":\"Organization\",\"@id\":\"https:\\\/\\\/yupie.app\\\/#organization\",\"name\":\"yupie.app\",\"url\":\"https:\\\/\\\/yupie.app\\\/\",\"logo\":{\"@type\":\"ImageObject\",\"inLanguage\":\"ro-RO\",\"@id\":\"https:\\\/\\\/yupie.app\\\/#\\\/schema\\\/logo\\\/image\\\/\",\"url\":\"https:\\\/\\\/yupie.app\\\/wp-content\\\/uploads\\\/2025\\\/07\\\/cropped-uj-logo.png\",\"contentUrl\":\"https:\\\/\\\/yupie.app\\\/wp-content\\\/uploads\\\/2025\\\/07\\\/cropped-uj-logo.png\",\"width\":500,\"height\":208,\"caption\":\"yupie.app\"},\"image\":{\"@id\":\"https:\\\/\\\/yupie.app\\\/#\\\/schema\\\/logo\\\/image\\\/\"},\"sameAs\":[\"https:\\\/\\\/www.facebook.com\\\/profile.php?id=100089345417295\"]}]}<\/script>\n<!-- \/ Yoast SEO plugin. -->","yoast_head_json":{"title":"Magas hajl\u00edtott f\u00e9m m\u00e9csestart\u00f3 - yupie.app","robots":{"index":"index","follow":"follow","max-snippet":"max-snippet:-1","max-image-preview":"max-image-preview:large","max-video-preview":"max-video-preview:-1"},"canonical":"https:\/\/yupie.app\/ro\/product\/magas-hajlitott-fem-mecsestarto\/","og_locale":"ro_RO","og_type":"article","og_title":"Magas hajl\u00edtott f\u00e9m m\u00e9csestart\u00f3 - yupie.app","og_description":"A magas hajl\u00edtott f\u00e9m m\u00e9csestart\u00f3 kifinomult \u00e9s eleg\u00e1ns kieg\u00e9sz\u00edt\u0151je b\u00e1rmely otthonnak vagy esem\u00e9nynek. Ez a k\u00fcl\u00f6nleges diz\u00e1jn\u00fa m\u00e9csestart\u00f3 a hajl\u00edtott form\u00e1j\u00e1val azonnal vonzza a tekintetet.  A m\u00e9csestart\u00f3 alapja massz\u00edv, \u00edgy stabilan tartja a gyerty\u00e1t, \u00e9s garant\u00e1lja a biztons\u00e1gos haszn\u00e1latot. A hajl\u00edtott, \u00edvelt kialak\u00edt\u00e1s eleg\u00e1ns \u00e9s modern megjelen\u00e9st k\u00f6lcs\u00f6n\u00f6z neki, amely illeszkedik b\u00e1rmilyen bels\u0151 t\u00e9rhez vagy dekor\u00e1ci\u00f3hoz.","og_url":"https:\/\/yupie.app\/ro\/product\/magas-hajlitott-fem-mecsestarto\/","og_site_name":"yupie.app","article_publisher":"https:\/\/www.facebook.com\/profile.php?id=100089345417295","article_modified_time":"2026-01-06T11:39:43+00:00","og_image":[{"width":2118,"height":2118,"url":"https:\/\/yupie.app\/wp-content\/uploads\/2023\/10\/DSC03385.png","type":"image\/png"}],"twitter_card":"summary_large_image","twitter_misc":{"Timp estimat pentru citire":"1 minut"},"schema":{"@context":"https:\/\/schema.org","@graph":[{"@type":"WebPage","@id":"https:\/\/yupie.app\/product\/magas-hajlitott-fem-mecsestarto\/","url":"https:\/\/yupie.app\/product\/magas-hajlitott-fem-mecsestarto\/","name":"Magas hajl\u00edtott f\u00e9m m\u00e9csestart\u00f3 - yupie.app","isPartOf":{"@id":"https:\/\/yupie.app\/#website"},"primaryImageOfPage":{"@id":"https:\/\/yupie.app\/product\/magas-hajlitott-fem-mecsestarto\/#primaryimage"},"image":{"@id":"https:\/\/yupie.app\/product\/magas-hajlitott-fem-mecsestarto\/#primaryimage"},"thumbnailUrl":"https:\/\/yupie.app\/wp-content\/uploads\/2023\/10\/DSC03385.png","datePublished":"2023-10-29T16:06:36+00:00","dateModified":"2026-01-06T11:39:43+00:00","breadcrumb":{"@id":"https:\/\/yupie.app\/product\/magas-hajlitott-fem-mecsestarto\/#breadcrumb"},"inLanguage":"ro-RO","potentialAction":[{"@type":"ReadAction","target":["https:\/\/yupie.app\/product\/magas-hajlitott-fem-mecsestarto\/"]}]},{"@type":"ImageObject","inLanguage":"ro-RO","@id":"https:\/\/yupie.app\/product\/magas-hajlitott-fem-mecsestarto\/#primaryimage","url":"https:\/\/yupie.app\/wp-content\/uploads\/2023\/10\/DSC03385.png","contentUrl":"https:\/\/yupie.app\/wp-content\/uploads\/2023\/10\/DSC03385.png","width":2118,"height":2118,"caption":"Magas hajl\u00edtott f\u00e9m m\u00e9csestart\u00f3, dekor\u00e1ci\u00f3, gyertyatart\u00f3k, yupie"},{"@type":"BreadcrumbList","@id":"https:\/\/yupie.app\/product\/magas-hajlitott-fem-mecsestarto\/#breadcrumb","itemListElement":[{"@type":"ListItem","position":1,"name":"Kezd\u0151lap","item":"https:\/\/yupie.app\/"},{"@type":"ListItem","position":2,"name":"Katal\u00f3gus","item":"https:\/\/yupie.app\/katalogus\/"},{"@type":"ListItem","position":3,"name":"Magas hajl\u00edtott f\u00e9m m\u00e9csestart\u00f3"}]},{"@type":"WebSite","@id":"https:\/\/yupie.app\/#website","url":"https:\/\/yupie.app\/","name":"yupie.app","description":"","publisher":{"@id":"https:\/\/yupie.app\/#organization"},"potentialAction":[{"@type":"SearchAction","target":{"@type":"EntryPoint","urlTemplate":"https:\/\/yupie.app\/?s={search_term_string}"},"query-input":{"@type":"PropertyValueSpecification","valueRequired":true,"valueName":"search_term_string"}}],"inLanguage":"ro-RO"},{"@type":"Organization","@id":"https:\/\/yupie.app\/#organization","name":"yupie.app","url":"https:\/\/yupie.app\/","logo":{"@type":"ImageObject","inLanguage":"ro-RO","@id":"https:\/\/yupie.app\/#\/schema\/logo\/image\/","url":"https:\/\/yupie.app\/wp-content\/uploads\/2025\/07\/cropped-uj-logo.png","contentUrl":"https:\/\/yupie.app\/wp-content\/uploads\/2025\/07\/cropped-uj-logo.png","width":500,"height":208,"caption":"yupie.app"},"image":{"@id":"https:\/\/yupie.app\/#\/schema\/logo\/image\/"},"sameAs":["https:\/\/www.facebook.com\/profile.php?id=100089345417295"]}]}},"jetpack_sharing_enabled":true,"_links":{"self":[{"href":"https:\/\/yupie.app\/ro\/wp-json\/wp\/v2\/product\/4731","targetHints":{"allow":["GET"]}}],"collection":[{"href":"https:\/\/yupie.app\/ro\/wp-json\/wp\/v2\/product"}],"about":[{"href":"https:\/\/yupie.app\/ro\/wp-json\/wp\/v2\/types\/product"}],"version-history":[{"count":0,"href":"https:\/\/yupie.app\/ro\/wp-json\/wp\/v2\/product\/4731\/revisions"}],"wp:featuredmedia":[{"embeddable":true,"href":"https:\/\/yupie.app\/ro\/wp-json\/wp\/v2\/media\/4732"}],"wp:attachment":[{"href":"https:\/\/yupie.app\/ro\/wp-json\/wp\/v2\/media?parent=4731"}],"wp:term":[{"taxonomy":"product_brand","embeddable":true,"href":"https:\/\/yupie.app\/ro\/wp-json\/wp\/v2\/product_brand?post=4731"},{"taxonomy":"product_cat","embeddable":true,"href":"https:\/\/yupie.app\/ro\/wp-json\/wp\/v2\/product_cat?post=4731"},{"taxonomy":"product_tag","embeddable":true,"href":"https:\/\/yupie.app\/ro\/wp-json\/wp\/v2\/product_tag?post=4731"}],"curies":[{"name":"wp","href":"https:\/\/api.w.org\/{rel}","templated":true}]}}