{"id":4718,"date":"2023-10-29T16:52:36","date_gmt":"2023-10-29T14:52:36","guid":{"rendered":"https:\/\/yupie.hu\/?post_type=product&#038;p=4718"},"modified":"2026-01-06T15:47:39","modified_gmt":"2026-01-06T13:47:39","slug":"otagu-fem-gyertyatarto","status":"publish","type":"product","link":"https:\/\/yupie.app\/ro\/product\/otagu-fem-gyertyatarto\/","title":{"rendered":"\u00d6t\u00e1g\u00fa f\u00e9m gyertyatart\u00f3 \u2013 eleg\u00e1ns hangulatvil\u00e1g\u00edt\u00e1s lak\u00e1sdekorhoz"},"content":{"rendered":"<p>Az \u00f6t\u00e1g\u00fa f\u00e9m gyertyatart\u00f3 leny\u0171g\u00f6z\u0151 eleganci\u00e1t \u00e9s st\u00edlust hoz b\u00e1rmelyik otthonba vagy esem\u00e9ny helysz\u00edn\u00e9re. Az apr\u00f3l\u00e9kosan kidolgozott r\u00e9szletek \u00e9s a f\u00e9nyt t\u00fckr\u00f6z\u0151 fel\u00fclet \u00f6sszhangban van egym\u00e1ssal, amely megnyugtat\u00f3an fokozza a gyerty\u00e1k l\u00e1gy f\u00e9ny\u00e9t.<\/p>\n<p>Ez a gyertyatart\u00f3 t\u00f6k\u00e9letes v\u00e1laszt\u00e1s a k\u00fcl\u00f6nleges alkalmakra, p\u00e9ld\u00e1ul esk\u00fcv\u0151k, \u00fcnnepi vacsor\u00e1k vagy romantikus est\u00e9k megkoron\u00e1z\u00e1s\u00e1ra. A tart\u00f3 tervez\u00e9se modern \u00e9s id\u0151tlen, \u00edgy b\u00e1rmilyen bels\u0151 t\u00e9rbe k\u00f6nnyed\u00e9n illeszkedik. A kifinomult f\u00e9m kivitel biztos\u00edtja a tart\u00f3 stabilit\u00e1s\u00e1t \u00e9s hossz\u00fa \u00e9lettartam\u00e1t. Az \u00f6t\u00e1g\u00fa f\u00e9m gyertyatart\u00f3 nem csup\u00e1n funkcion\u00e1lis t\u00e1rgy, hanem egyben m\u0171v\u00e9szi alkot\u00e1s is, amely kiemeli a t\u00e9r sz\u00e9ps\u00e9g\u00e9t \u00e9s eleganci\u00e1j\u00e1t, mik\u00f6zben melegs\u00e9get \u00e9s hangulatot k\u00f6lcs\u00f6n\u00f6z a k\u00f6rnyezetnek. K\u00fcl\u00f6nleges darabja lehet otthonodnak vagy aj\u00e1nd\u00e9k \u00f6tletek\u00e9nt is szolg\u00e1lhat azoknak, akik \u00e9rt\u00e9kelik a min\u0151s\u00e9get \u00e9s az eszt\u00e9tik\u00e1t.<\/p>","protected":false},"excerpt":{"rendered":"<p data-start=\"1064\" data-end=\"1256\">Ez az <strong data-start=\"1070\" data-end=\"1096\">\u00f6t\u00e1g\u00fa f\u00e9m gyertyatart\u00f3<\/strong> eleg\u00e1ns \u00e9s id\u0151t\u00e1ll\u00f3 kieg\u00e9sz\u00edt\u0151je b\u00e1rmely otthonnak. Letisztult formavil\u00e1ga \u00e9s f\u00e9m kivitele modern, klasszikus vagy ak\u00e1r indusztri\u00e1lis enteri\u0151rben is j\u00f3l mutat.<\/p>\n<p data-start=\"1258\" data-end=\"1459\">T\u00f6k\u00e9letes v\u00e1laszt\u00e1s \u00e9tkez\u0151asztalra, kom\u00f3dra, kandall\u00f3p\u00e1rk\u00e1nyra vagy \u00fcnnepi asztald\u00edszk\u00e9nt. Az \u00f6t gyertya f\u00e9nye meghitt, meleg hangulatot teremt \u2013 ide\u00e1lis vacsor\u00e1khoz, \u00fcnnepekhez vagy esti relax\u00e1ci\u00f3hoz.<\/p>\n<p data-start=\"1461\" data-end=\"1475\"><strong data-start=\"1461\" data-end=\"1475\">Jellemz\u0151k:<\/strong><\/p>\n<ul data-start=\"1476\" data-end=\"1626\">\n<li data-start=\"1476\" data-end=\"1502\">\n<p data-start=\"1478\" data-end=\"1502\">\u00d6t\u00e1g\u00fa f\u00e9m gyertyatart\u00f3<\/p>\n<\/li>\n<li data-start=\"1503\" data-end=\"1536\">\n<p data-start=\"1505\" data-end=\"1536\">Eleg\u00e1ns, dekorat\u00edv kialak\u00edt\u00e1s<\/p>\n<\/li>\n<li data-start=\"1537\" data-end=\"1572\">\n<p data-start=\"1539\" data-end=\"1572\">Lak\u00e1sdekor \u00e9s hangulatvil\u00e1g\u00edt\u00e1s<\/p>\n<\/li>\n<li data-start=\"1573\" data-end=\"1600\">\n<p data-start=\"1575\" data-end=\"1600\">Stabil, massz\u00edv kivitel<\/p>\n<\/li>\n<li data-start=\"1601\" data-end=\"1626\">\n<p data-start=\"1603\" data-end=\"1626\">Haszn\u00e1lt, j\u00f3 \u00e1llapotban<\/p>\n<\/li>\n<\/ul>\n<p data-start=\"1628\" data-end=\"1664\">\ud83d\udd6f\ufe0f Egyedi darab \u2013 limit\u00e1lt k\u00e9szlet!<\/p>","protected":false},"featured_media":4719,"template":"","meta":[],"product_brand":[],"product_cat":[1390],"product_tag":[174,59,73,116,223,898,320,168,1763],"class_list":{"0":"post-4718","1":"product","2":"type-product","3":"status-publish","4":"has-post-thumbnail","6":"product_cat-gyertyatartok","7":"product_tag-dekor","8":"product_tag-dekoracio","9":"product_tag-elegans","10":"product_tag-fekete","11":"product_tag-fem","12":"product_tag-fembol-keszult","13":"product_tag-gyertya","14":"product_tag-gyertyatarto","15":"product_tag-otagu","16":"description-off","18":"first","19":"instock","20":"shipping-taxable","21":"purchasable","22":"product-type-simple"},"yoast_head":"<!-- This site is optimized with the Yoast SEO plugin v27.3 - https:\/\/yoast.com\/product\/yoast-seo-wordpress\/ -->\n<title>\u00d6t\u00e1g\u00fa f\u00e9m gyertyatart\u00f3 \u2013 eleg\u00e1ns hangulatvil\u00e1g\u00edt\u00e1s lak\u00e1sdekorhoz - yupie.app<\/title>\n<meta name=\"description\" content=\"Az \u00f6t\u00e1g\u00fa f\u00e9m gyertyatart\u00f3 leny\u0171g\u00f6z\u0151 eleganci\u00e1t \u00e9s st\u00edlust hoz b\u00e1rmelyik otthonba vagy esem\u00e9ny helysz\u00edn\u00e9re. T\u00f6k\u00e9letes v\u00e1laszt\u00e1s a k\u00fcl\u00f6nleges alkalmakra\" \/>\n<meta name=\"robots\" content=\"index, follow, max-snippet:-1, max-image-preview:large, max-video-preview:-1\" \/>\n<link rel=\"canonical\" href=\"https:\/\/yupie.app\/ro\/product\/otagu-fem-gyertyatarto\/\" \/>\n<meta property=\"og:locale\" content=\"ro_RO\" \/>\n<meta property=\"og:type\" content=\"article\" \/>\n<meta property=\"og:title\" content=\"\u00d6t\u00e1g\u00fa f\u00e9m gyertyatart\u00f3 \u2013 eleg\u00e1ns hangulatvil\u00e1g\u00edt\u00e1s lak\u00e1sdekorhoz - yupie.app\" \/>\n<meta property=\"og:description\" content=\"Az \u00f6t\u00e1g\u00fa f\u00e9m gyertyatart\u00f3 leny\u0171g\u00f6z\u0151 eleganci\u00e1t \u00e9s st\u00edlust hoz b\u00e1rmelyik otthonba vagy esem\u00e9ny helysz\u00edn\u00e9re. T\u00f6k\u00e9letes v\u00e1laszt\u00e1s a k\u00fcl\u00f6nleges alkalmakra\" \/>\n<meta property=\"og:url\" content=\"https:\/\/yupie.app\/ro\/product\/otagu-fem-gyertyatarto\/\" \/>\n<meta property=\"og:site_name\" content=\"yupie.app\" \/>\n<meta property=\"article:publisher\" content=\"https:\/\/www.facebook.com\/profile.php?id=100089345417295\" \/>\n<meta property=\"article:modified_time\" content=\"2026-01-06T13:47:39+00:00\" \/>\n<meta property=\"og:image\" content=\"https:\/\/yupie.app\/wp-content\/uploads\/2023\/10\/DSC03350.png\" \/>\n\t<meta property=\"og:image:width\" content=\"2274\" \/>\n\t<meta property=\"og:image:height\" content=\"2274\" \/>\n\t<meta property=\"og:image:type\" content=\"image\/png\" \/>\n<meta name=\"twitter:card\" content=\"summary_large_image\" \/>\n<meta name=\"twitter:label1\" content=\"Timp estimat pentru citire\" \/>\n\t<meta name=\"twitter:data1\" content=\"1 minut\" \/>\n<script type=\"application\/ld+json\" class=\"yoast-schema-graph\">{\"@context\":\"https:\\\/\\\/schema.org\",\"@graph\":[{\"@type\":\"WebPage\",\"@id\":\"https:\\\/\\\/yupie.app\\\/product\\\/otagu-fem-gyertyatarto\\\/\",\"url\":\"https:\\\/\\\/yupie.app\\\/product\\\/otagu-fem-gyertyatarto\\\/\",\"name\":\"\u00d6t\u00e1g\u00fa f\u00e9m gyertyatart\u00f3 \u2013 eleg\u00e1ns hangulatvil\u00e1g\u00edt\u00e1s lak\u00e1sdekorhoz - yupie.app\",\"isPartOf\":{\"@id\":\"https:\\\/\\\/yupie.app\\\/#website\"},\"primaryImageOfPage\":{\"@id\":\"https:\\\/\\\/yupie.app\\\/product\\\/otagu-fem-gyertyatarto\\\/#primaryimage\"},\"image\":{\"@id\":\"https:\\\/\\\/yupie.app\\\/product\\\/otagu-fem-gyertyatarto\\\/#primaryimage\"},\"thumbnailUrl\":\"https:\\\/\\\/yupie.app\\\/wp-content\\\/uploads\\\/2023\\\/10\\\/DSC03350.png\",\"datePublished\":\"2023-10-29T14:52:36+00:00\",\"dateModified\":\"2026-01-06T13:47:39+00:00\",\"description\":\"Az \u00f6t\u00e1g\u00fa f\u00e9m gyertyatart\u00f3 leny\u0171g\u00f6z\u0151 eleganci\u00e1t \u00e9s st\u00edlust hoz b\u00e1rmelyik otthonba vagy esem\u00e9ny helysz\u00edn\u00e9re. T\u00f6k\u00e9letes v\u00e1laszt\u00e1s a k\u00fcl\u00f6nleges alkalmakra\",\"breadcrumb\":{\"@id\":\"https:\\\/\\\/yupie.app\\\/product\\\/otagu-fem-gyertyatarto\\\/#breadcrumb\"},\"inLanguage\":\"ro-RO\",\"potentialAction\":[{\"@type\":\"ReadAction\",\"target\":[\"https:\\\/\\\/yupie.app\\\/product\\\/otagu-fem-gyertyatarto\\\/\"]}]},{\"@type\":\"ImageObject\",\"inLanguage\":\"ro-RO\",\"@id\":\"https:\\\/\\\/yupie.app\\\/product\\\/otagu-fem-gyertyatarto\\\/#primaryimage\",\"url\":\"https:\\\/\\\/yupie.app\\\/wp-content\\\/uploads\\\/2023\\\/10\\\/DSC03350.png\",\"contentUrl\":\"https:\\\/\\\/yupie.app\\\/wp-content\\\/uploads\\\/2023\\\/10\\\/DSC03350.png\",\"width\":2274,\"height\":2274,\"caption\":\"\u00d6t\u00e1g\u00fa f\u00e9m gyertyatart\u00f3, dekor\u00e1ci\u00f3, gyertyatart\u00f3k, yupie\"},{\"@type\":\"BreadcrumbList\",\"@id\":\"https:\\\/\\\/yupie.app\\\/product\\\/otagu-fem-gyertyatarto\\\/#breadcrumb\",\"itemListElement\":[{\"@type\":\"ListItem\",\"position\":1,\"name\":\"Kezd\u0151lap\",\"item\":\"https:\\\/\\\/yupie.app\\\/\"},{\"@type\":\"ListItem\",\"position\":2,\"name\":\"Katal\u00f3gus\",\"item\":\"https:\\\/\\\/yupie.app\\\/katalogus\\\/\"},{\"@type\":\"ListItem\",\"position\":3,\"name\":\"\u00d6t\u00e1g\u00fa f\u00e9m gyertyatart\u00f3 \u2013 eleg\u00e1ns hangulatvil\u00e1g\u00edt\u00e1s lak\u00e1sdekorhoz\"}]},{\"@type\":\"WebSite\",\"@id\":\"https:\\\/\\\/yupie.app\\\/#website\",\"url\":\"https:\\\/\\\/yupie.app\\\/\",\"name\":\"yupie.app\",\"description\":\"\",\"publisher\":{\"@id\":\"https:\\\/\\\/yupie.app\\\/#organization\"},\"potentialAction\":[{\"@type\":\"SearchAction\",\"target\":{\"@type\":\"EntryPoint\",\"urlTemplate\":\"https:\\\/\\\/yupie.app\\\/?s={search_term_string}\"},\"query-input\":{\"@type\":\"PropertyValueSpecification\",\"valueRequired\":true,\"valueName\":\"search_term_string\"}}],\"inLanguage\":\"ro-RO\"},{\"@type\":\"Organization\",\"@id\":\"https:\\\/\\\/yupie.app\\\/#organization\",\"name\":\"yupie.app\",\"url\":\"https:\\\/\\\/yupie.app\\\/\",\"logo\":{\"@type\":\"ImageObject\",\"inLanguage\":\"ro-RO\",\"@id\":\"https:\\\/\\\/yupie.app\\\/#\\\/schema\\\/logo\\\/image\\\/\",\"url\":\"https:\\\/\\\/yupie.app\\\/wp-content\\\/uploads\\\/2025\\\/07\\\/cropped-uj-logo.png\",\"contentUrl\":\"https:\\\/\\\/yupie.app\\\/wp-content\\\/uploads\\\/2025\\\/07\\\/cropped-uj-logo.png\",\"width\":500,\"height\":208,\"caption\":\"yupie.app\"},\"image\":{\"@id\":\"https:\\\/\\\/yupie.app\\\/#\\\/schema\\\/logo\\\/image\\\/\"},\"sameAs\":[\"https:\\\/\\\/www.facebook.com\\\/profile.php?id=100089345417295\"]}]}<\/script>\n<!-- \/ Yoast SEO plugin. -->","yoast_head_json":{"title":"\u00d6t\u00e1g\u00fa f\u00e9m gyertyatart\u00f3 \u2013 eleg\u00e1ns hangulatvil\u00e1g\u00edt\u00e1s lak\u00e1sdekorhoz - yupie.app","description":"Az \u00f6t\u00e1g\u00fa f\u00e9m gyertyatart\u00f3 leny\u0171g\u00f6z\u0151 eleganci\u00e1t \u00e9s st\u00edlust hoz b\u00e1rmelyik otthonba vagy esem\u00e9ny helysz\u00edn\u00e9re. T\u00f6k\u00e9letes v\u00e1laszt\u00e1s a k\u00fcl\u00f6nleges alkalmakra","robots":{"index":"index","follow":"follow","max-snippet":"max-snippet:-1","max-image-preview":"max-image-preview:large","max-video-preview":"max-video-preview:-1"},"canonical":"https:\/\/yupie.app\/ro\/product\/otagu-fem-gyertyatarto\/","og_locale":"ro_RO","og_type":"article","og_title":"\u00d6t\u00e1g\u00fa f\u00e9m gyertyatart\u00f3 \u2013 eleg\u00e1ns hangulatvil\u00e1g\u00edt\u00e1s lak\u00e1sdekorhoz - yupie.app","og_description":"Az \u00f6t\u00e1g\u00fa f\u00e9m gyertyatart\u00f3 leny\u0171g\u00f6z\u0151 eleganci\u00e1t \u00e9s st\u00edlust hoz b\u00e1rmelyik otthonba vagy esem\u00e9ny helysz\u00edn\u00e9re. T\u00f6k\u00e9letes v\u00e1laszt\u00e1s a k\u00fcl\u00f6nleges alkalmakra","og_url":"https:\/\/yupie.app\/ro\/product\/otagu-fem-gyertyatarto\/","og_site_name":"yupie.app","article_publisher":"https:\/\/www.facebook.com\/profile.php?id=100089345417295","article_modified_time":"2026-01-06T13:47:39+00:00","og_image":[{"width":2274,"height":2274,"url":"https:\/\/yupie.app\/wp-content\/uploads\/2023\/10\/DSC03350.png","type":"image\/png"}],"twitter_card":"summary_large_image","twitter_misc":{"Timp estimat pentru citire":"1 minut"},"schema":{"@context":"https:\/\/schema.org","@graph":[{"@type":"WebPage","@id":"https:\/\/yupie.app\/product\/otagu-fem-gyertyatarto\/","url":"https:\/\/yupie.app\/product\/otagu-fem-gyertyatarto\/","name":"\u00d6t\u00e1g\u00fa f\u00e9m gyertyatart\u00f3 \u2013 eleg\u00e1ns hangulatvil\u00e1g\u00edt\u00e1s lak\u00e1sdekorhoz - yupie.app","isPartOf":{"@id":"https:\/\/yupie.app\/#website"},"primaryImageOfPage":{"@id":"https:\/\/yupie.app\/product\/otagu-fem-gyertyatarto\/#primaryimage"},"image":{"@id":"https:\/\/yupie.app\/product\/otagu-fem-gyertyatarto\/#primaryimage"},"thumbnailUrl":"https:\/\/yupie.app\/wp-content\/uploads\/2023\/10\/DSC03350.png","datePublished":"2023-10-29T14:52:36+00:00","dateModified":"2026-01-06T13:47:39+00:00","description":"Az \u00f6t\u00e1g\u00fa f\u00e9m gyertyatart\u00f3 leny\u0171g\u00f6z\u0151 eleganci\u00e1t \u00e9s st\u00edlust hoz b\u00e1rmelyik otthonba vagy esem\u00e9ny helysz\u00edn\u00e9re. T\u00f6k\u00e9letes v\u00e1laszt\u00e1s a k\u00fcl\u00f6nleges alkalmakra","breadcrumb":{"@id":"https:\/\/yupie.app\/product\/otagu-fem-gyertyatarto\/#breadcrumb"},"inLanguage":"ro-RO","potentialAction":[{"@type":"ReadAction","target":["https:\/\/yupie.app\/product\/otagu-fem-gyertyatarto\/"]}]},{"@type":"ImageObject","inLanguage":"ro-RO","@id":"https:\/\/yupie.app\/product\/otagu-fem-gyertyatarto\/#primaryimage","url":"https:\/\/yupie.app\/wp-content\/uploads\/2023\/10\/DSC03350.png","contentUrl":"https:\/\/yupie.app\/wp-content\/uploads\/2023\/10\/DSC03350.png","width":2274,"height":2274,"caption":"\u00d6t\u00e1g\u00fa f\u00e9m gyertyatart\u00f3, dekor\u00e1ci\u00f3, gyertyatart\u00f3k, yupie"},{"@type":"BreadcrumbList","@id":"https:\/\/yupie.app\/product\/otagu-fem-gyertyatarto\/#breadcrumb","itemListElement":[{"@type":"ListItem","position":1,"name":"Kezd\u0151lap","item":"https:\/\/yupie.app\/"},{"@type":"ListItem","position":2,"name":"Katal\u00f3gus","item":"https:\/\/yupie.app\/katalogus\/"},{"@type":"ListItem","position":3,"name":"\u00d6t\u00e1g\u00fa f\u00e9m gyertyatart\u00f3 \u2013 eleg\u00e1ns hangulatvil\u00e1g\u00edt\u00e1s lak\u00e1sdekorhoz"}]},{"@type":"WebSite","@id":"https:\/\/yupie.app\/#website","url":"https:\/\/yupie.app\/","name":"yupie.app","description":"","publisher":{"@id":"https:\/\/yupie.app\/#organization"},"potentialAction":[{"@type":"SearchAction","target":{"@type":"EntryPoint","urlTemplate":"https:\/\/yupie.app\/?s={search_term_string}"},"query-input":{"@type":"PropertyValueSpecification","valueRequired":true,"valueName":"search_term_string"}}],"inLanguage":"ro-RO"},{"@type":"Organization","@id":"https:\/\/yupie.app\/#organization","name":"yupie.app","url":"https:\/\/yupie.app\/","logo":{"@type":"ImageObject","inLanguage":"ro-RO","@id":"https:\/\/yupie.app\/#\/schema\/logo\/image\/","url":"https:\/\/yupie.app\/wp-content\/uploads\/2025\/07\/cropped-uj-logo.png","contentUrl":"https:\/\/yupie.app\/wp-content\/uploads\/2025\/07\/cropped-uj-logo.png","width":500,"height":208,"caption":"yupie.app"},"image":{"@id":"https:\/\/yupie.app\/#\/schema\/logo\/image\/"},"sameAs":["https:\/\/www.facebook.com\/profile.php?id=100089345417295"]}]}},"jetpack_sharing_enabled":true,"_links":{"self":[{"href":"https:\/\/yupie.app\/ro\/wp-json\/wp\/v2\/product\/4718","targetHints":{"allow":["GET"]}}],"collection":[{"href":"https:\/\/yupie.app\/ro\/wp-json\/wp\/v2\/product"}],"about":[{"href":"https:\/\/yupie.app\/ro\/wp-json\/wp\/v2\/types\/product"}],"version-history":[{"count":0,"href":"https:\/\/yupie.app\/ro\/wp-json\/wp\/v2\/product\/4718\/revisions"}],"wp:featuredmedia":[{"embeddable":true,"href":"https:\/\/yupie.app\/ro\/wp-json\/wp\/v2\/media\/4719"}],"wp:attachment":[{"href":"https:\/\/yupie.app\/ro\/wp-json\/wp\/v2\/media?parent=4718"}],"wp:term":[{"taxonomy":"product_brand","embeddable":true,"href":"https:\/\/yupie.app\/ro\/wp-json\/wp\/v2\/product_brand?post=4718"},{"taxonomy":"product_cat","embeddable":true,"href":"https:\/\/yupie.app\/ro\/wp-json\/wp\/v2\/product_cat?post=4718"},{"taxonomy":"product_tag","embeddable":true,"href":"https:\/\/yupie.app\/ro\/wp-json\/wp\/v2\/product_tag?post=4718"}],"curies":[{"name":"wp","href":"https:\/\/api.w.org\/{rel}","templated":true}]}}