{"id":4699,"date":"2023-10-27T18:26:17","date_gmt":"2023-10-27T16:26:17","guid":{"rendered":"https:\/\/yupie.hu\/?post_type=product&#038;p=4699"},"modified":"2026-02-27T05:43:43","modified_gmt":"2026-02-27T03:43:43","slug":"elefant-alaku-ureges-gyertyatarto","status":"publish","type":"product","link":"https:\/\/yupie.app\/ro\/product\/elefant-alaku-ureges-gyertyatarto\/","title":{"rendered":"Elef\u00e1nt alak\u00fa \u00fcreges gyertyatart\u00f3 \u2013 Vintage dekor\u00e1ci\u00f3, egzotikus enteri\u0151r kieg\u00e9sz\u00edt\u0151"},"content":{"rendered":"<div class=\"flex-1 overflow-hidden\">\n<div class=\"react-scroll-to-bottom--css-sachi-79elbk h-full\">\n<div class=\"react-scroll-to-bottom--css-sachi-1n7m0yu\">\n<div class=\"flex flex-col text-sm gizmo:pb-9 dark:bg-gray-800 gizmo:dark:bg-transparent\">\n<div class=\"group w-full text-token-text-primary border-b border-black\/10 gizmo:border-0 dark:border-gray-900\/50 gizmo:dark:border-0 bg-gray-50 gizmo:bg-transparent dark:bg-[#444654] gizmo:dark:bg-transparent\" data-testid=\"conversation-turn-3\">\n<div class=\"p-4 gizmo:py-2 justify-center text-base md:gap-6 md:py-6 m-auto\">\n<div class=\"flex flex-1 gap-4 text-base mx-auto md:gap-6 gizmo:gap-3 gizmo:md:px-5 gizmo:lg:px-1 gizmo:xl:px-5 md:max-w-2xl lg:max-w-[38rem] gizmo:md:max-w-3xl gizmo:lg:max-w-[40rem] gizmo:xl:max-w-[48rem] xl:max-w-3xl }\">\n<div class=\"relative flex w-[calc(100%-50px)] flex-col gizmo:w-full lg:w-[calc(100%-115px)] agent-turn\">\n<div class=\"flex-col gap-1 md:gap-3\">\n<div class=\"flex flex-grow flex-col gap-3 max-w-full\">\n<div class=\"min-h-[20px] flex flex-col items-start gap-3 whitespace-pre-wrap break-words overflow-x-auto\" data-message-author-role=\"assistant\" data-message-id=\"fd98861c-b926-4d6d-af6e-c89662a18240\">\n<div class=\"markdown prose w-full break-words dark:prose-invert light\">\n<p data-start=\"278\" data-end=\"574\">Ez az <strong data-start=\"284\" data-end=\"321\">elef\u00e1nt alak\u00fa \u00fcreges gyertyatart\u00f3<\/strong> nem csup\u00e1n egy dekor\u00e1ci\u00f3s t\u00e1rgy, hanem karakteres, figyelemfelkelt\u0151 enteri\u0151r elem is. Az elef\u00e1nt mot\u00edvum a legt\u00f6bb kult\u00far\u00e1ban az er\u0151t, stabilit\u00e1st, b\u00f6lcsess\u00e9get \u00e9s szerencs\u00e9t szimboliz\u00e1lja, \u00edgy nemcsak eszt\u00e9tikai, hanem szimbolikus \u00e9rt\u00e9ket is k\u00e9pvisel.<\/p>\n<p data-start=\"576\" data-end=\"800\">Az \u00fcreges kialak\u00edt\u00e1s k\u00f6nnyedebb megjelen\u00e9st biztos\u00edt, mik\u00f6zben megtartja a d\u00edszt\u00e1rgy t\u00e9rbeli hangs\u00faly\u00e1t. Vintage vagy eklektikus enteri\u0151rben k\u00fcl\u00f6n\u00f6sen j\u00f3l \u00e9rv\u00e9nyes\u00fcl, de modern k\u00f6rnyezetben is izgalmas kontrasztot teremthet.<\/p>\n<h3 data-start=\"802\" data-end=\"829\">\ud83d\udc8e \u00c9rt\u00e9k\u00e9nek kiemel\u00e9se:<\/h3>\n<ul data-start=\"830\" data-end=\"1018\">\n<li data-start=\"830\" data-end=\"869\">\n<p data-start=\"832\" data-end=\"869\">Dekorat\u00edv \u00e9s funkcion\u00e1lis egyszerre<\/p>\n<\/li>\n<li data-start=\"870\" data-end=\"910\">\n<p data-start=\"872\" data-end=\"910\">Id\u0151t\u00e1ll\u00f3 mot\u00edvum (elef\u00e1nt szimb\u00f3lum)<\/p>\n<\/li>\n<li data-start=\"911\" data-end=\"946\">\n<p data-start=\"913\" data-end=\"946\">Egyedi, nem t\u00f6meggy\u00e1rtott hat\u00e1s<\/p>\n<\/li>\n<li data-start=\"947\" data-end=\"979\">\n<p data-start=\"949\" data-end=\"979\">Hangulatvil\u00e1g\u00edt\u00e1sra alkalmas<\/p>\n<\/li>\n<li data-start=\"980\" data-end=\"1018\">\n<p data-start=\"982\" data-end=\"1018\">Aj\u00e1nd\u00e9knak is k\u00fcl\u00f6nleges v\u00e1laszt\u00e1s<\/p>\n<\/li>\n<\/ul>\n<p data-start=\"1020\" data-end=\"1091\">Az ilyen jelleg\u0171 dekor\u00e1ci\u00f3s t\u00e1rgyak piaci \u00e9rt\u00e9k\u00e9t nagyban befoly\u00e1solja:<\/p>\n<ul data-start=\"1092\" data-end=\"1186\">\n<li data-start=\"1092\" data-end=\"1139\">\n<p data-start=\"1094\" data-end=\"1139\">az anyag (f\u00e9m, bronz, s\u00e1rgar\u00e9z, \u00f6ntv\u00e9ny stb.)<\/p>\n<\/li>\n<li data-start=\"1140\" data-end=\"1163\">\n<p data-start=\"1142\" data-end=\"1163\">a kidolgoz\u00e1s min\u0151s\u00e9ge<\/p>\n<\/li>\n<li data-start=\"1164\" data-end=\"1173\">\n<p data-start=\"1166\" data-end=\"1173\">a m\u00e9ret<\/p>\n<\/li>\n<li data-start=\"1174\" data-end=\"1186\">\n<p data-start=\"1176\" data-end=\"1186\">az \u00e1llapot<\/p>\n<\/li>\n<\/ul>\n<p data-start=\"1188\" data-end=\"1312\">Az elef\u00e1nt form\u00e1j\u00fa lak\u00e1sdekor\u00e1ci\u00f3k folyamatos keresletnek \u00f6rvendenek, k\u00fcl\u00f6n\u00f6sen az egzotikus, vintage \u00e9s karakteres darabok.<\/p>\n<\/div>\n<\/div>\n<\/div>\n<\/div>\n<\/div>\n<\/div>\n<\/div>\n<\/div>\n<\/div>\n<\/div>\n<\/div>\n<\/div>","protected":false},"excerpt":{"rendered":"<p>Elef\u00e1nt alak\u00fa \u00fcreges gyertyatart\u00f3, dekorat\u00edv \u00e9s hangulatos enteri\u0151r elem. Egzotikus st\u00edlus\u00fa vintage lak\u00e1sdekor\u00e1ci\u00f3, amely egyszerre szimbolikus \u00e9s eszt\u00e9tikus.<\/p>","protected":false},"featured_media":4700,"template":"","meta":[],"product_brand":[],"product_cat":[1390],"product_tag":[239,223,320,1745,329,1746],"class_list":{"0":"post-4699","1":"product","2":"type-product","3":"status-publish","4":"has-post-thumbnail","6":"product_cat-gyertyatartok","7":"product_tag-elefant","8":"product_tag-fem","9":"product_tag-gyertya","10":"product_tag-gyertya-gyertyatrto","11":"product_tag-kulonleges","12":"product_tag-ureges","13":"description-off","15":"first","16":"instock","17":"shipping-taxable","18":"purchasable","19":"product-type-simple"},"yoast_head":"<!-- This site is optimized with the Yoast SEO plugin v27.3 - https:\/\/yoast.com\/product\/yoast-seo-wordpress\/ -->\n<title>Elef\u00e1nt alak\u00fa gyertyatart\u00f3 \u2013 Vintage egzotikus lak\u00e1sdekor<\/title>\n<meta name=\"description\" content=\"Elef\u00e1nt alak\u00fa gyertyatart\u00f3 vintage st\u00edlusban. Dekorat\u00edv, egzotikus lak\u00e1sdekor\u00e1ci\u00f3, amely hangulatot \u00e9s karaktert ad b\u00e1rmely enteri\u0151rnek.\" \/>\n<meta name=\"robots\" content=\"index, follow, max-snippet:-1, max-image-preview:large, max-video-preview:-1\" \/>\n<link rel=\"canonical\" href=\"https:\/\/yupie.app\/ro\/product\/elefant-alaku-ureges-gyertyatarto\/\" \/>\n<meta property=\"og:locale\" content=\"ro_RO\" \/>\n<meta property=\"og:type\" content=\"article\" \/>\n<meta property=\"og:title\" content=\"Elef\u00e1nt alak\u00fa gyertyatart\u00f3 \u2013 Vintage egzotikus lak\u00e1sdekor\" \/>\n<meta property=\"og:description\" content=\"Elef\u00e1nt alak\u00fa gyertyatart\u00f3 vintage st\u00edlusban. Dekorat\u00edv, egzotikus lak\u00e1sdekor\u00e1ci\u00f3, amely hangulatot \u00e9s karaktert ad b\u00e1rmely enteri\u0151rnek.\" \/>\n<meta property=\"og:url\" content=\"https:\/\/yupie.app\/ro\/product\/elefant-alaku-ureges-gyertyatarto\/\" \/>\n<meta property=\"og:site_name\" content=\"yupie.app\" \/>\n<meta property=\"article:publisher\" content=\"https:\/\/www.facebook.com\/profile.php?id=100089345417295\" \/>\n<meta property=\"article:modified_time\" content=\"2026-02-27T03:43:43+00:00\" \/>\n<meta property=\"og:image\" content=\"https:\/\/yupie.app\/wp-content\/uploads\/2023\/10\/DSC03341-1024x1024.png\" \/>\n\t<meta property=\"og:image:width\" content=\"1024\" \/>\n\t<meta property=\"og:image:height\" content=\"1024\" \/>\n\t<meta property=\"og:image:type\" content=\"image\/png\" \/>\n<meta name=\"twitter:card\" content=\"summary_large_image\" \/>\n<meta name=\"twitter:label1\" content=\"Timp estimat pentru citire\" \/>\n\t<meta name=\"twitter:data1\" content=\"1 minut\" \/>\n<script type=\"application\/ld+json\" class=\"yoast-schema-graph\">{\"@context\":\"https:\\\/\\\/schema.org\",\"@graph\":[{\"@type\":\"WebPage\",\"@id\":\"https:\\\/\\\/yupie.app\\\/product\\\/elefant-alaku-ureges-gyertyatarto\\\/\",\"url\":\"https:\\\/\\\/yupie.app\\\/product\\\/elefant-alaku-ureges-gyertyatarto\\\/\",\"name\":\"Elef\u00e1nt alak\u00fa gyertyatart\u00f3 \u2013 Vintage egzotikus lak\u00e1sdekor\",\"isPartOf\":{\"@id\":\"https:\\\/\\\/yupie.app\\\/#website\"},\"primaryImageOfPage\":{\"@id\":\"https:\\\/\\\/yupie.app\\\/product\\\/elefant-alaku-ureges-gyertyatarto\\\/#primaryimage\"},\"image\":{\"@id\":\"https:\\\/\\\/yupie.app\\\/product\\\/elefant-alaku-ureges-gyertyatarto\\\/#primaryimage\"},\"thumbnailUrl\":\"https:\\\/\\\/yupie.app\\\/wp-content\\\/uploads\\\/2023\\\/10\\\/DSC03341.png\",\"datePublished\":\"2023-10-27T16:26:17+00:00\",\"dateModified\":\"2026-02-27T03:43:43+00:00\",\"description\":\"Elef\u00e1nt alak\u00fa gyertyatart\u00f3 vintage st\u00edlusban. Dekorat\u00edv, egzotikus lak\u00e1sdekor\u00e1ci\u00f3, amely hangulatot \u00e9s karaktert ad b\u00e1rmely enteri\u0151rnek.\",\"breadcrumb\":{\"@id\":\"https:\\\/\\\/yupie.app\\\/product\\\/elefant-alaku-ureges-gyertyatarto\\\/#breadcrumb\"},\"inLanguage\":\"ro-RO\",\"potentialAction\":[{\"@type\":\"ReadAction\",\"target\":[\"https:\\\/\\\/yupie.app\\\/product\\\/elefant-alaku-ureges-gyertyatarto\\\/\"]}]},{\"@type\":\"ImageObject\",\"inLanguage\":\"ro-RO\",\"@id\":\"https:\\\/\\\/yupie.app\\\/product\\\/elefant-alaku-ureges-gyertyatarto\\\/#primaryimage\",\"url\":\"https:\\\/\\\/yupie.app\\\/wp-content\\\/uploads\\\/2023\\\/10\\\/DSC03341.png\",\"contentUrl\":\"https:\\\/\\\/yupie.app\\\/wp-content\\\/uploads\\\/2023\\\/10\\\/DSC03341.png\",\"width\":2236,\"height\":2237,\"caption\":\"Dekorat\u00edv elef\u00e1nt form\u00e1j\u00fa \u00fcreges gyertyatart\u00f3, egzotikus hangulattal.\"},{\"@type\":\"BreadcrumbList\",\"@id\":\"https:\\\/\\\/yupie.app\\\/product\\\/elefant-alaku-ureges-gyertyatarto\\\/#breadcrumb\",\"itemListElement\":[{\"@type\":\"ListItem\",\"position\":1,\"name\":\"Kezd\u0151lap\",\"item\":\"https:\\\/\\\/yupie.app\\\/\"},{\"@type\":\"ListItem\",\"position\":2,\"name\":\"Katal\u00f3gus\",\"item\":\"https:\\\/\\\/yupie.app\\\/katalogus\\\/\"},{\"@type\":\"ListItem\",\"position\":3,\"name\":\"Elef\u00e1nt alak\u00fa \u00fcreges gyertyatart\u00f3 \u2013 Vintage dekor\u00e1ci\u00f3, egzotikus enteri\u0151r kieg\u00e9sz\u00edt\u0151\"}]},{\"@type\":\"WebSite\",\"@id\":\"https:\\\/\\\/yupie.app\\\/#website\",\"url\":\"https:\\\/\\\/yupie.app\\\/\",\"name\":\"yupie.app\",\"description\":\"\",\"publisher\":{\"@id\":\"https:\\\/\\\/yupie.app\\\/#organization\"},\"potentialAction\":[{\"@type\":\"SearchAction\",\"target\":{\"@type\":\"EntryPoint\",\"urlTemplate\":\"https:\\\/\\\/yupie.app\\\/?s={search_term_string}\"},\"query-input\":{\"@type\":\"PropertyValueSpecification\",\"valueRequired\":true,\"valueName\":\"search_term_string\"}}],\"inLanguage\":\"ro-RO\"},{\"@type\":\"Organization\",\"@id\":\"https:\\\/\\\/yupie.app\\\/#organization\",\"name\":\"yupie.app\",\"url\":\"https:\\\/\\\/yupie.app\\\/\",\"logo\":{\"@type\":\"ImageObject\",\"inLanguage\":\"ro-RO\",\"@id\":\"https:\\\/\\\/yupie.app\\\/#\\\/schema\\\/logo\\\/image\\\/\",\"url\":\"https:\\\/\\\/yupie.app\\\/wp-content\\\/uploads\\\/2025\\\/07\\\/cropped-uj-logo.png\",\"contentUrl\":\"https:\\\/\\\/yupie.app\\\/wp-content\\\/uploads\\\/2025\\\/07\\\/cropped-uj-logo.png\",\"width\":500,\"height\":208,\"caption\":\"yupie.app\"},\"image\":{\"@id\":\"https:\\\/\\\/yupie.app\\\/#\\\/schema\\\/logo\\\/image\\\/\"},\"sameAs\":[\"https:\\\/\\\/www.facebook.com\\\/profile.php?id=100089345417295\"]}]}<\/script>\n<!-- \/ Yoast SEO plugin. -->","yoast_head_json":{"title":"Elef\u00e1nt alak\u00fa gyertyatart\u00f3 \u2013 Vintage egzotikus lak\u00e1sdekor","description":"Elef\u00e1nt alak\u00fa gyertyatart\u00f3 vintage st\u00edlusban. Dekorat\u00edv, egzotikus lak\u00e1sdekor\u00e1ci\u00f3, amely hangulatot \u00e9s karaktert ad b\u00e1rmely enteri\u0151rnek.","robots":{"index":"index","follow":"follow","max-snippet":"max-snippet:-1","max-image-preview":"max-image-preview:large","max-video-preview":"max-video-preview:-1"},"canonical":"https:\/\/yupie.app\/ro\/product\/elefant-alaku-ureges-gyertyatarto\/","og_locale":"ro_RO","og_type":"article","og_title":"Elef\u00e1nt alak\u00fa gyertyatart\u00f3 \u2013 Vintage egzotikus lak\u00e1sdekor","og_description":"Elef\u00e1nt alak\u00fa gyertyatart\u00f3 vintage st\u00edlusban. Dekorat\u00edv, egzotikus lak\u00e1sdekor\u00e1ci\u00f3, amely hangulatot \u00e9s karaktert ad b\u00e1rmely enteri\u0151rnek.","og_url":"https:\/\/yupie.app\/ro\/product\/elefant-alaku-ureges-gyertyatarto\/","og_site_name":"yupie.app","article_publisher":"https:\/\/www.facebook.com\/profile.php?id=100089345417295","article_modified_time":"2026-02-27T03:43:43+00:00","og_image":[{"width":1024,"height":1024,"url":"https:\/\/yupie.app\/wp-content\/uploads\/2023\/10\/DSC03341-1024x1024.png","type":"image\/png"}],"twitter_card":"summary_large_image","twitter_misc":{"Timp estimat pentru citire":"1 minut"},"schema":{"@context":"https:\/\/schema.org","@graph":[{"@type":"WebPage","@id":"https:\/\/yupie.app\/product\/elefant-alaku-ureges-gyertyatarto\/","url":"https:\/\/yupie.app\/product\/elefant-alaku-ureges-gyertyatarto\/","name":"Elef\u00e1nt alak\u00fa gyertyatart\u00f3 \u2013 Vintage egzotikus lak\u00e1sdekor","isPartOf":{"@id":"https:\/\/yupie.app\/#website"},"primaryImageOfPage":{"@id":"https:\/\/yupie.app\/product\/elefant-alaku-ureges-gyertyatarto\/#primaryimage"},"image":{"@id":"https:\/\/yupie.app\/product\/elefant-alaku-ureges-gyertyatarto\/#primaryimage"},"thumbnailUrl":"https:\/\/yupie.app\/wp-content\/uploads\/2023\/10\/DSC03341.png","datePublished":"2023-10-27T16:26:17+00:00","dateModified":"2026-02-27T03:43:43+00:00","description":"Elef\u00e1nt alak\u00fa gyertyatart\u00f3 vintage st\u00edlusban. Dekorat\u00edv, egzotikus lak\u00e1sdekor\u00e1ci\u00f3, amely hangulatot \u00e9s karaktert ad b\u00e1rmely enteri\u0151rnek.","breadcrumb":{"@id":"https:\/\/yupie.app\/product\/elefant-alaku-ureges-gyertyatarto\/#breadcrumb"},"inLanguage":"ro-RO","potentialAction":[{"@type":"ReadAction","target":["https:\/\/yupie.app\/product\/elefant-alaku-ureges-gyertyatarto\/"]}]},{"@type":"ImageObject","inLanguage":"ro-RO","@id":"https:\/\/yupie.app\/product\/elefant-alaku-ureges-gyertyatarto\/#primaryimage","url":"https:\/\/yupie.app\/wp-content\/uploads\/2023\/10\/DSC03341.png","contentUrl":"https:\/\/yupie.app\/wp-content\/uploads\/2023\/10\/DSC03341.png","width":2236,"height":2237,"caption":"Dekorat\u00edv elef\u00e1nt form\u00e1j\u00fa \u00fcreges gyertyatart\u00f3, egzotikus hangulattal."},{"@type":"BreadcrumbList","@id":"https:\/\/yupie.app\/product\/elefant-alaku-ureges-gyertyatarto\/#breadcrumb","itemListElement":[{"@type":"ListItem","position":1,"name":"Kezd\u0151lap","item":"https:\/\/yupie.app\/"},{"@type":"ListItem","position":2,"name":"Katal\u00f3gus","item":"https:\/\/yupie.app\/katalogus\/"},{"@type":"ListItem","position":3,"name":"Elef\u00e1nt alak\u00fa \u00fcreges gyertyatart\u00f3 \u2013 Vintage dekor\u00e1ci\u00f3, egzotikus enteri\u0151r kieg\u00e9sz\u00edt\u0151"}]},{"@type":"WebSite","@id":"https:\/\/yupie.app\/#website","url":"https:\/\/yupie.app\/","name":"yupie.app","description":"","publisher":{"@id":"https:\/\/yupie.app\/#organization"},"potentialAction":[{"@type":"SearchAction","target":{"@type":"EntryPoint","urlTemplate":"https:\/\/yupie.app\/?s={search_term_string}"},"query-input":{"@type":"PropertyValueSpecification","valueRequired":true,"valueName":"search_term_string"}}],"inLanguage":"ro-RO"},{"@type":"Organization","@id":"https:\/\/yupie.app\/#organization","name":"yupie.app","url":"https:\/\/yupie.app\/","logo":{"@type":"ImageObject","inLanguage":"ro-RO","@id":"https:\/\/yupie.app\/#\/schema\/logo\/image\/","url":"https:\/\/yupie.app\/wp-content\/uploads\/2025\/07\/cropped-uj-logo.png","contentUrl":"https:\/\/yupie.app\/wp-content\/uploads\/2025\/07\/cropped-uj-logo.png","width":500,"height":208,"caption":"yupie.app"},"image":{"@id":"https:\/\/yupie.app\/#\/schema\/logo\/image\/"},"sameAs":["https:\/\/www.facebook.com\/profile.php?id=100089345417295"]}]}},"jetpack_sharing_enabled":true,"_links":{"self":[{"href":"https:\/\/yupie.app\/ro\/wp-json\/wp\/v2\/product\/4699","targetHints":{"allow":["GET"]}}],"collection":[{"href":"https:\/\/yupie.app\/ro\/wp-json\/wp\/v2\/product"}],"about":[{"href":"https:\/\/yupie.app\/ro\/wp-json\/wp\/v2\/types\/product"}],"version-history":[{"count":0,"href":"https:\/\/yupie.app\/ro\/wp-json\/wp\/v2\/product\/4699\/revisions"}],"wp:featuredmedia":[{"embeddable":true,"href":"https:\/\/yupie.app\/ro\/wp-json\/wp\/v2\/media\/4700"}],"wp:attachment":[{"href":"https:\/\/yupie.app\/ro\/wp-json\/wp\/v2\/media?parent=4699"}],"wp:term":[{"taxonomy":"product_brand","embeddable":true,"href":"https:\/\/yupie.app\/ro\/wp-json\/wp\/v2\/product_brand?post=4699"},{"taxonomy":"product_cat","embeddable":true,"href":"https:\/\/yupie.app\/ro\/wp-json\/wp\/v2\/product_cat?post=4699"},{"taxonomy":"product_tag","embeddable":true,"href":"https:\/\/yupie.app\/ro\/wp-json\/wp\/v2\/product_tag?post=4699"}],"curies":[{"name":"wp","href":"https:\/\/api.w.org\/{rel}","templated":true}]}}