{"id":4647,"date":"2023-10-29T16:15:26","date_gmt":"2023-10-29T14:15:26","guid":{"rendered":"https:\/\/yupie.hu\/?post_type=product&#038;p=4647"},"modified":"2026-01-06T15:51:13","modified_gmt":"2026-01-06T13:51:13","slug":"asztali-uveg-gyertyatarto","status":"publish","type":"product","link":"https:\/\/yupie.app\/ro\/product\/asztali-uveg-gyertyatarto\/","title":{"rendered":"Asztali \u00fcveg gyertyatart\u00f3 \u2013 letisztult hangulatvil\u00e1g\u00edt\u00e1s lak\u00e1sdekorhoz"},"content":{"rendered":"<p>Ez az asztali \u00fcveg gyertyatart\u00f3 kifinomult eleganci\u00e1val \u00e9s b\u00e1jjal d\u00edsz\u00edtheti az otthonod. Az \u00fcveg finom f\u00e9nye \u00e9s tisztas\u00e1ga leny\u0171g\u00f6z\u0151 l\u00e1tv\u00e1nyt ny\u00fajt, amely minden szoba atmoszf\u00e9r\u00e1j\u00e1t emeli. A tart\u00f3 kiv\u00e1l\u00f3 min\u0151s\u00e9g\u0171 \u00fcvegb\u0151l k\u00e9sz\u00fcl, amely tiszta \u00e9s f\u00e9nyes fel\u00fcletet biztos\u00edt. Az \u00fcveg gyertyatart\u00f3 st\u00edlusos \u00e9s modern megjelen\u00e9s\u00e9vel b\u00e1rmilyen enteri\u0151rt feldob, legyen sz\u00f3 nappalir\u00f3l, h\u00e1l\u00f3szob\u00e1r\u00f3l vagy \u00e9tkez\u0151r\u0151l.<\/p>\n<p>A k\u00fcl\u00f6nb\u00f6z\u0151 m\u00e9ret\u0171 \u00e9s form\u00e1j\u00fa gyerty\u00e1k k\u00f6nnyed\u00e9n elhelyezhet\u0151k benne. Az \u00fcveg gyertyatart\u00f3 egy olyan diz\u00e1jnelem, amely st\u00edlust \u00e9s \u00edzl\u00e9st sug\u00e1roz.<\/p>\n<p>Az asztali \u00fcveg gyertyatart\u00f3 nemcsak otthoni haszn\u00e1latra ide\u00e1lis, hanem kiv\u00e1l\u00f3 aj\u00e1nd\u00e9k\u00f6tlet is lehet szeretteink sz\u00e1m\u00e1ra. A csillog\u00f3 \u00fcveg \u00e9s a gyertyaf\u00e9ny \u00f6tv\u00f6zete egyed\u00fcl\u00e1ll\u00f3 atmoszf\u00e9r\u00e1t teremt, ami mindenkit leny\u0171g\u00f6z \u00e9s var\u00e1zslatoss\u00e1 teszi a k\u00f6rnyezetet. Ezzel a gyertyatart\u00f3val az otthonodat vagy b\u00e1rmelyik helyis\u00e9gedet egy pillanat alatt feldobhatod, \u00e9s egy igaz\u00e1n k\u00fcl\u00f6nleges l\u00e9gk\u00f6rt teremthetsz.<\/p>","protected":false},"excerpt":{"rendered":"<p data-start=\"1174\" data-end=\"1374\">Ez az <strong data-start=\"1180\" data-end=\"1209\">asztali \u00fcveg gyertyatart\u00f3<\/strong> letisztult \u00e9s eleg\u00e1ns kieg\u00e9sz\u00edt\u0151je b\u00e1rmely otthonnak. \u00c1ttetsz\u0151 \u00fcveg kialak\u00edt\u00e1sa finoman sz\u00f3rja a gyertyaf\u00e9ny meleg ragyog\u00e1s\u00e1t, meghitt hangulatot teremtve a t\u00e9rben.<\/p>\n<p data-start=\"1376\" data-end=\"1549\">Ide\u00e1lis \u00e9tkez\u0151asztalra, doh\u00e1nyz\u00f3asztalra, kom\u00f3dra vagy h\u00e1l\u00f3szob\u00e1ba. Minimalista megjelen\u00e9s\u00e9nek k\u00f6sz\u00f6nhet\u0151en modern, klasszikus \u00e9s skandin\u00e1v enteri\u0151rben is t\u00f6k\u00e9letesen mutat.<\/p>\n<p data-start=\"1551\" data-end=\"1565\"><strong data-start=\"1551\" data-end=\"1565\">Jellemz\u0151k:<\/strong><\/p>\n<ul data-start=\"1566\" data-end=\"1718\">\n<li data-start=\"1566\" data-end=\"1595\">\n<p data-start=\"1568\" data-end=\"1595\">Asztali \u00fcveg gyertyatart\u00f3<\/p>\n<\/li>\n<li data-start=\"1596\" data-end=\"1630\">\n<p data-start=\"1598\" data-end=\"1630\">Letisztult, minimalista design<\/p>\n<\/li>\n<li data-start=\"1631\" data-end=\"1666\">\n<p data-start=\"1633\" data-end=\"1666\">Hangulatvil\u00e1g\u00edt\u00e1s \u00e9s lak\u00e1sdekor<\/p>\n<\/li>\n<li data-start=\"1667\" data-end=\"1692\">\n<p data-start=\"1669\" data-end=\"1692\">\u00c1ttetsz\u0151 \u00fcveg kivitel<\/p>\n<\/li>\n<li data-start=\"1693\" data-end=\"1718\">\n<p data-start=\"1695\" data-end=\"1718\">Haszn\u00e1lt, j\u00f3 \u00e1llapotban<\/p>\n<\/li>\n<\/ul>\n<p data-start=\"1720\" data-end=\"1756\">\ud83d\udd6f\ufe0f Egyedi darab \u2013 limit\u00e1lt k\u00e9szlet!<\/p>\n<p>&nbsp;<\/p>","protected":false},"featured_media":4669,"template":"","meta":[],"product_brand":[],"product_cat":[1390],"product_tag":[1761,174,59,73,320,168,630,122],"class_list":{"0":"post-4647","1":"product","2":"type-product","3":"status-publish","4":"has-post-thumbnail","6":"product_cat-gyertyatartok","7":"product_tag-asztali","8":"product_tag-dekor","9":"product_tag-dekoracio","10":"product_tag-elegans","11":"product_tag-gyertya","12":"product_tag-gyertyatarto","13":"product_tag-kifinomult","14":"product_tag-uveg","15":"description-off","17":"first","18":"instock","19":"shipping-taxable","20":"purchasable","21":"product-type-simple"},"yoast_head":"<!-- This site is optimized with the Yoast SEO plugin v27.3 - https:\/\/yoast.com\/product\/yoast-seo-wordpress\/ -->\n<title>Asztali \u00fcveg gyertyatart\u00f3 \u2013 letisztult hangulatvil\u00e1g\u00edt\u00e1s lak\u00e1sdekorhoz - yupie.app<\/title>\n<meta name=\"robots\" content=\"index, follow, max-snippet:-1, max-image-preview:large, max-video-preview:-1\" \/>\n<link rel=\"canonical\" href=\"https:\/\/yupie.app\/ro\/product\/asztali-uveg-gyertyatarto\/\" \/>\n<meta property=\"og:locale\" content=\"ro_RO\" \/>\n<meta property=\"og:type\" content=\"article\" \/>\n<meta property=\"og:title\" content=\"Asztali \u00fcveg gyertyatart\u00f3 \u2013 letisztult hangulatvil\u00e1g\u00edt\u00e1s lak\u00e1sdekorhoz - yupie.app\" \/>\n<meta property=\"og:description\" content=\"Ez az asztali \u00fcveg gyertyatart\u00f3 letisztult \u00e9s eleg\u00e1ns kieg\u00e9sz\u00edt\u0151je b\u00e1rmely otthonnak. \u00c1ttetsz\u0151 \u00fcveg kialak\u00edt\u00e1sa finoman sz\u00f3rja a gyertyaf\u00e9ny meleg ragyog\u00e1s\u00e1t, meghitt hangulatot teremtve a t\u00e9rben. Ide\u00e1lis \u00e9tkez\u0151asztalra, doh\u00e1nyz\u00f3asztalra, kom\u00f3dra vagy h\u00e1l\u00f3szob\u00e1ba. Minimalista megjelen\u00e9s\u00e9nek k\u00f6sz\u00f6nhet\u0151en modern, klasszikus \u00e9s skandin\u00e1v enteri\u0151rben is t\u00f6k\u00e9letesen mutat. Jellemz\u0151k:     Asztali \u00fcveg gyertyatart\u00f3    Letisztult, minimalista design    Hangulatvil\u00e1g\u00edt\u00e1s \u00e9s lak\u00e1sdekor    \u00c1ttetsz\u0151 \u00fcveg kivitel    Haszn\u00e1lt, j\u00f3 \u00e1llapotban   \ud83d\udd6f\ufe0f Egyedi darab \u2013 limit\u00e1lt k\u00e9szlet! &nbsp;\" \/>\n<meta property=\"og:url\" content=\"https:\/\/yupie.app\/ro\/product\/asztali-uveg-gyertyatarto\/\" \/>\n<meta property=\"og:site_name\" content=\"yupie.app\" \/>\n<meta property=\"article:publisher\" content=\"https:\/\/www.facebook.com\/profile.php?id=100089345417295\" \/>\n<meta property=\"article:modified_time\" content=\"2026-01-06T13:51:13+00:00\" \/>\n<meta property=\"og:image\" content=\"https:\/\/yupie.app\/wp-content\/uploads\/2023\/10\/DSC03267-scaled.png\" \/>\n\t<meta property=\"og:image:width\" content=\"1707\" \/>\n\t<meta property=\"og:image:height\" content=\"2560\" \/>\n\t<meta property=\"og:image:type\" content=\"image\/png\" \/>\n<meta name=\"twitter:card\" content=\"summary_large_image\" \/>\n<meta name=\"twitter:label1\" content=\"Timp estimat pentru citire\" \/>\n\t<meta name=\"twitter:data1\" content=\"1 minut\" \/>\n<script type=\"application\/ld+json\" class=\"yoast-schema-graph\">{\"@context\":\"https:\\\/\\\/schema.org\",\"@graph\":[{\"@type\":\"WebPage\",\"@id\":\"https:\\\/\\\/yupie.app\\\/product\\\/asztali-uveg-gyertyatarto\\\/\",\"url\":\"https:\\\/\\\/yupie.app\\\/product\\\/asztali-uveg-gyertyatarto\\\/\",\"name\":\"Asztali \u00fcveg gyertyatart\u00f3 \u2013 letisztult hangulatvil\u00e1g\u00edt\u00e1s lak\u00e1sdekorhoz - yupie.app\",\"isPartOf\":{\"@id\":\"https:\\\/\\\/yupie.app\\\/#website\"},\"primaryImageOfPage\":{\"@id\":\"https:\\\/\\\/yupie.app\\\/product\\\/asztali-uveg-gyertyatarto\\\/#primaryimage\"},\"image\":{\"@id\":\"https:\\\/\\\/yupie.app\\\/product\\\/asztali-uveg-gyertyatarto\\\/#primaryimage\"},\"thumbnailUrl\":\"https:\\\/\\\/yupie.app\\\/wp-content\\\/uploads\\\/2023\\\/10\\\/DSC03267-scaled.png\",\"datePublished\":\"2023-10-29T14:15:26+00:00\",\"dateModified\":\"2026-01-06T13:51:13+00:00\",\"breadcrumb\":{\"@id\":\"https:\\\/\\\/yupie.app\\\/product\\\/asztali-uveg-gyertyatarto\\\/#breadcrumb\"},\"inLanguage\":\"ro-RO\",\"potentialAction\":[{\"@type\":\"ReadAction\",\"target\":[\"https:\\\/\\\/yupie.app\\\/product\\\/asztali-uveg-gyertyatarto\\\/\"]}]},{\"@type\":\"ImageObject\",\"inLanguage\":\"ro-RO\",\"@id\":\"https:\\\/\\\/yupie.app\\\/product\\\/asztali-uveg-gyertyatarto\\\/#primaryimage\",\"url\":\"https:\\\/\\\/yupie.app\\\/wp-content\\\/uploads\\\/2023\\\/10\\\/DSC03267-scaled.png\",\"contentUrl\":\"https:\\\/\\\/yupie.app\\\/wp-content\\\/uploads\\\/2023\\\/10\\\/DSC03267-scaled.png\",\"width\":1707,\"height\":2560,\"caption\":\"asztali \u00fcveg gyertyatart\u00f3\"},{\"@type\":\"BreadcrumbList\",\"@id\":\"https:\\\/\\\/yupie.app\\\/product\\\/asztali-uveg-gyertyatarto\\\/#breadcrumb\",\"itemListElement\":[{\"@type\":\"ListItem\",\"position\":1,\"name\":\"Kezd\u0151lap\",\"item\":\"https:\\\/\\\/yupie.app\\\/\"},{\"@type\":\"ListItem\",\"position\":2,\"name\":\"Katal\u00f3gus\",\"item\":\"https:\\\/\\\/yupie.app\\\/katalogus\\\/\"},{\"@type\":\"ListItem\",\"position\":3,\"name\":\"Asztali \u00fcveg gyertyatart\u00f3 \u2013 letisztult hangulatvil\u00e1g\u00edt\u00e1s lak\u00e1sdekorhoz\"}]},{\"@type\":\"WebSite\",\"@id\":\"https:\\\/\\\/yupie.app\\\/#website\",\"url\":\"https:\\\/\\\/yupie.app\\\/\",\"name\":\"yupie.app\",\"description\":\"\",\"publisher\":{\"@id\":\"https:\\\/\\\/yupie.app\\\/#organization\"},\"potentialAction\":[{\"@type\":\"SearchAction\",\"target\":{\"@type\":\"EntryPoint\",\"urlTemplate\":\"https:\\\/\\\/yupie.app\\\/?s={search_term_string}\"},\"query-input\":{\"@type\":\"PropertyValueSpecification\",\"valueRequired\":true,\"valueName\":\"search_term_string\"}}],\"inLanguage\":\"ro-RO\"},{\"@type\":\"Organization\",\"@id\":\"https:\\\/\\\/yupie.app\\\/#organization\",\"name\":\"yupie.app\",\"url\":\"https:\\\/\\\/yupie.app\\\/\",\"logo\":{\"@type\":\"ImageObject\",\"inLanguage\":\"ro-RO\",\"@id\":\"https:\\\/\\\/yupie.app\\\/#\\\/schema\\\/logo\\\/image\\\/\",\"url\":\"https:\\\/\\\/yupie.app\\\/wp-content\\\/uploads\\\/2025\\\/07\\\/cropped-uj-logo.png\",\"contentUrl\":\"https:\\\/\\\/yupie.app\\\/wp-content\\\/uploads\\\/2025\\\/07\\\/cropped-uj-logo.png\",\"width\":500,\"height\":208,\"caption\":\"yupie.app\"},\"image\":{\"@id\":\"https:\\\/\\\/yupie.app\\\/#\\\/schema\\\/logo\\\/image\\\/\"},\"sameAs\":[\"https:\\\/\\\/www.facebook.com\\\/profile.php?id=100089345417295\"]}]}<\/script>\n<!-- \/ Yoast SEO plugin. -->","yoast_head_json":{"title":"Asztali \u00fcveg gyertyatart\u00f3 \u2013 letisztult hangulatvil\u00e1g\u00edt\u00e1s lak\u00e1sdekorhoz - yupie.app","robots":{"index":"index","follow":"follow","max-snippet":"max-snippet:-1","max-image-preview":"max-image-preview:large","max-video-preview":"max-video-preview:-1"},"canonical":"https:\/\/yupie.app\/ro\/product\/asztali-uveg-gyertyatarto\/","og_locale":"ro_RO","og_type":"article","og_title":"Asztali \u00fcveg gyertyatart\u00f3 \u2013 letisztult hangulatvil\u00e1g\u00edt\u00e1s lak\u00e1sdekorhoz - yupie.app","og_description":"Ez az asztali \u00fcveg gyertyatart\u00f3 letisztult \u00e9s eleg\u00e1ns kieg\u00e9sz\u00edt\u0151je b\u00e1rmely otthonnak. \u00c1ttetsz\u0151 \u00fcveg kialak\u00edt\u00e1sa finoman sz\u00f3rja a gyertyaf\u00e9ny meleg ragyog\u00e1s\u00e1t, meghitt hangulatot teremtve a t\u00e9rben. Ide\u00e1lis \u00e9tkez\u0151asztalra, doh\u00e1nyz\u00f3asztalra, kom\u00f3dra vagy h\u00e1l\u00f3szob\u00e1ba. Minimalista megjelen\u00e9s\u00e9nek k\u00f6sz\u00f6nhet\u0151en modern, klasszikus \u00e9s skandin\u00e1v enteri\u0151rben is t\u00f6k\u00e9letesen mutat. Jellemz\u0151k:     Asztali \u00fcveg gyertyatart\u00f3    Letisztult, minimalista design    Hangulatvil\u00e1g\u00edt\u00e1s \u00e9s lak\u00e1sdekor    \u00c1ttetsz\u0151 \u00fcveg kivitel    Haszn\u00e1lt, j\u00f3 \u00e1llapotban   \ud83d\udd6f\ufe0f Egyedi darab \u2013 limit\u00e1lt k\u00e9szlet! &nbsp;","og_url":"https:\/\/yupie.app\/ro\/product\/asztali-uveg-gyertyatarto\/","og_site_name":"yupie.app","article_publisher":"https:\/\/www.facebook.com\/profile.php?id=100089345417295","article_modified_time":"2026-01-06T13:51:13+00:00","og_image":[{"width":1707,"height":2560,"url":"https:\/\/yupie.app\/wp-content\/uploads\/2023\/10\/DSC03267-scaled.png","type":"image\/png"}],"twitter_card":"summary_large_image","twitter_misc":{"Timp estimat pentru citire":"1 minut"},"schema":{"@context":"https:\/\/schema.org","@graph":[{"@type":"WebPage","@id":"https:\/\/yupie.app\/product\/asztali-uveg-gyertyatarto\/","url":"https:\/\/yupie.app\/product\/asztali-uveg-gyertyatarto\/","name":"Asztali \u00fcveg gyertyatart\u00f3 \u2013 letisztult hangulatvil\u00e1g\u00edt\u00e1s lak\u00e1sdekorhoz - yupie.app","isPartOf":{"@id":"https:\/\/yupie.app\/#website"},"primaryImageOfPage":{"@id":"https:\/\/yupie.app\/product\/asztali-uveg-gyertyatarto\/#primaryimage"},"image":{"@id":"https:\/\/yupie.app\/product\/asztali-uveg-gyertyatarto\/#primaryimage"},"thumbnailUrl":"https:\/\/yupie.app\/wp-content\/uploads\/2023\/10\/DSC03267-scaled.png","datePublished":"2023-10-29T14:15:26+00:00","dateModified":"2026-01-06T13:51:13+00:00","breadcrumb":{"@id":"https:\/\/yupie.app\/product\/asztali-uveg-gyertyatarto\/#breadcrumb"},"inLanguage":"ro-RO","potentialAction":[{"@type":"ReadAction","target":["https:\/\/yupie.app\/product\/asztali-uveg-gyertyatarto\/"]}]},{"@type":"ImageObject","inLanguage":"ro-RO","@id":"https:\/\/yupie.app\/product\/asztali-uveg-gyertyatarto\/#primaryimage","url":"https:\/\/yupie.app\/wp-content\/uploads\/2023\/10\/DSC03267-scaled.png","contentUrl":"https:\/\/yupie.app\/wp-content\/uploads\/2023\/10\/DSC03267-scaled.png","width":1707,"height":2560,"caption":"asztali \u00fcveg gyertyatart\u00f3"},{"@type":"BreadcrumbList","@id":"https:\/\/yupie.app\/product\/asztali-uveg-gyertyatarto\/#breadcrumb","itemListElement":[{"@type":"ListItem","position":1,"name":"Kezd\u0151lap","item":"https:\/\/yupie.app\/"},{"@type":"ListItem","position":2,"name":"Katal\u00f3gus","item":"https:\/\/yupie.app\/katalogus\/"},{"@type":"ListItem","position":3,"name":"Asztali \u00fcveg gyertyatart\u00f3 \u2013 letisztult hangulatvil\u00e1g\u00edt\u00e1s lak\u00e1sdekorhoz"}]},{"@type":"WebSite","@id":"https:\/\/yupie.app\/#website","url":"https:\/\/yupie.app\/","name":"yupie.app","description":"","publisher":{"@id":"https:\/\/yupie.app\/#organization"},"potentialAction":[{"@type":"SearchAction","target":{"@type":"EntryPoint","urlTemplate":"https:\/\/yupie.app\/?s={search_term_string}"},"query-input":{"@type":"PropertyValueSpecification","valueRequired":true,"valueName":"search_term_string"}}],"inLanguage":"ro-RO"},{"@type":"Organization","@id":"https:\/\/yupie.app\/#organization","name":"yupie.app","url":"https:\/\/yupie.app\/","logo":{"@type":"ImageObject","inLanguage":"ro-RO","@id":"https:\/\/yupie.app\/#\/schema\/logo\/image\/","url":"https:\/\/yupie.app\/wp-content\/uploads\/2025\/07\/cropped-uj-logo.png","contentUrl":"https:\/\/yupie.app\/wp-content\/uploads\/2025\/07\/cropped-uj-logo.png","width":500,"height":208,"caption":"yupie.app"},"image":{"@id":"https:\/\/yupie.app\/#\/schema\/logo\/image\/"},"sameAs":["https:\/\/www.facebook.com\/profile.php?id=100089345417295"]}]}},"jetpack_sharing_enabled":true,"_links":{"self":[{"href":"https:\/\/yupie.app\/ro\/wp-json\/wp\/v2\/product\/4647","targetHints":{"allow":["GET"]}}],"collection":[{"href":"https:\/\/yupie.app\/ro\/wp-json\/wp\/v2\/product"}],"about":[{"href":"https:\/\/yupie.app\/ro\/wp-json\/wp\/v2\/types\/product"}],"version-history":[{"count":0,"href":"https:\/\/yupie.app\/ro\/wp-json\/wp\/v2\/product\/4647\/revisions"}],"wp:featuredmedia":[{"embeddable":true,"href":"https:\/\/yupie.app\/ro\/wp-json\/wp\/v2\/media\/4669"}],"wp:attachment":[{"href":"https:\/\/yupie.app\/ro\/wp-json\/wp\/v2\/media?parent=4647"}],"wp:term":[{"taxonomy":"product_brand","embeddable":true,"href":"https:\/\/yupie.app\/ro\/wp-json\/wp\/v2\/product_brand?post=4647"},{"taxonomy":"product_cat","embeddable":true,"href":"https:\/\/yupie.app\/ro\/wp-json\/wp\/v2\/product_cat?post=4647"},{"taxonomy":"product_tag","embeddable":true,"href":"https:\/\/yupie.app\/ro\/wp-json\/wp\/v2\/product_tag?post=4647"}],"curies":[{"name":"wp","href":"https:\/\/api.w.org\/{rel}","templated":true}]}}