{"id":4646,"date":"2023-10-29T16:38:16","date_gmt":"2023-10-29T14:38:16","guid":{"rendered":"https:\/\/yupie.hu\/?post_type=product&#038;p=4646"},"modified":"2026-03-05T08:53:07","modified_gmt":"2026-03-05T06:53:07","slug":"fem-fali-gyertyatarto","status":"publish","type":"product","link":"https:\/\/yupie.app\/ro\/product\/fem-fali-gyertyatarto\/","title":{"rendered":"F\u00e9m fali gyertyatart\u00f3 \u2013 vintage st\u00edlus\u00fa dekor\u00e1ci\u00f3 falra"},"content":{"rendered":"<p data-start=\"919\" data-end=\"1176\">Ez a dekorat\u00edv <strong data-start=\"934\" data-end=\"959\">f\u00e9m fali gyertyatart\u00f3<\/strong> eleg\u00e1ns \u00e9s hangulatos kieg\u00e9sz\u00edt\u0151 lehet b\u00e1rmilyen enteri\u0151rben. A falra szerelhet\u0151 kialak\u00edt\u00e1s lehet\u0151v\u00e9 teszi, hogy a gyertyaf\u00e9ny k\u00fcl\u00f6nleges atmoszf\u00e9r\u00e1t teremtsen nappaliban, \u00e9tkez\u0151ben vagy ak\u00e1r egy hangulatos teraszon.<\/p>\n<p data-start=\"1178\" data-end=\"1412\">A f\u00e9m gyertyatart\u00f3k \u00e9vsz\u00e1zadok \u00f3ta jelen vannak az otthonokban, hiszen egyszerre praktikusak \u00e9s dekorat\u00edvak. A falra szerelhet\u0151 v\u00e1ltozatok k\u00fcl\u00f6n\u00f6sen n\u00e9pszer\u0171ek, mert helytakar\u00e9kos megold\u00e1st k\u00edn\u00e1lnak, mik\u00f6zben karaktert adnak a t\u00e9rnek.<\/p>\n<p data-start=\"1414\" data-end=\"1574\">Ez a darab massz\u00edv f\u00e9mb\u0151l k\u00e9sz\u00fclt, amely stabil tart\u00e1st biztos\u00edt a gyerty\u00e1nak. A klasszikus formavil\u00e1g miatt k\u00f6nnyen illeszkedik k\u00fcl\u00f6nb\u00f6z\u0151 st\u00edlus\u00fa enteri\u0151r\u00f6kbe:<\/p>\n<ul data-start=\"1576\" data-end=\"1684\">\n<li data-start=\"1576\" data-end=\"1599\">\n<p data-start=\"1578\" data-end=\"1599\">rusztikus lak\u00e1sokba<\/p>\n<\/li>\n<li data-start=\"1600\" data-end=\"1640\">\n<p data-start=\"1602\" data-end=\"1640\">vintage vagy retro hangulat\u00fa terekbe<\/p>\n<\/li>\n<li data-start=\"1641\" data-end=\"1684\">\n<p data-start=\"1643\" data-end=\"1684\">mediterr\u00e1n vagy klasszikus dekor\u00e1ci\u00f3hoz<\/p>\n<\/li>\n<\/ul>\n<p data-start=\"1686\" data-end=\"1808\">A falra szerelt gyertyatart\u00f3k k\u00fcl\u00f6n\u00f6sen sz\u00e9pen mutatnak p\u00e1ros\u00e1val, p\u00e9ld\u00e1ul egy t\u00fck\u00f6r vagy festm\u00e9ny k\u00e9t oldal\u00e1n elhelyezve.<\/p>\n<p data-start=\"1810\" data-end=\"2014\">A f\u00e9m szerkezet tart\u00f3s \u00e9s id\u0151t\u00e1ll\u00f3, ez\u00e9rt ez a t\u00e1rgy hossz\u00fa ideig haszn\u00e1lhat\u00f3 dekor\u00e1ci\u00f3k\u00e9nt. Egy ilyen gyertyatart\u00f3 nemcsak funkcion\u00e1lis vil\u00e1g\u00edt\u00e1si elem, hanem egy <strong data-start=\"1974\" data-end=\"2010\">karakteres lak\u00e1sdekor\u00e1ci\u00f3s t\u00e1rgy<\/strong> is.<\/p>","protected":false},"excerpt":{"rendered":"<p>Dekorat\u00edv <strong data-start=\"2057\" data-end=\"2082\">f\u00e9m fali gyertyatart\u00f3<\/strong>, amely vintage hangulatot visz az enteri\u0151rbe. Falra szerelhet\u0151 kialak\u00edt\u00e1sa eleg\u00e1ns \u00e9s praktikus dekor\u00e1ci\u00f3 nappaliba, \u00e9tkez\u0151be vagy teraszra.<\/p>","protected":false},"featured_media":4664,"template":"","meta":[],"product_brand":[],"product_cat":[1390],"product_tag":[174,59,1762,116,223,898,168],"class_list":{"0":"post-4646","1":"product","2":"type-product","3":"status-publish","4":"has-post-thumbnail","6":"product_cat-gyertyatartok","7":"product_tag-dekor","8":"product_tag-dekoracio","9":"product_tag-fali-gyertyatarto","10":"product_tag-fekete","11":"product_tag-fem","12":"product_tag-fembol-keszult","13":"product_tag-gyertyatarto","14":"description-off","16":"first","17":"instock","18":"shipping-taxable","19":"purchasable","20":"product-type-simple"},"yoast_head":"<!-- This site is optimized with the Yoast SEO plugin v27.3 - https:\/\/yoast.com\/product\/yoast-seo-wordpress\/ -->\n<title>F\u00e9m Fali Gyertyatart\u00f3 \u2013 Vintage Falra Szerelhet\u0151 Dekor\u00e1ci\u00f3<\/title>\n<meta name=\"description\" content=\"F\u00e9m fali gyertyatart\u00f3 vintage st\u00edlusban. Falra szerelhet\u0151 dekor\u00e1ci\u00f3, amely hangulatos f\u00e9nyt \u00e9s karaktert ad nappali vagy \u00e9tkez\u0151 enteri\u0151rnek.\" \/>\n<meta name=\"robots\" content=\"index, follow, max-snippet:-1, max-image-preview:large, max-video-preview:-1\" \/>\n<link rel=\"canonical\" href=\"https:\/\/yupie.app\/ro\/product\/fem-fali-gyertyatarto\/\" \/>\n<meta property=\"og:locale\" content=\"ro_RO\" \/>\n<meta property=\"og:type\" content=\"article\" \/>\n<meta property=\"og:title\" content=\"F\u00e9m Fali Gyertyatart\u00f3 \u2013 Vintage Falra Szerelhet\u0151 Dekor\u00e1ci\u00f3\" \/>\n<meta property=\"og:description\" content=\"F\u00e9m fali gyertyatart\u00f3 vintage st\u00edlusban. Falra szerelhet\u0151 dekor\u00e1ci\u00f3, amely hangulatos f\u00e9nyt \u00e9s karaktert ad nappali vagy \u00e9tkez\u0151 enteri\u0151rnek.\" \/>\n<meta property=\"og:url\" content=\"https:\/\/yupie.app\/ro\/product\/fem-fali-gyertyatarto\/\" \/>\n<meta property=\"og:site_name\" content=\"yupie.app\" \/>\n<meta property=\"article:publisher\" content=\"https:\/\/www.facebook.com\/profile.php?id=100089345417295\" \/>\n<meta property=\"article:modified_time\" content=\"2026-03-05T06:53:07+00:00\" \/>\n<meta property=\"og:image\" content=\"https:\/\/yupie.app\/wp-content\/uploads\/2023\/10\/DSC03277-scaled.png\" \/>\n\t<meta property=\"og:image:width\" content=\"1707\" \/>\n\t<meta property=\"og:image:height\" content=\"2560\" \/>\n\t<meta property=\"og:image:type\" content=\"image\/png\" \/>\n<meta name=\"twitter:card\" content=\"summary_large_image\" \/>\n<meta name=\"twitter:label1\" content=\"Timp estimat pentru citire\" \/>\n\t<meta name=\"twitter:data1\" content=\"1 minut\" \/>\n<script type=\"application\/ld+json\" class=\"yoast-schema-graph\">{\"@context\":\"https:\\\/\\\/schema.org\",\"@graph\":[{\"@type\":\"WebPage\",\"@id\":\"https:\\\/\\\/yupie.app\\\/product\\\/fem-fali-gyertyatarto\\\/\",\"url\":\"https:\\\/\\\/yupie.app\\\/product\\\/fem-fali-gyertyatarto\\\/\",\"name\":\"F\u00e9m Fali Gyertyatart\u00f3 \u2013 Vintage Falra Szerelhet\u0151 Dekor\u00e1ci\u00f3\",\"isPartOf\":{\"@id\":\"https:\\\/\\\/yupie.app\\\/#website\"},\"primaryImageOfPage\":{\"@id\":\"https:\\\/\\\/yupie.app\\\/product\\\/fem-fali-gyertyatarto\\\/#primaryimage\"},\"image\":{\"@id\":\"https:\\\/\\\/yupie.app\\\/product\\\/fem-fali-gyertyatarto\\\/#primaryimage\"},\"thumbnailUrl\":\"https:\\\/\\\/yupie.app\\\/wp-content\\\/uploads\\\/2023\\\/10\\\/DSC03277-scaled.png\",\"datePublished\":\"2023-10-29T14:38:16+00:00\",\"dateModified\":\"2026-03-05T06:53:07+00:00\",\"description\":\"F\u00e9m fali gyertyatart\u00f3 vintage st\u00edlusban. Falra szerelhet\u0151 dekor\u00e1ci\u00f3, amely hangulatos f\u00e9nyt \u00e9s karaktert ad nappali vagy \u00e9tkez\u0151 enteri\u0151rnek.\",\"breadcrumb\":{\"@id\":\"https:\\\/\\\/yupie.app\\\/product\\\/fem-fali-gyertyatarto\\\/#breadcrumb\"},\"inLanguage\":\"ro-RO\",\"potentialAction\":[{\"@type\":\"ReadAction\",\"target\":[\"https:\\\/\\\/yupie.app\\\/product\\\/fem-fali-gyertyatarto\\\/\"]}]},{\"@type\":\"ImageObject\",\"inLanguage\":\"ro-RO\",\"@id\":\"https:\\\/\\\/yupie.app\\\/product\\\/fem-fali-gyertyatarto\\\/#primaryimage\",\"url\":\"https:\\\/\\\/yupie.app\\\/wp-content\\\/uploads\\\/2023\\\/10\\\/DSC03277-scaled.png\",\"contentUrl\":\"https:\\\/\\\/yupie.app\\\/wp-content\\\/uploads\\\/2023\\\/10\\\/DSC03277-scaled.png\",\"width\":1707,\"height\":2560,\"caption\":\"Dekorat\u00edv f\u00e9m fali gyertyatart\u00f3 klasszikus vintage st\u00edlusban\"},{\"@type\":\"BreadcrumbList\",\"@id\":\"https:\\\/\\\/yupie.app\\\/product\\\/fem-fali-gyertyatarto\\\/#breadcrumb\",\"itemListElement\":[{\"@type\":\"ListItem\",\"position\":1,\"name\":\"Kezd\u0151lap\",\"item\":\"https:\\\/\\\/yupie.app\\\/\"},{\"@type\":\"ListItem\",\"position\":2,\"name\":\"Katal\u00f3gus\",\"item\":\"https:\\\/\\\/yupie.app\\\/katalogus\\\/\"},{\"@type\":\"ListItem\",\"position\":3,\"name\":\"F\u00e9m fali gyertyatart\u00f3 \u2013 vintage st\u00edlus\u00fa dekor\u00e1ci\u00f3 falra\"}]},{\"@type\":\"WebSite\",\"@id\":\"https:\\\/\\\/yupie.app\\\/#website\",\"url\":\"https:\\\/\\\/yupie.app\\\/\",\"name\":\"yupie.app\",\"description\":\"\",\"publisher\":{\"@id\":\"https:\\\/\\\/yupie.app\\\/#organization\"},\"potentialAction\":[{\"@type\":\"SearchAction\",\"target\":{\"@type\":\"EntryPoint\",\"urlTemplate\":\"https:\\\/\\\/yupie.app\\\/?s={search_term_string}\"},\"query-input\":{\"@type\":\"PropertyValueSpecification\",\"valueRequired\":true,\"valueName\":\"search_term_string\"}}],\"inLanguage\":\"ro-RO\"},{\"@type\":\"Organization\",\"@id\":\"https:\\\/\\\/yupie.app\\\/#organization\",\"name\":\"yupie.app\",\"url\":\"https:\\\/\\\/yupie.app\\\/\",\"logo\":{\"@type\":\"ImageObject\",\"inLanguage\":\"ro-RO\",\"@id\":\"https:\\\/\\\/yupie.app\\\/#\\\/schema\\\/logo\\\/image\\\/\",\"url\":\"https:\\\/\\\/yupie.app\\\/wp-content\\\/uploads\\\/2025\\\/07\\\/cropped-uj-logo.png\",\"contentUrl\":\"https:\\\/\\\/yupie.app\\\/wp-content\\\/uploads\\\/2025\\\/07\\\/cropped-uj-logo.png\",\"width\":500,\"height\":208,\"caption\":\"yupie.app\"},\"image\":{\"@id\":\"https:\\\/\\\/yupie.app\\\/#\\\/schema\\\/logo\\\/image\\\/\"},\"sameAs\":[\"https:\\\/\\\/www.facebook.com\\\/profile.php?id=100089345417295\"]}]}<\/script>\n<!-- \/ Yoast SEO plugin. -->","yoast_head_json":{"title":"F\u00e9m Fali Gyertyatart\u00f3 \u2013 Vintage Falra Szerelhet\u0151 Dekor\u00e1ci\u00f3","description":"F\u00e9m fali gyertyatart\u00f3 vintage st\u00edlusban. Falra szerelhet\u0151 dekor\u00e1ci\u00f3, amely hangulatos f\u00e9nyt \u00e9s karaktert ad nappali vagy \u00e9tkez\u0151 enteri\u0151rnek.","robots":{"index":"index","follow":"follow","max-snippet":"max-snippet:-1","max-image-preview":"max-image-preview:large","max-video-preview":"max-video-preview:-1"},"canonical":"https:\/\/yupie.app\/ro\/product\/fem-fali-gyertyatarto\/","og_locale":"ro_RO","og_type":"article","og_title":"F\u00e9m Fali Gyertyatart\u00f3 \u2013 Vintage Falra Szerelhet\u0151 Dekor\u00e1ci\u00f3","og_description":"F\u00e9m fali gyertyatart\u00f3 vintage st\u00edlusban. Falra szerelhet\u0151 dekor\u00e1ci\u00f3, amely hangulatos f\u00e9nyt \u00e9s karaktert ad nappali vagy \u00e9tkez\u0151 enteri\u0151rnek.","og_url":"https:\/\/yupie.app\/ro\/product\/fem-fali-gyertyatarto\/","og_site_name":"yupie.app","article_publisher":"https:\/\/www.facebook.com\/profile.php?id=100089345417295","article_modified_time":"2026-03-05T06:53:07+00:00","og_image":[{"width":1707,"height":2560,"url":"https:\/\/yupie.app\/wp-content\/uploads\/2023\/10\/DSC03277-scaled.png","type":"image\/png"}],"twitter_card":"summary_large_image","twitter_misc":{"Timp estimat pentru citire":"1 minut"},"schema":{"@context":"https:\/\/schema.org","@graph":[{"@type":"WebPage","@id":"https:\/\/yupie.app\/product\/fem-fali-gyertyatarto\/","url":"https:\/\/yupie.app\/product\/fem-fali-gyertyatarto\/","name":"F\u00e9m Fali Gyertyatart\u00f3 \u2013 Vintage Falra Szerelhet\u0151 Dekor\u00e1ci\u00f3","isPartOf":{"@id":"https:\/\/yupie.app\/#website"},"primaryImageOfPage":{"@id":"https:\/\/yupie.app\/product\/fem-fali-gyertyatarto\/#primaryimage"},"image":{"@id":"https:\/\/yupie.app\/product\/fem-fali-gyertyatarto\/#primaryimage"},"thumbnailUrl":"https:\/\/yupie.app\/wp-content\/uploads\/2023\/10\/DSC03277-scaled.png","datePublished":"2023-10-29T14:38:16+00:00","dateModified":"2026-03-05T06:53:07+00:00","description":"F\u00e9m fali gyertyatart\u00f3 vintage st\u00edlusban. Falra szerelhet\u0151 dekor\u00e1ci\u00f3, amely hangulatos f\u00e9nyt \u00e9s karaktert ad nappali vagy \u00e9tkez\u0151 enteri\u0151rnek.","breadcrumb":{"@id":"https:\/\/yupie.app\/product\/fem-fali-gyertyatarto\/#breadcrumb"},"inLanguage":"ro-RO","potentialAction":[{"@type":"ReadAction","target":["https:\/\/yupie.app\/product\/fem-fali-gyertyatarto\/"]}]},{"@type":"ImageObject","inLanguage":"ro-RO","@id":"https:\/\/yupie.app\/product\/fem-fali-gyertyatarto\/#primaryimage","url":"https:\/\/yupie.app\/wp-content\/uploads\/2023\/10\/DSC03277-scaled.png","contentUrl":"https:\/\/yupie.app\/wp-content\/uploads\/2023\/10\/DSC03277-scaled.png","width":1707,"height":2560,"caption":"Dekorat\u00edv f\u00e9m fali gyertyatart\u00f3 klasszikus vintage st\u00edlusban"},{"@type":"BreadcrumbList","@id":"https:\/\/yupie.app\/product\/fem-fali-gyertyatarto\/#breadcrumb","itemListElement":[{"@type":"ListItem","position":1,"name":"Kezd\u0151lap","item":"https:\/\/yupie.app\/"},{"@type":"ListItem","position":2,"name":"Katal\u00f3gus","item":"https:\/\/yupie.app\/katalogus\/"},{"@type":"ListItem","position":3,"name":"F\u00e9m fali gyertyatart\u00f3 \u2013 vintage st\u00edlus\u00fa dekor\u00e1ci\u00f3 falra"}]},{"@type":"WebSite","@id":"https:\/\/yupie.app\/#website","url":"https:\/\/yupie.app\/","name":"yupie.app","description":"","publisher":{"@id":"https:\/\/yupie.app\/#organization"},"potentialAction":[{"@type":"SearchAction","target":{"@type":"EntryPoint","urlTemplate":"https:\/\/yupie.app\/?s={search_term_string}"},"query-input":{"@type":"PropertyValueSpecification","valueRequired":true,"valueName":"search_term_string"}}],"inLanguage":"ro-RO"},{"@type":"Organization","@id":"https:\/\/yupie.app\/#organization","name":"yupie.app","url":"https:\/\/yupie.app\/","logo":{"@type":"ImageObject","inLanguage":"ro-RO","@id":"https:\/\/yupie.app\/#\/schema\/logo\/image\/","url":"https:\/\/yupie.app\/wp-content\/uploads\/2025\/07\/cropped-uj-logo.png","contentUrl":"https:\/\/yupie.app\/wp-content\/uploads\/2025\/07\/cropped-uj-logo.png","width":500,"height":208,"caption":"yupie.app"},"image":{"@id":"https:\/\/yupie.app\/#\/schema\/logo\/image\/"},"sameAs":["https:\/\/www.facebook.com\/profile.php?id=100089345417295"]}]}},"jetpack_sharing_enabled":true,"_links":{"self":[{"href":"https:\/\/yupie.app\/ro\/wp-json\/wp\/v2\/product\/4646","targetHints":{"allow":["GET"]}}],"collection":[{"href":"https:\/\/yupie.app\/ro\/wp-json\/wp\/v2\/product"}],"about":[{"href":"https:\/\/yupie.app\/ro\/wp-json\/wp\/v2\/types\/product"}],"version-history":[{"count":0,"href":"https:\/\/yupie.app\/ro\/wp-json\/wp\/v2\/product\/4646\/revisions"}],"wp:featuredmedia":[{"embeddable":true,"href":"https:\/\/yupie.app\/ro\/wp-json\/wp\/v2\/media\/4664"}],"wp:attachment":[{"href":"https:\/\/yupie.app\/ro\/wp-json\/wp\/v2\/media?parent=4646"}],"wp:term":[{"taxonomy":"product_brand","embeddable":true,"href":"https:\/\/yupie.app\/ro\/wp-json\/wp\/v2\/product_brand?post=4646"},{"taxonomy":"product_cat","embeddable":true,"href":"https:\/\/yupie.app\/ro\/wp-json\/wp\/v2\/product_cat?post=4646"},{"taxonomy":"product_tag","embeddable":true,"href":"https:\/\/yupie.app\/ro\/wp-json\/wp\/v2\/product_tag?post=4646"}],"curies":[{"name":"wp","href":"https:\/\/api.w.org\/{rel}","templated":true}]}}