{"id":396,"date":"2023-01-26T13:56:28","date_gmt":"2023-01-26T11:56:28","guid":{"rendered":"https:\/\/yupie.hu\/?post_type=product&#038;p=396"},"modified":"2026-01-06T14:17:35","modified_gmt":"2026-01-06T12:17:35","slug":"retro-allolampa-padlolampa","status":"publish","type":"product","link":"https:\/\/yupie.app\/ro\/product\/retro-allolampa-padlolampa\/","title":{"rendered":"Retr\u00f3 \u00e1ll\u00f3l\u00e1mpa"},"content":{"rendered":"<p>A retro \u00e1ll\u00f3l\u00e1mpa egy igaz\u00e1n k\u00fcl\u00f6nleges \u00e9s egyedi darab, amely t\u00f6k\u00e9letesen illeszkedik a vintage vagy retro st\u00edlus\u00fa otthonokba. A l\u00e1mpa kialak\u00edt\u00e1sa olyan, mint egy r\u00e9gi, klasszikus f\u00e9nyforr\u00e1s, amelyet a m\u00falt sz\u00e1zadban haszn\u00e1ltak. A l\u00e1mpatest egy klasszikus, g\u00f6mb alak\u00fa form\u00e1ban k\u00e9sz\u00fclt, amelyet egy eleg\u00e1ns, f\u00e9m p\u00e1nt tart.<\/p>\n<p>A l\u00e1mpa f\u00e9nye meleg \u00e9s meghitt, ami t\u00f6k\u00e9letes a relax\u00e1ci\u00f3hoz \u00e9s a pihen\u00e9shez. A l\u00e1mp\u00e1n tal\u00e1lhat\u00f3 egy kapcsol\u00f3, \u00edgy a l\u00e1mpa t\u00f6k\u00e9letesen alkalmas az \u00e9jszakai olvas\u00e1shoz vagy a t\u00e9v\u00e9z\u00e9shez.<\/p>","protected":false},"excerpt":{"rendered":"<p>A retro \u00e9jszakai \u00e1ll\u00f3l\u00e1mpa egy olyan darab, ami a r\u00e9gi id\u0151k st\u00edlus\u00e1t hozza vissza a modern id\u0151kbe. A l\u00e1mpa teste egy klasszikus, vintage diz\u00e1jnnal rendelkezik, ami a f\u00e9m \u00e9s a fa anyagokat haszn\u00e1lja. A l\u00e1mpa \u00e1ll\u00edthat\u00f3 magass\u00e1ga \u00e9s a karja lehet\u0151v\u00e9 teszi, hogy az \u00e9ppen sz\u00fcks\u00e9ges f\u00e9nyt a k\u00edv\u00e1nt helyre ir\u00e1ny\u00edtsa. A retro \u00e9jszakai \u00e1ll\u00f3l\u00e1mpa t\u00f6k\u00e9letes v\u00e1laszt\u00e1s lehet azoknak, akik szeretik a r\u00e9gi id\u0151k st\u00edlus\u00e1t, \u00e9s szeretik megteremteni a meleg \u00e9s meghitt hangulatot az otthonukban.<\/p>\n<p>M\u00e9retek: 180 cm<\/p>","protected":false},"featured_media":406,"template":"","meta":[],"product_brand":[],"product_cat":[1383],"product_tag":[81,77,72,83,74,50],"class_list":{"0":"post-396","1":"product","2":"type-product","3":"status-publish","4":"has-post-thumbnail","6":"product_cat-lampak-elektronika","7":"product_tag-allolampa","8":"product_tag-fa","9":"product_tag-kenyelmes","10":"product_tag-retro","11":"product_tag-stilusos","12":"product_tag-vintage","13":"description-off","15":"first","16":"instock","17":"shipping-taxable","18":"purchasable","19":"product-type-simple"},"yoast_head":"<!-- This site is optimized with the Yoast SEO plugin v27.3 - https:\/\/yoast.com\/product\/yoast-seo-wordpress\/ -->\n<title>Retr\u00f3 \u00e1ll\u00f3l\u00e1mpa - yupie.app<\/title>\n<meta name=\"description\" content=\"A retro \u00e1ll\u00f3l\u00e1mpa egy igaz\u00e1n k\u00fcl\u00f6nleges \u00e9s egyedi darab, amely t\u00f6k\u00e9letesen illeszkedik a vintage vagy retro st\u00edlus\u00fa otthonokba.\" \/>\n<meta name=\"robots\" content=\"index, follow, max-snippet:-1, max-image-preview:large, max-video-preview:-1\" \/>\n<link rel=\"canonical\" href=\"https:\/\/yupie.app\/ro\/product\/retro-allolampa-padlolampa\/\" \/>\n<meta property=\"og:locale\" content=\"ro_RO\" \/>\n<meta property=\"og:type\" content=\"article\" \/>\n<meta property=\"og:title\" content=\"Retr\u00f3 \u00e1ll\u00f3l\u00e1mpa - yupie.app\" \/>\n<meta property=\"og:description\" content=\"A retro \u00e1ll\u00f3l\u00e1mpa egy igaz\u00e1n k\u00fcl\u00f6nleges \u00e9s egyedi darab, amely t\u00f6k\u00e9letesen illeszkedik a vintage vagy retro st\u00edlus\u00fa otthonokba.\" \/>\n<meta property=\"og:url\" content=\"https:\/\/yupie.app\/ro\/product\/retro-allolampa-padlolampa\/\" \/>\n<meta property=\"og:site_name\" content=\"yupie.app\" \/>\n<meta property=\"article:publisher\" content=\"https:\/\/www.facebook.com\/profile.php?id=100089345417295\" \/>\n<meta property=\"article:modified_time\" content=\"2026-01-06T12:17:35+00:00\" \/>\n<meta property=\"og:image\" content=\"https:\/\/yupie.app\/wp-content\/uploads\/2023\/01\/lampa-333.png\" \/>\n\t<meta property=\"og:image:width\" content=\"780\" \/>\n\t<meta property=\"og:image:height\" content=\"1040\" \/>\n\t<meta property=\"og:image:type\" content=\"image\/png\" \/>\n<meta name=\"twitter:card\" content=\"summary_large_image\" \/>\n<meta name=\"twitter:label1\" content=\"Timp estimat pentru citire\" \/>\n\t<meta name=\"twitter:data1\" content=\"1 minut\" \/>\n<script type=\"application\/ld+json\" class=\"yoast-schema-graph\">{\"@context\":\"https:\\\/\\\/schema.org\",\"@graph\":[{\"@type\":\"WebPage\",\"@id\":\"https:\\\/\\\/yupie.app\\\/product\\\/retro-allolampa-padlolampa\\\/\",\"url\":\"https:\\\/\\\/yupie.app\\\/product\\\/retro-allolampa-padlolampa\\\/\",\"name\":\"Retr\u00f3 \u00e1ll\u00f3l\u00e1mpa - yupie.app\",\"isPartOf\":{\"@id\":\"https:\\\/\\\/yupie.app\\\/#website\"},\"primaryImageOfPage\":{\"@id\":\"https:\\\/\\\/yupie.app\\\/product\\\/retro-allolampa-padlolampa\\\/#primaryimage\"},\"image\":{\"@id\":\"https:\\\/\\\/yupie.app\\\/product\\\/retro-allolampa-padlolampa\\\/#primaryimage\"},\"thumbnailUrl\":\"https:\\\/\\\/yupie.app\\\/wp-content\\\/uploads\\\/2023\\\/01\\\/lampa-333.png\",\"datePublished\":\"2023-01-26T11:56:28+00:00\",\"dateModified\":\"2026-01-06T12:17:35+00:00\",\"description\":\"A retro \u00e1ll\u00f3l\u00e1mpa egy igaz\u00e1n k\u00fcl\u00f6nleges \u00e9s egyedi darab, amely t\u00f6k\u00e9letesen illeszkedik a vintage vagy retro st\u00edlus\u00fa otthonokba.\",\"breadcrumb\":{\"@id\":\"https:\\\/\\\/yupie.app\\\/product\\\/retro-allolampa-padlolampa\\\/#breadcrumb\"},\"inLanguage\":\"ro-RO\",\"potentialAction\":[{\"@type\":\"ReadAction\",\"target\":[\"https:\\\/\\\/yupie.app\\\/product\\\/retro-allolampa-padlolampa\\\/\"]}]},{\"@type\":\"ImageObject\",\"inLanguage\":\"ro-RO\",\"@id\":\"https:\\\/\\\/yupie.app\\\/product\\\/retro-allolampa-padlolampa\\\/#primaryimage\",\"url\":\"https:\\\/\\\/yupie.app\\\/wp-content\\\/uploads\\\/2023\\\/01\\\/lampa-333.png\",\"contentUrl\":\"https:\\\/\\\/yupie.app\\\/wp-content\\\/uploads\\\/2023\\\/01\\\/lampa-333.png\",\"width\":780,\"height\":1040,\"caption\":\"retro antik \u00e1ll\u00f3l\u00e1mpa st\u00edlusos fa yupie\"},{\"@type\":\"BreadcrumbList\",\"@id\":\"https:\\\/\\\/yupie.app\\\/product\\\/retro-allolampa-padlolampa\\\/#breadcrumb\",\"itemListElement\":[{\"@type\":\"ListItem\",\"position\":1,\"name\":\"Kezd\u0151lap\",\"item\":\"https:\\\/\\\/yupie.app\\\/\"},{\"@type\":\"ListItem\",\"position\":2,\"name\":\"Katal\u00f3gus\",\"item\":\"https:\\\/\\\/yupie.app\\\/katalogus\\\/\"},{\"@type\":\"ListItem\",\"position\":3,\"name\":\"Retr\u00f3 \u00e1ll\u00f3l\u00e1mpa\"}]},{\"@type\":\"WebSite\",\"@id\":\"https:\\\/\\\/yupie.app\\\/#website\",\"url\":\"https:\\\/\\\/yupie.app\\\/\",\"name\":\"yupie.app\",\"description\":\"\",\"publisher\":{\"@id\":\"https:\\\/\\\/yupie.app\\\/#organization\"},\"potentialAction\":[{\"@type\":\"SearchAction\",\"target\":{\"@type\":\"EntryPoint\",\"urlTemplate\":\"https:\\\/\\\/yupie.app\\\/?s={search_term_string}\"},\"query-input\":{\"@type\":\"PropertyValueSpecification\",\"valueRequired\":true,\"valueName\":\"search_term_string\"}}],\"inLanguage\":\"ro-RO\"},{\"@type\":\"Organization\",\"@id\":\"https:\\\/\\\/yupie.app\\\/#organization\",\"name\":\"yupie.app\",\"url\":\"https:\\\/\\\/yupie.app\\\/\",\"logo\":{\"@type\":\"ImageObject\",\"inLanguage\":\"ro-RO\",\"@id\":\"https:\\\/\\\/yupie.app\\\/#\\\/schema\\\/logo\\\/image\\\/\",\"url\":\"https:\\\/\\\/yupie.app\\\/wp-content\\\/uploads\\\/2025\\\/07\\\/cropped-uj-logo.png\",\"contentUrl\":\"https:\\\/\\\/yupie.app\\\/wp-content\\\/uploads\\\/2025\\\/07\\\/cropped-uj-logo.png\",\"width\":500,\"height\":208,\"caption\":\"yupie.app\"},\"image\":{\"@id\":\"https:\\\/\\\/yupie.app\\\/#\\\/schema\\\/logo\\\/image\\\/\"},\"sameAs\":[\"https:\\\/\\\/www.facebook.com\\\/profile.php?id=100089345417295\"]}]}<\/script>\n<!-- \/ Yoast SEO plugin. -->","yoast_head_json":{"title":"Retr\u00f3 \u00e1ll\u00f3l\u00e1mpa - yupie.app","description":"A retro \u00e1ll\u00f3l\u00e1mpa egy igaz\u00e1n k\u00fcl\u00f6nleges \u00e9s egyedi darab, amely t\u00f6k\u00e9letesen illeszkedik a vintage vagy retro st\u00edlus\u00fa otthonokba.","robots":{"index":"index","follow":"follow","max-snippet":"max-snippet:-1","max-image-preview":"max-image-preview:large","max-video-preview":"max-video-preview:-1"},"canonical":"https:\/\/yupie.app\/ro\/product\/retro-allolampa-padlolampa\/","og_locale":"ro_RO","og_type":"article","og_title":"Retr\u00f3 \u00e1ll\u00f3l\u00e1mpa - yupie.app","og_description":"A retro \u00e1ll\u00f3l\u00e1mpa egy igaz\u00e1n k\u00fcl\u00f6nleges \u00e9s egyedi darab, amely t\u00f6k\u00e9letesen illeszkedik a vintage vagy retro st\u00edlus\u00fa otthonokba.","og_url":"https:\/\/yupie.app\/ro\/product\/retro-allolampa-padlolampa\/","og_site_name":"yupie.app","article_publisher":"https:\/\/www.facebook.com\/profile.php?id=100089345417295","article_modified_time":"2026-01-06T12:17:35+00:00","og_image":[{"width":780,"height":1040,"url":"https:\/\/yupie.app\/wp-content\/uploads\/2023\/01\/lampa-333.png","type":"image\/png"}],"twitter_card":"summary_large_image","twitter_misc":{"Timp estimat pentru citire":"1 minut"},"schema":{"@context":"https:\/\/schema.org","@graph":[{"@type":"WebPage","@id":"https:\/\/yupie.app\/product\/retro-allolampa-padlolampa\/","url":"https:\/\/yupie.app\/product\/retro-allolampa-padlolampa\/","name":"Retr\u00f3 \u00e1ll\u00f3l\u00e1mpa - yupie.app","isPartOf":{"@id":"https:\/\/yupie.app\/#website"},"primaryImageOfPage":{"@id":"https:\/\/yupie.app\/product\/retro-allolampa-padlolampa\/#primaryimage"},"image":{"@id":"https:\/\/yupie.app\/product\/retro-allolampa-padlolampa\/#primaryimage"},"thumbnailUrl":"https:\/\/yupie.app\/wp-content\/uploads\/2023\/01\/lampa-333.png","datePublished":"2023-01-26T11:56:28+00:00","dateModified":"2026-01-06T12:17:35+00:00","description":"A retro \u00e1ll\u00f3l\u00e1mpa egy igaz\u00e1n k\u00fcl\u00f6nleges \u00e9s egyedi darab, amely t\u00f6k\u00e9letesen illeszkedik a vintage vagy retro st\u00edlus\u00fa otthonokba.","breadcrumb":{"@id":"https:\/\/yupie.app\/product\/retro-allolampa-padlolampa\/#breadcrumb"},"inLanguage":"ro-RO","potentialAction":[{"@type":"ReadAction","target":["https:\/\/yupie.app\/product\/retro-allolampa-padlolampa\/"]}]},{"@type":"ImageObject","inLanguage":"ro-RO","@id":"https:\/\/yupie.app\/product\/retro-allolampa-padlolampa\/#primaryimage","url":"https:\/\/yupie.app\/wp-content\/uploads\/2023\/01\/lampa-333.png","contentUrl":"https:\/\/yupie.app\/wp-content\/uploads\/2023\/01\/lampa-333.png","width":780,"height":1040,"caption":"retro antik \u00e1ll\u00f3l\u00e1mpa st\u00edlusos fa yupie"},{"@type":"BreadcrumbList","@id":"https:\/\/yupie.app\/product\/retro-allolampa-padlolampa\/#breadcrumb","itemListElement":[{"@type":"ListItem","position":1,"name":"Kezd\u0151lap","item":"https:\/\/yupie.app\/"},{"@type":"ListItem","position":2,"name":"Katal\u00f3gus","item":"https:\/\/yupie.app\/katalogus\/"},{"@type":"ListItem","position":3,"name":"Retr\u00f3 \u00e1ll\u00f3l\u00e1mpa"}]},{"@type":"WebSite","@id":"https:\/\/yupie.app\/#website","url":"https:\/\/yupie.app\/","name":"yupie.app","description":"","publisher":{"@id":"https:\/\/yupie.app\/#organization"},"potentialAction":[{"@type":"SearchAction","target":{"@type":"EntryPoint","urlTemplate":"https:\/\/yupie.app\/?s={search_term_string}"},"query-input":{"@type":"PropertyValueSpecification","valueRequired":true,"valueName":"search_term_string"}}],"inLanguage":"ro-RO"},{"@type":"Organization","@id":"https:\/\/yupie.app\/#organization","name":"yupie.app","url":"https:\/\/yupie.app\/","logo":{"@type":"ImageObject","inLanguage":"ro-RO","@id":"https:\/\/yupie.app\/#\/schema\/logo\/image\/","url":"https:\/\/yupie.app\/wp-content\/uploads\/2025\/07\/cropped-uj-logo.png","contentUrl":"https:\/\/yupie.app\/wp-content\/uploads\/2025\/07\/cropped-uj-logo.png","width":500,"height":208,"caption":"yupie.app"},"image":{"@id":"https:\/\/yupie.app\/#\/schema\/logo\/image\/"},"sameAs":["https:\/\/www.facebook.com\/profile.php?id=100089345417295"]}]}},"jetpack_sharing_enabled":true,"_links":{"self":[{"href":"https:\/\/yupie.app\/ro\/wp-json\/wp\/v2\/product\/396","targetHints":{"allow":["GET"]}}],"collection":[{"href":"https:\/\/yupie.app\/ro\/wp-json\/wp\/v2\/product"}],"about":[{"href":"https:\/\/yupie.app\/ro\/wp-json\/wp\/v2\/types\/product"}],"version-history":[{"count":0,"href":"https:\/\/yupie.app\/ro\/wp-json\/wp\/v2\/product\/396\/revisions"}],"wp:featuredmedia":[{"embeddable":true,"href":"https:\/\/yupie.app\/ro\/wp-json\/wp\/v2\/media\/406"}],"wp:attachment":[{"href":"https:\/\/yupie.app\/ro\/wp-json\/wp\/v2\/media?parent=396"}],"wp:term":[{"taxonomy":"product_brand","embeddable":true,"href":"https:\/\/yupie.app\/ro\/wp-json\/wp\/v2\/product_brand?post=396"},{"taxonomy":"product_cat","embeddable":true,"href":"https:\/\/yupie.app\/ro\/wp-json\/wp\/v2\/product_cat?post=396"},{"taxonomy":"product_tag","embeddable":true,"href":"https:\/\/yupie.app\/ro\/wp-json\/wp\/v2\/product_tag?post=396"}],"curies":[{"name":"wp","href":"https:\/\/api.w.org\/{rel}","templated":true}]}}