{"id":391,"date":"2023-01-25T17:02:48","date_gmt":"2023-01-25T15:02:48","guid":{"rendered":"https:\/\/yupie.hu\/?post_type=product&#038;p=391"},"modified":"2026-01-06T07:52:53","modified_gmt":"2026-01-06T05:52:53","slug":"vintage-fa-keretes-bor-ulogarnitura-elegans","status":"publish","type":"product","link":"https:\/\/yupie.app\/ro\/product\/vintage-fa-keretes-bor-ulogarnitura-elegans\/","title":{"rendered":"Vintage fa keretes b\u0151r \u00fcl\u0151garnit\u00fara"},"content":{"rendered":"<div class=\"flex-1 overflow-hidden\">\n<div class=\"react-scroll-to-bottom--css-hvydx-79elbk h-full dark:bg-gray-800\">\n<div class=\"react-scroll-to-bottom--css-hvydx-1n7m0yu\">\n<div class=\"flex flex-col items-center text-sm h-full dark:bg-gray-800\">\n<div class=\"w-full border-b border-black\/10 dark:border-gray-900\/50 text-gray-800 dark:text-gray-100 group bg-gray-50 dark:bg-[#444654]\">\n<div class=\"text-base gap-4 md:gap-6 m-auto md:max-w-2xl lg:max-w-2xl xl:max-w-3xl p-4 md:py-6 flex lg:px-0\">\n<div class=\"relative flex w-[calc(100%-50px)] md:flex-col lg:w-[calc(100%-115px)]\">\n<div class=\"flex flex-grow flex-col gap-3\">\n<div class=\"min-h-[20px] flex flex-col items-start gap-4 whitespace-pre-wrap\">\n<div class=\"markdown prose w-full break-words dark:prose-invert light\">\n<p>A Vintage fa keretes b\u0151r \u00fcl\u0151garnit\u00fara olyan b\u00fator darab, amely az otthonunkban igazi d\u00edszt\u00e1rggy\u00e1 v\u00e1lhat. A f\u00e1b\u00f3l k\u00e9sz\u00fclt keret egyszerre mutatja meg a b\u00fator darab t\u00f6rt\u00e9nelm\u00e9t \u00e9s a modernit\u00e1st, mik\u00f6zben a b\u0151r anyagot haszn\u00e1lva egyszerre eleg\u00e1ns \u00e9s praktikus is.<\/p>\n<p>A kanap\u00e9 t\u00f6k\u00e9letes v\u00e1laszt\u00e1s lehet a retro st\u00edlus\u00fa otthonokba, de azok sz\u00e1m\u00e1ra is, akik szeretik a klasszikus darabokat, melyeket \u00f6r\u00f6k id\u0151kig haszn\u00e1lhatnak. A b\u0151r anyag k\u00e9nyelmes \u00e9s k\u00f6nnyen tiszt\u00edthat\u00f3, \u00edgy a kanap\u00e9 hossz\u00fa ideig meg\u0151rzi eredeti \u00e1llapot\u00e1t.<\/p>\n<p>A Vintage fa keretes b\u0151r \u00fcl\u0151garnit\u00fara kiv\u00e1l\u00f3 v\u00e1laszt\u00e1s lehet a nappaliba, de ak\u00e1r a h\u00e1l\u00f3szob\u00e1ba is, hiszen a vintage st\u00edlus\u00fa darabok mindig j\u00f3l mutatnak b\u00e1rmely helyis\u00e9gben. A kanap\u00e9 \u00f6sszeszerel\u00e9se k\u00f6nny\u0171 \u00e9s gyors, \u00edgy hamarosan \u00e9lvezhetj\u00fck a k\u00e9nyelm\u00e9t \u00e9s az eleganci\u00e1j\u00e1t.<\/p>\n<p>\u00d6sszess\u00e9g\u00e9ben a vintage st\u00edlus\u00fa f\u00e1b\u00f3l k\u00e9sz\u00fclt keretes b\u0151r kanap\u00e9 egy igazi klasszikus darab, amely k\u00e9nyelmes \u00e9s eleg\u00e1ns, valamint hossz\u00fa ideig meg\u0151rzi eredeti \u00e1llapot\u00e1t. Ide\u00e1lis v\u00e1laszt\u00e1s lehet azok sz\u00e1m\u00e1ra, akik szeretik a retro st\u00edlust \u00e9s a klasszikus darabokat.<\/p>\n<\/div>\n<\/div>\n<\/div>\n<div class=\"text-gray-400 flex self-end lg:self-center justify-center mt-2 gap-4 lg:gap-1 lg:absolute lg:top-0 lg:translate-x-full lg:right-0 lg:mt-0 lg:pl-2 visible\"><\/div>\n<\/div>\n<\/div>\n<\/div>\n<div class=\"w-full h-48 flex-shrink-0\"><\/div>\n<\/div>\n<p>&nbsp;<\/p>\n<\/div>\n<\/div>\n<\/div>\n<div class=\"absolute bottom-0 left-0 w-full border-t md:border-t-0 dark:border-white\/20 md:border-transparent md:dark:border-transparent md:bg-vert-light-gradient bg-white dark:bg-gray-800 md:!bg-transparent dark:md:bg-vert-dark-gradient\">\n<form class=\"stretch mx-2 flex flex-row gap-3 pt-2 last:mb-2 md:last:mb-6 lg:mx-auto lg:max-w-3xl lg:pt-6\" action=\"\">\n<div class=\"relative flex h-full flex-1 md:flex-col\">\n<div class=\"ml-1 mt-1.5 md:w-full md:m-auto md:flex md:mb-2 gap-2 justify-center\"><\/div>\n<div class=\"flex flex-col w-full py-2 flex-grow md:py-3 md:pl-4 relative border border-black\/10 bg-white dark:border-gray-900\/50 dark:text-white dark:bg-gray-700 rounded-md shadow-[0_0_10px_rgba(0,0,0,0.10)] dark:shadow-[0_0_15px_rgba(0,0,0,0.10)]\"><\/div>\n<\/div>\n<input type=\"hidden\" name=\"trp-form-language\" value=\"ro\"\/><\/form>\n<\/div>","protected":false},"excerpt":{"rendered":"<p>A Vintage fa keretes b\u0151r \u00fcl\u0151garnit\u00fara egy igazi darabja a st\u00edlusos \u00e9s eleg\u00e1ns berendez\u00e9snek. Min\u0151s\u00e9gi b\u0151r anyagb\u00f3l k\u00e9sz\u00fclt, ami \u00f6r\u00f6k \u00e9rt\u00e9knek sz\u00e1m\u00edt. A k\u00e9nyelmes \u00fcl\u0151fel\u00fclet \u00e9s a klasszikus forma garant\u00e1lja a t\u00f6k\u00e9letes otthoni relax\u00e1ci\u00f3t.<\/p>","protected":false},"featured_media":392,"template":"","meta":[],"product_brand":[],"product_cat":[40],"product_tag":[69,73,78,79,70,72,74,80,50],"class_list":{"0":"post-391","1":"product","2":"type-product","3":"status-publish","4":"has-post-thumbnail","6":"product_cat-butorok","7":"product_tag-bor","8":"product_tag-elegans","9":"product_tag-fa-keretes","10":"product_tag-fotel","11":"product_tag-kanape","12":"product_tag-kenyelmes","13":"product_tag-stilusos","14":"product_tag-ulogarnitura","15":"product_tag-vintage","16":"description-off","18":"first","19":"instock","20":"shipping-taxable","21":"purchasable","22":"product-type-simple"},"yoast_head":"<!-- This site is optimized with the Yoast SEO plugin v27.3 - https:\/\/yoast.com\/product\/yoast-seo-wordpress\/ -->\n<title>Vintage fa keretes b\u0151r \u00fcl\u0151garnit\u00fara - yupie.app<\/title>\n<meta name=\"description\" content=\"A Vintage fa keretes b\u0151r \u00fcl\u0151garnit\u00fara egy igazi klasszikus darab, amely k\u00e9nyelmes \u00e9s eleg\u00e1ns, valamint hossz\u00fa ideig meg\u0151rzi eredeti \u00e1llapot\u00e1t.\" \/>\n<meta name=\"robots\" content=\"index, follow, max-snippet:-1, max-image-preview:large, max-video-preview:-1\" \/>\n<link rel=\"canonical\" href=\"https:\/\/yupie.app\/ro\/product\/vintage-fa-keretes-bor-ulogarnitura-elegans\/\" \/>\n<meta property=\"og:locale\" content=\"ro_RO\" \/>\n<meta property=\"og:type\" content=\"article\" \/>\n<meta property=\"og:title\" content=\"Vintage fa keretes b\u0151r \u00fcl\u0151garnit\u00fara - yupie.app\" \/>\n<meta property=\"og:description\" content=\"A Vintage fa keretes b\u0151r \u00fcl\u0151garnit\u00fara egy igazi klasszikus darab, amely k\u00e9nyelmes \u00e9s eleg\u00e1ns, valamint hossz\u00fa ideig meg\u0151rzi eredeti \u00e1llapot\u00e1t.\" \/>\n<meta property=\"og:url\" content=\"https:\/\/yupie.app\/ro\/product\/vintage-fa-keretes-bor-ulogarnitura-elegans\/\" \/>\n<meta property=\"og:site_name\" content=\"yupie.app\" \/>\n<meta property=\"article:publisher\" content=\"https:\/\/www.facebook.com\/profile.php?id=100089345417295\" \/>\n<meta property=\"article:modified_time\" content=\"2026-01-06T05:52:53+00:00\" \/>\n<meta property=\"og:image\" content=\"https:\/\/yupie.app\/wp-content\/uploads\/2023\/01\/1674395845453-1.png\" \/>\n\t<meta property=\"og:image:width\" content=\"1040\" \/>\n\t<meta property=\"og:image:height\" content=\"780\" \/>\n\t<meta property=\"og:image:type\" content=\"image\/png\" \/>\n<meta name=\"twitter:card\" content=\"summary_large_image\" \/>\n<meta name=\"twitter:label1\" content=\"Timp estimat pentru citire\" \/>\n\t<meta name=\"twitter:data1\" content=\"2 minute\" \/>\n<script type=\"application\/ld+json\" class=\"yoast-schema-graph\">{\"@context\":\"https:\\\/\\\/schema.org\",\"@graph\":[{\"@type\":\"WebPage\",\"@id\":\"https:\\\/\\\/yupie.app\\\/product\\\/vintage-fa-keretes-bor-ulogarnitura-elegans\\\/\",\"url\":\"https:\\\/\\\/yupie.app\\\/product\\\/vintage-fa-keretes-bor-ulogarnitura-elegans\\\/\",\"name\":\"Vintage fa keretes b\u0151r \u00fcl\u0151garnit\u00fara - yupie.app\",\"isPartOf\":{\"@id\":\"https:\\\/\\\/yupie.app\\\/#website\"},\"primaryImageOfPage\":{\"@id\":\"https:\\\/\\\/yupie.app\\\/product\\\/vintage-fa-keretes-bor-ulogarnitura-elegans\\\/#primaryimage\"},\"image\":{\"@id\":\"https:\\\/\\\/yupie.app\\\/product\\\/vintage-fa-keretes-bor-ulogarnitura-elegans\\\/#primaryimage\"},\"thumbnailUrl\":\"https:\\\/\\\/yupie.app\\\/wp-content\\\/uploads\\\/2023\\\/01\\\/1674395845453-1.png\",\"datePublished\":\"2023-01-25T15:02:48+00:00\",\"dateModified\":\"2026-01-06T05:52:53+00:00\",\"description\":\"A Vintage fa keretes b\u0151r \u00fcl\u0151garnit\u00fara egy igazi klasszikus darab, amely k\u00e9nyelmes \u00e9s eleg\u00e1ns, valamint hossz\u00fa ideig meg\u0151rzi eredeti \u00e1llapot\u00e1t.\",\"breadcrumb\":{\"@id\":\"https:\\\/\\\/yupie.app\\\/product\\\/vintage-fa-keretes-bor-ulogarnitura-elegans\\\/#breadcrumb\"},\"inLanguage\":\"ro-RO\",\"potentialAction\":[{\"@type\":\"ReadAction\",\"target\":[\"https:\\\/\\\/yupie.app\\\/product\\\/vintage-fa-keretes-bor-ulogarnitura-elegans\\\/\"]}]},{\"@type\":\"ImageObject\",\"inLanguage\":\"ro-RO\",\"@id\":\"https:\\\/\\\/yupie.app\\\/product\\\/vintage-fa-keretes-bor-ulogarnitura-elegans\\\/#primaryimage\",\"url\":\"https:\\\/\\\/yupie.app\\\/wp-content\\\/uploads\\\/2023\\\/01\\\/1674395845453-1.png\",\"contentUrl\":\"https:\\\/\\\/yupie.app\\\/wp-content\\\/uploads\\\/2023\\\/01\\\/1674395845453-1.png\",\"width\":1040,\"height\":780,\"caption\":\"vintage fa keretes b\u0151r \u00fcl\u0151garnit\u00fara kanap\u00e9 st\u00edlusos eleg\u00e1ns k\u00e9nyelmes yupie\"},{\"@type\":\"BreadcrumbList\",\"@id\":\"https:\\\/\\\/yupie.app\\\/product\\\/vintage-fa-keretes-bor-ulogarnitura-elegans\\\/#breadcrumb\",\"itemListElement\":[{\"@type\":\"ListItem\",\"position\":1,\"name\":\"Kezd\u0151lap\",\"item\":\"https:\\\/\\\/yupie.app\\\/\"},{\"@type\":\"ListItem\",\"position\":2,\"name\":\"Katal\u00f3gus\",\"item\":\"https:\\\/\\\/yupie.app\\\/katalogus\\\/\"},{\"@type\":\"ListItem\",\"position\":3,\"name\":\"Vintage fa keretes b\u0151r \u00fcl\u0151garnit\u00fara\"}]},{\"@type\":\"WebSite\",\"@id\":\"https:\\\/\\\/yupie.app\\\/#website\",\"url\":\"https:\\\/\\\/yupie.app\\\/\",\"name\":\"yupie.app\",\"description\":\"\",\"publisher\":{\"@id\":\"https:\\\/\\\/yupie.app\\\/#organization\"},\"potentialAction\":[{\"@type\":\"SearchAction\",\"target\":{\"@type\":\"EntryPoint\",\"urlTemplate\":\"https:\\\/\\\/yupie.app\\\/?s={search_term_string}\"},\"query-input\":{\"@type\":\"PropertyValueSpecification\",\"valueRequired\":true,\"valueName\":\"search_term_string\"}}],\"inLanguage\":\"ro-RO\"},{\"@type\":\"Organization\",\"@id\":\"https:\\\/\\\/yupie.app\\\/#organization\",\"name\":\"yupie.app\",\"url\":\"https:\\\/\\\/yupie.app\\\/\",\"logo\":{\"@type\":\"ImageObject\",\"inLanguage\":\"ro-RO\",\"@id\":\"https:\\\/\\\/yupie.app\\\/#\\\/schema\\\/logo\\\/image\\\/\",\"url\":\"https:\\\/\\\/yupie.app\\\/wp-content\\\/uploads\\\/2025\\\/07\\\/cropped-uj-logo.png\",\"contentUrl\":\"https:\\\/\\\/yupie.app\\\/wp-content\\\/uploads\\\/2025\\\/07\\\/cropped-uj-logo.png\",\"width\":500,\"height\":208,\"caption\":\"yupie.app\"},\"image\":{\"@id\":\"https:\\\/\\\/yupie.app\\\/#\\\/schema\\\/logo\\\/image\\\/\"},\"sameAs\":[\"https:\\\/\\\/www.facebook.com\\\/profile.php?id=100089345417295\"]}]}<\/script>\n<!-- \/ Yoast SEO plugin. -->","yoast_head_json":{"title":"Vintage fa keretes b\u0151r \u00fcl\u0151garnit\u00fara - yupie.app","description":"A Vintage fa keretes b\u0151r \u00fcl\u0151garnit\u00fara egy igazi klasszikus darab, amely k\u00e9nyelmes \u00e9s eleg\u00e1ns, valamint hossz\u00fa ideig meg\u0151rzi eredeti \u00e1llapot\u00e1t.","robots":{"index":"index","follow":"follow","max-snippet":"max-snippet:-1","max-image-preview":"max-image-preview:large","max-video-preview":"max-video-preview:-1"},"canonical":"https:\/\/yupie.app\/ro\/product\/vintage-fa-keretes-bor-ulogarnitura-elegans\/","og_locale":"ro_RO","og_type":"article","og_title":"Vintage fa keretes b\u0151r \u00fcl\u0151garnit\u00fara - yupie.app","og_description":"A Vintage fa keretes b\u0151r \u00fcl\u0151garnit\u00fara egy igazi klasszikus darab, amely k\u00e9nyelmes \u00e9s eleg\u00e1ns, valamint hossz\u00fa ideig meg\u0151rzi eredeti \u00e1llapot\u00e1t.","og_url":"https:\/\/yupie.app\/ro\/product\/vintage-fa-keretes-bor-ulogarnitura-elegans\/","og_site_name":"yupie.app","article_publisher":"https:\/\/www.facebook.com\/profile.php?id=100089345417295","article_modified_time":"2026-01-06T05:52:53+00:00","og_image":[{"width":1040,"height":780,"url":"https:\/\/yupie.app\/wp-content\/uploads\/2023\/01\/1674395845453-1.png","type":"image\/png"}],"twitter_card":"summary_large_image","twitter_misc":{"Timp estimat pentru citire":"2 minute"},"schema":{"@context":"https:\/\/schema.org","@graph":[{"@type":"WebPage","@id":"https:\/\/yupie.app\/product\/vintage-fa-keretes-bor-ulogarnitura-elegans\/","url":"https:\/\/yupie.app\/product\/vintage-fa-keretes-bor-ulogarnitura-elegans\/","name":"Vintage fa keretes b\u0151r \u00fcl\u0151garnit\u00fara - yupie.app","isPartOf":{"@id":"https:\/\/yupie.app\/#website"},"primaryImageOfPage":{"@id":"https:\/\/yupie.app\/product\/vintage-fa-keretes-bor-ulogarnitura-elegans\/#primaryimage"},"image":{"@id":"https:\/\/yupie.app\/product\/vintage-fa-keretes-bor-ulogarnitura-elegans\/#primaryimage"},"thumbnailUrl":"https:\/\/yupie.app\/wp-content\/uploads\/2023\/01\/1674395845453-1.png","datePublished":"2023-01-25T15:02:48+00:00","dateModified":"2026-01-06T05:52:53+00:00","description":"A Vintage fa keretes b\u0151r \u00fcl\u0151garnit\u00fara egy igazi klasszikus darab, amely k\u00e9nyelmes \u00e9s eleg\u00e1ns, valamint hossz\u00fa ideig meg\u0151rzi eredeti \u00e1llapot\u00e1t.","breadcrumb":{"@id":"https:\/\/yupie.app\/product\/vintage-fa-keretes-bor-ulogarnitura-elegans\/#breadcrumb"},"inLanguage":"ro-RO","potentialAction":[{"@type":"ReadAction","target":["https:\/\/yupie.app\/product\/vintage-fa-keretes-bor-ulogarnitura-elegans\/"]}]},{"@type":"ImageObject","inLanguage":"ro-RO","@id":"https:\/\/yupie.app\/product\/vintage-fa-keretes-bor-ulogarnitura-elegans\/#primaryimage","url":"https:\/\/yupie.app\/wp-content\/uploads\/2023\/01\/1674395845453-1.png","contentUrl":"https:\/\/yupie.app\/wp-content\/uploads\/2023\/01\/1674395845453-1.png","width":1040,"height":780,"caption":"vintage fa keretes b\u0151r \u00fcl\u0151garnit\u00fara kanap\u00e9 st\u00edlusos eleg\u00e1ns k\u00e9nyelmes yupie"},{"@type":"BreadcrumbList","@id":"https:\/\/yupie.app\/product\/vintage-fa-keretes-bor-ulogarnitura-elegans\/#breadcrumb","itemListElement":[{"@type":"ListItem","position":1,"name":"Kezd\u0151lap","item":"https:\/\/yupie.app\/"},{"@type":"ListItem","position":2,"name":"Katal\u00f3gus","item":"https:\/\/yupie.app\/katalogus\/"},{"@type":"ListItem","position":3,"name":"Vintage fa keretes b\u0151r \u00fcl\u0151garnit\u00fara"}]},{"@type":"WebSite","@id":"https:\/\/yupie.app\/#website","url":"https:\/\/yupie.app\/","name":"yupie.app","description":"","publisher":{"@id":"https:\/\/yupie.app\/#organization"},"potentialAction":[{"@type":"SearchAction","target":{"@type":"EntryPoint","urlTemplate":"https:\/\/yupie.app\/?s={search_term_string}"},"query-input":{"@type":"PropertyValueSpecification","valueRequired":true,"valueName":"search_term_string"}}],"inLanguage":"ro-RO"},{"@type":"Organization","@id":"https:\/\/yupie.app\/#organization","name":"yupie.app","url":"https:\/\/yupie.app\/","logo":{"@type":"ImageObject","inLanguage":"ro-RO","@id":"https:\/\/yupie.app\/#\/schema\/logo\/image\/","url":"https:\/\/yupie.app\/wp-content\/uploads\/2025\/07\/cropped-uj-logo.png","contentUrl":"https:\/\/yupie.app\/wp-content\/uploads\/2025\/07\/cropped-uj-logo.png","width":500,"height":208,"caption":"yupie.app"},"image":{"@id":"https:\/\/yupie.app\/#\/schema\/logo\/image\/"},"sameAs":["https:\/\/www.facebook.com\/profile.php?id=100089345417295"]}]}},"jetpack_sharing_enabled":true,"_links":{"self":[{"href":"https:\/\/yupie.app\/ro\/wp-json\/wp\/v2\/product\/391","targetHints":{"allow":["GET"]}}],"collection":[{"href":"https:\/\/yupie.app\/ro\/wp-json\/wp\/v2\/product"}],"about":[{"href":"https:\/\/yupie.app\/ro\/wp-json\/wp\/v2\/types\/product"}],"version-history":[{"count":0,"href":"https:\/\/yupie.app\/ro\/wp-json\/wp\/v2\/product\/391\/revisions"}],"wp:featuredmedia":[{"embeddable":true,"href":"https:\/\/yupie.app\/ro\/wp-json\/wp\/v2\/media\/392"}],"wp:attachment":[{"href":"https:\/\/yupie.app\/ro\/wp-json\/wp\/v2\/media?parent=391"}],"wp:term":[{"taxonomy":"product_brand","embeddable":true,"href":"https:\/\/yupie.app\/ro\/wp-json\/wp\/v2\/product_brand?post=391"},{"taxonomy":"product_cat","embeddable":true,"href":"https:\/\/yupie.app\/ro\/wp-json\/wp\/v2\/product_cat?post=391"},{"taxonomy":"product_tag","embeddable":true,"href":"https:\/\/yupie.app\/ro\/wp-json\/wp\/v2\/product_tag?post=391"}],"curies":[{"name":"wp","href":"https:\/\/api.w.org\/{rel}","templated":true}]}}