{"id":389,"date":"2023-01-25T13:02:59","date_gmt":"2023-01-25T11:02:59","guid":{"rendered":"https:\/\/yupie.hu\/?post_type=product&#038;p=389"},"modified":"2026-01-26T07:46:44","modified_gmt":"2026-01-26T05:46:44","slug":"neobarokk-fa-kis-asztal-dohanyzoaszal","status":"publish","type":"product","link":"https:\/\/yupie.app\/ro\/product\/neobarokk-fa-kis-asztal-dohanyzoaszal\/","title":{"rendered":"Neobarokk fa doh\u00e1nyz\u00f3asztal \u2013 eleg\u00e1ns, \u00edvelt l\u00e1b\u00fa vintage darab (90-es \u00e9vek)"},"content":{"rendered":"<p data-start=\"448\" data-end=\"617\">Ez a <strong data-start=\"453\" data-end=\"488\">neobarokk st\u00edlus\u00fa fa kis asztal<\/strong> nem csup\u00e1n egy haszn\u00e1lati t\u00e1rgy, hanem <strong data-start=\"528\" data-end=\"563\">karakteres lak\u00e1sdekor\u00e1ci\u00f3s elem<\/strong>, amely azonnal eleganci\u00e1t \u00e9s t\u00f6rt\u00e9netet visz a t\u00e9rbe.<\/p>\n<p data-start=\"619\" data-end=\"987\">Az <strong data-start=\"622\" data-end=\"645\">\u00edvelt, kecses l\u00e1bak<\/strong> \u00e9s a finoman kidolgozott r\u00e9szletek a klasszikus barokk formavil\u00e1got id\u00e9zik, mik\u00f6zben a m\u00e9reteinek k\u00f6sz\u00f6nhet\u0151en <strong data-start=\"757\" data-end=\"850\">praktikusan haszn\u00e1lhat\u00f3 doh\u00e1nyz\u00f3asztalk\u00e9nt, oldalasztalk\u00e9nt vagy hangs\u00falyos d\u00edszb\u00fatork\u00e9nt<\/strong> is.<br data-start=\"854\" data-end=\"857\" \/>A darab a <strong data-start=\"867\" data-end=\"892\">90-es \u00e9vekben k\u00e9sz\u00fclt<\/strong>, amikor m\u00e9g az ilyen jelleg\u0171 b\u00fatorokat tart\u00f3s anyaghaszn\u00e1lattal \u00e9s ar\u00e1ny\u00e9rz\u00e9kkel alkott\u00e1k meg.<\/p>\n<h3 data-start=\"989\" data-end=\"1032\">Mi\u00e9rt \u00e9ri meg ezt a darabot v\u00e1lasztani?<\/h3>\n<ul data-start=\"1033\" data-end=\"1351\">\n<li data-start=\"1033\" data-end=\"1086\">\n<p data-start=\"1035\" data-end=\"1086\">\u2714 <strong data-start=\"1037\" data-end=\"1058\">Egyedi megjelen\u00e9s<\/strong> \u2013 nem t\u00f6meggy\u00e1rtott b\u00fator<\/p>\n<\/li>\n<li data-start=\"1087\" data-end=\"1150\">\n<p data-start=\"1089\" data-end=\"1150\">\u2714 <strong data-start=\"1091\" data-end=\"1111\">Neobarokk st\u00edlus<\/strong> \u2013 id\u0151t\u00e1ll\u00f3, sosem megy ki a divatb\u00f3l<\/p>\n<\/li>\n<li data-start=\"1151\" data-end=\"1197\">\n<p data-start=\"1153\" data-end=\"1197\">\u2714 <strong data-start=\"1155\" data-end=\"1168\">Val\u00f3di fa<\/strong> \u2013 stabil, tart\u00f3s szerkezet<\/p>\n<\/li>\n<li data-start=\"1198\" data-end=\"1257\">\n<p data-start=\"1200\" data-end=\"1257\">\u2714 <strong data-start=\"1202\" data-end=\"1219\">Kompakt m\u00e9ret<\/strong> \u2013 kisebb terekben is j\u00f3l \u00e9rv\u00e9nyes\u00fcl<\/p>\n<\/li>\n<li data-start=\"1258\" data-end=\"1351\">\n<p data-start=\"1260\" data-end=\"1351\">\u2714 <strong data-start=\"1262\" data-end=\"1293\">Karaktert ad az enteri\u0151rnek<\/strong> \u2013 klasszikus, vintage vagy eklektikus lak\u00e1sokba ide\u00e1lis<\/p>\n<\/li>\n<\/ul>\n<p data-start=\"1353\" data-end=\"1557\">T\u00f6k\u00e9letes v\u00e1laszt\u00e1s lehet nappaliba, h\u00e1l\u00f3szob\u00e1ba, olvas\u00f3sarokba vagy ak\u00e1r egy eleg\u00e1ns \u00fczlethelyis\u00e9g d\u00edszek\u00e9nt is.<br data-start=\"1466\" data-end=\"1469\" \/>Ez a darab azoknak sz\u00f3l, akik <strong data-start=\"1499\" data-end=\"1556\">nem csak b\u00fatort keresnek, hanem hangulatot \u00e9s \u00e9rt\u00e9ket<\/strong>.<\/p>","protected":false},"excerpt":{"rendered":"<p>Neobarokk st\u00edlus\u00fa fa doh\u00e1nyz\u00f3asztal \u00edvelt l\u00e1bakkal.<br data-start=\"1682\" data-end=\"1685\" \/>Eleg\u00e1ns, egyedi vintage darab a 90-es \u00e9vekb\u0151l, amely karaktert \u00e9s id\u0151t\u00e1ll\u00f3 st\u00edlust ad b\u00e1rmely enteri\u0151rnek.<br data-start=\"1791\" data-end=\"1794\" \/>Ide\u00e1lis kis terekbe, d\u00edszb\u00fatork\u00e9nt vagy praktikus oldalasztalk\u00e9nt.<\/p>","protected":false},"featured_media":390,"template":"","meta":[],"product_brand":[],"product_cat":[40],"product_tag":[48,73,77,76,75,552,74,50],"class_list":{"0":"post-389","1":"product","2":"type-product","3":"status-publish","4":"has-post-thumbnail","6":"product_cat-butorok","7":"product_tag-dohanyzoasztal","8":"product_tag-elegans","9":"product_tag-fa","10":"product_tag-kavezoasztal","11":"product_tag-kisasztal","12":"product_tag-neobarokk","13":"product_tag-stilusos","14":"product_tag-vintage","15":"description-off","17":"first","18":"instock","19":"shipping-taxable","20":"purchasable","21":"product-type-simple"},"yoast_head":"<!-- This site is optimized with the Yoast SEO plugin v27.3 - https:\/\/yoast.com\/product\/yoast-seo-wordpress\/ -->\n<title>Neobarokk fa doh\u00e1nyz\u00f3asztal \u2013 eleg\u00e1ns, \u00edvelt l\u00e1b\u00fa vintage darab (90-es \u00e9vek) - yupie.app<\/title>\n<meta name=\"description\" content=\"Ez a Neobarokk fa kis asztal egy igaz\u00e1n eleg\u00e1ns \u00e9s klasszikus megjelen\u00e9s\u0171 b\u00fatordarab. A kis asztal st\u00edlusos, ez\u00e9rt nagyszer\u0171en illeszthet\u0151 a lak\u00e1sunkba.\" \/>\n<meta name=\"robots\" content=\"index, follow, max-snippet:-1, max-image-preview:large, max-video-preview:-1\" \/>\n<link rel=\"canonical\" href=\"https:\/\/yupie.app\/ro\/product\/neobarokk-fa-kis-asztal-dohanyzoaszal\/\" \/>\n<meta property=\"og:locale\" content=\"ro_RO\" \/>\n<meta property=\"og:type\" content=\"article\" \/>\n<meta property=\"og:title\" content=\"Neobarokk fa doh\u00e1nyz\u00f3asztal \u2013 eleg\u00e1ns, \u00edvelt l\u00e1b\u00fa vintage darab (90-es \u00e9vek) - yupie.app\" \/>\n<meta property=\"og:description\" content=\"Ez a Neobarokk fa kis asztal egy igaz\u00e1n eleg\u00e1ns \u00e9s klasszikus megjelen\u00e9s\u0171 b\u00fatordarab. A kis asztal st\u00edlusos, ez\u00e9rt nagyszer\u0171en illeszthet\u0151 a lak\u00e1sunkba.\" \/>\n<meta property=\"og:url\" content=\"https:\/\/yupie.app\/ro\/product\/neobarokk-fa-kis-asztal-dohanyzoaszal\/\" \/>\n<meta property=\"og:site_name\" content=\"yupie.app\" \/>\n<meta property=\"article:publisher\" content=\"https:\/\/www.facebook.com\/profile.php?id=100089345417295\" \/>\n<meta property=\"article:modified_time\" content=\"2026-01-26T05:46:44+00:00\" \/>\n<meta property=\"og:image\" content=\"https:\/\/yupie.app\/wp-content\/uploads\/2023\/01\/kisasztal-1.png\" \/>\n\t<meta property=\"og:image:width\" content=\"780\" \/>\n\t<meta property=\"og:image:height\" content=\"1040\" \/>\n\t<meta property=\"og:image:type\" content=\"image\/png\" \/>\n<meta name=\"twitter:card\" content=\"summary_large_image\" \/>\n<meta name=\"twitter:label1\" content=\"Timp estimat pentru citire\" \/>\n\t<meta name=\"twitter:data1\" content=\"1 minut\" \/>\n<script type=\"application\/ld+json\" class=\"yoast-schema-graph\">{\"@context\":\"https:\\\/\\\/schema.org\",\"@graph\":[{\"@type\":\"WebPage\",\"@id\":\"https:\\\/\\\/yupie.app\\\/product\\\/neobarokk-fa-kis-asztal-dohanyzoaszal\\\/\",\"url\":\"https:\\\/\\\/yupie.app\\\/product\\\/neobarokk-fa-kis-asztal-dohanyzoaszal\\\/\",\"name\":\"Neobarokk fa doh\u00e1nyz\u00f3asztal \u2013 eleg\u00e1ns, \u00edvelt l\u00e1b\u00fa vintage darab (90-es \u00e9vek) - yupie.app\",\"isPartOf\":{\"@id\":\"https:\\\/\\\/yupie.app\\\/#website\"},\"primaryImageOfPage\":{\"@id\":\"https:\\\/\\\/yupie.app\\\/product\\\/neobarokk-fa-kis-asztal-dohanyzoaszal\\\/#primaryimage\"},\"image\":{\"@id\":\"https:\\\/\\\/yupie.app\\\/product\\\/neobarokk-fa-kis-asztal-dohanyzoaszal\\\/#primaryimage\"},\"thumbnailUrl\":\"https:\\\/\\\/yupie.app\\\/wp-content\\\/uploads\\\/2023\\\/01\\\/kisasztal-1.png\",\"datePublished\":\"2023-01-25T11:02:59+00:00\",\"dateModified\":\"2026-01-26T05:46:44+00:00\",\"description\":\"Ez a Neobarokk fa kis asztal egy igaz\u00e1n eleg\u00e1ns \u00e9s klasszikus megjelen\u00e9s\u0171 b\u00fatordarab. A kis asztal st\u00edlusos, ez\u00e9rt nagyszer\u0171en illeszthet\u0151 a lak\u00e1sunkba.\",\"breadcrumb\":{\"@id\":\"https:\\\/\\\/yupie.app\\\/product\\\/neobarokk-fa-kis-asztal-dohanyzoaszal\\\/#breadcrumb\"},\"inLanguage\":\"ro-RO\",\"potentialAction\":[{\"@type\":\"ReadAction\",\"target\":[\"https:\\\/\\\/yupie.app\\\/product\\\/neobarokk-fa-kis-asztal-dohanyzoaszal\\\/\"]}]},{\"@type\":\"ImageObject\",\"inLanguage\":\"ro-RO\",\"@id\":\"https:\\\/\\\/yupie.app\\\/product\\\/neobarokk-fa-kis-asztal-dohanyzoaszal\\\/#primaryimage\",\"url\":\"https:\\\/\\\/yupie.app\\\/wp-content\\\/uploads\\\/2023\\\/01\\\/kisasztal-1.png\",\"contentUrl\":\"https:\\\/\\\/yupie.app\\\/wp-content\\\/uploads\\\/2023\\\/01\\\/kisasztal-1.png\",\"width\":780,\"height\":1040,\"caption\":\"vintage st\u00edlusu kis asztal eleg\u00e1ns k\u00e9nyelmes st\u00edlusos f\u00e1b\u00f3l k\u00e9sz\u00fclt yupie\"},{\"@type\":\"BreadcrumbList\",\"@id\":\"https:\\\/\\\/yupie.app\\\/product\\\/neobarokk-fa-kis-asztal-dohanyzoaszal\\\/#breadcrumb\",\"itemListElement\":[{\"@type\":\"ListItem\",\"position\":1,\"name\":\"Kezd\u0151lap\",\"item\":\"https:\\\/\\\/yupie.app\\\/\"},{\"@type\":\"ListItem\",\"position\":2,\"name\":\"Katal\u00f3gus\",\"item\":\"https:\\\/\\\/yupie.app\\\/katalogus\\\/\"},{\"@type\":\"ListItem\",\"position\":3,\"name\":\"Neobarokk fa doh\u00e1nyz\u00f3asztal \u2013 eleg\u00e1ns, \u00edvelt l\u00e1b\u00fa vintage darab (90-es \u00e9vek)\"}]},{\"@type\":\"WebSite\",\"@id\":\"https:\\\/\\\/yupie.app\\\/#website\",\"url\":\"https:\\\/\\\/yupie.app\\\/\",\"name\":\"yupie.app\",\"description\":\"\",\"publisher\":{\"@id\":\"https:\\\/\\\/yupie.app\\\/#organization\"},\"potentialAction\":[{\"@type\":\"SearchAction\",\"target\":{\"@type\":\"EntryPoint\",\"urlTemplate\":\"https:\\\/\\\/yupie.app\\\/?s={search_term_string}\"},\"query-input\":{\"@type\":\"PropertyValueSpecification\",\"valueRequired\":true,\"valueName\":\"search_term_string\"}}],\"inLanguage\":\"ro-RO\"},{\"@type\":\"Organization\",\"@id\":\"https:\\\/\\\/yupie.app\\\/#organization\",\"name\":\"yupie.app\",\"url\":\"https:\\\/\\\/yupie.app\\\/\",\"logo\":{\"@type\":\"ImageObject\",\"inLanguage\":\"ro-RO\",\"@id\":\"https:\\\/\\\/yupie.app\\\/#\\\/schema\\\/logo\\\/image\\\/\",\"url\":\"https:\\\/\\\/yupie.app\\\/wp-content\\\/uploads\\\/2025\\\/07\\\/cropped-uj-logo.png\",\"contentUrl\":\"https:\\\/\\\/yupie.app\\\/wp-content\\\/uploads\\\/2025\\\/07\\\/cropped-uj-logo.png\",\"width\":500,\"height\":208,\"caption\":\"yupie.app\"},\"image\":{\"@id\":\"https:\\\/\\\/yupie.app\\\/#\\\/schema\\\/logo\\\/image\\\/\"},\"sameAs\":[\"https:\\\/\\\/www.facebook.com\\\/profile.php?id=100089345417295\"]}]}<\/script>\n<!-- \/ Yoast SEO plugin. -->","yoast_head_json":{"title":"Neobarokk fa doh\u00e1nyz\u00f3asztal \u2013 eleg\u00e1ns, \u00edvelt l\u00e1b\u00fa vintage darab (90-es \u00e9vek) - yupie.app","description":"Ez a Neobarokk fa kis asztal egy igaz\u00e1n eleg\u00e1ns \u00e9s klasszikus megjelen\u00e9s\u0171 b\u00fatordarab. A kis asztal st\u00edlusos, ez\u00e9rt nagyszer\u0171en illeszthet\u0151 a lak\u00e1sunkba.","robots":{"index":"index","follow":"follow","max-snippet":"max-snippet:-1","max-image-preview":"max-image-preview:large","max-video-preview":"max-video-preview:-1"},"canonical":"https:\/\/yupie.app\/ro\/product\/neobarokk-fa-kis-asztal-dohanyzoaszal\/","og_locale":"ro_RO","og_type":"article","og_title":"Neobarokk fa doh\u00e1nyz\u00f3asztal \u2013 eleg\u00e1ns, \u00edvelt l\u00e1b\u00fa vintage darab (90-es \u00e9vek) - yupie.app","og_description":"Ez a Neobarokk fa kis asztal egy igaz\u00e1n eleg\u00e1ns \u00e9s klasszikus megjelen\u00e9s\u0171 b\u00fatordarab. A kis asztal st\u00edlusos, ez\u00e9rt nagyszer\u0171en illeszthet\u0151 a lak\u00e1sunkba.","og_url":"https:\/\/yupie.app\/ro\/product\/neobarokk-fa-kis-asztal-dohanyzoaszal\/","og_site_name":"yupie.app","article_publisher":"https:\/\/www.facebook.com\/profile.php?id=100089345417295","article_modified_time":"2026-01-26T05:46:44+00:00","og_image":[{"width":780,"height":1040,"url":"https:\/\/yupie.app\/wp-content\/uploads\/2023\/01\/kisasztal-1.png","type":"image\/png"}],"twitter_card":"summary_large_image","twitter_misc":{"Timp estimat pentru citire":"1 minut"},"schema":{"@context":"https:\/\/schema.org","@graph":[{"@type":"WebPage","@id":"https:\/\/yupie.app\/product\/neobarokk-fa-kis-asztal-dohanyzoaszal\/","url":"https:\/\/yupie.app\/product\/neobarokk-fa-kis-asztal-dohanyzoaszal\/","name":"Neobarokk fa doh\u00e1nyz\u00f3asztal \u2013 eleg\u00e1ns, \u00edvelt l\u00e1b\u00fa vintage darab (90-es \u00e9vek) - yupie.app","isPartOf":{"@id":"https:\/\/yupie.app\/#website"},"primaryImageOfPage":{"@id":"https:\/\/yupie.app\/product\/neobarokk-fa-kis-asztal-dohanyzoaszal\/#primaryimage"},"image":{"@id":"https:\/\/yupie.app\/product\/neobarokk-fa-kis-asztal-dohanyzoaszal\/#primaryimage"},"thumbnailUrl":"https:\/\/yupie.app\/wp-content\/uploads\/2023\/01\/kisasztal-1.png","datePublished":"2023-01-25T11:02:59+00:00","dateModified":"2026-01-26T05:46:44+00:00","description":"Ez a Neobarokk fa kis asztal egy igaz\u00e1n eleg\u00e1ns \u00e9s klasszikus megjelen\u00e9s\u0171 b\u00fatordarab. A kis asztal st\u00edlusos, ez\u00e9rt nagyszer\u0171en illeszthet\u0151 a lak\u00e1sunkba.","breadcrumb":{"@id":"https:\/\/yupie.app\/product\/neobarokk-fa-kis-asztal-dohanyzoaszal\/#breadcrumb"},"inLanguage":"ro-RO","potentialAction":[{"@type":"ReadAction","target":["https:\/\/yupie.app\/product\/neobarokk-fa-kis-asztal-dohanyzoaszal\/"]}]},{"@type":"ImageObject","inLanguage":"ro-RO","@id":"https:\/\/yupie.app\/product\/neobarokk-fa-kis-asztal-dohanyzoaszal\/#primaryimage","url":"https:\/\/yupie.app\/wp-content\/uploads\/2023\/01\/kisasztal-1.png","contentUrl":"https:\/\/yupie.app\/wp-content\/uploads\/2023\/01\/kisasztal-1.png","width":780,"height":1040,"caption":"vintage st\u00edlusu kis asztal eleg\u00e1ns k\u00e9nyelmes st\u00edlusos f\u00e1b\u00f3l k\u00e9sz\u00fclt yupie"},{"@type":"BreadcrumbList","@id":"https:\/\/yupie.app\/product\/neobarokk-fa-kis-asztal-dohanyzoaszal\/#breadcrumb","itemListElement":[{"@type":"ListItem","position":1,"name":"Kezd\u0151lap","item":"https:\/\/yupie.app\/"},{"@type":"ListItem","position":2,"name":"Katal\u00f3gus","item":"https:\/\/yupie.app\/katalogus\/"},{"@type":"ListItem","position":3,"name":"Neobarokk fa doh\u00e1nyz\u00f3asztal \u2013 eleg\u00e1ns, \u00edvelt l\u00e1b\u00fa vintage darab (90-es \u00e9vek)"}]},{"@type":"WebSite","@id":"https:\/\/yupie.app\/#website","url":"https:\/\/yupie.app\/","name":"yupie.app","description":"","publisher":{"@id":"https:\/\/yupie.app\/#organization"},"potentialAction":[{"@type":"SearchAction","target":{"@type":"EntryPoint","urlTemplate":"https:\/\/yupie.app\/?s={search_term_string}"},"query-input":{"@type":"PropertyValueSpecification","valueRequired":true,"valueName":"search_term_string"}}],"inLanguage":"ro-RO"},{"@type":"Organization","@id":"https:\/\/yupie.app\/#organization","name":"yupie.app","url":"https:\/\/yupie.app\/","logo":{"@type":"ImageObject","inLanguage":"ro-RO","@id":"https:\/\/yupie.app\/#\/schema\/logo\/image\/","url":"https:\/\/yupie.app\/wp-content\/uploads\/2025\/07\/cropped-uj-logo.png","contentUrl":"https:\/\/yupie.app\/wp-content\/uploads\/2025\/07\/cropped-uj-logo.png","width":500,"height":208,"caption":"yupie.app"},"image":{"@id":"https:\/\/yupie.app\/#\/schema\/logo\/image\/"},"sameAs":["https:\/\/www.facebook.com\/profile.php?id=100089345417295"]}]}},"jetpack_sharing_enabled":true,"_links":{"self":[{"href":"https:\/\/yupie.app\/ro\/wp-json\/wp\/v2\/product\/389","targetHints":{"allow":["GET"]}}],"collection":[{"href":"https:\/\/yupie.app\/ro\/wp-json\/wp\/v2\/product"}],"about":[{"href":"https:\/\/yupie.app\/ro\/wp-json\/wp\/v2\/types\/product"}],"version-history":[{"count":0,"href":"https:\/\/yupie.app\/ro\/wp-json\/wp\/v2\/product\/389\/revisions"}],"wp:featuredmedia":[{"embeddable":true,"href":"https:\/\/yupie.app\/ro\/wp-json\/wp\/v2\/media\/390"}],"wp:attachment":[{"href":"https:\/\/yupie.app\/ro\/wp-json\/wp\/v2\/media?parent=389"}],"wp:term":[{"taxonomy":"product_brand","embeddable":true,"href":"https:\/\/yupie.app\/ro\/wp-json\/wp\/v2\/product_brand?post=389"},{"taxonomy":"product_cat","embeddable":true,"href":"https:\/\/yupie.app\/ro\/wp-json\/wp\/v2\/product_cat?post=389"},{"taxonomy":"product_tag","embeddable":true,"href":"https:\/\/yupie.app\/ro\/wp-json\/wp\/v2\/product_tag?post=389"}],"curies":[{"name":"wp","href":"https:\/\/api.w.org\/{rel}","templated":true}]}}