{"id":388,"date":"2023-01-26T13:37:50","date_gmt":"2023-01-26T11:37:50","guid":{"rendered":"https:\/\/yupie.hu\/?post_type=product&#038;p=388"},"modified":"2026-01-23T13:28:10","modified_gmt":"2026-01-23T11:28:10","slug":"retro-ejjeli-allolampa-padlolampa","status":"publish","type":"product","link":"https:\/\/yupie.app\/ro\/product\/retro-ejjeli-allolampa-padlolampa\/","title":{"rendered":"Retro \u00e1ll\u00f3l\u00e1mpa \u2013 karakteres, id\u0151t\u00e1ll\u00f3 f\u00e9nyforr\u00e1s nyugodt terekhez"},"content":{"rendered":"<p data-start=\"975\" data-end=\"1056\">Ez a retro \u00e9jjeli \/ \u00e1ll\u00f3l\u00e1mpa nem csup\u00e1n f\u00e9nyt ad,<br data-start=\"1025\" data-end=\"1028\" \/>hanem <strong data-start=\"1034\" data-end=\"1055\">hangulatot rendez<\/strong>.<\/p>\n<p data-start=\"1058\" data-end=\"1264\">Az ilyen t\u00edpus\u00fa l\u00e1mp\u00e1k ereje nem a f\u00e9nyer\u0151ben rejlik,<br data-start=\"1111\" data-end=\"1114\" \/>hanem abban, ahogyan a teret tagolj\u00e1k.<br data-start=\"1152\" data-end=\"1155\" \/>Egy sarokban, fotel mellett vagy h\u00e1l\u00f3szob\u00e1ban elhelyezve<br data-start=\"1211\" data-end=\"1214\" \/>azonnal kijel\u00f6l egy nyugodt, befel\u00e9 fordul\u00f3 z\u00f3n\u00e1t.<\/p>\n<p data-start=\"1266\" data-end=\"1448\">A formavil\u00e1g nem k\u00f6vet aktu\u00e1lis trendeket.<br data-start=\"1308\" data-end=\"1311\" \/>\u00c9pp ez\u00e9rt m\u0171k\u00f6dik ma is.<br data-start=\"1335\" data-end=\"1338\" \/>Nem hars\u00e1ny, nem futurisztikus, nem akar t\u00f6bb lenni ann\u00e1l, ami:<br data-start=\"1401\" data-end=\"1404\" \/>egy <strong data-start=\"1408\" data-end=\"1447\">j\u00f3l ar\u00e1nyolt, karakteres f\u00e9nyforr\u00e1s<\/strong>.<\/p>\n<p data-start=\"1450\" data-end=\"1490\">Ez a l\u00e1mpa k\u00fcl\u00f6n\u00f6sen azoknak val\u00f3,<br \/>\nakik:<\/p>\n<ul data-start=\"1491\" data-end=\"1632\">\n<li data-start=\"1491\" data-end=\"1537\">\n<p data-start=\"1493\" data-end=\"1537\">szeretik a r\u00e9gi t\u00e1rgyak nyugodt jelenl\u00e9t\u00e9t<\/p>\n<\/li>\n<li data-start=\"1538\" data-end=\"1579\">\n<p data-start=\"1540\" data-end=\"1579\">nem akarnak minden szezonban cser\u00e9lni<\/p>\n<\/li>\n<li data-start=\"1580\" data-end=\"1632\">\n<p data-start=\"1582\" data-end=\"1632\">\u00e9rt\u00e9kelik, ha egy t\u00e1rgy nem magyar\u00e1zza t\u00fal mag\u00e1t<\/p>\n<\/li>\n<\/ul>\n<p data-start=\"1634\" data-end=\"1756\">Nem minden enteri\u0151rbe illik.<br data-start=\"1662\" data-end=\"1665\" \/>De ahol igen, ott <strong data-start=\"1683\" data-end=\"1703\">meghat\u00e1roz\u00f3 elem<\/strong> lesz \u2013<br data-start=\"1710\" data-end=\"1713\" \/>nem dekor\u00e1ci\u00f3, hanem <strong data-start=\"1734\" data-end=\"1755\">viszony\u00edt\u00e1si pont<\/strong>.<\/p>","protected":false},"excerpt":{"rendered":"<p>A retro \u00e9jszakai f\u00f6ldl\u00e1mpa egy olyan darab, ami a r\u00e9gi id\u0151k st\u00edlus\u00e1t hozza vissza a modern id\u0151kbe. A l\u00e1mpa teste egy klasszikus, vintage diz\u00e1jnnal rendelkezik, ami a f\u00e9m \u00e9s a fa anyagokat haszn\u00e1lja. A l\u00e1mpa \u00e1ll\u00edthat\u00f3 magass\u00e1ga \u00e9s a karja lehet\u0151v\u00e9 teszi, hogy az \u00e9ppen sz\u00fcks\u00e9ges f\u00e9nyt a k\u00edv\u00e1nt helyre ir\u00e1ny\u00edtsa. A retro \u00e9jszakai f\u00f6ldl\u00e1mpa t\u00f6k\u00e9letes v\u00e1laszt\u00e1s lehet azoknak, akik szeretik a r\u00e9gi id\u0151k st\u00edlus\u00e1t, \u00e9s szeretik megteremteni a meleg \u00e9s meghitt hangulatot az otthonukban.<\/p>\n<p>M\u00e9retek: 170 cm<\/p>","protected":false},"featured_media":404,"template":"","meta":[],"product_brand":[],"product_cat":[1383],"product_tag":[81,59,77,83,74,50],"class_list":{"0":"post-388","1":"product","2":"type-product","3":"status-publish","4":"has-post-thumbnail","6":"product_cat-lampak-elektronika","7":"product_tag-allolampa","8":"product_tag-dekoracio","9":"product_tag-fa","10":"product_tag-retro","11":"product_tag-stilusos","12":"product_tag-vintage","13":"description-off","15":"first","16":"instock","17":"shipping-taxable","18":"purchasable","19":"product-type-simple"},"yoast_head":"<!-- This site is optimized with the Yoast SEO plugin v27.3 - https:\/\/yoast.com\/product\/yoast-seo-wordpress\/ -->\n<title>Retro \u00e1ll\u00f3l\u00e1mpa \u2013 karakteres, id\u0151t\u00e1ll\u00f3 f\u00e9nyforr\u00e1s nyugodt terekhez - yupie.app<\/title>\n<meta name=\"description\" content=\"A retro \u00e9jjeli \u00e1ll\u00f3l\u00e1mpa egy igaz\u00e1n k\u00fcl\u00f6nleges \u00e9s egyedi darab, amely t\u00f6k\u00e9letesen illeszkedik a vintage vagy retro st\u00edlus\u00fa otthonokba.\" \/>\n<meta name=\"robots\" content=\"index, follow, max-snippet:-1, max-image-preview:large, max-video-preview:-1\" \/>\n<link rel=\"canonical\" href=\"https:\/\/yupie.app\/ro\/product\/retro-ejjeli-allolampa-padlolampa\/\" \/>\n<meta property=\"og:locale\" content=\"ro_RO\" \/>\n<meta property=\"og:type\" content=\"article\" \/>\n<meta property=\"og:title\" content=\"Retro \u00e1ll\u00f3l\u00e1mpa \u2013 karakteres, id\u0151t\u00e1ll\u00f3 f\u00e9nyforr\u00e1s nyugodt terekhez - yupie.app\" \/>\n<meta property=\"og:description\" content=\"A retro \u00e9jjeli \u00e1ll\u00f3l\u00e1mpa egy igaz\u00e1n k\u00fcl\u00f6nleges \u00e9s egyedi darab, amely t\u00f6k\u00e9letesen illeszkedik a vintage vagy retro st\u00edlus\u00fa otthonokba.\" \/>\n<meta property=\"og:url\" content=\"https:\/\/yupie.app\/ro\/product\/retro-ejjeli-allolampa-padlolampa\/\" \/>\n<meta property=\"og:site_name\" content=\"yupie.app\" \/>\n<meta property=\"article:publisher\" content=\"https:\/\/www.facebook.com\/profile.php?id=100089345417295\" \/>\n<meta property=\"article:modified_time\" content=\"2026-01-23T11:28:10+00:00\" \/>\n<meta property=\"og:image\" content=\"https:\/\/yupie.app\/wp-content\/uploads\/2023\/01\/lampa-2.png\" \/>\n\t<meta property=\"og:image:width\" content=\"780\" \/>\n\t<meta property=\"og:image:height\" content=\"1040\" \/>\n\t<meta property=\"og:image:type\" content=\"image\/png\" \/>\n<meta name=\"twitter:card\" content=\"summary_large_image\" \/>\n<meta name=\"twitter:label1\" content=\"Timp estimat pentru citire\" \/>\n\t<meta name=\"twitter:data1\" content=\"1 minut\" \/>\n<script type=\"application\/ld+json\" class=\"yoast-schema-graph\">{\"@context\":\"https:\\\/\\\/schema.org\",\"@graph\":[{\"@type\":\"WebPage\",\"@id\":\"https:\\\/\\\/yupie.app\\\/product\\\/retro-ejjeli-allolampa-padlolampa\\\/\",\"url\":\"https:\\\/\\\/yupie.app\\\/product\\\/retro-ejjeli-allolampa-padlolampa\\\/\",\"name\":\"Retro \u00e1ll\u00f3l\u00e1mpa \u2013 karakteres, id\u0151t\u00e1ll\u00f3 f\u00e9nyforr\u00e1s nyugodt terekhez - yupie.app\",\"isPartOf\":{\"@id\":\"https:\\\/\\\/yupie.app\\\/#website\"},\"primaryImageOfPage\":{\"@id\":\"https:\\\/\\\/yupie.app\\\/product\\\/retro-ejjeli-allolampa-padlolampa\\\/#primaryimage\"},\"image\":{\"@id\":\"https:\\\/\\\/yupie.app\\\/product\\\/retro-ejjeli-allolampa-padlolampa\\\/#primaryimage\"},\"thumbnailUrl\":\"https:\\\/\\\/yupie.app\\\/wp-content\\\/uploads\\\/2023\\\/01\\\/lampa-2.png\",\"datePublished\":\"2023-01-26T11:37:50+00:00\",\"dateModified\":\"2026-01-23T11:28:10+00:00\",\"description\":\"A retro \u00e9jjeli \u00e1ll\u00f3l\u00e1mpa egy igaz\u00e1n k\u00fcl\u00f6nleges \u00e9s egyedi darab, amely t\u00f6k\u00e9letesen illeszkedik a vintage vagy retro st\u00edlus\u00fa otthonokba.\",\"breadcrumb\":{\"@id\":\"https:\\\/\\\/yupie.app\\\/product\\\/retro-ejjeli-allolampa-padlolampa\\\/#breadcrumb\"},\"inLanguage\":\"ro-RO\",\"potentialAction\":[{\"@type\":\"ReadAction\",\"target\":[\"https:\\\/\\\/yupie.app\\\/product\\\/retro-ejjeli-allolampa-padlolampa\\\/\"]}]},{\"@type\":\"ImageObject\",\"inLanguage\":\"ro-RO\",\"@id\":\"https:\\\/\\\/yupie.app\\\/product\\\/retro-ejjeli-allolampa-padlolampa\\\/#primaryimage\",\"url\":\"https:\\\/\\\/yupie.app\\\/wp-content\\\/uploads\\\/2023\\\/01\\\/lampa-2.png\",\"contentUrl\":\"https:\\\/\\\/yupie.app\\\/wp-content\\\/uploads\\\/2023\\\/01\\\/lampa-2.png\",\"width\":780,\"height\":1040,\"caption\":\"retro \u00e1ll\u00f3l\u00e1mpa vintage st\u00edlus eleg\u00e1ns yupie\"},{\"@type\":\"BreadcrumbList\",\"@id\":\"https:\\\/\\\/yupie.app\\\/product\\\/retro-ejjeli-allolampa-padlolampa\\\/#breadcrumb\",\"itemListElement\":[{\"@type\":\"ListItem\",\"position\":1,\"name\":\"Kezd\u0151lap\",\"item\":\"https:\\\/\\\/yupie.app\\\/\"},{\"@type\":\"ListItem\",\"position\":2,\"name\":\"Katal\u00f3gus\",\"item\":\"https:\\\/\\\/yupie.app\\\/katalogus\\\/\"},{\"@type\":\"ListItem\",\"position\":3,\"name\":\"Retro \u00e1ll\u00f3l\u00e1mpa \u2013 karakteres, id\u0151t\u00e1ll\u00f3 f\u00e9nyforr\u00e1s nyugodt terekhez\"}]},{\"@type\":\"WebSite\",\"@id\":\"https:\\\/\\\/yupie.app\\\/#website\",\"url\":\"https:\\\/\\\/yupie.app\\\/\",\"name\":\"yupie.app\",\"description\":\"\",\"publisher\":{\"@id\":\"https:\\\/\\\/yupie.app\\\/#organization\"},\"potentialAction\":[{\"@type\":\"SearchAction\",\"target\":{\"@type\":\"EntryPoint\",\"urlTemplate\":\"https:\\\/\\\/yupie.app\\\/?s={search_term_string}\"},\"query-input\":{\"@type\":\"PropertyValueSpecification\",\"valueRequired\":true,\"valueName\":\"search_term_string\"}}],\"inLanguage\":\"ro-RO\"},{\"@type\":\"Organization\",\"@id\":\"https:\\\/\\\/yupie.app\\\/#organization\",\"name\":\"yupie.app\",\"url\":\"https:\\\/\\\/yupie.app\\\/\",\"logo\":{\"@type\":\"ImageObject\",\"inLanguage\":\"ro-RO\",\"@id\":\"https:\\\/\\\/yupie.app\\\/#\\\/schema\\\/logo\\\/image\\\/\",\"url\":\"https:\\\/\\\/yupie.app\\\/wp-content\\\/uploads\\\/2025\\\/07\\\/cropped-uj-logo.png\",\"contentUrl\":\"https:\\\/\\\/yupie.app\\\/wp-content\\\/uploads\\\/2025\\\/07\\\/cropped-uj-logo.png\",\"width\":500,\"height\":208,\"caption\":\"yupie.app\"},\"image\":{\"@id\":\"https:\\\/\\\/yupie.app\\\/#\\\/schema\\\/logo\\\/image\\\/\"},\"sameAs\":[\"https:\\\/\\\/www.facebook.com\\\/profile.php?id=100089345417295\"]}]}<\/script>\n<!-- \/ Yoast SEO plugin. -->","yoast_head_json":{"title":"Retro \u00e1ll\u00f3l\u00e1mpa \u2013 karakteres, id\u0151t\u00e1ll\u00f3 f\u00e9nyforr\u00e1s nyugodt terekhez - yupie.app","description":"A retro \u00e9jjeli \u00e1ll\u00f3l\u00e1mpa egy igaz\u00e1n k\u00fcl\u00f6nleges \u00e9s egyedi darab, amely t\u00f6k\u00e9letesen illeszkedik a vintage vagy retro st\u00edlus\u00fa otthonokba.","robots":{"index":"index","follow":"follow","max-snippet":"max-snippet:-1","max-image-preview":"max-image-preview:large","max-video-preview":"max-video-preview:-1"},"canonical":"https:\/\/yupie.app\/ro\/product\/retro-ejjeli-allolampa-padlolampa\/","og_locale":"ro_RO","og_type":"article","og_title":"Retro \u00e1ll\u00f3l\u00e1mpa \u2013 karakteres, id\u0151t\u00e1ll\u00f3 f\u00e9nyforr\u00e1s nyugodt terekhez - yupie.app","og_description":"A retro \u00e9jjeli \u00e1ll\u00f3l\u00e1mpa egy igaz\u00e1n k\u00fcl\u00f6nleges \u00e9s egyedi darab, amely t\u00f6k\u00e9letesen illeszkedik a vintage vagy retro st\u00edlus\u00fa otthonokba.","og_url":"https:\/\/yupie.app\/ro\/product\/retro-ejjeli-allolampa-padlolampa\/","og_site_name":"yupie.app","article_publisher":"https:\/\/www.facebook.com\/profile.php?id=100089345417295","article_modified_time":"2026-01-23T11:28:10+00:00","og_image":[{"width":780,"height":1040,"url":"https:\/\/yupie.app\/wp-content\/uploads\/2023\/01\/lampa-2.png","type":"image\/png"}],"twitter_card":"summary_large_image","twitter_misc":{"Timp estimat pentru citire":"1 minut"},"schema":{"@context":"https:\/\/schema.org","@graph":[{"@type":"WebPage","@id":"https:\/\/yupie.app\/product\/retro-ejjeli-allolampa-padlolampa\/","url":"https:\/\/yupie.app\/product\/retro-ejjeli-allolampa-padlolampa\/","name":"Retro \u00e1ll\u00f3l\u00e1mpa \u2013 karakteres, id\u0151t\u00e1ll\u00f3 f\u00e9nyforr\u00e1s nyugodt terekhez - yupie.app","isPartOf":{"@id":"https:\/\/yupie.app\/#website"},"primaryImageOfPage":{"@id":"https:\/\/yupie.app\/product\/retro-ejjeli-allolampa-padlolampa\/#primaryimage"},"image":{"@id":"https:\/\/yupie.app\/product\/retro-ejjeli-allolampa-padlolampa\/#primaryimage"},"thumbnailUrl":"https:\/\/yupie.app\/wp-content\/uploads\/2023\/01\/lampa-2.png","datePublished":"2023-01-26T11:37:50+00:00","dateModified":"2026-01-23T11:28:10+00:00","description":"A retro \u00e9jjeli \u00e1ll\u00f3l\u00e1mpa egy igaz\u00e1n k\u00fcl\u00f6nleges \u00e9s egyedi darab, amely t\u00f6k\u00e9letesen illeszkedik a vintage vagy retro st\u00edlus\u00fa otthonokba.","breadcrumb":{"@id":"https:\/\/yupie.app\/product\/retro-ejjeli-allolampa-padlolampa\/#breadcrumb"},"inLanguage":"ro-RO","potentialAction":[{"@type":"ReadAction","target":["https:\/\/yupie.app\/product\/retro-ejjeli-allolampa-padlolampa\/"]}]},{"@type":"ImageObject","inLanguage":"ro-RO","@id":"https:\/\/yupie.app\/product\/retro-ejjeli-allolampa-padlolampa\/#primaryimage","url":"https:\/\/yupie.app\/wp-content\/uploads\/2023\/01\/lampa-2.png","contentUrl":"https:\/\/yupie.app\/wp-content\/uploads\/2023\/01\/lampa-2.png","width":780,"height":1040,"caption":"retro \u00e1ll\u00f3l\u00e1mpa vintage st\u00edlus eleg\u00e1ns yupie"},{"@type":"BreadcrumbList","@id":"https:\/\/yupie.app\/product\/retro-ejjeli-allolampa-padlolampa\/#breadcrumb","itemListElement":[{"@type":"ListItem","position":1,"name":"Kezd\u0151lap","item":"https:\/\/yupie.app\/"},{"@type":"ListItem","position":2,"name":"Katal\u00f3gus","item":"https:\/\/yupie.app\/katalogus\/"},{"@type":"ListItem","position":3,"name":"Retro \u00e1ll\u00f3l\u00e1mpa \u2013 karakteres, id\u0151t\u00e1ll\u00f3 f\u00e9nyforr\u00e1s nyugodt terekhez"}]},{"@type":"WebSite","@id":"https:\/\/yupie.app\/#website","url":"https:\/\/yupie.app\/","name":"yupie.app","description":"","publisher":{"@id":"https:\/\/yupie.app\/#organization"},"potentialAction":[{"@type":"SearchAction","target":{"@type":"EntryPoint","urlTemplate":"https:\/\/yupie.app\/?s={search_term_string}"},"query-input":{"@type":"PropertyValueSpecification","valueRequired":true,"valueName":"search_term_string"}}],"inLanguage":"ro-RO"},{"@type":"Organization","@id":"https:\/\/yupie.app\/#organization","name":"yupie.app","url":"https:\/\/yupie.app\/","logo":{"@type":"ImageObject","inLanguage":"ro-RO","@id":"https:\/\/yupie.app\/#\/schema\/logo\/image\/","url":"https:\/\/yupie.app\/wp-content\/uploads\/2025\/07\/cropped-uj-logo.png","contentUrl":"https:\/\/yupie.app\/wp-content\/uploads\/2025\/07\/cropped-uj-logo.png","width":500,"height":208,"caption":"yupie.app"},"image":{"@id":"https:\/\/yupie.app\/#\/schema\/logo\/image\/"},"sameAs":["https:\/\/www.facebook.com\/profile.php?id=100089345417295"]}]}},"jetpack_sharing_enabled":true,"_links":{"self":[{"href":"https:\/\/yupie.app\/ro\/wp-json\/wp\/v2\/product\/388","targetHints":{"allow":["GET"]}}],"collection":[{"href":"https:\/\/yupie.app\/ro\/wp-json\/wp\/v2\/product"}],"about":[{"href":"https:\/\/yupie.app\/ro\/wp-json\/wp\/v2\/types\/product"}],"version-history":[{"count":0,"href":"https:\/\/yupie.app\/ro\/wp-json\/wp\/v2\/product\/388\/revisions"}],"wp:featuredmedia":[{"embeddable":true,"href":"https:\/\/yupie.app\/ro\/wp-json\/wp\/v2\/media\/404"}],"wp:attachment":[{"href":"https:\/\/yupie.app\/ro\/wp-json\/wp\/v2\/media?parent=388"}],"wp:term":[{"taxonomy":"product_brand","embeddable":true,"href":"https:\/\/yupie.app\/ro\/wp-json\/wp\/v2\/product_brand?post=388"},{"taxonomy":"product_cat","embeddable":true,"href":"https:\/\/yupie.app\/ro\/wp-json\/wp\/v2\/product_cat?post=388"},{"taxonomy":"product_tag","embeddable":true,"href":"https:\/\/yupie.app\/ro\/wp-json\/wp\/v2\/product_tag?post=388"}],"curies":[{"name":"wp","href":"https:\/\/api.w.org\/{rel}","templated":true}]}}