{"id":3549,"date":"2023-09-07T15:03:47","date_gmt":"2023-09-07T13:03:47","guid":{"rendered":"https:\/\/yupie.hu\/?post_type=product&#038;p=3549"},"modified":"2026-01-06T11:09:36","modified_gmt":"2026-01-06T09:09:36","slug":"vintage-femtalpas-asztali-lampa","status":"publish","type":"product","link":"https:\/\/yupie.app\/ro\/product\/vintage-femtalpas-asztali-lampa\/","title":{"rendered":"Vintage f\u00e9mtalpas asztali l\u00e1mpa"},"content":{"rendered":"<p>A vintage f\u00e9mtalpas asztali l\u00e1mpa r\u00e9gi id\u0151k sz\u00e9ps\u00e9g\u00e9t hozza el otthonunkba, csod\u00e1latos k\u00fclsej\u00e9vel. Ez a csod\u00e1latos asztali l\u00e1mpa igazi id\u0151utaz\u00e1st k\u00edn\u00e1l, visszarep\u00edtve minket a m\u00falt sz\u00e1zadok eleg\u00e1ns hangulat\u00e1ba. A f\u00e9m alap nemcsak sz\u00e9ps\u00e9g\u00e9t hangs\u00falyozza, hanem tart\u00f3ss\u00e1g\u00e1t is biztos\u00edtja, \u00edgy ez a l\u00e1mpa nemcsak st\u00edlusos, hanem praktikus is.<\/p>\n<p>A l\u00e1mpa maga egy igazi m\u0171alkot\u00e1s, ami b\u00e1rmelyik helyis\u00e9gben kiv\u00e9telesen j\u00f3l mutat. A r\u00e9gi id\u0151k st\u00edlus\u00e1t id\u00e9z\u0151 diz\u00e1jnja var\u00e1zslatos hangulatot teremt. A l\u00e1mpa \u00e1rny\u00e9kol\u00f3ja finoman sz\u0171ri a f\u00e9nyt, \u00edgy kellemes \u00e9s meleg atmoszf\u00e9r\u00e1t teremtve a k\u00f6rnyezet\u00e9ben.<\/p>\n<p>Ez az asztali l\u00e1mpa nemcsak otthonunk d\u00edszek\u00e9nt funkcion\u00e1l, hanem a praktikum szempontj\u00e1b\u00f3l is t\u00f6k\u00e9letes v\u00e1laszt\u00e1s.<\/p>\n<p>Ez a vintage asztali l\u00e1mpa r\u00e9gi id\u0151k b\u00e1j\u00e1t \u00e9s eleganci\u00e1j\u00e1t hozza el otthonunkba, mik\u00f6zben egyedi st\u00edlus\u00e1val \u00e9s tart\u00f3ss\u00e1g\u00e1val hossz\u00fa \u00e9veken \u00e1t szolg\u00e1lja majd a mindennapjainkat.<\/p>","protected":false},"excerpt":{"rendered":"<p>Ez a vintage f\u00e9mtalpas asztali l\u00e1mpa kialak\u00edt\u00e1sa r\u00e9v\u00e9n egyedi \u00e9s st\u00edlusos kieg\u00e9sz\u00edt\u0151je lehet otthonodnak. A l\u00e1mpa letisztult vonalai \u00e9s f\u00e9m alapja id\u0151tlen eleganci\u00e1t sug\u00e1roznak, ami b\u00e1rmilyen bels\u0151 t\u00e9rnek m\u00e9lt\u00f3 d\u00edsze lehet. A f\u00e9m alap finom csillog\u00e1sa egyed\u00fcl\u00e1ll\u00f3 var\u00e1zst k\u00f6lcs\u00f6n\u00f6z a l\u00e1mp\u00e1nak, \u00e9s a r\u00e9gi id\u0151k hangulat\u00e1t id\u00e9zi meg.<\/p>\n<p>Ez a vintage l\u00e1mpa k\u00fcl\u00f6nleges atmoszf\u00e9r\u00e1t teremt minden helyis\u00e9gben. Az antik st\u00edlus\u00fa design eml\u00e9keztet minket a m\u00faltra \u00e9s a luxusra. A l\u00e1mpa puha, meleg f\u00e9nyt sug\u00e1roz, ami ide\u00e1lis hangulatot teremt egy romantikus vacsora alkalm\u00e1val vagy egy pihentet\u0151 olvas\u00e1shoz est\u00e9nk\u00e9nt.<\/p>","protected":false},"featured_media":3944,"template":"","meta":[],"product_brand":[],"product_cat":[1383],"product_tag":[825,59,410,1366,181,1368,83,652,1367,50],"class_list":{"0":"post-3549","1":"product","2":"type-product","3":"status-publish","4":"has-post-thumbnail","6":"product_cat-lampak-elektronika","7":"product_tag-asztali-lampa","8":"product_tag-dekoracio","9":"product_tag-elektronika","10":"product_tag-femtalpas","11":"product_tag-lampa","12":"product_tag-regi-idok","13":"product_tag-retro","14":"product_tag-stilus","15":"product_tag-szovet-bura","16":"product_tag-vintage","17":"description-off","19":"first","20":"instock","21":"shipping-taxable","22":"purchasable","23":"product-type-simple"},"yoast_head":"<!-- This site is optimized with the Yoast SEO plugin v27.3 - https:\/\/yoast.com\/product\/yoast-seo-wordpress\/ -->\n<title>Vintage f\u00e9mtalpas asztali l\u00e1mpa - yupie.app<\/title>\n<meta name=\"description\" content=\"A vintage f\u00e9mtalpas asztali l\u00e1mpa r\u00e9gi id\u0151k sz\u00e9ps\u00e9g\u00e9t hozza el otthonunkba, csod\u00e1latos k\u00fclsej\u00e9vel. Ez a csod\u00e1latos asztali l\u00e1mpa igazi id\u0151utaz\u00e1st k\u00edn\u00e1l.\" \/>\n<meta name=\"robots\" content=\"index, follow, max-snippet:-1, max-image-preview:large, max-video-preview:-1\" \/>\n<link rel=\"canonical\" href=\"https:\/\/yupie.app\/ro\/product\/vintage-femtalpas-asztali-lampa\/\" \/>\n<meta property=\"og:locale\" content=\"ro_RO\" \/>\n<meta property=\"og:type\" content=\"article\" \/>\n<meta property=\"og:title\" content=\"Vintage f\u00e9mtalpas asztali l\u00e1mpa - yupie.app\" \/>\n<meta property=\"og:description\" content=\"A vintage f\u00e9mtalpas asztali l\u00e1mpa r\u00e9gi id\u0151k sz\u00e9ps\u00e9g\u00e9t hozza el otthonunkba, csod\u00e1latos k\u00fclsej\u00e9vel. Ez a csod\u00e1latos asztali l\u00e1mpa igazi id\u0151utaz\u00e1st k\u00edn\u00e1l.\" \/>\n<meta property=\"og:url\" content=\"https:\/\/yupie.app\/ro\/product\/vintage-femtalpas-asztali-lampa\/\" \/>\n<meta property=\"og:site_name\" content=\"yupie.app\" \/>\n<meta property=\"article:publisher\" content=\"https:\/\/www.facebook.com\/profile.php?id=100089345417295\" \/>\n<meta property=\"article:modified_time\" content=\"2026-01-06T09:09:36+00:00\" \/>\n<meta property=\"og:image\" content=\"https:\/\/yupie.app\/wp-content\/uploads\/2023\/09\/DSC02310-1024x1024.png\" \/>\n\t<meta property=\"og:image:width\" content=\"1024\" \/>\n\t<meta property=\"og:image:height\" content=\"1024\" \/>\n\t<meta property=\"og:image:type\" content=\"image\/png\" \/>\n<meta name=\"twitter:card\" content=\"summary_large_image\" \/>\n<meta name=\"twitter:label1\" content=\"Timp estimat pentru citire\" \/>\n\t<meta name=\"twitter:data1\" content=\"1 minut\" \/>\n<script type=\"application\/ld+json\" class=\"yoast-schema-graph\">{\"@context\":\"https:\\\/\\\/schema.org\",\"@graph\":[{\"@type\":\"WebPage\",\"@id\":\"https:\\\/\\\/yupie.app\\\/product\\\/vintage-femtalpas-asztali-lampa\\\/\",\"url\":\"https:\\\/\\\/yupie.app\\\/product\\\/vintage-femtalpas-asztali-lampa\\\/\",\"name\":\"Vintage f\u00e9mtalpas asztali l\u00e1mpa - yupie.app\",\"isPartOf\":{\"@id\":\"https:\\\/\\\/yupie.app\\\/#website\"},\"primaryImageOfPage\":{\"@id\":\"https:\\\/\\\/yupie.app\\\/product\\\/vintage-femtalpas-asztali-lampa\\\/#primaryimage\"},\"image\":{\"@id\":\"https:\\\/\\\/yupie.app\\\/product\\\/vintage-femtalpas-asztali-lampa\\\/#primaryimage\"},\"thumbnailUrl\":\"https:\\\/\\\/yupie.app\\\/wp-content\\\/uploads\\\/2023\\\/09\\\/DSC02310.png\",\"datePublished\":\"2023-09-07T13:03:47+00:00\",\"dateModified\":\"2026-01-06T09:09:36+00:00\",\"description\":\"A vintage f\u00e9mtalpas asztali l\u00e1mpa r\u00e9gi id\u0151k sz\u00e9ps\u00e9g\u00e9t hozza el otthonunkba, csod\u00e1latos k\u00fclsej\u00e9vel. Ez a csod\u00e1latos asztali l\u00e1mpa igazi id\u0151utaz\u00e1st k\u00edn\u00e1l.\",\"breadcrumb\":{\"@id\":\"https:\\\/\\\/yupie.app\\\/product\\\/vintage-femtalpas-asztali-lampa\\\/#breadcrumb\"},\"inLanguage\":\"ro-RO\",\"potentialAction\":[{\"@type\":\"ReadAction\",\"target\":[\"https:\\\/\\\/yupie.app\\\/product\\\/vintage-femtalpas-asztali-lampa\\\/\"]}]},{\"@type\":\"ImageObject\",\"inLanguage\":\"ro-RO\",\"@id\":\"https:\\\/\\\/yupie.app\\\/product\\\/vintage-femtalpas-asztali-lampa\\\/#primaryimage\",\"url\":\"https:\\\/\\\/yupie.app\\\/wp-content\\\/uploads\\\/2023\\\/09\\\/DSC02310.png\",\"contentUrl\":\"https:\\\/\\\/yupie.app\\\/wp-content\\\/uploads\\\/2023\\\/09\\\/DSC02310.png\",\"width\":2418,\"height\":2418,\"caption\":\"Vintage f\u00e9mtalpas asztali l\u00e1mpa, elektronika, l\u00e1mp\u00e1k, yupie\"},{\"@type\":\"BreadcrumbList\",\"@id\":\"https:\\\/\\\/yupie.app\\\/product\\\/vintage-femtalpas-asztali-lampa\\\/#breadcrumb\",\"itemListElement\":[{\"@type\":\"ListItem\",\"position\":1,\"name\":\"Kezd\u0151lap\",\"item\":\"https:\\\/\\\/yupie.app\\\/\"},{\"@type\":\"ListItem\",\"position\":2,\"name\":\"Katal\u00f3gus\",\"item\":\"https:\\\/\\\/yupie.app\\\/katalogus\\\/\"},{\"@type\":\"ListItem\",\"position\":3,\"name\":\"Vintage f\u00e9mtalpas asztali l\u00e1mpa\"}]},{\"@type\":\"WebSite\",\"@id\":\"https:\\\/\\\/yupie.app\\\/#website\",\"url\":\"https:\\\/\\\/yupie.app\\\/\",\"name\":\"yupie.app\",\"description\":\"\",\"publisher\":{\"@id\":\"https:\\\/\\\/yupie.app\\\/#organization\"},\"potentialAction\":[{\"@type\":\"SearchAction\",\"target\":{\"@type\":\"EntryPoint\",\"urlTemplate\":\"https:\\\/\\\/yupie.app\\\/?s={search_term_string}\"},\"query-input\":{\"@type\":\"PropertyValueSpecification\",\"valueRequired\":true,\"valueName\":\"search_term_string\"}}],\"inLanguage\":\"ro-RO\"},{\"@type\":\"Organization\",\"@id\":\"https:\\\/\\\/yupie.app\\\/#organization\",\"name\":\"yupie.app\",\"url\":\"https:\\\/\\\/yupie.app\\\/\",\"logo\":{\"@type\":\"ImageObject\",\"inLanguage\":\"ro-RO\",\"@id\":\"https:\\\/\\\/yupie.app\\\/#\\\/schema\\\/logo\\\/image\\\/\",\"url\":\"https:\\\/\\\/yupie.app\\\/wp-content\\\/uploads\\\/2025\\\/07\\\/cropped-uj-logo.png\",\"contentUrl\":\"https:\\\/\\\/yupie.app\\\/wp-content\\\/uploads\\\/2025\\\/07\\\/cropped-uj-logo.png\",\"width\":500,\"height\":208,\"caption\":\"yupie.app\"},\"image\":{\"@id\":\"https:\\\/\\\/yupie.app\\\/#\\\/schema\\\/logo\\\/image\\\/\"},\"sameAs\":[\"https:\\\/\\\/www.facebook.com\\\/profile.php?id=100089345417295\"]}]}<\/script>\n<!-- \/ Yoast SEO plugin. -->","yoast_head_json":{"title":"Vintage f\u00e9mtalpas asztali l\u00e1mpa - yupie.app","description":"A vintage f\u00e9mtalpas asztali l\u00e1mpa r\u00e9gi id\u0151k sz\u00e9ps\u00e9g\u00e9t hozza el otthonunkba, csod\u00e1latos k\u00fclsej\u00e9vel. Ez a csod\u00e1latos asztali l\u00e1mpa igazi id\u0151utaz\u00e1st k\u00edn\u00e1l.","robots":{"index":"index","follow":"follow","max-snippet":"max-snippet:-1","max-image-preview":"max-image-preview:large","max-video-preview":"max-video-preview:-1"},"canonical":"https:\/\/yupie.app\/ro\/product\/vintage-femtalpas-asztali-lampa\/","og_locale":"ro_RO","og_type":"article","og_title":"Vintage f\u00e9mtalpas asztali l\u00e1mpa - yupie.app","og_description":"A vintage f\u00e9mtalpas asztali l\u00e1mpa r\u00e9gi id\u0151k sz\u00e9ps\u00e9g\u00e9t hozza el otthonunkba, csod\u00e1latos k\u00fclsej\u00e9vel. Ez a csod\u00e1latos asztali l\u00e1mpa igazi id\u0151utaz\u00e1st k\u00edn\u00e1l.","og_url":"https:\/\/yupie.app\/ro\/product\/vintage-femtalpas-asztali-lampa\/","og_site_name":"yupie.app","article_publisher":"https:\/\/www.facebook.com\/profile.php?id=100089345417295","article_modified_time":"2026-01-06T09:09:36+00:00","og_image":[{"width":1024,"height":1024,"url":"https:\/\/yupie.app\/wp-content\/uploads\/2023\/09\/DSC02310-1024x1024.png","type":"image\/png"}],"twitter_card":"summary_large_image","twitter_misc":{"Timp estimat pentru citire":"1 minut"},"schema":{"@context":"https:\/\/schema.org","@graph":[{"@type":"WebPage","@id":"https:\/\/yupie.app\/product\/vintage-femtalpas-asztali-lampa\/","url":"https:\/\/yupie.app\/product\/vintage-femtalpas-asztali-lampa\/","name":"Vintage f\u00e9mtalpas asztali l\u00e1mpa - yupie.app","isPartOf":{"@id":"https:\/\/yupie.app\/#website"},"primaryImageOfPage":{"@id":"https:\/\/yupie.app\/product\/vintage-femtalpas-asztali-lampa\/#primaryimage"},"image":{"@id":"https:\/\/yupie.app\/product\/vintage-femtalpas-asztali-lampa\/#primaryimage"},"thumbnailUrl":"https:\/\/yupie.app\/wp-content\/uploads\/2023\/09\/DSC02310.png","datePublished":"2023-09-07T13:03:47+00:00","dateModified":"2026-01-06T09:09:36+00:00","description":"A vintage f\u00e9mtalpas asztali l\u00e1mpa r\u00e9gi id\u0151k sz\u00e9ps\u00e9g\u00e9t hozza el otthonunkba, csod\u00e1latos k\u00fclsej\u00e9vel. Ez a csod\u00e1latos asztali l\u00e1mpa igazi id\u0151utaz\u00e1st k\u00edn\u00e1l.","breadcrumb":{"@id":"https:\/\/yupie.app\/product\/vintage-femtalpas-asztali-lampa\/#breadcrumb"},"inLanguage":"ro-RO","potentialAction":[{"@type":"ReadAction","target":["https:\/\/yupie.app\/product\/vintage-femtalpas-asztali-lampa\/"]}]},{"@type":"ImageObject","inLanguage":"ro-RO","@id":"https:\/\/yupie.app\/product\/vintage-femtalpas-asztali-lampa\/#primaryimage","url":"https:\/\/yupie.app\/wp-content\/uploads\/2023\/09\/DSC02310.png","contentUrl":"https:\/\/yupie.app\/wp-content\/uploads\/2023\/09\/DSC02310.png","width":2418,"height":2418,"caption":"Vintage f\u00e9mtalpas asztali l\u00e1mpa, elektronika, l\u00e1mp\u00e1k, yupie"},{"@type":"BreadcrumbList","@id":"https:\/\/yupie.app\/product\/vintage-femtalpas-asztali-lampa\/#breadcrumb","itemListElement":[{"@type":"ListItem","position":1,"name":"Kezd\u0151lap","item":"https:\/\/yupie.app\/"},{"@type":"ListItem","position":2,"name":"Katal\u00f3gus","item":"https:\/\/yupie.app\/katalogus\/"},{"@type":"ListItem","position":3,"name":"Vintage f\u00e9mtalpas asztali l\u00e1mpa"}]},{"@type":"WebSite","@id":"https:\/\/yupie.app\/#website","url":"https:\/\/yupie.app\/","name":"yupie.app","description":"","publisher":{"@id":"https:\/\/yupie.app\/#organization"},"potentialAction":[{"@type":"SearchAction","target":{"@type":"EntryPoint","urlTemplate":"https:\/\/yupie.app\/?s={search_term_string}"},"query-input":{"@type":"PropertyValueSpecification","valueRequired":true,"valueName":"search_term_string"}}],"inLanguage":"ro-RO"},{"@type":"Organization","@id":"https:\/\/yupie.app\/#organization","name":"yupie.app","url":"https:\/\/yupie.app\/","logo":{"@type":"ImageObject","inLanguage":"ro-RO","@id":"https:\/\/yupie.app\/#\/schema\/logo\/image\/","url":"https:\/\/yupie.app\/wp-content\/uploads\/2025\/07\/cropped-uj-logo.png","contentUrl":"https:\/\/yupie.app\/wp-content\/uploads\/2025\/07\/cropped-uj-logo.png","width":500,"height":208,"caption":"yupie.app"},"image":{"@id":"https:\/\/yupie.app\/#\/schema\/logo\/image\/"},"sameAs":["https:\/\/www.facebook.com\/profile.php?id=100089345417295"]}]}},"jetpack_sharing_enabled":true,"_links":{"self":[{"href":"https:\/\/yupie.app\/ro\/wp-json\/wp\/v2\/product\/3549","targetHints":{"allow":["GET"]}}],"collection":[{"href":"https:\/\/yupie.app\/ro\/wp-json\/wp\/v2\/product"}],"about":[{"href":"https:\/\/yupie.app\/ro\/wp-json\/wp\/v2\/types\/product"}],"version-history":[{"count":0,"href":"https:\/\/yupie.app\/ro\/wp-json\/wp\/v2\/product\/3549\/revisions"}],"wp:featuredmedia":[{"embeddable":true,"href":"https:\/\/yupie.app\/ro\/wp-json\/wp\/v2\/media\/3944"}],"wp:attachment":[{"href":"https:\/\/yupie.app\/ro\/wp-json\/wp\/v2\/media?parent=3549"}],"wp:term":[{"taxonomy":"product_brand","embeddable":true,"href":"https:\/\/yupie.app\/ro\/wp-json\/wp\/v2\/product_brand?post=3549"},{"taxonomy":"product_cat","embeddable":true,"href":"https:\/\/yupie.app\/ro\/wp-json\/wp\/v2\/product_cat?post=3549"},{"taxonomy":"product_tag","embeddable":true,"href":"https:\/\/yupie.app\/ro\/wp-json\/wp\/v2\/product_tag?post=3549"}],"curies":[{"name":"wp","href":"https:\/\/api.w.org\/{rel}","templated":true}]}}