{"id":3440,"date":"2023-09-07T12:59:27","date_gmt":"2023-09-07T10:59:27","guid":{"rendered":"https:\/\/yupie.hu\/?post_type=product&#038;p=3440"},"modified":"2026-03-27T09:42:10","modified_gmt":"2026-03-27T07:42:10","slug":"faragott-orias-gyertyatarto","status":"publish","type":"product","link":"https:\/\/yupie.app\/ro\/product\/faragott-orias-gyertyatarto\/","title":{"rendered":"Faragott \u00f3ri\u00e1s fa gyertyatart\u00f3 \u2013 vintage dekor\u00e1ci\u00f3"},"content":{"rendered":"<p data-start=\"202\" data-end=\"266\">Ez nem csak egy gyertyatart\u00f3.<br data-start=\"231\" data-end=\"234\" \/>Ez egy <strong data-start=\"241\" data-end=\"265\">hangulat\u00e9p\u00edt\u0151 eszk\u00f6z<\/strong>.<\/p>\n<p data-start=\"268\" data-end=\"401\">Egy olyan darab, ami egy \u00fcres kom\u00f3dot, asztalt vagy sarkot <strong data-start=\"327\" data-end=\"348\">karakterr\u00e9 alak\u00edt<\/strong>. Nem kell t\u00f6bb dekor \u2013 ez \u00f6nmag\u00e1ban elviszi a teret.<\/p>\n<p data-start=\"403\" data-end=\"532\">A 51,5 cm-es magass\u00e1ga miatt <strong data-start=\"432\" data-end=\"456\">nem vesz el a t\u00e9rben<\/strong>, hanem jelen van. L\u00e1tszik. Hat.<br data-start=\"488\" data-end=\"491\" \/>Pont ez az, amit a legt\u00f6bb dekor nem tud.<\/p>\n<p data-start=\"534\" data-end=\"740\">A faragott kialak\u00edt\u00e1s nem csak d\u00edsz:<br data-start=\"570\" data-end=\"573\" \/>\ud83d\udc49 <strong data-start=\"576\" data-end=\"600\">text\u00far\u00e1t ad a t\u00e9rnek<\/strong><br data-start=\"600\" data-end=\"603\" \/>\ud83d\udc49 megt\u00f6ri az egyhang\u00fa fel\u00fcleteket<br data-start=\"637\" data-end=\"640\" \/>\ud83d\udc49 \u00e9s azt az \u00e9rz\u00e9st kelti, hogy ez nem egy \u201epolcr\u00f3l levett darab\u201d, hanem <strong data-start=\"713\" data-end=\"740\">valaminek t\u00f6rt\u00e9nete van<\/strong><\/p>\n<p data-start=\"742\" data-end=\"782\">Amikor meggy\u00fajtasz rajta egy gyerty\u00e1t:<\/p>\n<ul data-start=\"783\" data-end=\"893\">\n<li data-section-id=\"i2w4jv\" data-start=\"783\" data-end=\"807\">nem csak f\u00e9nyt kapsz<\/li>\n<li data-section-id=\"93qt8a\" data-start=\"808\" data-end=\"852\">hanem egy <strong data-start=\"820\" data-end=\"850\">meleg, nyugodt atmoszf\u00e9r\u00e1t<\/strong><\/li>\n<li data-section-id=\"oeluhe\" data-start=\"853\" data-end=\"893\">ami azonnal \u00e1talak\u00edtja a k\u00f6rnyezetet<\/li>\n<\/ul>\n<p data-start=\"895\" data-end=\"937\">Ez\u00e9rt haszn\u00e1lj\u00e1k ilyen t\u00edpus\u00fa darabokat:<\/p>\n<ul data-start=\"938\" data-end=\"1061\">\n<li data-section-id=\"1umsk9r\" data-start=\"938\" data-end=\"969\">nappalik k\u00f6zponti elemek\u00e9nt<\/li>\n<li data-section-id=\"7n3iv2\" data-start=\"970\" data-end=\"1008\">\u00e9tkez\u0151asztalon hangulatteremt\u00e9shez<\/li>\n<li data-section-id=\"g264aq\" data-start=\"1009\" data-end=\"1061\">vend\u00e9gl\u00e1t\u00f3helyeken, ahol sz\u00e1m\u00edt az els\u0151 benyom\u00e1s<\/li>\n<\/ul>\n<p data-start=\"1063\" data-end=\"1114\">\ud83d\udc49 Ez a term\u00e9k nem funkci\u00f3t ad.<br data-start=\"1094\" data-end=\"1097\" \/>\ud83d\udc49 <strong data-start=\"1100\" data-end=\"1114\">\u00c9rz\u00e9st ad.<\/strong><\/p>\n<h2 data-section-id=\"5qqge2\" data-start=\"1121\" data-end=\"1155\"><span role=\"text\">\ud83d\udcb0 <strong data-start=\"1127\" data-end=\"1155\">\u00c9rt\u00e9k \u2013 \u00e9s mi\u00e9rt \u00e9ri meg<\/strong><\/span><\/h2>\n<p data-start=\"1157\" data-end=\"1181\">A legt\u00f6bb olcs\u00f3 dekor:<\/p>\n<ul data-start=\"1182\" data-end=\"1236\">\n<li data-section-id=\"1jnf1ar\" data-start=\"1182\" data-end=\"1191\">kicsi<\/li>\n<li data-section-id=\"c2cupv\" data-start=\"1192\" data-end=\"1211\">\u00e9szrevehetetlen<\/li>\n<li data-section-id=\"1nf28uc\" data-start=\"1212\" data-end=\"1236\">nem v\u00e1ltoztat semmin<\/li>\n<\/ul>\n<p data-start=\"1238\" data-end=\"1348\">Ez viszont:<br data-start=\"1249\" data-end=\"1252\" \/>\u2714 m\u00e9retben kiemelked\u0151<br data-start=\"1273\" data-end=\"1276\" \/>\u2714 azonnali vizu\u00e1lis hat\u00e1s<br data-start=\"1301\" data-end=\"1304\" \/>\u2714 id\u0151t\u00e1ll\u00f3 st\u00edlus (nem megy ki a divatb\u00f3l)<\/p>","protected":false},"excerpt":{"rendered":"<p>Ez a faragott \u00f3ri\u00e1s gyertyatart\u00f3 leny\u0171g\u00f6z\u0151 m\u0171alkot\u00e1s, melyen a f\u00e1k \u00e9s elef\u00e1ntok mot\u00edvumai d\u00edsz\u00edtik a fel\u00fcletet. Ez a leny\u0171g\u00f6z\u0151 darab egyar\u00e1nt mag\u00e1ban hordozza a term\u00e9szet \u00e9s az \u00e1llatvil\u00e1g sz\u00e9ps\u00e9g\u00e9t, \u00e9s k\u00e9pes elvar\u00e1zsolni mindazokat, akik r\u00e1pillantanak.<\/p>\n<p>A gyertyatart\u00f3 sz\u00e1mos r\u00e9szlet\u00e9ben megjelenik a fafarag\u00e1s mesters\u00e9ge, melyet gondosan megmunk\u00e1ltak, hogy \u00e9letre kelts\u00e9k a f\u00e1k finom rezd\u00fcl\u00e9seit \u00e9s a hatalmas elef\u00e1ntok jelenl\u00e9t\u00e9t.<\/p>","protected":false},"featured_media":3949,"template":"","meta":[],"product_brand":[],"product_cat":[1390],"product_tag":[59,836,252,237,320,168,63,704,705],"class_list":{"0":"post-3440","1":"product","2":"type-product","3":"status-publish","4":"has-post-thumbnail","6":"product_cat-gyertyatartok","7":"product_tag-dekoracio","8":"product_tag-fabol-faragott","9":"product_tag-fabol-keszult","10":"product_tag-faragott","11":"product_tag-gyertya","12":"product_tag-gyertyatarto","13":"product_tag-kezzel-keszult","14":"product_tag-kidolgozott","15":"product_tag-reszletes","16":"description-off","18":"first","19":"instock","20":"shipping-taxable","21":"purchasable","22":"product-type-simple"},"yoast_head":"<!-- This site is optimized with the Yoast SEO plugin v27.3 - https:\/\/yoast.com\/product\/yoast-seo-wordpress\/ -->\n<title>Faragott \u00f3ri\u00e1s gyertyatart\u00f3 \u2013 vintage fa dekor 51,5 cm<\/title>\n<meta name=\"description\" content=\"Ez a faragott \u00f3ri\u00e1s gyertyatart\u00f3 leny\u0171g\u00f6z\u0151 alkot\u00e1s. Ez a leny\u0171g\u00f6z\u0151 darab a m\u0171v\u00e9szi farag\u00e1s mestermunk\u00e1ja. Fel\u00fclet\u00e9t kidolgozott farag\u00e1sok bor\u00edtj\u00e1k.\" \/>\n<meta name=\"robots\" content=\"index, follow, max-snippet:-1, max-image-preview:large, max-video-preview:-1\" \/>\n<link rel=\"canonical\" href=\"https:\/\/yupie.app\/ro\/product\/faragott-orias-gyertyatarto\/\" \/>\n<meta property=\"og:locale\" content=\"ro_RO\" \/>\n<meta property=\"og:type\" content=\"article\" \/>\n<meta property=\"og:title\" content=\"Faragott \u00f3ri\u00e1s gyertyatart\u00f3 \u2013 vintage fa dekor 51,5 cm\" \/>\n<meta property=\"og:description\" content=\"Ez a faragott \u00f3ri\u00e1s gyertyatart\u00f3 leny\u0171g\u00f6z\u0151 alkot\u00e1s. Ez a leny\u0171g\u00f6z\u0151 darab a m\u0171v\u00e9szi farag\u00e1s mestermunk\u00e1ja. Fel\u00fclet\u00e9t kidolgozott farag\u00e1sok bor\u00edtj\u00e1k.\" \/>\n<meta property=\"og:url\" content=\"https:\/\/yupie.app\/ro\/product\/faragott-orias-gyertyatarto\/\" \/>\n<meta property=\"og:site_name\" content=\"yupie.app\" \/>\n<meta property=\"article:publisher\" content=\"https:\/\/www.facebook.com\/profile.php?id=100089345417295\" \/>\n<meta property=\"article:modified_time\" content=\"2026-03-27T07:42:10+00:00\" \/>\n<meta property=\"og:image\" content=\"https:\/\/yupie.app\/wp-content\/uploads\/2023\/09\/DSC02181.png\" \/>\n\t<meta property=\"og:image:width\" content=\"1934\" \/>\n\t<meta property=\"og:image:height\" content=\"1934\" \/>\n\t<meta property=\"og:image:type\" content=\"image\/png\" \/>\n<meta name=\"twitter:card\" content=\"summary_large_image\" \/>\n<meta name=\"twitter:label1\" content=\"Timp estimat pentru citire\" \/>\n\t<meta name=\"twitter:data1\" content=\"2 minute\" \/>\n<script type=\"application\/ld+json\" class=\"yoast-schema-graph\">{\"@context\":\"https:\\\/\\\/schema.org\",\"@graph\":[{\"@type\":\"WebPage\",\"@id\":\"https:\\\/\\\/yupie.app\\\/product\\\/faragott-orias-gyertyatarto\\\/\",\"url\":\"https:\\\/\\\/yupie.app\\\/product\\\/faragott-orias-gyertyatarto\\\/\",\"name\":\"Faragott \u00f3ri\u00e1s gyertyatart\u00f3 \u2013 vintage fa dekor 51,5 cm\",\"isPartOf\":{\"@id\":\"https:\\\/\\\/yupie.app\\\/#website\"},\"primaryImageOfPage\":{\"@id\":\"https:\\\/\\\/yupie.app\\\/product\\\/faragott-orias-gyertyatarto\\\/#primaryimage\"},\"image\":{\"@id\":\"https:\\\/\\\/yupie.app\\\/product\\\/faragott-orias-gyertyatarto\\\/#primaryimage\"},\"thumbnailUrl\":\"https:\\\/\\\/yupie.app\\\/wp-content\\\/uploads\\\/2023\\\/09\\\/DSC02181.png\",\"datePublished\":\"2023-09-07T10:59:27+00:00\",\"dateModified\":\"2026-03-27T07:42:10+00:00\",\"description\":\"Ez a faragott \u00f3ri\u00e1s gyertyatart\u00f3 leny\u0171g\u00f6z\u0151 alkot\u00e1s. Ez a leny\u0171g\u00f6z\u0151 darab a m\u0171v\u00e9szi farag\u00e1s mestermunk\u00e1ja. Fel\u00fclet\u00e9t kidolgozott farag\u00e1sok bor\u00edtj\u00e1k.\",\"breadcrumb\":{\"@id\":\"https:\\\/\\\/yupie.app\\\/product\\\/faragott-orias-gyertyatarto\\\/#breadcrumb\"},\"inLanguage\":\"ro-RO\",\"potentialAction\":[{\"@type\":\"ReadAction\",\"target\":[\"https:\\\/\\\/yupie.app\\\/product\\\/faragott-orias-gyertyatarto\\\/\"]}]},{\"@type\":\"ImageObject\",\"inLanguage\":\"ro-RO\",\"@id\":\"https:\\\/\\\/yupie.app\\\/product\\\/faragott-orias-gyertyatarto\\\/#primaryimage\",\"url\":\"https:\\\/\\\/yupie.app\\\/wp-content\\\/uploads\\\/2023\\\/09\\\/DSC02181.png\",\"contentUrl\":\"https:\\\/\\\/yupie.app\\\/wp-content\\\/uploads\\\/2023\\\/09\\\/DSC02181.png\",\"width\":1934,\"height\":1934,\"caption\":\"Karakteres, faragott fa gyertyatart\u00f3, amely azonnal hangulatot teremt b\u00e1rmilyen t\u00e9rben.\"},{\"@type\":\"BreadcrumbList\",\"@id\":\"https:\\\/\\\/yupie.app\\\/product\\\/faragott-orias-gyertyatarto\\\/#breadcrumb\",\"itemListElement\":[{\"@type\":\"ListItem\",\"position\":1,\"name\":\"Kezd\u0151lap\",\"item\":\"https:\\\/\\\/yupie.app\\\/\"},{\"@type\":\"ListItem\",\"position\":2,\"name\":\"Katal\u00f3gus\",\"item\":\"https:\\\/\\\/yupie.app\\\/katalogus\\\/\"},{\"@type\":\"ListItem\",\"position\":3,\"name\":\"Faragott \u00f3ri\u00e1s fa gyertyatart\u00f3 \u2013 vintage dekor\u00e1ci\u00f3\"}]},{\"@type\":\"WebSite\",\"@id\":\"https:\\\/\\\/yupie.app\\\/#website\",\"url\":\"https:\\\/\\\/yupie.app\\\/\",\"name\":\"yupie.app\",\"description\":\"\",\"publisher\":{\"@id\":\"https:\\\/\\\/yupie.app\\\/#organization\"},\"potentialAction\":[{\"@type\":\"SearchAction\",\"target\":{\"@type\":\"EntryPoint\",\"urlTemplate\":\"https:\\\/\\\/yupie.app\\\/?s={search_term_string}\"},\"query-input\":{\"@type\":\"PropertyValueSpecification\",\"valueRequired\":true,\"valueName\":\"search_term_string\"}}],\"inLanguage\":\"ro-RO\"},{\"@type\":\"Organization\",\"@id\":\"https:\\\/\\\/yupie.app\\\/#organization\",\"name\":\"yupie.app\",\"url\":\"https:\\\/\\\/yupie.app\\\/\",\"logo\":{\"@type\":\"ImageObject\",\"inLanguage\":\"ro-RO\",\"@id\":\"https:\\\/\\\/yupie.app\\\/#\\\/schema\\\/logo\\\/image\\\/\",\"url\":\"https:\\\/\\\/yupie.app\\\/wp-content\\\/uploads\\\/2025\\\/07\\\/cropped-uj-logo.png\",\"contentUrl\":\"https:\\\/\\\/yupie.app\\\/wp-content\\\/uploads\\\/2025\\\/07\\\/cropped-uj-logo.png\",\"width\":500,\"height\":208,\"caption\":\"yupie.app\"},\"image\":{\"@id\":\"https:\\\/\\\/yupie.app\\\/#\\\/schema\\\/logo\\\/image\\\/\"},\"sameAs\":[\"https:\\\/\\\/www.facebook.com\\\/profile.php?id=100089345417295\"]}]}<\/script>\n<!-- \/ Yoast SEO plugin. -->","yoast_head_json":{"title":"Faragott \u00f3ri\u00e1s gyertyatart\u00f3 \u2013 vintage fa dekor 51,5 cm","description":"Ez a faragott \u00f3ri\u00e1s gyertyatart\u00f3 leny\u0171g\u00f6z\u0151 alkot\u00e1s. Ez a leny\u0171g\u00f6z\u0151 darab a m\u0171v\u00e9szi farag\u00e1s mestermunk\u00e1ja. Fel\u00fclet\u00e9t kidolgozott farag\u00e1sok bor\u00edtj\u00e1k.","robots":{"index":"index","follow":"follow","max-snippet":"max-snippet:-1","max-image-preview":"max-image-preview:large","max-video-preview":"max-video-preview:-1"},"canonical":"https:\/\/yupie.app\/ro\/product\/faragott-orias-gyertyatarto\/","og_locale":"ro_RO","og_type":"article","og_title":"Faragott \u00f3ri\u00e1s gyertyatart\u00f3 \u2013 vintage fa dekor 51,5 cm","og_description":"Ez a faragott \u00f3ri\u00e1s gyertyatart\u00f3 leny\u0171g\u00f6z\u0151 alkot\u00e1s. Ez a leny\u0171g\u00f6z\u0151 darab a m\u0171v\u00e9szi farag\u00e1s mestermunk\u00e1ja. Fel\u00fclet\u00e9t kidolgozott farag\u00e1sok bor\u00edtj\u00e1k.","og_url":"https:\/\/yupie.app\/ro\/product\/faragott-orias-gyertyatarto\/","og_site_name":"yupie.app","article_publisher":"https:\/\/www.facebook.com\/profile.php?id=100089345417295","article_modified_time":"2026-03-27T07:42:10+00:00","og_image":[{"width":1934,"height":1934,"url":"https:\/\/yupie.app\/wp-content\/uploads\/2023\/09\/DSC02181.png","type":"image\/png"}],"twitter_card":"summary_large_image","twitter_misc":{"Timp estimat pentru citire":"2 minute"},"schema":{"@context":"https:\/\/schema.org","@graph":[{"@type":"WebPage","@id":"https:\/\/yupie.app\/product\/faragott-orias-gyertyatarto\/","url":"https:\/\/yupie.app\/product\/faragott-orias-gyertyatarto\/","name":"Faragott \u00f3ri\u00e1s gyertyatart\u00f3 \u2013 vintage fa dekor 51,5 cm","isPartOf":{"@id":"https:\/\/yupie.app\/#website"},"primaryImageOfPage":{"@id":"https:\/\/yupie.app\/product\/faragott-orias-gyertyatarto\/#primaryimage"},"image":{"@id":"https:\/\/yupie.app\/product\/faragott-orias-gyertyatarto\/#primaryimage"},"thumbnailUrl":"https:\/\/yupie.app\/wp-content\/uploads\/2023\/09\/DSC02181.png","datePublished":"2023-09-07T10:59:27+00:00","dateModified":"2026-03-27T07:42:10+00:00","description":"Ez a faragott \u00f3ri\u00e1s gyertyatart\u00f3 leny\u0171g\u00f6z\u0151 alkot\u00e1s. Ez a leny\u0171g\u00f6z\u0151 darab a m\u0171v\u00e9szi farag\u00e1s mestermunk\u00e1ja. Fel\u00fclet\u00e9t kidolgozott farag\u00e1sok bor\u00edtj\u00e1k.","breadcrumb":{"@id":"https:\/\/yupie.app\/product\/faragott-orias-gyertyatarto\/#breadcrumb"},"inLanguage":"ro-RO","potentialAction":[{"@type":"ReadAction","target":["https:\/\/yupie.app\/product\/faragott-orias-gyertyatarto\/"]}]},{"@type":"ImageObject","inLanguage":"ro-RO","@id":"https:\/\/yupie.app\/product\/faragott-orias-gyertyatarto\/#primaryimage","url":"https:\/\/yupie.app\/wp-content\/uploads\/2023\/09\/DSC02181.png","contentUrl":"https:\/\/yupie.app\/wp-content\/uploads\/2023\/09\/DSC02181.png","width":1934,"height":1934,"caption":"Karakteres, faragott fa gyertyatart\u00f3, amely azonnal hangulatot teremt b\u00e1rmilyen t\u00e9rben."},{"@type":"BreadcrumbList","@id":"https:\/\/yupie.app\/product\/faragott-orias-gyertyatarto\/#breadcrumb","itemListElement":[{"@type":"ListItem","position":1,"name":"Kezd\u0151lap","item":"https:\/\/yupie.app\/"},{"@type":"ListItem","position":2,"name":"Katal\u00f3gus","item":"https:\/\/yupie.app\/katalogus\/"},{"@type":"ListItem","position":3,"name":"Faragott \u00f3ri\u00e1s fa gyertyatart\u00f3 \u2013 vintage dekor\u00e1ci\u00f3"}]},{"@type":"WebSite","@id":"https:\/\/yupie.app\/#website","url":"https:\/\/yupie.app\/","name":"yupie.app","description":"","publisher":{"@id":"https:\/\/yupie.app\/#organization"},"potentialAction":[{"@type":"SearchAction","target":{"@type":"EntryPoint","urlTemplate":"https:\/\/yupie.app\/?s={search_term_string}"},"query-input":{"@type":"PropertyValueSpecification","valueRequired":true,"valueName":"search_term_string"}}],"inLanguage":"ro-RO"},{"@type":"Organization","@id":"https:\/\/yupie.app\/#organization","name":"yupie.app","url":"https:\/\/yupie.app\/","logo":{"@type":"ImageObject","inLanguage":"ro-RO","@id":"https:\/\/yupie.app\/#\/schema\/logo\/image\/","url":"https:\/\/yupie.app\/wp-content\/uploads\/2025\/07\/cropped-uj-logo.png","contentUrl":"https:\/\/yupie.app\/wp-content\/uploads\/2025\/07\/cropped-uj-logo.png","width":500,"height":208,"caption":"yupie.app"},"image":{"@id":"https:\/\/yupie.app\/#\/schema\/logo\/image\/"},"sameAs":["https:\/\/www.facebook.com\/profile.php?id=100089345417295"]}]}},"jetpack_sharing_enabled":true,"_links":{"self":[{"href":"https:\/\/yupie.app\/ro\/wp-json\/wp\/v2\/product\/3440","targetHints":{"allow":["GET"]}}],"collection":[{"href":"https:\/\/yupie.app\/ro\/wp-json\/wp\/v2\/product"}],"about":[{"href":"https:\/\/yupie.app\/ro\/wp-json\/wp\/v2\/types\/product"}],"version-history":[{"count":0,"href":"https:\/\/yupie.app\/ro\/wp-json\/wp\/v2\/product\/3440\/revisions"}],"wp:featuredmedia":[{"embeddable":true,"href":"https:\/\/yupie.app\/ro\/wp-json\/wp\/v2\/media\/3949"}],"wp:attachment":[{"href":"https:\/\/yupie.app\/ro\/wp-json\/wp\/v2\/media?parent=3440"}],"wp:term":[{"taxonomy":"product_brand","embeddable":true,"href":"https:\/\/yupie.app\/ro\/wp-json\/wp\/v2\/product_brand?post=3440"},{"taxonomy":"product_cat","embeddable":true,"href":"https:\/\/yupie.app\/ro\/wp-json\/wp\/v2\/product_cat?post=3440"},{"taxonomy":"product_tag","embeddable":true,"href":"https:\/\/yupie.app\/ro\/wp-json\/wp\/v2\/product_tag?post=3440"}],"curies":[{"name":"wp","href":"https:\/\/api.w.org\/{rel}","templated":true}]}}