{"id":3431,"date":"2023-09-07T12:26:10","date_gmt":"2023-09-07T10:26:10","guid":{"rendered":"https:\/\/yupie.hu\/?post_type=product&#038;p=3431"},"modified":"2026-01-06T11:13:28","modified_gmt":"2026-01-06T09:13:28","slug":"vintage-kosmos-lampa","status":"publish","type":"product","link":"https:\/\/yupie.app\/ro\/product\/vintage-kosmos-lampa\/","title":{"rendered":"Vintage Kosmos l\u00e1mpa"},"content":{"rendered":"<p>Ez a vintage Kosmos l\u00e1mpa id\u0151tlen sz\u00e9ps\u00e9g\u0171 kincs, melynek t\u00f6rt\u00e9nete a m\u00falt sz\u00e1zad elej\u00e9re ny\u00falik vissza. Ez a gy\u00f6ny\u00f6r\u0171 antik l\u00e1mpa egy kifinomult m\u0171alkot\u00e1s, melyet a Kosmos Brenner c\u00e9g k\u00e9sz\u00edtett a m\u00falt sz\u00e1zad elej\u00e9n. A l\u00e1mpa csod\u00e1latosan kidolgozott talp\u00e1nak k\u00f6sz\u00f6nhet\u0151en stabil \u00e9s eleg\u00e1ns megjelen\u00e9s\u0171, ami t\u00f6k\u00e9letesen illeszkedik hagyom\u00e1nyos vagy antik st\u00edlus\u00fa bels\u0151 t\u00e9rbe.<\/p>\n<p>A Kosmos l\u00e1mpa kiv\u00e9telesen hossz\u00fa \u00fcveg k\u00e9mcs\u0151vel rendelkezik. Az \u00fcvegcsonk tetej\u00e9n l\u00e9v\u0151 porcel\u00e1n kupak tartalmazza a l\u00e1mpa izz\u00f3j\u00e1t, mely egykoron petr\u00f3leummal m\u0171k\u00f6d\u00f6tt.<\/p>\n<p>Ez a l\u00e1mpa nem csup\u00e1n egy f\u00e9nyforr\u00e1s, hanem egy gy\u00f6ny\u00f6r\u0171 m\u0171alkot\u00e1s, mely id\u0151utaz\u00e1st k\u00edn\u00e1l a m\u00faltba. A Kosmos l\u00e1mpa nem csup\u00e1n vil\u00e1g\u00edt, hanem otthonodba is id\u0151tlen eleganci\u00e1t hoz, \u00e9s mes\u00e9l a m\u00falt sz\u00e1zadok k\u00e9zm\u0171ves mesters\u00e9g\u00e9r\u0151l \u00e9s sz\u00e9ps\u00e9g\u00e9r\u0151l. Egy ilyen l\u00e1mpa nem csup\u00e1n d\u00edsz\u00edt\u00e9s, hanem \u00f6r\u00f6ks\u00e9g \u00e9s t\u00f6rt\u00e9nelem is, ami \u00e9rt\u00e9kes darabja lehet otthonodnak.<\/p>","protected":false},"excerpt":{"rendered":"<p>A vintage Kosmos l\u00e1mpa egy id\u0151tlen sz\u00e9ps\u00e9g\u0171 kincs, mely m\u00e9lt\u00e1n h\u00edres a st\u00edlusos \u00e9s egyedi kialak\u00edt\u00e1s\u00e1r\u00f3l. Ez a csod\u00e1latos darab egy val\u00f3di id\u0151utaz\u00e1sra invit\u00e1l minket vissza a m\u00faltba, ahol a m\u0171v\u00e9szet \u00e9s a funkcionalit\u00e1s egyes\u00fclnek.<\/p>\n<p>A l\u00e1mpa talapzata igazi m\u0171remek, melyet finom r\u00e9szletek \u00e9s d\u00edszek tesznek k\u00fcl\u00f6nlegess\u00e9. A Kosmos l\u00e1mpa egyedi form\u00e1ja \u00e9s kifinomult eleganci\u00e1ja b\u00e1rmelyik enteri\u0151rben t\u00f6k\u00e9letesen meg\u00e1llja a hely\u00e9t.<\/p>\n<p>!!Megjegyz\u00e9s: A l\u00e1mpa b\u00far\u00e1ja s\u00e9r\u00fclt!!<\/p>","protected":false},"featured_media":3950,"template":"","meta":[],"product_brand":[],"product_cat":[1383],"product_tag":[59,136,1337,181,1334,74,50],"class_list":{"0":"post-3431","1":"product","2":"type-product","3":"status-publish","4":"has-post-thumbnail","6":"product_cat-lampak-elektronika","7":"product_tag-dekoracio","8":"product_tag-egyedi","9":"product_tag-kosmos","10":"product_tag-lampa","11":"product_tag-lampak","12":"product_tag-stilusos","13":"product_tag-vintage","14":"description-off","16":"first","17":"instock","18":"shipping-taxable","19":"purchasable","20":"product-type-simple"},"yoast_head":"<!-- This site is optimized with the Yoast SEO plugin v27.3 - https:\/\/yoast.com\/product\/yoast-seo-wordpress\/ -->\n<title>Vintage Kosmos l\u00e1mpa - yupie.app<\/title>\n<meta name=\"description\" content=\"Ez a vintage Kosmos l\u00e1mpa id\u0151tlen sz\u00e9ps\u00e9g\u0171 kincs, melynek t\u00f6rt\u00e9nete a m\u00falt sz\u00e1zad elej\u00e9re ny\u00falik vissza. Ez a gy\u00f6ny\u00f6r\u0171 antik l\u00e1mpa egy kifinomult m\u0171alkot\u00e1s.\" \/>\n<meta name=\"robots\" content=\"index, follow, max-snippet:-1, max-image-preview:large, max-video-preview:-1\" \/>\n<link rel=\"canonical\" href=\"https:\/\/yupie.app\/ro\/product\/vintage-kosmos-lampa\/\" \/>\n<meta property=\"og:locale\" content=\"ro_RO\" \/>\n<meta property=\"og:type\" content=\"article\" \/>\n<meta property=\"og:title\" content=\"Vintage Kosmos l\u00e1mpa - yupie.app\" \/>\n<meta property=\"og:description\" content=\"Ez a vintage Kosmos l\u00e1mpa id\u0151tlen sz\u00e9ps\u00e9g\u0171 kincs, melynek t\u00f6rt\u00e9nete a m\u00falt sz\u00e1zad elej\u00e9re ny\u00falik vissza. Ez a gy\u00f6ny\u00f6r\u0171 antik l\u00e1mpa egy kifinomult m\u0171alkot\u00e1s.\" \/>\n<meta property=\"og:url\" content=\"https:\/\/yupie.app\/ro\/product\/vintage-kosmos-lampa\/\" \/>\n<meta property=\"og:site_name\" content=\"yupie.app\" \/>\n<meta property=\"article:publisher\" content=\"https:\/\/www.facebook.com\/profile.php?id=100089345417295\" \/>\n<meta property=\"article:modified_time\" content=\"2026-01-06T09:13:28+00:00\" \/>\n<meta property=\"og:image\" content=\"https:\/\/yupie.app\/wp-content\/uploads\/2023\/09\/DSC02171.png\" \/>\n\t<meta property=\"og:image:width\" content=\"2228\" \/>\n\t<meta property=\"og:image:height\" content=\"2228\" \/>\n\t<meta property=\"og:image:type\" content=\"image\/png\" \/>\n<meta name=\"twitter:card\" content=\"summary_large_image\" \/>\n<meta name=\"twitter:label1\" content=\"Timp estimat pentru citire\" \/>\n\t<meta name=\"twitter:data1\" content=\"1 minut\" \/>\n<script type=\"application\/ld+json\" class=\"yoast-schema-graph\">{\"@context\":\"https:\\\/\\\/schema.org\",\"@graph\":[{\"@type\":\"WebPage\",\"@id\":\"https:\\\/\\\/yupie.app\\\/product\\\/vintage-kosmos-lampa\\\/\",\"url\":\"https:\\\/\\\/yupie.app\\\/product\\\/vintage-kosmos-lampa\\\/\",\"name\":\"Vintage Kosmos l\u00e1mpa - yupie.app\",\"isPartOf\":{\"@id\":\"https:\\\/\\\/yupie.app\\\/#website\"},\"primaryImageOfPage\":{\"@id\":\"https:\\\/\\\/yupie.app\\\/product\\\/vintage-kosmos-lampa\\\/#primaryimage\"},\"image\":{\"@id\":\"https:\\\/\\\/yupie.app\\\/product\\\/vintage-kosmos-lampa\\\/#primaryimage\"},\"thumbnailUrl\":\"https:\\\/\\\/yupie.app\\\/wp-content\\\/uploads\\\/2023\\\/09\\\/DSC02171.png\",\"datePublished\":\"2023-09-07T10:26:10+00:00\",\"dateModified\":\"2026-01-06T09:13:28+00:00\",\"description\":\"Ez a vintage Kosmos l\u00e1mpa id\u0151tlen sz\u00e9ps\u00e9g\u0171 kincs, melynek t\u00f6rt\u00e9nete a m\u00falt sz\u00e1zad elej\u00e9re ny\u00falik vissza. Ez a gy\u00f6ny\u00f6r\u0171 antik l\u00e1mpa egy kifinomult m\u0171alkot\u00e1s.\",\"breadcrumb\":{\"@id\":\"https:\\\/\\\/yupie.app\\\/product\\\/vintage-kosmos-lampa\\\/#breadcrumb\"},\"inLanguage\":\"ro-RO\",\"potentialAction\":[{\"@type\":\"ReadAction\",\"target\":[\"https:\\\/\\\/yupie.app\\\/product\\\/vintage-kosmos-lampa\\\/\"]}]},{\"@type\":\"ImageObject\",\"inLanguage\":\"ro-RO\",\"@id\":\"https:\\\/\\\/yupie.app\\\/product\\\/vintage-kosmos-lampa\\\/#primaryimage\",\"url\":\"https:\\\/\\\/yupie.app\\\/wp-content\\\/uploads\\\/2023\\\/09\\\/DSC02171.png\",\"contentUrl\":\"https:\\\/\\\/yupie.app\\\/wp-content\\\/uploads\\\/2023\\\/09\\\/DSC02171.png\",\"width\":2228,\"height\":2228,\"caption\":\"Vintage Kosmos l\u00e1mpa, l\u00e1mp\u00e1k, yupie\"},{\"@type\":\"BreadcrumbList\",\"@id\":\"https:\\\/\\\/yupie.app\\\/product\\\/vintage-kosmos-lampa\\\/#breadcrumb\",\"itemListElement\":[{\"@type\":\"ListItem\",\"position\":1,\"name\":\"Kezd\u0151lap\",\"item\":\"https:\\\/\\\/yupie.app\\\/\"},{\"@type\":\"ListItem\",\"position\":2,\"name\":\"Katal\u00f3gus\",\"item\":\"https:\\\/\\\/yupie.app\\\/katalogus\\\/\"},{\"@type\":\"ListItem\",\"position\":3,\"name\":\"Vintage Kosmos l\u00e1mpa\"}]},{\"@type\":\"WebSite\",\"@id\":\"https:\\\/\\\/yupie.app\\\/#website\",\"url\":\"https:\\\/\\\/yupie.app\\\/\",\"name\":\"yupie.app\",\"description\":\"\",\"publisher\":{\"@id\":\"https:\\\/\\\/yupie.app\\\/#organization\"},\"potentialAction\":[{\"@type\":\"SearchAction\",\"target\":{\"@type\":\"EntryPoint\",\"urlTemplate\":\"https:\\\/\\\/yupie.app\\\/?s={search_term_string}\"},\"query-input\":{\"@type\":\"PropertyValueSpecification\",\"valueRequired\":true,\"valueName\":\"search_term_string\"}}],\"inLanguage\":\"ro-RO\"},{\"@type\":\"Organization\",\"@id\":\"https:\\\/\\\/yupie.app\\\/#organization\",\"name\":\"yupie.app\",\"url\":\"https:\\\/\\\/yupie.app\\\/\",\"logo\":{\"@type\":\"ImageObject\",\"inLanguage\":\"ro-RO\",\"@id\":\"https:\\\/\\\/yupie.app\\\/#\\\/schema\\\/logo\\\/image\\\/\",\"url\":\"https:\\\/\\\/yupie.app\\\/wp-content\\\/uploads\\\/2025\\\/07\\\/cropped-uj-logo.png\",\"contentUrl\":\"https:\\\/\\\/yupie.app\\\/wp-content\\\/uploads\\\/2025\\\/07\\\/cropped-uj-logo.png\",\"width\":500,\"height\":208,\"caption\":\"yupie.app\"},\"image\":{\"@id\":\"https:\\\/\\\/yupie.app\\\/#\\\/schema\\\/logo\\\/image\\\/\"},\"sameAs\":[\"https:\\\/\\\/www.facebook.com\\\/profile.php?id=100089345417295\"]}]}<\/script>\n<!-- \/ Yoast SEO plugin. -->","yoast_head_json":{"title":"Vintage Kosmos l\u00e1mpa - yupie.app","description":"Ez a vintage Kosmos l\u00e1mpa id\u0151tlen sz\u00e9ps\u00e9g\u0171 kincs, melynek t\u00f6rt\u00e9nete a m\u00falt sz\u00e1zad elej\u00e9re ny\u00falik vissza. Ez a gy\u00f6ny\u00f6r\u0171 antik l\u00e1mpa egy kifinomult m\u0171alkot\u00e1s.","robots":{"index":"index","follow":"follow","max-snippet":"max-snippet:-1","max-image-preview":"max-image-preview:large","max-video-preview":"max-video-preview:-1"},"canonical":"https:\/\/yupie.app\/ro\/product\/vintage-kosmos-lampa\/","og_locale":"ro_RO","og_type":"article","og_title":"Vintage Kosmos l\u00e1mpa - yupie.app","og_description":"Ez a vintage Kosmos l\u00e1mpa id\u0151tlen sz\u00e9ps\u00e9g\u0171 kincs, melynek t\u00f6rt\u00e9nete a m\u00falt sz\u00e1zad elej\u00e9re ny\u00falik vissza. Ez a gy\u00f6ny\u00f6r\u0171 antik l\u00e1mpa egy kifinomult m\u0171alkot\u00e1s.","og_url":"https:\/\/yupie.app\/ro\/product\/vintage-kosmos-lampa\/","og_site_name":"yupie.app","article_publisher":"https:\/\/www.facebook.com\/profile.php?id=100089345417295","article_modified_time":"2026-01-06T09:13:28+00:00","og_image":[{"width":2228,"height":2228,"url":"https:\/\/yupie.app\/wp-content\/uploads\/2023\/09\/DSC02171.png","type":"image\/png"}],"twitter_card":"summary_large_image","twitter_misc":{"Timp estimat pentru citire":"1 minut"},"schema":{"@context":"https:\/\/schema.org","@graph":[{"@type":"WebPage","@id":"https:\/\/yupie.app\/product\/vintage-kosmos-lampa\/","url":"https:\/\/yupie.app\/product\/vintage-kosmos-lampa\/","name":"Vintage Kosmos l\u00e1mpa - yupie.app","isPartOf":{"@id":"https:\/\/yupie.app\/#website"},"primaryImageOfPage":{"@id":"https:\/\/yupie.app\/product\/vintage-kosmos-lampa\/#primaryimage"},"image":{"@id":"https:\/\/yupie.app\/product\/vintage-kosmos-lampa\/#primaryimage"},"thumbnailUrl":"https:\/\/yupie.app\/wp-content\/uploads\/2023\/09\/DSC02171.png","datePublished":"2023-09-07T10:26:10+00:00","dateModified":"2026-01-06T09:13:28+00:00","description":"Ez a vintage Kosmos l\u00e1mpa id\u0151tlen sz\u00e9ps\u00e9g\u0171 kincs, melynek t\u00f6rt\u00e9nete a m\u00falt sz\u00e1zad elej\u00e9re ny\u00falik vissza. Ez a gy\u00f6ny\u00f6r\u0171 antik l\u00e1mpa egy kifinomult m\u0171alkot\u00e1s.","breadcrumb":{"@id":"https:\/\/yupie.app\/product\/vintage-kosmos-lampa\/#breadcrumb"},"inLanguage":"ro-RO","potentialAction":[{"@type":"ReadAction","target":["https:\/\/yupie.app\/product\/vintage-kosmos-lampa\/"]}]},{"@type":"ImageObject","inLanguage":"ro-RO","@id":"https:\/\/yupie.app\/product\/vintage-kosmos-lampa\/#primaryimage","url":"https:\/\/yupie.app\/wp-content\/uploads\/2023\/09\/DSC02171.png","contentUrl":"https:\/\/yupie.app\/wp-content\/uploads\/2023\/09\/DSC02171.png","width":2228,"height":2228,"caption":"Vintage Kosmos l\u00e1mpa, l\u00e1mp\u00e1k, yupie"},{"@type":"BreadcrumbList","@id":"https:\/\/yupie.app\/product\/vintage-kosmos-lampa\/#breadcrumb","itemListElement":[{"@type":"ListItem","position":1,"name":"Kezd\u0151lap","item":"https:\/\/yupie.app\/"},{"@type":"ListItem","position":2,"name":"Katal\u00f3gus","item":"https:\/\/yupie.app\/katalogus\/"},{"@type":"ListItem","position":3,"name":"Vintage Kosmos l\u00e1mpa"}]},{"@type":"WebSite","@id":"https:\/\/yupie.app\/#website","url":"https:\/\/yupie.app\/","name":"yupie.app","description":"","publisher":{"@id":"https:\/\/yupie.app\/#organization"},"potentialAction":[{"@type":"SearchAction","target":{"@type":"EntryPoint","urlTemplate":"https:\/\/yupie.app\/?s={search_term_string}"},"query-input":{"@type":"PropertyValueSpecification","valueRequired":true,"valueName":"search_term_string"}}],"inLanguage":"ro-RO"},{"@type":"Organization","@id":"https:\/\/yupie.app\/#organization","name":"yupie.app","url":"https:\/\/yupie.app\/","logo":{"@type":"ImageObject","inLanguage":"ro-RO","@id":"https:\/\/yupie.app\/#\/schema\/logo\/image\/","url":"https:\/\/yupie.app\/wp-content\/uploads\/2025\/07\/cropped-uj-logo.png","contentUrl":"https:\/\/yupie.app\/wp-content\/uploads\/2025\/07\/cropped-uj-logo.png","width":500,"height":208,"caption":"yupie.app"},"image":{"@id":"https:\/\/yupie.app\/#\/schema\/logo\/image\/"},"sameAs":["https:\/\/www.facebook.com\/profile.php?id=100089345417295"]}]}},"jetpack_sharing_enabled":true,"_links":{"self":[{"href":"https:\/\/yupie.app\/ro\/wp-json\/wp\/v2\/product\/3431","targetHints":{"allow":["GET"]}}],"collection":[{"href":"https:\/\/yupie.app\/ro\/wp-json\/wp\/v2\/product"}],"about":[{"href":"https:\/\/yupie.app\/ro\/wp-json\/wp\/v2\/types\/product"}],"version-history":[{"count":0,"href":"https:\/\/yupie.app\/ro\/wp-json\/wp\/v2\/product\/3431\/revisions"}],"wp:featuredmedia":[{"embeddable":true,"href":"https:\/\/yupie.app\/ro\/wp-json\/wp\/v2\/media\/3950"}],"wp:attachment":[{"href":"https:\/\/yupie.app\/ro\/wp-json\/wp\/v2\/media?parent=3431"}],"wp:term":[{"taxonomy":"product_brand","embeddable":true,"href":"https:\/\/yupie.app\/ro\/wp-json\/wp\/v2\/product_brand?post=3431"},{"taxonomy":"product_cat","embeddable":true,"href":"https:\/\/yupie.app\/ro\/wp-json\/wp\/v2\/product_cat?post=3431"},{"taxonomy":"product_tag","embeddable":true,"href":"https:\/\/yupie.app\/ro\/wp-json\/wp\/v2\/product_tag?post=3431"}],"curies":[{"name":"wp","href":"https:\/\/api.w.org\/{rel}","templated":true}]}}