{"id":3424,"date":"2023-09-07T12:12:59","date_gmt":"2023-09-07T10:12:59","guid":{"rendered":"https:\/\/yupie.hu\/?post_type=product&#038;p=3424"},"modified":"2026-01-06T11:14:32","modified_gmt":"2026-01-06T09:14:32","slug":"massive-iroasztali-lampa","status":"publish","type":"product","link":"https:\/\/yupie.app\/ro\/product\/massive-iroasztali-lampa\/","title":{"rendered":"Massive \u00edr\u00f3asztali l\u00e1mpa"},"content":{"rendered":"<p>A Massive \u00edr\u00f3asztali l\u00e1mpa egy kiemelked\u0151 \u00e9s funkcion\u00e1lis vil\u00e1g\u00edt\u00e1si eszk\u00f6z, amely b\u00e1rmely munkater\u00fcletet feldob. Ez a l\u00e1mpa \u00f6tv\u00f6zi a modern design \u00e9s a massz\u00edv kivitelez\u00e9s el\u0151nyeit, \u00edgy ide\u00e1lis v\u00e1laszt\u00e1s azok sz\u00e1m\u00e1ra, akik egy ig\u00e9nyes \u00e9s tart\u00f3s megold\u00e1st keresnek.<\/p>\n<p>A l\u00e1mpa f\u00e9mv\u00e1za \u00e9s stabil talpa megakad\u00e1lyozza a v\u00e9letlen elborul\u00e1st. A kiemelked\u0151 min\u0151s\u00e9g\u0171 anyagok \u00e9s a gondosan kidolgozott r\u00e9szletek biztos\u00edtj\u00e1k, hogy ez a l\u00e1mpa hossz\u00fa \u00e9veken \u00e1t kiv\u00e1l\u00f3 teljes\u00edtm\u00e9nyt ny\u00fajtson.<\/p>\n<p>A l\u00e1mpa \u00e1ll\u00edthat\u00f3 nyakr\u00e9sszel rendelkezik, \u00edgy k\u00f6nnyed\u00e9n be\u00e1ll\u00edthatjuk a megfelel\u0151 vil\u00e1g\u00edt\u00e1st az aktu\u00e1lis ig\u00e9nyeknek megfelel\u0151en. Ezzel a l\u00e1mp\u00e1val k\u00f6nnyed\u00e9n elker\u00fclheti a szemet f\u00e1raszt\u00f3 vagy t\u00falzottan er\u0151s f\u00e9nyt, \u00e9s mindig optim\u00e1lis k\u00f6rnyezetet teremthet a munk\u00e1hoz vagy tanul\u00e1shoz.<\/p>\n<p>St\u00edlusos megjelen\u00e9se r\u00e9v\u00e9n nemcsak egy vil\u00e1g\u00edt\u00f3eszk\u00f6z, hanem egy val\u00f3di design-elem is lehet otthon\u00e1ban vagy irod\u00e1j\u00e1ban.<\/p>","protected":false},"excerpt":{"rendered":"<p>A Massive \u00edr\u00f3asztali l\u00e1mpa leny\u0171g\u00f6z\u0151 vil\u00e1g\u00edt\u00f3berendez\u00e9s, amelynek m\u00e9rete \u00e9s st\u00edlusa minden \u00edr\u00f3asztalon azonnal szemet sz\u00far. Ez a kifinomult \u00e9s modern l\u00e1mpa nemcsak a munkater\u00fcletet vil\u00e1g\u00edtja meg t\u00f6k\u00e9letesen, de maga is egy igazi m\u0171alkot\u00e1s.<\/p>\n<p>A m\u00e9rete miatt a l\u00e1mpa nemcsak praktikus, hanem kifejezetten impressz\u00edv is. A massz\u00edv talp \u00e9s a kifinomult cs\u00facsmin\u0151s\u00e9g\u0171 anyagokb\u00f3l k\u00e9sz\u00fclt test garant\u00e1lja a tart\u00f3ss\u00e1got \u00e9s a stabilit\u00e1st. Az \u00e1ll\u00edthat\u00f3 nyaknak k\u00f6sz\u00f6nhet\u0151en k\u00f6nnyed\u00e9n ir\u00e1ny\u00edthat\u00f3 a f\u00e9ny, \u00edgy mindig az ide\u00e1lis megvil\u00e1g\u00edt\u00e1st biztos\u00edtja munka k\u00f6zben.<\/p>\n<p>&nbsp;<\/p>","protected":false},"featured_media":3951,"template":"","meta":[],"product_brand":[],"product_cat":[1383],"product_tag":[825,59,1336,1332,1333,181,1334,1331,1335],"class_list":{"0":"post-3424","1":"product","2":"type-product","3":"status-publish","4":"has-post-thumbnail","6":"product_cat-lampak-elektronika","7":"product_tag-asztali-lampa","8":"product_tag-dekoracio","9":"product_tag-feny","10":"product_tag-iroasztali-lampa","11":"product_tag-iroda","12":"product_tag-lampa","13":"product_tag-lampak","14":"product_tag-massive","15":"product_tag-vilagitas","16":"description-off","18":"first","19":"instock","20":"shipping-taxable","21":"purchasable","22":"product-type-simple"},"yoast_head":"<!-- This site is optimized with the Yoast SEO plugin v27.3 - https:\/\/yoast.com\/product\/yoast-seo-wordpress\/ -->\n<title>Massive \u00edr\u00f3asztali l\u00e1mpa - yupie.app<\/title>\n<meta name=\"description\" content=\"A Massive \u00edr\u00f3asztali l\u00e1mpa egy kiemelked\u0151 \u00e9s funkcion\u00e1lis vil\u00e1g\u00edt\u00e1si eszk\u00f6z. Ez a l\u00e1mpa \u00f6tv\u00f6zi a modern design \u00e9s a massz\u00edv kivitelez\u00e9s el\u0151nyeit.\" \/>\n<meta name=\"robots\" content=\"index, follow, max-snippet:-1, max-image-preview:large, max-video-preview:-1\" \/>\n<link rel=\"canonical\" href=\"https:\/\/yupie.app\/ro\/product\/massive-iroasztali-lampa\/\" \/>\n<meta property=\"og:locale\" content=\"ro_RO\" \/>\n<meta property=\"og:type\" content=\"article\" \/>\n<meta property=\"og:title\" content=\"Massive \u00edr\u00f3asztali l\u00e1mpa - yupie.app\" \/>\n<meta property=\"og:description\" content=\"A Massive \u00edr\u00f3asztali l\u00e1mpa egy kiemelked\u0151 \u00e9s funkcion\u00e1lis vil\u00e1g\u00edt\u00e1si eszk\u00f6z. Ez a l\u00e1mpa \u00f6tv\u00f6zi a modern design \u00e9s a massz\u00edv kivitelez\u00e9s el\u0151nyeit.\" \/>\n<meta property=\"og:url\" content=\"https:\/\/yupie.app\/ro\/product\/massive-iroasztali-lampa\/\" \/>\n<meta property=\"og:site_name\" content=\"yupie.app\" \/>\n<meta property=\"article:publisher\" content=\"https:\/\/www.facebook.com\/profile.php?id=100089345417295\" \/>\n<meta property=\"article:modified_time\" content=\"2026-01-06T09:14:32+00:00\" \/>\n<meta property=\"og:image\" content=\"https:\/\/yupie.app\/wp-content\/uploads\/2023\/09\/DSC02164.png\" \/>\n\t<meta property=\"og:image:width\" content=\"2222\" \/>\n\t<meta property=\"og:image:height\" content=\"2222\" \/>\n\t<meta property=\"og:image:type\" content=\"image\/png\" \/>\n<meta name=\"twitter:card\" content=\"summary_large_image\" \/>\n<meta name=\"twitter:label1\" content=\"Timp estimat pentru citire\" \/>\n\t<meta name=\"twitter:data1\" content=\"1 minut\" \/>\n<script type=\"application\/ld+json\" class=\"yoast-schema-graph\">{\"@context\":\"https:\\\/\\\/schema.org\",\"@graph\":[{\"@type\":\"WebPage\",\"@id\":\"https:\\\/\\\/yupie.app\\\/product\\\/massive-iroasztali-lampa\\\/\",\"url\":\"https:\\\/\\\/yupie.app\\\/product\\\/massive-iroasztali-lampa\\\/\",\"name\":\"Massive \u00edr\u00f3asztali l\u00e1mpa - yupie.app\",\"isPartOf\":{\"@id\":\"https:\\\/\\\/yupie.app\\\/#website\"},\"primaryImageOfPage\":{\"@id\":\"https:\\\/\\\/yupie.app\\\/product\\\/massive-iroasztali-lampa\\\/#primaryimage\"},\"image\":{\"@id\":\"https:\\\/\\\/yupie.app\\\/product\\\/massive-iroasztali-lampa\\\/#primaryimage\"},\"thumbnailUrl\":\"https:\\\/\\\/yupie.app\\\/wp-content\\\/uploads\\\/2023\\\/09\\\/DSC02164.png\",\"datePublished\":\"2023-09-07T10:12:59+00:00\",\"dateModified\":\"2026-01-06T09:14:32+00:00\",\"description\":\"A Massive \u00edr\u00f3asztali l\u00e1mpa egy kiemelked\u0151 \u00e9s funkcion\u00e1lis vil\u00e1g\u00edt\u00e1si eszk\u00f6z. Ez a l\u00e1mpa \u00f6tv\u00f6zi a modern design \u00e9s a massz\u00edv kivitelez\u00e9s el\u0151nyeit.\",\"breadcrumb\":{\"@id\":\"https:\\\/\\\/yupie.app\\\/product\\\/massive-iroasztali-lampa\\\/#breadcrumb\"},\"inLanguage\":\"ro-RO\",\"potentialAction\":[{\"@type\":\"ReadAction\",\"target\":[\"https:\\\/\\\/yupie.app\\\/product\\\/massive-iroasztali-lampa\\\/\"]}]},{\"@type\":\"ImageObject\",\"inLanguage\":\"ro-RO\",\"@id\":\"https:\\\/\\\/yupie.app\\\/product\\\/massive-iroasztali-lampa\\\/#primaryimage\",\"url\":\"https:\\\/\\\/yupie.app\\\/wp-content\\\/uploads\\\/2023\\\/09\\\/DSC02164.png\",\"contentUrl\":\"https:\\\/\\\/yupie.app\\\/wp-content\\\/uploads\\\/2023\\\/09\\\/DSC02164.png\",\"width\":2222,\"height\":2222,\"caption\":\"Massive \u00edr\u00f3asztali l\u00e1mpa, elektronika, l\u00e1mp\u00e1k, yupie\"},{\"@type\":\"BreadcrumbList\",\"@id\":\"https:\\\/\\\/yupie.app\\\/product\\\/massive-iroasztali-lampa\\\/#breadcrumb\",\"itemListElement\":[{\"@type\":\"ListItem\",\"position\":1,\"name\":\"Kezd\u0151lap\",\"item\":\"https:\\\/\\\/yupie.app\\\/\"},{\"@type\":\"ListItem\",\"position\":2,\"name\":\"Katal\u00f3gus\",\"item\":\"https:\\\/\\\/yupie.app\\\/katalogus\\\/\"},{\"@type\":\"ListItem\",\"position\":3,\"name\":\"Massive \u00edr\u00f3asztali l\u00e1mpa\"}]},{\"@type\":\"WebSite\",\"@id\":\"https:\\\/\\\/yupie.app\\\/#website\",\"url\":\"https:\\\/\\\/yupie.app\\\/\",\"name\":\"yupie.app\",\"description\":\"\",\"publisher\":{\"@id\":\"https:\\\/\\\/yupie.app\\\/#organization\"},\"potentialAction\":[{\"@type\":\"SearchAction\",\"target\":{\"@type\":\"EntryPoint\",\"urlTemplate\":\"https:\\\/\\\/yupie.app\\\/?s={search_term_string}\"},\"query-input\":{\"@type\":\"PropertyValueSpecification\",\"valueRequired\":true,\"valueName\":\"search_term_string\"}}],\"inLanguage\":\"ro-RO\"},{\"@type\":\"Organization\",\"@id\":\"https:\\\/\\\/yupie.app\\\/#organization\",\"name\":\"yupie.app\",\"url\":\"https:\\\/\\\/yupie.app\\\/\",\"logo\":{\"@type\":\"ImageObject\",\"inLanguage\":\"ro-RO\",\"@id\":\"https:\\\/\\\/yupie.app\\\/#\\\/schema\\\/logo\\\/image\\\/\",\"url\":\"https:\\\/\\\/yupie.app\\\/wp-content\\\/uploads\\\/2025\\\/07\\\/cropped-uj-logo.png\",\"contentUrl\":\"https:\\\/\\\/yupie.app\\\/wp-content\\\/uploads\\\/2025\\\/07\\\/cropped-uj-logo.png\",\"width\":500,\"height\":208,\"caption\":\"yupie.app\"},\"image\":{\"@id\":\"https:\\\/\\\/yupie.app\\\/#\\\/schema\\\/logo\\\/image\\\/\"},\"sameAs\":[\"https:\\\/\\\/www.facebook.com\\\/profile.php?id=100089345417295\"]}]}<\/script>\n<!-- \/ Yoast SEO plugin. -->","yoast_head_json":{"title":"Massive \u00edr\u00f3asztali l\u00e1mpa - yupie.app","description":"A Massive \u00edr\u00f3asztali l\u00e1mpa egy kiemelked\u0151 \u00e9s funkcion\u00e1lis vil\u00e1g\u00edt\u00e1si eszk\u00f6z. Ez a l\u00e1mpa \u00f6tv\u00f6zi a modern design \u00e9s a massz\u00edv kivitelez\u00e9s el\u0151nyeit.","robots":{"index":"index","follow":"follow","max-snippet":"max-snippet:-1","max-image-preview":"max-image-preview:large","max-video-preview":"max-video-preview:-1"},"canonical":"https:\/\/yupie.app\/ro\/product\/massive-iroasztali-lampa\/","og_locale":"ro_RO","og_type":"article","og_title":"Massive \u00edr\u00f3asztali l\u00e1mpa - yupie.app","og_description":"A Massive \u00edr\u00f3asztali l\u00e1mpa egy kiemelked\u0151 \u00e9s funkcion\u00e1lis vil\u00e1g\u00edt\u00e1si eszk\u00f6z. Ez a l\u00e1mpa \u00f6tv\u00f6zi a modern design \u00e9s a massz\u00edv kivitelez\u00e9s el\u0151nyeit.","og_url":"https:\/\/yupie.app\/ro\/product\/massive-iroasztali-lampa\/","og_site_name":"yupie.app","article_publisher":"https:\/\/www.facebook.com\/profile.php?id=100089345417295","article_modified_time":"2026-01-06T09:14:32+00:00","og_image":[{"width":2222,"height":2222,"url":"https:\/\/yupie.app\/wp-content\/uploads\/2023\/09\/DSC02164.png","type":"image\/png"}],"twitter_card":"summary_large_image","twitter_misc":{"Timp estimat pentru citire":"1 minut"},"schema":{"@context":"https:\/\/schema.org","@graph":[{"@type":"WebPage","@id":"https:\/\/yupie.app\/product\/massive-iroasztali-lampa\/","url":"https:\/\/yupie.app\/product\/massive-iroasztali-lampa\/","name":"Massive \u00edr\u00f3asztali l\u00e1mpa - yupie.app","isPartOf":{"@id":"https:\/\/yupie.app\/#website"},"primaryImageOfPage":{"@id":"https:\/\/yupie.app\/product\/massive-iroasztali-lampa\/#primaryimage"},"image":{"@id":"https:\/\/yupie.app\/product\/massive-iroasztali-lampa\/#primaryimage"},"thumbnailUrl":"https:\/\/yupie.app\/wp-content\/uploads\/2023\/09\/DSC02164.png","datePublished":"2023-09-07T10:12:59+00:00","dateModified":"2026-01-06T09:14:32+00:00","description":"A Massive \u00edr\u00f3asztali l\u00e1mpa egy kiemelked\u0151 \u00e9s funkcion\u00e1lis vil\u00e1g\u00edt\u00e1si eszk\u00f6z. Ez a l\u00e1mpa \u00f6tv\u00f6zi a modern design \u00e9s a massz\u00edv kivitelez\u00e9s el\u0151nyeit.","breadcrumb":{"@id":"https:\/\/yupie.app\/product\/massive-iroasztali-lampa\/#breadcrumb"},"inLanguage":"ro-RO","potentialAction":[{"@type":"ReadAction","target":["https:\/\/yupie.app\/product\/massive-iroasztali-lampa\/"]}]},{"@type":"ImageObject","inLanguage":"ro-RO","@id":"https:\/\/yupie.app\/product\/massive-iroasztali-lampa\/#primaryimage","url":"https:\/\/yupie.app\/wp-content\/uploads\/2023\/09\/DSC02164.png","contentUrl":"https:\/\/yupie.app\/wp-content\/uploads\/2023\/09\/DSC02164.png","width":2222,"height":2222,"caption":"Massive \u00edr\u00f3asztali l\u00e1mpa, elektronika, l\u00e1mp\u00e1k, yupie"},{"@type":"BreadcrumbList","@id":"https:\/\/yupie.app\/product\/massive-iroasztali-lampa\/#breadcrumb","itemListElement":[{"@type":"ListItem","position":1,"name":"Kezd\u0151lap","item":"https:\/\/yupie.app\/"},{"@type":"ListItem","position":2,"name":"Katal\u00f3gus","item":"https:\/\/yupie.app\/katalogus\/"},{"@type":"ListItem","position":3,"name":"Massive \u00edr\u00f3asztali l\u00e1mpa"}]},{"@type":"WebSite","@id":"https:\/\/yupie.app\/#website","url":"https:\/\/yupie.app\/","name":"yupie.app","description":"","publisher":{"@id":"https:\/\/yupie.app\/#organization"},"potentialAction":[{"@type":"SearchAction","target":{"@type":"EntryPoint","urlTemplate":"https:\/\/yupie.app\/?s={search_term_string}"},"query-input":{"@type":"PropertyValueSpecification","valueRequired":true,"valueName":"search_term_string"}}],"inLanguage":"ro-RO"},{"@type":"Organization","@id":"https:\/\/yupie.app\/#organization","name":"yupie.app","url":"https:\/\/yupie.app\/","logo":{"@type":"ImageObject","inLanguage":"ro-RO","@id":"https:\/\/yupie.app\/#\/schema\/logo\/image\/","url":"https:\/\/yupie.app\/wp-content\/uploads\/2025\/07\/cropped-uj-logo.png","contentUrl":"https:\/\/yupie.app\/wp-content\/uploads\/2025\/07\/cropped-uj-logo.png","width":500,"height":208,"caption":"yupie.app"},"image":{"@id":"https:\/\/yupie.app\/#\/schema\/logo\/image\/"},"sameAs":["https:\/\/www.facebook.com\/profile.php?id=100089345417295"]}]}},"jetpack_sharing_enabled":true,"_links":{"self":[{"href":"https:\/\/yupie.app\/ro\/wp-json\/wp\/v2\/product\/3424","targetHints":{"allow":["GET"]}}],"collection":[{"href":"https:\/\/yupie.app\/ro\/wp-json\/wp\/v2\/product"}],"about":[{"href":"https:\/\/yupie.app\/ro\/wp-json\/wp\/v2\/types\/product"}],"version-history":[{"count":0,"href":"https:\/\/yupie.app\/ro\/wp-json\/wp\/v2\/product\/3424\/revisions"}],"wp:featuredmedia":[{"embeddable":true,"href":"https:\/\/yupie.app\/ro\/wp-json\/wp\/v2\/media\/3951"}],"wp:attachment":[{"href":"https:\/\/yupie.app\/ro\/wp-json\/wp\/v2\/media?parent=3424"}],"wp:term":[{"taxonomy":"product_brand","embeddable":true,"href":"https:\/\/yupie.app\/ro\/wp-json\/wp\/v2\/product_brand?post=3424"},{"taxonomy":"product_cat","embeddable":true,"href":"https:\/\/yupie.app\/ro\/wp-json\/wp\/v2\/product_cat?post=3424"},{"taxonomy":"product_tag","embeddable":true,"href":"https:\/\/yupie.app\/ro\/wp-json\/wp\/v2\/product_tag?post=3424"}],"curies":[{"name":"wp","href":"https:\/\/api.w.org\/{rel}","templated":true}]}}