{"id":3394,"date":"2023-09-07T09:01:15","date_gmt":"2023-09-07T07:01:15","guid":{"rendered":"https:\/\/yupie.hu\/?post_type=product&#038;p=3394"},"modified":"2026-01-18T08:46:32","modified_gmt":"2026-01-18T06:46:32","slug":"fali-tukor-james-dean-lenyomattal","status":"publish","type":"product","link":"https:\/\/yupie.app\/ro\/product\/fali-tukor-james-dean-lenyomattal\/","title":{"rendered":"Ikonikus James Dean fali t\u00fck\u00f6r \u2013 vintage popkult\u00fara lak\u00e1sdekor (22\u00d733\u00d72 cm)"},"content":{"rendered":"<p>Ez a fali t\u00fck\u00f6r James Dean lenyomattal egyedi st\u00edlust \u00e9s ikonikus eleganci\u00e1t k\u00f6lcs\u00f6n\u00f6z otthon\u00e1nak. Ez a t\u00fck\u00f6r leny\u0171g\u00f6z\u0151 m\u0171alkot\u00e1s, amely a legend\u00e1s James Dean arc\u00e1t \u00f6r\u00f6k\u00edti meg, \u00e9s azonnal mag\u00e1ra vonzza a figyelmet. Az ikonikus sz\u00edn\u00e9sz a 20. sz\u00e1zad egyik legeml\u00e9kezetesebb filmst\u00edlus-ikonjak\u00e9nt h\u00edres\u00fclt el, \u00e9s most k\u00fcl\u00f6nleges helyet kaphat a lak\u00e1sodban.<\/p>\n<p>Ez a fali t\u00fck\u00f6r nemcsak dekorat\u00edv elem, hanem praktikus is, hiszen haszn\u00e1lhatod a megjelen\u00e9sed ellen\u0151rz\u00e9s\u00e9hez. A t\u00fck\u00f6r sz\u00e9pen illeszkedik a szoba st\u00edlus\u00e1hoz, \u00e9s fokozza annak hangulat\u00e1t.<\/p>\n<p>A James Dean lenyomat\u00fa fali t\u00fck\u00f6r t\u00f6k\u00e9letes v\u00e1laszt\u00e1s mindazoknak, akik rajonganak a klasszikus filmek\u00e9rt \u00e9s azok\u00e9rt a legend\u00e1s sz\u00edn\u00e9szek\u00e9rt, akik \u00f6r\u00f6kre be\u00edrt\u00e1k magukat a film t\u00f6rt\u00e9net\u00e9be. Ez a t\u00fck\u00f6r nemcsak egy lakberendez\u00e9si t\u00e1rgy, hanem egy eml\u00e9k is egy korszakr\u00f3l \u00e9s egy ikonikus m\u0171v\u00e9szr\u0151l. Legyen sz\u00f3 nappalir\u00f3l, h\u00e1l\u00f3szob\u00e1r\u00f3l vagy f\u00fcrd\u0151szob\u00e1r\u00f3l, ez a t\u00fck\u00f6r feldobja a teret \u00e9s egy\u00fattal tiszteleg a filmes m\u0171v\u00e9szet nagy alakja el\u0151tt.<\/p>","protected":false},"excerpt":{"rendered":"<p>Ez a fali t\u00fck\u00f6r James Dean lenyomattal egy igazi st\u00edlusos \u00e9s ikonikus darab, amely b\u00e1rmely szoba d\u00edszek\u00e9nt szolg\u00e1lhat. A t\u00fck\u00f6r fel\u00fclete mag\u00e1val ragad\u00f3 James Dean portr\u00e9val van d\u00edsz\u00edtve, amely az ismert sz\u00edn\u00e9sz legend\u00e1s arckifejez\u00e9s\u00e9t \u00f6r\u00f6k\u00edti meg. Ez a m\u0171v\u00e9szi alkot\u00e1s azonnal feldobja otthonodat \u00e9s egyedi st\u00edlust k\u00f6lcs\u00f6n\u00f6z neki.<\/p>\n<p>B\u00e1rhova is helyezed otthonodban, ez a fali t\u00fck\u00f6r biztosan szemet gy\u00f6ny\u00f6rk\u00f6dtet\u0151 \u00e9s besz\u00e9lget\u00e9st ind\u00edt\u00f3 darab lesz.<\/p>","protected":false},"featured_media":3398,"template":"","meta":[],"product_brand":[],"product_cat":[41,1051],"product_tag":[59,1194,1322,1321,872,1318,1319,1320,819,1052],"class_list":{"0":"post-3394","1":"product","2":"type-product","3":"status-publish","4":"has-post-thumbnail","6":"product_cat-dekoracio","7":"product_cat-tukrok","8":"product_tag-dekoracio","9":"product_tag-fali-tukor","10":"product_tag-film-szinesz","11":"product_tag-filmikon","12":"product_tag-ikonikus","13":"product_tag-james-dean","14":"product_tag-legenda","15":"product_tag-szinesz","16":"product_tag-tukor","17":"product_tag-tukrok","18":"description-off","20":"first","21":"instock","22":"shipping-taxable","23":"purchasable","24":"product-type-simple"},"yoast_head":"<!-- This site is optimized with the Yoast SEO plugin v27.3 - https:\/\/yoast.com\/product\/yoast-seo-wordpress\/ -->\n<title>Ikonikus James Dean fali t\u00fck\u00f6r \u2013 vintage popkult\u00fara lak\u00e1sdekor (22\u00d733\u00d72 cm) - yupie.app<\/title>\n<meta name=\"description\" content=\"Ez a fali t\u00fck\u00f6r James Dean lenyomattal egyedi st\u00edlust \u00e9s ikonikus eleganci\u00e1t k\u00f6lcs\u00f6n\u00f6z otthon\u00e1nak. Ez a t\u00fck\u00f6r a legend\u00e1s James Dean arc\u00e1t \u00f6r\u00f6k\u00edti meg.\" \/>\n<meta name=\"robots\" content=\"index, follow, max-snippet:-1, max-image-preview:large, max-video-preview:-1\" \/>\n<link rel=\"canonical\" href=\"https:\/\/yupie.app\/ro\/product\/fali-tukor-james-dean-lenyomattal\/\" \/>\n<meta property=\"og:locale\" content=\"ro_RO\" \/>\n<meta property=\"og:type\" content=\"article\" \/>\n<meta property=\"og:title\" content=\"Ikonikus James Dean fali t\u00fck\u00f6r \u2013 vintage popkult\u00fara lak\u00e1sdekor (22\u00d733\u00d72 cm) - yupie.app\" \/>\n<meta property=\"og:description\" content=\"Ez a fali t\u00fck\u00f6r James Dean lenyomattal egyedi st\u00edlust \u00e9s ikonikus eleganci\u00e1t k\u00f6lcs\u00f6n\u00f6z otthon\u00e1nak. Ez a t\u00fck\u00f6r a legend\u00e1s James Dean arc\u00e1t \u00f6r\u00f6k\u00edti meg.\" \/>\n<meta property=\"og:url\" content=\"https:\/\/yupie.app\/ro\/product\/fali-tukor-james-dean-lenyomattal\/\" \/>\n<meta property=\"og:site_name\" content=\"yupie.app\" \/>\n<meta property=\"article:publisher\" content=\"https:\/\/www.facebook.com\/profile.php?id=100089345417295\" \/>\n<meta property=\"article:modified_time\" content=\"2026-01-18T06:46:32+00:00\" \/>\n<meta property=\"og:image\" content=\"https:\/\/yupie.app\/wp-content\/uploads\/2023\/09\/DSC02137-1024x909.png\" \/>\n\t<meta property=\"og:image:width\" content=\"1024\" \/>\n\t<meta property=\"og:image:height\" content=\"909\" \/>\n\t<meta property=\"og:image:type\" content=\"image\/png\" \/>\n<meta name=\"twitter:card\" content=\"summary_large_image\" \/>\n<meta name=\"twitter:label1\" content=\"Timp estimat pentru citire\" \/>\n\t<meta name=\"twitter:data1\" content=\"1 minut\" \/>\n<script type=\"application\/ld+json\" class=\"yoast-schema-graph\">{\"@context\":\"https:\\\/\\\/schema.org\",\"@graph\":[{\"@type\":\"WebPage\",\"@id\":\"https:\\\/\\\/yupie.app\\\/product\\\/fali-tukor-james-dean-lenyomattal\\\/\",\"url\":\"https:\\\/\\\/yupie.app\\\/product\\\/fali-tukor-james-dean-lenyomattal\\\/\",\"name\":\"Ikonikus James Dean fali t\u00fck\u00f6r \u2013 vintage popkult\u00fara lak\u00e1sdekor (22\u00d733\u00d72 cm) - yupie.app\",\"isPartOf\":{\"@id\":\"https:\\\/\\\/yupie.app\\\/#website\"},\"primaryImageOfPage\":{\"@id\":\"https:\\\/\\\/yupie.app\\\/product\\\/fali-tukor-james-dean-lenyomattal\\\/#primaryimage\"},\"image\":{\"@id\":\"https:\\\/\\\/yupie.app\\\/product\\\/fali-tukor-james-dean-lenyomattal\\\/#primaryimage\"},\"thumbnailUrl\":\"https:\\\/\\\/yupie.app\\\/wp-content\\\/uploads\\\/2023\\\/09\\\/DSC02137.png\",\"datePublished\":\"2023-09-07T07:01:15+00:00\",\"dateModified\":\"2026-01-18T06:46:32+00:00\",\"description\":\"Ez a fali t\u00fck\u00f6r James Dean lenyomattal egyedi st\u00edlust \u00e9s ikonikus eleganci\u00e1t k\u00f6lcs\u00f6n\u00f6z otthon\u00e1nak. Ez a t\u00fck\u00f6r a legend\u00e1s James Dean arc\u00e1t \u00f6r\u00f6k\u00edti meg.\",\"breadcrumb\":{\"@id\":\"https:\\\/\\\/yupie.app\\\/product\\\/fali-tukor-james-dean-lenyomattal\\\/#breadcrumb\"},\"inLanguage\":\"ro-RO\",\"potentialAction\":[{\"@type\":\"ReadAction\",\"target\":[\"https:\\\/\\\/yupie.app\\\/product\\\/fali-tukor-james-dean-lenyomattal\\\/\"]}]},{\"@type\":\"ImageObject\",\"inLanguage\":\"ro-RO\",\"@id\":\"https:\\\/\\\/yupie.app\\\/product\\\/fali-tukor-james-dean-lenyomattal\\\/#primaryimage\",\"url\":\"https:\\\/\\\/yupie.app\\\/wp-content\\\/uploads\\\/2023\\\/09\\\/DSC02137.png\",\"contentUrl\":\"https:\\\/\\\/yupie.app\\\/wp-content\\\/uploads\\\/2023\\\/09\\\/DSC02137.png\",\"width\":2395,\"height\":2126,\"caption\":\"Fali t\u00fck\u00f6r James Dean lenyomattal, dekor\u00e1ci\u00f3, t\u00fckr\u00f6k, yupie\"},{\"@type\":\"BreadcrumbList\",\"@id\":\"https:\\\/\\\/yupie.app\\\/product\\\/fali-tukor-james-dean-lenyomattal\\\/#breadcrumb\",\"itemListElement\":[{\"@type\":\"ListItem\",\"position\":1,\"name\":\"Kezd\u0151lap\",\"item\":\"https:\\\/\\\/yupie.app\\\/\"},{\"@type\":\"ListItem\",\"position\":2,\"name\":\"Katal\u00f3gus\",\"item\":\"https:\\\/\\\/yupie.app\\\/katalogus\\\/\"},{\"@type\":\"ListItem\",\"position\":3,\"name\":\"Ikonikus James Dean fali t\u00fck\u00f6r \u2013 vintage popkult\u00fara lak\u00e1sdekor (22\u00d733\u00d72 cm)\"}]},{\"@type\":\"WebSite\",\"@id\":\"https:\\\/\\\/yupie.app\\\/#website\",\"url\":\"https:\\\/\\\/yupie.app\\\/\",\"name\":\"yupie.app\",\"description\":\"\",\"publisher\":{\"@id\":\"https:\\\/\\\/yupie.app\\\/#organization\"},\"potentialAction\":[{\"@type\":\"SearchAction\",\"target\":{\"@type\":\"EntryPoint\",\"urlTemplate\":\"https:\\\/\\\/yupie.app\\\/?s={search_term_string}\"},\"query-input\":{\"@type\":\"PropertyValueSpecification\",\"valueRequired\":true,\"valueName\":\"search_term_string\"}}],\"inLanguage\":\"ro-RO\"},{\"@type\":\"Organization\",\"@id\":\"https:\\\/\\\/yupie.app\\\/#organization\",\"name\":\"yupie.app\",\"url\":\"https:\\\/\\\/yupie.app\\\/\",\"logo\":{\"@type\":\"ImageObject\",\"inLanguage\":\"ro-RO\",\"@id\":\"https:\\\/\\\/yupie.app\\\/#\\\/schema\\\/logo\\\/image\\\/\",\"url\":\"https:\\\/\\\/yupie.app\\\/wp-content\\\/uploads\\\/2025\\\/07\\\/cropped-uj-logo.png\",\"contentUrl\":\"https:\\\/\\\/yupie.app\\\/wp-content\\\/uploads\\\/2025\\\/07\\\/cropped-uj-logo.png\",\"width\":500,\"height\":208,\"caption\":\"yupie.app\"},\"image\":{\"@id\":\"https:\\\/\\\/yupie.app\\\/#\\\/schema\\\/logo\\\/image\\\/\"},\"sameAs\":[\"https:\\\/\\\/www.facebook.com\\\/profile.php?id=100089345417295\"]}]}<\/script>\n<!-- \/ Yoast SEO plugin. -->","yoast_head_json":{"title":"Ikonikus James Dean fali t\u00fck\u00f6r \u2013 vintage popkult\u00fara lak\u00e1sdekor (22\u00d733\u00d72 cm) - yupie.app","description":"Ez a fali t\u00fck\u00f6r James Dean lenyomattal egyedi st\u00edlust \u00e9s ikonikus eleganci\u00e1t k\u00f6lcs\u00f6n\u00f6z otthon\u00e1nak. Ez a t\u00fck\u00f6r a legend\u00e1s James Dean arc\u00e1t \u00f6r\u00f6k\u00edti meg.","robots":{"index":"index","follow":"follow","max-snippet":"max-snippet:-1","max-image-preview":"max-image-preview:large","max-video-preview":"max-video-preview:-1"},"canonical":"https:\/\/yupie.app\/ro\/product\/fali-tukor-james-dean-lenyomattal\/","og_locale":"ro_RO","og_type":"article","og_title":"Ikonikus James Dean fali t\u00fck\u00f6r \u2013 vintage popkult\u00fara lak\u00e1sdekor (22\u00d733\u00d72 cm) - yupie.app","og_description":"Ez a fali t\u00fck\u00f6r James Dean lenyomattal egyedi st\u00edlust \u00e9s ikonikus eleganci\u00e1t k\u00f6lcs\u00f6n\u00f6z otthon\u00e1nak. Ez a t\u00fck\u00f6r a legend\u00e1s James Dean arc\u00e1t \u00f6r\u00f6k\u00edti meg.","og_url":"https:\/\/yupie.app\/ro\/product\/fali-tukor-james-dean-lenyomattal\/","og_site_name":"yupie.app","article_publisher":"https:\/\/www.facebook.com\/profile.php?id=100089345417295","article_modified_time":"2026-01-18T06:46:32+00:00","og_image":[{"width":1024,"height":909,"url":"https:\/\/yupie.app\/wp-content\/uploads\/2023\/09\/DSC02137-1024x909.png","type":"image\/png"}],"twitter_card":"summary_large_image","twitter_misc":{"Timp estimat pentru citire":"1 minut"},"schema":{"@context":"https:\/\/schema.org","@graph":[{"@type":"WebPage","@id":"https:\/\/yupie.app\/product\/fali-tukor-james-dean-lenyomattal\/","url":"https:\/\/yupie.app\/product\/fali-tukor-james-dean-lenyomattal\/","name":"Ikonikus James Dean fali t\u00fck\u00f6r \u2013 vintage popkult\u00fara lak\u00e1sdekor (22\u00d733\u00d72 cm) - yupie.app","isPartOf":{"@id":"https:\/\/yupie.app\/#website"},"primaryImageOfPage":{"@id":"https:\/\/yupie.app\/product\/fali-tukor-james-dean-lenyomattal\/#primaryimage"},"image":{"@id":"https:\/\/yupie.app\/product\/fali-tukor-james-dean-lenyomattal\/#primaryimage"},"thumbnailUrl":"https:\/\/yupie.app\/wp-content\/uploads\/2023\/09\/DSC02137.png","datePublished":"2023-09-07T07:01:15+00:00","dateModified":"2026-01-18T06:46:32+00:00","description":"Ez a fali t\u00fck\u00f6r James Dean lenyomattal egyedi st\u00edlust \u00e9s ikonikus eleganci\u00e1t k\u00f6lcs\u00f6n\u00f6z otthon\u00e1nak. Ez a t\u00fck\u00f6r a legend\u00e1s James Dean arc\u00e1t \u00f6r\u00f6k\u00edti meg.","breadcrumb":{"@id":"https:\/\/yupie.app\/product\/fali-tukor-james-dean-lenyomattal\/#breadcrumb"},"inLanguage":"ro-RO","potentialAction":[{"@type":"ReadAction","target":["https:\/\/yupie.app\/product\/fali-tukor-james-dean-lenyomattal\/"]}]},{"@type":"ImageObject","inLanguage":"ro-RO","@id":"https:\/\/yupie.app\/product\/fali-tukor-james-dean-lenyomattal\/#primaryimage","url":"https:\/\/yupie.app\/wp-content\/uploads\/2023\/09\/DSC02137.png","contentUrl":"https:\/\/yupie.app\/wp-content\/uploads\/2023\/09\/DSC02137.png","width":2395,"height":2126,"caption":"Fali t\u00fck\u00f6r James Dean lenyomattal, dekor\u00e1ci\u00f3, t\u00fckr\u00f6k, yupie"},{"@type":"BreadcrumbList","@id":"https:\/\/yupie.app\/product\/fali-tukor-james-dean-lenyomattal\/#breadcrumb","itemListElement":[{"@type":"ListItem","position":1,"name":"Kezd\u0151lap","item":"https:\/\/yupie.app\/"},{"@type":"ListItem","position":2,"name":"Katal\u00f3gus","item":"https:\/\/yupie.app\/katalogus\/"},{"@type":"ListItem","position":3,"name":"Ikonikus James Dean fali t\u00fck\u00f6r \u2013 vintage popkult\u00fara lak\u00e1sdekor (22\u00d733\u00d72 cm)"}]},{"@type":"WebSite","@id":"https:\/\/yupie.app\/#website","url":"https:\/\/yupie.app\/","name":"yupie.app","description":"","publisher":{"@id":"https:\/\/yupie.app\/#organization"},"potentialAction":[{"@type":"SearchAction","target":{"@type":"EntryPoint","urlTemplate":"https:\/\/yupie.app\/?s={search_term_string}"},"query-input":{"@type":"PropertyValueSpecification","valueRequired":true,"valueName":"search_term_string"}}],"inLanguage":"ro-RO"},{"@type":"Organization","@id":"https:\/\/yupie.app\/#organization","name":"yupie.app","url":"https:\/\/yupie.app\/","logo":{"@type":"ImageObject","inLanguage":"ro-RO","@id":"https:\/\/yupie.app\/#\/schema\/logo\/image\/","url":"https:\/\/yupie.app\/wp-content\/uploads\/2025\/07\/cropped-uj-logo.png","contentUrl":"https:\/\/yupie.app\/wp-content\/uploads\/2025\/07\/cropped-uj-logo.png","width":500,"height":208,"caption":"yupie.app"},"image":{"@id":"https:\/\/yupie.app\/#\/schema\/logo\/image\/"},"sameAs":["https:\/\/www.facebook.com\/profile.php?id=100089345417295"]}]}},"jetpack_sharing_enabled":true,"_links":{"self":[{"href":"https:\/\/yupie.app\/ro\/wp-json\/wp\/v2\/product\/3394","targetHints":{"allow":["GET"]}}],"collection":[{"href":"https:\/\/yupie.app\/ro\/wp-json\/wp\/v2\/product"}],"about":[{"href":"https:\/\/yupie.app\/ro\/wp-json\/wp\/v2\/types\/product"}],"version-history":[{"count":0,"href":"https:\/\/yupie.app\/ro\/wp-json\/wp\/v2\/product\/3394\/revisions"}],"wp:featuredmedia":[{"embeddable":true,"href":"https:\/\/yupie.app\/ro\/wp-json\/wp\/v2\/media\/3398"}],"wp:attachment":[{"href":"https:\/\/yupie.app\/ro\/wp-json\/wp\/v2\/media?parent=3394"}],"wp:term":[{"taxonomy":"product_brand","embeddable":true,"href":"https:\/\/yupie.app\/ro\/wp-json\/wp\/v2\/product_brand?post=3394"},{"taxonomy":"product_cat","embeddable":true,"href":"https:\/\/yupie.app\/ro\/wp-json\/wp\/v2\/product_cat?post=3394"},{"taxonomy":"product_tag","embeddable":true,"href":"https:\/\/yupie.app\/ro\/wp-json\/wp\/v2\/product_tag?post=3394"}],"curies":[{"name":"wp","href":"https:\/\/api.w.org\/{rel}","templated":true}]}}