{"id":327,"date":"2023-01-17T16:22:19","date_gmt":"2023-01-17T14:22:19","guid":{"rendered":"https:\/\/yupie.hu\/?post_type=product&#038;p=327"},"modified":"2026-01-19T10:00:55","modified_gmt":"2026-01-19T08:00:55","slug":"vintage-komod-82-x-40-x-80","status":"publish","type":"product","link":"https:\/\/yupie.app\/ro\/product\/vintage-komod-82-x-40-x-80\/","title":{"rendered":"Vintage fa kom\u00f3d \u2013 klasszikus kis t\u00e1lal\u00f3szekr\u00e9ny"},"content":{"rendered":"<p>A vintage kom\u00f3d az id\u0151tlen b\u00fatorok egyik jellegzetes darabja, amely a m\u00falt sz\u00e1zadok hangulat\u00e1t id\u00e9zi meg. A kom\u00f3d egy olyan b\u00fatordarab, amelynek f\u0151 c\u00e9lja az \u00e9rt\u00e9kek t\u00e1rol\u00e1sa volt.<\/p>\n<p>Ez a vintage kom\u00f3d azok sz\u00e1m\u00e1ra lehet vonz\u00f3, akik szeretik az antik st\u00edlust, vagy akik szeretik az egyedi darabokat az otthonukban. A vintage kom\u00f3dokat gyakran haszn\u00e1lj\u00e1k a h\u00e1l\u00f3szob\u00e1ban, azonban nagyon j\u00f3l mutatnak az el\u0151szob\u00e1ban, a nappaliban vagy ak\u00e1r a konyh\u00e1ban is. Az antik st\u00edlus\u00fa kom\u00f3dok \u00e1ltal\u00e1ban j\u00f3l illeszkednek az olyan enteri\u0151r\u00f6kbe, amelyek vintage vagy rusztikus st\u00edlus\u00faak, de ak\u00e1r modern lak\u00e1sokba is beilleszthet\u0151ek.<\/p>","protected":false},"excerpt":{"rendered":"<p>A vintage b\u0171tor k\u00fcl\u00f6n\u00f6sen j\u00f3 v\u00e1laszt\u00e1s lehet olyan enteri\u0151r\u00f6kben, amelyekben a r\u00e9gi \u00e9s az \u00faj elemek \u00f6sszeolvadnak. A vintage kom\u00f3doknak klasszikus \u00e9s id\u0151t\u00e1ll\u00f3 megjelen\u00e9s\u00fck van, amelyek a modern b\u00fatorokkal kombin\u00e1lva izgalmas \u00e9s st\u00edlusos otthoni k\u00f6rnyezetet teremthetnek.<\/p>","protected":false},"featured_media":328,"template":"","meta":[],"product_brand":[],"product_cat":[40],"product_tag":[77,252,52,50],"class_list":{"0":"post-327","1":"product","2":"type-product","3":"status-publish","4":"has-post-thumbnail","6":"product_cat-butorok","7":"product_tag-fa","8":"product_tag-fabol-keszult","9":"product_tag-komod","10":"product_tag-vintage","11":"description-off","13":"first","14":"instock","15":"shipping-taxable","16":"purchasable","17":"product-type-simple"},"yoast_head":"<!-- This site is optimized with the Yoast SEO plugin v27.3 - https:\/\/yoast.com\/product\/yoast-seo-wordpress\/ -->\n<title>Vintage fa kom\u00f3d \u2013 klasszikus kis t\u00e1lal\u00f3szekr\u00e9ny - yupie.app<\/title>\n<meta name=\"robots\" content=\"index, follow, max-snippet:-1, max-image-preview:large, max-video-preview:-1\" \/>\n<link rel=\"canonical\" href=\"https:\/\/yupie.app\/ro\/product\/vintage-komod-82-x-40-x-80\/\" \/>\n<meta property=\"og:locale\" content=\"ro_RO\" \/>\n<meta property=\"og:type\" content=\"article\" \/>\n<meta property=\"og:title\" content=\"Vintage fa kom\u00f3d \u2013 klasszikus kis t\u00e1lal\u00f3szekr\u00e9ny - yupie.app\" \/>\n<meta property=\"og:description\" content=\"A vintage b\u0171tor k\u00fcl\u00f6n\u00f6sen j\u00f3 v\u00e1laszt\u00e1s lehet olyan enteri\u0151r\u00f6kben, amelyekben a r\u00e9gi \u00e9s az \u00faj elemek \u00f6sszeolvadnak. A vintage kom\u00f3doknak klasszikus \u00e9s id\u0151t\u00e1ll\u00f3 megjelen\u00e9s\u00fck van, amelyek a modern b\u00fatorokkal kombin\u00e1lva izgalmas \u00e9s st\u00edlusos otthoni k\u00f6rnyezetet teremthetnek.\" \/>\n<meta property=\"og:url\" content=\"https:\/\/yupie.app\/ro\/product\/vintage-komod-82-x-40-x-80\/\" \/>\n<meta property=\"og:site_name\" content=\"yupie.app\" \/>\n<meta property=\"article:publisher\" content=\"https:\/\/www.facebook.com\/profile.php?id=100089345417295\" \/>\n<meta property=\"article:modified_time\" content=\"2026-01-19T08:00:55+00:00\" \/>\n<meta property=\"og:image\" content=\"https:\/\/yupie.app\/wp-content\/uploads\/2023\/01\/kicsi-cseresznye-komod-antik-vintage-2.png\" \/>\n\t<meta property=\"og:image:width\" content=\"780\" \/>\n\t<meta property=\"og:image:height\" content=\"1040\" \/>\n\t<meta property=\"og:image:type\" content=\"image\/png\" \/>\n<meta name=\"twitter:card\" content=\"summary_large_image\" \/>\n<meta name=\"twitter:label1\" content=\"Timp estimat pentru citire\" \/>\n\t<meta name=\"twitter:data1\" content=\"1 minut\" \/>\n<script type=\"application\/ld+json\" class=\"yoast-schema-graph\">{\"@context\":\"https:\\\/\\\/schema.org\",\"@graph\":[{\"@type\":\"WebPage\",\"@id\":\"https:\\\/\\\/yupie.app\\\/product\\\/vintage-komod-82-x-40-x-80\\\/\",\"url\":\"https:\\\/\\\/yupie.app\\\/product\\\/vintage-komod-82-x-40-x-80\\\/\",\"name\":\"Vintage fa kom\u00f3d \u2013 klasszikus kis t\u00e1lal\u00f3szekr\u00e9ny - yupie.app\",\"isPartOf\":{\"@id\":\"https:\\\/\\\/yupie.app\\\/#website\"},\"primaryImageOfPage\":{\"@id\":\"https:\\\/\\\/yupie.app\\\/product\\\/vintage-komod-82-x-40-x-80\\\/#primaryimage\"},\"image\":{\"@id\":\"https:\\\/\\\/yupie.app\\\/product\\\/vintage-komod-82-x-40-x-80\\\/#primaryimage\"},\"thumbnailUrl\":\"https:\\\/\\\/yupie.app\\\/wp-content\\\/uploads\\\/2023\\\/01\\\/kicsi-cseresznye-komod-antik-vintage-2.png\",\"datePublished\":\"2023-01-17T14:22:19+00:00\",\"dateModified\":\"2026-01-19T08:00:55+00:00\",\"breadcrumb\":{\"@id\":\"https:\\\/\\\/yupie.app\\\/product\\\/vintage-komod-82-x-40-x-80\\\/#breadcrumb\"},\"inLanguage\":\"ro-RO\",\"potentialAction\":[{\"@type\":\"ReadAction\",\"target\":[\"https:\\\/\\\/yupie.app\\\/product\\\/vintage-komod-82-x-40-x-80\\\/\"]}]},{\"@type\":\"ImageObject\",\"inLanguage\":\"ro-RO\",\"@id\":\"https:\\\/\\\/yupie.app\\\/product\\\/vintage-komod-82-x-40-x-80\\\/#primaryimage\",\"url\":\"https:\\\/\\\/yupie.app\\\/wp-content\\\/uploads\\\/2023\\\/01\\\/kicsi-cseresznye-komod-antik-vintage-2.png\",\"contentUrl\":\"https:\\\/\\\/yupie.app\\\/wp-content\\\/uploads\\\/2023\\\/01\\\/kicsi-cseresznye-komod-antik-vintage-2.png\",\"width\":780,\"height\":1040,\"caption\":\"kicsi cseresznye kom\u00f3d antik vintage 2\"},{\"@type\":\"BreadcrumbList\",\"@id\":\"https:\\\/\\\/yupie.app\\\/product\\\/vintage-komod-82-x-40-x-80\\\/#breadcrumb\",\"itemListElement\":[{\"@type\":\"ListItem\",\"position\":1,\"name\":\"Kezd\u0151lap\",\"item\":\"https:\\\/\\\/yupie.app\\\/\"},{\"@type\":\"ListItem\",\"position\":2,\"name\":\"Katal\u00f3gus\",\"item\":\"https:\\\/\\\/yupie.app\\\/katalogus\\\/\"},{\"@type\":\"ListItem\",\"position\":3,\"name\":\"Vintage fa kom\u00f3d \u2013 klasszikus kis t\u00e1lal\u00f3szekr\u00e9ny\"}]},{\"@type\":\"WebSite\",\"@id\":\"https:\\\/\\\/yupie.app\\\/#website\",\"url\":\"https:\\\/\\\/yupie.app\\\/\",\"name\":\"yupie.app\",\"description\":\"\",\"publisher\":{\"@id\":\"https:\\\/\\\/yupie.app\\\/#organization\"},\"potentialAction\":[{\"@type\":\"SearchAction\",\"target\":{\"@type\":\"EntryPoint\",\"urlTemplate\":\"https:\\\/\\\/yupie.app\\\/?s={search_term_string}\"},\"query-input\":{\"@type\":\"PropertyValueSpecification\",\"valueRequired\":true,\"valueName\":\"search_term_string\"}}],\"inLanguage\":\"ro-RO\"},{\"@type\":\"Organization\",\"@id\":\"https:\\\/\\\/yupie.app\\\/#organization\",\"name\":\"yupie.app\",\"url\":\"https:\\\/\\\/yupie.app\\\/\",\"logo\":{\"@type\":\"ImageObject\",\"inLanguage\":\"ro-RO\",\"@id\":\"https:\\\/\\\/yupie.app\\\/#\\\/schema\\\/logo\\\/image\\\/\",\"url\":\"https:\\\/\\\/yupie.app\\\/wp-content\\\/uploads\\\/2025\\\/07\\\/cropped-uj-logo.png\",\"contentUrl\":\"https:\\\/\\\/yupie.app\\\/wp-content\\\/uploads\\\/2025\\\/07\\\/cropped-uj-logo.png\",\"width\":500,\"height\":208,\"caption\":\"yupie.app\"},\"image\":{\"@id\":\"https:\\\/\\\/yupie.app\\\/#\\\/schema\\\/logo\\\/image\\\/\"},\"sameAs\":[\"https:\\\/\\\/www.facebook.com\\\/profile.php?id=100089345417295\"]}]}<\/script>\n<!-- \/ Yoast SEO plugin. -->","yoast_head_json":{"title":"Vintage fa kom\u00f3d \u2013 klasszikus kis t\u00e1lal\u00f3szekr\u00e9ny - yupie.app","robots":{"index":"index","follow":"follow","max-snippet":"max-snippet:-1","max-image-preview":"max-image-preview:large","max-video-preview":"max-video-preview:-1"},"canonical":"https:\/\/yupie.app\/ro\/product\/vintage-komod-82-x-40-x-80\/","og_locale":"ro_RO","og_type":"article","og_title":"Vintage fa kom\u00f3d \u2013 klasszikus kis t\u00e1lal\u00f3szekr\u00e9ny - yupie.app","og_description":"A vintage b\u0171tor k\u00fcl\u00f6n\u00f6sen j\u00f3 v\u00e1laszt\u00e1s lehet olyan enteri\u0151r\u00f6kben, amelyekben a r\u00e9gi \u00e9s az \u00faj elemek \u00f6sszeolvadnak. A vintage kom\u00f3doknak klasszikus \u00e9s id\u0151t\u00e1ll\u00f3 megjelen\u00e9s\u00fck van, amelyek a modern b\u00fatorokkal kombin\u00e1lva izgalmas \u00e9s st\u00edlusos otthoni k\u00f6rnyezetet teremthetnek.","og_url":"https:\/\/yupie.app\/ro\/product\/vintage-komod-82-x-40-x-80\/","og_site_name":"yupie.app","article_publisher":"https:\/\/www.facebook.com\/profile.php?id=100089345417295","article_modified_time":"2026-01-19T08:00:55+00:00","og_image":[{"width":780,"height":1040,"url":"https:\/\/yupie.app\/wp-content\/uploads\/2023\/01\/kicsi-cseresznye-komod-antik-vintage-2.png","type":"image\/png"}],"twitter_card":"summary_large_image","twitter_misc":{"Timp estimat pentru citire":"1 minut"},"schema":{"@context":"https:\/\/schema.org","@graph":[{"@type":"WebPage","@id":"https:\/\/yupie.app\/product\/vintage-komod-82-x-40-x-80\/","url":"https:\/\/yupie.app\/product\/vintage-komod-82-x-40-x-80\/","name":"Vintage fa kom\u00f3d \u2013 klasszikus kis t\u00e1lal\u00f3szekr\u00e9ny - yupie.app","isPartOf":{"@id":"https:\/\/yupie.app\/#website"},"primaryImageOfPage":{"@id":"https:\/\/yupie.app\/product\/vintage-komod-82-x-40-x-80\/#primaryimage"},"image":{"@id":"https:\/\/yupie.app\/product\/vintage-komod-82-x-40-x-80\/#primaryimage"},"thumbnailUrl":"https:\/\/yupie.app\/wp-content\/uploads\/2023\/01\/kicsi-cseresznye-komod-antik-vintage-2.png","datePublished":"2023-01-17T14:22:19+00:00","dateModified":"2026-01-19T08:00:55+00:00","breadcrumb":{"@id":"https:\/\/yupie.app\/product\/vintage-komod-82-x-40-x-80\/#breadcrumb"},"inLanguage":"ro-RO","potentialAction":[{"@type":"ReadAction","target":["https:\/\/yupie.app\/product\/vintage-komod-82-x-40-x-80\/"]}]},{"@type":"ImageObject","inLanguage":"ro-RO","@id":"https:\/\/yupie.app\/product\/vintage-komod-82-x-40-x-80\/#primaryimage","url":"https:\/\/yupie.app\/wp-content\/uploads\/2023\/01\/kicsi-cseresznye-komod-antik-vintage-2.png","contentUrl":"https:\/\/yupie.app\/wp-content\/uploads\/2023\/01\/kicsi-cseresznye-komod-antik-vintage-2.png","width":780,"height":1040,"caption":"kicsi cseresznye kom\u00f3d antik vintage 2"},{"@type":"BreadcrumbList","@id":"https:\/\/yupie.app\/product\/vintage-komod-82-x-40-x-80\/#breadcrumb","itemListElement":[{"@type":"ListItem","position":1,"name":"Kezd\u0151lap","item":"https:\/\/yupie.app\/"},{"@type":"ListItem","position":2,"name":"Katal\u00f3gus","item":"https:\/\/yupie.app\/katalogus\/"},{"@type":"ListItem","position":3,"name":"Vintage fa kom\u00f3d \u2013 klasszikus kis t\u00e1lal\u00f3szekr\u00e9ny"}]},{"@type":"WebSite","@id":"https:\/\/yupie.app\/#website","url":"https:\/\/yupie.app\/","name":"yupie.app","description":"","publisher":{"@id":"https:\/\/yupie.app\/#organization"},"potentialAction":[{"@type":"SearchAction","target":{"@type":"EntryPoint","urlTemplate":"https:\/\/yupie.app\/?s={search_term_string}"},"query-input":{"@type":"PropertyValueSpecification","valueRequired":true,"valueName":"search_term_string"}}],"inLanguage":"ro-RO"},{"@type":"Organization","@id":"https:\/\/yupie.app\/#organization","name":"yupie.app","url":"https:\/\/yupie.app\/","logo":{"@type":"ImageObject","inLanguage":"ro-RO","@id":"https:\/\/yupie.app\/#\/schema\/logo\/image\/","url":"https:\/\/yupie.app\/wp-content\/uploads\/2025\/07\/cropped-uj-logo.png","contentUrl":"https:\/\/yupie.app\/wp-content\/uploads\/2025\/07\/cropped-uj-logo.png","width":500,"height":208,"caption":"yupie.app"},"image":{"@id":"https:\/\/yupie.app\/#\/schema\/logo\/image\/"},"sameAs":["https:\/\/www.facebook.com\/profile.php?id=100089345417295"]}]}},"jetpack_sharing_enabled":true,"_links":{"self":[{"href":"https:\/\/yupie.app\/ro\/wp-json\/wp\/v2\/product\/327","targetHints":{"allow":["GET"]}}],"collection":[{"href":"https:\/\/yupie.app\/ro\/wp-json\/wp\/v2\/product"}],"about":[{"href":"https:\/\/yupie.app\/ro\/wp-json\/wp\/v2\/types\/product"}],"version-history":[{"count":0,"href":"https:\/\/yupie.app\/ro\/wp-json\/wp\/v2\/product\/327\/revisions"}],"wp:featuredmedia":[{"embeddable":true,"href":"https:\/\/yupie.app\/ro\/wp-json\/wp\/v2\/media\/328"}],"wp:attachment":[{"href":"https:\/\/yupie.app\/ro\/wp-json\/wp\/v2\/media?parent=327"}],"wp:term":[{"taxonomy":"product_brand","embeddable":true,"href":"https:\/\/yupie.app\/ro\/wp-json\/wp\/v2\/product_brand?post=327"},{"taxonomy":"product_cat","embeddable":true,"href":"https:\/\/yupie.app\/ro\/wp-json\/wp\/v2\/product_cat?post=327"},{"taxonomy":"product_tag","embeddable":true,"href":"https:\/\/yupie.app\/ro\/wp-json\/wp\/v2\/product_tag?post=327"}],"curies":[{"name":"wp","href":"https:\/\/api.w.org\/{rel}","templated":true}]}}