{"id":320,"date":"2023-01-17T15:57:34","date_gmt":"2023-01-17T13:57:34","guid":{"rendered":"https:\/\/yupie.hu\/?post_type=product&#038;p=320"},"modified":"2026-01-19T10:04:35","modified_gmt":"2026-01-19T08:04:35","slug":"vintage-marvanylapos-dohanyszoasztal","status":"publish","type":"product","link":"https:\/\/yupie.app\/ro\/product\/vintage-marvanylapos-dohanyszoasztal\/","title":{"rendered":"Klasszikus ov\u00e1lis m\u00e1rv\u00e1ny doh\u00e1nyz\u00f3asztal \u2013 faragott fa l\u00e1bakkal"},"content":{"rendered":"<h2><strong>Vintage M\u00e1rv\u00e1nylapos Doh\u00e1nyz\u00f3asztal<\/strong><\/h2>\n<p>Egy igaz\u00e1n eleg\u00e1ns \u00e9s egyedi doh\u00e1nyz\u00f3asztal, melynek min\u0151s\u00e9ge mag\u00e1\u00e9rt besz\u00e9l. \u00cdzl\u00e9ses \u00e9s kellemes megjelen\u00e9se feldobja b\u00e1rmely helyis\u00e9g f\u00e9ny\u00e9t.<\/p>\n<p>&nbsp;<\/p>\n<p>&nbsp;<\/p>","protected":false},"excerpt":{"rendered":"<p>M\u00e9ret: 116 x 62 x 42<\/p>","protected":false},"featured_media":321,"template":"","meta":[],"product_brand":[],"product_cat":[40],"product_tag":[51,48,49,50],"class_list":{"0":"post-320","1":"product","2":"type-product","3":"status-publish","4":"has-post-thumbnail","6":"product_cat-butorok","7":"product_tag-antik","8":"product_tag-dohanyzoasztal","9":"product_tag-nappali","10":"product_tag-vintage","11":"description-off","13":"first","14":"instock","15":"shipping-taxable","16":"purchasable","17":"product-type-simple"},"yoast_head":"<!-- This site is optimized with the Yoast SEO plugin v27.3 - https:\/\/yoast.com\/product\/yoast-seo-wordpress\/ -->\n<title>Klasszikus ov\u00e1lis m\u00e1rv\u00e1ny doh\u00e1nyz\u00f3asztal \u2013 faragott fa l\u00e1bakkal - yupie.app<\/title>\n<meta name=\"robots\" content=\"index, follow, max-snippet:-1, max-image-preview:large, max-video-preview:-1\" \/>\n<link rel=\"canonical\" href=\"https:\/\/yupie.app\/ro\/product\/vintage-marvanylapos-dohanyszoasztal\/\" \/>\n<meta property=\"og:locale\" content=\"ro_RO\" \/>\n<meta property=\"og:type\" content=\"article\" \/>\n<meta property=\"og:title\" content=\"Klasszikus ov\u00e1lis m\u00e1rv\u00e1ny doh\u00e1nyz\u00f3asztal \u2013 faragott fa l\u00e1bakkal - yupie.app\" \/>\n<meta property=\"og:description\" content=\"M\u00e9ret: 116 x 62 x 42\" \/>\n<meta property=\"og:url\" content=\"https:\/\/yupie.app\/ro\/product\/vintage-marvanylapos-dohanyszoasztal\/\" \/>\n<meta property=\"og:site_name\" content=\"yupie.app\" \/>\n<meta property=\"article:publisher\" content=\"https:\/\/www.facebook.com\/profile.php?id=100089345417295\" \/>\n<meta property=\"article:modified_time\" content=\"2026-01-19T08:04:35+00:00\" \/>\n<meta property=\"og:image\" content=\"https:\/\/yupie.app\/wp-content\/uploads\/2023\/01\/1673879012229.png\" \/>\n\t<meta property=\"og:image:width\" content=\"780\" \/>\n\t<meta property=\"og:image:height\" content=\"1040\" \/>\n\t<meta property=\"og:image:type\" content=\"image\/png\" \/>\n<meta name=\"twitter:card\" content=\"summary_large_image\" \/>\n<meta name=\"twitter:label1\" content=\"Timp estimat pentru citire\" \/>\n\t<meta name=\"twitter:data1\" content=\"1 minut\" \/>\n<script type=\"application\/ld+json\" class=\"yoast-schema-graph\">{\"@context\":\"https:\\\/\\\/schema.org\",\"@graph\":[{\"@type\":\"WebPage\",\"@id\":\"https:\\\/\\\/yupie.app\\\/product\\\/vintage-marvanylapos-dohanyszoasztal\\\/\",\"url\":\"https:\\\/\\\/yupie.app\\\/product\\\/vintage-marvanylapos-dohanyszoasztal\\\/\",\"name\":\"Klasszikus ov\u00e1lis m\u00e1rv\u00e1ny doh\u00e1nyz\u00f3asztal \u2013 faragott fa l\u00e1bakkal - yupie.app\",\"isPartOf\":{\"@id\":\"https:\\\/\\\/yupie.app\\\/#website\"},\"primaryImageOfPage\":{\"@id\":\"https:\\\/\\\/yupie.app\\\/product\\\/vintage-marvanylapos-dohanyszoasztal\\\/#primaryimage\"},\"image\":{\"@id\":\"https:\\\/\\\/yupie.app\\\/product\\\/vintage-marvanylapos-dohanyszoasztal\\\/#primaryimage\"},\"thumbnailUrl\":\"https:\\\/\\\/yupie.app\\\/wp-content\\\/uploads\\\/2023\\\/01\\\/1673879012229.png\",\"datePublished\":\"2023-01-17T13:57:34+00:00\",\"dateModified\":\"2026-01-19T08:04:35+00:00\",\"breadcrumb\":{\"@id\":\"https:\\\/\\\/yupie.app\\\/product\\\/vintage-marvanylapos-dohanyszoasztal\\\/#breadcrumb\"},\"inLanguage\":\"ro-RO\",\"potentialAction\":[{\"@type\":\"ReadAction\",\"target\":[\"https:\\\/\\\/yupie.app\\\/product\\\/vintage-marvanylapos-dohanyszoasztal\\\/\"]}]},{\"@type\":\"ImageObject\",\"inLanguage\":\"ro-RO\",\"@id\":\"https:\\\/\\\/yupie.app\\\/product\\\/vintage-marvanylapos-dohanyszoasztal\\\/#primaryimage\",\"url\":\"https:\\\/\\\/yupie.app\\\/wp-content\\\/uploads\\\/2023\\\/01\\\/1673879012229.png\",\"contentUrl\":\"https:\\\/\\\/yupie.app\\\/wp-content\\\/uploads\\\/2023\\\/01\\\/1673879012229.png\",\"width\":780,\"height\":1040,\"caption\":\"m\u00e1rv\u00e1ny doh\u00e1nyz\u00f3asztal\"},{\"@type\":\"BreadcrumbList\",\"@id\":\"https:\\\/\\\/yupie.app\\\/product\\\/vintage-marvanylapos-dohanyszoasztal\\\/#breadcrumb\",\"itemListElement\":[{\"@type\":\"ListItem\",\"position\":1,\"name\":\"Kezd\u0151lap\",\"item\":\"https:\\\/\\\/yupie.app\\\/\"},{\"@type\":\"ListItem\",\"position\":2,\"name\":\"Katal\u00f3gus\",\"item\":\"https:\\\/\\\/yupie.app\\\/katalogus\\\/\"},{\"@type\":\"ListItem\",\"position\":3,\"name\":\"Klasszikus ov\u00e1lis m\u00e1rv\u00e1ny doh\u00e1nyz\u00f3asztal \u2013 faragott fa l\u00e1bakkal\"}]},{\"@type\":\"WebSite\",\"@id\":\"https:\\\/\\\/yupie.app\\\/#website\",\"url\":\"https:\\\/\\\/yupie.app\\\/\",\"name\":\"yupie.app\",\"description\":\"\",\"publisher\":{\"@id\":\"https:\\\/\\\/yupie.app\\\/#organization\"},\"potentialAction\":[{\"@type\":\"SearchAction\",\"target\":{\"@type\":\"EntryPoint\",\"urlTemplate\":\"https:\\\/\\\/yupie.app\\\/?s={search_term_string}\"},\"query-input\":{\"@type\":\"PropertyValueSpecification\",\"valueRequired\":true,\"valueName\":\"search_term_string\"}}],\"inLanguage\":\"ro-RO\"},{\"@type\":\"Organization\",\"@id\":\"https:\\\/\\\/yupie.app\\\/#organization\",\"name\":\"yupie.app\",\"url\":\"https:\\\/\\\/yupie.app\\\/\",\"logo\":{\"@type\":\"ImageObject\",\"inLanguage\":\"ro-RO\",\"@id\":\"https:\\\/\\\/yupie.app\\\/#\\\/schema\\\/logo\\\/image\\\/\",\"url\":\"https:\\\/\\\/yupie.app\\\/wp-content\\\/uploads\\\/2025\\\/07\\\/cropped-uj-logo.png\",\"contentUrl\":\"https:\\\/\\\/yupie.app\\\/wp-content\\\/uploads\\\/2025\\\/07\\\/cropped-uj-logo.png\",\"width\":500,\"height\":208,\"caption\":\"yupie.app\"},\"image\":{\"@id\":\"https:\\\/\\\/yupie.app\\\/#\\\/schema\\\/logo\\\/image\\\/\"},\"sameAs\":[\"https:\\\/\\\/www.facebook.com\\\/profile.php?id=100089345417295\"]}]}<\/script>\n<!-- \/ Yoast SEO plugin. -->","yoast_head_json":{"title":"Klasszikus ov\u00e1lis m\u00e1rv\u00e1ny doh\u00e1nyz\u00f3asztal \u2013 faragott fa l\u00e1bakkal - yupie.app","robots":{"index":"index","follow":"follow","max-snippet":"max-snippet:-1","max-image-preview":"max-image-preview:large","max-video-preview":"max-video-preview:-1"},"canonical":"https:\/\/yupie.app\/ro\/product\/vintage-marvanylapos-dohanyszoasztal\/","og_locale":"ro_RO","og_type":"article","og_title":"Klasszikus ov\u00e1lis m\u00e1rv\u00e1ny doh\u00e1nyz\u00f3asztal \u2013 faragott fa l\u00e1bakkal - yupie.app","og_description":"M\u00e9ret: 116 x 62 x 42","og_url":"https:\/\/yupie.app\/ro\/product\/vintage-marvanylapos-dohanyszoasztal\/","og_site_name":"yupie.app","article_publisher":"https:\/\/www.facebook.com\/profile.php?id=100089345417295","article_modified_time":"2026-01-19T08:04:35+00:00","og_image":[{"width":780,"height":1040,"url":"https:\/\/yupie.app\/wp-content\/uploads\/2023\/01\/1673879012229.png","type":"image\/png"}],"twitter_card":"summary_large_image","twitter_misc":{"Timp estimat pentru citire":"1 minut"},"schema":{"@context":"https:\/\/schema.org","@graph":[{"@type":"WebPage","@id":"https:\/\/yupie.app\/product\/vintage-marvanylapos-dohanyszoasztal\/","url":"https:\/\/yupie.app\/product\/vintage-marvanylapos-dohanyszoasztal\/","name":"Klasszikus ov\u00e1lis m\u00e1rv\u00e1ny doh\u00e1nyz\u00f3asztal \u2013 faragott fa l\u00e1bakkal - yupie.app","isPartOf":{"@id":"https:\/\/yupie.app\/#website"},"primaryImageOfPage":{"@id":"https:\/\/yupie.app\/product\/vintage-marvanylapos-dohanyszoasztal\/#primaryimage"},"image":{"@id":"https:\/\/yupie.app\/product\/vintage-marvanylapos-dohanyszoasztal\/#primaryimage"},"thumbnailUrl":"https:\/\/yupie.app\/wp-content\/uploads\/2023\/01\/1673879012229.png","datePublished":"2023-01-17T13:57:34+00:00","dateModified":"2026-01-19T08:04:35+00:00","breadcrumb":{"@id":"https:\/\/yupie.app\/product\/vintage-marvanylapos-dohanyszoasztal\/#breadcrumb"},"inLanguage":"ro-RO","potentialAction":[{"@type":"ReadAction","target":["https:\/\/yupie.app\/product\/vintage-marvanylapos-dohanyszoasztal\/"]}]},{"@type":"ImageObject","inLanguage":"ro-RO","@id":"https:\/\/yupie.app\/product\/vintage-marvanylapos-dohanyszoasztal\/#primaryimage","url":"https:\/\/yupie.app\/wp-content\/uploads\/2023\/01\/1673879012229.png","contentUrl":"https:\/\/yupie.app\/wp-content\/uploads\/2023\/01\/1673879012229.png","width":780,"height":1040,"caption":"m\u00e1rv\u00e1ny doh\u00e1nyz\u00f3asztal"},{"@type":"BreadcrumbList","@id":"https:\/\/yupie.app\/product\/vintage-marvanylapos-dohanyszoasztal\/#breadcrumb","itemListElement":[{"@type":"ListItem","position":1,"name":"Kezd\u0151lap","item":"https:\/\/yupie.app\/"},{"@type":"ListItem","position":2,"name":"Katal\u00f3gus","item":"https:\/\/yupie.app\/katalogus\/"},{"@type":"ListItem","position":3,"name":"Klasszikus ov\u00e1lis m\u00e1rv\u00e1ny doh\u00e1nyz\u00f3asztal \u2013 faragott fa l\u00e1bakkal"}]},{"@type":"WebSite","@id":"https:\/\/yupie.app\/#website","url":"https:\/\/yupie.app\/","name":"yupie.app","description":"","publisher":{"@id":"https:\/\/yupie.app\/#organization"},"potentialAction":[{"@type":"SearchAction","target":{"@type":"EntryPoint","urlTemplate":"https:\/\/yupie.app\/?s={search_term_string}"},"query-input":{"@type":"PropertyValueSpecification","valueRequired":true,"valueName":"search_term_string"}}],"inLanguage":"ro-RO"},{"@type":"Organization","@id":"https:\/\/yupie.app\/#organization","name":"yupie.app","url":"https:\/\/yupie.app\/","logo":{"@type":"ImageObject","inLanguage":"ro-RO","@id":"https:\/\/yupie.app\/#\/schema\/logo\/image\/","url":"https:\/\/yupie.app\/wp-content\/uploads\/2025\/07\/cropped-uj-logo.png","contentUrl":"https:\/\/yupie.app\/wp-content\/uploads\/2025\/07\/cropped-uj-logo.png","width":500,"height":208,"caption":"yupie.app"},"image":{"@id":"https:\/\/yupie.app\/#\/schema\/logo\/image\/"},"sameAs":["https:\/\/www.facebook.com\/profile.php?id=100089345417295"]}]}},"jetpack_sharing_enabled":true,"_links":{"self":[{"href":"https:\/\/yupie.app\/ro\/wp-json\/wp\/v2\/product\/320","targetHints":{"allow":["GET"]}}],"collection":[{"href":"https:\/\/yupie.app\/ro\/wp-json\/wp\/v2\/product"}],"about":[{"href":"https:\/\/yupie.app\/ro\/wp-json\/wp\/v2\/types\/product"}],"version-history":[{"count":0,"href":"https:\/\/yupie.app\/ro\/wp-json\/wp\/v2\/product\/320\/revisions"}],"wp:featuredmedia":[{"embeddable":true,"href":"https:\/\/yupie.app\/ro\/wp-json\/wp\/v2\/media\/321"}],"wp:attachment":[{"href":"https:\/\/yupie.app\/ro\/wp-json\/wp\/v2\/media?parent=320"}],"wp:term":[{"taxonomy":"product_brand","embeddable":true,"href":"https:\/\/yupie.app\/ro\/wp-json\/wp\/v2\/product_brand?post=320"},{"taxonomy":"product_cat","embeddable":true,"href":"https:\/\/yupie.app\/ro\/wp-json\/wp\/v2\/product_cat?post=320"},{"taxonomy":"product_tag","embeddable":true,"href":"https:\/\/yupie.app\/ro\/wp-json\/wp\/v2\/product_tag?post=320"}],"curies":[{"name":"wp","href":"https:\/\/api.w.org\/{rel}","templated":true}]}}