{"id":3137,"date":"2023-08-31T11:25:11","date_gmt":"2023-08-31T09:25:11","guid":{"rendered":"https:\/\/yupie.hu\/?post_type=product&#038;p=3137"},"modified":"2026-02-27T08:21:30","modified_gmt":"2026-02-27T06:21:30","slug":"zsirafok-dekor-kep-alairt-alkoto-ismeretlen-eredeti-cim-ismeretlen","status":"publish","type":"product","link":"https:\/\/yupie.app\/ro\/product\/zsirafok-dekor-kep-alairt-alkoto-ismeretlen-eredeti-cim-ismeretlen\/","title":{"rendered":"Zsir\u00e1fok dekor plak\u00e1t \u2013 Al\u00e1\u00edrt nyomtatott falik\u00e9p, egzotikus lak\u00e1sdekor"},"content":{"rendered":"<p data-start=\"275\" data-end=\"443\">Ez a <strong data-start=\"280\" data-end=\"316\">Zsir\u00e1fokat \u00e1br\u00e1zol\u00f3 dekor plak\u00e1t<\/strong> egy al\u00e1\u00edrt, plak\u00e1tra nyomtatott falik\u00e9p, amely egzotikus hangulatot \u00e9s term\u00e9szetk\u00f6zeli atmoszf\u00e9r\u00e1t teremt b\u00e1rmely enteri\u0151rben.<\/p>\n<p data-start=\"445\" data-end=\"528\">Fontos:<br data-start=\"452\" data-end=\"455\" \/>Ez <strong data-start=\"458\" data-end=\"474\">nem festm\u00e9ny<\/strong>, hanem nyomtatott k\u00e9p, amely dekor\u00e1ci\u00f3s c\u00e9lt szolg\u00e1l.<\/p>\n<p data-start=\"530\" data-end=\"627\">A zsir\u00e1f mot\u00edvum eleganci\u00e1t, nyugalmat \u00e9s afrikai inspir\u00e1ci\u00f3t sugall, \u00edgy kiv\u00e1l\u00f3 v\u00e1laszt\u00e1s lehet:<\/p>\n<ul data-start=\"628\" data-end=\"720\">\n<li data-start=\"628\" data-end=\"641\">\n<p data-start=\"630\" data-end=\"641\">nappaliba<\/p>\n<\/li>\n<li data-start=\"642\" data-end=\"657\">\n<p data-start=\"644\" data-end=\"657\">h\u00e1l\u00f3szob\u00e1ba<\/p>\n<\/li>\n<li data-start=\"658\" data-end=\"675\">\n<p data-start=\"660\" data-end=\"675\">gyerekszob\u00e1ba<\/p>\n<\/li>\n<li data-start=\"676\" data-end=\"687\">\n<p data-start=\"678\" data-end=\"687\">irod\u00e1ba<\/p>\n<\/li>\n<li data-start=\"688\" data-end=\"720\">\n<p data-start=\"690\" data-end=\"720\">egzotikus st\u00edlus\u00fa enteri\u0151rbe<\/p>\n<\/li>\n<\/ul>\n<h3 data-start=\"722\" data-end=\"749\">\ud83d\udc8e \u00c9rt\u00e9k\u00e9nek kiemel\u00e9se:<\/h3>\n<ul data-start=\"751\" data-end=\"975\">\n<li data-start=\"751\" data-end=\"796\">\n<p data-start=\"753\" data-end=\"796\">Eszt\u00e9tikailag er\u0151s, figyelemfelkelt\u0151 t\u00e9ma<\/p>\n<\/li>\n<li data-start=\"797\" data-end=\"826\">\n<p data-start=\"799\" data-end=\"826\">Dekorat\u00edv, modern falik\u00e9p<\/p>\n<\/li>\n<li data-start=\"827\" data-end=\"853\">\n<p data-start=\"829\" data-end=\"853\">Al\u00e1\u00edrt grafikai jelleg<\/p>\n<\/li>\n<li data-start=\"854\" data-end=\"911\">\n<p data-start=\"856\" data-end=\"911\">K\u00f6lts\u00e9ghat\u00e9kony m\u00f3dja a karakteres t\u00e9r kialak\u00edt\u00e1s\u00e1nak<\/p>\n<\/li>\n<li data-start=\"912\" data-end=\"975\">\n<p data-start=\"914\" data-end=\"975\">Az \u00e1llatos, afrikai mot\u00edvumok stabil keresletnek \u00f6rvendenek<\/p>\n<\/li>\n<\/ul>\n<p data-start=\"977\" data-end=\"1027\">Az ilyen jelleg\u0171 dekor plak\u00e1tok \u00e9rt\u00e9ke els\u0151sorban:<\/p>\n<ul data-start=\"1028\" data-end=\"1105\">\n<li data-start=\"1028\" data-end=\"1042\">\n<p data-start=\"1030\" data-end=\"1042\">a m\u00e9rett\u0151l<\/p>\n<\/li>\n<li data-start=\"1043\" data-end=\"1060\">\n<p data-start=\"1045\" data-end=\"1060\">az \u00e1llapott\u00f3l<\/p>\n<\/li>\n<li data-start=\"1061\" data-end=\"1079\">\n<p data-start=\"1063\" data-end=\"1079\">a keretez\u00e9st\u0151l<\/p>\n<\/li>\n<li data-start=\"1080\" data-end=\"1105\">\n<p data-start=\"1082\" data-end=\"1105\">a vizu\u00e1lis min\u0151s\u00e9gt\u0151\u00a0 l f\u00fcgg.<\/p>\n<\/li>\n<\/ul>","protected":false},"excerpt":{"rendered":"<p>Zsir\u00e1fokat \u00e1br\u00e1zol\u00f3 al\u00e1\u00edrt dekor plak\u00e1t. Egzotikus hangulat\u00fa nyomtatott falik\u00e9p, modern vagy vintage enteri\u0151rbe.<\/p>\n<p>!Megjegyz\u00e9s: A k\u00e9p egy h\u00e1rom r\u00e9szes sorozat r\u00e9sze!<\/p>","protected":false},"featured_media":3139,"template":"","meta":[],"product_brand":[],"product_cat":[533],"product_tag":[174,1206,59,1005,992,934,1222,895,692,686,687,591,1221],"class_list":{"0":"post-3137","1":"product","2":"type-product","3":"status-publish","4":"has-post-thumbnail","6":"product_cat-kepek-dekoracio","7":"product_tag-dekor","8":"product_tag-dekor-kep","9":"product_tag-dekoracio","10":"product_tag-ismeretlen-alkoto","11":"product_tag-ismeretlen-cim","12":"product_tag-kepek","13":"product_tag-majomkenyerfa","14":"product_tag-szavanna","15":"product_tag-szeretet","16":"product_tag-termeszet","17":"product_tag-termeszetkozeli","18":"product_tag-vedelem","19":"product_tag-zsiraf","20":"description-off","22":"first","23":"instock","24":"shipping-taxable","25":"purchasable","26":"product-type-simple"},"yoast_head":"<!-- This site is optimized with the Yoast SEO plugin v27.3 - https:\/\/yoast.com\/product\/yoast-seo-wordpress\/ -->\n<title>Zsir\u00e1f dekor plak\u00e1t \u2013 Egzotikus falik\u00e9p lak\u00e1sdekorhoz<\/title>\n<meta name=\"description\" content=\"A zsir\u00e1fok dekor k\u00e9p leny\u0171g\u00f6z\u0151 pillanatot \u00f6r\u00f6k\u00edt meg egy zsir\u00e1f any\u00e1r\u00f3l \u00e9s k\u00f6lyk\u00e9r\u0151l, a hatalmas f\u0171sz\u00e1lak k\u00f6z\u00f6tt. A naplemente f\u00e9nye \u00e1thatol a szavann\u00e1n.\" \/>\n<meta name=\"robots\" content=\"index, follow, max-snippet:-1, max-image-preview:large, max-video-preview:-1\" \/>\n<link rel=\"canonical\" href=\"https:\/\/yupie.app\/ro\/product\/zsirafok-dekor-kep-alairt-alkoto-ismeretlen-eredeti-cim-ismeretlen\/\" \/>\n<meta property=\"og:locale\" content=\"ro_RO\" \/>\n<meta property=\"og:type\" content=\"article\" \/>\n<meta property=\"og:title\" content=\"Zsir\u00e1f dekor plak\u00e1t \u2013 Egzotikus falik\u00e9p lak\u00e1sdekorhoz\" \/>\n<meta property=\"og:description\" content=\"A zsir\u00e1fok dekor k\u00e9p leny\u0171g\u00f6z\u0151 pillanatot \u00f6r\u00f6k\u00edt meg egy zsir\u00e1f any\u00e1r\u00f3l \u00e9s k\u00f6lyk\u00e9r\u0151l, a hatalmas f\u0171sz\u00e1lak k\u00f6z\u00f6tt. A naplemente f\u00e9nye \u00e1thatol a szavann\u00e1n.\" \/>\n<meta property=\"og:url\" content=\"https:\/\/yupie.app\/ro\/product\/zsirafok-dekor-kep-alairt-alkoto-ismeretlen-eredeti-cim-ismeretlen\/\" \/>\n<meta property=\"og:site_name\" content=\"yupie.app\" \/>\n<meta property=\"article:publisher\" content=\"https:\/\/www.facebook.com\/profile.php?id=100089345417295\" \/>\n<meta property=\"article:modified_time\" content=\"2026-02-27T06:21:30+00:00\" \/>\n<meta property=\"og:image\" content=\"https:\/\/yupie.app\/wp-content\/uploads\/2023\/08\/DSC01934-scaled-944x1024.png\" \/>\n\t<meta property=\"og:image:width\" content=\"944\" \/>\n\t<meta property=\"og:image:height\" content=\"1024\" \/>\n\t<meta property=\"og:image:type\" content=\"image\/png\" \/>\n<meta name=\"twitter:card\" content=\"summary_large_image\" \/>\n<meta name=\"twitter:label1\" content=\"Timp estimat pentru citire\" \/>\n\t<meta name=\"twitter:data1\" content=\"1 minut\" \/>\n<script type=\"application\/ld+json\" class=\"yoast-schema-graph\">{\"@context\":\"https:\\\/\\\/schema.org\",\"@graph\":[{\"@type\":\"WebPage\",\"@id\":\"https:\\\/\\\/yupie.app\\\/product\\\/zsirafok-dekor-kep-alairt-alkoto-ismeretlen-eredeti-cim-ismeretlen\\\/\",\"url\":\"https:\\\/\\\/yupie.app\\\/product\\\/zsirafok-dekor-kep-alairt-alkoto-ismeretlen-eredeti-cim-ismeretlen\\\/\",\"name\":\"Zsir\u00e1f dekor plak\u00e1t \u2013 Egzotikus falik\u00e9p lak\u00e1sdekorhoz\",\"isPartOf\":{\"@id\":\"https:\\\/\\\/yupie.app\\\/#website\"},\"primaryImageOfPage\":{\"@id\":\"https:\\\/\\\/yupie.app\\\/product\\\/zsirafok-dekor-kep-alairt-alkoto-ismeretlen-eredeti-cim-ismeretlen\\\/#primaryimage\"},\"image\":{\"@id\":\"https:\\\/\\\/yupie.app\\\/product\\\/zsirafok-dekor-kep-alairt-alkoto-ismeretlen-eredeti-cim-ismeretlen\\\/#primaryimage\"},\"thumbnailUrl\":\"https:\\\/\\\/yupie.app\\\/wp-content\\\/uploads\\\/2023\\\/08\\\/DSC01934-scaled.png\",\"datePublished\":\"2023-08-31T09:25:11+00:00\",\"dateModified\":\"2026-02-27T06:21:30+00:00\",\"description\":\"A zsir\u00e1fok dekor k\u00e9p leny\u0171g\u00f6z\u0151 pillanatot \u00f6r\u00f6k\u00edt meg egy zsir\u00e1f any\u00e1r\u00f3l \u00e9s k\u00f6lyk\u00e9r\u0151l, a hatalmas f\u0171sz\u00e1lak k\u00f6z\u00f6tt. A naplemente f\u00e9nye \u00e1thatol a szavann\u00e1n.\",\"breadcrumb\":{\"@id\":\"https:\\\/\\\/yupie.app\\\/product\\\/zsirafok-dekor-kep-alairt-alkoto-ismeretlen-eredeti-cim-ismeretlen\\\/#breadcrumb\"},\"inLanguage\":\"ro-RO\",\"potentialAction\":[{\"@type\":\"ReadAction\",\"target\":[\"https:\\\/\\\/yupie.app\\\/product\\\/zsirafok-dekor-kep-alairt-alkoto-ismeretlen-eredeti-cim-ismeretlen\\\/\"]}]},{\"@type\":\"ImageObject\",\"inLanguage\":\"ro-RO\",\"@id\":\"https:\\\/\\\/yupie.app\\\/product\\\/zsirafok-dekor-kep-alairt-alkoto-ismeretlen-eredeti-cim-ismeretlen\\\/#primaryimage\",\"url\":\"https:\\\/\\\/yupie.app\\\/wp-content\\\/uploads\\\/2023\\\/08\\\/DSC01934-scaled.png\",\"contentUrl\":\"https:\\\/\\\/yupie.app\\\/wp-content\\\/uploads\\\/2023\\\/08\\\/DSC01934-scaled.png\",\"width\":2359,\"height\":2560,\"caption\":\"Zsir\u00e1fokat \u00e1br\u00e1zol\u00f3 dekor plak\u00e1t, term\u00e9szetk\u00f6zeli \u00e9s egzotikus hangulattal.\"},{\"@type\":\"BreadcrumbList\",\"@id\":\"https:\\\/\\\/yupie.app\\\/product\\\/zsirafok-dekor-kep-alairt-alkoto-ismeretlen-eredeti-cim-ismeretlen\\\/#breadcrumb\",\"itemListElement\":[{\"@type\":\"ListItem\",\"position\":1,\"name\":\"Kezd\u0151lap\",\"item\":\"https:\\\/\\\/yupie.app\\\/\"},{\"@type\":\"ListItem\",\"position\":2,\"name\":\"Katal\u00f3gus\",\"item\":\"https:\\\/\\\/yupie.app\\\/katalogus\\\/\"},{\"@type\":\"ListItem\",\"position\":3,\"name\":\"Zsir\u00e1fok dekor plak\u00e1t \u2013 Al\u00e1\u00edrt nyomtatott falik\u00e9p, egzotikus lak\u00e1sdekor\"}]},{\"@type\":\"WebSite\",\"@id\":\"https:\\\/\\\/yupie.app\\\/#website\",\"url\":\"https:\\\/\\\/yupie.app\\\/\",\"name\":\"yupie.app\",\"description\":\"\",\"publisher\":{\"@id\":\"https:\\\/\\\/yupie.app\\\/#organization\"},\"potentialAction\":[{\"@type\":\"SearchAction\",\"target\":{\"@type\":\"EntryPoint\",\"urlTemplate\":\"https:\\\/\\\/yupie.app\\\/?s={search_term_string}\"},\"query-input\":{\"@type\":\"PropertyValueSpecification\",\"valueRequired\":true,\"valueName\":\"search_term_string\"}}],\"inLanguage\":\"ro-RO\"},{\"@type\":\"Organization\",\"@id\":\"https:\\\/\\\/yupie.app\\\/#organization\",\"name\":\"yupie.app\",\"url\":\"https:\\\/\\\/yupie.app\\\/\",\"logo\":{\"@type\":\"ImageObject\",\"inLanguage\":\"ro-RO\",\"@id\":\"https:\\\/\\\/yupie.app\\\/#\\\/schema\\\/logo\\\/image\\\/\",\"url\":\"https:\\\/\\\/yupie.app\\\/wp-content\\\/uploads\\\/2025\\\/07\\\/cropped-uj-logo.png\",\"contentUrl\":\"https:\\\/\\\/yupie.app\\\/wp-content\\\/uploads\\\/2025\\\/07\\\/cropped-uj-logo.png\",\"width\":500,\"height\":208,\"caption\":\"yupie.app\"},\"image\":{\"@id\":\"https:\\\/\\\/yupie.app\\\/#\\\/schema\\\/logo\\\/image\\\/\"},\"sameAs\":[\"https:\\\/\\\/www.facebook.com\\\/profile.php?id=100089345417295\"]}]}<\/script>\n<!-- \/ Yoast SEO plugin. -->","yoast_head_json":{"title":"Zsir\u00e1f dekor plak\u00e1t \u2013 Egzotikus falik\u00e9p lak\u00e1sdekorhoz","description":"A zsir\u00e1fok dekor k\u00e9p leny\u0171g\u00f6z\u0151 pillanatot \u00f6r\u00f6k\u00edt meg egy zsir\u00e1f any\u00e1r\u00f3l \u00e9s k\u00f6lyk\u00e9r\u0151l, a hatalmas f\u0171sz\u00e1lak k\u00f6z\u00f6tt. A naplemente f\u00e9nye \u00e1thatol a szavann\u00e1n.","robots":{"index":"index","follow":"follow","max-snippet":"max-snippet:-1","max-image-preview":"max-image-preview:large","max-video-preview":"max-video-preview:-1"},"canonical":"https:\/\/yupie.app\/ro\/product\/zsirafok-dekor-kep-alairt-alkoto-ismeretlen-eredeti-cim-ismeretlen\/","og_locale":"ro_RO","og_type":"article","og_title":"Zsir\u00e1f dekor plak\u00e1t \u2013 Egzotikus falik\u00e9p lak\u00e1sdekorhoz","og_description":"A zsir\u00e1fok dekor k\u00e9p leny\u0171g\u00f6z\u0151 pillanatot \u00f6r\u00f6k\u00edt meg egy zsir\u00e1f any\u00e1r\u00f3l \u00e9s k\u00f6lyk\u00e9r\u0151l, a hatalmas f\u0171sz\u00e1lak k\u00f6z\u00f6tt. A naplemente f\u00e9nye \u00e1thatol a szavann\u00e1n.","og_url":"https:\/\/yupie.app\/ro\/product\/zsirafok-dekor-kep-alairt-alkoto-ismeretlen-eredeti-cim-ismeretlen\/","og_site_name":"yupie.app","article_publisher":"https:\/\/www.facebook.com\/profile.php?id=100089345417295","article_modified_time":"2026-02-27T06:21:30+00:00","og_image":[{"width":944,"height":1024,"url":"https:\/\/yupie.app\/wp-content\/uploads\/2023\/08\/DSC01934-scaled-944x1024.png","type":"image\/png"}],"twitter_card":"summary_large_image","twitter_misc":{"Timp estimat pentru citire":"1 minut"},"schema":{"@context":"https:\/\/schema.org","@graph":[{"@type":"WebPage","@id":"https:\/\/yupie.app\/product\/zsirafok-dekor-kep-alairt-alkoto-ismeretlen-eredeti-cim-ismeretlen\/","url":"https:\/\/yupie.app\/product\/zsirafok-dekor-kep-alairt-alkoto-ismeretlen-eredeti-cim-ismeretlen\/","name":"Zsir\u00e1f dekor plak\u00e1t \u2013 Egzotikus falik\u00e9p lak\u00e1sdekorhoz","isPartOf":{"@id":"https:\/\/yupie.app\/#website"},"primaryImageOfPage":{"@id":"https:\/\/yupie.app\/product\/zsirafok-dekor-kep-alairt-alkoto-ismeretlen-eredeti-cim-ismeretlen\/#primaryimage"},"image":{"@id":"https:\/\/yupie.app\/product\/zsirafok-dekor-kep-alairt-alkoto-ismeretlen-eredeti-cim-ismeretlen\/#primaryimage"},"thumbnailUrl":"https:\/\/yupie.app\/wp-content\/uploads\/2023\/08\/DSC01934-scaled.png","datePublished":"2023-08-31T09:25:11+00:00","dateModified":"2026-02-27T06:21:30+00:00","description":"A zsir\u00e1fok dekor k\u00e9p leny\u0171g\u00f6z\u0151 pillanatot \u00f6r\u00f6k\u00edt meg egy zsir\u00e1f any\u00e1r\u00f3l \u00e9s k\u00f6lyk\u00e9r\u0151l, a hatalmas f\u0171sz\u00e1lak k\u00f6z\u00f6tt. A naplemente f\u00e9nye \u00e1thatol a szavann\u00e1n.","breadcrumb":{"@id":"https:\/\/yupie.app\/product\/zsirafok-dekor-kep-alairt-alkoto-ismeretlen-eredeti-cim-ismeretlen\/#breadcrumb"},"inLanguage":"ro-RO","potentialAction":[{"@type":"ReadAction","target":["https:\/\/yupie.app\/product\/zsirafok-dekor-kep-alairt-alkoto-ismeretlen-eredeti-cim-ismeretlen\/"]}]},{"@type":"ImageObject","inLanguage":"ro-RO","@id":"https:\/\/yupie.app\/product\/zsirafok-dekor-kep-alairt-alkoto-ismeretlen-eredeti-cim-ismeretlen\/#primaryimage","url":"https:\/\/yupie.app\/wp-content\/uploads\/2023\/08\/DSC01934-scaled.png","contentUrl":"https:\/\/yupie.app\/wp-content\/uploads\/2023\/08\/DSC01934-scaled.png","width":2359,"height":2560,"caption":"Zsir\u00e1fokat \u00e1br\u00e1zol\u00f3 dekor plak\u00e1t, term\u00e9szetk\u00f6zeli \u00e9s egzotikus hangulattal."},{"@type":"BreadcrumbList","@id":"https:\/\/yupie.app\/product\/zsirafok-dekor-kep-alairt-alkoto-ismeretlen-eredeti-cim-ismeretlen\/#breadcrumb","itemListElement":[{"@type":"ListItem","position":1,"name":"Kezd\u0151lap","item":"https:\/\/yupie.app\/"},{"@type":"ListItem","position":2,"name":"Katal\u00f3gus","item":"https:\/\/yupie.app\/katalogus\/"},{"@type":"ListItem","position":3,"name":"Zsir\u00e1fok dekor plak\u00e1t \u2013 Al\u00e1\u00edrt nyomtatott falik\u00e9p, egzotikus lak\u00e1sdekor"}]},{"@type":"WebSite","@id":"https:\/\/yupie.app\/#website","url":"https:\/\/yupie.app\/","name":"yupie.app","description":"","publisher":{"@id":"https:\/\/yupie.app\/#organization"},"potentialAction":[{"@type":"SearchAction","target":{"@type":"EntryPoint","urlTemplate":"https:\/\/yupie.app\/?s={search_term_string}"},"query-input":{"@type":"PropertyValueSpecification","valueRequired":true,"valueName":"search_term_string"}}],"inLanguage":"ro-RO"},{"@type":"Organization","@id":"https:\/\/yupie.app\/#organization","name":"yupie.app","url":"https:\/\/yupie.app\/","logo":{"@type":"ImageObject","inLanguage":"ro-RO","@id":"https:\/\/yupie.app\/#\/schema\/logo\/image\/","url":"https:\/\/yupie.app\/wp-content\/uploads\/2025\/07\/cropped-uj-logo.png","contentUrl":"https:\/\/yupie.app\/wp-content\/uploads\/2025\/07\/cropped-uj-logo.png","width":500,"height":208,"caption":"yupie.app"},"image":{"@id":"https:\/\/yupie.app\/#\/schema\/logo\/image\/"},"sameAs":["https:\/\/www.facebook.com\/profile.php?id=100089345417295"]}]}},"jetpack_sharing_enabled":true,"_links":{"self":[{"href":"https:\/\/yupie.app\/ro\/wp-json\/wp\/v2\/product\/3137","targetHints":{"allow":["GET"]}}],"collection":[{"href":"https:\/\/yupie.app\/ro\/wp-json\/wp\/v2\/product"}],"about":[{"href":"https:\/\/yupie.app\/ro\/wp-json\/wp\/v2\/types\/product"}],"version-history":[{"count":0,"href":"https:\/\/yupie.app\/ro\/wp-json\/wp\/v2\/product\/3137\/revisions"}],"wp:featuredmedia":[{"embeddable":true,"href":"https:\/\/yupie.app\/ro\/wp-json\/wp\/v2\/media\/3139"}],"wp:attachment":[{"href":"https:\/\/yupie.app\/ro\/wp-json\/wp\/v2\/media?parent=3137"}],"wp:term":[{"taxonomy":"product_brand","embeddable":true,"href":"https:\/\/yupie.app\/ro\/wp-json\/wp\/v2\/product_brand?post=3137"},{"taxonomy":"product_cat","embeddable":true,"href":"https:\/\/yupie.app\/ro\/wp-json\/wp\/v2\/product_cat?post=3137"},{"taxonomy":"product_tag","embeddable":true,"href":"https:\/\/yupie.app\/ro\/wp-json\/wp\/v2\/product_tag?post=3137"}],"curies":[{"name":"wp","href":"https:\/\/api.w.org\/{rel}","templated":true}]}}